{"id":488,"date":"2024-11-06T10:06:08","date_gmt":"2024-11-06T08:06:08","guid":{"rendered":"https:\/\/blogs.uef.fi\/metsatieteet-yritysyhteistyo\/?page_id=488"},"modified":"2025-01-15T16:13:17","modified_gmt":"2025-01-15T14:13:17","slug":"yhteystiedot","status":"publish","type":"page","link":"https:\/\/blogs.uef.fi\/metsatieteet-yritysyhteistyo\/yhteystiedot\/","title":{"rendered":"Yhteystiedot"},"content":{"rendered":"\n<p><\/p>\n\n\n\n<p class=\"has-text-align-center\">Jos yhteisty\u00f6 It\u00e4-Suomen yliopiston mets\u00e4tieteiden osaston kanssa kiinnostaa, otathan meihin rohkeasti yhteytt\u00e4.<\/p>\n\n\n\n<figure class=\"wp-block-image size-large is-resized\"><img loading=\"lazy\" decoding=\"async\" width=\"1024\" height=\"256\" src=\"https:\/\/blogs.uef.fi\/metsatieteet-yritysyhteistyo\/wp-content\/uploads\/sites\/226\/2024\/11\/3-1024x256.png\" alt=\"\" class=\"wp-image-653\" style=\"width:244px;height:auto\" srcset=\"https:\/\/blogs.uef.fi\/metsatieteet-yritysyhteistyo\/wp-content\/uploads\/sites\/226\/2024\/11\/3-1024x256.png 1024w, https:\/\/blogs.uef.fi\/metsatieteet-yritysyhteistyo\/wp-content\/uploads\/sites\/226\/2024\/11\/3-300x75.png 300w, https:\/\/blogs.uef.fi\/metsatieteet-yritysyhteistyo\/wp-content\/uploads\/sites\/226\/2024\/11\/3-768x192.png 768w, https:\/\/blogs.uef.fi\/metsatieteet-yritysyhteistyo\/wp-content\/uploads\/sites\/226\/2024\/11\/3-1536x384.png 1536w, https:\/\/blogs.uef.fi\/metsatieteet-yritysyhteistyo\/wp-content\/uploads\/sites\/226\/2024\/11\/3.png 1584w\" sizes=\"auto, (max-width: 1024px) 100vw, 1024px\" \/><\/figure>\n\n\n\n<h2 class=\"wp-block-heading has-text-align-center\">Ota yhteytt\u00e4<\/h2>\n\n\n\n<div class=\"person-card\">\n    \n                    <a href=\"https:\/\/uefconnect.uef.fi\/jaakko.hekkala\/\" class=\"person-card-link hover-scale-down\">\n                            <div class=\"person-card-item\">\n                    <div class=\"person-card-column-left\">\n                                                    <img decoding=\"async\" class=\"person-card-image\" src=\"https:\/\/blogs.uef.fi\/metsatieteet-yritysyhteistyo\/wp-content\/uploads\/sites\/226\/2024\/11\/275a54e5687d74b659cc11cdc7ef9cf4_profile_file.jpg\" alt=\"Jaakko Hekkala\" \/>\n                                            <\/div>\n\n                    <div class=\"person-card-column-right\">\n                                                <p class=\"person-card-name\">Jaakko Hekkala <\/p>\n                        \n                                                <p class=\"person-card-position\">Hankesuunnittelija<\/p>\n                        \n                                                <p class=\"person-card-organisation\">Yritysyhteisty\u00f6<\/p>\n                        \n                                                <p class=\"person-card-text\">jaakko.hekkala@uef.fi |  050 447 2887<\/p>\n                        \n                                                    <div>\n\t\t\t\t\t\t\t<svg xmlns=\"http:\/\/www.w3.org\/2000\/svg\" height=\"25px\" viewBox=\"0 -960 960 960\" width=\"24px\" ><path fill=\"currentColor\" d=\"M200-120q-33 0-56.5-23.5T120-200v-560q0-33 23.5-56.5T200-840h280v80H200v560h560v-280h80v280q0 33-23.5 56.5T760-120H200Zm188-212-56-56 372-372H560v-80h280v280h-80v-144L388-332Z\"\/><\/svg>\t\t\t\t\t\t\t<\/div>\n                                            <\/div>\n                <\/div>\n                            <\/a>\n                                        <a href=\"https:\/\/uefconnect.uef.fi\/satu.helenius\/\" class=\"person-card-link hover-scale-down\">\n                            <div class=\"person-card-item\">\n                    <div class=\"person-card-column-left\">\n                                                    <img decoding=\"async\" class=\"person-card-image\" src=\"https:\/\/blogs.uef.fi\/metsatieteet-yritysyhteistyo\/wp-content\/uploads\/sites\/226\/2025\/01\/Satu-Helenius_Picture.jpg\" alt=\"Satu Helenius\" \/>\n                                            <\/div>\n\n                    <div class=\"person-card-column-right\">\n                                                <p class=\"person-card-name\">Satu Helenius<\/p>\n                        \n                                                <p class=\"person-card-position\">Asiakkuusp\u00e4\u00e4llikk\u00f6<\/p>\n                        \n                                                <p class=\"person-card-organisation\">Yritysyhteisty\u00f6, Kv-yhteisty\u00f6<\/p>\n                        \n                                                <p class=\"person-card-text\">satu.helenius@uef.fi | 050 408 4280<\/p>\n                        \n                                                    <div>\n\t\t\t\t\t\t\t<svg xmlns=\"http:\/\/www.w3.org\/2000\/svg\" height=\"25px\" viewBox=\"0 -960 960 960\" width=\"24px\" ><path fill=\"currentColor\" d=\"M200-120q-33 0-56.5-23.5T120-200v-560q0-33 23.5-56.5T200-840h280v80H200v560h560v-280h80v280q0 33-23.5 56.5T760-120H200Zm188-212-56-56 372-372H560v-80h280v280h-80v-144L388-332Z\"\/><\/svg>\t\t\t\t\t\t\t<\/div>\n                                            <\/div>\n                <\/div>\n                            <\/a>\n                            <\/div>\n","protected":false},"excerpt":{"rendered":"<p>Jos yhteisty\u00f6 It\u00e4-Suomen yliopiston mets\u00e4tieteiden osaston kanssa kiinnostaa, otathan meihin rohkeasti yhteytt\u00e4. Ota yhteytt\u00e4<\/p>\n","protected":false},"author":717,"featured_media":0,"parent":0,"menu_order":0,"comment_status":"closed","ping_status":"closed","template":"","meta":{"_acf_changed":false,"footnotes":""},"class_list":["post-488","page","type-page","status-publish","hentry"],"acf":[],"yoast_head":"<!-- This site is optimized with the Yoast SEO plugin v27.1.1 - https:\/\/yoast.com\/product\/yoast-seo-wordpress\/ -->\n<title>Yhteystiedot - UEF - Mets\u00e4tieteet yritysyhteisty\u00f6<\/title>\n<meta name=\"robots\" content=\"index, follow, max-snippet:-1, max-image-preview:large, max-video-preview:-1\" \/>\n<link rel=\"canonical\" href=\"https:\/\/blogs.uef.fi\/metsatieteet-yritysyhteistyo\/yhteystiedot\/\" \/>\n<meta property=\"og:locale\" content=\"fi_FI\" \/>\n<meta property=\"og:type\" content=\"article\" \/>\n<meta property=\"og:title\" content=\"Yhteystiedot - UEF - Mets\u00e4tieteet yritysyhteisty\u00f6\" \/>\n<meta property=\"og:description\" content=\"Jos yhteisty\u00f6 It\u00e4-Suomen yliopiston mets\u00e4tieteiden osaston kanssa kiinnostaa, otathan meihin rohkeasti yhteytt\u00e4. Ota yhteytt\u00e4\" \/>\n<meta property=\"og:url\" content=\"https:\/\/blogs.uef.fi\/metsatieteet-yritysyhteistyo\/yhteystiedot\/\" \/>\n<meta property=\"og:site_name\" content=\"UEF - Mets\u00e4tieteet yritysyhteisty\u00f6\" \/>\n<meta property=\"article:modified_time\" content=\"2025-01-15T14:13:17+00:00\" \/>\n<meta property=\"og:image\" content=\"https:\/\/blogs.uef.fi\/metsatieteet-yritysyhteistyo\/wp-content\/uploads\/sites\/226\/2024\/11\/3-1024x256.png\" \/>\n<meta name=\"twitter:card\" content=\"summary_large_image\" \/>\n<meta name=\"twitter:label1\" content=\"Arvioitu lukuaika\" \/>\n\t<meta name=\"twitter:data1\" content=\"1 minuutti\" \/>\n<script type=\"application\/ld+json\" class=\"yoast-schema-graph\">{\"@context\":\"https:\/\/schema.org\",\"@graph\":[{\"@type\":\"WebPage\",\"@id\":\"https:\/\/blogs.uef.fi\/metsatieteet-yritysyhteistyo\/yhteystiedot\/\",\"url\":\"https:\/\/blogs.uef.fi\/metsatieteet-yritysyhteistyo\/yhteystiedot\/\",\"name\":\"Yhteystiedot - UEF - Mets\u00e4tieteet yritysyhteisty\u00f6\",\"isPartOf\":{\"@id\":\"https:\/\/blogs.uef.fi\/metsatieteet-yritysyhteistyo\/#website\"},\"primaryImageOfPage\":{\"@id\":\"https:\/\/blogs.uef.fi\/metsatieteet-yritysyhteistyo\/yhteystiedot\/#primaryimage\"},\"image\":{\"@id\":\"https:\/\/blogs.uef.fi\/metsatieteet-yritysyhteistyo\/yhteystiedot\/#primaryimage\"},\"thumbnailUrl\":\"https:\/\/blogs.uef.fi\/metsatieteet-yritysyhteistyo\/wp-content\/uploads\/sites\/226\/2024\/11\/3-1024x256.png\",\"datePublished\":\"2024-11-06T08:06:08+00:00\",\"dateModified\":\"2025-01-15T14:13:17+00:00\",\"breadcrumb\":{\"@id\":\"https:\/\/blogs.uef.fi\/metsatieteet-yritysyhteistyo\/yhteystiedot\/#breadcrumb\"},\"inLanguage\":\"fi\",\"potentialAction\":[{\"@type\":\"ReadAction\",\"target\":[\"https:\/\/blogs.uef.fi\/metsatieteet-yritysyhteistyo\/yhteystiedot\/\"]}]},{\"@type\":\"ImageObject\",\"inLanguage\":\"fi\",\"@id\":\"https:\/\/blogs.uef.fi\/metsatieteet-yritysyhteistyo\/yhteystiedot\/#primaryimage\",\"url\":\"https:\/\/blogs.uef.fi\/metsatieteet-yritysyhteistyo\/wp-content\/uploads\/sites\/226\/2024\/11\/3.png\",\"contentUrl\":\"https:\/\/blogs.uef.fi\/metsatieteet-yritysyhteistyo\/wp-content\/uploads\/sites\/226\/2024\/11\/3.png\",\"width\":1584,\"height\":396},{\"@type\":\"BreadcrumbList\",\"@id\":\"https:\/\/blogs.uef.fi\/metsatieteet-yritysyhteistyo\/yhteystiedot\/#breadcrumb\",\"itemListElement\":[{\"@type\":\"ListItem\",\"position\":1,\"name\":\"Home\",\"item\":\"https:\/\/blogs.uef.fi\/metsatieteet-yritysyhteistyo\/\"},{\"@type\":\"ListItem\",\"position\":2,\"name\":\"Yhteystiedot\"}]},{\"@type\":\"WebSite\",\"@id\":\"https:\/\/blogs.uef.fi\/metsatieteet-yritysyhteistyo\/#website\",\"url\":\"https:\/\/blogs.uef.fi\/metsatieteet-yritysyhteistyo\/\",\"name\":\"UEF - Mets\u00e4tieteet yritysyhteisty\u00f6\",\"description\":\"\",\"potentialAction\":[{\"@type\":\"SearchAction\",\"target\":{\"@type\":\"EntryPoint\",\"urlTemplate\":\"https:\/\/blogs.uef.fi\/metsatieteet-yritysyhteistyo\/?s={search_term_string}\"},\"query-input\":{\"@type\":\"PropertyValueSpecification\",\"valueRequired\":true,\"valueName\":\"search_term_string\"}}],\"inLanguage\":\"fi\"}]}<\/script>\n<!-- \/ Yoast SEO plugin. -->","yoast_head_json":{"title":"Yhteystiedot - UEF - Mets\u00e4tieteet yritysyhteisty\u00f6","robots":{"index":"index","follow":"follow","max-snippet":"max-snippet:-1","max-image-preview":"max-image-preview:large","max-video-preview":"max-video-preview:-1"},"canonical":"https:\/\/blogs.uef.fi\/metsatieteet-yritysyhteistyo\/yhteystiedot\/","og_locale":"fi_FI","og_type":"article","og_title":"Yhteystiedot - UEF - Mets\u00e4tieteet yritysyhteisty\u00f6","og_description":"Jos yhteisty\u00f6 It\u00e4-Suomen yliopiston mets\u00e4tieteiden osaston kanssa kiinnostaa, otathan meihin rohkeasti yhteytt\u00e4. Ota yhteytt\u00e4","og_url":"https:\/\/blogs.uef.fi\/metsatieteet-yritysyhteistyo\/yhteystiedot\/","og_site_name":"UEF - Mets\u00e4tieteet yritysyhteisty\u00f6","article_modified_time":"2025-01-15T14:13:17+00:00","og_image":[{"url":"https:\/\/blogs.uef.fi\/metsatieteet-yritysyhteistyo\/wp-content\/uploads\/sites\/226\/2024\/11\/3-1024x256.png","type":"","width":"","height":""}],"twitter_card":"summary_large_image","twitter_misc":{"Arvioitu lukuaika":"1 minuutti"},"schema":{"@context":"https:\/\/schema.org","@graph":[{"@type":"WebPage","@id":"https:\/\/blogs.uef.fi\/metsatieteet-yritysyhteistyo\/yhteystiedot\/","url":"https:\/\/blogs.uef.fi\/metsatieteet-yritysyhteistyo\/yhteystiedot\/","name":"Yhteystiedot - UEF - Mets\u00e4tieteet yritysyhteisty\u00f6","isPartOf":{"@id":"https:\/\/blogs.uef.fi\/metsatieteet-yritysyhteistyo\/#website"},"primaryImageOfPage":{"@id":"https:\/\/blogs.uef.fi\/metsatieteet-yritysyhteistyo\/yhteystiedot\/#primaryimage"},"image":{"@id":"https:\/\/blogs.uef.fi\/metsatieteet-yritysyhteistyo\/yhteystiedot\/#primaryimage"},"thumbnailUrl":"https:\/\/blogs.uef.fi\/metsatieteet-yritysyhteistyo\/wp-content\/uploads\/sites\/226\/2024\/11\/3-1024x256.png","datePublished":"2024-11-06T08:06:08+00:00","dateModified":"2025-01-15T14:13:17+00:00","breadcrumb":{"@id":"https:\/\/blogs.uef.fi\/metsatieteet-yritysyhteistyo\/yhteystiedot\/#breadcrumb"},"inLanguage":"fi","potentialAction":[{"@type":"ReadAction","target":["https:\/\/blogs.uef.fi\/metsatieteet-yritysyhteistyo\/yhteystiedot\/"]}]},{"@type":"ImageObject","inLanguage":"fi","@id":"https:\/\/blogs.uef.fi\/metsatieteet-yritysyhteistyo\/yhteystiedot\/#primaryimage","url":"https:\/\/blogs.uef.fi\/metsatieteet-yritysyhteistyo\/wp-content\/uploads\/sites\/226\/2024\/11\/3.png","contentUrl":"https:\/\/blogs.uef.fi\/metsatieteet-yritysyhteistyo\/wp-content\/uploads\/sites\/226\/2024\/11\/3.png","width":1584,"height":396},{"@type":"BreadcrumbList","@id":"https:\/\/blogs.uef.fi\/metsatieteet-yritysyhteistyo\/yhteystiedot\/#breadcrumb","itemListElement":[{"@type":"ListItem","position":1,"name":"Home","item":"https:\/\/blogs.uef.fi\/metsatieteet-yritysyhteistyo\/"},{"@type":"ListItem","position":2,"name":"Yhteystiedot"}]},{"@type":"WebSite","@id":"https:\/\/blogs.uef.fi\/metsatieteet-yritysyhteistyo\/#website","url":"https:\/\/blogs.uef.fi\/metsatieteet-yritysyhteistyo\/","name":"UEF - Mets\u00e4tieteet yritysyhteisty\u00f6","description":"","potentialAction":[{"@type":"SearchAction","target":{"@type":"EntryPoint","urlTemplate":"https:\/\/blogs.uef.fi\/metsatieteet-yritysyhteistyo\/?s={search_term_string}"},"query-input":{"@type":"PropertyValueSpecification","valueRequired":true,"valueName":"search_term_string"}}],"inLanguage":"fi"}]}},"_links":{"self":[{"href":"https:\/\/blogs.uef.fi\/metsatieteet-yritysyhteistyo\/wp-json\/wp\/v2\/pages\/488","targetHints":{"allow":["GET"]}}],"collection":[{"href":"https:\/\/blogs.uef.fi\/metsatieteet-yritysyhteistyo\/wp-json\/wp\/v2\/pages"}],"about":[{"href":"https:\/\/blogs.uef.fi\/metsatieteet-yritysyhteistyo\/wp-json\/wp\/v2\/types\/page"}],"author":[{"embeddable":true,"href":"https:\/\/blogs.uef.fi\/metsatieteet-yritysyhteistyo\/wp-json\/wp\/v2\/users\/717"}],"replies":[{"embeddable":true,"href":"https:\/\/blogs.uef.fi\/metsatieteet-yritysyhteistyo\/wp-json\/wp\/v2\/comments?post=488"}],"version-history":[{"count":1,"href":"https:\/\/blogs.uef.fi\/metsatieteet-yritysyhteistyo\/wp-json\/wp\/v2\/pages\/488\/revisions"}],"predecessor-version":[{"id":2489,"href":"https:\/\/blogs.uef.fi\/metsatieteet-yritysyhteistyo\/wp-json\/wp\/v2\/pages\/488\/revisions\/2489"}],"wp:attachment":[{"href":"https:\/\/blogs.uef.fi\/metsatieteet-yritysyhteistyo\/wp-json\/wp\/v2\/media?parent=488"}],"curies":[{"name":"wp","href":"https:\/\/api.w.org\/{rel}","templated":true}]}}