{"id":361,"date":"2024-11-05T14:19:17","date_gmt":"2024-11-05T12:19:17","guid":{"rendered":"https:\/\/blogs.uef.fi\/metsatieteet-yritysyhteistyo\/?page_id=361"},"modified":"2024-11-27T09:43:43","modified_gmt":"2024-11-27T07:43:43","slug":"laboratoriopalvelut","status":"publish","type":"page","link":"https:\/\/blogs.uef.fi\/metsatieteet-yritysyhteistyo\/laboratoriopalvelut\/","title":{"rendered":"Laboratoriopalvelut"},"content":{"rendered":"\n<figure class=\"wp-block-image size-full\"><img loading=\"lazy\" decoding=\"async\" width=\"920\" height=\"485\" src=\"https:\/\/blogs.uef.fi\/metsatieteet-yritysyhteistyo\/wp-content\/uploads\/sites\/226\/2024\/11\/Lumet_metsa_labra_3540.jpg\" alt=\"\" class=\"wp-image-821\" srcset=\"https:\/\/blogs.uef.fi\/metsatieteet-yritysyhteistyo\/wp-content\/uploads\/sites\/226\/2024\/11\/Lumet_metsa_labra_3540.jpg 920w, https:\/\/blogs.uef.fi\/metsatieteet-yritysyhteistyo\/wp-content\/uploads\/sites\/226\/2024\/11\/Lumet_metsa_labra_3540-300x158.jpg 300w, https:\/\/blogs.uef.fi\/metsatieteet-yritysyhteistyo\/wp-content\/uploads\/sites\/226\/2024\/11\/Lumet_metsa_labra_3540-768x405.jpg 768w\" sizes=\"auto, (max-width: 920px) 100vw, 920px\" \/><\/figure>\n\n\n\n<p>Mets\u00e4tieteiden osasto tarjoaa monipuolisia laboratoriopalveluja ulkopuolisille toimijoille. Laboratorio sijaitsee Joensuun kampusalueella. Laboratoriossa suoritetaan laaja-alaisesti kemiallisia, fysikaalisia ja fysiologisia analyysej\u00e4 ja mittauksia, jotka liittyv\u00e4t maaper\u00e4\u00e4n, kasveihin ja puuainekseen. Tilojen yhteydess\u00e4 toimii my\u00f6s osaston opetuslaboratorio.<br>Laboratoriossa voidaan tehd\u00e4 tilauksesta analyysej\u00e4 ja mittauksia, jotka liittyv\u00e4t muun muassa <strong>mets\u00e4n ravinnekiertoon, puiden ravinnetalouteen, maan biologisiin, kemiallisiin ja fysikaalisiin ominaisuuksiin, puiden sis\u00e4lt\u00e4miin orgaanisiin yhdisteisiin, puuaineksen ominaisuuksiin sek\u00e4 puiden pakkaskest\u00e4vyyteen. <\/strong>Yliopiston laboratorio tarjoaa erinomaiset puitteet sek\u00e4 tutkimusty\u00f6h\u00f6n ett\u00e4 erilaisiin analyyseihin ulkopuolisille asiakkaille.<\/p>\n\n\n\n<p><\/p>\n\n\n\n<p class=\"has-text-align-center\">Lis\u00e4tietoa laboratoriopalveluista l\u00f6yd\u00e4t t\u00e4lt\u00e4 <a href=\"https:\/\/www.uef.fi\/fi\/yksikko\/metsatieteiden-osasto\/laboratorio\">sivulta <\/a><\/p>\n\n\n\n<p class=\"has-text-align-center\"><a href=\"https:\/\/link.webropolsurveys.com\/S\/B53585BD224F655E\">LABORATORIOPALVELUIDEN TILAUSLOMAKE<\/a><\/p>\n\n\n\n<p class=\"has-text-align-center\"><\/p>\n","protected":false},"excerpt":{"rendered":"<p>Mets\u00e4tieteiden osasto tarjoaa monipuolisia laboratoriopalveluja ulkopuolisille toimijoille. Laboratorio sijaitsee Joensuun kampusalueella. Laboratoriossa suoritetaan laaja-alaisesti kemiallisia, fysikaalisia ja fysiologisia analyysej\u00e4 ja mittauksia, jotka liittyv\u00e4t maaper\u00e4\u00e4n, kasveihin ja puuainekseen. Tilojen yhteydess\u00e4 toimii my\u00f6s osaston opetuslaboratorio.Laboratoriossa voidaan tehd\u00e4 tilauksesta analyysej\u00e4 ja mittauksia, jotka liittyv\u00e4t muun muassa mets\u00e4n ravinnekiertoon, puiden ravinnetalouteen, maan biologisiin, kemiallisiin ja fysikaalisiin ominaisuuksiin, puiden sis\u00e4lt\u00e4miin [&hellip;]<\/p>\n","protected":false},"author":717,"featured_media":0,"parent":0,"menu_order":0,"comment_status":"closed","ping_status":"closed","template":"","meta":{"_acf_changed":false,"footnotes":""},"class_list":["post-361","page","type-page","status-publish","hentry"],"acf":[],"yoast_head":"<!-- This site is optimized with the Yoast SEO plugin v27.1.1 - https:\/\/yoast.com\/product\/yoast-seo-wordpress\/ -->\n<title>Laboratoriopalvelut - UEF - Mets\u00e4tieteet yritysyhteisty\u00f6<\/title>\n<meta name=\"robots\" content=\"index, follow, max-snippet:-1, max-image-preview:large, max-video-preview:-1\" \/>\n<link rel=\"canonical\" href=\"https:\/\/blogs.uef.fi\/metsatieteet-yritysyhteistyo\/laboratoriopalvelut\/\" \/>\n<meta property=\"og:locale\" content=\"fi_FI\" \/>\n<meta property=\"og:type\" content=\"article\" \/>\n<meta property=\"og:title\" content=\"Laboratoriopalvelut - UEF - Mets\u00e4tieteet yritysyhteisty\u00f6\" \/>\n<meta property=\"og:description\" content=\"Mets\u00e4tieteiden osasto tarjoaa monipuolisia laboratoriopalveluja ulkopuolisille toimijoille. Laboratorio sijaitsee Joensuun kampusalueella. Laboratoriossa suoritetaan laaja-alaisesti kemiallisia, fysikaalisia ja fysiologisia analyysej\u00e4 ja mittauksia, jotka liittyv\u00e4t maaper\u00e4\u00e4n, kasveihin ja puuainekseen. Tilojen yhteydess\u00e4 toimii my\u00f6s osaston opetuslaboratorio.Laboratoriossa voidaan tehd\u00e4 tilauksesta analyysej\u00e4 ja mittauksia, jotka liittyv\u00e4t muun muassa mets\u00e4n ravinnekiertoon, puiden ravinnetalouteen, maan biologisiin, kemiallisiin ja fysikaalisiin ominaisuuksiin, puiden sis\u00e4lt\u00e4miin [&hellip;]\" \/>\n<meta property=\"og:url\" content=\"https:\/\/blogs.uef.fi\/metsatieteet-yritysyhteistyo\/laboratoriopalvelut\/\" \/>\n<meta property=\"og:site_name\" content=\"UEF - Mets\u00e4tieteet yritysyhteisty\u00f6\" \/>\n<meta property=\"article:modified_time\" content=\"2024-11-27T07:43:43+00:00\" \/>\n<meta property=\"og:image\" content=\"https:\/\/blogs.uef.fi\/metsatieteet-yritysyhteistyo\/wp-content\/uploads\/sites\/226\/2024\/11\/Lumet_metsa_labra_3540.jpg\" \/>\n<meta name=\"twitter:card\" content=\"summary_large_image\" \/>\n<meta name=\"twitter:label1\" content=\"Arvioitu lukuaika\" \/>\n\t<meta name=\"twitter:data1\" content=\"1 minuutti\" \/>\n<script type=\"application\/ld+json\" class=\"yoast-schema-graph\">{\"@context\":\"https:\/\/schema.org\",\"@graph\":[{\"@type\":\"WebPage\",\"@id\":\"https:\/\/blogs.uef.fi\/metsatieteet-yritysyhteistyo\/laboratoriopalvelut\/\",\"url\":\"https:\/\/blogs.uef.fi\/metsatieteet-yritysyhteistyo\/laboratoriopalvelut\/\",\"name\":\"Laboratoriopalvelut - UEF - Mets\u00e4tieteet yritysyhteisty\u00f6\",\"isPartOf\":{\"@id\":\"https:\/\/blogs.uef.fi\/metsatieteet-yritysyhteistyo\/#website\"},\"primaryImageOfPage\":{\"@id\":\"https:\/\/blogs.uef.fi\/metsatieteet-yritysyhteistyo\/laboratoriopalvelut\/#primaryimage\"},\"image\":{\"@id\":\"https:\/\/blogs.uef.fi\/metsatieteet-yritysyhteistyo\/laboratoriopalvelut\/#primaryimage\"},\"thumbnailUrl\":\"https:\/\/blogs.uef.fi\/metsatieteet-yritysyhteistyo\/wp-content\/uploads\/sites\/226\/2024\/11\/Lumet_metsa_labra_3540.jpg\",\"datePublished\":\"2024-11-05T12:19:17+00:00\",\"dateModified\":\"2024-11-27T07:43:43+00:00\",\"breadcrumb\":{\"@id\":\"https:\/\/blogs.uef.fi\/metsatieteet-yritysyhteistyo\/laboratoriopalvelut\/#breadcrumb\"},\"inLanguage\":\"fi\",\"potentialAction\":[{\"@type\":\"ReadAction\",\"target\":[\"https:\/\/blogs.uef.fi\/metsatieteet-yritysyhteistyo\/laboratoriopalvelut\/\"]}]},{\"@type\":\"ImageObject\",\"inLanguage\":\"fi\",\"@id\":\"https:\/\/blogs.uef.fi\/metsatieteet-yritysyhteistyo\/laboratoriopalvelut\/#primaryimage\",\"url\":\"https:\/\/blogs.uef.fi\/metsatieteet-yritysyhteistyo\/wp-content\/uploads\/sites\/226\/2024\/11\/Lumet_metsa_labra_3540.jpg\",\"contentUrl\":\"https:\/\/blogs.uef.fi\/metsatieteet-yritysyhteistyo\/wp-content\/uploads\/sites\/226\/2024\/11\/Lumet_metsa_labra_3540.jpg\",\"width\":920,\"height\":485},{\"@type\":\"BreadcrumbList\",\"@id\":\"https:\/\/blogs.uef.fi\/metsatieteet-yritysyhteistyo\/laboratoriopalvelut\/#breadcrumb\",\"itemListElement\":[{\"@type\":\"ListItem\",\"position\":1,\"name\":\"Home\",\"item\":\"https:\/\/blogs.uef.fi\/metsatieteet-yritysyhteistyo\/\"},{\"@type\":\"ListItem\",\"position\":2,\"name\":\"Laboratoriopalvelut\"}]},{\"@type\":\"WebSite\",\"@id\":\"https:\/\/blogs.uef.fi\/metsatieteet-yritysyhteistyo\/#website\",\"url\":\"https:\/\/blogs.uef.fi\/metsatieteet-yritysyhteistyo\/\",\"name\":\"UEF - Mets\u00e4tieteet yritysyhteisty\u00f6\",\"description\":\"\",\"potentialAction\":[{\"@type\":\"SearchAction\",\"target\":{\"@type\":\"EntryPoint\",\"urlTemplate\":\"https:\/\/blogs.uef.fi\/metsatieteet-yritysyhteistyo\/?s={search_term_string}\"},\"query-input\":{\"@type\":\"PropertyValueSpecification\",\"valueRequired\":true,\"valueName\":\"search_term_string\"}}],\"inLanguage\":\"fi\"}]}<\/script>\n<!-- \/ Yoast SEO plugin. -->","yoast_head_json":{"title":"Laboratoriopalvelut - UEF - Mets\u00e4tieteet yritysyhteisty\u00f6","robots":{"index":"index","follow":"follow","max-snippet":"max-snippet:-1","max-image-preview":"max-image-preview:large","max-video-preview":"max-video-preview:-1"},"canonical":"https:\/\/blogs.uef.fi\/metsatieteet-yritysyhteistyo\/laboratoriopalvelut\/","og_locale":"fi_FI","og_type":"article","og_title":"Laboratoriopalvelut - UEF - Mets\u00e4tieteet yritysyhteisty\u00f6","og_description":"Mets\u00e4tieteiden osasto tarjoaa monipuolisia laboratoriopalveluja ulkopuolisille toimijoille. Laboratorio sijaitsee Joensuun kampusalueella. Laboratoriossa suoritetaan laaja-alaisesti kemiallisia, fysikaalisia ja fysiologisia analyysej\u00e4 ja mittauksia, jotka liittyv\u00e4t maaper\u00e4\u00e4n, kasveihin ja puuainekseen. Tilojen yhteydess\u00e4 toimii my\u00f6s osaston opetuslaboratorio.Laboratoriossa voidaan tehd\u00e4 tilauksesta analyysej\u00e4 ja mittauksia, jotka liittyv\u00e4t muun muassa mets\u00e4n ravinnekiertoon, puiden ravinnetalouteen, maan biologisiin, kemiallisiin ja fysikaalisiin ominaisuuksiin, puiden sis\u00e4lt\u00e4miin [&hellip;]","og_url":"https:\/\/blogs.uef.fi\/metsatieteet-yritysyhteistyo\/laboratoriopalvelut\/","og_site_name":"UEF - Mets\u00e4tieteet yritysyhteisty\u00f6","article_modified_time":"2024-11-27T07:43:43+00:00","og_image":[{"url":"https:\/\/blogs.uef.fi\/metsatieteet-yritysyhteistyo\/wp-content\/uploads\/sites\/226\/2024\/11\/Lumet_metsa_labra_3540.jpg","type":"","width":"","height":""}],"twitter_card":"summary_large_image","twitter_misc":{"Arvioitu lukuaika":"1 minuutti"},"schema":{"@context":"https:\/\/schema.org","@graph":[{"@type":"WebPage","@id":"https:\/\/blogs.uef.fi\/metsatieteet-yritysyhteistyo\/laboratoriopalvelut\/","url":"https:\/\/blogs.uef.fi\/metsatieteet-yritysyhteistyo\/laboratoriopalvelut\/","name":"Laboratoriopalvelut - UEF - Mets\u00e4tieteet yritysyhteisty\u00f6","isPartOf":{"@id":"https:\/\/blogs.uef.fi\/metsatieteet-yritysyhteistyo\/#website"},"primaryImageOfPage":{"@id":"https:\/\/blogs.uef.fi\/metsatieteet-yritysyhteistyo\/laboratoriopalvelut\/#primaryimage"},"image":{"@id":"https:\/\/blogs.uef.fi\/metsatieteet-yritysyhteistyo\/laboratoriopalvelut\/#primaryimage"},"thumbnailUrl":"https:\/\/blogs.uef.fi\/metsatieteet-yritysyhteistyo\/wp-content\/uploads\/sites\/226\/2024\/11\/Lumet_metsa_labra_3540.jpg","datePublished":"2024-11-05T12:19:17+00:00","dateModified":"2024-11-27T07:43:43+00:00","breadcrumb":{"@id":"https:\/\/blogs.uef.fi\/metsatieteet-yritysyhteistyo\/laboratoriopalvelut\/#breadcrumb"},"inLanguage":"fi","potentialAction":[{"@type":"ReadAction","target":["https:\/\/blogs.uef.fi\/metsatieteet-yritysyhteistyo\/laboratoriopalvelut\/"]}]},{"@type":"ImageObject","inLanguage":"fi","@id":"https:\/\/blogs.uef.fi\/metsatieteet-yritysyhteistyo\/laboratoriopalvelut\/#primaryimage","url":"https:\/\/blogs.uef.fi\/metsatieteet-yritysyhteistyo\/wp-content\/uploads\/sites\/226\/2024\/11\/Lumet_metsa_labra_3540.jpg","contentUrl":"https:\/\/blogs.uef.fi\/metsatieteet-yritysyhteistyo\/wp-content\/uploads\/sites\/226\/2024\/11\/Lumet_metsa_labra_3540.jpg","width":920,"height":485},{"@type":"BreadcrumbList","@id":"https:\/\/blogs.uef.fi\/metsatieteet-yritysyhteistyo\/laboratoriopalvelut\/#breadcrumb","itemListElement":[{"@type":"ListItem","position":1,"name":"Home","item":"https:\/\/blogs.uef.fi\/metsatieteet-yritysyhteistyo\/"},{"@type":"ListItem","position":2,"name":"Laboratoriopalvelut"}]},{"@type":"WebSite","@id":"https:\/\/blogs.uef.fi\/metsatieteet-yritysyhteistyo\/#website","url":"https:\/\/blogs.uef.fi\/metsatieteet-yritysyhteistyo\/","name":"UEF - Mets\u00e4tieteet yritysyhteisty\u00f6","description":"","potentialAction":[{"@type":"SearchAction","target":{"@type":"EntryPoint","urlTemplate":"https:\/\/blogs.uef.fi\/metsatieteet-yritysyhteistyo\/?s={search_term_string}"},"query-input":{"@type":"PropertyValueSpecification","valueRequired":true,"valueName":"search_term_string"}}],"inLanguage":"fi"}]}},"_links":{"self":[{"href":"https:\/\/blogs.uef.fi\/metsatieteet-yritysyhteistyo\/wp-json\/wp\/v2\/pages\/361","targetHints":{"allow":["GET"]}}],"collection":[{"href":"https:\/\/blogs.uef.fi\/metsatieteet-yritysyhteistyo\/wp-json\/wp\/v2\/pages"}],"about":[{"href":"https:\/\/blogs.uef.fi\/metsatieteet-yritysyhteistyo\/wp-json\/wp\/v2\/types\/page"}],"author":[{"embeddable":true,"href":"https:\/\/blogs.uef.fi\/metsatieteet-yritysyhteistyo\/wp-json\/wp\/v2\/users\/717"}],"replies":[{"embeddable":true,"href":"https:\/\/blogs.uef.fi\/metsatieteet-yritysyhteistyo\/wp-json\/wp\/v2\/comments?post=361"}],"version-history":[{"count":2,"href":"https:\/\/blogs.uef.fi\/metsatieteet-yritysyhteistyo\/wp-json\/wp\/v2\/pages\/361\/revisions"}],"predecessor-version":[{"id":1334,"href":"https:\/\/blogs.uef.fi\/metsatieteet-yritysyhteistyo\/wp-json\/wp\/v2\/pages\/361\/revisions\/1334"}],"wp:attachment":[{"href":"https:\/\/blogs.uef.fi\/metsatieteet-yritysyhteistyo\/wp-json\/wp\/v2\/media?parent=361"}],"curies":[{"name":"wp","href":"https:\/\/api.w.org\/{rel}","templated":true}]}}