{"id":346,"date":"2024-11-05T14:18:20","date_gmt":"2024-11-05T12:18:20","guid":{"rendered":"https:\/\/blogs.uef.fi\/metsatieteet-yritysyhteistyo\/?page_id=346"},"modified":"2025-02-06T16:03:03","modified_gmt":"2025-02-06T14:03:03","slug":"vierailut-uef-metsatieteiden-osasto","status":"publish","type":"page","link":"https:\/\/blogs.uef.fi\/metsatieteet-yritysyhteistyo\/vierailut-uef-metsatieteiden-osasto\/","title":{"rendered":"Opetusyhteisty\u00f6 ja vierailut"},"content":{"rendered":"\n<figure class=\"wp-block-image size-large\"><img loading=\"lazy\" decoding=\"async\" width=\"1024\" height=\"707\" src=\"https:\/\/blogs.uef.fi\/metsatieteet-yritysyhteistyo\/wp-content\/uploads\/sites\/226\/2024\/11\/Nayttokuva-2024-11-12-kello-13.49.20-1024x707.png\" alt=\"\" class=\"wp-image-851\" srcset=\"https:\/\/blogs.uef.fi\/metsatieteet-yritysyhteistyo\/wp-content\/uploads\/sites\/226\/2024\/11\/Nayttokuva-2024-11-12-kello-13.49.20-1024x707.png 1024w, https:\/\/blogs.uef.fi\/metsatieteet-yritysyhteistyo\/wp-content\/uploads\/sites\/226\/2024\/11\/Nayttokuva-2024-11-12-kello-13.49.20-300x207.png 300w, https:\/\/blogs.uef.fi\/metsatieteet-yritysyhteistyo\/wp-content\/uploads\/sites\/226\/2024\/11\/Nayttokuva-2024-11-12-kello-13.49.20-768x530.png 768w, https:\/\/blogs.uef.fi\/metsatieteet-yritysyhteistyo\/wp-content\/uploads\/sites\/226\/2024\/11\/Nayttokuva-2024-11-12-kello-13.49.20-1536x1060.png 1536w, https:\/\/blogs.uef.fi\/metsatieteet-yritysyhteistyo\/wp-content\/uploads\/sites\/226\/2024\/11\/Nayttokuva-2024-11-12-kello-13.49.20.png 1852w\" sizes=\"auto, (max-width: 1024px) 100vw, 1024px\" \/><\/figure>\n\n\n\n<p class=\"has-text-align-center\">It\u00e4-Suomen yliopiston mets\u00e4tieteiden osasto tekee tiivist\u00e4 yhteisty\u00f6t\u00e4 mets\u00e4alan eri organisaatioiden kanssa ja on tuttu vierailija monissa organisaatioissa. N\u00e4m\u00e4 <strong>vierailut tarjoavat opiskelijoille ainutlaatuisen mahdollisuuden tutustua alan toimijoihin sek\u00e4 heid\u00e4n tarjoamiinsa ty\u00f6- ja harjoittelumahdollisuuksiin. <\/strong>Yrityksille vierailut antavat n\u00e4kyvyytt\u00e4 tulevien alan ammattilaisten keskuudessa.<\/p>\n\n\n\n<p class=\"has-text-align-center\">Yliopistolla k\u00e4y my\u00f6s paljon <strong>vierailevia luennoitsijoita<\/strong>, jotka ovat oman alansa erikoisasiantuntijoita. Viime vuosina vierailijoita on ollut monista eri organisaatioista, ja palautteiden perusteella n\u00e4m\u00e4 vierailut ovat olleet eritt\u00e4in pidettyj\u00e4 opiskelijoiden keskuudessa. Mets\u00e4tieteiden osasto etsii aktiivisesti uusia alansa asiantuntijoita luentovieraikseen.<\/p>\n\n\n\n<p class=\"has-text-align-center\">Mets\u00e4tieteiden osasto j\u00e4rjest\u00e4\u00e4 vuosittaisen ty\u00f6el\u00e4m\u00e4illan, jossa opiskelijat p\u00e4\u00e4sev\u00e4t tutustumaan eri mets\u00e4alan toimijoihin ja heid\u00e4n kes\u00e4ty\u00f6- ja harjoittelumahdollisuuksiinsa. T\u00e4m\u00e4 on loistava tilaisuus ty\u00f6nantajille <strong>tuoda esille ty\u00f6nantajabr\u00e4ndi\u00e4\u00e4n<\/strong>.<\/p>\n\n\n\n<p class=\"has-text-align-center\">Jos olet kiinnostunut vierailuista, ole yhteydess\u00e4<\/p>\n\n\n\n<p class=\"has-text-align-center\"><strong>metsa.osasto@uef.fi<\/strong><\/p>\n\n\n\n<p><\/p>\n","protected":false},"excerpt":{"rendered":"<p>It\u00e4-Suomen yliopiston mets\u00e4tieteiden osasto tekee tiivist\u00e4 yhteisty\u00f6t\u00e4 mets\u00e4alan eri organisaatioiden kanssa ja on tuttu vierailija monissa organisaatioissa. N\u00e4m\u00e4 vierailut tarjoavat opiskelijoille ainutlaatuisen mahdollisuuden tutustua alan toimijoihin sek\u00e4 heid\u00e4n tarjoamiinsa ty\u00f6- ja harjoittelumahdollisuuksiin. Yrityksille vierailut antavat n\u00e4kyvyytt\u00e4 tulevien alan ammattilaisten keskuudessa. Yliopistolla k\u00e4y my\u00f6s paljon vierailevia luennoitsijoita, jotka ovat oman alansa erikoisasiantuntijoita. Viime vuosina vierailijoita on [&hellip;]<\/p>\n","protected":false},"author":717,"featured_media":0,"parent":0,"menu_order":0,"comment_status":"closed","ping_status":"closed","template":"","meta":{"_acf_changed":false,"footnotes":""},"class_list":["post-346","page","type-page","status-publish","hentry"],"acf":[],"yoast_head":"<!-- This site is optimized with the Yoast SEO plugin v27.3 - https:\/\/yoast.com\/product\/yoast-seo-wordpress\/ -->\n<title>Opetusyhteisty\u00f6 ja vierailut - UEF - Mets\u00e4tieteet yritysyhteisty\u00f6<\/title>\n<meta name=\"robots\" content=\"index, follow, max-snippet:-1, max-image-preview:large, max-video-preview:-1\" \/>\n<link rel=\"canonical\" href=\"https:\/\/blogs.uef.fi\/metsatieteet-yritysyhteistyo\/vierailut-uef-metsatieteiden-osasto\/\" \/>\n<meta property=\"og:locale\" content=\"fi_FI\" \/>\n<meta property=\"og:type\" content=\"article\" \/>\n<meta property=\"og:title\" content=\"Opetusyhteisty\u00f6 ja vierailut - UEF - Mets\u00e4tieteet yritysyhteisty\u00f6\" \/>\n<meta property=\"og:description\" content=\"It\u00e4-Suomen yliopiston mets\u00e4tieteiden osasto tekee tiivist\u00e4 yhteisty\u00f6t\u00e4 mets\u00e4alan eri organisaatioiden kanssa ja on tuttu vierailija monissa organisaatioissa. N\u00e4m\u00e4 vierailut tarjoavat opiskelijoille ainutlaatuisen mahdollisuuden tutustua alan toimijoihin sek\u00e4 heid\u00e4n tarjoamiinsa ty\u00f6- ja harjoittelumahdollisuuksiin. Yrityksille vierailut antavat n\u00e4kyvyytt\u00e4 tulevien alan ammattilaisten keskuudessa. Yliopistolla k\u00e4y my\u00f6s paljon vierailevia luennoitsijoita, jotka ovat oman alansa erikoisasiantuntijoita. Viime vuosina vierailijoita on [&hellip;]\" \/>\n<meta property=\"og:url\" content=\"https:\/\/blogs.uef.fi\/metsatieteet-yritysyhteistyo\/vierailut-uef-metsatieteiden-osasto\/\" \/>\n<meta property=\"og:site_name\" content=\"UEF - Mets\u00e4tieteet yritysyhteisty\u00f6\" \/>\n<meta property=\"article:modified_time\" content=\"2025-02-06T14:03:03+00:00\" \/>\n<meta property=\"og:image\" content=\"https:\/\/blogs.uef.fi\/metsatieteet-yritysyhteistyo\/wp-content\/uploads\/sites\/226\/2024\/11\/Nayttokuva-2024-11-12-kello-13.49.20-1024x707.png\" \/>\n<meta name=\"twitter:card\" content=\"summary_large_image\" \/>\n<meta name=\"twitter:label1\" content=\"Arvioitu lukuaika\" \/>\n\t<meta name=\"twitter:data1\" content=\"1 minuutti\" \/>\n<script type=\"application\/ld+json\" class=\"yoast-schema-graph\">{\"@context\":\"https:\\\/\\\/schema.org\",\"@graph\":[{\"@type\":\"WebPage\",\"@id\":\"https:\\\/\\\/blogs.uef.fi\\\/metsatieteet-yritysyhteistyo\\\/vierailut-uef-metsatieteiden-osasto\\\/\",\"url\":\"https:\\\/\\\/blogs.uef.fi\\\/metsatieteet-yritysyhteistyo\\\/vierailut-uef-metsatieteiden-osasto\\\/\",\"name\":\"Opetusyhteisty\u00f6 ja vierailut - UEF - Mets\u00e4tieteet yritysyhteisty\u00f6\",\"isPartOf\":{\"@id\":\"https:\\\/\\\/blogs.uef.fi\\\/metsatieteet-yritysyhteistyo\\\/#website\"},\"primaryImageOfPage\":{\"@id\":\"https:\\\/\\\/blogs.uef.fi\\\/metsatieteet-yritysyhteistyo\\\/vierailut-uef-metsatieteiden-osasto\\\/#primaryimage\"},\"image\":{\"@id\":\"https:\\\/\\\/blogs.uef.fi\\\/metsatieteet-yritysyhteistyo\\\/vierailut-uef-metsatieteiden-osasto\\\/#primaryimage\"},\"thumbnailUrl\":\"https:\\\/\\\/blogs.uef.fi\\\/metsatieteet-yritysyhteistyo\\\/wp-content\\\/uploads\\\/sites\\\/226\\\/2024\\\/11\\\/Nayttokuva-2024-11-12-kello-13.49.20-1024x707.png\",\"datePublished\":\"2024-11-05T12:18:20+00:00\",\"dateModified\":\"2025-02-06T14:03:03+00:00\",\"breadcrumb\":{\"@id\":\"https:\\\/\\\/blogs.uef.fi\\\/metsatieteet-yritysyhteistyo\\\/vierailut-uef-metsatieteiden-osasto\\\/#breadcrumb\"},\"inLanguage\":\"fi\",\"potentialAction\":[{\"@type\":\"ReadAction\",\"target\":[\"https:\\\/\\\/blogs.uef.fi\\\/metsatieteet-yritysyhteistyo\\\/vierailut-uef-metsatieteiden-osasto\\\/\"]}]},{\"@type\":\"ImageObject\",\"inLanguage\":\"fi\",\"@id\":\"https:\\\/\\\/blogs.uef.fi\\\/metsatieteet-yritysyhteistyo\\\/vierailut-uef-metsatieteiden-osasto\\\/#primaryimage\",\"url\":\"https:\\\/\\\/blogs.uef.fi\\\/metsatieteet-yritysyhteistyo\\\/wp-content\\\/uploads\\\/sites\\\/226\\\/2024\\\/11\\\/Nayttokuva-2024-11-12-kello-13.49.20.png\",\"contentUrl\":\"https:\\\/\\\/blogs.uef.fi\\\/metsatieteet-yritysyhteistyo\\\/wp-content\\\/uploads\\\/sites\\\/226\\\/2024\\\/11\\\/Nayttokuva-2024-11-12-kello-13.49.20.png\",\"width\":1852,\"height\":1278},{\"@type\":\"BreadcrumbList\",\"@id\":\"https:\\\/\\\/blogs.uef.fi\\\/metsatieteet-yritysyhteistyo\\\/vierailut-uef-metsatieteiden-osasto\\\/#breadcrumb\",\"itemListElement\":[{\"@type\":\"ListItem\",\"position\":1,\"name\":\"Home\",\"item\":\"https:\\\/\\\/blogs.uef.fi\\\/metsatieteet-yritysyhteistyo\\\/\"},{\"@type\":\"ListItem\",\"position\":2,\"name\":\"Opetusyhteisty\u00f6 ja vierailut\"}]},{\"@type\":\"WebSite\",\"@id\":\"https:\\\/\\\/blogs.uef.fi\\\/metsatieteet-yritysyhteistyo\\\/#website\",\"url\":\"https:\\\/\\\/blogs.uef.fi\\\/metsatieteet-yritysyhteistyo\\\/\",\"name\":\"UEF - Mets\u00e4tieteet yritysyhteisty\u00f6\",\"description\":\"\",\"potentialAction\":[{\"@type\":\"SearchAction\",\"target\":{\"@type\":\"EntryPoint\",\"urlTemplate\":\"https:\\\/\\\/blogs.uef.fi\\\/metsatieteet-yritysyhteistyo\\\/?s={search_term_string}\"},\"query-input\":{\"@type\":\"PropertyValueSpecification\",\"valueRequired\":true,\"valueName\":\"search_term_string\"}}],\"inLanguage\":\"fi\"}]}<\/script>\n<!-- \/ Yoast SEO plugin. -->","yoast_head_json":{"title":"Opetusyhteisty\u00f6 ja vierailut - UEF - Mets\u00e4tieteet yritysyhteisty\u00f6","robots":{"index":"index","follow":"follow","max-snippet":"max-snippet:-1","max-image-preview":"max-image-preview:large","max-video-preview":"max-video-preview:-1"},"canonical":"https:\/\/blogs.uef.fi\/metsatieteet-yritysyhteistyo\/vierailut-uef-metsatieteiden-osasto\/","og_locale":"fi_FI","og_type":"article","og_title":"Opetusyhteisty\u00f6 ja vierailut - UEF - Mets\u00e4tieteet yritysyhteisty\u00f6","og_description":"It\u00e4-Suomen yliopiston mets\u00e4tieteiden osasto tekee tiivist\u00e4 yhteisty\u00f6t\u00e4 mets\u00e4alan eri organisaatioiden kanssa ja on tuttu vierailija monissa organisaatioissa. N\u00e4m\u00e4 vierailut tarjoavat opiskelijoille ainutlaatuisen mahdollisuuden tutustua alan toimijoihin sek\u00e4 heid\u00e4n tarjoamiinsa ty\u00f6- ja harjoittelumahdollisuuksiin. Yrityksille vierailut antavat n\u00e4kyvyytt\u00e4 tulevien alan ammattilaisten keskuudessa. Yliopistolla k\u00e4y my\u00f6s paljon vierailevia luennoitsijoita, jotka ovat oman alansa erikoisasiantuntijoita. Viime vuosina vierailijoita on [&hellip;]","og_url":"https:\/\/blogs.uef.fi\/metsatieteet-yritysyhteistyo\/vierailut-uef-metsatieteiden-osasto\/","og_site_name":"UEF - Mets\u00e4tieteet yritysyhteisty\u00f6","article_modified_time":"2025-02-06T14:03:03+00:00","og_image":[{"url":"https:\/\/blogs.uef.fi\/metsatieteet-yritysyhteistyo\/wp-content\/uploads\/sites\/226\/2024\/11\/Nayttokuva-2024-11-12-kello-13.49.20-1024x707.png","type":"","width":"","height":""}],"twitter_card":"summary_large_image","twitter_misc":{"Arvioitu lukuaika":"1 minuutti"},"schema":{"@context":"https:\/\/schema.org","@graph":[{"@type":"WebPage","@id":"https:\/\/blogs.uef.fi\/metsatieteet-yritysyhteistyo\/vierailut-uef-metsatieteiden-osasto\/","url":"https:\/\/blogs.uef.fi\/metsatieteet-yritysyhteistyo\/vierailut-uef-metsatieteiden-osasto\/","name":"Opetusyhteisty\u00f6 ja vierailut - UEF - Mets\u00e4tieteet yritysyhteisty\u00f6","isPartOf":{"@id":"https:\/\/blogs.uef.fi\/metsatieteet-yritysyhteistyo\/#website"},"primaryImageOfPage":{"@id":"https:\/\/blogs.uef.fi\/metsatieteet-yritysyhteistyo\/vierailut-uef-metsatieteiden-osasto\/#primaryimage"},"image":{"@id":"https:\/\/blogs.uef.fi\/metsatieteet-yritysyhteistyo\/vierailut-uef-metsatieteiden-osasto\/#primaryimage"},"thumbnailUrl":"https:\/\/blogs.uef.fi\/metsatieteet-yritysyhteistyo\/wp-content\/uploads\/sites\/226\/2024\/11\/Nayttokuva-2024-11-12-kello-13.49.20-1024x707.png","datePublished":"2024-11-05T12:18:20+00:00","dateModified":"2025-02-06T14:03:03+00:00","breadcrumb":{"@id":"https:\/\/blogs.uef.fi\/metsatieteet-yritysyhteistyo\/vierailut-uef-metsatieteiden-osasto\/#breadcrumb"},"inLanguage":"fi","potentialAction":[{"@type":"ReadAction","target":["https:\/\/blogs.uef.fi\/metsatieteet-yritysyhteistyo\/vierailut-uef-metsatieteiden-osasto\/"]}]},{"@type":"ImageObject","inLanguage":"fi","@id":"https:\/\/blogs.uef.fi\/metsatieteet-yritysyhteistyo\/vierailut-uef-metsatieteiden-osasto\/#primaryimage","url":"https:\/\/blogs.uef.fi\/metsatieteet-yritysyhteistyo\/wp-content\/uploads\/sites\/226\/2024\/11\/Nayttokuva-2024-11-12-kello-13.49.20.png","contentUrl":"https:\/\/blogs.uef.fi\/metsatieteet-yritysyhteistyo\/wp-content\/uploads\/sites\/226\/2024\/11\/Nayttokuva-2024-11-12-kello-13.49.20.png","width":1852,"height":1278},{"@type":"BreadcrumbList","@id":"https:\/\/blogs.uef.fi\/metsatieteet-yritysyhteistyo\/vierailut-uef-metsatieteiden-osasto\/#breadcrumb","itemListElement":[{"@type":"ListItem","position":1,"name":"Home","item":"https:\/\/blogs.uef.fi\/metsatieteet-yritysyhteistyo\/"},{"@type":"ListItem","position":2,"name":"Opetusyhteisty\u00f6 ja vierailut"}]},{"@type":"WebSite","@id":"https:\/\/blogs.uef.fi\/metsatieteet-yritysyhteistyo\/#website","url":"https:\/\/blogs.uef.fi\/metsatieteet-yritysyhteistyo\/","name":"UEF - Mets\u00e4tieteet yritysyhteisty\u00f6","description":"","potentialAction":[{"@type":"SearchAction","target":{"@type":"EntryPoint","urlTemplate":"https:\/\/blogs.uef.fi\/metsatieteet-yritysyhteistyo\/?s={search_term_string}"},"query-input":{"@type":"PropertyValueSpecification","valueRequired":true,"valueName":"search_term_string"}}],"inLanguage":"fi"}]}},"_links":{"self":[{"href":"https:\/\/blogs.uef.fi\/metsatieteet-yritysyhteistyo\/wp-json\/wp\/v2\/pages\/346","targetHints":{"allow":["GET"]}}],"collection":[{"href":"https:\/\/blogs.uef.fi\/metsatieteet-yritysyhteistyo\/wp-json\/wp\/v2\/pages"}],"about":[{"href":"https:\/\/blogs.uef.fi\/metsatieteet-yritysyhteistyo\/wp-json\/wp\/v2\/types\/page"}],"author":[{"embeddable":true,"href":"https:\/\/blogs.uef.fi\/metsatieteet-yritysyhteistyo\/wp-json\/wp\/v2\/users\/717"}],"replies":[{"embeddable":true,"href":"https:\/\/blogs.uef.fi\/metsatieteet-yritysyhteistyo\/wp-json\/wp\/v2\/comments?post=346"}],"version-history":[{"count":2,"href":"https:\/\/blogs.uef.fi\/metsatieteet-yritysyhteistyo\/wp-json\/wp\/v2\/pages\/346\/revisions"}],"predecessor-version":[{"id":2709,"href":"https:\/\/blogs.uef.fi\/metsatieteet-yritysyhteistyo\/wp-json\/wp\/v2\/pages\/346\/revisions\/2709"}],"wp:attachment":[{"href":"https:\/\/blogs.uef.fi\/metsatieteet-yritysyhteistyo\/wp-json\/wp\/v2\/media?parent=346"}],"curies":[{"name":"wp","href":"https:\/\/api.w.org\/{rel}","templated":true}]}}