{"id":3072,"date":"2025-11-17T13:44:50","date_gmt":"2025-11-17T11:44:50","guid":{"rendered":"https:\/\/blogs.uef.fi\/metsatieteet-yritysyhteistyo\/?page_id=3072"},"modified":"2025-11-17T13:59:12","modified_gmt":"2025-11-17T11:59:12","slug":"koulutustarjonta-yrityksille","status":"publish","type":"page","link":"https:\/\/blogs.uef.fi\/metsatieteet-yritysyhteistyo\/koulutustarjonta-yrityksille\/","title":{"rendered":"Koulutustarjonta yrityksille"},"content":{"rendered":"\n<p><\/p>\n\n\n\n<p>It\u00e4-Suomen yliopiston&nbsp;<strong>Jatkuvan oppimisen keskus&nbsp;<\/strong>tarjoaa yrityksille uusimpaan tutkimukseen perustuvaa, k\u00e4yt\u00e4nn\u00f6nl\u00e4heist\u00e4 ja vaikuttavaa t\u00e4ydennyskoulutusta.<\/p>\n\n\n\n<p>Koulutuspalveluidemme kautta k\u00e4yt\u00f6ss\u00e4nne on koko It\u00e4-Suomen yliopiston monitieteinen osaaminen, joka tukee johtajuuden, asiantuntijuuden ja henkil\u00f6st\u00f6n kehitt\u00e4mist\u00e4 vastaamaan tulevaisuuden haasteisiin.<br><br>Valittavissanne on asiantuntijapalveluita ja t\u00e4ydennyskoulutusta \u2013 my\u00f6s tilauskoulutuksina. Lis\u00e4ksi tarjoamme avoimen yliopiston ratkaisuja, kuten osaamiskokonaisuuksia ty\u00f6el\u00e4m\u00e4n tarpeisiin.<\/p>\n\n\n\n<p><strong>Mets\u00e4alaan liittyv\u00e4 koulutustarjonta:<\/strong><\/p>\n\n\n\n<ul class=\"wp-block-list\">\n<li><a href=\"https:\/\/www.uef.fi\/fi\/jatkuva-oppiminen\/monimuotoinen-metsa\" target=\"_blank\" rel=\"noreferrer noopener\">Monimuotoinen mets\u00e4&nbsp;<\/a>&nbsp;Learn 24\/7 verkkokurssi<\/li>\n\n\n\n<li><a href=\"https:\/\/www.uef.fi\/fi\/jatkuva-oppiminen\/metsaalan-tilauskoulutukset\" target=\"_blank\" rel=\"noreferrer noopener\">Mets\u00e4alan tilauskoulutus<\/a>&nbsp;r\u00e4\u00e4t\u00e4l\u00f6id\u00e4\u00e4n tarpeen mukaan.<\/li>\n\n\n\n<li><a href=\"https:\/\/www.uef.fi\/fi\/jatkuva-oppiminen\/metsatieteen-perusopinnot-lv-2025-2026\" target=\"_blank\" rel=\"noreferrer noopener\">Mets\u00e4tieteen perusopinnot Avoimessa yliopistossa<\/a>&nbsp;25 op<\/li>\n\n\n\n<li><a href=\"https:\/\/www.uef.fi\/fi\/jatkuva-oppiminen\/metsien-monimuotoisuus-osaamismerkki\" target=\"_blank\" rel=\"noreferrer noopener\">Metsien monimuotisuuden osaamismerkki<\/a>&nbsp;10 op<\/li>\n<\/ul>\n\n\n\n<p><\/p>\n\n\n\n<p><\/p>\n\n\n\n<p><\/p>\n\n\n\n<p><\/p>\n","protected":false},"excerpt":{"rendered":"<p>It\u00e4-Suomen yliopiston&nbsp;Jatkuvan oppimisen keskus&nbsp;tarjoaa yrityksille uusimpaan tutkimukseen perustuvaa, k\u00e4yt\u00e4nn\u00f6nl\u00e4heist\u00e4 ja vaikuttavaa t\u00e4ydennyskoulutusta. Koulutuspalveluidemme kautta k\u00e4yt\u00f6ss\u00e4nne on koko It\u00e4-Suomen yliopiston monitieteinen osaaminen, joka tukee johtajuuden, asiantuntijuuden ja henkil\u00f6st\u00f6n kehitt\u00e4mist\u00e4 vastaamaan tulevaisuuden haasteisiin. Valittavissanne on asiantuntijapalveluita ja t\u00e4ydennyskoulutusta \u2013 my\u00f6s tilauskoulutuksina. Lis\u00e4ksi tarjoamme avoimen yliopiston ratkaisuja, kuten osaamiskokonaisuuksia ty\u00f6el\u00e4m\u00e4n tarpeisiin. Mets\u00e4alaan liittyv\u00e4 koulutustarjonta:<\/p>\n","protected":false},"author":717,"featured_media":3073,"parent":0,"menu_order":0,"comment_status":"closed","ping_status":"closed","template":"","meta":{"_acf_changed":false,"footnotes":""},"class_list":["post-3072","page","type-page","status-publish","has-post-thumbnail","hentry"],"acf":[],"yoast_head":"<!-- This site is optimized with the Yoast SEO plugin v27.1.1 - https:\/\/yoast.com\/product\/yoast-seo-wordpress\/ -->\n<title>Koulutustarjonta yrityksille - UEF - Mets\u00e4tieteet yritysyhteisty\u00f6<\/title>\n<meta name=\"robots\" content=\"index, follow, max-snippet:-1, max-image-preview:large, max-video-preview:-1\" \/>\n<link rel=\"canonical\" href=\"https:\/\/blogs.uef.fi\/metsatieteet-yritysyhteistyo\/koulutustarjonta-yrityksille\/\" \/>\n<meta property=\"og:locale\" content=\"fi_FI\" \/>\n<meta property=\"og:type\" content=\"article\" \/>\n<meta property=\"og:title\" content=\"Koulutustarjonta yrityksille - UEF - Mets\u00e4tieteet yritysyhteisty\u00f6\" \/>\n<meta property=\"og:description\" content=\"It\u00e4-Suomen yliopiston&nbsp;Jatkuvan oppimisen keskus&nbsp;tarjoaa yrityksille uusimpaan tutkimukseen perustuvaa, k\u00e4yt\u00e4nn\u00f6nl\u00e4heist\u00e4 ja vaikuttavaa t\u00e4ydennyskoulutusta. Koulutuspalveluidemme kautta k\u00e4yt\u00f6ss\u00e4nne on koko It\u00e4-Suomen yliopiston monitieteinen osaaminen, joka tukee johtajuuden, asiantuntijuuden ja henkil\u00f6st\u00f6n kehitt\u00e4mist\u00e4 vastaamaan tulevaisuuden haasteisiin. Valittavissanne on asiantuntijapalveluita ja t\u00e4ydennyskoulutusta \u2013 my\u00f6s tilauskoulutuksina. Lis\u00e4ksi tarjoamme avoimen yliopiston ratkaisuja, kuten osaamiskokonaisuuksia ty\u00f6el\u00e4m\u00e4n tarpeisiin. Mets\u00e4alaan liittyv\u00e4 koulutustarjonta:\" \/>\n<meta property=\"og:url\" content=\"https:\/\/blogs.uef.fi\/metsatieteet-yritysyhteistyo\/koulutustarjonta-yrityksille\/\" \/>\n<meta property=\"og:site_name\" content=\"UEF - Mets\u00e4tieteet yritysyhteisty\u00f6\" \/>\n<meta property=\"article:modified_time\" content=\"2025-11-17T11:59:12+00:00\" \/>\n<meta property=\"og:image\" content=\"https:\/\/blogs.uef.fi\/metsatieteet-yritysyhteistyo\/wp-content\/uploads\/sites\/226\/2025\/11\/WhatsApp-Image-2025-11-17-at-13.42.49.jpeg\" \/>\n\t<meta property=\"og:image:width\" content=\"1600\" \/>\n\t<meta property=\"og:image:height\" content=\"1200\" \/>\n\t<meta property=\"og:image:type\" content=\"image\/jpeg\" \/>\n<meta name=\"twitter:card\" content=\"summary_large_image\" \/>\n<meta name=\"twitter:label1\" content=\"Arvioitu lukuaika\" \/>\n\t<meta name=\"twitter:data1\" content=\"1 minuutti\" \/>\n<script type=\"application\/ld+json\" class=\"yoast-schema-graph\">{\"@context\":\"https:\/\/schema.org\",\"@graph\":[{\"@type\":\"WebPage\",\"@id\":\"https:\/\/blogs.uef.fi\/metsatieteet-yritysyhteistyo\/koulutustarjonta-yrityksille\/\",\"url\":\"https:\/\/blogs.uef.fi\/metsatieteet-yritysyhteistyo\/koulutustarjonta-yrityksille\/\",\"name\":\"Koulutustarjonta yrityksille - UEF - Mets\u00e4tieteet yritysyhteisty\u00f6\",\"isPartOf\":{\"@id\":\"https:\/\/blogs.uef.fi\/metsatieteet-yritysyhteistyo\/#website\"},\"primaryImageOfPage\":{\"@id\":\"https:\/\/blogs.uef.fi\/metsatieteet-yritysyhteistyo\/koulutustarjonta-yrityksille\/#primaryimage\"},\"image\":{\"@id\":\"https:\/\/blogs.uef.fi\/metsatieteet-yritysyhteistyo\/koulutustarjonta-yrityksille\/#primaryimage\"},\"thumbnailUrl\":\"https:\/\/blogs.uef.fi\/metsatieteet-yritysyhteistyo\/wp-content\/uploads\/sites\/226\/2025\/11\/WhatsApp-Image-2025-11-17-at-13.42.49.jpeg\",\"datePublished\":\"2025-11-17T11:44:50+00:00\",\"dateModified\":\"2025-11-17T11:59:12+00:00\",\"breadcrumb\":{\"@id\":\"https:\/\/blogs.uef.fi\/metsatieteet-yritysyhteistyo\/koulutustarjonta-yrityksille\/#breadcrumb\"},\"inLanguage\":\"fi\",\"potentialAction\":[{\"@type\":\"ReadAction\",\"target\":[\"https:\/\/blogs.uef.fi\/metsatieteet-yritysyhteistyo\/koulutustarjonta-yrityksille\/\"]}]},{\"@type\":\"ImageObject\",\"inLanguage\":\"fi\",\"@id\":\"https:\/\/blogs.uef.fi\/metsatieteet-yritysyhteistyo\/koulutustarjonta-yrityksille\/#primaryimage\",\"url\":\"https:\/\/blogs.uef.fi\/metsatieteet-yritysyhteistyo\/wp-content\/uploads\/sites\/226\/2025\/11\/WhatsApp-Image-2025-11-17-at-13.42.49.jpeg\",\"contentUrl\":\"https:\/\/blogs.uef.fi\/metsatieteet-yritysyhteistyo\/wp-content\/uploads\/sites\/226\/2025\/11\/WhatsApp-Image-2025-11-17-at-13.42.49.jpeg\",\"width\":1600,\"height\":1200},{\"@type\":\"BreadcrumbList\",\"@id\":\"https:\/\/blogs.uef.fi\/metsatieteet-yritysyhteistyo\/koulutustarjonta-yrityksille\/#breadcrumb\",\"itemListElement\":[{\"@type\":\"ListItem\",\"position\":1,\"name\":\"Home\",\"item\":\"https:\/\/blogs.uef.fi\/metsatieteet-yritysyhteistyo\/\"},{\"@type\":\"ListItem\",\"position\":2,\"name\":\"Koulutustarjonta yrityksille\"}]},{\"@type\":\"WebSite\",\"@id\":\"https:\/\/blogs.uef.fi\/metsatieteet-yritysyhteistyo\/#website\",\"url\":\"https:\/\/blogs.uef.fi\/metsatieteet-yritysyhteistyo\/\",\"name\":\"UEF - Mets\u00e4tieteet yritysyhteisty\u00f6\",\"description\":\"\",\"potentialAction\":[{\"@type\":\"SearchAction\",\"target\":{\"@type\":\"EntryPoint\",\"urlTemplate\":\"https:\/\/blogs.uef.fi\/metsatieteet-yritysyhteistyo\/?s={search_term_string}\"},\"query-input\":{\"@type\":\"PropertyValueSpecification\",\"valueRequired\":true,\"valueName\":\"search_term_string\"}}],\"inLanguage\":\"fi\"}]}<\/script>\n<!-- \/ Yoast SEO plugin. -->","yoast_head_json":{"title":"Koulutustarjonta yrityksille - UEF - Mets\u00e4tieteet yritysyhteisty\u00f6","robots":{"index":"index","follow":"follow","max-snippet":"max-snippet:-1","max-image-preview":"max-image-preview:large","max-video-preview":"max-video-preview:-1"},"canonical":"https:\/\/blogs.uef.fi\/metsatieteet-yritysyhteistyo\/koulutustarjonta-yrityksille\/","og_locale":"fi_FI","og_type":"article","og_title":"Koulutustarjonta yrityksille - UEF - Mets\u00e4tieteet yritysyhteisty\u00f6","og_description":"It\u00e4-Suomen yliopiston&nbsp;Jatkuvan oppimisen keskus&nbsp;tarjoaa yrityksille uusimpaan tutkimukseen perustuvaa, k\u00e4yt\u00e4nn\u00f6nl\u00e4heist\u00e4 ja vaikuttavaa t\u00e4ydennyskoulutusta. Koulutuspalveluidemme kautta k\u00e4yt\u00f6ss\u00e4nne on koko It\u00e4-Suomen yliopiston monitieteinen osaaminen, joka tukee johtajuuden, asiantuntijuuden ja henkil\u00f6st\u00f6n kehitt\u00e4mist\u00e4 vastaamaan tulevaisuuden haasteisiin. Valittavissanne on asiantuntijapalveluita ja t\u00e4ydennyskoulutusta \u2013 my\u00f6s tilauskoulutuksina. Lis\u00e4ksi tarjoamme avoimen yliopiston ratkaisuja, kuten osaamiskokonaisuuksia ty\u00f6el\u00e4m\u00e4n tarpeisiin. Mets\u00e4alaan liittyv\u00e4 koulutustarjonta:","og_url":"https:\/\/blogs.uef.fi\/metsatieteet-yritysyhteistyo\/koulutustarjonta-yrityksille\/","og_site_name":"UEF - Mets\u00e4tieteet yritysyhteisty\u00f6","article_modified_time":"2025-11-17T11:59:12+00:00","og_image":[{"width":1600,"height":1200,"url":"https:\/\/blogs.uef.fi\/metsatieteet-yritysyhteistyo\/wp-content\/uploads\/sites\/226\/2025\/11\/WhatsApp-Image-2025-11-17-at-13.42.49.jpeg","type":"image\/jpeg"}],"twitter_card":"summary_large_image","twitter_misc":{"Arvioitu lukuaika":"1 minuutti"},"schema":{"@context":"https:\/\/schema.org","@graph":[{"@type":"WebPage","@id":"https:\/\/blogs.uef.fi\/metsatieteet-yritysyhteistyo\/koulutustarjonta-yrityksille\/","url":"https:\/\/blogs.uef.fi\/metsatieteet-yritysyhteistyo\/koulutustarjonta-yrityksille\/","name":"Koulutustarjonta yrityksille - UEF - Mets\u00e4tieteet yritysyhteisty\u00f6","isPartOf":{"@id":"https:\/\/blogs.uef.fi\/metsatieteet-yritysyhteistyo\/#website"},"primaryImageOfPage":{"@id":"https:\/\/blogs.uef.fi\/metsatieteet-yritysyhteistyo\/koulutustarjonta-yrityksille\/#primaryimage"},"image":{"@id":"https:\/\/blogs.uef.fi\/metsatieteet-yritysyhteistyo\/koulutustarjonta-yrityksille\/#primaryimage"},"thumbnailUrl":"https:\/\/blogs.uef.fi\/metsatieteet-yritysyhteistyo\/wp-content\/uploads\/sites\/226\/2025\/11\/WhatsApp-Image-2025-11-17-at-13.42.49.jpeg","datePublished":"2025-11-17T11:44:50+00:00","dateModified":"2025-11-17T11:59:12+00:00","breadcrumb":{"@id":"https:\/\/blogs.uef.fi\/metsatieteet-yritysyhteistyo\/koulutustarjonta-yrityksille\/#breadcrumb"},"inLanguage":"fi","potentialAction":[{"@type":"ReadAction","target":["https:\/\/blogs.uef.fi\/metsatieteet-yritysyhteistyo\/koulutustarjonta-yrityksille\/"]}]},{"@type":"ImageObject","inLanguage":"fi","@id":"https:\/\/blogs.uef.fi\/metsatieteet-yritysyhteistyo\/koulutustarjonta-yrityksille\/#primaryimage","url":"https:\/\/blogs.uef.fi\/metsatieteet-yritysyhteistyo\/wp-content\/uploads\/sites\/226\/2025\/11\/WhatsApp-Image-2025-11-17-at-13.42.49.jpeg","contentUrl":"https:\/\/blogs.uef.fi\/metsatieteet-yritysyhteistyo\/wp-content\/uploads\/sites\/226\/2025\/11\/WhatsApp-Image-2025-11-17-at-13.42.49.jpeg","width":1600,"height":1200},{"@type":"BreadcrumbList","@id":"https:\/\/blogs.uef.fi\/metsatieteet-yritysyhteistyo\/koulutustarjonta-yrityksille\/#breadcrumb","itemListElement":[{"@type":"ListItem","position":1,"name":"Home","item":"https:\/\/blogs.uef.fi\/metsatieteet-yritysyhteistyo\/"},{"@type":"ListItem","position":2,"name":"Koulutustarjonta yrityksille"}]},{"@type":"WebSite","@id":"https:\/\/blogs.uef.fi\/metsatieteet-yritysyhteistyo\/#website","url":"https:\/\/blogs.uef.fi\/metsatieteet-yritysyhteistyo\/","name":"UEF - Mets\u00e4tieteet yritysyhteisty\u00f6","description":"","potentialAction":[{"@type":"SearchAction","target":{"@type":"EntryPoint","urlTemplate":"https:\/\/blogs.uef.fi\/metsatieteet-yritysyhteistyo\/?s={search_term_string}"},"query-input":{"@type":"PropertyValueSpecification","valueRequired":true,"valueName":"search_term_string"}}],"inLanguage":"fi"}]}},"_links":{"self":[{"href":"https:\/\/blogs.uef.fi\/metsatieteet-yritysyhteistyo\/wp-json\/wp\/v2\/pages\/3072","targetHints":{"allow":["GET"]}}],"collection":[{"href":"https:\/\/blogs.uef.fi\/metsatieteet-yritysyhteistyo\/wp-json\/wp\/v2\/pages"}],"about":[{"href":"https:\/\/blogs.uef.fi\/metsatieteet-yritysyhteistyo\/wp-json\/wp\/v2\/types\/page"}],"author":[{"embeddable":true,"href":"https:\/\/blogs.uef.fi\/metsatieteet-yritysyhteistyo\/wp-json\/wp\/v2\/users\/717"}],"replies":[{"embeddable":true,"href":"https:\/\/blogs.uef.fi\/metsatieteet-yritysyhteistyo\/wp-json\/wp\/v2\/comments?post=3072"}],"version-history":[{"count":1,"href":"https:\/\/blogs.uef.fi\/metsatieteet-yritysyhteistyo\/wp-json\/wp\/v2\/pages\/3072\/revisions"}],"predecessor-version":[{"id":3081,"href":"https:\/\/blogs.uef.fi\/metsatieteet-yritysyhteistyo\/wp-json\/wp\/v2\/pages\/3072\/revisions\/3081"}],"wp:featuredmedia":[{"embeddable":true,"href":"https:\/\/blogs.uef.fi\/metsatieteet-yritysyhteistyo\/wp-json\/wp\/v2\/media\/3073"}],"wp:attachment":[{"href":"https:\/\/blogs.uef.fi\/metsatieteet-yritysyhteistyo\/wp-json\/wp\/v2\/media?parent=3072"}],"curies":[{"name":"wp","href":"https:\/\/api.w.org\/{rel}","templated":true}]}}