{"id":2853,"date":"2025-03-20T13:11:03","date_gmt":"2025-03-20T11:11:03","guid":{"rendered":"https:\/\/blogs.uef.fi\/metsatieteet-yritysyhteistyo\/?page_id=2853"},"modified":"2026-04-08T16:41:05","modified_gmt":"2026-04-08T14:41:05","slug":"avoimet-kurssit","status":"publish","type":"page","link":"https:\/\/blogs.uef.fi\/metsatieteet-yritysyhteistyo\/avoimet-kurssit\/","title":{"rendered":"Avoimen yliopiston kurssit ja t\u00e4ydennyskoulutukset"},"content":{"rendered":"\n<figure class=\"wp-block-image size-large\"><img loading=\"lazy\" decoding=\"async\" width=\"1024\" height=\"427\" src=\"https:\/\/blogs.uef.fi\/metsatieteet-yritysyhteistyo\/wp-content\/uploads\/sites\/226\/2025\/03\/image-1024x427.png\" alt=\"\" class=\"wp-image-2854\" srcset=\"https:\/\/blogs.uef.fi\/metsatieteet-yritysyhteistyo\/wp-content\/uploads\/sites\/226\/2025\/03\/image-1024x427.png 1024w, https:\/\/blogs.uef.fi\/metsatieteet-yritysyhteistyo\/wp-content\/uploads\/sites\/226\/2025\/03\/image-300x125.png 300w, https:\/\/blogs.uef.fi\/metsatieteet-yritysyhteistyo\/wp-content\/uploads\/sites\/226\/2025\/03\/image-768x320.png 768w, https:\/\/blogs.uef.fi\/metsatieteet-yritysyhteistyo\/wp-content\/uploads\/sites\/226\/2025\/03\/image.png 1440w\" sizes=\"auto, (max-width: 1024px) 100vw, 1024px\" \/><\/figure>\n\n\n\n<p><\/p>\n\n\n\n<p>Jatkuvan oppimisen keskus (JOK) tarjoaa It\u00e4-Suomen yliopiston koulutusta avoimen yliopiston opintoina, t\u00e4ydennyskoulutuksina, valmennuksina ja asiantuntijapalveluina. Tarjolla on ajankohtaisia koulutuksia itsens\u00e4 kehitt\u00e4miseen, ammattiosaamisen t\u00e4ydent\u00e4miseen sek\u00e4 yritysten osaamisen vahvistamiseen.<\/p>\n\n\n\n<p>Avoimessa yliopistossa voi opiskella mets\u00e4tieteen perusopinnot sek\u00e4 muita yksitt\u00e4isi\u00e4 mets\u00e4tieteen kursseja oman kiinnostuksen ja tarpeen mukaan. Opinnot tarjoavat kattavan johdatuksen metsien ekologiaan, mets\u00e4talouteen ja mets\u00e4biotalouteen ja ne soveltuvat sek\u00e4 alan perusteista kiinnostuneille ett\u00e4 mets\u00e4alan asiantuntemusta syvent\u00e4ville ammattilaisille. Kokonaisuus perehdytt\u00e4\u00e4 keskeisiin k\u00e4sitteisiin, tutkimusmenetelmiin ja ajankohtaisiin kysymyksiin ja se on mahdollista suorittaa joustavasti\u00a0monimuoto-opintoina.<\/p>\n\n\n\n<p><br>Mets\u00e4tieteen perusopinnot suorittamalla voit hakea tutkinto-opiskelijaksi avoimen yliopiston v\u00e4yl\u00e4n kautta ja n\u00e4in saada mets\u00e4tieteiden tutkinto-oikeuden.<\/p>\n\n\n\n<p>Linkki avoimen yliopiston kurssitarjontaan:&nbsp;<a href=\"https:\/\/www.uef.fi\/fi\/avoin-yliopisto-ymparisto-ja-luonnontieteet\" target=\"_blank\" rel=\"noreferrer noopener\">https:\/\/www.uef.fi\/fi\/avoin-yliopisto-ymparisto-ja-luonnontieteet<\/a>&nbsp;&nbsp;<\/p>\n\n\n\n<p>Mets\u00e4tieteiden t\u00e4ydennyskoulutuksiin p\u00e4\u00e4see tutustumaan seuraavista linkeist\u00e4:<\/p>\n\n\n\n<ul class=\"wp-block-list\">\n<li><a href=\"https:\/\/www.uef.fi\/fi\/jatkuva-oppiminen\/metsaalan-tilauskoulutukset\" target=\"_blank\" rel=\"noreferrer noopener\">Mets\u00e4alan tilauskoulutukset<\/a><\/li>\n\n\n\n<li><a href=\"https:\/\/www.uef.fi\/fi\/jatkuva-oppiminen\/monimuotoinen-metsa-1-op\" target=\"_blank\" rel=\"noreferrer noopener\">Monimuotoinen mets\u00e4 (1 op) -verkkokoulutus<\/a><\/li>\n<\/ul>\n","protected":false},"excerpt":{"rendered":"<p>Jatkuvan oppimisen keskus (JOK) tarjoaa It\u00e4-Suomen yliopiston koulutusta avoimen yliopiston opintoina, t\u00e4ydennyskoulutuksina, valmennuksina ja asiantuntijapalveluina. Tarjolla on ajankohtaisia koulutuksia itsens\u00e4 kehitt\u00e4miseen, ammattiosaamisen t\u00e4ydent\u00e4miseen sek\u00e4 yritysten osaamisen vahvistamiseen. Avoimessa yliopistossa voi opiskella mets\u00e4tieteen perusopinnot sek\u00e4 muita yksitt\u00e4isi\u00e4 mets\u00e4tieteen kursseja oman kiinnostuksen ja tarpeen mukaan. Opinnot tarjoavat kattavan johdatuksen metsien ekologiaan, mets\u00e4talouteen ja mets\u00e4biotalouteen ja ne soveltuvat [&hellip;]<\/p>\n","protected":false},"author":717,"featured_media":0,"parent":0,"menu_order":0,"comment_status":"closed","ping_status":"closed","template":"","meta":{"_acf_changed":false,"footnotes":""},"class_list":["post-2853","page","type-page","status-publish","hentry"],"acf":[],"yoast_head":"<!-- This site is optimized with the Yoast SEO plugin v27.3 - https:\/\/yoast.com\/product\/yoast-seo-wordpress\/ -->\n<title>Avoimen yliopiston kurssit ja t\u00e4ydennyskoulutukset - UEF - Mets\u00e4tieteet yritysyhteisty\u00f6<\/title>\n<meta name=\"robots\" content=\"index, follow, max-snippet:-1, max-image-preview:large, max-video-preview:-1\" \/>\n<link rel=\"canonical\" href=\"https:\/\/blogs.uef.fi\/metsatieteet-yritysyhteistyo\/avoimet-kurssit\/\" \/>\n<meta property=\"og:locale\" content=\"fi_FI\" \/>\n<meta property=\"og:type\" content=\"article\" \/>\n<meta property=\"og:title\" content=\"Avoimen yliopiston kurssit ja t\u00e4ydennyskoulutukset - UEF - Mets\u00e4tieteet yritysyhteisty\u00f6\" \/>\n<meta property=\"og:description\" content=\"Jatkuvan oppimisen keskus (JOK) tarjoaa It\u00e4-Suomen yliopiston koulutusta avoimen yliopiston opintoina, t\u00e4ydennyskoulutuksina, valmennuksina ja asiantuntijapalveluina. Tarjolla on ajankohtaisia koulutuksia itsens\u00e4 kehitt\u00e4miseen, ammattiosaamisen t\u00e4ydent\u00e4miseen sek\u00e4 yritysten osaamisen vahvistamiseen. Avoimessa yliopistossa voi opiskella mets\u00e4tieteen perusopinnot sek\u00e4 muita yksitt\u00e4isi\u00e4 mets\u00e4tieteen kursseja oman kiinnostuksen ja tarpeen mukaan. Opinnot tarjoavat kattavan johdatuksen metsien ekologiaan, mets\u00e4talouteen ja mets\u00e4biotalouteen ja ne soveltuvat [&hellip;]\" \/>\n<meta property=\"og:url\" content=\"https:\/\/blogs.uef.fi\/metsatieteet-yritysyhteistyo\/avoimet-kurssit\/\" \/>\n<meta property=\"og:site_name\" content=\"UEF - Mets\u00e4tieteet yritysyhteisty\u00f6\" \/>\n<meta property=\"article:modified_time\" content=\"2026-04-08T14:41:05+00:00\" \/>\n<meta property=\"og:image\" content=\"https:\/\/blogs.uef.fi\/metsatieteet-yritysyhteistyo\/wp-content\/uploads\/sites\/226\/2025\/03\/image-1024x427.png\" \/>\n\t<meta property=\"og:image:width\" content=\"1024\" \/>\n\t<meta property=\"og:image:height\" content=\"427\" \/>\n\t<meta property=\"og:image:type\" content=\"image\/png\" \/>\n<meta name=\"twitter:card\" content=\"summary_large_image\" \/>\n<meta name=\"twitter:label1\" content=\"Arvioitu lukuaika\" \/>\n\t<meta name=\"twitter:data1\" content=\"1 minuutti\" \/>\n<script type=\"application\/ld+json\" class=\"yoast-schema-graph\">{\"@context\":\"https:\\\/\\\/schema.org\",\"@graph\":[{\"@type\":\"WebPage\",\"@id\":\"https:\\\/\\\/blogs.uef.fi\\\/metsatieteet-yritysyhteistyo\\\/avoimet-kurssit\\\/\",\"url\":\"https:\\\/\\\/blogs.uef.fi\\\/metsatieteet-yritysyhteistyo\\\/avoimet-kurssit\\\/\",\"name\":\"Avoimen yliopiston kurssit ja t\u00e4ydennyskoulutukset - UEF - Mets\u00e4tieteet yritysyhteisty\u00f6\",\"isPartOf\":{\"@id\":\"https:\\\/\\\/blogs.uef.fi\\\/metsatieteet-yritysyhteistyo\\\/#website\"},\"primaryImageOfPage\":{\"@id\":\"https:\\\/\\\/blogs.uef.fi\\\/metsatieteet-yritysyhteistyo\\\/avoimet-kurssit\\\/#primaryimage\"},\"image\":{\"@id\":\"https:\\\/\\\/blogs.uef.fi\\\/metsatieteet-yritysyhteistyo\\\/avoimet-kurssit\\\/#primaryimage\"},\"thumbnailUrl\":\"https:\\\/\\\/blogs.uef.fi\\\/metsatieteet-yritysyhteistyo\\\/wp-content\\\/uploads\\\/sites\\\/226\\\/2025\\\/03\\\/image-1024x427.png\",\"datePublished\":\"2025-03-20T11:11:03+00:00\",\"dateModified\":\"2026-04-08T14:41:05+00:00\",\"breadcrumb\":{\"@id\":\"https:\\\/\\\/blogs.uef.fi\\\/metsatieteet-yritysyhteistyo\\\/avoimet-kurssit\\\/#breadcrumb\"},\"inLanguage\":\"fi\",\"potentialAction\":[{\"@type\":\"ReadAction\",\"target\":[\"https:\\\/\\\/blogs.uef.fi\\\/metsatieteet-yritysyhteistyo\\\/avoimet-kurssit\\\/\"]}]},{\"@type\":\"ImageObject\",\"inLanguage\":\"fi\",\"@id\":\"https:\\\/\\\/blogs.uef.fi\\\/metsatieteet-yritysyhteistyo\\\/avoimet-kurssit\\\/#primaryimage\",\"url\":\"https:\\\/\\\/blogs.uef.fi\\\/metsatieteet-yritysyhteistyo\\\/wp-content\\\/uploads\\\/sites\\\/226\\\/2025\\\/03\\\/image.png\",\"contentUrl\":\"https:\\\/\\\/blogs.uef.fi\\\/metsatieteet-yritysyhteistyo\\\/wp-content\\\/uploads\\\/sites\\\/226\\\/2025\\\/03\\\/image.png\",\"width\":1440,\"height\":600},{\"@type\":\"BreadcrumbList\",\"@id\":\"https:\\\/\\\/blogs.uef.fi\\\/metsatieteet-yritysyhteistyo\\\/avoimet-kurssit\\\/#breadcrumb\",\"itemListElement\":[{\"@type\":\"ListItem\",\"position\":1,\"name\":\"Home\",\"item\":\"https:\\\/\\\/blogs.uef.fi\\\/metsatieteet-yritysyhteistyo\\\/\"},{\"@type\":\"ListItem\",\"position\":2,\"name\":\"Avoimen yliopiston kurssit ja t\u00e4ydennyskoulutukset\"}]},{\"@type\":\"WebSite\",\"@id\":\"https:\\\/\\\/blogs.uef.fi\\\/metsatieteet-yritysyhteistyo\\\/#website\",\"url\":\"https:\\\/\\\/blogs.uef.fi\\\/metsatieteet-yritysyhteistyo\\\/\",\"name\":\"UEF - Mets\u00e4tieteet yritysyhteisty\u00f6\",\"description\":\"\",\"potentialAction\":[{\"@type\":\"SearchAction\",\"target\":{\"@type\":\"EntryPoint\",\"urlTemplate\":\"https:\\\/\\\/blogs.uef.fi\\\/metsatieteet-yritysyhteistyo\\\/?s={search_term_string}\"},\"query-input\":{\"@type\":\"PropertyValueSpecification\",\"valueRequired\":true,\"valueName\":\"search_term_string\"}}],\"inLanguage\":\"fi\"}]}<\/script>\n<!-- \/ Yoast SEO plugin. -->","yoast_head_json":{"title":"Avoimen yliopiston kurssit ja t\u00e4ydennyskoulutukset - UEF - Mets\u00e4tieteet yritysyhteisty\u00f6","robots":{"index":"index","follow":"follow","max-snippet":"max-snippet:-1","max-image-preview":"max-image-preview:large","max-video-preview":"max-video-preview:-1"},"canonical":"https:\/\/blogs.uef.fi\/metsatieteet-yritysyhteistyo\/avoimet-kurssit\/","og_locale":"fi_FI","og_type":"article","og_title":"Avoimen yliopiston kurssit ja t\u00e4ydennyskoulutukset - UEF - Mets\u00e4tieteet yritysyhteisty\u00f6","og_description":"Jatkuvan oppimisen keskus (JOK) tarjoaa It\u00e4-Suomen yliopiston koulutusta avoimen yliopiston opintoina, t\u00e4ydennyskoulutuksina, valmennuksina ja asiantuntijapalveluina. Tarjolla on ajankohtaisia koulutuksia itsens\u00e4 kehitt\u00e4miseen, ammattiosaamisen t\u00e4ydent\u00e4miseen sek\u00e4 yritysten osaamisen vahvistamiseen. Avoimessa yliopistossa voi opiskella mets\u00e4tieteen perusopinnot sek\u00e4 muita yksitt\u00e4isi\u00e4 mets\u00e4tieteen kursseja oman kiinnostuksen ja tarpeen mukaan. Opinnot tarjoavat kattavan johdatuksen metsien ekologiaan, mets\u00e4talouteen ja mets\u00e4biotalouteen ja ne soveltuvat [&hellip;]","og_url":"https:\/\/blogs.uef.fi\/metsatieteet-yritysyhteistyo\/avoimet-kurssit\/","og_site_name":"UEF - Mets\u00e4tieteet yritysyhteisty\u00f6","article_modified_time":"2026-04-08T14:41:05+00:00","og_image":[{"width":1024,"height":427,"url":"https:\/\/blogs.uef.fi\/metsatieteet-yritysyhteistyo\/wp-content\/uploads\/sites\/226\/2025\/03\/image-1024x427.png","type":"image\/png"}],"twitter_card":"summary_large_image","twitter_misc":{"Arvioitu lukuaika":"1 minuutti"},"schema":{"@context":"https:\/\/schema.org","@graph":[{"@type":"WebPage","@id":"https:\/\/blogs.uef.fi\/metsatieteet-yritysyhteistyo\/avoimet-kurssit\/","url":"https:\/\/blogs.uef.fi\/metsatieteet-yritysyhteistyo\/avoimet-kurssit\/","name":"Avoimen yliopiston kurssit ja t\u00e4ydennyskoulutukset - UEF - Mets\u00e4tieteet yritysyhteisty\u00f6","isPartOf":{"@id":"https:\/\/blogs.uef.fi\/metsatieteet-yritysyhteistyo\/#website"},"primaryImageOfPage":{"@id":"https:\/\/blogs.uef.fi\/metsatieteet-yritysyhteistyo\/avoimet-kurssit\/#primaryimage"},"image":{"@id":"https:\/\/blogs.uef.fi\/metsatieteet-yritysyhteistyo\/avoimet-kurssit\/#primaryimage"},"thumbnailUrl":"https:\/\/blogs.uef.fi\/metsatieteet-yritysyhteistyo\/wp-content\/uploads\/sites\/226\/2025\/03\/image-1024x427.png","datePublished":"2025-03-20T11:11:03+00:00","dateModified":"2026-04-08T14:41:05+00:00","breadcrumb":{"@id":"https:\/\/blogs.uef.fi\/metsatieteet-yritysyhteistyo\/avoimet-kurssit\/#breadcrumb"},"inLanguage":"fi","potentialAction":[{"@type":"ReadAction","target":["https:\/\/blogs.uef.fi\/metsatieteet-yritysyhteistyo\/avoimet-kurssit\/"]}]},{"@type":"ImageObject","inLanguage":"fi","@id":"https:\/\/blogs.uef.fi\/metsatieteet-yritysyhteistyo\/avoimet-kurssit\/#primaryimage","url":"https:\/\/blogs.uef.fi\/metsatieteet-yritysyhteistyo\/wp-content\/uploads\/sites\/226\/2025\/03\/image.png","contentUrl":"https:\/\/blogs.uef.fi\/metsatieteet-yritysyhteistyo\/wp-content\/uploads\/sites\/226\/2025\/03\/image.png","width":1440,"height":600},{"@type":"BreadcrumbList","@id":"https:\/\/blogs.uef.fi\/metsatieteet-yritysyhteistyo\/avoimet-kurssit\/#breadcrumb","itemListElement":[{"@type":"ListItem","position":1,"name":"Home","item":"https:\/\/blogs.uef.fi\/metsatieteet-yritysyhteistyo\/"},{"@type":"ListItem","position":2,"name":"Avoimen yliopiston kurssit ja t\u00e4ydennyskoulutukset"}]},{"@type":"WebSite","@id":"https:\/\/blogs.uef.fi\/metsatieteet-yritysyhteistyo\/#website","url":"https:\/\/blogs.uef.fi\/metsatieteet-yritysyhteistyo\/","name":"UEF - Mets\u00e4tieteet yritysyhteisty\u00f6","description":"","potentialAction":[{"@type":"SearchAction","target":{"@type":"EntryPoint","urlTemplate":"https:\/\/blogs.uef.fi\/metsatieteet-yritysyhteistyo\/?s={search_term_string}"},"query-input":{"@type":"PropertyValueSpecification","valueRequired":true,"valueName":"search_term_string"}}],"inLanguage":"fi"}]}},"_links":{"self":[{"href":"https:\/\/blogs.uef.fi\/metsatieteet-yritysyhteistyo\/wp-json\/wp\/v2\/pages\/2853","targetHints":{"allow":["GET"]}}],"collection":[{"href":"https:\/\/blogs.uef.fi\/metsatieteet-yritysyhteistyo\/wp-json\/wp\/v2\/pages"}],"about":[{"href":"https:\/\/blogs.uef.fi\/metsatieteet-yritysyhteistyo\/wp-json\/wp\/v2\/types\/page"}],"author":[{"embeddable":true,"href":"https:\/\/blogs.uef.fi\/metsatieteet-yritysyhteistyo\/wp-json\/wp\/v2\/users\/717"}],"replies":[{"embeddable":true,"href":"https:\/\/blogs.uef.fi\/metsatieteet-yritysyhteistyo\/wp-json\/wp\/v2\/comments?post=2853"}],"version-history":[{"count":2,"href":"https:\/\/blogs.uef.fi\/metsatieteet-yritysyhteistyo\/wp-json\/wp\/v2\/pages\/2853\/revisions"}],"predecessor-version":[{"id":3272,"href":"https:\/\/blogs.uef.fi\/metsatieteet-yritysyhteistyo\/wp-json\/wp\/v2\/pages\/2853\/revisions\/3272"}],"wp:attachment":[{"href":"https:\/\/blogs.uef.fi\/metsatieteet-yritysyhteistyo\/wp-json\/wp\/v2\/media?parent=2853"}],"curies":[{"name":"wp","href":"https:\/\/api.w.org\/{rel}","templated":true}]}}