{"id":1694,"date":"2024-11-06T09:08:11","date_gmt":"2024-11-06T07:08:11","guid":{"rendered":"https:\/\/blogs.uef.fi\/metsatieteet-yritysyhteistyo\/internships\/"},"modified":"2025-01-10T15:34:09","modified_gmt":"2025-01-10T13:34:09","slug":"internships","status":"publish","type":"page","link":"https:\/\/blogs.uef.fi\/metsatieteet-yritysyhteistyo\/internships\/?lang=en","title":{"rendered":"Internships"},"content":{"rendered":"\n<figure class=\"wp-block-image size-large\"><img loading=\"lazy\" decoding=\"async\" width=\"1024\" height=\"639\" src=\"https:\/\/blogs.uef.fi\/metsatieteet-yritysyhteistyo\/wp-content\/uploads\/sites\/226\/2024\/11\/Nayttokuva-2024-11-12-kello-14.11.52-1024x639.png\" alt=\"\" class=\"wp-image-884\" srcset=\"https:\/\/blogs.uef.fi\/metsatieteet-yritysyhteistyo\/wp-content\/uploads\/sites\/226\/2024\/11\/Nayttokuva-2024-11-12-kello-14.11.52-1024x639.png 1024w, https:\/\/blogs.uef.fi\/metsatieteet-yritysyhteistyo\/wp-content\/uploads\/sites\/226\/2024\/11\/Nayttokuva-2024-11-12-kello-14.11.52-300x187.png 300w, https:\/\/blogs.uef.fi\/metsatieteet-yritysyhteistyo\/wp-content\/uploads\/sites\/226\/2024\/11\/Nayttokuva-2024-11-12-kello-14.11.52-768x479.png 768w, https:\/\/blogs.uef.fi\/metsatieteet-yritysyhteistyo\/wp-content\/uploads\/sites\/226\/2024\/11\/Nayttokuva-2024-11-12-kello-14.11.52.png 1478w\" sizes=\"auto, (max-width: 1024px) 100vw, 1024px\" \/><\/figure>\n\n\n\n<div class=\"links-block\">\n\n    \n    <ul class=\"link-list\">\n            <\/ul>\n<\/div>\n\n\n<figure class=\"wp-block-image size-large is-resized\"><img loading=\"lazy\" decoding=\"async\" width=\"1024\" height=\"256\" src=\"https:\/\/blogs.uef.fi\/metsatieteet-yritysyhteistyo\/wp-content\/uploads\/sites\/226\/2024\/11\/3-1024x256.png\" alt=\"\" class=\"wp-image-653\" style=\"width:80px;height:auto\" srcset=\"https:\/\/blogs.uef.fi\/metsatieteet-yritysyhteistyo\/wp-content\/uploads\/sites\/226\/2024\/11\/3-1024x256.png 1024w, https:\/\/blogs.uef.fi\/metsatieteet-yritysyhteistyo\/wp-content\/uploads\/sites\/226\/2024\/11\/3-300x75.png 300w, https:\/\/blogs.uef.fi\/metsatieteet-yritysyhteistyo\/wp-content\/uploads\/sites\/226\/2024\/11\/3-768x192.png 768w, https:\/\/blogs.uef.fi\/metsatieteet-yritysyhteistyo\/wp-content\/uploads\/sites\/226\/2024\/11\/3-1536x384.png 1536w, https:\/\/blogs.uef.fi\/metsatieteet-yritysyhteistyo\/wp-content\/uploads\/sites\/226\/2024\/11\/3.png 1584w\" sizes=\"auto, (max-width: 1024px) 100vw, 1024px\" \/><\/figure>\n\n\n\n<div class=\"links-block\">\n\n            <h3>Experts for the Forest Sector<\/h3>\n    \n    <ul class=\"link-list\">\n            <\/ul>\n<\/div>\n\n\n<div class=\"links-block\">\n\n    \n    <ul class=\"link-list\">\n            <\/ul>\n<\/div>\n\n\n<p class=\"has-text-align-left\">The forest sciences students at the University of Eastern Finland are versatile and highly skilled professionals. Their education spans a wide range of forestry and ecology disciplines, preparing them to contribute fresh perspectives and innovative knowledge to benefit businesses. <\/p>\n\n\n\n<p class=\"has-text-align-left\">Notably, 75% of our forest sciences students are international, bringing with them diverse global perspectives, extensive networks, and valuable expertise.<\/p>\n\n\n\n<p class=\"has-text-align-left\">Students can also complete their thesis as part of the internship, aligning with many companies\u2019 preferences for practical, data-driven projects. This allows students to gather necessary data during their internship, creating a smoother, more beneficial process that meets the needs of both the student and the company.<\/p>\n\n\n\n<p class=\"has-text-align-left\"><strong><em>If you want to advertise an open job or internship position to forest sciences students you can email <a href=\"mailto:jaakko.hekkala@uef.fi\">jaakko.hekkala@uef.fi<\/a><\/em><\/strong><\/p>\n\n\n\n<figure class=\"wp-block-image size-large is-resized\"><img loading=\"lazy\" decoding=\"async\" width=\"1024\" height=\"256\" src=\"https:\/\/blogs.uef.fi\/metsatieteet-yritysyhteistyo\/wp-content\/uploads\/sites\/226\/2024\/11\/3-1024x256.png\" alt=\"\" class=\"wp-image-653\" style=\"width:92px;height:auto\" srcset=\"https:\/\/blogs.uef.fi\/metsatieteet-yritysyhteistyo\/wp-content\/uploads\/sites\/226\/2024\/11\/3-1024x256.png 1024w, https:\/\/blogs.uef.fi\/metsatieteet-yritysyhteistyo\/wp-content\/uploads\/sites\/226\/2024\/11\/3-300x75.png 300w, https:\/\/blogs.uef.fi\/metsatieteet-yritysyhteistyo\/wp-content\/uploads\/sites\/226\/2024\/11\/3-768x192.png 768w, https:\/\/blogs.uef.fi\/metsatieteet-yritysyhteistyo\/wp-content\/uploads\/sites\/226\/2024\/11\/3-1536x384.png 1536w, https:\/\/blogs.uef.fi\/metsatieteet-yritysyhteistyo\/wp-content\/uploads\/sites\/226\/2024\/11\/3.png 1584w\" sizes=\"auto, (max-width: 1024px) 100vw, 1024px\" \/><\/figure>\n\n\n\n<p class=\"has-text-align-center\"><\/p>\n\n\n\n<p><\/p>\n\n\n\n<div class=\"links-block\">\n\n            <h3>Forestry Students&#8217; Cooperative Osuusmets\u00e4<\/h3>\n    \n    <ul class=\"link-list\">\n            <\/ul>\n<\/div>\n\n\n<div class=\"links-block\">\n\n    \n    <ul class=\"link-list\">\n            <\/ul>\n<\/div>\n\n\n<p>Organizations recruiting for the first time or looking to hire with reduced risk can utilize the services of the Forestry Students&#8217; Cooperative, Osuusmets\u00e4. Through Osuusmets\u00e4, companies can access student labour for both short-term and long-term forestry tasks with direct invoicing. Osuusmets\u00e4 works in close collaboration with the School of Forest at the University of Eastern Finland.<\/p>\n\n\n\n<p class=\"has-text-align-center\"><\/p>\n\n\n\n<p class=\"has-text-align-center\"><\/p>\n\n\n    <div class=\"funders grid\">\n                        <a href=\"https:\/\/osuusmetsa.fi\/paasivusto\/\" class=\"funders__link grid__item hover-scale-down\" title=\"\">\n                            <div class=\"funders__image\">\n                    <img decoding=\"async\" src=\"https:\/\/blogs.uef.fi\/metsatieteet-yritysyhteistyo\/wp-content\/uploads\/sites\/226\/2024\/11\/OsuusMetsa_logo_150.png\" alt=\"Osuusmets\u00e4\" \/>\n                <\/div>\n                                                    <div class=\"funders__arrow\">\n                    <svg xmlns=\"http:\/\/www.w3.org\/2000\/svg\" height=\"25px\" viewBox=\"0 -960 960 960\" width=\"24px\" ><path fill=\"currentColor\" d=\"M200-120q-33 0-56.5-23.5T120-200v-560q0-33 23.5-56.5T200-840h280v80H200v560h560v-280h80v280q0 33-23.5 56.5T760-120H200Zm188-212-56-56 372-372H560v-80h280v280h-80v-144L388-332Z\"\/><\/svg>                    <\/div>\n                <\/a>\n                            \n            <\/div>\n\n\n\n<figure class=\"wp-block-image size-large is-resized\"><img loading=\"lazy\" decoding=\"async\" width=\"1024\" height=\"256\" src=\"https:\/\/blogs.uef.fi\/metsatieteet-yritysyhteistyo\/wp-content\/uploads\/sites\/226\/2024\/11\/3-1024x256.png\" alt=\"\" class=\"wp-image-653\" style=\"width:644px;height:auto\" srcset=\"https:\/\/blogs.uef.fi\/metsatieteet-yritysyhteistyo\/wp-content\/uploads\/sites\/226\/2024\/11\/3-1024x256.png 1024w, https:\/\/blogs.uef.fi\/metsatieteet-yritysyhteistyo\/wp-content\/uploads\/sites\/226\/2024\/11\/3-300x75.png 300w, https:\/\/blogs.uef.fi\/metsatieteet-yritysyhteistyo\/wp-content\/uploads\/sites\/226\/2024\/11\/3-768x192.png 768w, https:\/\/blogs.uef.fi\/metsatieteet-yritysyhteistyo\/wp-content\/uploads\/sites\/226\/2024\/11\/3-1536x384.png 1536w, https:\/\/blogs.uef.fi\/metsatieteet-yritysyhteistyo\/wp-content\/uploads\/sites\/226\/2024\/11\/3.png 1584w\" sizes=\"auto, (max-width: 1024px) 100vw, 1024px\" \/><\/figure>\n\n\n\n<h2 class=\"wp-block-heading has-text-align-center\"><br><\/h2>\n\n\n\n<div class=\"person-card\">\n    \n    <\/div>\n","protected":false},"excerpt":{"rendered":"<p>The forest sciences students at the University of Eastern Finland are versatile and highly skilled professionals. Their education spans a wide range of forestry and ecology disciplines, preparing them to contribute fresh perspectives and innovative knowledge to benefit businesses. Notably, 75% of our forest sciences students are international, bringing with them diverse global perspectives, extensive [&hellip;]<\/p>\n","protected":false},"author":717,"featured_media":0,"parent":0,"menu_order":0,"comment_status":"closed","ping_status":"closed","template":"","meta":{"_acf_changed":false,"footnotes":""},"class_list":["post-1694","page","type-page","status-publish","hentry"],"acf":[],"yoast_head":"<!-- This site is optimized with the Yoast SEO plugin v27.3 - https:\/\/yoast.com\/product\/yoast-seo-wordpress\/ -->\n<title>Internships - UEF - Mets\u00e4tieteet yritysyhteisty\u00f6<\/title>\n<meta name=\"robots\" content=\"index, follow, max-snippet:-1, max-image-preview:large, max-video-preview:-1\" \/>\n<link rel=\"canonical\" href=\"https:\/\/blogs.uef.fi\/metsatieteet-yritysyhteistyo\/internships\/\" \/>\n<meta property=\"og:locale\" content=\"fi_FI\" \/>\n<meta property=\"og:type\" content=\"article\" \/>\n<meta property=\"og:title\" content=\"Internships - UEF - Mets\u00e4tieteet yritysyhteisty\u00f6\" \/>\n<meta property=\"og:description\" content=\"The forest sciences students at the University of Eastern Finland are versatile and highly skilled professionals. Their education spans a wide range of forestry and ecology disciplines, preparing them to contribute fresh perspectives and innovative knowledge to benefit businesses. Notably, 75% of our forest sciences students are international, bringing with them diverse global perspectives, extensive [&hellip;]\" \/>\n<meta property=\"og:url\" content=\"https:\/\/blogs.uef.fi\/metsatieteet-yritysyhteistyo\/internships\/?lang=en\" \/>\n<meta property=\"og:site_name\" content=\"UEF - Mets\u00e4tieteet yritysyhteisty\u00f6\" \/>\n<meta property=\"article:modified_time\" content=\"2025-01-10T13:34:09+00:00\" \/>\n<meta property=\"og:image\" content=\"https:\/\/blogs.uef.fi\/metsatieteet-yritysyhteistyo\/wp-content\/uploads\/sites\/226\/2024\/11\/Nayttokuva-2024-11-12-kello-14.11.52-1024x639.png\" \/>\n<meta name=\"twitter:card\" content=\"summary_large_image\" \/>\n<meta name=\"twitter:label1\" content=\"Arvioitu lukuaika\" \/>\n\t<meta name=\"twitter:data1\" content=\"2 minuuttia\" \/>\n<script type=\"application\/ld+json\" class=\"yoast-schema-graph\">{\"@context\":\"https:\\\/\\\/schema.org\",\"@graph\":[{\"@type\":\"WebPage\",\"@id\":\"https:\\\/\\\/blogs.uef.fi\\\/metsatieteet-yritysyhteistyo\\\/internships\\\/?lang=en\",\"url\":\"https:\\\/\\\/blogs.uef.fi\\\/metsatieteet-yritysyhteistyo\\\/internships\\\/?lang=en\",\"name\":\"Internships - UEF - Mets\u00e4tieteet yritysyhteisty\u00f6\",\"isPartOf\":{\"@id\":\"https:\\\/\\\/blogs.uef.fi\\\/metsatieteet-yritysyhteistyo\\\/#website\"},\"primaryImageOfPage\":{\"@id\":\"https:\\\/\\\/blogs.uef.fi\\\/metsatieteet-yritysyhteistyo\\\/internships\\\/?lang=en#primaryimage\"},\"image\":{\"@id\":\"https:\\\/\\\/blogs.uef.fi\\\/metsatieteet-yritysyhteistyo\\\/internships\\\/?lang=en#primaryimage\"},\"thumbnailUrl\":\"https:\\\/\\\/blogs.uef.fi\\\/metsatieteet-yritysyhteistyo\\\/wp-content\\\/uploads\\\/sites\\\/226\\\/2024\\\/11\\\/Nayttokuva-2024-11-12-kello-14.11.52-1024x639.png\",\"datePublished\":\"2024-11-06T07:08:11+00:00\",\"dateModified\":\"2025-01-10T13:34:09+00:00\",\"breadcrumb\":{\"@id\":\"https:\\\/\\\/blogs.uef.fi\\\/metsatieteet-yritysyhteistyo\\\/internships\\\/?lang=en#breadcrumb\"},\"inLanguage\":\"fi\",\"potentialAction\":[{\"@type\":\"ReadAction\",\"target\":[\"https:\\\/\\\/blogs.uef.fi\\\/metsatieteet-yritysyhteistyo\\\/internships\\\/?lang=en\"]}]},{\"@type\":\"ImageObject\",\"inLanguage\":\"fi\",\"@id\":\"https:\\\/\\\/blogs.uef.fi\\\/metsatieteet-yritysyhteistyo\\\/internships\\\/?lang=en#primaryimage\",\"url\":\"https:\\\/\\\/blogs.uef.fi\\\/metsatieteet-yritysyhteistyo\\\/wp-content\\\/uploads\\\/sites\\\/226\\\/2024\\\/11\\\/Nayttokuva-2024-11-12-kello-14.11.52.png\",\"contentUrl\":\"https:\\\/\\\/blogs.uef.fi\\\/metsatieteet-yritysyhteistyo\\\/wp-content\\\/uploads\\\/sites\\\/226\\\/2024\\\/11\\\/Nayttokuva-2024-11-12-kello-14.11.52.png\",\"width\":1478,\"height\":922},{\"@type\":\"BreadcrumbList\",\"@id\":\"https:\\\/\\\/blogs.uef.fi\\\/metsatieteet-yritysyhteistyo\\\/internships\\\/?lang=en#breadcrumb\",\"itemListElement\":[{\"@type\":\"ListItem\",\"position\":1,\"name\":\"Home\",\"item\":\"https:\\\/\\\/blogs.uef.fi\\\/metsatieteet-yritysyhteistyo\\\/\"},{\"@type\":\"ListItem\",\"position\":2,\"name\":\"Internships\"}]},{\"@type\":\"WebSite\",\"@id\":\"https:\\\/\\\/blogs.uef.fi\\\/metsatieteet-yritysyhteistyo\\\/#website\",\"url\":\"https:\\\/\\\/blogs.uef.fi\\\/metsatieteet-yritysyhteistyo\\\/\",\"name\":\"UEF - Mets\u00e4tieteet yritysyhteisty\u00f6\",\"description\":\"\",\"potentialAction\":[{\"@type\":\"SearchAction\",\"target\":{\"@type\":\"EntryPoint\",\"urlTemplate\":\"https:\\\/\\\/blogs.uef.fi\\\/metsatieteet-yritysyhteistyo\\\/?s={search_term_string}\"},\"query-input\":{\"@type\":\"PropertyValueSpecification\",\"valueRequired\":true,\"valueName\":\"search_term_string\"}}],\"inLanguage\":\"fi\"}]}<\/script>\n<!-- \/ Yoast SEO plugin. -->","yoast_head_json":{"title":"Internships - UEF - Mets\u00e4tieteet yritysyhteisty\u00f6","robots":{"index":"index","follow":"follow","max-snippet":"max-snippet:-1","max-image-preview":"max-image-preview:large","max-video-preview":"max-video-preview:-1"},"canonical":"https:\/\/blogs.uef.fi\/metsatieteet-yritysyhteistyo\/internships\/","og_locale":"fi_FI","og_type":"article","og_title":"Internships - UEF - Mets\u00e4tieteet yritysyhteisty\u00f6","og_description":"The forest sciences students at the University of Eastern Finland are versatile and highly skilled professionals. Their education spans a wide range of forestry and ecology disciplines, preparing them to contribute fresh perspectives and innovative knowledge to benefit businesses. Notably, 75% of our forest sciences students are international, bringing with them diverse global perspectives, extensive [&hellip;]","og_url":"https:\/\/blogs.uef.fi\/metsatieteet-yritysyhteistyo\/internships\/?lang=en","og_site_name":"UEF - Mets\u00e4tieteet yritysyhteisty\u00f6","article_modified_time":"2025-01-10T13:34:09+00:00","og_image":[{"url":"https:\/\/blogs.uef.fi\/metsatieteet-yritysyhteistyo\/wp-content\/uploads\/sites\/226\/2024\/11\/Nayttokuva-2024-11-12-kello-14.11.52-1024x639.png","type":"","width":"","height":""}],"twitter_card":"summary_large_image","twitter_misc":{"Arvioitu lukuaika":"2 minuuttia"},"schema":{"@context":"https:\/\/schema.org","@graph":[{"@type":"WebPage","@id":"https:\/\/blogs.uef.fi\/metsatieteet-yritysyhteistyo\/internships\/?lang=en","url":"https:\/\/blogs.uef.fi\/metsatieteet-yritysyhteistyo\/internships\/?lang=en","name":"Internships - UEF - Mets\u00e4tieteet yritysyhteisty\u00f6","isPartOf":{"@id":"https:\/\/blogs.uef.fi\/metsatieteet-yritysyhteistyo\/#website"},"primaryImageOfPage":{"@id":"https:\/\/blogs.uef.fi\/metsatieteet-yritysyhteistyo\/internships\/?lang=en#primaryimage"},"image":{"@id":"https:\/\/blogs.uef.fi\/metsatieteet-yritysyhteistyo\/internships\/?lang=en#primaryimage"},"thumbnailUrl":"https:\/\/blogs.uef.fi\/metsatieteet-yritysyhteistyo\/wp-content\/uploads\/sites\/226\/2024\/11\/Nayttokuva-2024-11-12-kello-14.11.52-1024x639.png","datePublished":"2024-11-06T07:08:11+00:00","dateModified":"2025-01-10T13:34:09+00:00","breadcrumb":{"@id":"https:\/\/blogs.uef.fi\/metsatieteet-yritysyhteistyo\/internships\/?lang=en#breadcrumb"},"inLanguage":"fi","potentialAction":[{"@type":"ReadAction","target":["https:\/\/blogs.uef.fi\/metsatieteet-yritysyhteistyo\/internships\/?lang=en"]}]},{"@type":"ImageObject","inLanguage":"fi","@id":"https:\/\/blogs.uef.fi\/metsatieteet-yritysyhteistyo\/internships\/?lang=en#primaryimage","url":"https:\/\/blogs.uef.fi\/metsatieteet-yritysyhteistyo\/wp-content\/uploads\/sites\/226\/2024\/11\/Nayttokuva-2024-11-12-kello-14.11.52.png","contentUrl":"https:\/\/blogs.uef.fi\/metsatieteet-yritysyhteistyo\/wp-content\/uploads\/sites\/226\/2024\/11\/Nayttokuva-2024-11-12-kello-14.11.52.png","width":1478,"height":922},{"@type":"BreadcrumbList","@id":"https:\/\/blogs.uef.fi\/metsatieteet-yritysyhteistyo\/internships\/?lang=en#breadcrumb","itemListElement":[{"@type":"ListItem","position":1,"name":"Home","item":"https:\/\/blogs.uef.fi\/metsatieteet-yritysyhteistyo\/"},{"@type":"ListItem","position":2,"name":"Internships"}]},{"@type":"WebSite","@id":"https:\/\/blogs.uef.fi\/metsatieteet-yritysyhteistyo\/#website","url":"https:\/\/blogs.uef.fi\/metsatieteet-yritysyhteistyo\/","name":"UEF - Mets\u00e4tieteet yritysyhteisty\u00f6","description":"","potentialAction":[{"@type":"SearchAction","target":{"@type":"EntryPoint","urlTemplate":"https:\/\/blogs.uef.fi\/metsatieteet-yritysyhteistyo\/?s={search_term_string}"},"query-input":{"@type":"PropertyValueSpecification","valueRequired":true,"valueName":"search_term_string"}}],"inLanguage":"fi"}]}},"_links":{"self":[{"href":"https:\/\/blogs.uef.fi\/metsatieteet-yritysyhteistyo\/wp-json\/wp\/v2\/pages\/1694","targetHints":{"allow":["GET"]}}],"collection":[{"href":"https:\/\/blogs.uef.fi\/metsatieteet-yritysyhteistyo\/wp-json\/wp\/v2\/pages"}],"about":[{"href":"https:\/\/blogs.uef.fi\/metsatieteet-yritysyhteistyo\/wp-json\/wp\/v2\/types\/page"}],"author":[{"embeddable":true,"href":"https:\/\/blogs.uef.fi\/metsatieteet-yritysyhteistyo\/wp-json\/wp\/v2\/users\/717"}],"replies":[{"embeddable":true,"href":"https:\/\/blogs.uef.fi\/metsatieteet-yritysyhteistyo\/wp-json\/wp\/v2\/comments?post=1694"}],"version-history":[{"count":1,"href":"https:\/\/blogs.uef.fi\/metsatieteet-yritysyhteistyo\/wp-json\/wp\/v2\/pages\/1694\/revisions"}],"predecessor-version":[{"id":2402,"href":"https:\/\/blogs.uef.fi\/metsatieteet-yritysyhteistyo\/wp-json\/wp\/v2\/pages\/1694\/revisions\/2402"}],"wp:attachment":[{"href":"https:\/\/blogs.uef.fi\/metsatieteet-yritysyhteistyo\/wp-json\/wp\/v2\/media?parent=1694"}],"curies":[{"name":"wp","href":"https:\/\/api.w.org\/{rel}","templated":true}]}}