{"id":1260,"date":"2024-11-26T10:54:32","date_gmt":"2024-11-26T08:54:32","guid":{"rendered":"https:\/\/blogs.uef.fi\/metsatieteet-yritysyhteistyo\/?page_id=1260"},"modified":"2024-12-05T14:02:24","modified_gmt":"2024-12-05T12:02:24","slug":"minkalainen-tutkimusyhteistyo-kiinnosta","status":"publish","type":"page","link":"https:\/\/blogs.uef.fi\/metsatieteet-yritysyhteistyo\/minkalainen-tutkimusyhteistyo-kiinnosta\/","title":{"rendered":"Tutkimusyhteisty\u00f6"},"content":{"rendered":"    <div class=\"funders grid\">\n                        <a href=\"https:\/\/blogs.uef.fi\/metsatieteet-yritysyhteistyo\/opinnaytetyot-toimeksiannosta\/\" class=\"funders__link grid__item hover-scale-down\" title=\"\">\n                            <div class=\"funders__image\">\n                    <img decoding=\"async\" src=\"https:\/\/blogs.uef.fi\/metsatieteet-yritysyhteistyo\/wp-content\/uploads\/sites\/226\/2024\/11\/60.png\" alt=\"Opin\u00e4ytety\u00f6\" \/>\n                <\/div>\n                                                    <div class=\"funders__arrow\">\n                    <svg\n        width=\"43\" height=\"25\"\n        viewBox=\"0 0 43 25\"\n        xmlns=\"http:\/\/www.w3.org\/2000\/svg\">\n    <path\n        d=\"M30.027 0 43 12.5 30.027 25 27 22.083 34.351 15H0v-5h34.351L27 2.917z\"\n        fill=\"currentColor\"\n        fill-rule=\"evenodd\"\/>\n<\/svg>                    <\/div>\n                <\/a>\n                            \n                        <div class=\"funders__item grid__item\">\n                            <div class=\"funders__image\">\n                    <img decoding=\"async\" src=\"https:\/\/blogs.uef.fi\/metsatieteet-yritysyhteistyo\/wp-content\/uploads\/sites\/226\/2024\/11\/61.png\" alt=\"V\u00e4it\u00f6skirja\" \/>\n                <\/div>\n                                                <\/div>\n                        \n                        <a href=\"https:\/\/blogs.uef.fi\/metsatieteet-yritysyhteistyo\" class=\"funders__link grid__item hover-scale-down\" title=\"\">\n                            <div class=\"funders__image\">\n                    <img decoding=\"async\" src=\"https:\/\/blogs.uef.fi\/metsatieteet-yritysyhteistyo\/wp-content\/uploads\/sites\/226\/2024\/11\/62.png\" alt=\"Tutkimushankkeet\" \/>\n                <\/div>\n                                                    <div class=\"funders__arrow\">\n                    <svg\n        width=\"43\" height=\"25\"\n        viewBox=\"0 0 43 25\"\n        xmlns=\"http:\/\/www.w3.org\/2000\/svg\">\n    <path\n        d=\"M30.027 0 43 12.5 30.027 25 27 22.083 34.351 15H0v-5h34.351L27 2.917z\"\n        fill=\"currentColor\"\n        fill-rule=\"evenodd\"\/>\n<\/svg>                    <\/div>\n                <\/a>\n                            \n            <\/div>\n","protected":false},"excerpt":{"rendered":"","protected":false},"author":717,"featured_media":0,"parent":0,"menu_order":0,"comment_status":"closed","ping_status":"closed","template":"","meta":{"_acf_changed":false,"footnotes":""},"class_list":["post-1260","page","type-page","status-publish","hentry"],"acf":[],"yoast_head":"<!-- This site is optimized with the Yoast SEO plugin v27.1.1 - https:\/\/yoast.com\/product\/yoast-seo-wordpress\/ -->\n<title>Tutkimusyhteisty\u00f6 - UEF - Mets\u00e4tieteet yritysyhteisty\u00f6<\/title>\n<meta name=\"robots\" content=\"index, follow, max-snippet:-1, max-image-preview:large, max-video-preview:-1\" \/>\n<link rel=\"canonical\" href=\"https:\/\/blogs.uef.fi\/metsatieteet-yritysyhteistyo\/minkalainen-tutkimusyhteistyo-kiinnosta\/\" \/>\n<meta property=\"og:locale\" content=\"fi_FI\" \/>\n<meta property=\"og:type\" content=\"article\" \/>\n<meta property=\"og:title\" content=\"Tutkimusyhteisty\u00f6 - UEF - Mets\u00e4tieteet yritysyhteisty\u00f6\" \/>\n<meta property=\"og:url\" content=\"https:\/\/blogs.uef.fi\/metsatieteet-yritysyhteistyo\/minkalainen-tutkimusyhteistyo-kiinnosta\/\" \/>\n<meta property=\"og:site_name\" content=\"UEF - Mets\u00e4tieteet yritysyhteisty\u00f6\" \/>\n<meta property=\"article:modified_time\" content=\"2024-12-05T12:02:24+00:00\" \/>\n<meta name=\"twitter:card\" content=\"summary_large_image\" \/>\n<script type=\"application\/ld+json\" class=\"yoast-schema-graph\">{\"@context\":\"https:\/\/schema.org\",\"@graph\":[{\"@type\":\"WebPage\",\"@id\":\"https:\/\/blogs.uef.fi\/metsatieteet-yritysyhteistyo\/minkalainen-tutkimusyhteistyo-kiinnosta\/\",\"url\":\"https:\/\/blogs.uef.fi\/metsatieteet-yritysyhteistyo\/minkalainen-tutkimusyhteistyo-kiinnosta\/\",\"name\":\"Tutkimusyhteisty\u00f6 - UEF - Mets\u00e4tieteet yritysyhteisty\u00f6\",\"isPartOf\":{\"@id\":\"https:\/\/blogs.uef.fi\/metsatieteet-yritysyhteistyo\/#website\"},\"datePublished\":\"2024-11-26T08:54:32+00:00\",\"dateModified\":\"2024-12-05T12:02:24+00:00\",\"breadcrumb\":{\"@id\":\"https:\/\/blogs.uef.fi\/metsatieteet-yritysyhteistyo\/minkalainen-tutkimusyhteistyo-kiinnosta\/#breadcrumb\"},\"inLanguage\":\"fi\",\"potentialAction\":[{\"@type\":\"ReadAction\",\"target\":[\"https:\/\/blogs.uef.fi\/metsatieteet-yritysyhteistyo\/minkalainen-tutkimusyhteistyo-kiinnosta\/\"]}]},{\"@type\":\"BreadcrumbList\",\"@id\":\"https:\/\/blogs.uef.fi\/metsatieteet-yritysyhteistyo\/minkalainen-tutkimusyhteistyo-kiinnosta\/#breadcrumb\",\"itemListElement\":[{\"@type\":\"ListItem\",\"position\":1,\"name\":\"Home\",\"item\":\"https:\/\/blogs.uef.fi\/metsatieteet-yritysyhteistyo\/\"},{\"@type\":\"ListItem\",\"position\":2,\"name\":\"Tutkimusyhteisty\u00f6\"}]},{\"@type\":\"WebSite\",\"@id\":\"https:\/\/blogs.uef.fi\/metsatieteet-yritysyhteistyo\/#website\",\"url\":\"https:\/\/blogs.uef.fi\/metsatieteet-yritysyhteistyo\/\",\"name\":\"UEF - Mets\u00e4tieteet yritysyhteisty\u00f6\",\"description\":\"\",\"potentialAction\":[{\"@type\":\"SearchAction\",\"target\":{\"@type\":\"EntryPoint\",\"urlTemplate\":\"https:\/\/blogs.uef.fi\/metsatieteet-yritysyhteistyo\/?s={search_term_string}\"},\"query-input\":{\"@type\":\"PropertyValueSpecification\",\"valueRequired\":true,\"valueName\":\"search_term_string\"}}],\"inLanguage\":\"fi\"}]}<\/script>\n<!-- \/ Yoast SEO plugin. -->","yoast_head_json":{"title":"Tutkimusyhteisty\u00f6 - UEF - Mets\u00e4tieteet yritysyhteisty\u00f6","robots":{"index":"index","follow":"follow","max-snippet":"max-snippet:-1","max-image-preview":"max-image-preview:large","max-video-preview":"max-video-preview:-1"},"canonical":"https:\/\/blogs.uef.fi\/metsatieteet-yritysyhteistyo\/minkalainen-tutkimusyhteistyo-kiinnosta\/","og_locale":"fi_FI","og_type":"article","og_title":"Tutkimusyhteisty\u00f6 - UEF - Mets\u00e4tieteet yritysyhteisty\u00f6","og_url":"https:\/\/blogs.uef.fi\/metsatieteet-yritysyhteistyo\/minkalainen-tutkimusyhteistyo-kiinnosta\/","og_site_name":"UEF - Mets\u00e4tieteet yritysyhteisty\u00f6","article_modified_time":"2024-12-05T12:02:24+00:00","twitter_card":"summary_large_image","schema":{"@context":"https:\/\/schema.org","@graph":[{"@type":"WebPage","@id":"https:\/\/blogs.uef.fi\/metsatieteet-yritysyhteistyo\/minkalainen-tutkimusyhteistyo-kiinnosta\/","url":"https:\/\/blogs.uef.fi\/metsatieteet-yritysyhteistyo\/minkalainen-tutkimusyhteistyo-kiinnosta\/","name":"Tutkimusyhteisty\u00f6 - UEF - Mets\u00e4tieteet yritysyhteisty\u00f6","isPartOf":{"@id":"https:\/\/blogs.uef.fi\/metsatieteet-yritysyhteistyo\/#website"},"datePublished":"2024-11-26T08:54:32+00:00","dateModified":"2024-12-05T12:02:24+00:00","breadcrumb":{"@id":"https:\/\/blogs.uef.fi\/metsatieteet-yritysyhteistyo\/minkalainen-tutkimusyhteistyo-kiinnosta\/#breadcrumb"},"inLanguage":"fi","potentialAction":[{"@type":"ReadAction","target":["https:\/\/blogs.uef.fi\/metsatieteet-yritysyhteistyo\/minkalainen-tutkimusyhteistyo-kiinnosta\/"]}]},{"@type":"BreadcrumbList","@id":"https:\/\/blogs.uef.fi\/metsatieteet-yritysyhteistyo\/minkalainen-tutkimusyhteistyo-kiinnosta\/#breadcrumb","itemListElement":[{"@type":"ListItem","position":1,"name":"Home","item":"https:\/\/blogs.uef.fi\/metsatieteet-yritysyhteistyo\/"},{"@type":"ListItem","position":2,"name":"Tutkimusyhteisty\u00f6"}]},{"@type":"WebSite","@id":"https:\/\/blogs.uef.fi\/metsatieteet-yritysyhteistyo\/#website","url":"https:\/\/blogs.uef.fi\/metsatieteet-yritysyhteistyo\/","name":"UEF - Mets\u00e4tieteet yritysyhteisty\u00f6","description":"","potentialAction":[{"@type":"SearchAction","target":{"@type":"EntryPoint","urlTemplate":"https:\/\/blogs.uef.fi\/metsatieteet-yritysyhteistyo\/?s={search_term_string}"},"query-input":{"@type":"PropertyValueSpecification","valueRequired":true,"valueName":"search_term_string"}}],"inLanguage":"fi"}]}},"_links":{"self":[{"href":"https:\/\/blogs.uef.fi\/metsatieteet-yritysyhteistyo\/wp-json\/wp\/v2\/pages\/1260","targetHints":{"allow":["GET"]}}],"collection":[{"href":"https:\/\/blogs.uef.fi\/metsatieteet-yritysyhteistyo\/wp-json\/wp\/v2\/pages"}],"about":[{"href":"https:\/\/blogs.uef.fi\/metsatieteet-yritysyhteistyo\/wp-json\/wp\/v2\/types\/page"}],"author":[{"embeddable":true,"href":"https:\/\/blogs.uef.fi\/metsatieteet-yritysyhteistyo\/wp-json\/wp\/v2\/users\/717"}],"replies":[{"embeddable":true,"href":"https:\/\/blogs.uef.fi\/metsatieteet-yritysyhteistyo\/wp-json\/wp\/v2\/comments?post=1260"}],"version-history":[{"count":1,"href":"https:\/\/blogs.uef.fi\/metsatieteet-yritysyhteistyo\/wp-json\/wp\/v2\/pages\/1260\/revisions"}],"predecessor-version":[{"id":1861,"href":"https:\/\/blogs.uef.fi\/metsatieteet-yritysyhteistyo\/wp-json\/wp\/v2\/pages\/1260\/revisions\/1861"}],"wp:attachment":[{"href":"https:\/\/blogs.uef.fi\/metsatieteet-yritysyhteistyo\/wp-json\/wp\/v2\/media?parent=1260"}],"curies":[{"name":"wp","href":"https:\/\/api.w.org\/{rel}","templated":true}]}}