{"id":83,"date":"2026-01-27T13:09:30","date_gmt":"2026-01-27T13:09:30","guid":{"rendered":"https:\/\/blogs.uef.fi\/maara-korvaa-maaran\/?page_id=83"},"modified":"2026-02-04T08:49:47","modified_gmt":"2026-02-04T06:49:47","slug":"tietoja-blogista","status":"publish","type":"page","link":"https:\/\/blogs.uef.fi\/maara-korvaa-maaran\/tietoja-blogista\/","title":{"rendered":"Tietoja blogista"},"content":{"rendered":"\n<p><em>M\u00e4\u00e4r\u00e4 korvaa m\u00e4\u00e4r\u00e4n<\/em>&nbsp;toteamus juontaa parin vuoden taakse, kun istuimme jossain tuskittelemassa (j\u00e4lleen kerran) yliopiston tilaa. Kaikesta laatupuheesta ja erilaisista auditoinneista huolimatta nyky-yliopistoa \u2014 nyky-yliopiston \u201dlaatua\u201d eli&nbsp;<em>tuottavuutta<\/em>&nbsp;\u2014 mitataan m\u00e4\u00e4r\u00e4llisesti. Miten sit\u00e4 edes voitaisiin laadullisesti&nbsp;<em>mitata<\/em>? Mittaaminen tekee mahdolliseksi laskemisen, ja eri tavoin laskemalla saadaan aikaiseksi erilaisia indikaattorilukemia. Onneksi miss\u00e4\u00e4n ei sent\u00e4\u00e4n julkisesti taideta en\u00e4\u00e4 vakuutella, ett\u00e4 \u201dlaatu korvaa m\u00e4\u00e4r\u00e4n\u201d \u2014 olisihan moinen v\u00e4itt\u00e4m\u00e4 per\u00e4ti mit\u00e4 puhtainta puutahein\u00e4\u00e4, ja vaikka yliopisto monenlaista tuottaakin, niin ei nyt ihan valheita sent\u00e4\u00e4n.<\/p>\n\n\n\n<p>Yliopistojen \u201dlaadukkuuden\u201d m\u00e4\u00e4r\u00e4llisest\u00e4 mittaamisesta on hiljattain julkaistu mainio tekstikokoelma&nbsp;<strong><a href=\"https:\/\/vastapaino.fi\/sivu\/tuote\/akateeminen-kapinakirja\/5346425\">Akateeminen kapinakirja<\/a><\/strong>. Helppolukuinen ja mukaansa tempaava kokoelma avaa yliopistoty\u00f6h\u00f6n n\u00e4k\u00f6aloja, jotka ovat tuttuja maisemia jokaiselle yliopistossa ty\u00f6skentelev\u00e4lle.<\/p>\n\n\n\n<p>T\u00e4m\u00e4 blogi on It\u00e4-Suomen yliopiston (UEF)&nbsp;<em><a href=\"https:\/\/uefconnect.uef.fi\/maara-korvaa-maaran\/\">M\u00e4\u00e4r\u00e4 korvaa m\u00e4\u00e4r\u00e4n<\/a><\/em>&nbsp;-tutkimusryhm\u00e4n julkaisualusta. Tavoitteenamme on julkaista kerran kuukaudessa kasvatuksen ja opetuksen henkist\u00e4 tilaa ja tulevaisuutta pohtivia tekstej\u00e4. Vaikka ryhm\u00e4mme alkuper\u00e4inen liikkeelle paneva voima liittyykin yliopistoon, k\u00e4sittelemme tutkimuksissamme kasvatusta sen kaikissa konteksteissa, puntaroiden sen&nbsp;<strong>sivistysperustaa ja eettisi\u00e4 tavoitteita<\/strong>.<\/p>\n\n\n\n<h2 class=\"wp-block-heading\">Keit\u00e4 olemme<\/h2>\n\n\n\n<ul class=\"wp-block-list\">\n<li>Ari Sivenius \u2014 vanhempi tutkija \/ yliopistonlehtori (metodologia)<\/li>\n\n\n\n<li>Jussi M\u00e4kel\u00e4 \u2014 tutkijatohtori \/ yliopisto-opettaja (kuvataidekasvatus)<\/li>\n\n\n\n<li>Tuomas Korhonen \u2014 v\u00e4it\u00f6skirjatutkija \/ yliopisto-opettaja (liikuntakasvatus)<\/li>\n<\/ul>\n","protected":false},"excerpt":{"rendered":"<p>M\u00e4\u00e4r\u00e4 korvaa m\u00e4\u00e4r\u00e4n&nbsp;toteamus juontaa parin vuoden taakse, kun istuimme jossain tuskittelemassa (j\u00e4lleen kerran) yliopiston tilaa. Kaikesta laatupuheesta ja erilaisista auditoinneista huolimatta nyky-yliopistoa \u2014 nyky-yliopiston \u201dlaatua\u201d eli&nbsp;tuottavuutta&nbsp;\u2014 mitataan m\u00e4\u00e4r\u00e4llisesti. Miten sit\u00e4 edes voitaisiin laadullisesti&nbsp;mitata? Mittaaminen tekee mahdolliseksi laskemisen, ja eri tavoin laskemalla saadaan aikaiseksi erilaisia indikaattorilukemia. Onneksi miss\u00e4\u00e4n ei sent\u00e4\u00e4n julkisesti taideta en\u00e4\u00e4 vakuutella, ett\u00e4 \u201dlaatu [&hellip;]<\/p>\n","protected":false},"author":769,"featured_media":0,"parent":0,"menu_order":3,"comment_status":"closed","ping_status":"closed","template":"","meta":{"_acf_changed":false,"footnotes":""},"class_list":["post-83","page","type-page","status-publish","hentry"],"acf":[],"yoast_head":"<!-- This site is optimized with the Yoast SEO plugin v27.1.1 - https:\/\/yoast.com\/product\/yoast-seo-wordpress\/ -->\n<title>Tietoja blogista - M\u00e4\u00e4r\u00e4 korvaa m\u00e4\u00e4r\u00e4n<\/title>\n<meta name=\"robots\" content=\"index, follow, max-snippet:-1, max-image-preview:large, max-video-preview:-1\" \/>\n<link rel=\"canonical\" href=\"https:\/\/blogs.uef.fi\/maara-korvaa-maaran\/tietoja-blogista\/\" \/>\n<meta property=\"og:locale\" content=\"fi_FI\" \/>\n<meta property=\"og:type\" content=\"article\" \/>\n<meta property=\"og:title\" content=\"Tietoja blogista - M\u00e4\u00e4r\u00e4 korvaa m\u00e4\u00e4r\u00e4n\" \/>\n<meta property=\"og:description\" content=\"M\u00e4\u00e4r\u00e4 korvaa m\u00e4\u00e4r\u00e4n&nbsp;toteamus juontaa parin vuoden taakse, kun istuimme jossain tuskittelemassa (j\u00e4lleen kerran) yliopiston tilaa. Kaikesta laatupuheesta ja erilaisista auditoinneista huolimatta nyky-yliopistoa \u2014 nyky-yliopiston \u201dlaatua\u201d eli&nbsp;tuottavuutta&nbsp;\u2014 mitataan m\u00e4\u00e4r\u00e4llisesti. Miten sit\u00e4 edes voitaisiin laadullisesti&nbsp;mitata? Mittaaminen tekee mahdolliseksi laskemisen, ja eri tavoin laskemalla saadaan aikaiseksi erilaisia indikaattorilukemia. Onneksi miss\u00e4\u00e4n ei sent\u00e4\u00e4n julkisesti taideta en\u00e4\u00e4 vakuutella, ett\u00e4 \u201dlaatu [&hellip;]\" \/>\n<meta property=\"og:url\" content=\"https:\/\/blogs.uef.fi\/maara-korvaa-maaran\/tietoja-blogista\/\" \/>\n<meta property=\"og:site_name\" content=\"M\u00e4\u00e4r\u00e4 korvaa m\u00e4\u00e4r\u00e4n\" \/>\n<meta property=\"article:modified_time\" content=\"2026-02-04T06:49:47+00:00\" \/>\n<meta name=\"twitter:card\" content=\"summary_large_image\" \/>\n<meta name=\"twitter:label1\" content=\"Arvioitu lukuaika\" \/>\n\t<meta name=\"twitter:data1\" content=\"2 minuuttia\" \/>\n<script type=\"application\/ld+json\" class=\"yoast-schema-graph\">{\"@context\":\"https:\/\/schema.org\",\"@graph\":[{\"@type\":\"WebPage\",\"@id\":\"https:\/\/blogs.uef.fi\/maara-korvaa-maaran\/tietoja-blogista\/\",\"url\":\"https:\/\/blogs.uef.fi\/maara-korvaa-maaran\/tietoja-blogista\/\",\"name\":\"Tietoja blogista - M\u00e4\u00e4r\u00e4 korvaa m\u00e4\u00e4r\u00e4n\",\"isPartOf\":{\"@id\":\"https:\/\/blogs.uef.fi\/maara-korvaa-maaran\/#website\"},\"datePublished\":\"2026-01-27T13:09:30+00:00\",\"dateModified\":\"2026-02-04T06:49:47+00:00\",\"breadcrumb\":{\"@id\":\"https:\/\/blogs.uef.fi\/maara-korvaa-maaran\/tietoja-blogista\/#breadcrumb\"},\"inLanguage\":\"fi\",\"potentialAction\":[{\"@type\":\"ReadAction\",\"target\":[\"https:\/\/blogs.uef.fi\/maara-korvaa-maaran\/tietoja-blogista\/\"]}]},{\"@type\":\"BreadcrumbList\",\"@id\":\"https:\/\/blogs.uef.fi\/maara-korvaa-maaran\/tietoja-blogista\/#breadcrumb\",\"itemListElement\":[{\"@type\":\"ListItem\",\"position\":1,\"name\":\"Home\",\"item\":\"https:\/\/blogs.uef.fi\/maara-korvaa-maaran\/\"},{\"@type\":\"ListItem\",\"position\":2,\"name\":\"Tietoja blogista\"}]},{\"@type\":\"WebSite\",\"@id\":\"https:\/\/blogs.uef.fi\/maara-korvaa-maaran\/#website\",\"url\":\"https:\/\/blogs.uef.fi\/maara-korvaa-maaran\/\",\"name\":\"M\u00e4\u00e4r\u00e4 korvaa m\u00e4\u00e4r\u00e4n\",\"description\":\"\",\"potentialAction\":[{\"@type\":\"SearchAction\",\"target\":{\"@type\":\"EntryPoint\",\"urlTemplate\":\"https:\/\/blogs.uef.fi\/maara-korvaa-maaran\/?s={search_term_string}\"},\"query-input\":{\"@type\":\"PropertyValueSpecification\",\"valueRequired\":true,\"valueName\":\"search_term_string\"}}],\"inLanguage\":\"fi\"}]}<\/script>\n<!-- \/ Yoast SEO plugin. -->","yoast_head_json":{"title":"Tietoja blogista - M\u00e4\u00e4r\u00e4 korvaa m\u00e4\u00e4r\u00e4n","robots":{"index":"index","follow":"follow","max-snippet":"max-snippet:-1","max-image-preview":"max-image-preview:large","max-video-preview":"max-video-preview:-1"},"canonical":"https:\/\/blogs.uef.fi\/maara-korvaa-maaran\/tietoja-blogista\/","og_locale":"fi_FI","og_type":"article","og_title":"Tietoja blogista - M\u00e4\u00e4r\u00e4 korvaa m\u00e4\u00e4r\u00e4n","og_description":"M\u00e4\u00e4r\u00e4 korvaa m\u00e4\u00e4r\u00e4n&nbsp;toteamus juontaa parin vuoden taakse, kun istuimme jossain tuskittelemassa (j\u00e4lleen kerran) yliopiston tilaa. Kaikesta laatupuheesta ja erilaisista auditoinneista huolimatta nyky-yliopistoa \u2014 nyky-yliopiston \u201dlaatua\u201d eli&nbsp;tuottavuutta&nbsp;\u2014 mitataan m\u00e4\u00e4r\u00e4llisesti. Miten sit\u00e4 edes voitaisiin laadullisesti&nbsp;mitata? Mittaaminen tekee mahdolliseksi laskemisen, ja eri tavoin laskemalla saadaan aikaiseksi erilaisia indikaattorilukemia. Onneksi miss\u00e4\u00e4n ei sent\u00e4\u00e4n julkisesti taideta en\u00e4\u00e4 vakuutella, ett\u00e4 \u201dlaatu [&hellip;]","og_url":"https:\/\/blogs.uef.fi\/maara-korvaa-maaran\/tietoja-blogista\/","og_site_name":"M\u00e4\u00e4r\u00e4 korvaa m\u00e4\u00e4r\u00e4n","article_modified_time":"2026-02-04T06:49:47+00:00","twitter_card":"summary_large_image","twitter_misc":{"Arvioitu lukuaika":"2 minuuttia"},"schema":{"@context":"https:\/\/schema.org","@graph":[{"@type":"WebPage","@id":"https:\/\/blogs.uef.fi\/maara-korvaa-maaran\/tietoja-blogista\/","url":"https:\/\/blogs.uef.fi\/maara-korvaa-maaran\/tietoja-blogista\/","name":"Tietoja blogista - M\u00e4\u00e4r\u00e4 korvaa m\u00e4\u00e4r\u00e4n","isPartOf":{"@id":"https:\/\/blogs.uef.fi\/maara-korvaa-maaran\/#website"},"datePublished":"2026-01-27T13:09:30+00:00","dateModified":"2026-02-04T06:49:47+00:00","breadcrumb":{"@id":"https:\/\/blogs.uef.fi\/maara-korvaa-maaran\/tietoja-blogista\/#breadcrumb"},"inLanguage":"fi","potentialAction":[{"@type":"ReadAction","target":["https:\/\/blogs.uef.fi\/maara-korvaa-maaran\/tietoja-blogista\/"]}]},{"@type":"BreadcrumbList","@id":"https:\/\/blogs.uef.fi\/maara-korvaa-maaran\/tietoja-blogista\/#breadcrumb","itemListElement":[{"@type":"ListItem","position":1,"name":"Home","item":"https:\/\/blogs.uef.fi\/maara-korvaa-maaran\/"},{"@type":"ListItem","position":2,"name":"Tietoja blogista"}]},{"@type":"WebSite","@id":"https:\/\/blogs.uef.fi\/maara-korvaa-maaran\/#website","url":"https:\/\/blogs.uef.fi\/maara-korvaa-maaran\/","name":"M\u00e4\u00e4r\u00e4 korvaa m\u00e4\u00e4r\u00e4n","description":"","potentialAction":[{"@type":"SearchAction","target":{"@type":"EntryPoint","urlTemplate":"https:\/\/blogs.uef.fi\/maara-korvaa-maaran\/?s={search_term_string}"},"query-input":{"@type":"PropertyValueSpecification","valueRequired":true,"valueName":"search_term_string"}}],"inLanguage":"fi"}]}},"_links":{"self":[{"href":"https:\/\/blogs.uef.fi\/maara-korvaa-maaran\/wp-json\/wp\/v2\/pages\/83","targetHints":{"allow":["GET"]}}],"collection":[{"href":"https:\/\/blogs.uef.fi\/maara-korvaa-maaran\/wp-json\/wp\/v2\/pages"}],"about":[{"href":"https:\/\/blogs.uef.fi\/maara-korvaa-maaran\/wp-json\/wp\/v2\/types\/page"}],"author":[{"embeddable":true,"href":"https:\/\/blogs.uef.fi\/maara-korvaa-maaran\/wp-json\/wp\/v2\/users\/769"}],"replies":[{"embeddable":true,"href":"https:\/\/blogs.uef.fi\/maara-korvaa-maaran\/wp-json\/wp\/v2\/comments?post=83"}],"version-history":[{"count":1,"href":"https:\/\/blogs.uef.fi\/maara-korvaa-maaran\/wp-json\/wp\/v2\/pages\/83\/revisions"}],"predecessor-version":[{"id":172,"href":"https:\/\/blogs.uef.fi\/maara-korvaa-maaran\/wp-json\/wp\/v2\/pages\/83\/revisions\/172"}],"wp:attachment":[{"href":"https:\/\/blogs.uef.fi\/maara-korvaa-maaran\/wp-json\/wp\/v2\/media?parent=83"}],"curies":[{"name":"wp","href":"https:\/\/api.w.org\/{rel}","templated":true}]}}