{"id":79,"date":"2025-02-07T13:02:33","date_gmt":"2025-02-07T13:02:33","guid":{"rendered":"https:\/\/blogs.uef.fi\/luterilaiset-maskuliinisuudet\/?page_id=79"},"modified":"2025-02-21T17:28:24","modified_gmt":"2025-02-21T15:28:24","slug":"tietoa-blogista-about-the-blog","status":"publish","type":"page","link":"https:\/\/blogs.uef.fi\/luterilaiset-maskuliinisuudet\/tietoa-blogista-about-the-blog\/","title":{"rendered":"Tietoa blogista"},"content":{"rendered":"\n<p>Blogi on hankkeen <em><a href=\"https:\/\/uefconnect.uef.fi\/luterilaiset-maskuliinisuudet-1517\u20131937\/\">Luterilaiset maskuliinisuudet 1517\u20131937<\/a><\/em> tutkijoiden yll\u00e4pit\u00e4m\u00e4 kurkistusikkuna tieteelliseen tutkimukseen, akateemisen ty\u00f6n arkeen ja menneisyyden mieheyksiin. Postaamme yleistajuisia tekstej\u00e4, jotka liittyv\u00e4t joko hankkeen sis\u00e4lt\u00f6ihin tai tutkijanel\u00e4m\u00e4\u00e4n menneisyyden miesten ja maskuliinisuuksien tarkastelun puitteissa.<\/p>\n\n\n\n<p>Blogiin kirjoittavat hankkeen johtaja, kirkkohistorian yliopistonlehtori ja dosentti <a href=\"https:\/\/uefconnect.uef.fi\/sini.mikkola\/\">Sini Mikkola<\/a>, tutkijatohtori, dosentti <a href=\"https:\/\/uefconnect.uef.fi\/miia.kuha\/\">Miia Kuha<\/a>, teologian maisteri ja projektitutkija <a href=\"https:\/\/uefconnect.uef.fi\/tapio.leinonen\/\">Tapio Leinonen<\/a> sek\u00e4 teologian maisteri ja v\u00e4it\u00f6skirjatutkija <a href=\"https:\/\/uefconnect.uef.fi\/hanna.poyry\/\">Hanna P\u00f6yry<\/a>.<\/p>\n\n\n\n<p><\/p>\n","protected":false},"excerpt":{"rendered":"<p>Blogi on hankkeen Luterilaiset maskuliinisuudet 1517\u20131937 tutkijoiden yll\u00e4pit\u00e4m\u00e4 kurkistusikkuna tieteelliseen tutkimukseen, akateemisen ty\u00f6n arkeen ja menneisyyden mieheyksiin. Postaamme yleistajuisia tekstej\u00e4, jotka liittyv\u00e4t joko hankkeen sis\u00e4lt\u00f6ihin tai tutkijanel\u00e4m\u00e4\u00e4n menneisyyden miesten ja maskuliinisuuksien tarkastelun puitteissa. Blogiin kirjoittavat hankkeen johtaja, kirkkohistorian yliopistonlehtori ja dosentti Sini Mikkola, tutkijatohtori, dosentti Miia Kuha, teologian maisteri ja projektitutkija Tapio Leinonen sek\u00e4 teologian [&hellip;]<\/p>\n","protected":false},"author":1,"featured_media":88,"parent":0,"menu_order":0,"comment_status":"closed","ping_status":"closed","template":"","meta":{"_acf_changed":false,"footnotes":""},"class_list":["post-79","page","type-page","status-publish","has-post-thumbnail","hentry"],"acf":[],"yoast_head":"<!-- This site is optimized with the Yoast SEO plugin v27.3 - https:\/\/yoast.com\/product\/yoast-seo-wordpress\/ -->\n<title>Tietoa blogista - Luterilaiset maskuliinisuudet 1517\u20131937<\/title>\n<meta name=\"robots\" content=\"index, follow, max-snippet:-1, max-image-preview:large, max-video-preview:-1\" \/>\n<link rel=\"canonical\" href=\"https:\/\/blogs.uef.fi\/luterilaiset-maskuliinisuudet\/tietoa-blogista-about-the-blog\/\" \/>\n<meta property=\"og:locale\" content=\"fi_FI\" \/>\n<meta property=\"og:type\" content=\"article\" \/>\n<meta property=\"og:title\" content=\"Tietoa blogista - Luterilaiset maskuliinisuudet 1517\u20131937\" \/>\n<meta property=\"og:description\" content=\"Blogi on hankkeen Luterilaiset maskuliinisuudet 1517\u20131937 tutkijoiden yll\u00e4pit\u00e4m\u00e4 kurkistusikkuna tieteelliseen tutkimukseen, akateemisen ty\u00f6n arkeen ja menneisyyden mieheyksiin. Postaamme yleistajuisia tekstej\u00e4, jotka liittyv\u00e4t joko hankkeen sis\u00e4lt\u00f6ihin tai tutkijanel\u00e4m\u00e4\u00e4n menneisyyden miesten ja maskuliinisuuksien tarkastelun puitteissa. Blogiin kirjoittavat hankkeen johtaja, kirkkohistorian yliopistonlehtori ja dosentti Sini Mikkola, tutkijatohtori, dosentti Miia Kuha, teologian maisteri ja projektitutkija Tapio Leinonen sek\u00e4 teologian [&hellip;]\" \/>\n<meta property=\"og:url\" content=\"https:\/\/blogs.uef.fi\/luterilaiset-maskuliinisuudet\/tietoa-blogista-about-the-blog\/\" \/>\n<meta property=\"og:site_name\" content=\"Luterilaiset maskuliinisuudet 1517\u20131937\" \/>\n<meta property=\"article:modified_time\" content=\"2025-02-21T15:28:24+00:00\" \/>\n<meta property=\"og:image\" content=\"https:\/\/blogs.uef.fi\/luterilaiset-maskuliinisuudet\/wp-content\/uploads\/sites\/229\/2025\/02\/Martin_Luther_and_Reformers_RMCC_s10-2-scaled.jpg\" \/>\n\t<meta property=\"og:image:width\" content=\"2560\" \/>\n\t<meta property=\"og:image:height\" content=\"1928\" \/>\n\t<meta property=\"og:image:type\" content=\"image\/jpeg\" \/>\n<meta name=\"twitter:card\" content=\"summary_large_image\" \/>\n<meta name=\"twitter:label1\" content=\"Arvioitu lukuaika\" \/>\n\t<meta name=\"twitter:data1\" content=\"1 minuutti\" \/>\n<script type=\"application\/ld+json\" class=\"yoast-schema-graph\">{\"@context\":\"https:\\\/\\\/schema.org\",\"@graph\":[{\"@type\":\"WebPage\",\"@id\":\"https:\\\/\\\/blogs.uef.fi\\\/luterilaiset-maskuliinisuudet\\\/tietoa-blogista-about-the-blog\\\/\",\"url\":\"https:\\\/\\\/blogs.uef.fi\\\/luterilaiset-maskuliinisuudet\\\/tietoa-blogista-about-the-blog\\\/\",\"name\":\"Tietoa blogista - Luterilaiset maskuliinisuudet 1517\u20131937\",\"isPartOf\":{\"@id\":\"https:\\\/\\\/blogs.uef.fi\\\/luterilaiset-maskuliinisuudet\\\/#website\"},\"primaryImageOfPage\":{\"@id\":\"https:\\\/\\\/blogs.uef.fi\\\/luterilaiset-maskuliinisuudet\\\/tietoa-blogista-about-the-blog\\\/#primaryimage\"},\"image\":{\"@id\":\"https:\\\/\\\/blogs.uef.fi\\\/luterilaiset-maskuliinisuudet\\\/tietoa-blogista-about-the-blog\\\/#primaryimage\"},\"thumbnailUrl\":\"https:\\\/\\\/blogs.uef.fi\\\/luterilaiset-maskuliinisuudet\\\/wp-content\\\/uploads\\\/sites\\\/229\\\/2025\\\/02\\\/Martin_Luther_and_Reformers_RMCC_s10-2-scaled.jpg\",\"datePublished\":\"2025-02-07T13:02:33+00:00\",\"dateModified\":\"2025-02-21T15:28:24+00:00\",\"breadcrumb\":{\"@id\":\"https:\\\/\\\/blogs.uef.fi\\\/luterilaiset-maskuliinisuudet\\\/tietoa-blogista-about-the-blog\\\/#breadcrumb\"},\"inLanguage\":\"fi\",\"potentialAction\":[{\"@type\":\"ReadAction\",\"target\":[\"https:\\\/\\\/blogs.uef.fi\\\/luterilaiset-maskuliinisuudet\\\/tietoa-blogista-about-the-blog\\\/\"]}]},{\"@type\":\"ImageObject\",\"inLanguage\":\"fi\",\"@id\":\"https:\\\/\\\/blogs.uef.fi\\\/luterilaiset-maskuliinisuudet\\\/tietoa-blogista-about-the-blog\\\/#primaryimage\",\"url\":\"https:\\\/\\\/blogs.uef.fi\\\/luterilaiset-maskuliinisuudet\\\/wp-content\\\/uploads\\\/sites\\\/229\\\/2025\\\/02\\\/Martin_Luther_and_Reformers_RMCC_s10-2-scaled.jpg\",\"contentUrl\":\"https:\\\/\\\/blogs.uef.fi\\\/luterilaiset-maskuliinisuudet\\\/wp-content\\\/uploads\\\/sites\\\/229\\\/2025\\\/02\\\/Martin_Luther_and_Reformers_RMCC_s10-2-scaled.jpg\",\"width\":2560,\"height\":1928},{\"@type\":\"BreadcrumbList\",\"@id\":\"https:\\\/\\\/blogs.uef.fi\\\/luterilaiset-maskuliinisuudet\\\/tietoa-blogista-about-the-blog\\\/#breadcrumb\",\"itemListElement\":[{\"@type\":\"ListItem\",\"position\":1,\"name\":\"Home\",\"item\":\"https:\\\/\\\/blogs.uef.fi\\\/luterilaiset-maskuliinisuudet\\\/\"},{\"@type\":\"ListItem\",\"position\":2,\"name\":\"Tietoa blogista\"}]},{\"@type\":\"WebSite\",\"@id\":\"https:\\\/\\\/blogs.uef.fi\\\/luterilaiset-maskuliinisuudet\\\/#website\",\"url\":\"https:\\\/\\\/blogs.uef.fi\\\/luterilaiset-maskuliinisuudet\\\/\",\"name\":\"Luterilaiset maskuliinisuudet 1517\u20131937\",\"description\":\"\",\"potentialAction\":[{\"@type\":\"SearchAction\",\"target\":{\"@type\":\"EntryPoint\",\"urlTemplate\":\"https:\\\/\\\/blogs.uef.fi\\\/luterilaiset-maskuliinisuudet\\\/?s={search_term_string}\"},\"query-input\":{\"@type\":\"PropertyValueSpecification\",\"valueRequired\":true,\"valueName\":\"search_term_string\"}}],\"inLanguage\":\"fi\"}]}<\/script>\n<!-- \/ Yoast SEO plugin. -->","yoast_head_json":{"title":"Tietoa blogista - Luterilaiset maskuliinisuudet 1517\u20131937","robots":{"index":"index","follow":"follow","max-snippet":"max-snippet:-1","max-image-preview":"max-image-preview:large","max-video-preview":"max-video-preview:-1"},"canonical":"https:\/\/blogs.uef.fi\/luterilaiset-maskuliinisuudet\/tietoa-blogista-about-the-blog\/","og_locale":"fi_FI","og_type":"article","og_title":"Tietoa blogista - Luterilaiset maskuliinisuudet 1517\u20131937","og_description":"Blogi on hankkeen Luterilaiset maskuliinisuudet 1517\u20131937 tutkijoiden yll\u00e4pit\u00e4m\u00e4 kurkistusikkuna tieteelliseen tutkimukseen, akateemisen ty\u00f6n arkeen ja menneisyyden mieheyksiin. Postaamme yleistajuisia tekstej\u00e4, jotka liittyv\u00e4t joko hankkeen sis\u00e4lt\u00f6ihin tai tutkijanel\u00e4m\u00e4\u00e4n menneisyyden miesten ja maskuliinisuuksien tarkastelun puitteissa. Blogiin kirjoittavat hankkeen johtaja, kirkkohistorian yliopistonlehtori ja dosentti Sini Mikkola, tutkijatohtori, dosentti Miia Kuha, teologian maisteri ja projektitutkija Tapio Leinonen sek\u00e4 teologian [&hellip;]","og_url":"https:\/\/blogs.uef.fi\/luterilaiset-maskuliinisuudet\/tietoa-blogista-about-the-blog\/","og_site_name":"Luterilaiset maskuliinisuudet 1517\u20131937","article_modified_time":"2025-02-21T15:28:24+00:00","og_image":[{"width":2560,"height":1928,"url":"https:\/\/blogs.uef.fi\/luterilaiset-maskuliinisuudet\/wp-content\/uploads\/sites\/229\/2025\/02\/Martin_Luther_and_Reformers_RMCC_s10-2-scaled.jpg","type":"image\/jpeg"}],"twitter_card":"summary_large_image","twitter_misc":{"Arvioitu lukuaika":"1 minuutti"},"schema":{"@context":"https:\/\/schema.org","@graph":[{"@type":"WebPage","@id":"https:\/\/blogs.uef.fi\/luterilaiset-maskuliinisuudet\/tietoa-blogista-about-the-blog\/","url":"https:\/\/blogs.uef.fi\/luterilaiset-maskuliinisuudet\/tietoa-blogista-about-the-blog\/","name":"Tietoa blogista - Luterilaiset maskuliinisuudet 1517\u20131937","isPartOf":{"@id":"https:\/\/blogs.uef.fi\/luterilaiset-maskuliinisuudet\/#website"},"primaryImageOfPage":{"@id":"https:\/\/blogs.uef.fi\/luterilaiset-maskuliinisuudet\/tietoa-blogista-about-the-blog\/#primaryimage"},"image":{"@id":"https:\/\/blogs.uef.fi\/luterilaiset-maskuliinisuudet\/tietoa-blogista-about-the-blog\/#primaryimage"},"thumbnailUrl":"https:\/\/blogs.uef.fi\/luterilaiset-maskuliinisuudet\/wp-content\/uploads\/sites\/229\/2025\/02\/Martin_Luther_and_Reformers_RMCC_s10-2-scaled.jpg","datePublished":"2025-02-07T13:02:33+00:00","dateModified":"2025-02-21T15:28:24+00:00","breadcrumb":{"@id":"https:\/\/blogs.uef.fi\/luterilaiset-maskuliinisuudet\/tietoa-blogista-about-the-blog\/#breadcrumb"},"inLanguage":"fi","potentialAction":[{"@type":"ReadAction","target":["https:\/\/blogs.uef.fi\/luterilaiset-maskuliinisuudet\/tietoa-blogista-about-the-blog\/"]}]},{"@type":"ImageObject","inLanguage":"fi","@id":"https:\/\/blogs.uef.fi\/luterilaiset-maskuliinisuudet\/tietoa-blogista-about-the-blog\/#primaryimage","url":"https:\/\/blogs.uef.fi\/luterilaiset-maskuliinisuudet\/wp-content\/uploads\/sites\/229\/2025\/02\/Martin_Luther_and_Reformers_RMCC_s10-2-scaled.jpg","contentUrl":"https:\/\/blogs.uef.fi\/luterilaiset-maskuliinisuudet\/wp-content\/uploads\/sites\/229\/2025\/02\/Martin_Luther_and_Reformers_RMCC_s10-2-scaled.jpg","width":2560,"height":1928},{"@type":"BreadcrumbList","@id":"https:\/\/blogs.uef.fi\/luterilaiset-maskuliinisuudet\/tietoa-blogista-about-the-blog\/#breadcrumb","itemListElement":[{"@type":"ListItem","position":1,"name":"Home","item":"https:\/\/blogs.uef.fi\/luterilaiset-maskuliinisuudet\/"},{"@type":"ListItem","position":2,"name":"Tietoa blogista"}]},{"@type":"WebSite","@id":"https:\/\/blogs.uef.fi\/luterilaiset-maskuliinisuudet\/#website","url":"https:\/\/blogs.uef.fi\/luterilaiset-maskuliinisuudet\/","name":"Luterilaiset maskuliinisuudet 1517\u20131937","description":"","potentialAction":[{"@type":"SearchAction","target":{"@type":"EntryPoint","urlTemplate":"https:\/\/blogs.uef.fi\/luterilaiset-maskuliinisuudet\/?s={search_term_string}"},"query-input":{"@type":"PropertyValueSpecification","valueRequired":true,"valueName":"search_term_string"}}],"inLanguage":"fi"}]}},"_links":{"self":[{"href":"https:\/\/blogs.uef.fi\/luterilaiset-maskuliinisuudet\/wp-json\/wp\/v2\/pages\/79","targetHints":{"allow":["GET"]}}],"collection":[{"href":"https:\/\/blogs.uef.fi\/luterilaiset-maskuliinisuudet\/wp-json\/wp\/v2\/pages"}],"about":[{"href":"https:\/\/blogs.uef.fi\/luterilaiset-maskuliinisuudet\/wp-json\/wp\/v2\/types\/page"}],"author":[{"embeddable":true,"href":"https:\/\/blogs.uef.fi\/luterilaiset-maskuliinisuudet\/wp-json\/wp\/v2\/users\/1"}],"replies":[{"embeddable":true,"href":"https:\/\/blogs.uef.fi\/luterilaiset-maskuliinisuudet\/wp-json\/wp\/v2\/comments?post=79"}],"version-history":[{"count":2,"href":"https:\/\/blogs.uef.fi\/luterilaiset-maskuliinisuudet\/wp-json\/wp\/v2\/pages\/79\/revisions"}],"predecessor-version":[{"id":135,"href":"https:\/\/blogs.uef.fi\/luterilaiset-maskuliinisuudet\/wp-json\/wp\/v2\/pages\/79\/revisions\/135"}],"wp:featuredmedia":[{"embeddable":true,"href":"https:\/\/blogs.uef.fi\/luterilaiset-maskuliinisuudet\/wp-json\/wp\/v2\/media\/88"}],"wp:attachment":[{"href":"https:\/\/blogs.uef.fi\/luterilaiset-maskuliinisuudet\/wp-json\/wp\/v2\/media?parent=79"}],"curies":[{"name":"wp","href":"https:\/\/api.w.org\/{rel}","templated":true}]}}