{"id":225,"date":"2024-01-08T10:05:38","date_gmt":"2024-01-08T10:05:38","guid":{"rendered":"https:\/\/blogs.uef.fi\/liitukaudenjalkeen\/?page_id=225"},"modified":"2024-01-31T15:11:14","modified_gmt":"2024-01-31T13:11:14","slug":"etusivu","status":"publish","type":"page","link":"https:\/\/blogs.uef.fi\/liitukaudenjalkeen\/etusivu\/","title":{"rendered":"Mik\u00e4 liitukausi?"},"content":{"rendered":"\n<p>T\u00e4m\u00e4 blogi k\u00e4sittelee opetusta ja erityisesti yliopisto-opetusta matematiikan n\u00e4k\u00f6kulmasta. Liitukausi viittaa sellaiseen opetukseen, jossa opettaja selitt\u00e4\u00e4 asiasis\u00e4lt\u00f6j\u00e4 opiskelijoille ilman mit\u00e4\u00e4n kunnollista vuorovaikutusta heid\u00e4n kanssaan. Aikoinaan (ja matematiikassa viel\u00e4kin) t\u00e4m\u00e4 tapahtui yleen\u00e4 liitutaulun \u00e4\u00e4rell\u00e4.<\/p>\n\n\n\n<p>Blogissa pohditaan, kuinka opetusta voi kehitt\u00e4\u00e4, esitell\u00e4\u00e4n erilaisia opetusmenetelmi\u00e4 ja valotetaan oppimiseen liittyvi\u00e4 tutkimustuloksia. Blogi ei siis ole kannanotto liitutauluja vastaan, vaan pyrkii tuomaan esiin uusia n\u00e4k\u00f6kulmia ja murtamaan vanhoja k\u00e4sityksi\u00e4 opetuksesta ja oppimisesta.<\/p>\n\n\n\n<p>Blogia p\u00e4ivitt\u00e4\u00e4 <a href=\"https:\/\/uefconnect.uef.fi\/henkilo\/johanna.ramo\/\">Johanna R\u00e4m\u00f6<\/a> (johanna.ramo@uef.fi).<\/p>\n","protected":false},"excerpt":{"rendered":"<p>T\u00e4m\u00e4 blogi k\u00e4sittelee opetusta ja erityisesti yliopisto-opetusta matematiikan n\u00e4k\u00f6kulmasta. Liitukausi viittaa sellaiseen opetukseen, jossa opettaja selitt\u00e4\u00e4 asiasis\u00e4lt\u00f6j\u00e4 opiskelijoille ilman mit\u00e4\u00e4n kunnollista vuorovaikutusta heid\u00e4n kanssaan. Aikoinaan (ja matematiikassa viel\u00e4kin) t\u00e4m\u00e4 tapahtui yleen\u00e4 liitutaulun \u00e4\u00e4rell\u00e4. Blogissa pohditaan, kuinka opetusta voi kehitt\u00e4\u00e4, esitell\u00e4\u00e4n erilaisia opetusmenetelmi\u00e4 ja valotetaan oppimiseen liittyvi\u00e4 tutkimustuloksia. Blogi ei siis ole kannanotto liitutauluja vastaan, vaan [&hellip;]<\/p>\n","protected":false},"author":654,"featured_media":0,"parent":0,"menu_order":0,"comment_status":"closed","ping_status":"closed","template":"","meta":{"_acf_changed":false,"footnotes":""},"class_list":["post-225","page","type-page","status-publish","hentry"],"acf":[],"yoast_head":"<!-- This site is optimized with the Yoast SEO plugin v27.3 - https:\/\/yoast.com\/product\/yoast-seo-wordpress\/ -->\n<title>Mik\u00e4 liitukausi? - Liitukauden j\u00e4lkeen<\/title>\n<meta name=\"description\" content=\"Matematiikan opetusta ja yliopisto-opetusta k\u00e4sittelev\u00e4 blogi.\" \/>\n<meta name=\"robots\" content=\"index, follow, max-snippet:-1, max-image-preview:large, max-video-preview:-1\" \/>\n<link rel=\"canonical\" href=\"https:\/\/blogs.uef.fi\/liitukaudenjalkeen\/etusivu\/\" \/>\n<meta property=\"og:locale\" content=\"fi_FI\" \/>\n<meta property=\"og:type\" content=\"article\" \/>\n<meta property=\"og:title\" content=\"Mik\u00e4 liitukausi? - Liitukauden j\u00e4lkeen\" \/>\n<meta property=\"og:description\" content=\"Matematiikan opetusta ja yliopisto-opetusta k\u00e4sittelev\u00e4 blogi.\" \/>\n<meta property=\"og:url\" content=\"https:\/\/blogs.uef.fi\/liitukaudenjalkeen\/etusivu\/\" \/>\n<meta property=\"og:site_name\" content=\"Liitukauden j\u00e4lkeen\" \/>\n<meta property=\"article:modified_time\" content=\"2024-01-31T13:11:14+00:00\" \/>\n<meta name=\"twitter:card\" content=\"summary_large_image\" \/>\n<meta name=\"twitter:label1\" content=\"Arvioitu lukuaika\" \/>\n\t<meta name=\"twitter:data1\" content=\"1 minuutti\" \/>\n<script type=\"application\/ld+json\" class=\"yoast-schema-graph\">{\"@context\":\"https:\\\/\\\/schema.org\",\"@graph\":[{\"@type\":\"WebPage\",\"@id\":\"https:\\\/\\\/blogs.uef.fi\\\/liitukaudenjalkeen\\\/etusivu\\\/\",\"url\":\"https:\\\/\\\/blogs.uef.fi\\\/liitukaudenjalkeen\\\/etusivu\\\/\",\"name\":\"Mik\u00e4 liitukausi? - Liitukauden j\u00e4lkeen\",\"isPartOf\":{\"@id\":\"https:\\\/\\\/blogs.uef.fi\\\/liitukaudenjalkeen\\\/#website\"},\"datePublished\":\"2024-01-08T10:05:38+00:00\",\"dateModified\":\"2024-01-31T13:11:14+00:00\",\"description\":\"Matematiikan opetusta ja yliopisto-opetusta k\u00e4sittelev\u00e4 blogi.\",\"breadcrumb\":{\"@id\":\"https:\\\/\\\/blogs.uef.fi\\\/liitukaudenjalkeen\\\/etusivu\\\/#breadcrumb\"},\"inLanguage\":\"fi\",\"potentialAction\":[{\"@type\":\"ReadAction\",\"target\":[\"https:\\\/\\\/blogs.uef.fi\\\/liitukaudenjalkeen\\\/etusivu\\\/\"]}]},{\"@type\":\"BreadcrumbList\",\"@id\":\"https:\\\/\\\/blogs.uef.fi\\\/liitukaudenjalkeen\\\/etusivu\\\/#breadcrumb\",\"itemListElement\":[{\"@type\":\"ListItem\",\"position\":1,\"name\":\"Home\",\"item\":\"https:\\\/\\\/blogs.uef.fi\\\/liitukaudenjalkeen\\\/\"},{\"@type\":\"ListItem\",\"position\":2,\"name\":\"Mik\u00e4 liitukausi?\"}]},{\"@type\":\"WebSite\",\"@id\":\"https:\\\/\\\/blogs.uef.fi\\\/liitukaudenjalkeen\\\/#website\",\"url\":\"https:\\\/\\\/blogs.uef.fi\\\/liitukaudenjalkeen\\\/\",\"name\":\"Liitukauden j\u00e4lkeen\",\"description\":\"Yliopisto-opetuksesta\",\"potentialAction\":[{\"@type\":\"SearchAction\",\"target\":{\"@type\":\"EntryPoint\",\"urlTemplate\":\"https:\\\/\\\/blogs.uef.fi\\\/liitukaudenjalkeen\\\/?s={search_term_string}\"},\"query-input\":{\"@type\":\"PropertyValueSpecification\",\"valueRequired\":true,\"valueName\":\"search_term_string\"}}],\"inLanguage\":\"fi\"}]}<\/script>\n<!-- \/ Yoast SEO plugin. -->","yoast_head_json":{"title":"Mik\u00e4 liitukausi? - Liitukauden j\u00e4lkeen","description":"Matematiikan opetusta ja yliopisto-opetusta k\u00e4sittelev\u00e4 blogi.","robots":{"index":"index","follow":"follow","max-snippet":"max-snippet:-1","max-image-preview":"max-image-preview:large","max-video-preview":"max-video-preview:-1"},"canonical":"https:\/\/blogs.uef.fi\/liitukaudenjalkeen\/etusivu\/","og_locale":"fi_FI","og_type":"article","og_title":"Mik\u00e4 liitukausi? - Liitukauden j\u00e4lkeen","og_description":"Matematiikan opetusta ja yliopisto-opetusta k\u00e4sittelev\u00e4 blogi.","og_url":"https:\/\/blogs.uef.fi\/liitukaudenjalkeen\/etusivu\/","og_site_name":"Liitukauden j\u00e4lkeen","article_modified_time":"2024-01-31T13:11:14+00:00","twitter_card":"summary_large_image","twitter_misc":{"Arvioitu lukuaika":"1 minuutti"},"schema":{"@context":"https:\/\/schema.org","@graph":[{"@type":"WebPage","@id":"https:\/\/blogs.uef.fi\/liitukaudenjalkeen\/etusivu\/","url":"https:\/\/blogs.uef.fi\/liitukaudenjalkeen\/etusivu\/","name":"Mik\u00e4 liitukausi? - Liitukauden j\u00e4lkeen","isPartOf":{"@id":"https:\/\/blogs.uef.fi\/liitukaudenjalkeen\/#website"},"datePublished":"2024-01-08T10:05:38+00:00","dateModified":"2024-01-31T13:11:14+00:00","description":"Matematiikan opetusta ja yliopisto-opetusta k\u00e4sittelev\u00e4 blogi.","breadcrumb":{"@id":"https:\/\/blogs.uef.fi\/liitukaudenjalkeen\/etusivu\/#breadcrumb"},"inLanguage":"fi","potentialAction":[{"@type":"ReadAction","target":["https:\/\/blogs.uef.fi\/liitukaudenjalkeen\/etusivu\/"]}]},{"@type":"BreadcrumbList","@id":"https:\/\/blogs.uef.fi\/liitukaudenjalkeen\/etusivu\/#breadcrumb","itemListElement":[{"@type":"ListItem","position":1,"name":"Home","item":"https:\/\/blogs.uef.fi\/liitukaudenjalkeen\/"},{"@type":"ListItem","position":2,"name":"Mik\u00e4 liitukausi?"}]},{"@type":"WebSite","@id":"https:\/\/blogs.uef.fi\/liitukaudenjalkeen\/#website","url":"https:\/\/blogs.uef.fi\/liitukaudenjalkeen\/","name":"Liitukauden j\u00e4lkeen","description":"Yliopisto-opetuksesta","potentialAction":[{"@type":"SearchAction","target":{"@type":"EntryPoint","urlTemplate":"https:\/\/blogs.uef.fi\/liitukaudenjalkeen\/?s={search_term_string}"},"query-input":{"@type":"PropertyValueSpecification","valueRequired":true,"valueName":"search_term_string"}}],"inLanguage":"fi"}]}},"_links":{"self":[{"href":"https:\/\/blogs.uef.fi\/liitukaudenjalkeen\/wp-json\/wp\/v2\/pages\/225","targetHints":{"allow":["GET"]}}],"collection":[{"href":"https:\/\/blogs.uef.fi\/liitukaudenjalkeen\/wp-json\/wp\/v2\/pages"}],"about":[{"href":"https:\/\/blogs.uef.fi\/liitukaudenjalkeen\/wp-json\/wp\/v2\/types\/page"}],"author":[{"embeddable":true,"href":"https:\/\/blogs.uef.fi\/liitukaudenjalkeen\/wp-json\/wp\/v2\/users\/654"}],"replies":[{"embeddable":true,"href":"https:\/\/blogs.uef.fi\/liitukaudenjalkeen\/wp-json\/wp\/v2\/comments?post=225"}],"version-history":[{"count":2,"href":"https:\/\/blogs.uef.fi\/liitukaudenjalkeen\/wp-json\/wp\/v2\/pages\/225\/revisions"}],"predecessor-version":[{"id":444,"href":"https:\/\/blogs.uef.fi\/liitukaudenjalkeen\/wp-json\/wp\/v2\/pages\/225\/revisions\/444"}],"wp:attachment":[{"href":"https:\/\/blogs.uef.fi\/liitukaudenjalkeen\/wp-json\/wp\/v2\/media?parent=225"}],"curies":[{"name":"wp","href":"https:\/\/api.w.org\/{rel}","templated":true}]}}