{"id":285,"date":"2024-10-17T11:42:11","date_gmt":"2024-10-17T09:42:11","guid":{"rendered":"https:\/\/blogs.uef.fi\/kieliviha-sprakhat\/?page_id=285"},"modified":"2025-06-21T17:52:29","modified_gmt":"2025-06-21T15:52:29","slug":"tietoa-blogista","status":"publish","type":"page","link":"https:\/\/blogs.uef.fi\/kieliviha-sprakhat\/tietoa-blogista\/?lang=fi","title":{"rendered":"Tietoa blogista"},"content":{"rendered":"\n<p>T\u00e4ss\u00e4 blogissa dokumentoidaan <a href=\"https:\/\/uefconnect.uef.fi\/kieliviha-sprakhat\/\">Kieliviha\/ Spr\u00e5khat\/ Language Tensions -hankkeen<\/a> toimintaa ja tapahtumia. Hanketta rahoittaa <a href=\"https:\/\/koneensaatio.fi\/\">Koneen S\u00e4\u00e4ti\u00f6<\/a> ja se toteutetaan It\u00e4-Suomen yliopistossa.<\/p>\n\n\n\n<p><strong>Tutkimusryhm\u00e4:<\/strong><\/p>\n\n\n\n<ul class=\"wp-block-list\">\n<li><a href=\"https:\/\/uefconnect.uef.fi\/tuija.saresma\/\">Tuija Saresma<\/a>, PI, Professori<\/li>\n\n\n\n<li><a href=\"https:\/\/uefconnect.uef.fi\/karin.sandell\/\">Karin Sandell<\/a>, Tutkijatohtori,&nbsp;It\u00e4-Suomen yliopisto ja \u00c5bo Akademi<\/li>\n\n\n\n<li>Karin Creutz, Tutkijatohtori,&nbsp;It\u00e4-Suomen yliopisto ja Helsingin yliopisto<\/li>\n\n\n\n<li><a href=\"https:\/\/uefconnect.uef.fi\/evgenia.amey\/\">Evgenia Amey<\/a>, Tutkijatohtori,&nbsp;It\u00e4-Suomen yliopisto<\/li>\n<\/ul>\n\n\n\n<p><strong>Tietoa hankkeesta:<\/strong>&nbsp;Kieliviha on vihapuheen muoto, jolla tarkoitamme eri kieliryhmiin kohdistuvaa leimaavaa ja vahingoittavaa, erityisesti puhujien kieleen kohdistuvaa puhetta, mutta my\u00f6s esimerkiksi meemej\u00e4, steteotyyppisi\u00e4 ajatuksia ja asenteita. Tarkastelemme Suomessa, erityisesti sosiaalisessa mediassa levi\u00e4v\u00e4\u00e4 ruotsinkielisiin ja ven\u00e4j\u00e4nkielisiin kohdistuvaa vihaa, sen erityslaatua, alustoja, tekij\u00f6it\u00e4 ja kohteita sek\u00e4 vaikutuksia. Tutkimme my\u00f6s Ruotsissa suomenkieliseen v\u00e4hemmist\u00f6\u00f6n ja Ven\u00e4j\u00e4ll\u00e4 suomalaisiin kohdistuvaa vihaa osana kielivihaa.<\/p>\n\n\n\n<p>Suhtautuminen kieliryhmiin paljastaa yhteiskunnallisia ja ylirajaisia konflikteja. Kieliviha on keino tuottaa k\u00e4sityst\u00e4 \u201dmeist\u00e4\u201d normina, josta muunkieliset poikkeavat. Kielivihan kautta voidaan tarkastella valtaa, kuulumista ja identifikaatioita sek\u00e4 ulossulkemista, esimerkiksi muukalaisvihaa ja kiihkonationalismia. Analysoimme kielivihaa vallan akselien risteyksiss\u00e4: kieli on yksi intersektioista, jotka m\u00e4\u00e4ritt\u00e4v\u00e4t ihmisen sosiaalista asemaa; lis\u00e4ksi vaikuttavat mm. sukupuoli, \u201detnisyys\u201d tai \u201drotu\u201d, uskonto, seksuaalinen suuntautuminen, koulutus ja yhteiskunnallinen asema. N\u00e4it\u00e4 kaikkia tarkastelemme analysoidessamme kielivihan (1) tekstuaalis-diskursiivista, (2) vuorovaikutuksen ja (3) poliittis-yhteiskunnallista tasoa, joka on viimeisen vuoden aikana edelleen korostunut.<\/p>\n\n\n\n<p>Monitieteinen tutkimusryhm\u00e4mme koostuu post doc -tutkijoista ja professorista, jotka ovat tutkineet vihapuhetta, konflikteja, kuulumista ja ulossulkemista eri n\u00e4k\u00f6kulmista. Hankkeessa ylitet\u00e4\u00e4n rajoja tarkastelemalla eri kieliryhmi\u00e4 \u2013 suomenruotsalaisiin ja ruotsinsuomalaisiin kohdistuvaa vihaa, suomalaisten russofobiaa ja ven\u00e4l\u00e4isten suomalaisiin kohdistuvaa (verkko)vihapuhetta monimenetelm\u00e4isesti, laadullisen tekstintutkimuksen, internet-etnografian, surveyn, haastattelujen ja laskennallisten menetelmien avulla.<\/p>\n","protected":false},"excerpt":{"rendered":"<p>T\u00e4ss\u00e4 blogissa dokumentoidaan Kieliviha\/ Spr\u00e5khat\/ Language Tensions -hankkeen toimintaa ja tapahtumia. Hanketta rahoittaa Koneen S\u00e4\u00e4ti\u00f6 ja se toteutetaan It\u00e4-Suomen yliopistossa. Tutkimusryhm\u00e4: Tietoa hankkeesta:&nbsp;Kieliviha on vihapuheen muoto, jolla tarkoitamme eri kieliryhmiin kohdistuvaa leimaavaa ja vahingoittavaa, erityisesti puhujien kieleen kohdistuvaa puhetta, mutta my\u00f6s esimerkiksi meemej\u00e4, steteotyyppisi\u00e4 ajatuksia ja asenteita. Tarkastelemme Suomessa, erityisesti sosiaalisessa mediassa levi\u00e4v\u00e4\u00e4 ruotsinkielisiin ja [&hellip;]<\/p>\n","protected":false},"author":712,"featured_media":0,"parent":0,"menu_order":0,"comment_status":"closed","ping_status":"closed","template":"","meta":{"_acf_changed":false,"footnotes":""},"class_list":["post-285","page","type-page","status-publish","hentry"],"acf":[],"yoast_head":"<!-- This site is optimized with the Yoast SEO plugin v27.3 - https:\/\/yoast.com\/product\/yoast-seo-wordpress\/ -->\n<title>Tietoa blogista - Kieliviha\/ Spr\u00e5khat\/ Language tensions<\/title>\n<meta name=\"robots\" content=\"index, follow, max-snippet:-1, max-image-preview:large, max-video-preview:-1\" \/>\n<link rel=\"canonical\" href=\"https:\/\/blogs.uef.fi\/kieliviha-sprakhat\/tietoa-blogista\/\" \/>\n<meta property=\"og:locale\" content=\"en_US\" \/>\n<meta property=\"og:type\" content=\"article\" \/>\n<meta property=\"og:title\" content=\"Tietoa blogista - Kieliviha\/ Spr\u00e5khat\/ Language tensions\" \/>\n<meta property=\"og:description\" content=\"T\u00e4ss\u00e4 blogissa dokumentoidaan Kieliviha\/ Spr\u00e5khat\/ Language Tensions -hankkeen toimintaa ja tapahtumia. Hanketta rahoittaa Koneen S\u00e4\u00e4ti\u00f6 ja se toteutetaan It\u00e4-Suomen yliopistossa. Tutkimusryhm\u00e4: Tietoa hankkeesta:&nbsp;Kieliviha on vihapuheen muoto, jolla tarkoitamme eri kieliryhmiin kohdistuvaa leimaavaa ja vahingoittavaa, erityisesti puhujien kieleen kohdistuvaa puhetta, mutta my\u00f6s esimerkiksi meemej\u00e4, steteotyyppisi\u00e4 ajatuksia ja asenteita. Tarkastelemme Suomessa, erityisesti sosiaalisessa mediassa levi\u00e4v\u00e4\u00e4 ruotsinkielisiin ja [&hellip;]\" \/>\n<meta property=\"og:url\" content=\"https:\/\/blogs.uef.fi\/kieliviha-sprakhat\/tietoa-blogista\/?lang=fi\" \/>\n<meta property=\"og:site_name\" content=\"Kieliviha\/ Spr\u00e5khat\/ Language tensions\" \/>\n<meta property=\"article:modified_time\" content=\"2025-06-21T15:52:29+00:00\" \/>\n<meta name=\"twitter:card\" content=\"summary_large_image\" \/>\n<meta name=\"twitter:label1\" content=\"Est. reading time\" \/>\n\t<meta name=\"twitter:data1\" content=\"2 minutes\" \/>\n<script type=\"application\/ld+json\" class=\"yoast-schema-graph\">{\"@context\":\"https:\\\/\\\/schema.org\",\"@graph\":[{\"@type\":\"WebPage\",\"@id\":\"https:\\\/\\\/blogs.uef.fi\\\/kieliviha-sprakhat\\\/tietoa-blogista\\\/?lang=fi\",\"url\":\"https:\\\/\\\/blogs.uef.fi\\\/kieliviha-sprakhat\\\/tietoa-blogista\\\/?lang=fi\",\"name\":\"Tietoa blogista - Kieliviha\\\/ Spr\u00e5khat\\\/ Language tensions\",\"isPartOf\":{\"@id\":\"https:\\\/\\\/blogs.uef.fi\\\/kieliviha-sprakhat\\\/#website\"},\"datePublished\":\"2024-10-17T09:42:11+00:00\",\"dateModified\":\"2025-06-21T15:52:29+00:00\",\"breadcrumb\":{\"@id\":\"https:\\\/\\\/blogs.uef.fi\\\/kieliviha-sprakhat\\\/tietoa-blogista\\\/?lang=fi#breadcrumb\"},\"inLanguage\":\"en-US\",\"potentialAction\":[{\"@type\":\"ReadAction\",\"target\":[\"https:\\\/\\\/blogs.uef.fi\\\/kieliviha-sprakhat\\\/tietoa-blogista\\\/?lang=fi\"]}]},{\"@type\":\"BreadcrumbList\",\"@id\":\"https:\\\/\\\/blogs.uef.fi\\\/kieliviha-sprakhat\\\/tietoa-blogista\\\/?lang=fi#breadcrumb\",\"itemListElement\":[{\"@type\":\"ListItem\",\"position\":1,\"name\":\"Home\",\"item\":\"https:\\\/\\\/blogs.uef.fi\\\/kieliviha-sprakhat\\\/\"},{\"@type\":\"ListItem\",\"position\":2,\"name\":\"Tietoa blogista\"}]},{\"@type\":\"WebSite\",\"@id\":\"https:\\\/\\\/blogs.uef.fi\\\/kieliviha-sprakhat\\\/#website\",\"url\":\"https:\\\/\\\/blogs.uef.fi\\\/kieliviha-sprakhat\\\/\",\"name\":\"Kieliviha\\\/ Spr\u00e5khat\\\/ Language tensions\",\"description\":\"\",\"potentialAction\":[{\"@type\":\"SearchAction\",\"target\":{\"@type\":\"EntryPoint\",\"urlTemplate\":\"https:\\\/\\\/blogs.uef.fi\\\/kieliviha-sprakhat\\\/?s={search_term_string}\"},\"query-input\":{\"@type\":\"PropertyValueSpecification\",\"valueRequired\":true,\"valueName\":\"search_term_string\"}}],\"inLanguage\":\"en-US\"}]}<\/script>\n<!-- \/ Yoast SEO plugin. -->","yoast_head_json":{"title":"Tietoa blogista - Kieliviha\/ Spr\u00e5khat\/ Language tensions","robots":{"index":"index","follow":"follow","max-snippet":"max-snippet:-1","max-image-preview":"max-image-preview:large","max-video-preview":"max-video-preview:-1"},"canonical":"https:\/\/blogs.uef.fi\/kieliviha-sprakhat\/tietoa-blogista\/","og_locale":"en_US","og_type":"article","og_title":"Tietoa blogista - Kieliviha\/ Spr\u00e5khat\/ Language tensions","og_description":"T\u00e4ss\u00e4 blogissa dokumentoidaan Kieliviha\/ Spr\u00e5khat\/ Language Tensions -hankkeen toimintaa ja tapahtumia. Hanketta rahoittaa Koneen S\u00e4\u00e4ti\u00f6 ja se toteutetaan It\u00e4-Suomen yliopistossa. Tutkimusryhm\u00e4: Tietoa hankkeesta:&nbsp;Kieliviha on vihapuheen muoto, jolla tarkoitamme eri kieliryhmiin kohdistuvaa leimaavaa ja vahingoittavaa, erityisesti puhujien kieleen kohdistuvaa puhetta, mutta my\u00f6s esimerkiksi meemej\u00e4, steteotyyppisi\u00e4 ajatuksia ja asenteita. Tarkastelemme Suomessa, erityisesti sosiaalisessa mediassa levi\u00e4v\u00e4\u00e4 ruotsinkielisiin ja [&hellip;]","og_url":"https:\/\/blogs.uef.fi\/kieliviha-sprakhat\/tietoa-blogista\/?lang=fi","og_site_name":"Kieliviha\/ Spr\u00e5khat\/ Language tensions","article_modified_time":"2025-06-21T15:52:29+00:00","twitter_card":"summary_large_image","twitter_misc":{"Est. reading time":"2 minutes"},"schema":{"@context":"https:\/\/schema.org","@graph":[{"@type":"WebPage","@id":"https:\/\/blogs.uef.fi\/kieliviha-sprakhat\/tietoa-blogista\/?lang=fi","url":"https:\/\/blogs.uef.fi\/kieliviha-sprakhat\/tietoa-blogista\/?lang=fi","name":"Tietoa blogista - Kieliviha\/ Spr\u00e5khat\/ Language tensions","isPartOf":{"@id":"https:\/\/blogs.uef.fi\/kieliviha-sprakhat\/#website"},"datePublished":"2024-10-17T09:42:11+00:00","dateModified":"2025-06-21T15:52:29+00:00","breadcrumb":{"@id":"https:\/\/blogs.uef.fi\/kieliviha-sprakhat\/tietoa-blogista\/?lang=fi#breadcrumb"},"inLanguage":"en-US","potentialAction":[{"@type":"ReadAction","target":["https:\/\/blogs.uef.fi\/kieliviha-sprakhat\/tietoa-blogista\/?lang=fi"]}]},{"@type":"BreadcrumbList","@id":"https:\/\/blogs.uef.fi\/kieliviha-sprakhat\/tietoa-blogista\/?lang=fi#breadcrumb","itemListElement":[{"@type":"ListItem","position":1,"name":"Home","item":"https:\/\/blogs.uef.fi\/kieliviha-sprakhat\/"},{"@type":"ListItem","position":2,"name":"Tietoa blogista"}]},{"@type":"WebSite","@id":"https:\/\/blogs.uef.fi\/kieliviha-sprakhat\/#website","url":"https:\/\/blogs.uef.fi\/kieliviha-sprakhat\/","name":"Kieliviha\/ Spr\u00e5khat\/ Language tensions","description":"","potentialAction":[{"@type":"SearchAction","target":{"@type":"EntryPoint","urlTemplate":"https:\/\/blogs.uef.fi\/kieliviha-sprakhat\/?s={search_term_string}"},"query-input":{"@type":"PropertyValueSpecification","valueRequired":true,"valueName":"search_term_string"}}],"inLanguage":"en-US"}]}},"_links":{"self":[{"href":"https:\/\/blogs.uef.fi\/kieliviha-sprakhat\/wp-json\/wp\/v2\/pages\/285","targetHints":{"allow":["GET"]}}],"collection":[{"href":"https:\/\/blogs.uef.fi\/kieliviha-sprakhat\/wp-json\/wp\/v2\/pages"}],"about":[{"href":"https:\/\/blogs.uef.fi\/kieliviha-sprakhat\/wp-json\/wp\/v2\/types\/page"}],"author":[{"embeddable":true,"href":"https:\/\/blogs.uef.fi\/kieliviha-sprakhat\/wp-json\/wp\/v2\/users\/712"}],"replies":[{"embeddable":true,"href":"https:\/\/blogs.uef.fi\/kieliviha-sprakhat\/wp-json\/wp\/v2\/comments?post=285"}],"version-history":[{"count":2,"href":"https:\/\/blogs.uef.fi\/kieliviha-sprakhat\/wp-json\/wp\/v2\/pages\/285\/revisions"}],"predecessor-version":[{"id":302,"href":"https:\/\/blogs.uef.fi\/kieliviha-sprakhat\/wp-json\/wp\/v2\/pages\/285\/revisions\/302"}],"wp:attachment":[{"href":"https:\/\/blogs.uef.fi\/kieliviha-sprakhat\/wp-json\/wp\/v2\/media?parent=285"}],"curies":[{"name":"wp","href":"https:\/\/api.w.org\/{rel}","templated":true}]}}