{"id":165,"date":"2023-09-01T08:53:52","date_gmt":"2023-09-01T06:53:52","guid":{"rendered":"https:\/\/blogs.uef.fi\/kestavyyspalapeli\/?page_id=165"},"modified":"2024-10-31T13:59:29","modified_gmt":"2024-10-31T11:59:29","slug":"blogi-kestavyyspalapelista","status":"publish","type":"page","link":"https:\/\/blogs.uef.fi\/kestavyyspalapeli\/blogi-kestavyyspalapelista\/","title":{"rendered":"Mik\u00e4 kest\u00e4vyyspalapeli?"},"content":{"rendered":"\n<p>&#8221;Blogi kest\u00e4vyyspalapelist\u00e4&#8221; liittyy Suomen Kulttuurirahaston (SKR) rahoittamaan Argumenta-hankkeeseen Kest\u00e4vyysmurroksen marginaalit. Blogia kirjoittavat hankkeen ty\u00f6ryhm\u00e4n j\u00e4senet, mutta blogissa julkaistaan my\u00f6s ty\u00f6ryhm\u00e4n ulkopuolisilta kest\u00e4vyyskysymyksiin perehtyneilt\u00e4 henkil\u00f6ilt\u00e4 pyydettyj\u00e4 kirjoituksia. Blogin yleistajuiset kirjoitukset tarjoavat n\u00e4k\u00f6kulmia kest\u00e4vyysmurrokseen ja sen edist\u00e4miseen liittyvist\u00e4 haasteista ja mahdollisuuksista erilaisten yksil\u00f6iden, yhteis\u00f6jen ja alueiden kannalta. <\/p>\n\n\n\n<p><\/p>\n\n\n    <div class=\"funders grid\">\n                        <div class=\"funders__item grid__item\">\n                            <div class=\"funders__image\">\n                    <img decoding=\"async\" src=\"https:\/\/blogs.uef.fi\/kestavyyspalapeli\/wp-content\/uploads\/sites\/187\/2023\/09\/skr-vihrea-jpg.jpg\" alt=\"Suomen Kulttuurirahaston Argumenta-apuraha\" \/>\n                <\/div>\n                                                <\/div>\n                        \n            <\/div>\n\n\n\n<div class=\"links-block\">\n\n            <h3>Lue lis\u00e4\u00e4 Kest\u00e4vyysmurroksen marginaalit -hankkeesta:<\/h3>\n    \n    <ul class=\"link-list\">\n        \n            \n            <li class=\"link-list-item\">\n                <a href=\"https:\/\/uefconnect.uef.fi\/tutkimusryhma\/kestavyysmurroksen-marginaalit\/\" class=\"link-reset link hover-scale-down\">\n                    <svg\n        width=\"43\" height=\"25\"\n        viewBox=\"0 0 43 25\"\n        xmlns=\"http:\/\/www.w3.org\/2000\/svg\">\n    <path\n        d=\"M30.027 0 43 12.5 30.027 25 27 22.083 34.351 15H0v-5h34.351L27 2.917z\"\n        fill=\"currentColor\"\n        fill-rule=\"evenodd\"\/>\n<\/svg>                    <div>https:\/\/uefconnect.uef.fi\/tutkimusryhma\/kestavyysmurroksen-marginaalit\/<\/div>\n                <\/a>\n                <div class=\"link-info\">\n                                    <\/div>\n            <\/li>\n\n                <\/ul>\n<\/div>","protected":false},"excerpt":{"rendered":"<p>&#8221;Blogi kest\u00e4vyyspalapelist\u00e4&#8221; liittyy Suomen Kulttuurirahaston (SKR) rahoittamaan Argumenta-hankkeeseen Kest\u00e4vyysmurroksen marginaalit. Blogia kirjoittavat hankkeen ty\u00f6ryhm\u00e4n j\u00e4senet, mutta blogissa julkaistaan my\u00f6s ty\u00f6ryhm\u00e4n ulkopuolisilta kest\u00e4vyyskysymyksiin perehtyneilt\u00e4 henkil\u00f6ilt\u00e4 pyydettyj\u00e4 kirjoituksia. Blogin yleistajuiset kirjoitukset tarjoavat n\u00e4k\u00f6kulmia kest\u00e4vyysmurrokseen ja sen edist\u00e4miseen liittyvist\u00e4 haasteista ja mahdollisuuksista erilaisten yksil\u00f6iden, yhteis\u00f6jen ja alueiden kannalta.<\/p>\n","protected":false},"author":602,"featured_media":0,"parent":0,"menu_order":0,"comment_status":"closed","ping_status":"closed","template":"","meta":{"_acf_changed":false,"footnotes":""},"class_list":["post-165","page","type-page","status-publish","hentry"],"acf":[],"yoast_head":"<!-- This site is optimized with the Yoast SEO plugin v27.1.1 - https:\/\/yoast.com\/product\/yoast-seo-wordpress\/ -->\n<title>Mik\u00e4 kest\u00e4vyyspalapeli? - Blogi kest\u00e4vyyspalapelist\u00e4<\/title>\n<meta name=\"robots\" content=\"index, follow, max-snippet:-1, max-image-preview:large, max-video-preview:-1\" \/>\n<link rel=\"canonical\" href=\"https:\/\/blogs.uef.fi\/kestavyyspalapeli\/blogi-kestavyyspalapelista\/\" \/>\n<meta property=\"og:locale\" content=\"fi_FI\" \/>\n<meta property=\"og:type\" content=\"article\" \/>\n<meta property=\"og:title\" content=\"Mik\u00e4 kest\u00e4vyyspalapeli? - Blogi kest\u00e4vyyspalapelist\u00e4\" \/>\n<meta property=\"og:description\" content=\"&#8221;Blogi kest\u00e4vyyspalapelist\u00e4&#8221; liittyy Suomen Kulttuurirahaston (SKR) rahoittamaan Argumenta-hankkeeseen Kest\u00e4vyysmurroksen marginaalit. Blogia kirjoittavat hankkeen ty\u00f6ryhm\u00e4n j\u00e4senet, mutta blogissa julkaistaan my\u00f6s ty\u00f6ryhm\u00e4n ulkopuolisilta kest\u00e4vyyskysymyksiin perehtyneilt\u00e4 henkil\u00f6ilt\u00e4 pyydettyj\u00e4 kirjoituksia. Blogin yleistajuiset kirjoitukset tarjoavat n\u00e4k\u00f6kulmia kest\u00e4vyysmurrokseen ja sen edist\u00e4miseen liittyvist\u00e4 haasteista ja mahdollisuuksista erilaisten yksil\u00f6iden, yhteis\u00f6jen ja alueiden kannalta.\" \/>\n<meta property=\"og:url\" content=\"https:\/\/blogs.uef.fi\/kestavyyspalapeli\/blogi-kestavyyspalapelista\/\" \/>\n<meta property=\"og:site_name\" content=\"Blogi kest\u00e4vyyspalapelist\u00e4\" \/>\n<meta property=\"article:modified_time\" content=\"2024-10-31T11:59:29+00:00\" \/>\n<meta name=\"twitter:card\" content=\"summary_large_image\" \/>\n<meta name=\"twitter:label1\" content=\"Arvioitu lukuaika\" \/>\n\t<meta name=\"twitter:data1\" content=\"1 minuutti\" \/>\n<script type=\"application\/ld+json\" class=\"yoast-schema-graph\">{\"@context\":\"https:\/\/schema.org\",\"@graph\":[{\"@type\":\"WebPage\",\"@id\":\"https:\/\/blogs.uef.fi\/kestavyyspalapeli\/blogi-kestavyyspalapelista\/\",\"url\":\"https:\/\/blogs.uef.fi\/kestavyyspalapeli\/blogi-kestavyyspalapelista\/\",\"name\":\"Mik\u00e4 kest\u00e4vyyspalapeli? - Blogi kest\u00e4vyyspalapelist\u00e4\",\"isPartOf\":{\"@id\":\"https:\/\/blogs.uef.fi\/kestavyyspalapeli\/#website\"},\"datePublished\":\"2023-09-01T06:53:52+00:00\",\"dateModified\":\"2024-10-31T11:59:29+00:00\",\"breadcrumb\":{\"@id\":\"https:\/\/blogs.uef.fi\/kestavyyspalapeli\/blogi-kestavyyspalapelista\/#breadcrumb\"},\"inLanguage\":\"fi\",\"potentialAction\":[{\"@type\":\"ReadAction\",\"target\":[\"https:\/\/blogs.uef.fi\/kestavyyspalapeli\/blogi-kestavyyspalapelista\/\"]}]},{\"@type\":\"BreadcrumbList\",\"@id\":\"https:\/\/blogs.uef.fi\/kestavyyspalapeli\/blogi-kestavyyspalapelista\/#breadcrumb\",\"itemListElement\":[{\"@type\":\"ListItem\",\"position\":1,\"name\":\"Home\",\"item\":\"https:\/\/blogs.uef.fi\/kestavyyspalapeli\/\"},{\"@type\":\"ListItem\",\"position\":2,\"name\":\"Mik\u00e4 kest\u00e4vyyspalapeli?\"}]},{\"@type\":\"WebSite\",\"@id\":\"https:\/\/blogs.uef.fi\/kestavyyspalapeli\/#website\",\"url\":\"https:\/\/blogs.uef.fi\/kestavyyspalapeli\/\",\"name\":\"Blogi kest\u00e4vyyspalapelist\u00e4\",\"description\":\"\",\"publisher\":{\"@id\":\"https:\/\/blogs.uef.fi\/kestavyyspalapeli\/#organization\"},\"potentialAction\":[{\"@type\":\"SearchAction\",\"target\":{\"@type\":\"EntryPoint\",\"urlTemplate\":\"https:\/\/blogs.uef.fi\/kestavyyspalapeli\/?s={search_term_string}\"},\"query-input\":{\"@type\":\"PropertyValueSpecification\",\"valueRequired\":true,\"valueName\":\"search_term_string\"}}],\"inLanguage\":\"fi\"},{\"@type\":\"Organization\",\"@id\":\"https:\/\/blogs.uef.fi\/kestavyyspalapeli\/#organization\",\"name\":\"Blogi kest\u00e4vyyspalapelist\u00e4\",\"url\":\"https:\/\/blogs.uef.fi\/kestavyyspalapeli\/\",\"logo\":{\"@type\":\"ImageObject\",\"inLanguage\":\"fi\",\"@id\":\"https:\/\/blogs.uef.fi\/kestavyyspalapeli\/#\/schema\/logo\/image\/\",\"url\":\"https:\/\/blogs.uef.fi\/kestavyyspalapeli\/wp-content\/uploads\/sites\/187\/2023\/03\/cropped-UEF_wordpress_white.png\",\"contentUrl\":\"https:\/\/blogs.uef.fi\/kestavyyspalapeli\/wp-content\/uploads\/sites\/187\/2023\/03\/cropped-UEF_wordpress_white.png\",\"width\":250,\"height\":250,\"caption\":\"Blogi kest\u00e4vyyspalapelist\u00e4\"},\"image\":{\"@id\":\"https:\/\/blogs.uef.fi\/kestavyyspalapeli\/#\/schema\/logo\/image\/\"}}]}<\/script>\n<!-- \/ Yoast SEO plugin. -->","yoast_head_json":{"title":"Mik\u00e4 kest\u00e4vyyspalapeli? - Blogi kest\u00e4vyyspalapelist\u00e4","robots":{"index":"index","follow":"follow","max-snippet":"max-snippet:-1","max-image-preview":"max-image-preview:large","max-video-preview":"max-video-preview:-1"},"canonical":"https:\/\/blogs.uef.fi\/kestavyyspalapeli\/blogi-kestavyyspalapelista\/","og_locale":"fi_FI","og_type":"article","og_title":"Mik\u00e4 kest\u00e4vyyspalapeli? - Blogi kest\u00e4vyyspalapelist\u00e4","og_description":"&#8221;Blogi kest\u00e4vyyspalapelist\u00e4&#8221; liittyy Suomen Kulttuurirahaston (SKR) rahoittamaan Argumenta-hankkeeseen Kest\u00e4vyysmurroksen marginaalit. Blogia kirjoittavat hankkeen ty\u00f6ryhm\u00e4n j\u00e4senet, mutta blogissa julkaistaan my\u00f6s ty\u00f6ryhm\u00e4n ulkopuolisilta kest\u00e4vyyskysymyksiin perehtyneilt\u00e4 henkil\u00f6ilt\u00e4 pyydettyj\u00e4 kirjoituksia. Blogin yleistajuiset kirjoitukset tarjoavat n\u00e4k\u00f6kulmia kest\u00e4vyysmurrokseen ja sen edist\u00e4miseen liittyvist\u00e4 haasteista ja mahdollisuuksista erilaisten yksil\u00f6iden, yhteis\u00f6jen ja alueiden kannalta.","og_url":"https:\/\/blogs.uef.fi\/kestavyyspalapeli\/blogi-kestavyyspalapelista\/","og_site_name":"Blogi kest\u00e4vyyspalapelist\u00e4","article_modified_time":"2024-10-31T11:59:29+00:00","twitter_card":"summary_large_image","twitter_misc":{"Arvioitu lukuaika":"1 minuutti"},"schema":{"@context":"https:\/\/schema.org","@graph":[{"@type":"WebPage","@id":"https:\/\/blogs.uef.fi\/kestavyyspalapeli\/blogi-kestavyyspalapelista\/","url":"https:\/\/blogs.uef.fi\/kestavyyspalapeli\/blogi-kestavyyspalapelista\/","name":"Mik\u00e4 kest\u00e4vyyspalapeli? - Blogi kest\u00e4vyyspalapelist\u00e4","isPartOf":{"@id":"https:\/\/blogs.uef.fi\/kestavyyspalapeli\/#website"},"datePublished":"2023-09-01T06:53:52+00:00","dateModified":"2024-10-31T11:59:29+00:00","breadcrumb":{"@id":"https:\/\/blogs.uef.fi\/kestavyyspalapeli\/blogi-kestavyyspalapelista\/#breadcrumb"},"inLanguage":"fi","potentialAction":[{"@type":"ReadAction","target":["https:\/\/blogs.uef.fi\/kestavyyspalapeli\/blogi-kestavyyspalapelista\/"]}]},{"@type":"BreadcrumbList","@id":"https:\/\/blogs.uef.fi\/kestavyyspalapeli\/blogi-kestavyyspalapelista\/#breadcrumb","itemListElement":[{"@type":"ListItem","position":1,"name":"Home","item":"https:\/\/blogs.uef.fi\/kestavyyspalapeli\/"},{"@type":"ListItem","position":2,"name":"Mik\u00e4 kest\u00e4vyyspalapeli?"}]},{"@type":"WebSite","@id":"https:\/\/blogs.uef.fi\/kestavyyspalapeli\/#website","url":"https:\/\/blogs.uef.fi\/kestavyyspalapeli\/","name":"Blogi kest\u00e4vyyspalapelist\u00e4","description":"","publisher":{"@id":"https:\/\/blogs.uef.fi\/kestavyyspalapeli\/#organization"},"potentialAction":[{"@type":"SearchAction","target":{"@type":"EntryPoint","urlTemplate":"https:\/\/blogs.uef.fi\/kestavyyspalapeli\/?s={search_term_string}"},"query-input":{"@type":"PropertyValueSpecification","valueRequired":true,"valueName":"search_term_string"}}],"inLanguage":"fi"},{"@type":"Organization","@id":"https:\/\/blogs.uef.fi\/kestavyyspalapeli\/#organization","name":"Blogi kest\u00e4vyyspalapelist\u00e4","url":"https:\/\/blogs.uef.fi\/kestavyyspalapeli\/","logo":{"@type":"ImageObject","inLanguage":"fi","@id":"https:\/\/blogs.uef.fi\/kestavyyspalapeli\/#\/schema\/logo\/image\/","url":"https:\/\/blogs.uef.fi\/kestavyyspalapeli\/wp-content\/uploads\/sites\/187\/2023\/03\/cropped-UEF_wordpress_white.png","contentUrl":"https:\/\/blogs.uef.fi\/kestavyyspalapeli\/wp-content\/uploads\/sites\/187\/2023\/03\/cropped-UEF_wordpress_white.png","width":250,"height":250,"caption":"Blogi kest\u00e4vyyspalapelist\u00e4"},"image":{"@id":"https:\/\/blogs.uef.fi\/kestavyyspalapeli\/#\/schema\/logo\/image\/"}}]}},"_links":{"self":[{"href":"https:\/\/blogs.uef.fi\/kestavyyspalapeli\/wp-json\/wp\/v2\/pages\/165","targetHints":{"allow":["GET"]}}],"collection":[{"href":"https:\/\/blogs.uef.fi\/kestavyyspalapeli\/wp-json\/wp\/v2\/pages"}],"about":[{"href":"https:\/\/blogs.uef.fi\/kestavyyspalapeli\/wp-json\/wp\/v2\/types\/page"}],"author":[{"embeddable":true,"href":"https:\/\/blogs.uef.fi\/kestavyyspalapeli\/wp-json\/wp\/v2\/users\/602"}],"replies":[{"embeddable":true,"href":"https:\/\/blogs.uef.fi\/kestavyyspalapeli\/wp-json\/wp\/v2\/comments?post=165"}],"version-history":[{"count":2,"href":"https:\/\/blogs.uef.fi\/kestavyyspalapeli\/wp-json\/wp\/v2\/pages\/165\/revisions"}],"predecessor-version":[{"id":412,"href":"https:\/\/blogs.uef.fi\/kestavyyspalapeli\/wp-json\/wp\/v2\/pages\/165\/revisions\/412"}],"wp:attachment":[{"href":"https:\/\/blogs.uef.fi\/kestavyyspalapeli\/wp-json\/wp\/v2\/media?parent=165"}],"curies":[{"name":"wp","href":"https:\/\/api.w.org\/{rel}","templated":true}]}}