{"id":233,"date":"2024-03-08T07:40:13","date_gmt":"2024-03-08T07:40:13","guid":{"rendered":"https:\/\/blogs.uef.fi\/kaupungit-ruotsin-suurvallan-itarajalla\/?page_id=233"},"modified":"2024-06-27T09:15:09","modified_gmt":"2024-06-27T07:15:09","slug":"tietoa-blogista-about-the-blog","status":"publish","type":"page","link":"https:\/\/blogs.uef.fi\/kaupungit-ruotsin-suurvallan-itarajalla\/tietoa-blogista-about-the-blog\/","title":{"rendered":"Tietoa blogista \/\/ About the blog"},"content":{"rendered":"\n<figure class=\"wp-block-image aligncenter size-large\"><img loading=\"lazy\" decoding=\"async\" width=\"1024\" height=\"173\" src=\"https:\/\/blogs.uef.fi\/kaupungit-ruotsin-suurvallan-itarajalla\/wp-content\/uploads\/sites\/209\/2024\/03\/Rajan-kaupungit-1-1024x173.png\" alt=\"\" class=\"wp-image-322\" srcset=\"https:\/\/blogs.uef.fi\/kaupungit-ruotsin-suurvallan-itarajalla\/wp-content\/uploads\/sites\/209\/2024\/03\/Rajan-kaupungit-1-1024x173.png 1024w, https:\/\/blogs.uef.fi\/kaupungit-ruotsin-suurvallan-itarajalla\/wp-content\/uploads\/sites\/209\/2024\/03\/Rajan-kaupungit-1-300x51.png 300w, https:\/\/blogs.uef.fi\/kaupungit-ruotsin-suurvallan-itarajalla\/wp-content\/uploads\/sites\/209\/2024\/03\/Rajan-kaupungit-1-768x130.png 768w, https:\/\/blogs.uef.fi\/kaupungit-ruotsin-suurvallan-itarajalla\/wp-content\/uploads\/sites\/209\/2024\/03\/Rajan-kaupungit-1-1536x259.png 1536w, https:\/\/blogs.uef.fi\/kaupungit-ruotsin-suurvallan-itarajalla\/wp-content\/uploads\/sites\/209\/2024\/03\/Rajan-kaupungit-1.png 1640w\" sizes=\"auto, (max-width: 1024px) 100vw, 1024px\" \/><\/figure>\n\n\n\n<p><em>Kaupungit Ruotsin suurvallan it\u00e4rajalla. Valtarakenteet ja kaupalliset verkostot 1600-luvun j\u00e4lkipuoliskolla<\/em> -hanke (<em>St\u00e4der vid den svenska stormaktens \u00f6stgr\u00e4ns. Maktstrukturer och kommersiella n\u00e4tverk under 1600-talets senare h\u00e4lft<\/em>) tutkii vallan ja kaupan verkostoja viidess\u00e4 kaupungissa 1600-luvun lopulla. Nevanlinna, K\u00e4kisalmi, Sortavala, Brahea ja Kajaani sijaitsivat l\u00e4himpin\u00e4 it\u00e4rajaa. Pienest\u00e4 koostaan huolimatta ne olivat alueidensa t\u00e4rkeit\u00e4 kaupallisia keskuksia. Hanke tarkastelee kaupunkien sis\u00e4ist\u00e4 ja v\u00e4list\u00e4 vuorovaikutusta, mutta my\u00f6s yhteyksi\u00e4 muualle Ruotsin valtakunnan ja Ven\u00e4j\u00e4n alueille. Tavoitteena on tuoda mikrohistorialliseen tutkimukseen vertaileva n\u00e4k\u00f6kulma, jonka mahdollistavat uudet digitaaliset menetelm\u00e4t. Yhteisty\u00f6ss\u00e4 Kansallisarkiston kanssa tuotetaan HTR-teknologian avulla digitalisoitu l\u00e4hdeaineistokorpus, jota analysoidaan digitaalisilla verkostoanalyysity\u00f6kaluilla. Verkostoanalyysin, kaupunkien vertailun ja mikrohistorialle ominaisten l\u00e4hteiden l\u00e4hiluvun odotetaan paljastavan uusia piirteit\u00e4 varhaisen uuden ajan kaupunkiyhteis\u00f6jen toimintatavoista.<\/p>\n\n\n\n<p>Hankkeen rahoittaa Svenska Litteraturs\u00e4llskapet i Finland.<\/p>\n\n\n\n<p><\/p>\n\n\n\n<h5 class=\"wp-block-heading\">IN ENGLISH<\/h5>\n\n\n\n<p><em>The Towns on the Eastern Border of the Swedish Great Power. Power Structures and Commercial Networks in the Second Half of the 17th Century<\/em> project explores the power and trade networks of five cities in the late 17th century. Nyen, Kexholm, Sortavala, Brahea, and Kajaani were located closest to the eastern border. Despite their small size, they were important commercial centers in their regions. The project examines interaction within and between cities, but also connections with other regions of the Swedish Empire and Russia. The aim is to bring a comparative perspective to microhistorical research, enabled by new digital methods. In cooperation with the National Archives of Finland, HTR technology is used to produce digitalized corpus of sources that is analysed with digital network analysis tools. Network analysis, comparison of cities, and a close reading of sources characteristic of microhistory are expected to reveal new features of the patterns of behaviour of urban communities in the early modern era.<\/p>\n\n\n\n<p>The project is funded by Society of Swedish Literature in Finland.<\/p>\n\n\n    <div class=\"funders grid\">\n                        <a href=\"https:\/\/www.sls.fi\/sv\/\" class=\"funders__link grid__item hover-scale-down\" title=\"\">\n                            <div class=\"funders__image\">\n                    <img decoding=\"async\" src=\"https:\/\/blogs.uef.fi\/kaupungit-ruotsin-suurvallan-itarajalla\/wp-content\/uploads\/sites\/209\/2024\/03\/SLS_logo_hoger_3rad_RGB1.png\" alt=\"Svenska Litteraturs\u00e4llskapet i Finland\" \/>\n                <\/div>\n                                                    <div class=\"funders__arrow\">\n                    <svg xmlns=\"http:\/\/www.w3.org\/2000\/svg\" height=\"25px\" viewBox=\"0 -960 960 960\" width=\"24px\" ><path fill=\"currentColor\" d=\"M200-120q-33 0-56.5-23.5T120-200v-560q0-33 23.5-56.5T200-840h280v80H200v560h560v-280h80v280q0 33-23.5 56.5T760-120H200Zm188-212-56-56 372-372H560v-80h280v280h-80v-144L388-332Z\"\/><\/svg>                    <\/div>\n                <\/a>\n                            \n            <\/div>\n\n\n\n<h3 class=\"wp-block-heading\">Tutkijat<\/h3>\n\n\n\n<div class=\"person-card\">\n        <h2>Tutkijat<\/h2>\n    \n                    <div class=\"person-card-item\">\n                    <div class=\"person-card-column-left\">\n                                                    <img decoding=\"async\" class=\"person-card-image\" src=\"https:\/\/blogs.uef.fi\/kaupungit-ruotsin-suurvallan-itarajalla\/wp-content\/uploads\/sites\/209\/2024\/03\/Katajala-2020.jpg\" alt=\"Kuva Kimmo Katajala\" \/>\n                                            <\/div>\n\n                    <div class=\"person-card-column-right\">\n                                                <p class=\"person-card-name\">Prof. Kimmo Katajala<\/p>\n                        \n                                                <p class=\"person-card-position\">Hankkeen johtaja<\/p>\n                        \n                                                <p class=\"person-card-organisation\">It\u00e4-Suomen yliopisto (UEF)<\/p>\n                        \n                        \n                                            <\/div>\n                <\/div>\n                                        <div class=\"person-card-item\">\n                    <div class=\"person-card-column-left\">\n                                                    <span class=\"person-placeholder\"><\/span>\n                                            <\/div>\n\n                    <div class=\"person-card-column-right\">\n                                                <p class=\"person-card-name\">Jukka Kokkonen<\/p>\n                        \n                        \n                                                <p class=\"person-card-organisation\">It\u00e4-Suomen yliopisto (UEF)<\/p>\n                        \n                        \n                                            <\/div>\n                <\/div>\n                                        <div class=\"person-card-item\">\n                    <div class=\"person-card-column-left\">\n                                                    <span class=\"person-placeholder\"><\/span>\n                                            <\/div>\n\n                    <div class=\"person-card-column-right\">\n                                                <p class=\"person-card-name\">Kasper Kepsu<\/p>\n                        \n                        \n                                                <p class=\"person-card-organisation\">\u00c5bo Akademi<\/p>\n                        \n                        \n                                            <\/div>\n                <\/div>\n                                        <div class=\"person-card-item\">\n                    <div class=\"person-card-column-left\">\n                                                    <span class=\"person-placeholder\"><\/span>\n                                            <\/div>\n\n                    <div class=\"person-card-column-right\">\n                                                <p class=\"person-card-name\">Antti H\u00e4rk\u00f6nen<\/p>\n                        \n                        \n                                                <p class=\"person-card-organisation\">It\u00e4-Suomen yliopisto (UEF)<\/p>\n                        \n                        \n                                            <\/div>\n                <\/div>\n                                        <a href=\"https:\/\/orcid.org\/0000-0002-3491-6266\" class=\"person-card-link hover-scale-down\">\n                            <div class=\"person-card-item\">\n                    <div class=\"person-card-column-left\">\n                                                    <img decoding=\"async\" class=\"person-card-image\" src=\"https:\/\/blogs.uef.fi\/kaupungit-ruotsin-suurvallan-itarajalla\/wp-content\/uploads\/sites\/209\/2024\/06\/Jenni2022.jpg\" alt=\"Jenni Merovuo\" \/>\n                                            <\/div>\n\n                    <div class=\"person-card-column-right\">\n                                                <p class=\"person-card-name\">Jenni Merovuo<\/p>\n                        \n                                                <p class=\"person-card-position\">Projektitutkija<\/p>\n                        \n                                                <p class=\"person-card-organisation\">It\u00e4-Suomen yliopisto (UEF)<\/p>\n                        \n                                                <p class=\"person-card-text\">Tutkin hankkeessa K\u00e4kisalmen kaupungin verkostoja. <\/p>\n                        \n                                                    <div>\n\t\t\t\t\t\t\t<svg xmlns=\"http:\/\/www.w3.org\/2000\/svg\" height=\"25px\" viewBox=\"0 -960 960 960\" width=\"24px\" ><path fill=\"currentColor\" d=\"M200-120q-33 0-56.5-23.5T120-200v-560q0-33 23.5-56.5T200-840h280v80H200v560h560v-280h80v280q0 33-23.5 56.5T760-120H200Zm188-212-56-56 372-372H560v-80h280v280h-80v-144L388-332Z\"\/><\/svg>\t\t\t\t\t\t\t<\/div>\n                                            <\/div>\n                <\/div>\n                            <\/a>\n                            <\/div>\n","protected":false},"excerpt":{"rendered":"<p>Kaupungit Ruotsin suurvallan it\u00e4rajalla. Valtarakenteet ja kaupalliset verkostot 1600-luvun j\u00e4lkipuoliskolla -hanke (St\u00e4der vid den svenska stormaktens \u00f6stgr\u00e4ns. Maktstrukturer och kommersiella n\u00e4tverk under 1600-talets senare h\u00e4lft) tutkii vallan ja kaupan verkostoja viidess\u00e4 kaupungissa 1600-luvun lopulla. Nevanlinna, K\u00e4kisalmi, Sortavala, Brahea ja Kajaani sijaitsivat l\u00e4himpin\u00e4 it\u00e4rajaa. Pienest\u00e4 koostaan huolimatta ne olivat alueidensa t\u00e4rkeit\u00e4 kaupallisia keskuksia. Hanke tarkastelee kaupunkien [&hellip;]<\/p>\n","protected":false},"author":1,"featured_media":0,"parent":0,"menu_order":0,"comment_status":"closed","ping_status":"closed","template":"","meta":{"_acf_changed":false,"footnotes":""},"class_list":["post-233","page","type-page","status-publish","hentry"],"acf":[],"yoast_head":"<!-- This site is optimized with the Yoast SEO plugin v27.1.1 - https:\/\/yoast.com\/product\/yoast-seo-wordpress\/ -->\n<title>Tietoa blogista \/\/ About the blog - Kaupungit Ruotsin suurvallan it\u00e4rajalla -blogi<\/title>\n<meta name=\"robots\" content=\"index, follow, max-snippet:-1, max-image-preview:large, max-video-preview:-1\" \/>\n<link rel=\"canonical\" href=\"https:\/\/blogs.uef.fi\/kaupungit-ruotsin-suurvallan-itarajalla\/tietoa-blogista-about-the-blog\/\" \/>\n<meta property=\"og:locale\" content=\"fi_FI\" \/>\n<meta property=\"og:type\" content=\"article\" \/>\n<meta property=\"og:title\" content=\"Tietoa blogista \/\/ About the blog - Kaupungit Ruotsin suurvallan it\u00e4rajalla -blogi\" \/>\n<meta property=\"og:description\" content=\"Kaupungit Ruotsin suurvallan it\u00e4rajalla. Valtarakenteet ja kaupalliset verkostot 1600-luvun j\u00e4lkipuoliskolla -hanke (St\u00e4der vid den svenska stormaktens \u00f6stgr\u00e4ns. Maktstrukturer och kommersiella n\u00e4tverk under 1600-talets senare h\u00e4lft) tutkii vallan ja kaupan verkostoja viidess\u00e4 kaupungissa 1600-luvun lopulla. Nevanlinna, K\u00e4kisalmi, Sortavala, Brahea ja Kajaani sijaitsivat l\u00e4himpin\u00e4 it\u00e4rajaa. Pienest\u00e4 koostaan huolimatta ne olivat alueidensa t\u00e4rkeit\u00e4 kaupallisia keskuksia. Hanke tarkastelee kaupunkien [&hellip;]\" \/>\n<meta property=\"og:url\" content=\"https:\/\/blogs.uef.fi\/kaupungit-ruotsin-suurvallan-itarajalla\/tietoa-blogista-about-the-blog\/\" \/>\n<meta property=\"og:site_name\" content=\"Kaupungit Ruotsin suurvallan it\u00e4rajalla -blogi\" \/>\n<meta property=\"article:modified_time\" content=\"2024-06-27T07:15:09+00:00\" \/>\n<meta property=\"og:image\" content=\"https:\/\/blogs.uef.fi\/kaupungit-ruotsin-suurvallan-itarajalla\/wp-content\/uploads\/sites\/209\/2024\/03\/Rajan-kaupungit-1-1024x173.png\" \/>\n<meta name=\"twitter:card\" content=\"summary_large_image\" \/>\n<meta name=\"twitter:label1\" content=\"Arvioitu lukuaika\" \/>\n\t<meta name=\"twitter:data1\" content=\"2 minuuttia\" \/>\n<script type=\"application\/ld+json\" class=\"yoast-schema-graph\">{\"@context\":\"https:\/\/schema.org\",\"@graph\":[{\"@type\":\"WebPage\",\"@id\":\"https:\/\/blogs.uef.fi\/kaupungit-ruotsin-suurvallan-itarajalla\/tietoa-blogista-about-the-blog\/\",\"url\":\"https:\/\/blogs.uef.fi\/kaupungit-ruotsin-suurvallan-itarajalla\/tietoa-blogista-about-the-blog\/\",\"name\":\"Tietoa blogista \/\/ About the blog - Kaupungit Ruotsin suurvallan it\u00e4rajalla -blogi\",\"isPartOf\":{\"@id\":\"https:\/\/blogs.uef.fi\/kaupungit-ruotsin-suurvallan-itarajalla\/#website\"},\"primaryImageOfPage\":{\"@id\":\"https:\/\/blogs.uef.fi\/kaupungit-ruotsin-suurvallan-itarajalla\/tietoa-blogista-about-the-blog\/#primaryimage\"},\"image\":{\"@id\":\"https:\/\/blogs.uef.fi\/kaupungit-ruotsin-suurvallan-itarajalla\/tietoa-blogista-about-the-blog\/#primaryimage\"},\"thumbnailUrl\":\"https:\/\/blogs.uef.fi\/kaupungit-ruotsin-suurvallan-itarajalla\/wp-content\/uploads\/sites\/209\/2024\/03\/Rajan-kaupungit-1-1024x173.png\",\"datePublished\":\"2024-03-08T07:40:13+00:00\",\"dateModified\":\"2024-06-27T07:15:09+00:00\",\"breadcrumb\":{\"@id\":\"https:\/\/blogs.uef.fi\/kaupungit-ruotsin-suurvallan-itarajalla\/tietoa-blogista-about-the-blog\/#breadcrumb\"},\"inLanguage\":\"fi\",\"potentialAction\":[{\"@type\":\"ReadAction\",\"target\":[\"https:\/\/blogs.uef.fi\/kaupungit-ruotsin-suurvallan-itarajalla\/tietoa-blogista-about-the-blog\/\"]}]},{\"@type\":\"ImageObject\",\"inLanguage\":\"fi\",\"@id\":\"https:\/\/blogs.uef.fi\/kaupungit-ruotsin-suurvallan-itarajalla\/tietoa-blogista-about-the-blog\/#primaryimage\",\"url\":\"https:\/\/blogs.uef.fi\/kaupungit-ruotsin-suurvallan-itarajalla\/wp-content\/uploads\/sites\/209\/2024\/03\/Rajan-kaupungit-1.png\",\"contentUrl\":\"https:\/\/blogs.uef.fi\/kaupungit-ruotsin-suurvallan-itarajalla\/wp-content\/uploads\/sites\/209\/2024\/03\/Rajan-kaupungit-1.png\",\"width\":1640,\"height\":277},{\"@type\":\"BreadcrumbList\",\"@id\":\"https:\/\/blogs.uef.fi\/kaupungit-ruotsin-suurvallan-itarajalla\/tietoa-blogista-about-the-blog\/#breadcrumb\",\"itemListElement\":[{\"@type\":\"ListItem\",\"position\":1,\"name\":\"Home\",\"item\":\"https:\/\/blogs.uef.fi\/kaupungit-ruotsin-suurvallan-itarajalla\/\"},{\"@type\":\"ListItem\",\"position\":2,\"name\":\"Tietoa blogista \/\/ About the blog\"}]},{\"@type\":\"WebSite\",\"@id\":\"https:\/\/blogs.uef.fi\/kaupungit-ruotsin-suurvallan-itarajalla\/#website\",\"url\":\"https:\/\/blogs.uef.fi\/kaupungit-ruotsin-suurvallan-itarajalla\/\",\"name\":\"Kaupungit Ruotsin suurvallan it\u00e4rajalla -blogi\",\"description\":\"kaupungit; varhainen uusi aika; Ruotsin suurvalta-aika; 1600-luku, verkostot\",\"potentialAction\":[{\"@type\":\"SearchAction\",\"target\":{\"@type\":\"EntryPoint\",\"urlTemplate\":\"https:\/\/blogs.uef.fi\/kaupungit-ruotsin-suurvallan-itarajalla\/?s={search_term_string}\"},\"query-input\":{\"@type\":\"PropertyValueSpecification\",\"valueRequired\":true,\"valueName\":\"search_term_string\"}}],\"inLanguage\":\"fi\"}]}<\/script>\n<!-- \/ Yoast SEO plugin. -->","yoast_head_json":{"title":"Tietoa blogista \/\/ About the blog - Kaupungit Ruotsin suurvallan it\u00e4rajalla -blogi","robots":{"index":"index","follow":"follow","max-snippet":"max-snippet:-1","max-image-preview":"max-image-preview:large","max-video-preview":"max-video-preview:-1"},"canonical":"https:\/\/blogs.uef.fi\/kaupungit-ruotsin-suurvallan-itarajalla\/tietoa-blogista-about-the-blog\/","og_locale":"fi_FI","og_type":"article","og_title":"Tietoa blogista \/\/ About the blog - Kaupungit Ruotsin suurvallan it\u00e4rajalla -blogi","og_description":"Kaupungit Ruotsin suurvallan it\u00e4rajalla. Valtarakenteet ja kaupalliset verkostot 1600-luvun j\u00e4lkipuoliskolla -hanke (St\u00e4der vid den svenska stormaktens \u00f6stgr\u00e4ns. Maktstrukturer och kommersiella n\u00e4tverk under 1600-talets senare h\u00e4lft) tutkii vallan ja kaupan verkostoja viidess\u00e4 kaupungissa 1600-luvun lopulla. Nevanlinna, K\u00e4kisalmi, Sortavala, Brahea ja Kajaani sijaitsivat l\u00e4himpin\u00e4 it\u00e4rajaa. Pienest\u00e4 koostaan huolimatta ne olivat alueidensa t\u00e4rkeit\u00e4 kaupallisia keskuksia. Hanke tarkastelee kaupunkien [&hellip;]","og_url":"https:\/\/blogs.uef.fi\/kaupungit-ruotsin-suurvallan-itarajalla\/tietoa-blogista-about-the-blog\/","og_site_name":"Kaupungit Ruotsin suurvallan it\u00e4rajalla -blogi","article_modified_time":"2024-06-27T07:15:09+00:00","og_image":[{"url":"https:\/\/blogs.uef.fi\/kaupungit-ruotsin-suurvallan-itarajalla\/wp-content\/uploads\/sites\/209\/2024\/03\/Rajan-kaupungit-1-1024x173.png","type":"","width":"","height":""}],"twitter_card":"summary_large_image","twitter_misc":{"Arvioitu lukuaika":"2 minuuttia"},"schema":{"@context":"https:\/\/schema.org","@graph":[{"@type":"WebPage","@id":"https:\/\/blogs.uef.fi\/kaupungit-ruotsin-suurvallan-itarajalla\/tietoa-blogista-about-the-blog\/","url":"https:\/\/blogs.uef.fi\/kaupungit-ruotsin-suurvallan-itarajalla\/tietoa-blogista-about-the-blog\/","name":"Tietoa blogista \/\/ About the blog - Kaupungit Ruotsin suurvallan it\u00e4rajalla -blogi","isPartOf":{"@id":"https:\/\/blogs.uef.fi\/kaupungit-ruotsin-suurvallan-itarajalla\/#website"},"primaryImageOfPage":{"@id":"https:\/\/blogs.uef.fi\/kaupungit-ruotsin-suurvallan-itarajalla\/tietoa-blogista-about-the-blog\/#primaryimage"},"image":{"@id":"https:\/\/blogs.uef.fi\/kaupungit-ruotsin-suurvallan-itarajalla\/tietoa-blogista-about-the-blog\/#primaryimage"},"thumbnailUrl":"https:\/\/blogs.uef.fi\/kaupungit-ruotsin-suurvallan-itarajalla\/wp-content\/uploads\/sites\/209\/2024\/03\/Rajan-kaupungit-1-1024x173.png","datePublished":"2024-03-08T07:40:13+00:00","dateModified":"2024-06-27T07:15:09+00:00","breadcrumb":{"@id":"https:\/\/blogs.uef.fi\/kaupungit-ruotsin-suurvallan-itarajalla\/tietoa-blogista-about-the-blog\/#breadcrumb"},"inLanguage":"fi","potentialAction":[{"@type":"ReadAction","target":["https:\/\/blogs.uef.fi\/kaupungit-ruotsin-suurvallan-itarajalla\/tietoa-blogista-about-the-blog\/"]}]},{"@type":"ImageObject","inLanguage":"fi","@id":"https:\/\/blogs.uef.fi\/kaupungit-ruotsin-suurvallan-itarajalla\/tietoa-blogista-about-the-blog\/#primaryimage","url":"https:\/\/blogs.uef.fi\/kaupungit-ruotsin-suurvallan-itarajalla\/wp-content\/uploads\/sites\/209\/2024\/03\/Rajan-kaupungit-1.png","contentUrl":"https:\/\/blogs.uef.fi\/kaupungit-ruotsin-suurvallan-itarajalla\/wp-content\/uploads\/sites\/209\/2024\/03\/Rajan-kaupungit-1.png","width":1640,"height":277},{"@type":"BreadcrumbList","@id":"https:\/\/blogs.uef.fi\/kaupungit-ruotsin-suurvallan-itarajalla\/tietoa-blogista-about-the-blog\/#breadcrumb","itemListElement":[{"@type":"ListItem","position":1,"name":"Home","item":"https:\/\/blogs.uef.fi\/kaupungit-ruotsin-suurvallan-itarajalla\/"},{"@type":"ListItem","position":2,"name":"Tietoa blogista \/\/ About the blog"}]},{"@type":"WebSite","@id":"https:\/\/blogs.uef.fi\/kaupungit-ruotsin-suurvallan-itarajalla\/#website","url":"https:\/\/blogs.uef.fi\/kaupungit-ruotsin-suurvallan-itarajalla\/","name":"Kaupungit Ruotsin suurvallan it\u00e4rajalla -blogi","description":"kaupungit; varhainen uusi aika; Ruotsin suurvalta-aika; 1600-luku, verkostot","potentialAction":[{"@type":"SearchAction","target":{"@type":"EntryPoint","urlTemplate":"https:\/\/blogs.uef.fi\/kaupungit-ruotsin-suurvallan-itarajalla\/?s={search_term_string}"},"query-input":{"@type":"PropertyValueSpecification","valueRequired":true,"valueName":"search_term_string"}}],"inLanguage":"fi"}]}},"_links":{"self":[{"href":"https:\/\/blogs.uef.fi\/kaupungit-ruotsin-suurvallan-itarajalla\/wp-json\/wp\/v2\/pages\/233","targetHints":{"allow":["GET"]}}],"collection":[{"href":"https:\/\/blogs.uef.fi\/kaupungit-ruotsin-suurvallan-itarajalla\/wp-json\/wp\/v2\/pages"}],"about":[{"href":"https:\/\/blogs.uef.fi\/kaupungit-ruotsin-suurvallan-itarajalla\/wp-json\/wp\/v2\/types\/page"}],"author":[{"embeddable":true,"href":"https:\/\/blogs.uef.fi\/kaupungit-ruotsin-suurvallan-itarajalla\/wp-json\/wp\/v2\/users\/1"}],"replies":[{"embeddable":true,"href":"https:\/\/blogs.uef.fi\/kaupungit-ruotsin-suurvallan-itarajalla\/wp-json\/wp\/v2\/comments?post=233"}],"version-history":[{"count":1,"href":"https:\/\/blogs.uef.fi\/kaupungit-ruotsin-suurvallan-itarajalla\/wp-json\/wp\/v2\/pages\/233\/revisions"}],"predecessor-version":[{"id":601,"href":"https:\/\/blogs.uef.fi\/kaupungit-ruotsin-suurvallan-itarajalla\/wp-json\/wp\/v2\/pages\/233\/revisions\/601"}],"wp:attachment":[{"href":"https:\/\/blogs.uef.fi\/kaupungit-ruotsin-suurvallan-itarajalla\/wp-json\/wp\/v2\/media?parent=233"}],"curies":[{"name":"wp","href":"https:\/\/api.w.org\/{rel}","templated":true}]}}