{"id":9866,"date":"2023-02-22T09:58:15","date_gmt":"2023-02-22T07:58:15","guid":{"rendered":"https:\/\/blogs.uef.fi\/karjalanelvytys\/?page_id=9866"},"modified":"2023-02-22T09:58:15","modified_gmt":"2023-02-22T07:58:15","slug":"elain-ja-laulumonisteet-lapsille","status":"publish","type":"page","link":"https:\/\/blogs.uef.fi\/karjalanelvytys\/elain-ja-laulumonisteet-lapsille\/","title":{"rendered":"El\u00e4in- ja laulumonisteet lapsille"},"content":{"rendered":"<p>T\u00e4lt\u00e4 sivulta voit ladata <strong>Eeva Mannin<\/strong> tekemi\u00e4 el\u00e4in-, ruoka- ja laulumonisteita. Monisteita on t\u00e4h\u00e4n asti k\u00e4ytetty alakouluik\u00e4isten kanssa.<\/p>\n<p>Monisteet ovat pdf-muodossa. Osassa niist\u00e4 on annettu yhden el\u00e4imen kuva, nimi ja joissain tapauksissa esimerkkilause, osassa el\u00e4imi\u00e4 ja esimerkkej\u00e4 on mukana enemm\u00e4n.<\/p>\n<hr \/>\n<p><a href=\"https:\/\/blogs.uef.fi\/karjalanelvytys\/wp-content\/uploads\/sites\/155\/2023\/02\/Yhteinen_moniste.pdf\">Kaikki el\u00e4imet ja ruoat yhdess\u00e4 -moniste<\/a><\/p>\n<p><a href=\"https:\/\/blogs.uef.fi\/karjalanelvytys\/wp-content\/uploads\/sites\/155\/2023\/02\/Pajot_moniste.pdf\">Laulut<\/a><\/p>\n<p><a href=\"https:\/\/blogs.uef.fi\/karjalanelvytys\/wp-content\/uploads\/sites\/155\/2023\/02\/Hebo_moniste.pdf\">Hebo<\/a><\/p>\n<p><a href=\"https:\/\/blogs.uef.fi\/karjalanelvytys\/wp-content\/uploads\/sites\/155\/2023\/02\/Harakka_moniste.pdf\">Harakka<\/a><\/p>\n<p><a href=\"https:\/\/blogs.uef.fi\/karjalanelvytys\/wp-content\/uploads\/sites\/155\/2023\/02\/Rebo_moniste.pdf\">Rebo<\/a><\/p>\n<p><a href=\"https:\/\/blogs.uef.fi\/karjalanelvytys\/wp-content\/uploads\/sites\/155\/2023\/02\/Kazi_moniste.pdf\">Kazi<\/a><\/p>\n<p><a href=\"https:\/\/blogs.uef.fi\/karjalanelvytys\/wp-content\/uploads\/sites\/155\/2023\/02\/Kondie_moniste.pdf\">Kondie<\/a><\/p>\n<p><a href=\"https:\/\/blogs.uef.fi\/karjalanelvytys\/wp-content\/uploads\/sites\/155\/2023\/02\/Mado_moniste.pdf\">Mado<\/a><\/p>\n<p><a href=\"https:\/\/blogs.uef.fi\/karjalanelvytys\/wp-content\/uploads\/sites\/155\/2023\/02\/Lehma_moniste.pdf\">Lehm\u00e4<\/a><\/p>\n<p><a href=\"https:\/\/blogs.uef.fi\/karjalanelvytys\/wp-content\/uploads\/sites\/155\/2023\/02\/Jaicca_moniste.pdf\">J\u00e4i\u010d\u010d\u00e4<\/a><\/p>\n<p><a href=\"https:\/\/blogs.uef.fi\/karjalanelvytys\/wp-content\/uploads\/sites\/155\/2023\/02\/Kartohka_moniste.pdf\">Kartohka<\/a><\/p>\n<p><a href=\"https:\/\/blogs.uef.fi\/karjalanelvytys\/wp-content\/uploads\/sites\/155\/2023\/02\/Lotto_moniste.pdf\">L\u00f6tt\u00f6<\/a><\/p>\n<p><a href=\"https:\/\/blogs.uef.fi\/karjalanelvytys\/wp-content\/uploads\/sites\/155\/2023\/02\/Siga_moniste.pdf\">Siga<\/a><\/p>\n<p><a href=\"https:\/\/blogs.uef.fi\/karjalanelvytys\/wp-content\/uploads\/sites\/155\/2023\/02\/Hukka_moniste.pdf\">Hukka<\/a><\/p>\n<p><a href=\"https:\/\/blogs.uef.fi\/karjalanelvytys\/wp-content\/uploads\/sites\/155\/2023\/02\/Juablokka_moniste.pdf\">Juablokka<\/a><\/p>\n","protected":false},"excerpt":{"rendered":"<p>T\u00e4lt\u00e4 sivulta voit ladata Eeva Mannin tekemi\u00e4 el\u00e4in-, ruoka- ja laulumonisteita. Monisteita on t\u00e4h\u00e4n asti k\u00e4ytetty alakouluik\u00e4isten kanssa. Monisteet ovat pdf-muodossa. Osassa niist\u00e4 on annettu yhden el\u00e4imen kuva, nimi ja joissain tapauksissa esimerkkilause, osassa el\u00e4imi\u00e4 ja esimerkkej\u00e4 on mukana enemm\u00e4n. Kaikki el\u00e4imet ja ruoat yhdess\u00e4 -moniste Laulut Hebo Harakka Rebo Kazi Kondie Mado Lehm\u00e4 J\u00e4i\u010d\u010d\u00e4 [&hellip;]<\/p>\n","protected":false},"author":580,"featured_media":0,"parent":0,"menu_order":0,"comment_status":"closed","ping_status":"closed","template":"","meta":{"_acf_changed":false,"footnotes":""},"class_list":["post-9866","page","type-page","status-publish","hentry"],"acf":[],"yoast_head":"<!-- This site is optimized with the Yoast SEO plugin v27.1.1 - https:\/\/yoast.com\/product\/yoast-seo-wordpress\/ -->\n<title>El\u00e4in- ja laulumonisteet lapsille - Karjalan kielen elvytt\u00e4minen<\/title>\n<meta name=\"robots\" content=\"index, follow, max-snippet:-1, max-image-preview:large, max-video-preview:-1\" \/>\n<link rel=\"canonical\" href=\"https:\/\/blogs.uef.fi\/karjalanelvytys\/elain-ja-laulumonisteet-lapsille\/\" \/>\n<meta property=\"og:locale\" content=\"fi_FI\" \/>\n<meta property=\"og:type\" content=\"article\" \/>\n<meta property=\"og:title\" content=\"El\u00e4in- ja laulumonisteet lapsille - Karjalan kielen elvytt\u00e4minen\" \/>\n<meta property=\"og:description\" content=\"T\u00e4lt\u00e4 sivulta voit ladata Eeva Mannin tekemi\u00e4 el\u00e4in-, ruoka- ja laulumonisteita. Monisteita on t\u00e4h\u00e4n asti k\u00e4ytetty alakouluik\u00e4isten kanssa. Monisteet ovat pdf-muodossa. Osassa niist\u00e4 on annettu yhden el\u00e4imen kuva, nimi ja joissain tapauksissa esimerkkilause, osassa el\u00e4imi\u00e4 ja esimerkkej\u00e4 on mukana enemm\u00e4n. Kaikki el\u00e4imet ja ruoat yhdess\u00e4 -moniste Laulut Hebo Harakka Rebo Kazi Kondie Mado Lehm\u00e4 J\u00e4i\u010d\u010d\u00e4 [&hellip;]\" \/>\n<meta property=\"og:url\" content=\"https:\/\/blogs.uef.fi\/karjalanelvytys\/elain-ja-laulumonisteet-lapsille\/\" \/>\n<meta property=\"og:site_name\" content=\"Karjalan kielen elvytt\u00e4minen\" \/>\n<meta name=\"twitter:card\" content=\"summary_large_image\" \/>\n<meta name=\"twitter:label1\" content=\"Arvioitu lukuaika\" \/>\n\t<meta name=\"twitter:data1\" content=\"1 minuutti\" \/>\n<script type=\"application\/ld+json\" class=\"yoast-schema-graph\">{\"@context\":\"https:\/\/schema.org\",\"@graph\":[{\"@type\":\"WebPage\",\"@id\":\"https:\/\/blogs.uef.fi\/karjalanelvytys\/elain-ja-laulumonisteet-lapsille\/\",\"url\":\"https:\/\/blogs.uef.fi\/karjalanelvytys\/elain-ja-laulumonisteet-lapsille\/\",\"name\":\"El\u00e4in- ja laulumonisteet lapsille - Karjalan kielen elvytt\u00e4minen\",\"isPartOf\":{\"@id\":\"https:\/\/blogs.uef.fi\/karjalanelvytys\/#website\"},\"datePublished\":\"2023-02-22T07:58:15+00:00\",\"breadcrumb\":{\"@id\":\"https:\/\/blogs.uef.fi\/karjalanelvytys\/elain-ja-laulumonisteet-lapsille\/#breadcrumb\"},\"inLanguage\":\"fi\",\"potentialAction\":[{\"@type\":\"ReadAction\",\"target\":[\"https:\/\/blogs.uef.fi\/karjalanelvytys\/elain-ja-laulumonisteet-lapsille\/\"]}]},{\"@type\":\"BreadcrumbList\",\"@id\":\"https:\/\/blogs.uef.fi\/karjalanelvytys\/elain-ja-laulumonisteet-lapsille\/#breadcrumb\",\"itemListElement\":[{\"@type\":\"ListItem\",\"position\":1,\"name\":\"Home\",\"item\":\"https:\/\/blogs.uef.fi\/karjalanelvytys\/\"},{\"@type\":\"ListItem\",\"position\":2,\"name\":\"El\u00e4in- ja laulumonisteet lapsille\"}]},{\"@type\":\"WebSite\",\"@id\":\"https:\/\/blogs.uef.fi\/karjalanelvytys\/#website\",\"url\":\"https:\/\/blogs.uef.fi\/karjalanelvytys\/\",\"name\":\"Karjalan kielen elvytt\u00e4minen\",\"description\":\"\",\"potentialAction\":[{\"@type\":\"SearchAction\",\"target\":{\"@type\":\"EntryPoint\",\"urlTemplate\":\"https:\/\/blogs.uef.fi\/karjalanelvytys\/?s={search_term_string}\"},\"query-input\":{\"@type\":\"PropertyValueSpecification\",\"valueRequired\":true,\"valueName\":\"search_term_string\"}}],\"inLanguage\":\"fi\"}]}<\/script>\n<!-- \/ Yoast SEO plugin. -->","yoast_head_json":{"title":"El\u00e4in- ja laulumonisteet lapsille - Karjalan kielen elvytt\u00e4minen","robots":{"index":"index","follow":"follow","max-snippet":"max-snippet:-1","max-image-preview":"max-image-preview:large","max-video-preview":"max-video-preview:-1"},"canonical":"https:\/\/blogs.uef.fi\/karjalanelvytys\/elain-ja-laulumonisteet-lapsille\/","og_locale":"fi_FI","og_type":"article","og_title":"El\u00e4in- ja laulumonisteet lapsille - Karjalan kielen elvytt\u00e4minen","og_description":"T\u00e4lt\u00e4 sivulta voit ladata Eeva Mannin tekemi\u00e4 el\u00e4in-, ruoka- ja laulumonisteita. Monisteita on t\u00e4h\u00e4n asti k\u00e4ytetty alakouluik\u00e4isten kanssa. Monisteet ovat pdf-muodossa. Osassa niist\u00e4 on annettu yhden el\u00e4imen kuva, nimi ja joissain tapauksissa esimerkkilause, osassa el\u00e4imi\u00e4 ja esimerkkej\u00e4 on mukana enemm\u00e4n. Kaikki el\u00e4imet ja ruoat yhdess\u00e4 -moniste Laulut Hebo Harakka Rebo Kazi Kondie Mado Lehm\u00e4 J\u00e4i\u010d\u010d\u00e4 [&hellip;]","og_url":"https:\/\/blogs.uef.fi\/karjalanelvytys\/elain-ja-laulumonisteet-lapsille\/","og_site_name":"Karjalan kielen elvytt\u00e4minen","twitter_card":"summary_large_image","twitter_misc":{"Arvioitu lukuaika":"1 minuutti"},"schema":{"@context":"https:\/\/schema.org","@graph":[{"@type":"WebPage","@id":"https:\/\/blogs.uef.fi\/karjalanelvytys\/elain-ja-laulumonisteet-lapsille\/","url":"https:\/\/blogs.uef.fi\/karjalanelvytys\/elain-ja-laulumonisteet-lapsille\/","name":"El\u00e4in- ja laulumonisteet lapsille - Karjalan kielen elvytt\u00e4minen","isPartOf":{"@id":"https:\/\/blogs.uef.fi\/karjalanelvytys\/#website"},"datePublished":"2023-02-22T07:58:15+00:00","breadcrumb":{"@id":"https:\/\/blogs.uef.fi\/karjalanelvytys\/elain-ja-laulumonisteet-lapsille\/#breadcrumb"},"inLanguage":"fi","potentialAction":[{"@type":"ReadAction","target":["https:\/\/blogs.uef.fi\/karjalanelvytys\/elain-ja-laulumonisteet-lapsille\/"]}]},{"@type":"BreadcrumbList","@id":"https:\/\/blogs.uef.fi\/karjalanelvytys\/elain-ja-laulumonisteet-lapsille\/#breadcrumb","itemListElement":[{"@type":"ListItem","position":1,"name":"Home","item":"https:\/\/blogs.uef.fi\/karjalanelvytys\/"},{"@type":"ListItem","position":2,"name":"El\u00e4in- ja laulumonisteet lapsille"}]},{"@type":"WebSite","@id":"https:\/\/blogs.uef.fi\/karjalanelvytys\/#website","url":"https:\/\/blogs.uef.fi\/karjalanelvytys\/","name":"Karjalan kielen elvytt\u00e4minen","description":"","potentialAction":[{"@type":"SearchAction","target":{"@type":"EntryPoint","urlTemplate":"https:\/\/blogs.uef.fi\/karjalanelvytys\/?s={search_term_string}"},"query-input":{"@type":"PropertyValueSpecification","valueRequired":true,"valueName":"search_term_string"}}],"inLanguage":"fi"}]}},"_links":{"self":[{"href":"https:\/\/blogs.uef.fi\/karjalanelvytys\/wp-json\/wp\/v2\/pages\/9866","targetHints":{"allow":["GET"]}}],"collection":[{"href":"https:\/\/blogs.uef.fi\/karjalanelvytys\/wp-json\/wp\/v2\/pages"}],"about":[{"href":"https:\/\/blogs.uef.fi\/karjalanelvytys\/wp-json\/wp\/v2\/types\/page"}],"author":[{"embeddable":true,"href":"https:\/\/blogs.uef.fi\/karjalanelvytys\/wp-json\/wp\/v2\/users\/580"}],"replies":[{"embeddable":true,"href":"https:\/\/blogs.uef.fi\/karjalanelvytys\/wp-json\/wp\/v2\/comments?post=9866"}],"version-history":[{"count":1,"href":"https:\/\/blogs.uef.fi\/karjalanelvytys\/wp-json\/wp\/v2\/pages\/9866\/revisions"}],"predecessor-version":[{"id":9914,"href":"https:\/\/blogs.uef.fi\/karjalanelvytys\/wp-json\/wp\/v2\/pages\/9866\/revisions\/9914"}],"wp:attachment":[{"href":"https:\/\/blogs.uef.fi\/karjalanelvytys\/wp-json\/wp\/v2\/media?parent=9866"}],"curies":[{"name":"wp","href":"https:\/\/api.w.org\/{rel}","templated":true}]}}