{"id":979,"date":"2021-07-01T09:27:08","date_gmt":"2021-07-01T06:27:08","guid":{"rendered":"https:\/\/blogs.uef.fi\/karjalanelvytys\/?page_id=979"},"modified":"2026-04-13T08:58:53","modified_gmt":"2026-04-13T05:58:53","slug":"karjalazet-kirjutetah","status":"publish","type":"page","link":"https:\/\/blogs.uef.fi\/karjalanelvytys\/karjalazet-kirjutetah\/","title":{"rendered":"Karjalazet kirjutetah"},"content":{"rendered":"\n<p>T\u00e4l sivul julguammo karjalazien ty\u00f6ttyl\u00f6i runoloi, kerdomuksii, starinoi, suarnoi, pajoloi da kirjutuksii karjalan eri murdehil. Tahtonet oman kirjutuksen jullattavakse, ty\u00f6nn\u00e4 se meile s\u00e4hk\u00f6po\u0161ta\u010di (karjalanelvytys@uef.fi). <\/p>\n\n\n\n<p>Tekstois kerrotut mielet kuulutah kirjuttajile, eigo net evusteta P\u00e4iv\u00e4nnouzu-Suomen yliopistuo libo sen ruadajii. P\u00e4iv\u00e4nnouzu-Suomen karjalan kielen elvyt\u00e4nd\u00e4n kieliprincippoih voit tuttavuo ti\u00e4: <a href=\"http:\/\/blogs.uef.fi\/karjalanelvytys\/kieliperiaatteet\/\">linku<\/a>.<\/p>\n\n\n\n<p>*<\/p>\n\n\n\n<p><strong>Ville Potka<\/strong>: Oscar Wilde -ki\u00e4nn\u00f6ksie (<a href=\"https:\/\/blogs.uef.fi\/karjalanelvytys\/ville-potka-oscar-wilde-kiannoksie\/\">linkka kirjutuksih<\/a>)<\/p>\n\n\n\n<p><strong>Paavo Harakka<\/strong>: Novellaki\u00e4nn\u00f6ksie (<a href=\"https:\/\/blogs.uef.fi\/karjalanelvytys\/paavo-harakan-kiannos-mian-izannan-kuuluza-tietossanda\/\">linkka kirjutuksih<\/a>)<\/p>\n\n\n\n<p><strong>Maria Kok da Natalia Giloeva<\/strong>: Man&#8217;oi da Natoi paginal -kirjutuksel (<a href=\"https:\/\/blogs.uef.fi\/karjalanelvytys\/manoi-da-natoi-paginal\/\">linku kirjutuksih<\/a>)<\/p>\n\n\n\n<p><strong>Lauri Luukkonen:&nbsp;<\/strong>Mustan vie (<a href=\"http:\/\/blogs.uef.fi\/karjalanelvytys\/lauri-luukkonen-mustan-vie\/\">linkki kirjutukseh<\/a>)<\/p>\n\n\n\n<p><strong>Johanna Pelling<\/strong>: Tolkun \u0161ynty. (<a href=\"https:\/\/blogs.uef.fi\/karjalanelvytys\/johanna-pelling-tolkun-synty\/\" target=\"_blank\" rel=\"noopener\">linkki kirjutuk\u0161eh<\/a>)<\/p>\n\n\n\n<p><strong>Tuula da Pirjo<\/strong>: Karjalan kielen p\u00e4ivy Kuopivos. <a href=\"https:\/\/blogs.uef.fi\/karjalanelvytys\/tuula-da-pirjo-karjalan-kielen-paivy-kuopivos\/\">(linku kirjutukseh)<\/a><\/p>\n\n\n\n<p><strong>Hannu Lappalainen: <\/strong>Pajoki\u00e4nn\u00f6kset. <a href=\"https:\/\/blogs.uef.fi\/karjalanelvytys\/hannu-lappalazen-pajokiannokset\/\">(linku kirjutukseh)<\/a><\/p>\n\n\n\n<p><strong>Helsingin Suoj\u00e4rvi-seuran Kielikerahmo-kerho:<\/strong> Tekstikokoelma. <a href=\"https:\/\/blogs.uef.fi\/karjalanelvytys\/omah-kieleh-tekstakogomus\/\">(linku kirjutukseh)<\/a><\/p>\n\n\n\n<p><strong>Irina Karvonen: <\/strong>Ji\u00e4\u0161kuappu. <a href=\"https:\/\/blogs.uef.fi\/karjalanelvytys\/irina-karvonen-jiaskuappu\/\">(linku kirjutukseh)<\/a><\/p>\n\n\n\n<p><strong>Irina Karvonen: <\/strong>\u0160ipainiekat. <a href=\"https:\/\/blogs.uef.fi\/karjalanelvytys\/irina-karvonen-sipainiekat\/\">(linku kirjutukseh)<\/a><\/p>\n\n\n\n<p><strong>Lauri Luukkonen: <\/strong>Kolme suvai\u010dusrunuo. <a href=\"https:\/\/blogs.uef.fi\/karjalanelvytys\/lauri-luukkonen-kolme-suvaicusrunuo\/\">(linku kirjutukseh)<\/a><\/p>\n\n\n\n<p><strong>Lauri Luukkonen: <\/strong>Yheks\u00e4 haikuu. <a href=\"https:\/\/blogs.uef.fi\/karjalanelvytys\/lauri-luukkonen-yheksa-haikuu\/\">(linku kirjutukseh)<\/a><\/p>\n\n\n\n<p><strong>Pirjo-Liisa Kotiranta<\/strong>: Kolme ke\u0161\u00e4starinua. Er\u00e4h\u00e4n\u00e4 ke\u0161\u00e4huomenek\u0161ena. L\u00e4ksim\u00e4 my\u00f6 kerran marjah. Tytt\u00f6 me\u010d\u00e4\u0161\u0161\u00e4. (<a href=\"https:\/\/blogs.uef.fi\/karjalanelvytys\/wp-admin\/post.php?post=11376&amp;action=edit\" target=\"_blank\" rel=\"noopener\">linkki kirjutuk\u0161eh<\/a>)<\/p>\n\n\n\n<p><strong>Martti Penttonen:<\/strong> Kielenelvytys: Assimil\u2019aciedu, identitiettua vai argikieldy? <a href=\"https:\/\/blogs.uef.fi\/karjalanelvytys\/martti-penttonen-kielenelvytys-assimilaciedu-identitiettua-vai-argikieldy\/\">(linku kirjutukseh)<\/a><\/p>\n\n\n\n<p><strong>Pirjo-Liisa Kotiranta<\/strong>: Starina Ananie Juutinpoika Klementjevist\u00e4 Uhtuon Likopi\u00e4\u0161t\u00e4 <a href=\"https:\/\/blogs.uef.fi\/karjalanelvytys\/pirjo-liisa-kotiranta-starina-ananie-juutinpoika-klementjevista-uhtuon-likopiasta\/\">(linkki kirjutuk\u0161eh)<\/a><\/p>\n\n\n\n<p><strong>Mari Rajamaa<\/strong>: Kontie ta repo <a href=\"https:\/\/blogs.uef.fi\/karjalanelvytys\/mari-rajamaa-kontie-ta-repo\/\">(linkki kirjutuk\u0161eh)<\/a><\/p>\n\n\n\n<p><strong>Lauri Luukkonen<\/strong>: Runoloi <a href=\"https:\/\/blogs.uef.fi\/karjalanelvytys\/lauri-luukkonen-runoloi\/\">(linkki kirjoitukseen)<\/a><\/p>\n\n\n\n<p><strong>Pirjo-Liisa Kotiranta<\/strong>: Skokku-Skokuna l\u00e4ksi muailmalla -starina <a href=\"https:\/\/blogs.uef.fi\/karjalanelvytys\/pirjo-liisa-kotiranta-skokku-skokuna-laksi-muailmalla\/\">(linkki kirjutuk\u0161eh)<\/a><\/p>\n\n\n\n<p><strong>Pirjo-Liisa Kotiranta<\/strong>: Muurahaini vihmalla -starina <a href=\"https:\/\/blogs.uef.fi\/karjalanelvytys\/pirjo-liisa-kotiranta-muurahaini-vihmalla\/\">(linkki kirjutuk\u0161eh)<\/a><\/p>\n\n\n\n<p><strong>Mari Rajamaa<\/strong>: Tuatto ta porot -starina <a href=\"https:\/\/blogs.uef.fi\/karjalanelvytys\/mari-rajamaa-tuatto-ta-porot-starina\/\">(linkki kirjutuk\u0161eh)<\/a><\/p>\n\n\n\n<p><strong>Lauri Luukkonen<\/strong>: Tankarunoloi (<a href=\"https:\/\/blogs.uef.fi\/karjalanelvytys\/lauri-luukkonen-tankarunoloi\/\">linkki kirjoitukseen)<\/a><\/p>\n\n\n\n<p><strong>Lauri Luukkonen<\/strong>: Kolmetostu haikuu (<a href=\"https:\/\/blogs.uef.fi\/karjalanelvytys\/lauri-luukkonen-kolmetostu-haikuu\/\">linkki kirjoitukseen<\/a>)<\/p>\n\n\n\n<p><strong>Lea Tajakan runo<\/strong> (<a href=\"https:\/\/blogs.uef.fi\/karjalanelvytys\/lea-tajakan-runo\/\">linkki kirjoitukseen<\/a>)<\/p>\n\n\n\n<p><strong>Kaukame\u010d\u00e4n rahvahanopiston opastujat Kajuanisp\u00e4i<\/strong>: Pyh\u00e4 vezi&nbsp; (<a href=\"https:\/\/blogs.uef.fi\/karjalanelvytys\/pyha-vezi\/\">linkki kirjoitukseen<\/a>)<\/p>\n","protected":false},"excerpt":{"rendered":"<p>T\u00e4l sivul julguammo karjalazien ty\u00f6ttyl\u00f6i runoloi, kerdomuksii, starinoi, suarnoi, pajoloi da kirjutuksii karjalan eri murdehil. Tahtonet oman kirjutuksen jullattavakse, ty\u00f6nn\u00e4 se meile s\u00e4hk\u00f6po\u0161ta\u010di (karjalanelvytys@uef.fi). Tekstois kerrotut mielet kuulutah kirjuttajile, eigo net evusteta P\u00e4iv\u00e4nnouzu-Suomen yliopistuo libo sen ruadajii. P\u00e4iv\u00e4nnouzu-Suomen karjalan kielen elvyt\u00e4nd\u00e4n kieliprincippoih voit tuttavuo ti\u00e4: linku. * Ville Potka: Oscar Wilde -ki\u00e4nn\u00f6ksie (linkka kirjutuksih) Paavo [&hellip;]<\/p>\n","protected":false},"author":419,"featured_media":0,"parent":0,"menu_order":0,"comment_status":"closed","ping_status":"closed","template":"","meta":{"_acf_changed":false,"footnotes":""},"class_list":["post-979","page","type-page","status-publish","hentry"],"acf":[],"yoast_head":"<!-- This site is optimized with the Yoast SEO plugin v27.3 - https:\/\/yoast.com\/product\/yoast-seo-wordpress\/ -->\n<title>Karjalazet kirjutetah - Karjalan kielen elvytt\u00e4minen<\/title>\n<meta name=\"robots\" content=\"index, follow, max-snippet:-1, max-image-preview:large, max-video-preview:-1\" \/>\n<link rel=\"canonical\" href=\"https:\/\/blogs.uef.fi\/karjalanelvytys\/karjalazet-kirjutetah\/\" \/>\n<meta property=\"og:locale\" content=\"fi_FI\" \/>\n<meta property=\"og:type\" content=\"article\" \/>\n<meta property=\"og:title\" content=\"Karjalazet kirjutetah - Karjalan kielen elvytt\u00e4minen\" \/>\n<meta property=\"og:description\" content=\"T\u00e4l sivul julguammo karjalazien ty\u00f6ttyl\u00f6i runoloi, kerdomuksii, starinoi, suarnoi, pajoloi da kirjutuksii karjalan eri murdehil. Tahtonet oman kirjutuksen jullattavakse, ty\u00f6nn\u00e4 se meile s\u00e4hk\u00f6po\u0161ta\u010di (karjalanelvytys@uef.fi). Tekstois kerrotut mielet kuulutah kirjuttajile, eigo net evusteta P\u00e4iv\u00e4nnouzu-Suomen yliopistuo libo sen ruadajii. P\u00e4iv\u00e4nnouzu-Suomen karjalan kielen elvyt\u00e4nd\u00e4n kieliprincippoih voit tuttavuo ti\u00e4: linku. * Ville Potka: Oscar Wilde -ki\u00e4nn\u00f6ksie (linkka kirjutuksih) Paavo [&hellip;]\" \/>\n<meta property=\"og:url\" content=\"https:\/\/blogs.uef.fi\/karjalanelvytys\/karjalazet-kirjutetah\/\" \/>\n<meta property=\"og:site_name\" content=\"Karjalan kielen elvytt\u00e4minen\" \/>\n<meta property=\"article:modified_time\" content=\"2026-04-13T05:58:53+00:00\" \/>\n<meta name=\"twitter:card\" content=\"summary_large_image\" \/>\n<meta name=\"twitter:label1\" content=\"Arvioitu lukuaika\" \/>\n\t<meta name=\"twitter:data1\" content=\"2 minuuttia\" \/>\n<script type=\"application\/ld+json\" class=\"yoast-schema-graph\">{\"@context\":\"https:\\\/\\\/schema.org\",\"@graph\":[{\"@type\":\"WebPage\",\"@id\":\"https:\\\/\\\/blogs.uef.fi\\\/karjalanelvytys\\\/karjalazet-kirjutetah\\\/\",\"url\":\"https:\\\/\\\/blogs.uef.fi\\\/karjalanelvytys\\\/karjalazet-kirjutetah\\\/\",\"name\":\"Karjalazet kirjutetah - Karjalan kielen elvytt\u00e4minen\",\"isPartOf\":{\"@id\":\"https:\\\/\\\/blogs.uef.fi\\\/karjalanelvytys\\\/#website\"},\"datePublished\":\"2021-07-01T06:27:08+00:00\",\"dateModified\":\"2026-04-13T05:58:53+00:00\",\"breadcrumb\":{\"@id\":\"https:\\\/\\\/blogs.uef.fi\\\/karjalanelvytys\\\/karjalazet-kirjutetah\\\/#breadcrumb\"},\"inLanguage\":\"fi\",\"potentialAction\":[{\"@type\":\"ReadAction\",\"target\":[\"https:\\\/\\\/blogs.uef.fi\\\/karjalanelvytys\\\/karjalazet-kirjutetah\\\/\"]}]},{\"@type\":\"BreadcrumbList\",\"@id\":\"https:\\\/\\\/blogs.uef.fi\\\/karjalanelvytys\\\/karjalazet-kirjutetah\\\/#breadcrumb\",\"itemListElement\":[{\"@type\":\"ListItem\",\"position\":1,\"name\":\"Home\",\"item\":\"https:\\\/\\\/blogs.uef.fi\\\/karjalanelvytys\\\/\"},{\"@type\":\"ListItem\",\"position\":2,\"name\":\"Karjalazet kirjutetah\"}]},{\"@type\":\"WebSite\",\"@id\":\"https:\\\/\\\/blogs.uef.fi\\\/karjalanelvytys\\\/#website\",\"url\":\"https:\\\/\\\/blogs.uef.fi\\\/karjalanelvytys\\\/\",\"name\":\"Karjalan kielen elvytt\u00e4minen\",\"description\":\"\",\"potentialAction\":[{\"@type\":\"SearchAction\",\"target\":{\"@type\":\"EntryPoint\",\"urlTemplate\":\"https:\\\/\\\/blogs.uef.fi\\\/karjalanelvytys\\\/?s={search_term_string}\"},\"query-input\":{\"@type\":\"PropertyValueSpecification\",\"valueRequired\":true,\"valueName\":\"search_term_string\"}}],\"inLanguage\":\"fi\"}]}<\/script>\n<!-- \/ Yoast SEO plugin. -->","yoast_head_json":{"title":"Karjalazet kirjutetah - Karjalan kielen elvytt\u00e4minen","robots":{"index":"index","follow":"follow","max-snippet":"max-snippet:-1","max-image-preview":"max-image-preview:large","max-video-preview":"max-video-preview:-1"},"canonical":"https:\/\/blogs.uef.fi\/karjalanelvytys\/karjalazet-kirjutetah\/","og_locale":"fi_FI","og_type":"article","og_title":"Karjalazet kirjutetah - Karjalan kielen elvytt\u00e4minen","og_description":"T\u00e4l sivul julguammo karjalazien ty\u00f6ttyl\u00f6i runoloi, kerdomuksii, starinoi, suarnoi, pajoloi da kirjutuksii karjalan eri murdehil. Tahtonet oman kirjutuksen jullattavakse, ty\u00f6nn\u00e4 se meile s\u00e4hk\u00f6po\u0161ta\u010di (karjalanelvytys@uef.fi). Tekstois kerrotut mielet kuulutah kirjuttajile, eigo net evusteta P\u00e4iv\u00e4nnouzu-Suomen yliopistuo libo sen ruadajii. P\u00e4iv\u00e4nnouzu-Suomen karjalan kielen elvyt\u00e4nd\u00e4n kieliprincippoih voit tuttavuo ti\u00e4: linku. * Ville Potka: Oscar Wilde -ki\u00e4nn\u00f6ksie (linkka kirjutuksih) Paavo [&hellip;]","og_url":"https:\/\/blogs.uef.fi\/karjalanelvytys\/karjalazet-kirjutetah\/","og_site_name":"Karjalan kielen elvytt\u00e4minen","article_modified_time":"2026-04-13T05:58:53+00:00","twitter_card":"summary_large_image","twitter_misc":{"Arvioitu lukuaika":"2 minuuttia"},"schema":{"@context":"https:\/\/schema.org","@graph":[{"@type":"WebPage","@id":"https:\/\/blogs.uef.fi\/karjalanelvytys\/karjalazet-kirjutetah\/","url":"https:\/\/blogs.uef.fi\/karjalanelvytys\/karjalazet-kirjutetah\/","name":"Karjalazet kirjutetah - Karjalan kielen elvytt\u00e4minen","isPartOf":{"@id":"https:\/\/blogs.uef.fi\/karjalanelvytys\/#website"},"datePublished":"2021-07-01T06:27:08+00:00","dateModified":"2026-04-13T05:58:53+00:00","breadcrumb":{"@id":"https:\/\/blogs.uef.fi\/karjalanelvytys\/karjalazet-kirjutetah\/#breadcrumb"},"inLanguage":"fi","potentialAction":[{"@type":"ReadAction","target":["https:\/\/blogs.uef.fi\/karjalanelvytys\/karjalazet-kirjutetah\/"]}]},{"@type":"BreadcrumbList","@id":"https:\/\/blogs.uef.fi\/karjalanelvytys\/karjalazet-kirjutetah\/#breadcrumb","itemListElement":[{"@type":"ListItem","position":1,"name":"Home","item":"https:\/\/blogs.uef.fi\/karjalanelvytys\/"},{"@type":"ListItem","position":2,"name":"Karjalazet kirjutetah"}]},{"@type":"WebSite","@id":"https:\/\/blogs.uef.fi\/karjalanelvytys\/#website","url":"https:\/\/blogs.uef.fi\/karjalanelvytys\/","name":"Karjalan kielen elvytt\u00e4minen","description":"","potentialAction":[{"@type":"SearchAction","target":{"@type":"EntryPoint","urlTemplate":"https:\/\/blogs.uef.fi\/karjalanelvytys\/?s={search_term_string}"},"query-input":{"@type":"PropertyValueSpecification","valueRequired":true,"valueName":"search_term_string"}}],"inLanguage":"fi"}]}},"_links":{"self":[{"href":"https:\/\/blogs.uef.fi\/karjalanelvytys\/wp-json\/wp\/v2\/pages\/979","targetHints":{"allow":["GET"]}}],"collection":[{"href":"https:\/\/blogs.uef.fi\/karjalanelvytys\/wp-json\/wp\/v2\/pages"}],"about":[{"href":"https:\/\/blogs.uef.fi\/karjalanelvytys\/wp-json\/wp\/v2\/types\/page"}],"author":[{"embeddable":true,"href":"https:\/\/blogs.uef.fi\/karjalanelvytys\/wp-json\/wp\/v2\/users\/419"}],"replies":[{"embeddable":true,"href":"https:\/\/blogs.uef.fi\/karjalanelvytys\/wp-json\/wp\/v2\/comments?post=979"}],"version-history":[{"count":2,"href":"https:\/\/blogs.uef.fi\/karjalanelvytys\/wp-json\/wp\/v2\/pages\/979\/revisions"}],"predecessor-version":[{"id":23625,"href":"https:\/\/blogs.uef.fi\/karjalanelvytys\/wp-json\/wp\/v2\/pages\/979\/revisions\/23625"}],"wp:attachment":[{"href":"https:\/\/blogs.uef.fi\/karjalanelvytys\/wp-json\/wp\/v2\/media?parent=979"}],"curies":[{"name":"wp","href":"https:\/\/api.w.org\/{rel}","templated":true}]}}