{"id":9468,"date":"2023-02-14T09:25:23","date_gmt":"2023-02-14T07:25:23","guid":{"rendered":"https:\/\/blogs.uef.fi\/karjalanelvytys\/?page_id=9468"},"modified":"2023-02-15T12:38:49","modified_gmt":"2023-02-15T10:38:49","slug":"flammie-pirisen-kieliteknologialuento","status":"publish","type":"page","link":"https:\/\/blogs.uef.fi\/karjalanelvytys\/flammie-pirisen-kieliteknologialuento\/","title":{"rendered":"Flammie Pirisen kieliteknologialuento"},"content":{"rendered":"<p>T\u00e4lt\u00e4 sivulta l\u00f6yd\u00e4t Flammie Pirisen 8.2. pit\u00e4m\u00e4n kieliteknologialuennon tallenteen ja Powerpoint-esityksen.<\/p>\n<p>Flammie ottaa mielell\u00e4\u00e4n vastaan luennolla esittelemi\u00e4\u00e4n kieliteknologiaresursseja koskevaa palautetta. Jos kokeilet esimerkiksi luennolla esiteltyj\u00e4 n\u00e4pp\u00e4imist\u00f6j\u00e4, voit l\u00e4hett\u00e4\u00e4 kokemuksia osoitteeseen flammie.pirinen@uit.no.<\/p>\n<iframe loading=\"lazy\" src=\"https:\/\/uef.cloud.panopto.eu\/Panopto\/Pages\/Embed.aspx?id=12949300-8c17-4f74-ba58-b01c00fbc01c&autoplay=false&offerviewer=false&showtitle=false&showbrand=false&captions=true&interactivity=search\" height=\"405\" width=\"720\" style=\"border: 1px solid #464646;\" allowfullscreen allow=\"autoplay\"><\/iframe>\n<p><a href=\"https:\/\/blogs.uef.fi\/karjalanelvytys\/wp-content\/uploads\/sites\/155\/2023\/02\/Karjalan_kieliteknologia-1.pdf\">Lataa luentodiat t\u00e4st\u00e4.\u00a0<\/a><\/p>\n","protected":false},"excerpt":{"rendered":"<p>T\u00e4lt\u00e4 sivulta l\u00f6yd\u00e4t Flammie Pirisen 8.2. pit\u00e4m\u00e4n kieliteknologialuennon tallenteen ja Powerpoint-esityksen. Flammie ottaa mielell\u00e4\u00e4n vastaan luennolla esittelemi\u00e4\u00e4n kieliteknologiaresursseja koskevaa palautetta. Jos kokeilet esimerkiksi luennolla esiteltyj\u00e4 n\u00e4pp\u00e4imist\u00f6j\u00e4, voit l\u00e4hett\u00e4\u00e4 kokemuksia osoitteeseen flammie.pirinen@uit.no. Lataa luentodiat t\u00e4st\u00e4.\u00a0<\/p>\n","protected":false},"author":580,"featured_media":0,"parent":0,"menu_order":0,"comment_status":"closed","ping_status":"closed","template":"","meta":{"_acf_changed":false,"footnotes":""},"class_list":["post-9468","page","type-page","status-publish","hentry"],"acf":[],"yoast_head":"<!-- This site is optimized with the Yoast SEO plugin v27.1.1 - https:\/\/yoast.com\/product\/yoast-seo-wordpress\/ -->\n<title>Flammie Pirisen kieliteknologialuento - Karjalan kielen elvytt\u00e4minen<\/title>\n<meta name=\"robots\" content=\"index, follow, max-snippet:-1, max-image-preview:large, max-video-preview:-1\" \/>\n<link rel=\"canonical\" href=\"https:\/\/blogs.uef.fi\/karjalanelvytys\/flammie-pirisen-kieliteknologialuento\/\" \/>\n<meta property=\"og:locale\" content=\"fi_FI\" \/>\n<meta property=\"og:type\" content=\"article\" \/>\n<meta property=\"og:title\" content=\"Flammie Pirisen kieliteknologialuento - Karjalan kielen elvytt\u00e4minen\" \/>\n<meta property=\"og:description\" content=\"T\u00e4lt\u00e4 sivulta l\u00f6yd\u00e4t Flammie Pirisen 8.2. pit\u00e4m\u00e4n kieliteknologialuennon tallenteen ja Powerpoint-esityksen. Flammie ottaa mielell\u00e4\u00e4n vastaan luennolla esittelemi\u00e4\u00e4n kieliteknologiaresursseja koskevaa palautetta. Jos kokeilet esimerkiksi luennolla esiteltyj\u00e4 n\u00e4pp\u00e4imist\u00f6j\u00e4, voit l\u00e4hett\u00e4\u00e4 kokemuksia osoitteeseen flammie.pirinen@uit.no. Lataa luentodiat t\u00e4st\u00e4.\u00a0\" \/>\n<meta property=\"og:url\" content=\"https:\/\/blogs.uef.fi\/karjalanelvytys\/flammie-pirisen-kieliteknologialuento\/\" \/>\n<meta property=\"og:site_name\" content=\"Karjalan kielen elvytt\u00e4minen\" \/>\n<meta property=\"article:modified_time\" content=\"2023-02-15T10:38:49+00:00\" \/>\n<meta name=\"twitter:card\" content=\"summary_large_image\" \/>\n<meta name=\"twitter:label1\" content=\"Arvioitu lukuaika\" \/>\n\t<meta name=\"twitter:data1\" content=\"1 minuutti\" \/>\n<script type=\"application\/ld+json\" class=\"yoast-schema-graph\">{\"@context\":\"https:\/\/schema.org\",\"@graph\":[{\"@type\":\"WebPage\",\"@id\":\"https:\/\/blogs.uef.fi\/karjalanelvytys\/flammie-pirisen-kieliteknologialuento\/\",\"url\":\"https:\/\/blogs.uef.fi\/karjalanelvytys\/flammie-pirisen-kieliteknologialuento\/\",\"name\":\"Flammie Pirisen kieliteknologialuento - Karjalan kielen elvytt\u00e4minen\",\"isPartOf\":{\"@id\":\"https:\/\/blogs.uef.fi\/karjalanelvytys\/#website\"},\"datePublished\":\"2023-02-14T07:25:23+00:00\",\"dateModified\":\"2023-02-15T10:38:49+00:00\",\"breadcrumb\":{\"@id\":\"https:\/\/blogs.uef.fi\/karjalanelvytys\/flammie-pirisen-kieliteknologialuento\/#breadcrumb\"},\"inLanguage\":\"fi\",\"potentialAction\":[{\"@type\":\"ReadAction\",\"target\":[\"https:\/\/blogs.uef.fi\/karjalanelvytys\/flammie-pirisen-kieliteknologialuento\/\"]}]},{\"@type\":\"BreadcrumbList\",\"@id\":\"https:\/\/blogs.uef.fi\/karjalanelvytys\/flammie-pirisen-kieliteknologialuento\/#breadcrumb\",\"itemListElement\":[{\"@type\":\"ListItem\",\"position\":1,\"name\":\"Home\",\"item\":\"https:\/\/blogs.uef.fi\/karjalanelvytys\/\"},{\"@type\":\"ListItem\",\"position\":2,\"name\":\"Flammie Pirisen kieliteknologialuento\"}]},{\"@type\":\"WebSite\",\"@id\":\"https:\/\/blogs.uef.fi\/karjalanelvytys\/#website\",\"url\":\"https:\/\/blogs.uef.fi\/karjalanelvytys\/\",\"name\":\"Karjalan kielen elvytt\u00e4minen\",\"description\":\"\",\"potentialAction\":[{\"@type\":\"SearchAction\",\"target\":{\"@type\":\"EntryPoint\",\"urlTemplate\":\"https:\/\/blogs.uef.fi\/karjalanelvytys\/?s={search_term_string}\"},\"query-input\":{\"@type\":\"PropertyValueSpecification\",\"valueRequired\":true,\"valueName\":\"search_term_string\"}}],\"inLanguage\":\"fi\"}]}<\/script>\n<!-- \/ Yoast SEO plugin. -->","yoast_head_json":{"title":"Flammie Pirisen kieliteknologialuento - Karjalan kielen elvytt\u00e4minen","robots":{"index":"index","follow":"follow","max-snippet":"max-snippet:-1","max-image-preview":"max-image-preview:large","max-video-preview":"max-video-preview:-1"},"canonical":"https:\/\/blogs.uef.fi\/karjalanelvytys\/flammie-pirisen-kieliteknologialuento\/","og_locale":"fi_FI","og_type":"article","og_title":"Flammie Pirisen kieliteknologialuento - Karjalan kielen elvytt\u00e4minen","og_description":"T\u00e4lt\u00e4 sivulta l\u00f6yd\u00e4t Flammie Pirisen 8.2. pit\u00e4m\u00e4n kieliteknologialuennon tallenteen ja Powerpoint-esityksen. Flammie ottaa mielell\u00e4\u00e4n vastaan luennolla esittelemi\u00e4\u00e4n kieliteknologiaresursseja koskevaa palautetta. Jos kokeilet esimerkiksi luennolla esiteltyj\u00e4 n\u00e4pp\u00e4imist\u00f6j\u00e4, voit l\u00e4hett\u00e4\u00e4 kokemuksia osoitteeseen flammie.pirinen@uit.no. Lataa luentodiat t\u00e4st\u00e4.\u00a0","og_url":"https:\/\/blogs.uef.fi\/karjalanelvytys\/flammie-pirisen-kieliteknologialuento\/","og_site_name":"Karjalan kielen elvytt\u00e4minen","article_modified_time":"2023-02-15T10:38:49+00:00","twitter_card":"summary_large_image","twitter_misc":{"Arvioitu lukuaika":"1 minuutti"},"schema":{"@context":"https:\/\/schema.org","@graph":[{"@type":"WebPage","@id":"https:\/\/blogs.uef.fi\/karjalanelvytys\/flammie-pirisen-kieliteknologialuento\/","url":"https:\/\/blogs.uef.fi\/karjalanelvytys\/flammie-pirisen-kieliteknologialuento\/","name":"Flammie Pirisen kieliteknologialuento - Karjalan kielen elvytt\u00e4minen","isPartOf":{"@id":"https:\/\/blogs.uef.fi\/karjalanelvytys\/#website"},"datePublished":"2023-02-14T07:25:23+00:00","dateModified":"2023-02-15T10:38:49+00:00","breadcrumb":{"@id":"https:\/\/blogs.uef.fi\/karjalanelvytys\/flammie-pirisen-kieliteknologialuento\/#breadcrumb"},"inLanguage":"fi","potentialAction":[{"@type":"ReadAction","target":["https:\/\/blogs.uef.fi\/karjalanelvytys\/flammie-pirisen-kieliteknologialuento\/"]}]},{"@type":"BreadcrumbList","@id":"https:\/\/blogs.uef.fi\/karjalanelvytys\/flammie-pirisen-kieliteknologialuento\/#breadcrumb","itemListElement":[{"@type":"ListItem","position":1,"name":"Home","item":"https:\/\/blogs.uef.fi\/karjalanelvytys\/"},{"@type":"ListItem","position":2,"name":"Flammie Pirisen kieliteknologialuento"}]},{"@type":"WebSite","@id":"https:\/\/blogs.uef.fi\/karjalanelvytys\/#website","url":"https:\/\/blogs.uef.fi\/karjalanelvytys\/","name":"Karjalan kielen elvytt\u00e4minen","description":"","potentialAction":[{"@type":"SearchAction","target":{"@type":"EntryPoint","urlTemplate":"https:\/\/blogs.uef.fi\/karjalanelvytys\/?s={search_term_string}"},"query-input":{"@type":"PropertyValueSpecification","valueRequired":true,"valueName":"search_term_string"}}],"inLanguage":"fi"}]}},"_links":{"self":[{"href":"https:\/\/blogs.uef.fi\/karjalanelvytys\/wp-json\/wp\/v2\/pages\/9468","targetHints":{"allow":["GET"]}}],"collection":[{"href":"https:\/\/blogs.uef.fi\/karjalanelvytys\/wp-json\/wp\/v2\/pages"}],"about":[{"href":"https:\/\/blogs.uef.fi\/karjalanelvytys\/wp-json\/wp\/v2\/types\/page"}],"author":[{"embeddable":true,"href":"https:\/\/blogs.uef.fi\/karjalanelvytys\/wp-json\/wp\/v2\/users\/580"}],"replies":[{"embeddable":true,"href":"https:\/\/blogs.uef.fi\/karjalanelvytys\/wp-json\/wp\/v2\/comments?post=9468"}],"version-history":[{"count":2,"href":"https:\/\/blogs.uef.fi\/karjalanelvytys\/wp-json\/wp\/v2\/pages\/9468\/revisions"}],"predecessor-version":[{"id":9642,"href":"https:\/\/blogs.uef.fi\/karjalanelvytys\/wp-json\/wp\/v2\/pages\/9468\/revisions\/9642"}],"wp:attachment":[{"href":"https:\/\/blogs.uef.fi\/karjalanelvytys\/wp-json\/wp\/v2\/media?parent=9468"}],"curies":[{"name":"wp","href":"https:\/\/api.w.org\/{rel}","templated":true}]}}