{"id":9356,"date":"2023-02-13T10:55:58","date_gmt":"2023-02-13T08:55:58","guid":{"rendered":"https:\/\/blogs.uef.fi\/karjalanelvytys\/?page_id=9356"},"modified":"2023-02-17T10:10:11","modified_gmt":"2023-02-17T08:10:11","slug":"vienankarjalan-pakinakurssi-2023-vuoropakinoja-kuvan-mukah","status":"publish","type":"page","link":"https:\/\/blogs.uef.fi\/karjalanelvytys\/vienankarjalan-pakinakurssi-2023-vuoropakinoja-kuvan-mukah\/","title":{"rendered":"Vienankarjalan pakinakur\u0161\u0161i 2023: vuoropakinoja kuvan mukah"},"content":{"rendered":"<p>Pakinakur\u0161\u0161illa opa\u0161tujat paissah ke\u0161ken\u00e4h, kirjutetah pienie tekstij\u00e4 ta dialogija. Zoomissa opa\u0161tujat ruatah joukolla pakina\u010duppusissa. Tallentehien avulla opa\u0161tujat luajitah \u0161amoja teht\u00e4vie koissah. T\u00e4ll\u00e4 \u0161ivulla tari\u010demma kuvan mukah kirjutettuja tekstij\u00e4.<\/p>\n<div id=\"attachment_9365\" style=\"width: 310px\" class=\"wp-caption alignnone\"><img loading=\"lazy\" decoding=\"async\" aria-describedby=\"caption-attachment-9365\" class=\"size-medium wp-image-9365\" src=\"https:\/\/blogs.uef.fi\/karjalanelvytys\/wp-content\/uploads\/sites\/155\/2023\/02\/kalastus_600dpi_OopaSaniid_SirpaManty_pienempi-300x214.jpg\" alt=\"Talvikalastus. Tunturi. Ihmisi\u00e4 j\u00e4\u00e4ll\u00e4.\" width=\"300\" height=\"214\" srcset=\"https:\/\/blogs.uef.fi\/karjalanelvytys\/wp-content\/uploads\/sites\/155\/2023\/02\/kalastus_600dpi_OopaSaniid_SirpaManty_pienempi-300x214.jpg 300w, https:\/\/blogs.uef.fi\/karjalanelvytys\/wp-content\/uploads\/sites\/155\/2023\/02\/kalastus_600dpi_OopaSaniid_SirpaManty_pienempi-1024x732.jpg 1024w, https:\/\/blogs.uef.fi\/karjalanelvytys\/wp-content\/uploads\/sites\/155\/2023\/02\/kalastus_600dpi_OopaSaniid_SirpaManty_pienempi-768x549.jpg 768w, https:\/\/blogs.uef.fi\/karjalanelvytys\/wp-content\/uploads\/sites\/155\/2023\/02\/kalastus_600dpi_OopaSaniid_SirpaManty_pienempi-1536x1098.jpg 1536w, https:\/\/blogs.uef.fi\/karjalanelvytys\/wp-content\/uploads\/sites\/155\/2023\/02\/kalastus_600dpi_OopaSaniid_SirpaManty_pienempi.jpg 1713w\" sizes=\"auto, (max-width: 300px) 100vw, 300px\" \/><p id=\"caption-attachment-9365\" class=\"wp-caption-text\">Talvionkella ta ji\u00e4verkkoloilla. Kuva: Sirpa M\u00e4nty.<\/p><\/div>\n<div><\/div>\n<ul>\n<li>Mit\u00e4 ni\u00e4tt\u00e4 kuva\u0161\u0161a? Mimmoni vuuvvenaika, \u0161i\u00e4, luonto on? Mit\u00e4 ihmiset ruatah?<\/li>\n<li>Kek\u0161ikky\u00e4 ta kirjuttakkua vuoropakina. Kirjuttakkua niisi alku\u0161anatki.<\/li>\n<\/ul>\n<p>&nbsp;<\/p>\n<h3><strong>Kirjutettih Kati, Sirpa ta Tapani<\/strong><\/h3>\n<p>&nbsp;<\/p>\n<p>Olima matalla K\u00e4sivarre\u0161\u0161a. Pi\u00e4\u0161im\u00e4 tovarissojen keralla k\u00e4ym\u00e4h ji\u00e4verkkoloilla. Matkasima moto\u010dunalla Kilpisj\u00e4rvell\u00e4. \u0160i\u00e4 oli kev\u00e4hini\u00a0 ta lunta oli \u00e4ij\u00e4.<\/p>\n<p>Ka\u010d\u010doma verkot tai istuma onkittamah.<\/p>\n<p>\u2013 \u0160y\u00f6yk\u00f6 kala?<\/p>\n<p>\u2013 V\u00e4h\u00e4n nykiy, ka ei ole viel\u00e4 puuttun.<\/p>\n<p>\u2013 A voi voi, pit\u00e4isk\u00f6 \u0161iirty\u00e4 toiseh kohtah? Luatikka uu\u0161i avanto.<\/p>\n<p>&nbsp;<\/p>\n<h3><strong>Kirjutettih Kerttu, Tiina ta Kai<\/strong><\/h3>\n<p><strong>\u00a0<\/strong><\/p>\n<p>On hyv\u00e4 ta tuuletoin pakkais\u0161i\u00e4. Nell\u00e4 sussietua on l\u00e4hten j\u00e4rvell\u00e4 kalalla. J\u00e4rvelt\u00e4 n\u00e4kyy melko korkie ta pal\u2019l\u2019a\u0161 tunturivuara. Toini kalalla olija naini on mit\u00e4 lien\u00f6y \u0161i\u00e4ntyn ta on m\u00e4nnyn istumah moto\u010dunalla.<\/p>\n<p>\u2013 Olka, tule hoti jo onkittamah \u0161ielt\u00e4, huutau talvionkittaja Pekka moto\u010dunalla istujalla naisellah.<\/p>\n<p>\u2013 En mie taho, miula on vilu. Emm\u00e4k\u00f6 jo juo \u010d\u00e4ijy\u00f6, va\u0161tuau Olka Pekalla.<\/p>\n<p>\u2013 Vuota meit\u00e4! My\u00f6 ka\u010domma ji\u00e4verkot en\u0161in, \u0161iit\u00e4 juomma yhe\u0161\u0161\u00e4 \u010d\u00e4ijy\u00f6 ta \u0161y\u00f6mm\u00e4 ev\u00e4hie, va\u0161\u0161atah parikunta verkkoloilla.<\/p>\n<h3><strong>Kirjuttan Tarja<\/strong><\/h3>\n<p>&nbsp;<\/p>\n<p>On talvi ta pakkaiskuu. P\u00e4iv\u00e4ni paistau kaunehe\u0161ti. Tunturivuara n\u00e4kyy et\u00e4hy\u00e4t\u00e4. Tunturivuaran \u010dokalla ta ji\u00e4ll\u00e4 on \u00e4ij\u00e4 lunta. Ji\u00e4ll\u00e4 on \u00e4ij\u00e4 ihmisie. Naini ta mie\u0161 ka\u010dotah verkot. Lap\u0161i istuu moto\u010dunan pi\u00e4ll\u00e4 ta vuottau heit\u00e4. Priha istuu avannon viere\u0161\u0161\u00e4 ta onkittau.<\/p>\n<p>Naini ky\u0161yy prihalta:<\/p>\n<p>\u2013\u00a0 Tullouko kalua?<\/p>\n<p>Priha va\u0161tuau:<\/p>\n<p>\u2013\u00a0 \u0160ain talvionkeh jo kak\u0161i ahventa ta kuhan. Nyt on hauki avanno\u0161\u0161a. Pit\u00e4y no\u0161tua \u0161e ruttoh ji\u00e4ll\u00e4.<\/p>\n<p>Naini \u0161anou:<\/p>\n<p>\u2013\u00a0 Ohoh! Vot \u0161ei hyv\u00e4!<\/p>\n<p>Kala luijahtau prihan ki\u00e4\u0161t\u00e4 avantoh ta hi\u00e4n \u0161anou:<\/p>\n<p>\u2013\u00a0 No olkah, ei \u0161ill\u00e4 nimit\u00e4 voi!<\/p>\n<p>&nbsp;<\/p>\n<h3><strong>Kirjuttan Nunnu<\/strong><\/h3>\n<p>&nbsp;<\/p>\n<p>On kev\u00e4tkuu, kajok\u0161ini p\u00e4iv\u00e4. Talvi on jo py\u00f6r\u00e4ht\u00e4n loppupuoleh, ka viel\u00e4 kinok\u0161et ollah korkiet, ta istuo kokottuas&#8217;s&#8217;a onkittama\u0161\u0161a voit vilu tulla. Nell\u00e4 tovarissua on l\u00e4hten ji\u00e4ll\u00e4 onkittamah ta ka\u010d\u010domah ji\u00e4verkkoja. Yk\u0161i heist\u00e4 v\u00e4ris\u00f6y viluissah.<\/p>\n<p>\u2013\u00a0 \u0160ieh\u00e4n olet liijan hoikkasissa vuatteissa!<\/p>\n<p>\u2013 Ka no. Hairahin, kun en pannun hualarie pi\u00e4ll\u00e4. P\u00e4iv\u00e4ni niin l\u00e4mpim\u00e4\u0161ti paisto, kon\u0161a l\u00e4k\u0161im\u00e4.<\/p>\n<p>\u2013 A voi voi. No ei ole h\u00e4ty\u00e4! Miula kaiki\u010d\u010di on ahkivo\u0161\u0161a liikua vuatetta, mie viluo varajan. Ota mit\u00e4 tarvi\u010det!<\/p>\n<p>\u2013 Passipuo!<\/p>\n<p>&nbsp;<\/p>\n<h3><strong>Kirjuttan Mari<\/strong><\/h3>\n<p>&nbsp;<\/p>\n<p>On vilu ta \u0161elkie pakkaisp\u00e4iv\u00e4. Pekka, \u0160anteri, Ju\u0161\u0161i ta Mikko on l\u00e4hetty talvionkella tunturij\u00e4rven ji\u00e4ll\u00e4. Hy\u00f6 ollah ajettu moto\u010dunilla pit\u00e4lti tunturin l\u00e4\u0161\u0161\u00e4 olijalla pikkaraisella j\u00e4rvell\u00e4 tahi lammilla. Toisen moto\u010dunan per\u00e4\u0161\u0161\u00e4 kulkou \u010duna, kumpase\u0161\u0161a ollah talvionkitu\u0161skrikumentit: ji\u00e4kairi avantojen luatimista varoin ta pura\u0161, \u0161aha ta key\u0161i ji\u00e4verkkojen ka\u010d\u010domista varoin. \u0160anteri ta Ju\u0161\u0161i ollah pura\u0161tan avannot ta nyt hy\u00f6 ka\u010dotah ji\u00e4verkot. Mikko on jo onkittan \u00e4ij\u00e4n ahvenie. Pekka istuu moto\u010dunan pi\u00e4ll\u00e4 ta ka\u010d\u010delou ruantua.<\/p>\n<p>\u0160anteri: Ju\u0161\u0161i, oletko valmehena? Voinko ty\u00f6nty\u00e4 verkkuo \u0161ilma kohti?<\/p>\n<p>Ju\u0161\u0161i: No kyll\u00e4 voit.<\/p>\n<p>Mikko: Elky\u00e4 el\u00e4m\u00f6iky\u00e4! Kalat varatah eik\u00e4 puututa onkeh.<\/p>\n<p>Pekka: Milma viluttau. Voimmako jo l\u00e4htie kotih?<\/p>\n<p>Mikko: Viel\u00e4 v\u00e4h\u00e4n aikua. Tahon pyyty\u00e4 en\u00e4mpi kalua rokkua varoin.<\/p>\n<p>&nbsp;<\/p>\n<h3><strong>Kirjuttan Irma<\/strong><\/h3>\n<p>&nbsp;<\/p>\n<p>Pekka, \u0160anteri ta Iivana tultih moto\u010dunilla kalua \u0161uahu\u0161tamah. Pikkaraini Huotiki pi\u00e4si miehien kera talvionkella. Pekka heti \u0161ai kak\u0161i \u0161uurta kalua. \u0160ill\u00e4 aikua Iivana ta \u0160anteri ruvettih ka\u010d\u010domah ji\u00e4verkkoja. Pikkaraini Huoti tiiju\u0161telou:<\/p>\n<p>\u2013 Pekka-ti\u00e4t\u00e4, tuliko kalua? Vai l\u00e4hemm\u00e4k\u00f6 uutta ji\u00e4loukkuo luatimah?<\/p>\n<p>Pekka-ti\u00e4t\u00e4 totisena va\u0161tuau:<\/p>\n<p>\u2013 No \u0161ainhan mie kak\u0161i kalua jo, ka, ka\u010do, ei eny\u00e4 puutu. Totta\u0161 m\u00e4ni kala toiseh paikkah.<\/p>\n<p>\u2013 L\u00e4kk\u00e4 uutta avantuo luatimah! Mie voin l\u00e4htie \u0161iun kera.<\/p>\n<p>\u2013 Vuota v\u00e4h\u00e4sen. Mou\u0161ot viel\u00e4 kolmannenki kalan \u0161uan<\/p>\n","protected":false},"excerpt":{"rendered":"<p>Pakinakur\u0161\u0161illa opa\u0161tujat paissah ke\u0161ken\u00e4h, kirjutetah pienie tekstij\u00e4 ta dialogija. Zoomissa opa\u0161tujat ruatah joukolla pakina\u010duppusissa. Tallentehien avulla opa\u0161tujat luajitah \u0161amoja teht\u00e4vie koissah. T\u00e4ll\u00e4 \u0161ivulla tari\u010demma kuvan mukah kirjutettuja tekstij\u00e4. Mit\u00e4 ni\u00e4tt\u00e4 kuva\u0161\u0161a? Mimmoni vuuvvenaika, \u0161i\u00e4, luonto on? Mit\u00e4 ihmiset ruatah? Kek\u0161ikky\u00e4 ta kirjuttakkua vuoropakina. Kirjuttakkua niisi alku\u0161anatki. &nbsp; Kirjutettih Kati, Sirpa ta Tapani &nbsp; Olima matalla [&hellip;]<\/p>\n","protected":false},"author":480,"featured_media":0,"parent":0,"menu_order":0,"comment_status":"closed","ping_status":"closed","template":"","meta":{"_acf_changed":false,"footnotes":""},"class_list":["post-9356","page","type-page","status-publish","hentry"],"acf":[],"yoast_head":"<!-- This site is optimized with the Yoast SEO plugin v27.1.1 - https:\/\/yoast.com\/product\/yoast-seo-wordpress\/ -->\n<title>Vienankarjalan pakinakur\u0161\u0161i 2023: vuoropakinoja kuvan mukah - Karjalan kielen elvytt\u00e4minen<\/title>\n<meta name=\"robots\" content=\"index, follow, max-snippet:-1, max-image-preview:large, max-video-preview:-1\" \/>\n<link rel=\"canonical\" href=\"https:\/\/blogs.uef.fi\/karjalanelvytys\/vienankarjalan-pakinakurssi-2023-vuoropakinoja-kuvan-mukah\/\" \/>\n<meta property=\"og:locale\" content=\"fi_FI\" \/>\n<meta property=\"og:type\" content=\"article\" \/>\n<meta property=\"og:title\" content=\"Vienankarjalan pakinakur\u0161\u0161i 2023: vuoropakinoja kuvan mukah - Karjalan kielen elvytt\u00e4minen\" \/>\n<meta property=\"og:description\" content=\"Pakinakur\u0161\u0161illa opa\u0161tujat paissah ke\u0161ken\u00e4h, kirjutetah pienie tekstij\u00e4 ta dialogija. Zoomissa opa\u0161tujat ruatah joukolla pakina\u010duppusissa. Tallentehien avulla opa\u0161tujat luajitah \u0161amoja teht\u00e4vie koissah. T\u00e4ll\u00e4 \u0161ivulla tari\u010demma kuvan mukah kirjutettuja tekstij\u00e4. Mit\u00e4 ni\u00e4tt\u00e4 kuva\u0161\u0161a? Mimmoni vuuvvenaika, \u0161i\u00e4, luonto on? Mit\u00e4 ihmiset ruatah? Kek\u0161ikky\u00e4 ta kirjuttakkua vuoropakina. Kirjuttakkua niisi alku\u0161anatki. &nbsp; Kirjutettih Kati, Sirpa ta Tapani &nbsp; Olima matalla [&hellip;]\" \/>\n<meta property=\"og:url\" content=\"https:\/\/blogs.uef.fi\/karjalanelvytys\/vienankarjalan-pakinakurssi-2023-vuoropakinoja-kuvan-mukah\/\" \/>\n<meta property=\"og:site_name\" content=\"Karjalan kielen elvytt\u00e4minen\" \/>\n<meta property=\"article:modified_time\" content=\"2023-02-17T08:10:11+00:00\" \/>\n<meta property=\"og:image\" content=\"https:\/\/blogs.uef.fi\/karjalanelvytys\/wp-content\/uploads\/sites\/155\/2023\/02\/kalastus_600dpi_OopaSaniid_SirpaManty_pienempi-300x214.jpg\" \/>\n<meta name=\"twitter:card\" content=\"summary_large_image\" \/>\n<meta name=\"twitter:label1\" content=\"Arvioitu lukuaika\" \/>\n\t<meta name=\"twitter:data1\" content=\"4 minuuttia\" \/>\n<script type=\"application\/ld+json\" class=\"yoast-schema-graph\">{\"@context\":\"https:\/\/schema.org\",\"@graph\":[{\"@type\":\"WebPage\",\"@id\":\"https:\/\/blogs.uef.fi\/karjalanelvytys\/vienankarjalan-pakinakurssi-2023-vuoropakinoja-kuvan-mukah\/\",\"url\":\"https:\/\/blogs.uef.fi\/karjalanelvytys\/vienankarjalan-pakinakurssi-2023-vuoropakinoja-kuvan-mukah\/\",\"name\":\"Vienankarjalan pakinakur\u0161\u0161i 2023: vuoropakinoja kuvan mukah - Karjalan kielen elvytt\u00e4minen\",\"isPartOf\":{\"@id\":\"https:\/\/blogs.uef.fi\/karjalanelvytys\/#website\"},\"primaryImageOfPage\":{\"@id\":\"https:\/\/blogs.uef.fi\/karjalanelvytys\/vienankarjalan-pakinakurssi-2023-vuoropakinoja-kuvan-mukah\/#primaryimage\"},\"image\":{\"@id\":\"https:\/\/blogs.uef.fi\/karjalanelvytys\/vienankarjalan-pakinakurssi-2023-vuoropakinoja-kuvan-mukah\/#primaryimage\"},\"thumbnailUrl\":\"https:\/\/blogs.uef.fi\/karjalanelvytys\/wp-content\/uploads\/sites\/155\/2023\/02\/kalastus_600dpi_OopaSaniid_SirpaManty_pienempi-300x214.jpg\",\"datePublished\":\"2023-02-13T08:55:58+00:00\",\"dateModified\":\"2023-02-17T08:10:11+00:00\",\"breadcrumb\":{\"@id\":\"https:\/\/blogs.uef.fi\/karjalanelvytys\/vienankarjalan-pakinakurssi-2023-vuoropakinoja-kuvan-mukah\/#breadcrumb\"},\"inLanguage\":\"fi\",\"potentialAction\":[{\"@type\":\"ReadAction\",\"target\":[\"https:\/\/blogs.uef.fi\/karjalanelvytys\/vienankarjalan-pakinakurssi-2023-vuoropakinoja-kuvan-mukah\/\"]}]},{\"@type\":\"ImageObject\",\"inLanguage\":\"fi\",\"@id\":\"https:\/\/blogs.uef.fi\/karjalanelvytys\/vienankarjalan-pakinakurssi-2023-vuoropakinoja-kuvan-mukah\/#primaryimage\",\"url\":\"https:\/\/blogs.uef.fi\/karjalanelvytys\/wp-content\/uploads\/sites\/155\/2023\/02\/kalastus_600dpi_OopaSaniid_SirpaManty_pienempi.jpg\",\"contentUrl\":\"https:\/\/blogs.uef.fi\/karjalanelvytys\/wp-content\/uploads\/sites\/155\/2023\/02\/kalastus_600dpi_OopaSaniid_SirpaManty_pienempi.jpg\",\"width\":1713,\"height\":1224,\"caption\":\"Talvionkella ta ji\u00e4verkkoloilla. Kuva: Sirpa M\u00e4nty.\"},{\"@type\":\"BreadcrumbList\",\"@id\":\"https:\/\/blogs.uef.fi\/karjalanelvytys\/vienankarjalan-pakinakurssi-2023-vuoropakinoja-kuvan-mukah\/#breadcrumb\",\"itemListElement\":[{\"@type\":\"ListItem\",\"position\":1,\"name\":\"Home\",\"item\":\"https:\/\/blogs.uef.fi\/karjalanelvytys\/\"},{\"@type\":\"ListItem\",\"position\":2,\"name\":\"Vienankarjalan pakinakur\u0161\u0161i 2023: vuoropakinoja kuvan mukah\"}]},{\"@type\":\"WebSite\",\"@id\":\"https:\/\/blogs.uef.fi\/karjalanelvytys\/#website\",\"url\":\"https:\/\/blogs.uef.fi\/karjalanelvytys\/\",\"name\":\"Karjalan kielen elvytt\u00e4minen\",\"description\":\"\",\"potentialAction\":[{\"@type\":\"SearchAction\",\"target\":{\"@type\":\"EntryPoint\",\"urlTemplate\":\"https:\/\/blogs.uef.fi\/karjalanelvytys\/?s={search_term_string}\"},\"query-input\":{\"@type\":\"PropertyValueSpecification\",\"valueRequired\":true,\"valueName\":\"search_term_string\"}}],\"inLanguage\":\"fi\"}]}<\/script>\n<!-- \/ Yoast SEO plugin. -->","yoast_head_json":{"title":"Vienankarjalan pakinakur\u0161\u0161i 2023: vuoropakinoja kuvan mukah - Karjalan kielen elvytt\u00e4minen","robots":{"index":"index","follow":"follow","max-snippet":"max-snippet:-1","max-image-preview":"max-image-preview:large","max-video-preview":"max-video-preview:-1"},"canonical":"https:\/\/blogs.uef.fi\/karjalanelvytys\/vienankarjalan-pakinakurssi-2023-vuoropakinoja-kuvan-mukah\/","og_locale":"fi_FI","og_type":"article","og_title":"Vienankarjalan pakinakur\u0161\u0161i 2023: vuoropakinoja kuvan mukah - Karjalan kielen elvytt\u00e4minen","og_description":"Pakinakur\u0161\u0161illa opa\u0161tujat paissah ke\u0161ken\u00e4h, kirjutetah pienie tekstij\u00e4 ta dialogija. Zoomissa opa\u0161tujat ruatah joukolla pakina\u010duppusissa. Tallentehien avulla opa\u0161tujat luajitah \u0161amoja teht\u00e4vie koissah. T\u00e4ll\u00e4 \u0161ivulla tari\u010demma kuvan mukah kirjutettuja tekstij\u00e4. Mit\u00e4 ni\u00e4tt\u00e4 kuva\u0161\u0161a? Mimmoni vuuvvenaika, \u0161i\u00e4, luonto on? Mit\u00e4 ihmiset ruatah? Kek\u0161ikky\u00e4 ta kirjuttakkua vuoropakina. Kirjuttakkua niisi alku\u0161anatki. &nbsp; Kirjutettih Kati, Sirpa ta Tapani &nbsp; Olima matalla [&hellip;]","og_url":"https:\/\/blogs.uef.fi\/karjalanelvytys\/vienankarjalan-pakinakurssi-2023-vuoropakinoja-kuvan-mukah\/","og_site_name":"Karjalan kielen elvytt\u00e4minen","article_modified_time":"2023-02-17T08:10:11+00:00","og_image":[{"url":"https:\/\/blogs.uef.fi\/karjalanelvytys\/wp-content\/uploads\/sites\/155\/2023\/02\/kalastus_600dpi_OopaSaniid_SirpaManty_pienempi-300x214.jpg","type":"","width":"","height":""}],"twitter_card":"summary_large_image","twitter_misc":{"Arvioitu lukuaika":"4 minuuttia"},"schema":{"@context":"https:\/\/schema.org","@graph":[{"@type":"WebPage","@id":"https:\/\/blogs.uef.fi\/karjalanelvytys\/vienankarjalan-pakinakurssi-2023-vuoropakinoja-kuvan-mukah\/","url":"https:\/\/blogs.uef.fi\/karjalanelvytys\/vienankarjalan-pakinakurssi-2023-vuoropakinoja-kuvan-mukah\/","name":"Vienankarjalan pakinakur\u0161\u0161i 2023: vuoropakinoja kuvan mukah - Karjalan kielen elvytt\u00e4minen","isPartOf":{"@id":"https:\/\/blogs.uef.fi\/karjalanelvytys\/#website"},"primaryImageOfPage":{"@id":"https:\/\/blogs.uef.fi\/karjalanelvytys\/vienankarjalan-pakinakurssi-2023-vuoropakinoja-kuvan-mukah\/#primaryimage"},"image":{"@id":"https:\/\/blogs.uef.fi\/karjalanelvytys\/vienankarjalan-pakinakurssi-2023-vuoropakinoja-kuvan-mukah\/#primaryimage"},"thumbnailUrl":"https:\/\/blogs.uef.fi\/karjalanelvytys\/wp-content\/uploads\/sites\/155\/2023\/02\/kalastus_600dpi_OopaSaniid_SirpaManty_pienempi-300x214.jpg","datePublished":"2023-02-13T08:55:58+00:00","dateModified":"2023-02-17T08:10:11+00:00","breadcrumb":{"@id":"https:\/\/blogs.uef.fi\/karjalanelvytys\/vienankarjalan-pakinakurssi-2023-vuoropakinoja-kuvan-mukah\/#breadcrumb"},"inLanguage":"fi","potentialAction":[{"@type":"ReadAction","target":["https:\/\/blogs.uef.fi\/karjalanelvytys\/vienankarjalan-pakinakurssi-2023-vuoropakinoja-kuvan-mukah\/"]}]},{"@type":"ImageObject","inLanguage":"fi","@id":"https:\/\/blogs.uef.fi\/karjalanelvytys\/vienankarjalan-pakinakurssi-2023-vuoropakinoja-kuvan-mukah\/#primaryimage","url":"https:\/\/blogs.uef.fi\/karjalanelvytys\/wp-content\/uploads\/sites\/155\/2023\/02\/kalastus_600dpi_OopaSaniid_SirpaManty_pienempi.jpg","contentUrl":"https:\/\/blogs.uef.fi\/karjalanelvytys\/wp-content\/uploads\/sites\/155\/2023\/02\/kalastus_600dpi_OopaSaniid_SirpaManty_pienempi.jpg","width":1713,"height":1224,"caption":"Talvionkella ta ji\u00e4verkkoloilla. Kuva: Sirpa M\u00e4nty."},{"@type":"BreadcrumbList","@id":"https:\/\/blogs.uef.fi\/karjalanelvytys\/vienankarjalan-pakinakurssi-2023-vuoropakinoja-kuvan-mukah\/#breadcrumb","itemListElement":[{"@type":"ListItem","position":1,"name":"Home","item":"https:\/\/blogs.uef.fi\/karjalanelvytys\/"},{"@type":"ListItem","position":2,"name":"Vienankarjalan pakinakur\u0161\u0161i 2023: vuoropakinoja kuvan mukah"}]},{"@type":"WebSite","@id":"https:\/\/blogs.uef.fi\/karjalanelvytys\/#website","url":"https:\/\/blogs.uef.fi\/karjalanelvytys\/","name":"Karjalan kielen elvytt\u00e4minen","description":"","potentialAction":[{"@type":"SearchAction","target":{"@type":"EntryPoint","urlTemplate":"https:\/\/blogs.uef.fi\/karjalanelvytys\/?s={search_term_string}"},"query-input":{"@type":"PropertyValueSpecification","valueRequired":true,"valueName":"search_term_string"}}],"inLanguage":"fi"}]}},"_links":{"self":[{"href":"https:\/\/blogs.uef.fi\/karjalanelvytys\/wp-json\/wp\/v2\/pages\/9356","targetHints":{"allow":["GET"]}}],"collection":[{"href":"https:\/\/blogs.uef.fi\/karjalanelvytys\/wp-json\/wp\/v2\/pages"}],"about":[{"href":"https:\/\/blogs.uef.fi\/karjalanelvytys\/wp-json\/wp\/v2\/types\/page"}],"author":[{"embeddable":true,"href":"https:\/\/blogs.uef.fi\/karjalanelvytys\/wp-json\/wp\/v2\/users\/480"}],"replies":[{"embeddable":true,"href":"https:\/\/blogs.uef.fi\/karjalanelvytys\/wp-json\/wp\/v2\/comments?post=9356"}],"version-history":[{"count":2,"href":"https:\/\/blogs.uef.fi\/karjalanelvytys\/wp-json\/wp\/v2\/pages\/9356\/revisions"}],"predecessor-version":[{"id":9817,"href":"https:\/\/blogs.uef.fi\/karjalanelvytys\/wp-json\/wp\/v2\/pages\/9356\/revisions\/9817"}],"wp:attachment":[{"href":"https:\/\/blogs.uef.fi\/karjalanelvytys\/wp-json\/wp\/v2\/media?parent=9356"}],"curies":[{"name":"wp","href":"https:\/\/api.w.org\/{rel}","templated":true}]}}