{"id":919,"date":"2021-07-01T09:08:10","date_gmt":"2021-07-01T06:08:10","guid":{"rendered":"https:\/\/blogs.uef.fi\/karjalanelvytys\/?page_id=919"},"modified":"2021-07-01T10:01:58","modified_gmt":"2021-07-01T07:01:58","slug":"autosanastuo-suomi-livvinkarjala","status":"publish","type":"page","link":"https:\/\/blogs.uef.fi\/karjalanelvytys\/autosanastuo-suomi-livvinkarjala\/","title":{"rendered":"Autosanastuo (suomi-livvinkarjala)"},"content":{"rendered":"<h2><strong>\u00a0<\/strong><\/h2>\n<p>T\u00e4m\u00e4n autosanaston ollah ker\u00e4tty yhteh <strong>Hannu Turunen\u00a0 da Lapinlahten Kaskikuuzen\u00a0rahvahanopiston\u00a0opastujat<\/strong>. Er\u00e4h\u00e4t sanat hy\u00f6 ollah luajittu i\u010de. Ne\u010de on ylen hyv\u00e4 dielo: nyg\u00f6i karjalazet i\u010de ollah ravieh kehitt\u00e4m\u00e4s omua kieldy.<\/p>\n<p>Sanoin kohtal l\u00f6vv\u00e4t variantua \u00a0\u2013 \u00a0karjalan kieli on bohattu, da sit on \u00e4ijy sinounimua. Sano omii mielii t\u00e4h sanastoh n\u00e4h!<\/p>\n<p>auto \u2013 autto, auto, automa\u0161in, ma\u0161in<br \/>\nfarmariauto \u2013 fermerma\u0161in, fermeravto, fermeranma\u0161in, fermeranauto<br \/>\nkuorma-auto \u2013 gruzoviekku, tavara-auto, rahtima\u0161in, gruuzuma\u0161in<br \/>\nlinja-auto \u2013 bussu, autobussu<br \/>\nmaastoauto \u2013 muastoma\u0161in, muasturi<br \/>\npakettiauto \u2013 pakiettuma\u0161in, pakiettuauto<br \/>\ntila-auto \u2013 tilavu hengil\u00f6ma\u0161in, tila-auto<br \/>\nurheiluauto \u2013 sportuma\u0161in, sportuauto<br \/>\najokortti \u2013 ajoluba, ajokarti, ajokorti<br \/>\najoneuvo \u2013 ajonevvo<br \/>\najoveuvovero \u2013 ajonevvovero, ajonevvon nalogu<br \/>\najotietokone \u2013 ajotiedokoneh<br \/>\najovalot \u2013 ajovalgo, ajovallot, ajotuli<br \/>\nakku \u2013 akkumulu\u00b4attoru<br \/>\nantenni \u2013 antennu<br \/>\nautokorjaamo \u2013 autokohenduspaikku, autokohendamo, autoloin \/ ma\u0161inoin \u00a0\u00a0kohenduskohtu \/ kohendamo<br \/>\nautokolari \u2013 autoavuarii, auto-ozattomus, autoprii\u010d\u010du<br \/>\nautokoulu \u2013 auto\u0161kola<br \/>\nautoradio \u2013 autoradivo<br \/>\nautomaattivaihde \u2013 automuattuvaihteh<br \/>\nautotalli \u2013 gara\u017eu<br \/>\nbensiini \u2013 benziinu, \u00a0benziny<br \/>\ndiesel \u2013 diizel\u2019u<br \/>\netupenkki \u2013 eduistuin<br \/>\nhansikaskotelo \u2013 per\u010dankuboksu<br \/>\nhehkutulppa \u2013 hehkutypeh<br \/>\nhevosvoima \u2013 hebovoimu, hebov\u00e4gi<br \/>\nhinaus \u2013 vedo<br \/>\nhinausk\u00f6ysi \u2013 vedovarpi<br \/>\nhuoltoasema \u2013 benzokolonku, huoldoazemu<br \/>\nhuippunopeus \u2013 \u00a0\u00a0\u00a0\u00a0\u00a0\u00a0\u00a0\u00a0\u00a0\u00a0\u00a0\u00a0\u00a0\u00a0\u00a0\u00a0\u00a0\u00a0\u00a0\u00a0\u00a0\u00a0\u00a0\u00a0\u00a0\u00a0maksimuvauhti<br \/>\nilmansuodatin \u2013 ilmufil\u2019tru<br \/>\nilmastointi \u2013 konditsioniirui\u010dendu, kondicioniirui\u010dendu<br \/>\niskunvaimennin \u2013 i\u0161kunhillend\u00e4i \u2013<br \/>\njakohihna \u2013 jagohiihnu, jagoremeni<br \/>\njakoketju \u2013 jago\u010dieppi \u2013<br \/>\njarru \u2013 tormozu<br \/>\njarruttaa \u2013 tormozie<br \/>\njarrulevy \u2013 tormozudisku<br \/>\njarrupalat \u2013 tormozupalat<br \/>\njarrupoljin \u2013 tormozupedali<br \/>\njarruputki \u2013 tormozubutki<br \/>\njarruneste \u2013 tormozunesteh<br \/>\njarrutehostin \u2013 tormozuaktivuattoru<br \/>\njarruvalo \u2013 tormozuvalgo, tormozutuli<br \/>\njousi, jouset \u2013 resoru, resorat<br \/>\nj\u00e4\u00e4hdytin \u2013 kylm\u00e4tin, radiattoru<br \/>\nj\u00e4\u00e4hdytinneste \u2013 kylm\u00e4tinnesteh<br \/>\nj\u00e4\u00e4hdyttimen s\u00e4leikk\u00f6 \u2013 radiattoran re\u0161otku<br \/>\nkaasupoljin \u2013 guazupedali<br \/>\nkaasutin \u00a0\u2013 karburuattoru<br \/>\nkaasuttaa \u2013 li\u017e\u00e4t\u00e4 guazuu, guazuija<br \/>\nkampiakseli \u2013 ko\u010dkuvualu, ko\u010dkuakseli<br \/>\nkannentiiviste \u2013 kannen type<br \/>\nkatalysaattori \u2013 katalizuattoru<br \/>\nkattoluukku \u2013 levouksut, levonuksut<br \/>\nkattoteline \u2013 levotela<br \/>\nkatsastus \u2013 tarkastus<br \/>\nkatsastusmies \u2013 ma\u0161inantarkastai, autontarkastai<br \/>\nkes\u00e4renkaat \u2013 kez\u00e4rengahat, kez\u00e4rattahat<br \/>\nkiihtyvyys \u2013 ravevundu, ravenendu, ruttovundu, rutostusndu<br \/>\nkitkarenkaat \u00a0\u2013 frikcionnoit rengahat, frikciirengahat libo -rattahat<br \/>\nkonepelti \u2013 konehkanzi, krii\u0161ku<br \/>\nkonevika \u2013 konehviga<br \/>\nkori \u2013 kuuzovu<br \/>\nkorroosio, ruoste \u2013 ruoste<br \/>\nkulutus \u2013 kuluttamine, kulutandu<br \/>\nkytkin \u2013 tartutin, ceplenii, \u010deplenii (\u010diepppi \u00a0\u2013 \u00a0vrd.)<br \/>\nkytkinlevy \u2013 tartutindisku<br \/>\nkytkinpoljin \u2013 tartutinpedali<br \/>\nk\u00e4sijarru \u2013 k\u00e4zitormozu<br \/>\nk\u00e4sivaihde \u2013 manualine vaihteh, k\u00e4zin ruattavu vaihteh, k\u00e4zivaihteh<br \/>\nk\u00e4ynnist\u00e4\u00e4 \u2013 panna k\u00e4ym\u00e4h, k\u00e4ynnisti\u00e4<br \/>\nk\u00e4ynnistysmoottori \u2013 k\u00e4ynnistysmotoru<br \/>\nlaakeri \u2013 pot\u0161ipniekku<br \/>\nlasinpesin, &#8221;pissapoika&#8221; \u2013 tuulistokl\u00b4an pezin, &#8221;kuzibriha\u010d\u010du&#8221; J<br \/>\nlaturi \u2013 lad\u00b4d\u00b4ain<br \/>\nlaturin hihna \u2013 lad\u00b4d\u00b4aimen hiihnu libo remeni?<br \/>\nliikennevakuutus \u2013 liikendehstrahouhku<br \/>\nlumiharja \u2013 lumiharju, lumi\u0161otku<br \/>\nlasinpesuneste \u2013 stokl\u00b4anpezonesteh \u2013<br \/>\nl\u00e4mmityslaite \u2013 l\u00e4mmityslaiteh, l\u00e4mmitin<br \/>\nmoottori \u2013 motoru<br \/>\nmoottori\u00f6ljy \u2013 ma\u0161invoi, motorvoi<br \/>\nmatkamittari \u2013 matkumittari<br \/>\nm\u00e4nt\u00e4 \u2013 por\u0161eni<br \/>\nnastarenkaat \u2013 \u0161iippurengahat, \u00a0\u0161iippurattahat<br \/>\nnavigaattori \u2013 naviguattoru<br \/>\nnokka-akseli \u2013 n\u00b4okkuvualu libo n\u2019okkuakseli<br \/>\nnopeusmittari \u2013 vauhtimittari, ravevusmittari<br \/>\nnopeustutka \u2013 radar, raduaru<br \/>\nohjauspy\u00f6r\u00e4 \u00a0\u2013 rul<u>\u2019<\/u>a, rulevo, ohjavusratas<br \/>\nohjaustehostin \u2013 ohjavusaktivuattoru<br \/>\npakokaasu \u2013 pagoguazu<br \/>\npakoputki \u2013 pagobutki, trupku<br \/>\npeili \u2013 zirkalo<br \/>\nperuutusvaihde \u2013 my\u00f6st\u00f6vaihteh<br \/>\nperuutusvalo \u2013 my\u00f6st\u00f6valgo, my\u00f6st\u00f6tuli<br \/>\nperuuttaa \u2013 my\u00f6sti\u00e4<br \/>\nper\u00e4k\u00e4rry \u2013 delegy, per\u00e4k\u00e4ri<br \/>\npolttimo \u2013 lampu<br \/>\npolttoainesuodatin \u2013 poltoainehfil\u2019tru<br \/>\npolttoainetankki \u2013 poltoainehtanku, poltoainehs\u00e4iliv\u00f6<br \/>\npuskuri \u2013 puskuri, buufer libo buufferu<br \/>\npys\u00e4k\u00f6inti \u2013 azettumine<br \/>\npys\u00e4k\u00f6intialue \u2013 azetundualoveh<br \/>\npys\u00e4k\u00f6intipaikka \u2013 azetundukohtu, azetuspaikku, parkouhku<br \/>\npys\u00e4k\u00f6intikiekko \u2013 azetusmerki<br \/>\npys\u00e4k\u00f6intivalo \u2013 azetusvalgo, azetustuli<br \/>\npy\u00f6r\u00e4 \u2013 ratas, py\u00f6ry<br \/>\npy\u00f6r\u00e4nlaakeri \u2013 py\u00f6r\u00e4n pot\u0161ipniekku<br \/>\npy\u00f6r\u00e4nmutteri \u2013 py\u00f6r\u00e4ngaikku<br \/>\npy\u00f6r\u00e4n napa \u2013 py\u00f6r\u00e4n p\u00e4t\u00b4niekku<br \/>\npy\u00f6r\u00e4npultti \u2013 py\u00f6r\u00e4nboltu<br \/>\np\u00e4\u00e4st\u00f6arvo (pakokaasun) \u2013 (pagoguazun) j\u00e4teharvo \u2013<br \/>\np\u00f6lykapseli \u2013 p\u00f6lykapsulu, p\u00f6lykilbi<br \/>\nrengas \u2013 rengas, \u0161ina, edurengas, tagarengas, ratas<br \/>\nrengasavain \u2013 rengasavain, ristakkoavain<br \/>\nrengaskorjaamo \u2013 rengaskohenduskohtu, -kohendamo<br \/>\nrengasrikko \u2013 rengasviga<br \/>\nrekisterikilpi \u2013 registrukilbi<br \/>\nruiskupumppu \u2013 injektsiipumpu, ruiskupumpu<br \/>\nruiskusuutin \u2013 injektsiisuutin, ruiskusuutin<br \/>\nsakko \u2013 \u0161truaffu<br \/>\nsulake \u2013 propku<br \/>\nsulakekotelo \u2013 propkuboksu<br \/>\nsumuvalo \u2013 sumehvalgo, sumehtuli<br \/>\nsuuntavilkku \u2013 vilguutuli, suunduvilgeh, suundupliketin<br \/>\nsylinteri \u2013 cilindru<br \/>\nsylinterinkansi \u2013 cilindran kanzi<br \/>\nsytytystulppa \u2013 sytytystypeh<br \/>\ntakapenkki \u2013 tagaistuin<br \/>\ntakalasi \u2013 tagastokl\u00b4u<br \/>\ntakaluukku \u2013 tagauksut<br \/>\ntakavalot \u2013 tagatulet, per\u00e4lampat<br \/>\ntalvirenkaat \u2013 talvirengahat , talvirattahat<br \/>\ntaksi(auto) \u2013 taksi(auto)<br \/>\ntaustapeili \u2013 tagaper\u00e4zirkalo, taga-alazirkalo, tagazirkalo<br \/>\ntavaratila \u2013 tavars\u00e4iliv\u00f6, tavarans\u00e4iliv\u00f6<br \/>\nteho \u2013 v\u00e4gi<br \/>\ntietulli \u2013 doroguvero, dorogumakso<br \/>\ntunkki \u2013 nostovibu<br \/>\nturvaistuin \u2013 turvuistuin<br \/>\nturvatyyny \u2013 turvupielus<br \/>\nturvavy\u00f6 \u2013 turvuvy\u00f6<br \/>\ntuuletin \u2013 tuuletin<br \/>\ntuulilasi \u2013 tuulistokl\u00b4u<br \/>\nty\u00f6kalut \u2013 ruadoinstrumentat, ruadobrujat \u2013<br \/>\ntuulilasin pyyhin \u2013 tuulistokl\u00b4an pyhkin<br \/>\nvaihdelaatikko \u00a0\u2013 vaihtehboksu, vaihtehvakku<br \/>\nvaihdekeppi \u2013 vaihtehkeppi, vaihtepuikko<br \/>\nvakionpeudens\u00e4\u00e4din \u2013 kruisekontrol<br \/>\nvakuutus \u2013 strahouhku<br \/>\nvalokatkaisin \u2013 valgokatkain<br \/>\nvalonpesin \u2013 vallonpezin, tulenpezin<br \/>\nvararengas \u00a0\u2013 vararengas<br \/>\nvanne \u00a0\u2013 vanneh<br \/>\nvaroituskolmio \u2013 varaituskolmikko, vakustuskolmikko<br \/>\nVaroitusvalo \u2013 varoitustuli<br \/>\nventtiili \u2013 ventiil\u2019u<br \/>\nvesipumppu \u2013 vezipumpu<br \/>\nvetokoukku \u2013 vedokoukku<br \/>\nvirranjakaja \u2013 virranjagai<br \/>\nvirta-avain \u2013 virduavain<br \/>\nvirtalukko \u2013 virdulukku<br \/>\nvoitelu \u2013 voidelemine, voidelu<br \/>\nv\u00e4\u00e4nt\u00f6 \u2013 vi\u00e4nd\u00f6<br \/>\nylinopeus \u2013 ylivauhti<br \/>\n\u00e4\u00e4nenvaimennin \u2013 i\u00e4nen (motoran) \u0161umuizol\u00b4atsii, -izol\u2019acii<br \/>\n\u00f6ljy \u2013 nefti (naftu), ma\u0161invoi, moottori\u00f6ljy<br \/>\n\u00f6ljynpaine \u2013 ma\u0161invoin paineh<br \/>\n\u00f6ljypumppu \u2013 ma\u0161invoin pumpu<br \/>\n\u00f6ljytikku \u2013 ma\u0161invoin mi\u00e4rypuikko<br \/>\n\u00f6ljynsuodatin \u2013 ma\u0161invoifil\u2019tru<br \/>\n\u00f6ljynvaihto \u2013 ma\u0161invoin vaihto<br \/>\n\u00f6ljyvuoto \u2013 ma\u0161invoin vuodo<\/p>\n<p>&nbsp;<\/p>\n<p>Voit harjoitella autosanastoa Hannun Turusen ja h\u00e4nen tytt\u00e4rens\u00e4 Anne Tikkasen tekem\u00e4ns\u00e4 PowerPoint-tiedoston avulla: <a href=\"https:\/\/studentuef-my.sharepoint.com\/:p:\/g\/personal\/riionhei_uef_fi\/Ec1sckb4g89Pn9zFlaNXhWIBIE8y-OIJZBOaOosjR2XJ-w?e=4%3aL2SEgL&amp;at=9\" target=\"_blank\" rel=\"noopener noreferrer\">linkki PowerPoint-tiedostoon.<\/a><\/p>\n<p>Huom! Jos tiedosto ei avaudu suoraan PowerPoint-esityksen\u00e4, k\u00e4ynnist\u00e4 diat esitystilaan joko kuvakkeesta tai painamalla n\u00e4pp\u00e4int\u00e4 F5.<\/p>\n","protected":false},"excerpt":{"rendered":"<p>\u00a0 T\u00e4m\u00e4n autosanaston ollah ker\u00e4tty yhteh Hannu Turunen\u00a0 da Lapinlahten Kaskikuuzen\u00a0rahvahanopiston\u00a0opastujat. Er\u00e4h\u00e4t sanat hy\u00f6 ollah luajittu i\u010de. Ne\u010de on ylen hyv\u00e4 dielo: nyg\u00f6i karjalazet i\u010de ollah ravieh kehitt\u00e4m\u00e4s omua kieldy. Sanoin kohtal l\u00f6vv\u00e4t variantua \u00a0\u2013 \u00a0karjalan kieli on bohattu, da sit on \u00e4ijy sinounimua. Sano omii mielii t\u00e4h sanastoh n\u00e4h! auto \u2013 autto, auto, automa\u0161in, [&hellip;]<\/p>\n","protected":false},"author":419,"featured_media":0,"parent":0,"menu_order":0,"comment_status":"closed","ping_status":"closed","template":"","meta":{"_acf_changed":false,"footnotes":""},"class_list":["post-919","page","type-page","status-publish","hentry"],"acf":[],"yoast_head":"<!-- This site is optimized with the Yoast SEO plugin v27.3 - https:\/\/yoast.com\/product\/yoast-seo-wordpress\/ -->\n<title>Autosanastuo (suomi-livvinkarjala) - Karjalan kielen elvytt\u00e4minen<\/title>\n<meta name=\"robots\" content=\"index, follow, max-snippet:-1, max-image-preview:large, max-video-preview:-1\" \/>\n<link rel=\"canonical\" href=\"https:\/\/blogs.uef.fi\/karjalanelvytys\/autosanastuo-suomi-livvinkarjala\/\" \/>\n<meta property=\"og:locale\" content=\"fi_FI\" \/>\n<meta property=\"og:type\" content=\"article\" \/>\n<meta property=\"og:title\" content=\"Autosanastuo (suomi-livvinkarjala) - Karjalan kielen elvytt\u00e4minen\" \/>\n<meta property=\"og:description\" content=\"\u00a0 T\u00e4m\u00e4n autosanaston ollah ker\u00e4tty yhteh Hannu Turunen\u00a0 da Lapinlahten Kaskikuuzen\u00a0rahvahanopiston\u00a0opastujat. Er\u00e4h\u00e4t sanat hy\u00f6 ollah luajittu i\u010de. Ne\u010de on ylen hyv\u00e4 dielo: nyg\u00f6i karjalazet i\u010de ollah ravieh kehitt\u00e4m\u00e4s omua kieldy. Sanoin kohtal l\u00f6vv\u00e4t variantua \u00a0\u2013 \u00a0karjalan kieli on bohattu, da sit on \u00e4ijy sinounimua. Sano omii mielii t\u00e4h sanastoh n\u00e4h! auto \u2013 autto, auto, automa\u0161in, [&hellip;]\" \/>\n<meta property=\"og:url\" content=\"https:\/\/blogs.uef.fi\/karjalanelvytys\/autosanastuo-suomi-livvinkarjala\/\" \/>\n<meta property=\"og:site_name\" content=\"Karjalan kielen elvytt\u00e4minen\" \/>\n<meta property=\"article:modified_time\" content=\"2021-07-01T07:01:58+00:00\" \/>\n<meta name=\"twitter:card\" content=\"summary_large_image\" \/>\n<meta name=\"twitter:label1\" content=\"Arvioitu lukuaika\" \/>\n\t<meta name=\"twitter:data1\" content=\"4 minuuttia\" \/>\n<script type=\"application\/ld+json\" class=\"yoast-schema-graph\">{\"@context\":\"https:\\\/\\\/schema.org\",\"@graph\":[{\"@type\":\"WebPage\",\"@id\":\"https:\\\/\\\/blogs.uef.fi\\\/karjalanelvytys\\\/autosanastuo-suomi-livvinkarjala\\\/\",\"url\":\"https:\\\/\\\/blogs.uef.fi\\\/karjalanelvytys\\\/autosanastuo-suomi-livvinkarjala\\\/\",\"name\":\"Autosanastuo (suomi-livvinkarjala) - Karjalan kielen elvytt\u00e4minen\",\"isPartOf\":{\"@id\":\"https:\\\/\\\/blogs.uef.fi\\\/karjalanelvytys\\\/#website\"},\"datePublished\":\"2021-07-01T06:08:10+00:00\",\"dateModified\":\"2021-07-01T07:01:58+00:00\",\"breadcrumb\":{\"@id\":\"https:\\\/\\\/blogs.uef.fi\\\/karjalanelvytys\\\/autosanastuo-suomi-livvinkarjala\\\/#breadcrumb\"},\"inLanguage\":\"fi\",\"potentialAction\":[{\"@type\":\"ReadAction\",\"target\":[\"https:\\\/\\\/blogs.uef.fi\\\/karjalanelvytys\\\/autosanastuo-suomi-livvinkarjala\\\/\"]}]},{\"@type\":\"BreadcrumbList\",\"@id\":\"https:\\\/\\\/blogs.uef.fi\\\/karjalanelvytys\\\/autosanastuo-suomi-livvinkarjala\\\/#breadcrumb\",\"itemListElement\":[{\"@type\":\"ListItem\",\"position\":1,\"name\":\"Home\",\"item\":\"https:\\\/\\\/blogs.uef.fi\\\/karjalanelvytys\\\/\"},{\"@type\":\"ListItem\",\"position\":2,\"name\":\"Autosanastuo (suomi-livvinkarjala)\"}]},{\"@type\":\"WebSite\",\"@id\":\"https:\\\/\\\/blogs.uef.fi\\\/karjalanelvytys\\\/#website\",\"url\":\"https:\\\/\\\/blogs.uef.fi\\\/karjalanelvytys\\\/\",\"name\":\"Karjalan kielen elvytt\u00e4minen\",\"description\":\"\",\"potentialAction\":[{\"@type\":\"SearchAction\",\"target\":{\"@type\":\"EntryPoint\",\"urlTemplate\":\"https:\\\/\\\/blogs.uef.fi\\\/karjalanelvytys\\\/?s={search_term_string}\"},\"query-input\":{\"@type\":\"PropertyValueSpecification\",\"valueRequired\":true,\"valueName\":\"search_term_string\"}}],\"inLanguage\":\"fi\"}]}<\/script>\n<!-- \/ Yoast SEO plugin. -->","yoast_head_json":{"title":"Autosanastuo (suomi-livvinkarjala) - Karjalan kielen elvytt\u00e4minen","robots":{"index":"index","follow":"follow","max-snippet":"max-snippet:-1","max-image-preview":"max-image-preview:large","max-video-preview":"max-video-preview:-1"},"canonical":"https:\/\/blogs.uef.fi\/karjalanelvytys\/autosanastuo-suomi-livvinkarjala\/","og_locale":"fi_FI","og_type":"article","og_title":"Autosanastuo (suomi-livvinkarjala) - Karjalan kielen elvytt\u00e4minen","og_description":"\u00a0 T\u00e4m\u00e4n autosanaston ollah ker\u00e4tty yhteh Hannu Turunen\u00a0 da Lapinlahten Kaskikuuzen\u00a0rahvahanopiston\u00a0opastujat. Er\u00e4h\u00e4t sanat hy\u00f6 ollah luajittu i\u010de. Ne\u010de on ylen hyv\u00e4 dielo: nyg\u00f6i karjalazet i\u010de ollah ravieh kehitt\u00e4m\u00e4s omua kieldy. Sanoin kohtal l\u00f6vv\u00e4t variantua \u00a0\u2013 \u00a0karjalan kieli on bohattu, da sit on \u00e4ijy sinounimua. Sano omii mielii t\u00e4h sanastoh n\u00e4h! auto \u2013 autto, auto, automa\u0161in, [&hellip;]","og_url":"https:\/\/blogs.uef.fi\/karjalanelvytys\/autosanastuo-suomi-livvinkarjala\/","og_site_name":"Karjalan kielen elvytt\u00e4minen","article_modified_time":"2021-07-01T07:01:58+00:00","twitter_card":"summary_large_image","twitter_misc":{"Arvioitu lukuaika":"4 minuuttia"},"schema":{"@context":"https:\/\/schema.org","@graph":[{"@type":"WebPage","@id":"https:\/\/blogs.uef.fi\/karjalanelvytys\/autosanastuo-suomi-livvinkarjala\/","url":"https:\/\/blogs.uef.fi\/karjalanelvytys\/autosanastuo-suomi-livvinkarjala\/","name":"Autosanastuo (suomi-livvinkarjala) - Karjalan kielen elvytt\u00e4minen","isPartOf":{"@id":"https:\/\/blogs.uef.fi\/karjalanelvytys\/#website"},"datePublished":"2021-07-01T06:08:10+00:00","dateModified":"2021-07-01T07:01:58+00:00","breadcrumb":{"@id":"https:\/\/blogs.uef.fi\/karjalanelvytys\/autosanastuo-suomi-livvinkarjala\/#breadcrumb"},"inLanguage":"fi","potentialAction":[{"@type":"ReadAction","target":["https:\/\/blogs.uef.fi\/karjalanelvytys\/autosanastuo-suomi-livvinkarjala\/"]}]},{"@type":"BreadcrumbList","@id":"https:\/\/blogs.uef.fi\/karjalanelvytys\/autosanastuo-suomi-livvinkarjala\/#breadcrumb","itemListElement":[{"@type":"ListItem","position":1,"name":"Home","item":"https:\/\/blogs.uef.fi\/karjalanelvytys\/"},{"@type":"ListItem","position":2,"name":"Autosanastuo (suomi-livvinkarjala)"}]},{"@type":"WebSite","@id":"https:\/\/blogs.uef.fi\/karjalanelvytys\/#website","url":"https:\/\/blogs.uef.fi\/karjalanelvytys\/","name":"Karjalan kielen elvytt\u00e4minen","description":"","potentialAction":[{"@type":"SearchAction","target":{"@type":"EntryPoint","urlTemplate":"https:\/\/blogs.uef.fi\/karjalanelvytys\/?s={search_term_string}"},"query-input":{"@type":"PropertyValueSpecification","valueRequired":true,"valueName":"search_term_string"}}],"inLanguage":"fi"}]}},"_links":{"self":[{"href":"https:\/\/blogs.uef.fi\/karjalanelvytys\/wp-json\/wp\/v2\/pages\/919","targetHints":{"allow":["GET"]}}],"collection":[{"href":"https:\/\/blogs.uef.fi\/karjalanelvytys\/wp-json\/wp\/v2\/pages"}],"about":[{"href":"https:\/\/blogs.uef.fi\/karjalanelvytys\/wp-json\/wp\/v2\/types\/page"}],"author":[{"embeddable":true,"href":"https:\/\/blogs.uef.fi\/karjalanelvytys\/wp-json\/wp\/v2\/users\/419"}],"replies":[{"embeddable":true,"href":"https:\/\/blogs.uef.fi\/karjalanelvytys\/wp-json\/wp\/v2\/comments?post=919"}],"version-history":[{"count":2,"href":"https:\/\/blogs.uef.fi\/karjalanelvytys\/wp-json\/wp\/v2\/pages\/919\/revisions"}],"predecessor-version":[{"id":1033,"href":"https:\/\/blogs.uef.fi\/karjalanelvytys\/wp-json\/wp\/v2\/pages\/919\/revisions\/1033"}],"wp:attachment":[{"href":"https:\/\/blogs.uef.fi\/karjalanelvytys\/wp-json\/wp\/v2\/media?parent=919"}],"curies":[{"name":"wp","href":"https:\/\/api.w.org\/{rel}","templated":true}]}}