{"id":8982,"date":"2023-02-02T15:37:37","date_gmt":"2023-02-02T13:37:37","guid":{"rendered":"https:\/\/blogs.uef.fi\/karjalanelvytys\/?page_id=8982"},"modified":"2023-02-02T15:37:37","modified_gmt":"2023-02-02T13:37:37","slug":"karjalan-kielen-tutkimuskysymyksia-2019","status":"publish","type":"page","link":"https:\/\/blogs.uef.fi\/karjalanelvytys\/karjalan-kielen-tutkimuskysymyksia-2019\/","title":{"rendered":"Karjalan kielen tutkimuskysymyksi\u00e4 (2019)"},"content":{"rendered":"<h1>Pagin paginua jatkau: karjalan kielen tutkimuskysymyksi\u00e4 (2019)<\/h1>\n<p>Luentokokonaisuus Pagin paginua jatkau esittelee It\u00e4-Suomen yliopistossa teht\u00e4v\u00e4\u00e4 karjalan kielen tutkimusta, ja sill\u00e4 toimii luennoitsijoina joukko It\u00e4-Suomen yliopiston karjalan kielen tutkijoita ja opettajia. 2010-luvulla It\u00e4-Suomen yliopistossa on tutkittu erityisesti Suomen Raja-Karjalassa puhuttua karjalan kielt\u00e4, ja my\u00f6s suurin osa Pagin paginua jatkau -videoista k\u00e4sittelee rajakarjalaismurteita. Karjalan kieli el\u00e4\u00e4 kuitenkin vahvasti my\u00f6s nykyajassa, ja yksi videoista k\u00e4sitteleekin karjalan kielen nykytilannetta, karjalaksi k\u00e4\u00e4nt\u00e4mist\u00e4 ja uuden sanaston luomista. Luentokokonaisuuden aloittaa johdantoluento, jolla tutustutaan yleisesti Raja-Karjalan historiaan ja siell\u00e4 puhuttuun karjalaan. P\u00e4\u00e4t\u00f6sluennolla k\u00e4yd\u00e4\u00e4n puolestaan l\u00e4pi rajakarjalaismurteista tehty\u00e4 tutkimusta 1800-luvulta 2010-luvulle. Jokainen video on kuitenkin itsen\u00e4inen kokonaisuutensa, ja voit katsoa videot haluamassasi j\u00e4rjestyksess\u00e4. Tervetuloa tutustumaan karjalan kielen tutkimuskysymyksiin!<\/p>\n<p>***<\/p>\n<p>Luventokokonaisu\u0161 Pagin paginua jatkau o\u0161uttau P\u00e4iv\u00e4nnou\u0161u-\u0160uomen yliopisto\u0161\u0161a luajittavua karjalan kielen tutkimu\u0161ta, ta luventojen pit\u00e4jin\u00e4 on joukko P\u00e4iv\u00e4nnou\u0161u-\u0160uomen yliopiston karjalan kielen tutkijua ta opa\u0161tajua. 2010-luvulla P\u00e4iv\u00e4nnou\u0161u-\u0160uomen yliopisto\u0161\u0161a on erityise\u0161ti tutkittu \u0160uomen Raja-Karjala\u0161\u0161a paistuo karjalan kielt\u00e4, ta enimm\u00e4t Pagin paginua jatkau -videoloista ollah niisi rajakarjalaismurtehista. Ka karjalan kieli kuiteski el\u00e4y nykyaikuaki, ta yhe\u0161\u0161\u00e4 n\u00e4ist\u00e4 videoloista \u0161anellah karjalan kielen nykytilantehe\u0161ta, karjalak\u0161i ki\u00e4nt\u00e4mise\u0161t\u00e4 ta uuvven \u0161ana\u0161ton luatimise\u0161ta. Luventokokonaisu\u0161 alkau alotu\u0161luvennolla, kumpasella voit ylehise\u0161ti tuttavu\u0161tuo Raja-Karjalan historijah ta \u0161iel\u00e4 paistuh karjalan kieleh. Lopetu\u0161luvennolla puole\u0161tah ka\u010dellah rajakarjalaisista murtehista luajittuo tutkimu\u0161ta 1800-luvulta 2010-luvulla \u0161uaten. Ka jokahini video on i\u010d\u010den\u00e4ini kokonaisu\u0161, ta niin voit ka\u010d\u010duo videot mitty\u00f6\u0161\u0161\u00e4 tahot j\u00e4rje\u0161\u0161yk\u0161e\u0161\u0161\u00e4. Tule terveh tuttavu\u0161tumah karjalan kielen tutkimu\u0161ky\u0161ymyk\u0161ih!<\/p>\n<p>***<\/p>\n<p>Luvendokogonazus Pagin paginua jatkau ozuttau P\u00e4iv\u00e4nnouzu-Suomen yliopissossa luajittavua karjalan kielen tutkimusta, da luvennonpid\u00e4jin\u00e4 siin\u00e4 on joukko P\u00e4iv\u00e4nnouzu-Suomen yliopisson karjalan kielen tutkijua da opastajua. 2010-luvulla P\u00e4iv\u00e4nnouzu-Suomen yliopissossa ennen kaikkie on tutkittu Suomen Raja-Karjalassa paistuo karjalan kield\u00e4, da suurin vuitti Pagin paginua jatkau -videoloista koskougi rajakarjalazie murdehie. Yhell\u00e4h karjalan kieli lujana el\u00e4y nygyzell\u00e4gi aigua, da yhess\u00e4 videoloista sanellah karjalan kielen nygyzest\u00e4 tilandehesta, karjalaksi ki\u00e4nd\u00e4mizest\u00e4 da uuven sanasson luajinnasta. Luvendokogonazuon alottau algusanaluvendo, kumbazessa ylehize\u0161ti tuttavussutah Raja-Karjalan historieh da siel\u00e4 paistuh karjalah. Loppusanaluvennolla ka\u010dellah rajakarjalazista murdehista luajittuo tutkimusta 1800-luvulda 2010-luvulla suaten. Yhell\u00e4h jogahine video on i\u010d\u010den\u00e4ne kokonazus, da videot voit ka\u010d\u010duo siin\u00e4 j\u00e4rjessyksess\u00e4 kun tahot. Tule terveh tuttavustumah karjalan kielen tutkimuskyzymyksih!<\/p>\n<p>***<\/p>\n<p>Luvendokogona\u017eus Pagin paginua jatkau ozuttau P\u00e4iv\u00e4nnouzu-Suomen yliopistos luajittavua karjalan kielen tutkimustu, da sit luvendoloin lugijoinnu on joukko P\u00e4iv\u00e4nnouzu-Suomen yliopiston karjalan kielen tutkijua da opastajua. 2010-luvul P\u00e4iv\u00e4nnouzu-Suomen yliopistos eri\u010dyksellizesti on tutkittu Suomen Raja-Karjalas paistuu karjalan kieldy, da suurin vuitti Pagin paginua jatkau \u2013videolois on se\u017eo rajakarjalazih murdehih n\u00e4h. Yhtell\u00e4h karjalan kieli el\u00e4y nyg\u00f6zelgi aigua, da yhtes n\u00e4mmis videolois sanellah karjalan kielen nyg\u00f6zes tilandehes, karjalan ki\u00e4nd\u00e4mizes da uvven sanaston luajindas. Luvendokogona\u017euon algau algusanaluvendo, kudual ylehizesti tuttavut Raja-Karjalan histourieh da sie paistuh karjalan kieleh. Loppusanaluvendol ka\u010dellah rajakarjalazis murdehis luajittuu tutkimustu 1800-luvusp\u00e4i 2010-lugussah. Yhtell\u00e4h jogahine luvendo on i\u010d\u010den\u00e4ine kogona\u017eus, da voit ka\u010d\u010duo videot sit j\u00e4lletykses, mittuzes tahtot. Terveh tule tuttavumah karjalan kielen tutkimuskyzymyksih!<\/p>\n<p>Videot on saatavissa my\u00f6s tekstitettyin\u00e4. *** Voit ka\u010d\u010duo videot niisi tekstityk\u0161ien kera. *** Videot voit ka\u010d\u010duo i tekstityksen kera. *** Voit ka\u010d\u010duo videot se\u017eo tekstityksenke.<\/p>\n<h2>1. Mik\u00e4 on Raja-Karjala ja mit\u00e4 tarkoitetaan rajakarjalaismurteilla? Aloitusluento johdattaa Raja-Karjalan alueen historiaan sek\u00e4 siell\u00e4 puhuttuun karjalan kieleen.<\/h2>\n<p>Mi on Raja-Karjala ta mitp\u00e4 ollah rajakarjalaismurtehet? Alotu\u0161luvento viey Raja-Karjalan alovehen historijah ta \u0161iel\u00e4 paistuh karjalan kieleh.<\/p>\n<p>Mi on Raja-Karjala da mid\u00e4 tarkotetah, konza sanotah \u201drajakarjalazet murdehet\u201d? Enzim\u00e4ne luvendo viey Raja-Karjalan alovehen historieh da siel\u00e4 paistuh karjalan kieleh.<\/p>\n<p>Mibo on Raja-Karjala da mid\u00e4 tarkoitetah, konzu sanotah \u201drajakarjalazet murdehet\u201d? Algusanaluvendo viey Raja-Karjalan alovehen histourieh sego sie paistuh karjalan kieleh.<\/p>\n<iframe loading=\"lazy\" src=\"https:\/\/uef.cloud.panopto.eu\/Panopto\/Pages\/Embed.aspx?id=3b1b5794-108d-4ec5-a5fc-afe6011bea7d&autoplay=false&offerviewer=false&showtitle=false&showbrand=false&captions=true&interactivity=search\" height=\"405\" width=\"720\" style=\"border: 1px solid #464646;\" allowfullscreen allow=\"autoplay\"><\/iframe>\n<h2>2. Mit\u00e4 kieli\u00e4 Raja-Karjalassa k\u00e4ytettiin eri tarkoituksiin 1800-luvun lopulla ja 1900-luvun alussa? Videolla sukelletaan rajakarjalaiseen kielimaisemaan.<\/h2>\n<p>Mimmosie kielie Raja-Karjala\u0161\u0161a k\u00e4ytettih eri tarkotuk\u0161ih 1800-luvun lopulla ta 1900-luvun alu\u0161\u0161a? Videon avulla \u010dukelletah rajakarjalaiseh kielimaiselmah.<\/p>\n<p>Mimmozie kielie Raja-Karjalassa k\u00e4ytettih eri tarkotuksih 1800-luvun lopulla da 1900-luvun allussa? Videossa \u010dukelletah rajakarjalazeh kieliymb\u00e4rist\u00f6h.<\/p>\n<p>Mittumii kielii Raja-Karjalas k\u00e4ytettih eriluaduzih tarkoituksih 1800-luvun lopul da 1900-luvun allus? Videos \u010dukeldetah rajakarjalazeh kielikuvah.<\/p>\n<iframe loading=\"lazy\" src=\"https:\/\/uef.cloud.panopto.eu\/Panopto\/Pages\/Embed.aspx?id=0e84b2a2-c232-42b8-b55e-afe6011c59ab&autoplay=false&offerviewer=false&showtitle=false&showbrand=false&captions=true&interactivity=search\" height=\"405\" width=\"720\" style=\"border: 1px solid #464646;\" allowfullscreen allow=\"autoplay\"><\/iframe>\n<h2>3. Raja-Karjalassa puhuttu karjala sai vuosisatojen ajan vaikutteita suomen kielen murteista. Videolla tutustutaan rajakarjalaismurteiden suomalaisuuteen kahden murrepiirteen esiintymisen kautta.<\/h2>\n<p>Raja-Karjala\u0161\u0161a paistu karjalan kieli oli \u0161uanun \u0161uomen kielen murtehien vaikutu\u0161ta monen \u0161uan vuuvven aikana. Videolla \u0161uau tuttavu\u0161tuo rajakarjalaismurtehien \u0161uomelaisuteh kahen murrehpiirtehen o\u0161uttamisen kautti.<\/p>\n<p>Raja-Karjalassa paistu karjala vuozisavoin aijan sai vaikuttehie suomen kielen murdehista. Videossa tuttavussutah rajakarjalazien murdehien suomelazuoh kahen murrehpiirdehen ozuttamizen kautti.<\/p>\n<p>Raja-Karjalas paistu karjalan kieli vuozisavoin aijan sai vaikuttehii suomen kielen murdehisp\u00e4i. Videos sanellah rajakarjalazien murdehien suomela\u017euos kahten murrehpiirdehen ozuttamizen kauti.<\/p>\n<iframe loading=\"lazy\" src=\"https:\/\/uef.cloud.panopto.eu\/Panopto\/Pages\/Embed.aspx?id=3365ee1c-97c5-4341-b248-afe6011c6235&autoplay=false&offerviewer=false&showtitle=false&showbrand=false&captions=true&interactivity=search\" height=\"405\" width=\"720\" style=\"border: 1px solid #464646;\" allowfullscreen allow=\"autoplay\"><\/iframe>\n<h2>4. Miten karjalan ja suomen rinnakkaiselo n\u00e4kyy rajakarjalaismurteiden partisiippimuodoissa? Videolla esitell\u00e4\u00e4n, millaisia NUT-partisiipin variantteja rajakarjalaismurteissa k\u00e4ytet\u00e4\u00e4n, ja pohditaan, mitk\u00e4 kielelliset tekij\u00e4t selitt\u00e4v\u00e4t varianttien vaihtelua.<\/h2>\n<p>Karjalan ta \u0161uomen kieli on eletty Raja-Karjala\u0161\u0161a rinnakkah, kuin t\u00e4m\u00e4 \u0161eikka n\u00e4kyy partisiippimuotoloissa? Videolla \u0161anellah, mimmosie NUT-partisiipin varianttija rajakarjalaismurtehissa k\u00e4ytet\u00e4h, ta smietit\u00e4h, mit kielelliset faktorit \u0161elitet\u00e4h varianttien vaihtelentua.<\/p>\n<p>Kuin karjalan da suomen rinnakkahel\u00e4nd\u00e4 n\u00e4gyy rajakarjalazien murdehien partisiippamuodoloissa? Videossa ozutetah, mimmozie NUT-partisiipan varianttoi rajakarjalazissa murdehissa k\u00e4ytet\u00e4h, da ka\u010dellah, mitty\u00f6t kielellizet faktorat sellitet\u00e4h varianttoin vaihtelendua.<\/p>\n<p>Kui karjalan da suomen rinnal el\u00e4ndy n\u00e4gyy rajakarjalazien murdehien partisiippumuodolois? Videos ozutetah, mittustu NUT-partisiipan variantua rajakarjalazis murdehis k\u00e4ytet\u00e4h sego ka\u010dellah, mittumat kielellizet faktorat sellitet\u00e4h variantoin vaihtelendua.<\/p>\n<iframe loading=\"lazy\" src=\"https:\/\/uef.cloud.panopto.eu\/Panopto\/Pages\/Embed.aspx?id=958b2ae9-e77a-4e7b-8195-afe6011c6916&autoplay=false&offerviewer=false&showtitle=false&showbrand=false&captions=true&interactivity=search\" height=\"405\" width=\"720\" style=\"border: 1px solid #464646;\" allowfullscreen allow=\"autoplay\"><\/iframe>\n<h2>5. Karjalassa verbin sin\u00e4-muodolla ei aina viitata vain kuulijaan, vaan sen merkitys voi olla my\u00f6s \u2019kuka tahansa\u2019 (mid\u00e4 enemm\u00e4n ruavoit, sen oli parempi). Videolla tutustutaan l\u00e4hemmin t\u00e4llaisiin verbin persoonamuotojen k\u00e4ytt\u00f6tapoihin.<\/h2>\n<p>Karjalan kiele\u0161\u0161\u00e4 verbin \u0161ie-muuvvolla ei juohateta kaiki\u010d\u010di vain kuulijah, \u0161ent\u00e4h kun \u0161en merkity\u0161 voipi olla niisi \u2019ho\u0161 ken\u2019 (mid\u00e4 enemm\u00e4n ruavoit, sen oli parempi). Video\u0161ta tarkempah \u0161uat tiety\u00e4 t\u00e4mm\u00f6sist\u00e4 verbin personamuotojen k\u00e4ytt\u00f6tavoista.<\/p>\n<p>Karjalassa verbin sie-muuvolla ei ainos vihjata vain kuulijah, a sen merki\u010dys voibi olla i \u2019hos ken\u2019 (mid\u00e4 enemm\u00e4n ruavoit, sen oli parempi). Videossa tarkembah tuttavussut moizih verbin personamuodoloin k\u00e4ytt\u00f6taboih.<\/p>\n<p>Karjalas verbin sin\u00e4-muvvol ei ainos vihjata vaigu kuulijah, ga sen merki\u010dys voibi olla se\u017eo \u2019hos ken\u2019 (mid\u00e4 enemm\u00e4n ruavoit, sen oli parempi). Videos l\u00e4hemb\u00e4 tiijustat moizet verbil\u00f6in persounumuodoloin k\u00e4ytt\u00f6luavut.<\/p>\n<iframe loading=\"lazy\" src=\"https:\/\/uef.cloud.panopto.eu\/Panopto\/Pages\/Embed.aspx?id=074c9f38-e973-45c6-8e0a-afe6011e0420&autoplay=false&offerviewer=false&showtitle=false&showbrand=false&captions=true&interactivity=search\" height=\"405\" width=\"720\" style=\"border: 1px solid #464646;\" allowfullscreen allow=\"autoplay\"><\/iframe>\n<h2>6. Suomen itse-sanalla on pitk\u00e4 ja vaiheikas historia. Videolla kerrotaan itse-sanan kehityksest\u00e4 ja sen eri k\u00e4ytt\u00f6tavoista suomessa ja sen l\u00e4himmiss\u00e4 sukukieliss\u00e4.<\/h2>\n<p>\u0160uomen itse-\u0161analla on pitk\u00e4 ta vaihtelija historija. Videolla \u0161anellah itse-sanan kehityk\u0161e\u0161t\u00e4 ta \u0161en erimoisista k\u00e4ytt\u00f6tavoista \u0161uomen kiele\u0161\u0161\u00e4 ta \u0161en l\u00e4hemp\u00e4isiss\u00e4 \u0161ukukieliss\u00e4.<\/p>\n<p>Suomen itse-sanalla on pitk\u00e4 da vaihiekas historie. Videossa sanellah itse-sanan kehityksest\u00e4 da sen eriluaduzista k\u00e4ytt\u00f6tavoista suomessa da sen l\u00e4himm\u00e4ziss\u00e4 sugukieliss\u00e4.<\/p>\n<p>Suomen itse-sanal on pitky da vaihtelii histourii. Videos sanellah itse-sanan kehitykses da sen eriluaduzis k\u00e4ytt\u00f6tavois suomes da sen l\u00e4hemb\u00e4zis sugukielis.<\/p>\n<iframe loading=\"lazy\" src=\"https:\/\/uef.cloud.panopto.eu\/Panopto\/Pages\/Embed.aspx?id=2ee17630-1b19-4e18-9178-afe6011fce70&autoplay=false&offerviewer=false&showtitle=false&showbrand=false&captions=true&interactivity=search\" height=\"405\" width=\"720\" style=\"border: 1px solid #464646;\" allowfullscreen allow=\"autoplay\"><\/iframe>\n<h2>7. Rajakarjalaismurteiden sanastossa suomen ja ven\u00e4j\u00e4n kielten naapuruus konkretisoituu suomalaisina ja ven\u00e4l\u00e4isin\u00e4 lainoina. Videolla perehdyt\u00e4\u00e4n lainasanoihin tarkastelemalla ven\u00e4l\u00e4isten lainojen taajuutta murteittain sek\u00e4 vertailemalla ven\u00e4l\u00e4isten ja suomalaisten lainasanojen, etenkin konjunktioiden, k\u00e4ytt\u00f6\u00e4.<\/h2>\n<p>Rajakarjalaisien murtehien \u0161ana\u0161to\u0161\u0161a sussietak\u0161ien \u0161uomen ta ven\u00e4j\u00e4n kielien vaikutu\u0161 n\u00e4kyy konkrettise\u0161ti \u0161uomelaisina ta ven\u00e4l\u00e4isin\u00e4 laihina\u0161anoina. Videolla ka\u010dellah laihina\u0161anoja tarka\u0161telomalla ven\u00e4l\u00e4isien laihinojen frekvenssie murtehittain \u0161ek\u00e4 vertual\u2019omalla ven\u00e4l\u00e4isien ta \u0161uomelaisien laihina\u0161anojen, liijaten konjunktojen, k\u00e4ytty\u00f6.<\/p>\n<p>Rajakarjalazien murdehien sanassossa suomen da ven\u2019an kielien susiedoina olenda selgie\u0161ti n\u00e4gyy suomelazina da ven\u2019alazina laihinasanoina. Videossa tunnussutah ven\u2019alazih laihinasanoih ka\u010d\u010domalla niijen tuagevutta eri paginaluaduloissa dai verdualemalla ven\u2019alazien da suomelazien laihinasanoin, ennen kaikkie konjunktoin, k\u00e4ytty\u00f6.<\/p>\n<p>Rajakarjalazien murdehien sanastos suomen da ven\u2019an kielien susiedui\u010dendu konkretnoih luaduh n\u00e4gyy suomelazinnu da ven\u2019alazinnu laihinsanoinnu. Videos ka\u010dellah laihinsanoi ottamal huomavoh ven\u2019alazien laihinsanoin loitto\u017euttu eri paginluadulois sego verdailemal ven\u2019alazien da suomelazien laihinsanoin da enne kaikkie konjunktoin k\u00e4ytty\u00f6.<\/p>\n<iframe loading=\"lazy\" src=\"https:\/\/uef.cloud.panopto.eu\/Panopto\/Pages\/Embed.aspx?id=ad576fb3-75a2-430f-a2ed-afe6012210da&autoplay=false&offerviewer=false&showtitle=false&showbrand=false&captions=true&interactivity=search\" height=\"405\" width=\"720\" style=\"border: 1px solid #464646;\" allowfullscreen allow=\"autoplay\"><\/iframe>\n<h2>8. Mit\u00e4 rajakarjalaistaustaiset pohjoiskarjalaiset muistavat karjalan kielest\u00e4? Haastattelututkimuksessa olemme selvitt\u00e4neet, miten karjalan kieli on s\u00e4ilynyt muistikuvissa.<\/h2>\n<p>Mit\u00e4 rajakarjalaista peruo olijat pohjaiskarjalaiset muissetah karjalan kiele\u0161t\u00e4? Pakauttelututkimuk\u0161e\u0161\u0161a olemma \u0161elvitt\u00e4n, mitein karjalan kieli on pisyn muississa.<\/p>\n<p>Mid\u00e4 rajakarjalaista roindaperi\u00e4 olijat pohjaiskarjalazet muissetah karjalan kielest\u00e4? Pagizuttelututkimuksessa olemma sellitt\u00e4n, kuin karjalan kieli on pyzyn muissossa.<\/p>\n<p>Mid\u00e4 rajakarjalastaga-alazet pohjas-karjalazet mustetah karjalan kieleh n\u00e4h? Pagizuttelututkimukses olemmo sellit\u00e4nnyh, kui karjalan kieli on pyzynyh mustos.<\/p>\n<iframe loading=\"lazy\" src=\"https:\/\/uef.cloud.panopto.eu\/Panopto\/Pages\/Embed.aspx?id=ca3c8231-be10-4640-990b-afe6012374bb&autoplay=false&offerviewer=false&showtitle=false&showbrand=false&captions=true&interactivity=search\" height=\"405\" width=\"720\" style=\"border: 1px solid #464646;\" allowfullscreen allow=\"autoplay\"><\/iframe>\n<h2>9. Kuinka k\u00e4\u00e4ntyisiv\u00e4t karjalan kielelle l\u00e4mp\u00f6vuoto tai \u00e4itiyspakkaus? Miksi karjalankielisiin uutisiin tarvitaan uusia sanoja, miten sellaisia luodaan ja kuinka osataan valita useista sanavaihtoehdoista se kaikkein paras? Videolla kerrotaan k\u00e4\u00e4nt\u00e4j\u00e4n arjesta.<\/h2>\n<p>Kuinpa olis karjalak\u0161i l\u00e4mp\u00f6vuoto tahi \u00e4itiyspakkaus? Mint\u00e4h karjalankielisih uutisih pit\u00e4y olla uutta \u0161anua, mitein niit\u00e4 luajitah ta kuin \u0161uau valita mone\u0161ta \u0161anavariantista kaikista parahimman? Video kertou ki\u00e4nt\u00e4j\u00e4n jokap\u00e4iv\u00e4se\u0161t\u00e4 ruavo\u0161ta.<\/p>\n<p>Kuin ki\u00e4nnytt\u00e4is karjalaksi l\u00e4mp\u00f6vuoto libo \u00e4itiyspakkaus? Mint\u00e4h karjalankielizih uudizih pid\u00e4y luadie uutta sanua, kuin niid\u00e4 luajitah da kuin maltetah vallita \u00e4ijist\u00e4 sanavariantoista paras? Videossa sanellah ki\u00e4nd\u00e4j\u00e4n jogap\u00e4iv\u00e4hizest\u00e4 ruavosta.<\/p>\n<p>Kuibo ki\u00e4ndys karjalakse l\u00e4mp\u00f6vuoto libo \u00e4itiyspakkaus? Mind\u00e4h Yle uudizih karjalakse pid\u00e4y azuo uuttu sanua, kui niidy luajitah da kui maltetah vallita \u00e4ij\u00e4s sanavariantas se paras? Videos sanellah ki\u00e4nd\u00e4j\u00e4n jogap\u00e4iv\u00e4hizes ruavos.<\/p>\n<iframe loading=\"lazy\" src=\"https:\/\/uef.cloud.panopto.eu\/Panopto\/Pages\/Embed.aspx?id=39d692d4-b412-4f83-896b-afe601250e05&autoplay=false&offerviewer=false&showtitle=false&showbrand=false&captions=true&interactivity=search\" height=\"405\" width=\"720\" style=\"border: 1px solid #464646;\" allowfullscreen allow=\"autoplay\"><\/iframe>\n<h2>10. Miten rajakarjalaismurteita on tutkittu ja miten niit\u00e4 on tallennettu? P\u00e4\u00e4t\u00f6sluennolla k\u00e4yd\u00e4\u00e4n l\u00e4pi rajakarjalaismurteiden tutkimushistoriaa.<\/h2>\n<p>Kuin rajakarjalaismurtehie on tutkittu ta kuin niit\u00e4 on pantu talteh? Lopetu\u0161luvennolla ka\u010dellah rajakarjalaisien murtehie tutkimu\u0161historijua.<\/p>\n<p>Kuin rajakarjalazie murdehie on tutkittu da kuin niid\u00e4 on pandu tallella? Loppusanaluvennolla ka\u010dellah rajakarjalazien murdehien tutkimuksen historieda.<\/p>\n<p>Kui rajakarjalazii murdehii on tutkittu da kui niidy on pandu taldeheh? Loppusanaluvendol ka\u010dellah rajakarjalazien murdehien tutkimuksen histouriedu.<\/p>\n<iframe loading=\"lazy\" src=\"https:\/\/uef.cloud.panopto.eu\/Panopto\/Pages\/Embed.aspx?id=eefd3422-b418-44cb-9522-afe6012786d0&autoplay=false&offerviewer=false&showtitle=false&showbrand=false&captions=true&interactivity=search\" height=\"405\" width=\"720\" style=\"border: 1px solid #464646;\" allowfullscreen allow=\"autoplay\"><\/iframe>\n","protected":false},"excerpt":{"rendered":"<p>Pagin paginua jatkau: karjalan kielen tutkimuskysymyksi\u00e4 (2019) Luentokokonaisuus Pagin paginua jatkau esittelee It\u00e4-Suomen yliopistossa teht\u00e4v\u00e4\u00e4 karjalan kielen tutkimusta, ja sill\u00e4 toimii luennoitsijoina joukko It\u00e4-Suomen yliopiston karjalan kielen tutkijoita ja opettajia. 2010-luvulla It\u00e4-Suomen yliopistossa on tutkittu erityisesti Suomen Raja-Karjalassa puhuttua karjalan kielt\u00e4, ja my\u00f6s suurin osa Pagin paginua jatkau -videoista k\u00e4sittelee rajakarjalaismurteita. Karjalan kieli el\u00e4\u00e4 kuitenkin [&hellip;]<\/p>\n","protected":false},"author":580,"featured_media":0,"parent":0,"menu_order":0,"comment_status":"closed","ping_status":"closed","template":"","meta":{"_acf_changed":false,"footnotes":""},"class_list":["post-8982","page","type-page","status-publish","hentry"],"acf":[],"yoast_head":"<!-- This site is optimized with the Yoast SEO plugin v27.1.1 - https:\/\/yoast.com\/product\/yoast-seo-wordpress\/ -->\n<title>Karjalan kielen tutkimuskysymyksi\u00e4 (2019) - Karjalan kielen elvytt\u00e4minen<\/title>\n<meta name=\"robots\" content=\"index, follow, max-snippet:-1, max-image-preview:large, max-video-preview:-1\" \/>\n<link rel=\"canonical\" href=\"https:\/\/blogs.uef.fi\/karjalanelvytys\/karjalan-kielen-tutkimuskysymyksia-2019\/\" \/>\n<meta property=\"og:locale\" content=\"fi_FI\" \/>\n<meta property=\"og:type\" content=\"article\" \/>\n<meta property=\"og:title\" content=\"Karjalan kielen tutkimuskysymyksi\u00e4 (2019) - Karjalan kielen elvytt\u00e4minen\" \/>\n<meta property=\"og:description\" content=\"Pagin paginua jatkau: karjalan kielen tutkimuskysymyksi\u00e4 (2019) Luentokokonaisuus Pagin paginua jatkau esittelee It\u00e4-Suomen yliopistossa teht\u00e4v\u00e4\u00e4 karjalan kielen tutkimusta, ja sill\u00e4 toimii luennoitsijoina joukko It\u00e4-Suomen yliopiston karjalan kielen tutkijoita ja opettajia. 2010-luvulla It\u00e4-Suomen yliopistossa on tutkittu erityisesti Suomen Raja-Karjalassa puhuttua karjalan kielt\u00e4, ja my\u00f6s suurin osa Pagin paginua jatkau -videoista k\u00e4sittelee rajakarjalaismurteita. Karjalan kieli el\u00e4\u00e4 kuitenkin [&hellip;]\" \/>\n<meta property=\"og:url\" content=\"https:\/\/blogs.uef.fi\/karjalanelvytys\/karjalan-kielen-tutkimuskysymyksia-2019\/\" \/>\n<meta property=\"og:site_name\" content=\"Karjalan kielen elvytt\u00e4minen\" \/>\n<meta name=\"twitter:card\" content=\"summary_large_image\" \/>\n<meta name=\"twitter:label1\" content=\"Arvioitu lukuaika\" \/>\n\t<meta name=\"twitter:data1\" content=\"9 minuuttia\" \/>\n<script type=\"application\/ld+json\" class=\"yoast-schema-graph\">{\"@context\":\"https:\/\/schema.org\",\"@graph\":[{\"@type\":\"WebPage\",\"@id\":\"https:\/\/blogs.uef.fi\/karjalanelvytys\/karjalan-kielen-tutkimuskysymyksia-2019\/\",\"url\":\"https:\/\/blogs.uef.fi\/karjalanelvytys\/karjalan-kielen-tutkimuskysymyksia-2019\/\",\"name\":\"Karjalan kielen tutkimuskysymyksi\u00e4 (2019) - Karjalan kielen elvytt\u00e4minen\",\"isPartOf\":{\"@id\":\"https:\/\/blogs.uef.fi\/karjalanelvytys\/#website\"},\"datePublished\":\"2023-02-02T13:37:37+00:00\",\"breadcrumb\":{\"@id\":\"https:\/\/blogs.uef.fi\/karjalanelvytys\/karjalan-kielen-tutkimuskysymyksia-2019\/#breadcrumb\"},\"inLanguage\":\"fi\",\"potentialAction\":[{\"@type\":\"ReadAction\",\"target\":[\"https:\/\/blogs.uef.fi\/karjalanelvytys\/karjalan-kielen-tutkimuskysymyksia-2019\/\"]}]},{\"@type\":\"BreadcrumbList\",\"@id\":\"https:\/\/blogs.uef.fi\/karjalanelvytys\/karjalan-kielen-tutkimuskysymyksia-2019\/#breadcrumb\",\"itemListElement\":[{\"@type\":\"ListItem\",\"position\":1,\"name\":\"Home\",\"item\":\"https:\/\/blogs.uef.fi\/karjalanelvytys\/\"},{\"@type\":\"ListItem\",\"position\":2,\"name\":\"Karjalan kielen tutkimuskysymyksi\u00e4 (2019)\"}]},{\"@type\":\"WebSite\",\"@id\":\"https:\/\/blogs.uef.fi\/karjalanelvytys\/#website\",\"url\":\"https:\/\/blogs.uef.fi\/karjalanelvytys\/\",\"name\":\"Karjalan kielen elvytt\u00e4minen\",\"description\":\"\",\"potentialAction\":[{\"@type\":\"SearchAction\",\"target\":{\"@type\":\"EntryPoint\",\"urlTemplate\":\"https:\/\/blogs.uef.fi\/karjalanelvytys\/?s={search_term_string}\"},\"query-input\":{\"@type\":\"PropertyValueSpecification\",\"valueRequired\":true,\"valueName\":\"search_term_string\"}}],\"inLanguage\":\"fi\"}]}<\/script>\n<!-- \/ Yoast SEO plugin. -->","yoast_head_json":{"title":"Karjalan kielen tutkimuskysymyksi\u00e4 (2019) - Karjalan kielen elvytt\u00e4minen","robots":{"index":"index","follow":"follow","max-snippet":"max-snippet:-1","max-image-preview":"max-image-preview:large","max-video-preview":"max-video-preview:-1"},"canonical":"https:\/\/blogs.uef.fi\/karjalanelvytys\/karjalan-kielen-tutkimuskysymyksia-2019\/","og_locale":"fi_FI","og_type":"article","og_title":"Karjalan kielen tutkimuskysymyksi\u00e4 (2019) - Karjalan kielen elvytt\u00e4minen","og_description":"Pagin paginua jatkau: karjalan kielen tutkimuskysymyksi\u00e4 (2019) Luentokokonaisuus Pagin paginua jatkau esittelee It\u00e4-Suomen yliopistossa teht\u00e4v\u00e4\u00e4 karjalan kielen tutkimusta, ja sill\u00e4 toimii luennoitsijoina joukko It\u00e4-Suomen yliopiston karjalan kielen tutkijoita ja opettajia. 2010-luvulla It\u00e4-Suomen yliopistossa on tutkittu erityisesti Suomen Raja-Karjalassa puhuttua karjalan kielt\u00e4, ja my\u00f6s suurin osa Pagin paginua jatkau -videoista k\u00e4sittelee rajakarjalaismurteita. Karjalan kieli el\u00e4\u00e4 kuitenkin [&hellip;]","og_url":"https:\/\/blogs.uef.fi\/karjalanelvytys\/karjalan-kielen-tutkimuskysymyksia-2019\/","og_site_name":"Karjalan kielen elvytt\u00e4minen","twitter_card":"summary_large_image","twitter_misc":{"Arvioitu lukuaika":"9 minuuttia"},"schema":{"@context":"https:\/\/schema.org","@graph":[{"@type":"WebPage","@id":"https:\/\/blogs.uef.fi\/karjalanelvytys\/karjalan-kielen-tutkimuskysymyksia-2019\/","url":"https:\/\/blogs.uef.fi\/karjalanelvytys\/karjalan-kielen-tutkimuskysymyksia-2019\/","name":"Karjalan kielen tutkimuskysymyksi\u00e4 (2019) - Karjalan kielen elvytt\u00e4minen","isPartOf":{"@id":"https:\/\/blogs.uef.fi\/karjalanelvytys\/#website"},"datePublished":"2023-02-02T13:37:37+00:00","breadcrumb":{"@id":"https:\/\/blogs.uef.fi\/karjalanelvytys\/karjalan-kielen-tutkimuskysymyksia-2019\/#breadcrumb"},"inLanguage":"fi","potentialAction":[{"@type":"ReadAction","target":["https:\/\/blogs.uef.fi\/karjalanelvytys\/karjalan-kielen-tutkimuskysymyksia-2019\/"]}]},{"@type":"BreadcrumbList","@id":"https:\/\/blogs.uef.fi\/karjalanelvytys\/karjalan-kielen-tutkimuskysymyksia-2019\/#breadcrumb","itemListElement":[{"@type":"ListItem","position":1,"name":"Home","item":"https:\/\/blogs.uef.fi\/karjalanelvytys\/"},{"@type":"ListItem","position":2,"name":"Karjalan kielen tutkimuskysymyksi\u00e4 (2019)"}]},{"@type":"WebSite","@id":"https:\/\/blogs.uef.fi\/karjalanelvytys\/#website","url":"https:\/\/blogs.uef.fi\/karjalanelvytys\/","name":"Karjalan kielen elvytt\u00e4minen","description":"","potentialAction":[{"@type":"SearchAction","target":{"@type":"EntryPoint","urlTemplate":"https:\/\/blogs.uef.fi\/karjalanelvytys\/?s={search_term_string}"},"query-input":{"@type":"PropertyValueSpecification","valueRequired":true,"valueName":"search_term_string"}}],"inLanguage":"fi"}]}},"_links":{"self":[{"href":"https:\/\/blogs.uef.fi\/karjalanelvytys\/wp-json\/wp\/v2\/pages\/8982","targetHints":{"allow":["GET"]}}],"collection":[{"href":"https:\/\/blogs.uef.fi\/karjalanelvytys\/wp-json\/wp\/v2\/pages"}],"about":[{"href":"https:\/\/blogs.uef.fi\/karjalanelvytys\/wp-json\/wp\/v2\/types\/page"}],"author":[{"embeddable":true,"href":"https:\/\/blogs.uef.fi\/karjalanelvytys\/wp-json\/wp\/v2\/users\/580"}],"replies":[{"embeddable":true,"href":"https:\/\/blogs.uef.fi\/karjalanelvytys\/wp-json\/wp\/v2\/comments?post=8982"}],"version-history":[{"count":2,"href":"https:\/\/blogs.uef.fi\/karjalanelvytys\/wp-json\/wp\/v2\/pages\/8982\/revisions"}],"predecessor-version":[{"id":9084,"href":"https:\/\/blogs.uef.fi\/karjalanelvytys\/wp-json\/wp\/v2\/pages\/8982\/revisions\/9084"}],"wp:attachment":[{"href":"https:\/\/blogs.uef.fi\/karjalanelvytys\/wp-json\/wp\/v2\/media?parent=8982"}],"curies":[{"name":"wp","href":"https:\/\/api.w.org\/{rel}","templated":true}]}}