{"id":886,"date":"2021-07-01T08:59:53","date_gmt":"2021-07-01T05:59:53","guid":{"rendered":"https:\/\/blogs.uef.fi\/karjalanelvytys\/?page_id=886"},"modified":"2026-02-25T10:21:42","modified_gmt":"2026-02-25T08:21:42","slug":"sanastoryhman-sanastoja","status":"publish","type":"page","link":"https:\/\/blogs.uef.fi\/karjalanelvytys\/sanastoryhman-sanastoja\/","title":{"rendered":"Sanastoryhm\u00e4n sanastoja"},"content":{"rendered":"\n<p><em>T\u00e4l sivul julguammo sanastojoukon ker\u00e4ttyy da luajittuu sanastuo eriluaduzis tiemois.<\/em><\/p>\n\n\n\n<p>25.2.2026 <strong>Manklauvundasanasto<\/strong> <strong>(suomi\u2013vienankarjala\u2013suvikarjala\u2013livvinkarjala)<\/strong>: <a href=\"https:\/\/blogs.uef.fi\/karjalanelvytys\/meikkaus-ja-laittautumissanasto-manklauvuntasanasto-manklauvundasanasto-manklavundusanasto-suomi-vienankarjala-suvikarjala-livvinkarjala\/\" id=\"https:\/\/blogs.uef.fi\/karjalanelvytys\/meikkaus-ja-laittautumissanasto-manklauvuntasanasto-manklauvundasanasto-manklavundusanasto-suomi-vienankarjala-suvikarjala-livvinkarjala\/\">linkki<\/a><\/p>\n\n\n\n<p>18.2.2026 <strong>Tikutanta\u0161ana\u0161to (suomi\u2013vienankarjala)<\/strong>: <a href=\"https:\/\/blogs.uef.fi\/karjalanelvytys\/neulontasanasto-tikutantasanasto-suomi-vienankarjala\/\" target=\"_blank\" rel=\"noreferrer noopener\">linkki<\/a><\/p>\n\n\n\n<p>19.12.2025 <strong>Ro\u0161tuon\u0161ana\u0161to (vienankarjala\u2013suomi):<\/strong> <a href=\"https:\/\/blogs.uef.fi\/karjalanelvytys\/rostuonsanasto-vienankarjala-suomi\/\" target=\"_blank\" rel=\"noreferrer noopener\">linkki<\/a><\/p>\n\n\n\n<p>5.12.2025 <strong>Kisa\u0161ana\u0161to \u2013 Kizasanasto \u2013 Ki\u017easanasto<\/strong> <strong>(suomi\u2013vienankarjala\u2013suvikarjala\u2013livvinkarjala)<\/strong>: <a href=\"https:\/\/blogs.uef.fi\/karjalanelvytys\/kisasanasto-kizasanasto-kizasanasto\/\">linkki<\/a><\/p>\n\n\n\n<p>4.8.2025 <strong>Aigasanasto (suomi\u2013suvikarjala)<\/strong>: <a href=\"https:\/\/blogs.uef.fi\/karjalanelvytys\/aigasanasto-suomi-suvikarjala\/\">linkki<\/a><\/p>\n\n\n\n<p>16.6.2025&nbsp;<strong>Lindusanasto (suomi\u2013suvikarjala)<\/strong>: <a href=\"https:\/\/blogs.uef.fi\/karjalanelvytys\/lindusanasto-suomi-suvikarjala\/\">linkki<\/a><\/p>\n\n\n\n<p>29.1.2025 <strong>Karjalan opastundan sanasto (suomi\u2013vienankarjala\u2013suvikarjala\u2013livvinkarjala)<\/strong>: <a href=\"https:\/\/blogs.uef.fi\/karjalanelvytys\/karjalan-opastundan-sanasto-suomi-vienankarjala-suvikarjala-livvinkarjala\/\">linkki sanastoon<\/a><\/p>\n\n\n\n<p>5.12.2024 <strong>Pieni i\u010d\u010den\u00e4zysp\u00e4iv\u00e4n sanasto (vienankarjala\u2013suvikarjala\u2013livvinkarjala\u2013suomi): <\/strong><a href=\"https:\/\/blogs.uef.fi\/karjalanelvytys\/pieni-iccenazyspaivan-sanasto-vienankarjala-suvikarjala-livvinkarjala-suomi\/\">linkki sanastoon<\/a><\/p>\n\n\n\n<p>2.12.2024 <strong>Ra\u0161tavankukat (suomi\u2013suvikarjala): <\/strong><a href=\"https:\/\/blogs.uef.fi\/karjalanelvytys\/rastavankukat-suomi-suvikarjala\/\">linkki sanastoon<\/a><\/p>\n\n\n\n<p>21.11.2024 <strong>Ruadoelossanasto (suomi\u2013livvinkarjala): <\/strong><a href=\"https:\/\/blogs.uef.fi\/karjalanelvytys\/ruadoelossanasto-suomi-livvinkarjala\/\">linkki sanastoon<\/a><\/p>\n\n\n\n<p>31.10.2024 <strong>Fruktasanasto (suomi\u2013suvikarjala)<\/strong>: <a href=\"https:\/\/blogs.uef.fi\/karjalanelvytys\/fruktasanasto-suomi-suvikarjala\/\">linkki sanastoon<\/a><\/p>\n\n\n\n<p>1.10.2024 <strong>Kazvossanasto (suomi\u2013suvikarjala): <\/strong><a href=\"https:\/\/blogs.uef.fi\/karjalanelvytys\/kazvossanasto-suomi-suvikarjala\/\">linkki sanastoon<\/a><\/p>\n\n\n\n<p>29.8.2024 <strong>Vil&#8217;l&#8217;asanasto (suomi\u2013suvikarjala): <\/strong><a href=\"https:\/\/blogs.uef.fi\/karjalanelvytys\/villasanasto-suomi-suvikarjala\/\">linkki sanastoon<\/a><\/p>\n\n\n\n<p>1.7.2024 <strong>Kalasanasto (suomi\u2013suvikarjala): <\/strong><a href=\"https:\/\/blogs.uef.fi\/karjalanelvytys\/kalasanasto-suomi-suvikarjala\/\">linkki sanastoon<\/a><\/p>\n\n\n\n<p>5.6.2024 <strong>Kez\u00e4sanasto (suvikarjala\u2013suomi): <\/strong><a href=\"https:\/\/blogs.uef.fi\/karjalanelvytys\/kezasanasto-suvikarjala-suomi\/\">linkki sanastoon<\/a><\/p>\n\n\n\n<p>16.5.2024 <strong>Suomeh liittyj\u00e4 sanasto (vienankarjala\u2013suvikarjala\u2013livvinkarjala\u2013suomi)<\/strong>: <a href=\"https:\/\/blogs.uef.fi\/karjalanelvytys\/suomeh-liittyja-sanasto-vienankarjala-suvikarjala-livvinkarjala-suomi\/\">linkki sanastoon<\/a><\/p>\n\n\n\n<p>2.5.2024 <strong>Yhtistyssanasto (suomi-livvinkarjala)<\/strong>: <a href=\"https:\/\/blogs.uef.fi\/karjalanelvytys\/yhtistyssanasto-suomi-livvinkarjala\/\">linkki sanastoon<\/a><\/p>\n\n\n\n<p>2.5.2024 <strong>Kielien elvyt\u00e4nd\u00e4n, kehit\u00e4nd\u00e4n da varanvonala\u017euon sanasto (suomi-livvinkarjala)<\/strong>: <a href=\"https:\/\/blogs.uef.fi\/karjalanelvytys\/kielien-elvytandan-kehitandan-da-varavonalazuon-sanasto-suomi-livvinkarjala\/\">linkki sanastoon<\/a><\/p>\n\n\n\n<p>25.4.2024<strong> Pertit \u2013 Huoneet (suvikarjala-suomi)<\/strong>: <a href=\"https:\/\/blogs.uef.fi\/karjalanelvytys\/pertit-huoneet-suvikarjala-suomi\/\">linkki sanastoon<\/a><\/p>\n\n\n\n<p>12.3.2024 <strong>Astiet da sy\u00f6nd\u00e4neuvot (suvikarjala-suomi): <\/strong><a href=\"https:\/\/blogs.uef.fi\/karjalanelvytys\/astiet-da-syondaneuvot-suvikarjala-suomi\/\">linkki sanastoon<\/a><\/p>\n\n\n\n<p>4.3.2024 <strong>Pieni karjalah liittyj\u00e4 sanasto (vienankarjala-suvikarjala-livvinkarjala-suomi): <\/strong><a href=\"https:\/\/blogs.uef.fi\/karjalanelvytys\/pieni-karjalah-liittyja-sanasto-vienankarjala-suvikarjala-livvinkarjala-suomi\/\">linkki sanastoon<\/a><\/p>\n\n\n\n<p>14.2.2024 <strong>Kirjastosanasto (suomi-livvinkarjala)<\/strong>: <a href=\"https:\/\/blogs.uef.fi\/karjalanelvytys\/kirjastosanasto-suomi-livvinkarjala\/\">linkki sanastoon<\/a><\/p>\n\n\n\n<p>13.2.2024 <strong>Yst\u00e4v\u00e4np\u00e4iv\u00e4n sanasto (yst\u00e4v\u00e4-sanoja karjalan eri murteissa sek\u00e4 vienankarjala-suomi -y\u0161t\u00e4v\u00e4np\u00e4iv\u00e4n \u0161anavakkani)<\/strong>: <a href=\"https:\/\/blogs.uef.fi\/karjalanelvytys\/ystavanpaivan-sanasto\/\" target=\"_blank\" rel=\"noopener\">linkki sanastoon<\/a><\/p>\n\n\n\n<p>1.2.2024 <strong>Kazvossy\u00f6j\u00e4n sanasto (suomi-livvinkarjala): <\/strong><a href=\"https:\/\/blogs.uef.fi\/karjalanelvytys\/kazvossyojan-sanasto-suomi-livvinkarjala\/\">linkki sanastoon<\/a><\/p>\n\n\n\n<p>14.11.2023 <strong>Ki\u00e4nn\u00f6stiijolline sanasto (suomi-livvinkarjala): <\/strong><a href=\"https:\/\/blogs.uef.fi\/karjalanelvytys\/kiannostiijolline-sanasto-livvinkarjalakse\/\">linkki sanastoon<\/a><\/p>\n\n\n\n<p>30.6.2023 <strong>Kylysanasto (suomi-suvikarjala)<\/strong>: <a href=\"https:\/\/blogs.uef.fi\/karjalanelvytys\/kylysanasto-suomi-suvikarjala\/\">linkki sanastoon<\/a><\/p>\n\n\n\n<p>26.5.2023 <strong>Kirjallizussanasto (suomi-suvikarjala)<\/strong>: <a href=\"https:\/\/blogs.uef.fi\/karjalanelvytys\/kirjallizussanasto-suomi-suvikarjala\/\">linkki sanastoon<\/a><\/p>\n\n\n\n<p>18.4.2023 <strong>Pereh- ta ukonkuari\u0161ana\u0161to (\u0161uomi-vienankarjala)<\/strong>: <a href=\"https:\/\/blogs.uef.fi\/karjalanelvytys\/pereh-ta-ukonkuarisanasto-suomi-vienankarjala\/\" target=\"_blank\" rel=\"noopener\">linkki sanastoon<\/a><\/p>\n\n\n\n<p>4.4.2023 <strong><em>Milan perehen p\u00e4iv\u00e4<\/em> -kirjan opa\u0161\u0161u\u0161materijaliloissa k\u00e4ytetty \u0161ana\u0161to (vienankarjala-suomi-ven\u00e4j\u00e4)<\/strong>: <a href=\"https:\/\/www.karjalansivistysseura.fi\/hallinta\/wp-content\/uploads\/2023\/06\/milan-perehen-paiva_sanasto_valmis.pdf\" target=\"_blank\" rel=\"noopener\">linkki sanastoon<\/a><\/p>\n\n\n\n<p>31.3.2023 <strong>Pereh- da ukonkuarisanasto (suomi-suvikarjala)<\/strong>: <a href=\"https:\/\/blogs.uef.fi\/karjalanelvytys\/pereh-da-ukonkuarisanasto-suomi-suvikarjala\/\">linkki sanastoon<\/a><\/p>\n\n\n\n<p>30.1.2023 <strong>Teatrusanastuo livvinkarjalakse: <\/strong><a href=\"https:\/\/blogs.uef.fi\/karjalanelvytys\/teatrusanastuo-livvinkarjalakse\/\">linkki sanastoon<\/a><\/p>\n\n\n\n<p>10.10.2022 <strong>Pereh da ukonvemmelsanasto (suomi-livvinkarjala)<\/strong>: <a href=\"https:\/\/blogs.uef.fi\/karjalanelvytys\/pereh-da-ukonvemmelsanasto-suomi-livvinkarjala\/\">linkki sanastoon<\/a><\/p>\n\n\n\n<p>23.9.2022 <strong>V\u00e4rit (suomi-vienankarjala)<\/strong>: <a href=\"https:\/\/blogs.uef.fi\/karjalanelvytys\/varit-suomi-vienankarjala\/\">linkki sanastoon<\/a><\/p>\n\n\n\n<p>24.8.2022 <strong>Lukusanat 0\u201310 eri murteilla<\/strong>: <a href=\"https:\/\/blogs.uef.fi\/karjalanelvytys\/numeralit-lukusanat-numerualat-lugusanat-numerualat-lugusanat\/\">linkki sanastoon<\/a><\/p>\n\n\n\n<p>8.5.2022 <strong>Tervehdyksi\u00e4 karjalaksi (vienankarjala-etel\u00e4karjala-livvinkarjala): <\/strong><a href=\"https:\/\/blogs.uef.fi\/karjalanelvytys\/tervehdyksia-karjalaksi\/\">linkki sanastoon<\/a><\/p>\n\n\n\n<p>29.4.2022 <strong>Vappusanasto (suomi-vienankarjala)<\/strong>: <a href=\"https:\/\/blogs.uef.fi\/karjalanelvytys\/vappuun-liittyva-sanasto-suomi-vienankarjala\/\">linkki sanastoon<\/a><\/p>\n\n\n\n<p>14.4.2022 <strong>P\u00e4\u00e4si\u00e4issanasto (etel\u00e4karjala-suomi)<\/strong>: <a href=\"https:\/\/blogs.uef.fi\/karjalanelvytys\/aijahpaivah-liittyja-sanasto-suvikarjala-suomi\/\">linkki sanastoon<\/a><\/p>\n\n\n\n<p>7.4.2022 <strong>P\u00e4\u00e4si\u00e4issanasto<\/strong>&nbsp;<strong>(vienankarjala-suomi)<\/strong>: <a href=\"https:\/\/blogs.uef.fi\/karjalanelvytys\/paasiaissanasto-vienankarjala-suomi\/\">linkki sanastoon<\/a><\/p>\n\n\n\n<p>7.3.2022 <strong>Sri\u00e4pn\u00e4t<\/strong> &#8217;leivonnaiset&#8217; <strong>(suomi-vienankarjala<\/strong>): <a href=\"https:\/\/blogs.uef.fi\/karjalanelvytys\/sriapnat-suomi-vienankarjala\/\">linkki sanastoon<\/a><\/p>\n\n\n\n<p>15.2.2022 <strong>Kuut karjalaksi<\/strong> <a href=\"https:\/\/blogs.uef.fi\/karjalanelvytys\/kuut-karjalaksi\/\">linkki sanastoon<\/a><\/p>\n\n\n\n<p>7.2.2022 <strong>Talvi\u0161ana\u0161tuo (suomi\u2013vienankarjala)<\/strong>: <a href=\"https:\/\/blogs.uef.fi\/karjalanelvytys\/talvisanasto-suomi-vienankarjala\/\">linkki \u0161ana\u0161toh<\/a><\/p>\n\n\n\n<p>24.1.2022 <strong>Yliopistoh liittyj\u00e4 sanasto (suomi\u2013suvikarjala<\/strong>): <a href=\"https:\/\/blogs.uef.fi\/karjalanelvytys\/yliopisto-suomi-suvikarjala\/\">linkki sanastoon<\/a><\/p>\n\n\n\n<p>18.10.2021 <strong>Puut suvikarjalaksi (suomi\u2013suvikarjala):<\/strong> <a href=\"https:\/\/blogs.uef.fi\/karjalanelvytys\/puut-suvikarjalaksi\/\">linkki sanastoon<\/a><\/p>\n\n\n\n<p>6.10.2021 <strong>Marjat ta niih liittyj\u00e4 \u0161ana\u0161to <\/strong><strong>(vienankarjala \u2013 suomi)<\/strong>: <a href=\"https:\/\/blogs.uef.fi\/karjalanelvytys\/marjat-ta-niih-liittyja-sanasto-vienankarjala-suomi\/\">linkki sanastoon<\/a><\/p>\n\n\n\n<p>29.9.2021 <strong>Euroopan kielten p\u00e4iv\u00e4n pieni suomi\u2013karjala-sanakirja<\/strong>: <a href=\"https:\/\/blogs.uef.fi\/karjalanelvytys\/euroopan-kielten-paivan-pieni-suomi-karjala-sanakirja\/\">linkki sanastoon<\/a><\/p>\n\n\n\n<p>20.8.2021 <strong>Marjat ja marjakasvit<\/strong> <strong>(suomi\u2013vienankarjala\u2013suvikarjala\u2013livvinkarjala\u2013ven\u00e4j\u00e4)<\/strong>: <a href=\"https:\/\/blogs.uef.fi\/karjalanelvytys\/marjat-ta-marjakasvit-marjat-da-marjakazvit-muarjat-da-muarjukazvit\/\">linkki sanastoon<\/a><\/p>\n\n\n\n<p>kes\u00e4kuu 2021 <strong>Uudissanastoa (suomi-livvinkarjala)<\/strong>: <a href=\"https:\/\/blogs.uef.fi\/karjalanelvytys\/uudissanastoa\/\">linkki sanastoon<\/a><\/p>\n\n\n\n<p>31.5.2021 <strong>Yhtehiskunnallini \u0161ana\u0161to (suomi\u2013vienankarjala)<\/strong>: <a href=\"https:\/\/blogs.uef.fi\/karjalanelvytys\/yhtehiskunnallini-sanasto-suomi-vienankarjala\/\">linkki sanastoon<\/a><\/p>\n\n\n\n<p>16.5.2021 <strong>Yhtehiskunnalline sanasto (suomi\u2013suvikarjala)<\/strong>:<a href=\"https:\/\/blogs.uef.fi\/karjalanelvytys\/yhtehiskunnalline-sanasto-suomi-suvikarjala\/\"> linkki sanastoon<\/a><\/p>\n\n\n\n<p>6.5.2021 <strong>\u00c4itienp\u00e4iv\u00e4sanastoa<\/strong>: <a href=\"https:\/\/blogs.uef.fi\/karjalanelvytys\/aitienpaivasanastoa\/\">linkki sanastoon<\/a><\/p>\n\n\n\n<p>4.5.2021 <strong>Lap\u0161enkielen \u0161ana\u0161to (vienankarjala\u2013suomi)<\/strong>: <a href=\"https:\/\/blogs.uef.fi\/karjalanelvytys\/lapsenkielen-sanasto-vienankarjala\/\">linkki sanastoon<\/a><\/p>\n","protected":false},"excerpt":{"rendered":"<p>T\u00e4l sivul julguammo sanastojoukon ker\u00e4ttyy da luajittuu sanastuo eriluaduzis tiemois. 25.2.2026 Manklauvundasanasto (suomi\u2013vienankarjala\u2013suvikarjala\u2013livvinkarjala): linkki 18.2.2026 Tikutanta\u0161ana\u0161to (suomi\u2013vienankarjala): linkki 19.12.2025 Ro\u0161tuon\u0161ana\u0161to (vienankarjala\u2013suomi): linkki 5.12.2025 Kisa\u0161ana\u0161to \u2013 Kizasanasto \u2013 Ki\u017easanasto (suomi\u2013vienankarjala\u2013suvikarjala\u2013livvinkarjala): linkki 4.8.2025 Aigasanasto (suomi\u2013suvikarjala): linkki 16.6.2025&nbsp;Lindusanasto (suomi\u2013suvikarjala): linkki 29.1.2025 Karjalan opastundan sanasto (suomi\u2013vienankarjala\u2013suvikarjala\u2013livvinkarjala): linkki sanastoon 5.12.2024 Pieni i\u010d\u010den\u00e4zysp\u00e4iv\u00e4n sanasto (vienankarjala\u2013suvikarjala\u2013livvinkarjala\u2013suomi): linkki sanastoon 2.12.2024 Ra\u0161tavankukat (suomi\u2013suvikarjala): linkki [&hellip;]<\/p>\n","protected":false},"author":419,"featured_media":0,"parent":0,"menu_order":0,"comment_status":"closed","ping_status":"closed","template":"","meta":{"_acf_changed":false,"footnotes":""},"class_list":["post-886","page","type-page","status-publish","hentry"],"acf":[],"yoast_head":"<!-- This site is optimized with the Yoast SEO plugin v27.1.1 - https:\/\/yoast.com\/product\/yoast-seo-wordpress\/ -->\n<title>Sanastoryhm\u00e4n sanastoja - Karjalan kielen elvytt\u00e4minen<\/title>\n<meta name=\"robots\" content=\"index, follow, max-snippet:-1, max-image-preview:large, max-video-preview:-1\" \/>\n<link rel=\"canonical\" href=\"https:\/\/blogs.uef.fi\/karjalanelvytys\/sanastoryhman-sanastoja\/\" \/>\n<meta property=\"og:locale\" content=\"fi_FI\" \/>\n<meta property=\"og:type\" content=\"article\" \/>\n<meta property=\"og:title\" content=\"Sanastoryhm\u00e4n sanastoja - Karjalan kielen elvytt\u00e4minen\" \/>\n<meta property=\"og:description\" content=\"T\u00e4l sivul julguammo sanastojoukon ker\u00e4ttyy da luajittuu sanastuo eriluaduzis tiemois. 25.2.2026 Manklauvundasanasto (suomi\u2013vienankarjala\u2013suvikarjala\u2013livvinkarjala): linkki 18.2.2026 Tikutanta\u0161ana\u0161to (suomi\u2013vienankarjala): linkki 19.12.2025 Ro\u0161tuon\u0161ana\u0161to (vienankarjala\u2013suomi): linkki 5.12.2025 Kisa\u0161ana\u0161to \u2013 Kizasanasto \u2013 Ki\u017easanasto (suomi\u2013vienankarjala\u2013suvikarjala\u2013livvinkarjala): linkki 4.8.2025 Aigasanasto (suomi\u2013suvikarjala): linkki 16.6.2025&nbsp;Lindusanasto (suomi\u2013suvikarjala): linkki 29.1.2025 Karjalan opastundan sanasto (suomi\u2013vienankarjala\u2013suvikarjala\u2013livvinkarjala): linkki sanastoon 5.12.2024 Pieni i\u010d\u010den\u00e4zysp\u00e4iv\u00e4n sanasto (vienankarjala\u2013suvikarjala\u2013livvinkarjala\u2013suomi): linkki sanastoon 2.12.2024 Ra\u0161tavankukat (suomi\u2013suvikarjala): linkki [&hellip;]\" \/>\n<meta property=\"og:url\" content=\"https:\/\/blogs.uef.fi\/karjalanelvytys\/sanastoryhman-sanastoja\/\" \/>\n<meta property=\"og:site_name\" content=\"Karjalan kielen elvytt\u00e4minen\" \/>\n<meta property=\"article:modified_time\" content=\"2026-02-25T08:21:42+00:00\" \/>\n<meta name=\"twitter:card\" content=\"summary_large_image\" \/>\n<meta name=\"twitter:label1\" content=\"Arvioitu lukuaika\" \/>\n\t<meta name=\"twitter:data1\" content=\"2 minuuttia\" \/>\n<script type=\"application\/ld+json\" class=\"yoast-schema-graph\">{\"@context\":\"https:\/\/schema.org\",\"@graph\":[{\"@type\":\"WebPage\",\"@id\":\"https:\/\/blogs.uef.fi\/karjalanelvytys\/sanastoryhman-sanastoja\/\",\"url\":\"https:\/\/blogs.uef.fi\/karjalanelvytys\/sanastoryhman-sanastoja\/\",\"name\":\"Sanastoryhm\u00e4n sanastoja - Karjalan kielen elvytt\u00e4minen\",\"isPartOf\":{\"@id\":\"https:\/\/blogs.uef.fi\/karjalanelvytys\/#website\"},\"datePublished\":\"2021-07-01T05:59:53+00:00\",\"dateModified\":\"2026-02-25T08:21:42+00:00\",\"breadcrumb\":{\"@id\":\"https:\/\/blogs.uef.fi\/karjalanelvytys\/sanastoryhman-sanastoja\/#breadcrumb\"},\"inLanguage\":\"fi\",\"potentialAction\":[{\"@type\":\"ReadAction\",\"target\":[\"https:\/\/blogs.uef.fi\/karjalanelvytys\/sanastoryhman-sanastoja\/\"]}]},{\"@type\":\"BreadcrumbList\",\"@id\":\"https:\/\/blogs.uef.fi\/karjalanelvytys\/sanastoryhman-sanastoja\/#breadcrumb\",\"itemListElement\":[{\"@type\":\"ListItem\",\"position\":1,\"name\":\"Home\",\"item\":\"https:\/\/blogs.uef.fi\/karjalanelvytys\/\"},{\"@type\":\"ListItem\",\"position\":2,\"name\":\"Sanastoryhm\u00e4n sanastoja\"}]},{\"@type\":\"WebSite\",\"@id\":\"https:\/\/blogs.uef.fi\/karjalanelvytys\/#website\",\"url\":\"https:\/\/blogs.uef.fi\/karjalanelvytys\/\",\"name\":\"Karjalan kielen elvytt\u00e4minen\",\"description\":\"\",\"potentialAction\":[{\"@type\":\"SearchAction\",\"target\":{\"@type\":\"EntryPoint\",\"urlTemplate\":\"https:\/\/blogs.uef.fi\/karjalanelvytys\/?s={search_term_string}\"},\"query-input\":{\"@type\":\"PropertyValueSpecification\",\"valueRequired\":true,\"valueName\":\"search_term_string\"}}],\"inLanguage\":\"fi\"}]}<\/script>\n<!-- \/ Yoast SEO plugin. -->","yoast_head_json":{"title":"Sanastoryhm\u00e4n sanastoja - Karjalan kielen elvytt\u00e4minen","robots":{"index":"index","follow":"follow","max-snippet":"max-snippet:-1","max-image-preview":"max-image-preview:large","max-video-preview":"max-video-preview:-1"},"canonical":"https:\/\/blogs.uef.fi\/karjalanelvytys\/sanastoryhman-sanastoja\/","og_locale":"fi_FI","og_type":"article","og_title":"Sanastoryhm\u00e4n sanastoja - Karjalan kielen elvytt\u00e4minen","og_description":"T\u00e4l sivul julguammo sanastojoukon ker\u00e4ttyy da luajittuu sanastuo eriluaduzis tiemois. 25.2.2026 Manklauvundasanasto (suomi\u2013vienankarjala\u2013suvikarjala\u2013livvinkarjala): linkki 18.2.2026 Tikutanta\u0161ana\u0161to (suomi\u2013vienankarjala): linkki 19.12.2025 Ro\u0161tuon\u0161ana\u0161to (vienankarjala\u2013suomi): linkki 5.12.2025 Kisa\u0161ana\u0161to \u2013 Kizasanasto \u2013 Ki\u017easanasto (suomi\u2013vienankarjala\u2013suvikarjala\u2013livvinkarjala): linkki 4.8.2025 Aigasanasto (suomi\u2013suvikarjala): linkki 16.6.2025&nbsp;Lindusanasto (suomi\u2013suvikarjala): linkki 29.1.2025 Karjalan opastundan sanasto (suomi\u2013vienankarjala\u2013suvikarjala\u2013livvinkarjala): linkki sanastoon 5.12.2024 Pieni i\u010d\u010den\u00e4zysp\u00e4iv\u00e4n sanasto (vienankarjala\u2013suvikarjala\u2013livvinkarjala\u2013suomi): linkki sanastoon 2.12.2024 Ra\u0161tavankukat (suomi\u2013suvikarjala): linkki [&hellip;]","og_url":"https:\/\/blogs.uef.fi\/karjalanelvytys\/sanastoryhman-sanastoja\/","og_site_name":"Karjalan kielen elvytt\u00e4minen","article_modified_time":"2026-02-25T08:21:42+00:00","twitter_card":"summary_large_image","twitter_misc":{"Arvioitu lukuaika":"2 minuuttia"},"schema":{"@context":"https:\/\/schema.org","@graph":[{"@type":"WebPage","@id":"https:\/\/blogs.uef.fi\/karjalanelvytys\/sanastoryhman-sanastoja\/","url":"https:\/\/blogs.uef.fi\/karjalanelvytys\/sanastoryhman-sanastoja\/","name":"Sanastoryhm\u00e4n sanastoja - Karjalan kielen elvytt\u00e4minen","isPartOf":{"@id":"https:\/\/blogs.uef.fi\/karjalanelvytys\/#website"},"datePublished":"2021-07-01T05:59:53+00:00","dateModified":"2026-02-25T08:21:42+00:00","breadcrumb":{"@id":"https:\/\/blogs.uef.fi\/karjalanelvytys\/sanastoryhman-sanastoja\/#breadcrumb"},"inLanguage":"fi","potentialAction":[{"@type":"ReadAction","target":["https:\/\/blogs.uef.fi\/karjalanelvytys\/sanastoryhman-sanastoja\/"]}]},{"@type":"BreadcrumbList","@id":"https:\/\/blogs.uef.fi\/karjalanelvytys\/sanastoryhman-sanastoja\/#breadcrumb","itemListElement":[{"@type":"ListItem","position":1,"name":"Home","item":"https:\/\/blogs.uef.fi\/karjalanelvytys\/"},{"@type":"ListItem","position":2,"name":"Sanastoryhm\u00e4n sanastoja"}]},{"@type":"WebSite","@id":"https:\/\/blogs.uef.fi\/karjalanelvytys\/#website","url":"https:\/\/blogs.uef.fi\/karjalanelvytys\/","name":"Karjalan kielen elvytt\u00e4minen","description":"","potentialAction":[{"@type":"SearchAction","target":{"@type":"EntryPoint","urlTemplate":"https:\/\/blogs.uef.fi\/karjalanelvytys\/?s={search_term_string}"},"query-input":{"@type":"PropertyValueSpecification","valueRequired":true,"valueName":"search_term_string"}}],"inLanguage":"fi"}]}},"_links":{"self":[{"href":"https:\/\/blogs.uef.fi\/karjalanelvytys\/wp-json\/wp\/v2\/pages\/886","targetHints":{"allow":["GET"]}}],"collection":[{"href":"https:\/\/blogs.uef.fi\/karjalanelvytys\/wp-json\/wp\/v2\/pages"}],"about":[{"href":"https:\/\/blogs.uef.fi\/karjalanelvytys\/wp-json\/wp\/v2\/types\/page"}],"author":[{"embeddable":true,"href":"https:\/\/blogs.uef.fi\/karjalanelvytys\/wp-json\/wp\/v2\/users\/419"}],"replies":[{"embeddable":true,"href":"https:\/\/blogs.uef.fi\/karjalanelvytys\/wp-json\/wp\/v2\/comments?post=886"}],"version-history":[{"count":2,"href":"https:\/\/blogs.uef.fi\/karjalanelvytys\/wp-json\/wp\/v2\/pages\/886\/revisions"}],"predecessor-version":[{"id":23481,"href":"https:\/\/blogs.uef.fi\/karjalanelvytys\/wp-json\/wp\/v2\/pages\/886\/revisions\/23481"}],"wp:attachment":[{"href":"https:\/\/blogs.uef.fi\/karjalanelvytys\/wp-json\/wp\/v2\/media?parent=886"}],"curies":[{"name":"wp","href":"https:\/\/api.w.org\/{rel}","templated":true}]}}