{"id":8755,"date":"2023-01-30T09:43:50","date_gmt":"2023-01-30T07:43:50","guid":{"rendered":"https:\/\/blogs.uef.fi\/karjalanelvytys\/?page_id=8755"},"modified":"2023-01-30T09:43:50","modified_gmt":"2023-01-30T07:43:50","slug":"teatrusanastuo-livvinkarjalakse","status":"publish","type":"page","link":"https:\/\/blogs.uef.fi\/karjalanelvytys\/teatrusanastuo-livvinkarjalakse\/","title":{"rendered":"Teatrusanastuo livvinkarjalakse"},"content":{"rendered":"<p><strong>Teatrusanastuo, suomi-livvinkarjala<\/strong><\/p>\n<p><strong>Luajittih<\/strong>: Timoi Munne (pi\u00e4luadii) da Natalia Giloeva<\/p>\n<p>aplodit &#8211; aplodit<\/p>\n<p>blackout &#8211; pimei<\/p>\n<p>dialogi &#8211; dialogu, vuoropagin<\/p>\n<p>draama &#8211; druamu<\/p>\n<p>dramaattinen &#8211; druamalline<\/p>\n<p>dramaturgi &#8211; dramaturgu<\/p>\n<p>ele &#8211; eleh, \u017eestu<\/p>\n<p>elekieli &#8211; elehkieli, \u017eestukieli<\/p>\n<p>ennakkon\u00e4yt\u00e4nt\u00f6 &#8211; ennakko-ozutus<\/p>\n<p>ensemble &#8211; ensembl&#8217;u<\/p>\n<p>ensi-ilta &#8211; enzi-ildu<\/p>\n<p>esiintymisasu &#8211; ozutussovat, ozutusruutat<\/p>\n<p>epilogi &#8211; epilougu<\/p>\n<p>episodi &#8211; epizoudu<\/p>\n<p>erikoistehosteet &#8211; eri\u010dyseffektat, eri\u010dystehostehet<\/p>\n<p>esirippu &#8211; ezizuanavessu, ezirippu<\/p>\n<p>esitys &#8211; ozutus<\/p>\n<p>esityskausi &#8211; ozutus-, ozutelmuperiodu<\/p>\n<p>etun\u00e4ytt\u00e4m\u00f6 &#8211; edun\u00e4ytt\u00e4m\u00f6, -ozuttamo<\/p>\n<p>farssi &#8211; farsu<\/p>\n<p>harjoitella &#8211; harjaitella, repetiiruija<\/p>\n<p>harjoitus &#8211; harjaitus, repeticii<\/p>\n<p>himmennin &#8211; pimetin<\/p>\n<p>improvisaatio &#8211; improvisiirui\u010dendu, improviziirui\u010dus<\/p>\n<p>improvisoida &#8211; improviziiruija<\/p>\n<p>ironia &#8211; irounii<\/p>\n<p>iskurepliikki &#8211; i\u0161kurepliekku<\/p>\n<p>juonenkuljetus &#8211; juondehenviendy, -kulletus<\/p>\n<p>juonenk\u00e4\u00e4nne &#8211; juondehenki\u00e4nn\u00e4lmys<\/p>\n<p>juoni &#8211; juonneh (taiv. juondehen: kui vanneh &#8211; vandehen)<\/p>\n<p>j\u00e4rjest\u00e4j\u00e4 &#8211; pid\u00e4i, organizui\u010d\u010dii<\/p>\n<p>kantaesitys &#8211; kanduozutus<\/p>\n<p>katharsis &#8211; katarsissu<\/p>\n<p>kenraaliharjoitus &#8211; general&#8217;noi harjaitus, j\u00e4lgim\u00e4ine pi\u00e4harjaitus<\/p>\n<p>kes\u00e4teatteri &#8211; kez\u00e4teatru<\/p>\n<p>klassikko &#8211; klassikku<\/p>\n<p>klovneria &#8211; klounerii<\/p>\n<p>klovni &#8211; klounu<\/p>\n<p>kohtaus &#8211; epizoudu<\/p>\n<p>komedia &#8211; komedii<\/p>\n<p>koreografi &#8211; horeogruafii<\/p>\n<p>koreografia &#8211; horeogruafu<\/p>\n<p>kuiskaaja &#8211; \u0161upattai, kuiskuaju<\/p>\n<p>kulissi &#8211; kulissu<\/p>\n<p>kulissi &#8211; kulissu<\/p>\n<p>kuoro &#8211; hora<\/p>\n<p>k\u00e4sikirjoittaja &#8211; k\u00e4zikirjuttai<\/p>\n<p>k\u00e4sikirjoitus &#8211; k\u00e4zikirjutus<\/p>\n<p>laulaa &#8211; pajattua<\/p>\n<p>laulaja &#8211; pajattai<\/p>\n<p>laulu &#8211; pajo<\/p>\n<p>lava &#8211; estruadu, lava<\/p>\n<p>lavastaa &#8211; dekoriiruija<\/p>\n<p>lavastaja &#8211; dekoriirui\u010d\u010dii<\/p>\n<p>lavastamo &#8211; lavastamo<\/p>\n<p>lavastus &#8211; dekoracii<\/p>\n<p>lavastussuunnittelu &#8211; dekoracieloin planiirui\u010dendu<\/p>\n<p>loppuratkaisu &#8211; lopulline pi\u00e4t\u00f6s<\/p>\n<p>l\u00e4pimeno &#8211; l\u00e4bimeno, l\u00e4bimenendy<\/p>\n<p>maskeeraus &#8211; griimu, maskui\u010dendu<\/p>\n<p>maski (naamio) &#8211; masku<\/p>\n<p>miiminen &#8211; miimine<\/p>\n<p>mimiikka &#8211; miimiekku<\/p>\n<p>monologi &#8211; monolougu<\/p>\n<p>musikaali &#8211; muuzikkuspektakli, m&#8217;uuziklu<\/p>\n<p>narikka &#8211; sobavuarnakko<\/p>\n<p>nukketeatteri &#8211; tyttiteatru<\/p>\n<p>n\u00e4ytell\u00e4 &#8211; ozutella<\/p>\n<p>n\u00e4ytelm\u00e4 &#8211; ozutelmu, spektakli<\/p>\n<p>n\u00e4ytelm\u00e4kirjailija &#8211; ozutelmankirjuttai<\/p>\n<p>n\u00e4yttelij\u00e4 &#8211; ozuttelii, artistu<\/p>\n<p>n\u00e4yttelij\u00e4l\u00e4mpi\u00f6 &#8211; ozuttelijoin vuotanduzualu libo vuotanduperti<\/p>\n<p>n\u00e4ytt\u00e4m\u00f6 &#8211; ozuttamo<\/p>\n<p>n\u00e4ytt\u00e4m\u00f6mestari &#8211; ozuttamomuasteri<\/p>\n<p>n\u00e4ytt\u00e4m\u00f6taide &#8211; ozutandutaido<\/p>\n<p>n\u00e4yt\u00e4nt\u00f6 &#8211; spektakli, ozutus<\/p>\n<p>n\u00e4yt\u00f6s &#8211; spektaklin oza libo vuitti<\/p>\n<p>ohjaaja &#8211; ohjuaju, re\u017eiss&#8217;ouru<\/p>\n<p>ohjata &#8211; ohjata, re\u017eissiiruija<\/p>\n<p>ohjaus &#8211; ohjuandu, re\u017eissiirui\u010dendu<\/p>\n<p>orkesteri &#8211; orkestru<\/p>\n<p>pantomiimi &#8211; pantomiimu<\/p>\n<p>parenteesi &#8211; parentiezu<\/p>\n<p>parodia &#8211; paroudii<\/p>\n<p>parvi &#8211; parvi<\/p>\n<p>permanto &#8211; parter(u)<\/p>\n<p>plari &#8211; k\u00e4zikirjutus<\/p>\n<p>produktio (tuotanto) &#8211; tuotando<\/p>\n<p>prologi &#8211; prolougu, algusanat<\/p>\n<p>puhe &#8211; pagin<\/p>\n<p>puhen\u00e4ytelm\u00e4 &#8211; paginozutelmu<\/p>\n<p>puku &#8211; kost&#8217;jumu, ruutat, kost&#8217;umsovat<\/p>\n<p>pukusuunnittelija &#8211; kost&#8217;umanplanirui\u010d\u010dii, kost&#8217;um(an)dizaineru<\/p>\n<p>pukusuunnittelu &#8211; kost&#8217;umanplanirui\u010dendu, kost&#8217;um(an)dizainu<\/p>\n<p>puvustaa &#8211; kost&#8217;umiiruija<\/p>\n<p>puvustaja &#8211; kost&#8217;umiirui\u010d\u010dii<\/p>\n<p>puvustamo &#8211; kost&#8217;umerii<\/p>\n<p>puvusto &#8211; kost&#8217;umisto, kost&#8217;umat<\/p>\n<p>p\u00e4\u00e4osa &#8211; pi\u00e4rouli<\/p>\n<p>ramppi &#8211; rampu<\/p>\n<p>ramppikuume &#8211; rampuvaravo<\/p>\n<p>repliikki &#8211; repliekku<\/p>\n<p>revyy &#8211; revyy<\/p>\n<p>rooli &#8211; rouli<\/p>\n<p>rooliasu &#8211; roulisovat<\/p>\n<p>roolitus &#8211; roulittamine, roulitandu<\/p>\n<p>sali &#8211; zualu<\/p>\n<p>satiiri &#8211; satiiru<\/p>\n<p>sivun\u00e4ytt\u00e4m\u00f6 &#8211; sivuozuttamo, bokkuozuttamo<\/p>\n<p>sivurooli &#8211; sivurouli<\/p>\n<p>s\u00e4vellys &#8211; s\u00e4veldys<\/p>\n<p>s\u00e4velt\u00e4j\u00e4 &#8211; s\u00e4veld\u00e4i, kompoziittoru<\/p>\n<p>s\u00e4velt\u00e4\u00e4 &#8211; s\u00e4veldi\u00e4, kirjuttua muuzikkua<\/p>\n<p>takan\u00e4ytt\u00e4m\u00f6 &#8211; tagaozuttamo<\/p>\n<p>tarpeisto (rekvisiitta) &#8211; rekviziittu<\/p>\n<p>teatraalinen &#8211; teatrualline<\/p>\n<p>teatteri &#8211; teatru<\/p>\n<p>teatterikiinnitys &#8211; teatrukiinnitys<\/p>\n<p>teatteriryhm\u00e4 &#8211; teatrujoukko<\/p>\n<p>tragedia &#8211; tragedii<\/p>\n<p>tragikomedia &#8211; tragikomedii<\/p>\n<p>ulkon\u00e4ytt\u00e4m\u00f6 &#8211; ulgo-ozuttamo<\/p>\n<p>vaihto (esim. kohtauksen tai lavastuksen vaihto) &#8211; vaihto, vaihtandu<\/p>\n<p>valosansas (trussi) &#8211; tulijalustu<\/p>\n<p>valonheitin &#8211; tulenlykitin<\/p>\n<p>valopesu &#8211; tulipezo<\/p>\n<p>valosuunnittelu &#8211; tuliplanirui\u010dendu<\/p>\n<p>valotilanne &#8211; tulitilandeh<\/p>\n<p>valot &#8211; tulet, valot<\/p>\n<p>vieraileva n\u00e4yttelij\u00e4 (vierailija) &#8211; gostii ozuttelii, gost&#8217;uozuttelii<\/p>\n<p>vierailuesitys &#8211; gost&#8217;uozutus<\/p>\n<p>vuorosanat &#8211; vuoropaginat, repliekat<\/p>\n<p>v\u00e4liaika &#8211; v\u00e4liaigu<\/p>\n<p>v\u00e4liaplodit &#8211; v\u00e4liaplodit<\/p>\n<p>yhteistuotanto &#8211; yhtehine tuotando<\/p>\n<p>yleis\u00f6 &#8211; ka\u010d\u010dojat, rahvas, yleiz\u00f6<\/p>\n<p>yleis\u00f6l\u00e4mpi\u00f6 &#8211; rahvahan vuotanduzualu libo vuotanduperti<\/p>\n<div id=\"attachment_8758\" style=\"width: 302px\" class=\"wp-caption alignleft\"><img loading=\"lazy\" decoding=\"async\" aria-describedby=\"caption-attachment-8758\" class=\"size-medium wp-image-8758\" src=\"https:\/\/blogs.uef.fi\/karjalanelvytys\/wp-content\/uploads\/sites\/155\/2023\/01\/teatrusanastuoPixabay-292x300.png\" alt=\"\" width=\"292\" height=\"300\" srcset=\"https:\/\/blogs.uef.fi\/karjalanelvytys\/wp-content\/uploads\/sites\/155\/2023\/01\/teatrusanastuoPixabay-292x300.png 292w, https:\/\/blogs.uef.fi\/karjalanelvytys\/wp-content\/uploads\/sites\/155\/2023\/01\/teatrusanastuoPixabay.png 701w\" sizes=\"auto, (max-width: 292px) 100vw, 292px\" \/><p id=\"caption-attachment-8758\" class=\"wp-caption-text\">Kuva: Pixabay<\/p><\/div>\n","protected":false},"excerpt":{"rendered":"<p>Teatrusanastuo, suomi-livvinkarjala Luajittih: Timoi Munne (pi\u00e4luadii) da Natalia Giloeva aplodit &#8211; aplodit blackout &#8211; pimei dialogi &#8211; dialogu, vuoropagin draama &#8211; druamu dramaattinen &#8211; druamalline dramaturgi &#8211; dramaturgu ele &#8211; eleh, \u017eestu elekieli &#8211; elehkieli, \u017eestukieli ennakkon\u00e4yt\u00e4nt\u00f6 &#8211; ennakko-ozutus ensemble &#8211; ensembl&#8217;u ensi-ilta &#8211; enzi-ildu esiintymisasu &#8211; ozutussovat, ozutusruutat epilogi &#8211; epilougu episodi &#8211; epizoudu [&hellip;]<\/p>\n","protected":false},"author":580,"featured_media":0,"parent":0,"menu_order":0,"comment_status":"closed","ping_status":"closed","template":"","meta":{"_acf_changed":false,"footnotes":""},"class_list":["post-8755","page","type-page","status-publish","hentry"],"acf":[],"yoast_head":"<!-- This site is optimized with the Yoast SEO plugin v27.3 - https:\/\/yoast.com\/product\/yoast-seo-wordpress\/ -->\n<title>Teatrusanastuo livvinkarjalakse - Karjalan kielen elvytt\u00e4minen<\/title>\n<meta name=\"robots\" content=\"index, follow, max-snippet:-1, max-image-preview:large, max-video-preview:-1\" \/>\n<link rel=\"canonical\" href=\"https:\/\/blogs.uef.fi\/karjalanelvytys\/teatrusanastuo-livvinkarjalakse\/\" \/>\n<meta property=\"og:locale\" content=\"fi_FI\" \/>\n<meta property=\"og:type\" content=\"article\" \/>\n<meta property=\"og:title\" content=\"Teatrusanastuo livvinkarjalakse - Karjalan kielen elvytt\u00e4minen\" \/>\n<meta property=\"og:description\" content=\"Teatrusanastuo, suomi-livvinkarjala Luajittih: Timoi Munne (pi\u00e4luadii) da Natalia Giloeva aplodit &#8211; aplodit blackout &#8211; pimei dialogi &#8211; dialogu, vuoropagin draama &#8211; druamu dramaattinen &#8211; druamalline dramaturgi &#8211; dramaturgu ele &#8211; eleh, \u017eestu elekieli &#8211; elehkieli, \u017eestukieli ennakkon\u00e4yt\u00e4nt\u00f6 &#8211; ennakko-ozutus ensemble &#8211; ensembl&#8217;u ensi-ilta &#8211; enzi-ildu esiintymisasu &#8211; ozutussovat, ozutusruutat epilogi &#8211; epilougu episodi &#8211; epizoudu [&hellip;]\" \/>\n<meta property=\"og:url\" content=\"https:\/\/blogs.uef.fi\/karjalanelvytys\/teatrusanastuo-livvinkarjalakse\/\" \/>\n<meta property=\"og:site_name\" content=\"Karjalan kielen elvytt\u00e4minen\" \/>\n<meta property=\"og:image\" content=\"https:\/\/blogs.uef.fi\/karjalanelvytys\/wp-content\/uploads\/sites\/155\/2023\/01\/teatrusanastuoPixabay-292x300.png\" \/>\n<meta name=\"twitter:card\" content=\"summary_large_image\" \/>\n<meta name=\"twitter:label1\" content=\"Arvioitu lukuaika\" \/>\n\t<meta name=\"twitter:data1\" content=\"3 minuuttia\" \/>\n<script type=\"application\/ld+json\" class=\"yoast-schema-graph\">{\"@context\":\"https:\\\/\\\/schema.org\",\"@graph\":[{\"@type\":\"WebPage\",\"@id\":\"https:\\\/\\\/blogs.uef.fi\\\/karjalanelvytys\\\/teatrusanastuo-livvinkarjalakse\\\/\",\"url\":\"https:\\\/\\\/blogs.uef.fi\\\/karjalanelvytys\\\/teatrusanastuo-livvinkarjalakse\\\/\",\"name\":\"Teatrusanastuo livvinkarjalakse - Karjalan kielen elvytt\u00e4minen\",\"isPartOf\":{\"@id\":\"https:\\\/\\\/blogs.uef.fi\\\/karjalanelvytys\\\/#website\"},\"primaryImageOfPage\":{\"@id\":\"https:\\\/\\\/blogs.uef.fi\\\/karjalanelvytys\\\/teatrusanastuo-livvinkarjalakse\\\/#primaryimage\"},\"image\":{\"@id\":\"https:\\\/\\\/blogs.uef.fi\\\/karjalanelvytys\\\/teatrusanastuo-livvinkarjalakse\\\/#primaryimage\"},\"thumbnailUrl\":\"https:\\\/\\\/blogs.uef.fi\\\/karjalanelvytys\\\/wp-content\\\/uploads\\\/sites\\\/155\\\/2023\\\/01\\\/teatrusanastuoPixabay-292x300.png\",\"datePublished\":\"2023-01-30T07:43:50+00:00\",\"breadcrumb\":{\"@id\":\"https:\\\/\\\/blogs.uef.fi\\\/karjalanelvytys\\\/teatrusanastuo-livvinkarjalakse\\\/#breadcrumb\"},\"inLanguage\":\"fi\",\"potentialAction\":[{\"@type\":\"ReadAction\",\"target\":[\"https:\\\/\\\/blogs.uef.fi\\\/karjalanelvytys\\\/teatrusanastuo-livvinkarjalakse\\\/\"]}]},{\"@type\":\"ImageObject\",\"inLanguage\":\"fi\",\"@id\":\"https:\\\/\\\/blogs.uef.fi\\\/karjalanelvytys\\\/teatrusanastuo-livvinkarjalakse\\\/#primaryimage\",\"url\":\"https:\\\/\\\/blogs.uef.fi\\\/karjalanelvytys\\\/wp-content\\\/uploads\\\/sites\\\/155\\\/2023\\\/01\\\/teatrusanastuoPixabay.png\",\"contentUrl\":\"https:\\\/\\\/blogs.uef.fi\\\/karjalanelvytys\\\/wp-content\\\/uploads\\\/sites\\\/155\\\/2023\\\/01\\\/teatrusanastuoPixabay.png\",\"width\":701,\"height\":720,\"caption\":\"Kuva: Pixabay\"},{\"@type\":\"BreadcrumbList\",\"@id\":\"https:\\\/\\\/blogs.uef.fi\\\/karjalanelvytys\\\/teatrusanastuo-livvinkarjalakse\\\/#breadcrumb\",\"itemListElement\":[{\"@type\":\"ListItem\",\"position\":1,\"name\":\"Home\",\"item\":\"https:\\\/\\\/blogs.uef.fi\\\/karjalanelvytys\\\/\"},{\"@type\":\"ListItem\",\"position\":2,\"name\":\"Teatrusanastuo livvinkarjalakse\"}]},{\"@type\":\"WebSite\",\"@id\":\"https:\\\/\\\/blogs.uef.fi\\\/karjalanelvytys\\\/#website\",\"url\":\"https:\\\/\\\/blogs.uef.fi\\\/karjalanelvytys\\\/\",\"name\":\"Karjalan kielen elvytt\u00e4minen\",\"description\":\"\",\"potentialAction\":[{\"@type\":\"SearchAction\",\"target\":{\"@type\":\"EntryPoint\",\"urlTemplate\":\"https:\\\/\\\/blogs.uef.fi\\\/karjalanelvytys\\\/?s={search_term_string}\"},\"query-input\":{\"@type\":\"PropertyValueSpecification\",\"valueRequired\":true,\"valueName\":\"search_term_string\"}}],\"inLanguage\":\"fi\"}]}<\/script>\n<!-- \/ Yoast SEO plugin. -->","yoast_head_json":{"title":"Teatrusanastuo livvinkarjalakse - Karjalan kielen elvytt\u00e4minen","robots":{"index":"index","follow":"follow","max-snippet":"max-snippet:-1","max-image-preview":"max-image-preview:large","max-video-preview":"max-video-preview:-1"},"canonical":"https:\/\/blogs.uef.fi\/karjalanelvytys\/teatrusanastuo-livvinkarjalakse\/","og_locale":"fi_FI","og_type":"article","og_title":"Teatrusanastuo livvinkarjalakse - Karjalan kielen elvytt\u00e4minen","og_description":"Teatrusanastuo, suomi-livvinkarjala Luajittih: Timoi Munne (pi\u00e4luadii) da Natalia Giloeva aplodit &#8211; aplodit blackout &#8211; pimei dialogi &#8211; dialogu, vuoropagin draama &#8211; druamu dramaattinen &#8211; druamalline dramaturgi &#8211; dramaturgu ele &#8211; eleh, \u017eestu elekieli &#8211; elehkieli, \u017eestukieli ennakkon\u00e4yt\u00e4nt\u00f6 &#8211; ennakko-ozutus ensemble &#8211; ensembl&#8217;u ensi-ilta &#8211; enzi-ildu esiintymisasu &#8211; ozutussovat, ozutusruutat epilogi &#8211; epilougu episodi &#8211; epizoudu [&hellip;]","og_url":"https:\/\/blogs.uef.fi\/karjalanelvytys\/teatrusanastuo-livvinkarjalakse\/","og_site_name":"Karjalan kielen elvytt\u00e4minen","og_image":[{"url":"https:\/\/blogs.uef.fi\/karjalanelvytys\/wp-content\/uploads\/sites\/155\/2023\/01\/teatrusanastuoPixabay-292x300.png","type":"","width":"","height":""}],"twitter_card":"summary_large_image","twitter_misc":{"Arvioitu lukuaika":"3 minuuttia"},"schema":{"@context":"https:\/\/schema.org","@graph":[{"@type":"WebPage","@id":"https:\/\/blogs.uef.fi\/karjalanelvytys\/teatrusanastuo-livvinkarjalakse\/","url":"https:\/\/blogs.uef.fi\/karjalanelvytys\/teatrusanastuo-livvinkarjalakse\/","name":"Teatrusanastuo livvinkarjalakse - Karjalan kielen elvytt\u00e4minen","isPartOf":{"@id":"https:\/\/blogs.uef.fi\/karjalanelvytys\/#website"},"primaryImageOfPage":{"@id":"https:\/\/blogs.uef.fi\/karjalanelvytys\/teatrusanastuo-livvinkarjalakse\/#primaryimage"},"image":{"@id":"https:\/\/blogs.uef.fi\/karjalanelvytys\/teatrusanastuo-livvinkarjalakse\/#primaryimage"},"thumbnailUrl":"https:\/\/blogs.uef.fi\/karjalanelvytys\/wp-content\/uploads\/sites\/155\/2023\/01\/teatrusanastuoPixabay-292x300.png","datePublished":"2023-01-30T07:43:50+00:00","breadcrumb":{"@id":"https:\/\/blogs.uef.fi\/karjalanelvytys\/teatrusanastuo-livvinkarjalakse\/#breadcrumb"},"inLanguage":"fi","potentialAction":[{"@type":"ReadAction","target":["https:\/\/blogs.uef.fi\/karjalanelvytys\/teatrusanastuo-livvinkarjalakse\/"]}]},{"@type":"ImageObject","inLanguage":"fi","@id":"https:\/\/blogs.uef.fi\/karjalanelvytys\/teatrusanastuo-livvinkarjalakse\/#primaryimage","url":"https:\/\/blogs.uef.fi\/karjalanelvytys\/wp-content\/uploads\/sites\/155\/2023\/01\/teatrusanastuoPixabay.png","contentUrl":"https:\/\/blogs.uef.fi\/karjalanelvytys\/wp-content\/uploads\/sites\/155\/2023\/01\/teatrusanastuoPixabay.png","width":701,"height":720,"caption":"Kuva: Pixabay"},{"@type":"BreadcrumbList","@id":"https:\/\/blogs.uef.fi\/karjalanelvytys\/teatrusanastuo-livvinkarjalakse\/#breadcrumb","itemListElement":[{"@type":"ListItem","position":1,"name":"Home","item":"https:\/\/blogs.uef.fi\/karjalanelvytys\/"},{"@type":"ListItem","position":2,"name":"Teatrusanastuo livvinkarjalakse"}]},{"@type":"WebSite","@id":"https:\/\/blogs.uef.fi\/karjalanelvytys\/#website","url":"https:\/\/blogs.uef.fi\/karjalanelvytys\/","name":"Karjalan kielen elvytt\u00e4minen","description":"","potentialAction":[{"@type":"SearchAction","target":{"@type":"EntryPoint","urlTemplate":"https:\/\/blogs.uef.fi\/karjalanelvytys\/?s={search_term_string}"},"query-input":{"@type":"PropertyValueSpecification","valueRequired":true,"valueName":"search_term_string"}}],"inLanguage":"fi"}]}},"_links":{"self":[{"href":"https:\/\/blogs.uef.fi\/karjalanelvytys\/wp-json\/wp\/v2\/pages\/8755","targetHints":{"allow":["GET"]}}],"collection":[{"href":"https:\/\/blogs.uef.fi\/karjalanelvytys\/wp-json\/wp\/v2\/pages"}],"about":[{"href":"https:\/\/blogs.uef.fi\/karjalanelvytys\/wp-json\/wp\/v2\/types\/page"}],"author":[{"embeddable":true,"href":"https:\/\/blogs.uef.fi\/karjalanelvytys\/wp-json\/wp\/v2\/users\/580"}],"replies":[{"embeddable":true,"href":"https:\/\/blogs.uef.fi\/karjalanelvytys\/wp-json\/wp\/v2\/comments?post=8755"}],"version-history":[{"count":1,"href":"https:\/\/blogs.uef.fi\/karjalanelvytys\/wp-json\/wp\/v2\/pages\/8755\/revisions"}],"predecessor-version":[{"id":8761,"href":"https:\/\/blogs.uef.fi\/karjalanelvytys\/wp-json\/wp\/v2\/pages\/8755\/revisions\/8761"}],"wp:attachment":[{"href":"https:\/\/blogs.uef.fi\/karjalanelvytys\/wp-json\/wp\/v2\/media?parent=8755"}],"curies":[{"name":"wp","href":"https:\/\/api.w.org\/{rel}","templated":true}]}}