{"id":8642,"date":"2023-01-20T15:32:05","date_gmt":"2023-01-20T13:32:05","guid":{"rendered":"https:\/\/blogs.uef.fi\/karjalanelvytys\/?page_id=8642"},"modified":"2025-10-21T09:21:14","modified_gmt":"2025-10-21T06:21:14","slug":"materiaalit-murteittain","status":"publish","type":"page","link":"https:\/\/blogs.uef.fi\/karjalanelvytys\/materiaalit-murteittain\/","title":{"rendered":"Materiaalit murteittain"},"content":{"rendered":"\n<p>T\u00e4lle sivulle on ker\u00e4tty elvytyshankkeen blogissa julkaistuja sanastoja, kirjoituksia ja muita materiaaleja siten, ett\u00e4 ne on esitetty murteen mukaan jaoteltuina. Sivun tarkoituksena on toimia esimerkiksi kielenopiskelun tukena ja helpottaa murteiden tunnistamista ja k\u00e4ytt\u00f6\u00e4.<\/p>\n\n\n\n<p>Sivulle ei ole listattu kaikkia elvytyshankkeen materiaaleja. Sellaiset materiaalit, joissa k\u00e4ytet\u00e4\u00e4n kaikkia murteita sekaisin tai jotka ovat huomattavan pieni\u00e4, ei ole listattu.<\/p>\n\n\n\n<h2 class=\"wp-block-heading\">Materiaalit vienankarjalaksi<\/h2>\n\n\n\n<p><a href=\"https:\/\/blogs.uef.fi\/karjalanelvytys\/varit-suomi-vienankarjala\/\">V\u00e4risanasto<\/a><\/p>\n\n\n\n<p><a href=\"https:\/\/blogs.uef.fi\/karjalanelvytys\/vappuun-liittyva-sanasto-suomi-vienankarjala\/\">Vappusanasto<\/a><\/p>\n\n\n\n<p><a href=\"https:\/\/blogs.uef.fi\/karjalanelvytys\/paasiaissanasto-vienankarjala-suomi\/\">P\u00e4\u00e4si\u00e4issanasto<\/a><\/p>\n\n\n\n<p><a href=\"https:\/\/blogs.uef.fi\/karjalanelvytys\/sriapnat-suomi-vienankarjala\/\">Leivonnaissanasto<\/a><\/p>\n\n\n\n<p><a href=\"https:\/\/blogs.uef.fi\/karjalanelvytys\/talvisanasto-suomi-vienankarjala\/\">Talvisanasto<\/a><\/p>\n\n\n\n<p><a href=\"https:\/\/blogs.uef.fi\/karjalanelvytys\/marjat-ta-niih-liittyja-sanasto-vienankarjala-suomi\/\">Marjasanasto<\/a><\/p>\n\n\n\n<p><a href=\"https:\/\/blogs.uef.fi\/karjalanelvytys\/kuvualijie-sanontoja-vienankarjalaksi-ta-niita-vastuajat-selitykset-suomeksi\/\">Sananpolvisanasto<\/a><\/p>\n\n\n\n<p><a href=\"https:\/\/blogs.uef.fi\/karjalanelvytys\/yhtehiskunnallini-sanasto-suomi-vienankarjala\/\">Yhteiskunnallinen sanasto<\/a><\/p>\n\n\n\n<p><a href=\"https:\/\/blogs.uef.fi\/karjalanelvytys\/lapsenkielen-sanasto-vienankarjala\/\">Lapsenkielen sanasto<\/a><\/p>\n\n\n\n<p><a href=\"https:\/\/blogs.uef.fi\/karjalanelvytys\/pereh-ta-ukonkuarisanasto-suomi-vienankarjala\/\">Perhe- ja sateenkaarisanasto<\/a><\/p>\n\n\n\n<p><a href=\"https:\/\/blogs.uef.fi\/karjalanelvytys\/kuvataidesanasto-suomi-vienankarjala-venaja\/\">Kuvataidesanasto<\/a><\/p>\n\n\n\n<p><a href=\"https:\/\/blogs.uef.fi\/karjalanelvytys\/urheilusanasto-sporttisanasto-vienankarjala-suomi\/\">Urheilusanasto<\/a><\/p>\n\n\n\n<p><a href=\"https:\/\/blogs.uef.fi\/karjalanelvytys\/tiijollisen-tekstin-sanasto-vienankarjalaksi\/\">Tieteellisen tekstin sanasto<\/a><\/p>\n\n\n\n<p><a href=\"https:\/\/www.karjalansivistysseura.fi\/wp-content\/uploads\/2023\/04\/milan-perehen-paiva_sanasto_valmis.pdf\">Milan perehen p\u00e4iv\u00e4n sanasto<\/a><\/p>\n\n\n\n<p><a href=\"https:\/\/blogs.uef.fi\/karjalanelvytys\/ystavanpaivan-sanasto\/\">Yst\u00e4v\u00e4np\u00e4iv\u00e4n sanasto<\/a><\/p>\n\n\n\n<p><a href=\"https:\/\/blogs.uef.fi\/karjalanelvytys\/taitonayttely-olemma-elamma-pakajamma-kieli-matkuau-mian-keralla\/\">Olemma, el\u00e4mm\u00e4, pakajamma -verkkotaiden\u00e4yttely<\/a><\/p>\n\n\n\n<p><a href=\"https:\/\/www.youtube.com\/playlist?list=PLrgeSb6T5JnBovLTQP-gIYx2z35EK_iix\">K\u00f6yk\u00e4n Outin starinoja Vuokkinieme\u0161\u0161\u00e4 vuotena 1968 -videot<\/a><\/p>\n\n\n\n<p><a href=\"https:\/\/blogs.uef.fi\/karjalanelvytys\/pirjo-liisa-kotiranta-starina-ananie-juutinpoika-klementjevista-uhtuon-likopiasta\/\">Pirjo-Liisa Kotiranta: Starina Ananie Juutinpoika Klementjevist\u00e4 Uhtuon Likopi\u00e4\u0161t\u00e4<\/a><\/p>\n\n\n\n<p><a href=\"https:\/\/blogs.uef.fi\/karjalanelvytys\/kolme-kesastarinua\/\">Pirjo-Liisa Kotiranta: Kolme kes\u00e4tarinaa<\/a><\/p>\n\n\n\n<p><a href=\"https:\/\/blogs.uef.fi\/karjalanelvytys\/mari-rajamaa-kontie-ta-repo\/\">Mari Rajamaa: Kontie ta repo<\/a><\/p>\n\n\n\n<p><a href=\"https:\/\/blogs.uef.fi\/karjalanelvytys\/pirjo-liisa-kotiranta-skokku-skokuna-laksi-muailmalla\/\">Pirjo-Liisa Kotiranta: Skokuna l\u00e4ksi muailmalla<\/a><\/p>\n\n\n\n<p><a href=\"https:\/\/blogs.uef.fi\/karjalanelvytys\/pirjo-liisa-kotiranta-muurahaini-vihmalla\/\">Pirjo-Liisa Kotiranta: Muurahaini vihmalla<\/a><\/p>\n\n\n\n<p><a href=\"https:\/\/blogs.uef.fi\/karjalanelvytys\/mari-rajamaa-tuatto-ta-porot-starina\/\">Mari Rajamaa: Tuatto ta porot<\/a><\/p>\n\n\n\n<p><a href=\"https:\/\/blogs.uef.fi\/karjalanelvytys\/opastujan-paiva-kuvina\/\">Opa\u0161tujan p\u00e4iv\u00e4 kuvina -teksti<\/a><\/p>\n\n\n\n<p><a href=\"https:\/\/blogs.uef.fi\/karjalanelvytys\/opassu-netalinpaivat-ta-lehmien-nimet-vienankarjalaksi\/\">Net\u00e4lit ta lehmien nimet vienankarjalak\u0161i<\/a><\/p>\n\n\n\n<p><a href=\"https:\/\/blogs.uef.fi\/karjalanelvytys\/wp-content\/uploads\/sites\/155\/2021\/11\/UEF_Etaopiskelun_Vinkit-2.pdf\">Et\u00e4opetusvinkit<\/a><\/p>\n\n\n\n<p><a href=\"https:\/\/blogs.uef.fi\/karjalanelvytys\/vienankarjalaini-pakinaklupi\/\">Vienankarjalaisen pakinaklupin tekstit<\/a><\/p>\n\n\n\n<p><a href=\"https:\/\/blogs.uef.fi\/karjalanelvytys\/kaco-ymparihis-ta-sanele-mita-niat-tahi-ruat-videopakinat\/\">Ka\u010do ymp\u00e4rihis ta \u0161anele mit\u00e4 ni\u00e4t tahi ruat -videopakinat<\/a><\/p>\n\n\n\n<p><a href=\"https:\/\/blogs.uef.fi\/karjalanelvytys\/opassusvideot-vienankarjala\/\">Karjalan kieli el\u00e4y -opetusvideot vienankarjalaksi<\/a><\/p>\n\n\n\n<p><a href=\"https:\/\/blogs.uef.fi\/karjalanelvytys\/luukku-8\/\">En e\u010di valtua kiiltuo -laulu<\/a><\/p>\n\n\n\n<p><a href=\"https:\/\/sites.uef.fi\/karjala\/2020\/12\/25\/luukku-25\/\">Jouluevankeliumi vienankarjalaksi<\/a><\/p>\n\n\n\n<p><a href=\"https:\/\/blogs.uef.fi\/karjalanelvytys\/novellu-ilo-jiay-kiandanyh-elena-rapa\/\">Novelli: Ilo ji\u00e4y<\/a><\/p>\n\n\n\n<p><a href=\"https:\/\/blogs.uef.fi\/karjalanelvytys\/novellu-voittaja-kiandanyh-aleksandra-soloveva\/\">Novelli: Voittaja<\/a><\/p>\n\n\n\n<p><a href=\"https:\/\/blogs.uef.fi\/karjalanelvytys\/skumbria-elena-ravan-kaannos\/\">Skumbria (Elena Ravan k\u00e4\u00e4nn\u00f6s)<\/a><\/p>\n\n\n\n<p><a href=\"https:\/\/blogs.uef.fi\/karjalanelvytys\/karjalaini-nimisto\/\">Karjalaini nimist\u00f6<\/a><\/p>\n\n\n\n<p><a href=\"https:\/\/blogs.uef.fi\/karjalanelvytys\/maitopyhalasun-kuccutekstit\/\">Ku\u010du kostih tovarissua karjalak\u0161i: Maitopyh\u00e4la\u0161un ku\u010d\u010dutekstit<\/a><\/p>\n\n\n\n<p><a href=\"https:\/\/blogs.uef.fi\/karjalanelvytys\/koti-ikava\/\">Koti-ik\u00e4v\u00e4-sarjakuva<\/a><\/p>\n\n\n\n<p><a href=\"https:\/\/blogs.uef.fi\/karjalanelvytys\/jussi-huovisen-muissolla\/\" target=\"_blank\" rel=\"noopener\">Jussi Huovisen muissolla -sivu<\/a><\/p>\n\n\n\n<h2 class=\"wp-block-heading\">Materiaalit etel\u00e4karjalaksi:<\/h2>\n\n\n\n<p><a href=\"https:\/\/blogs.uef.fi\/karjalanelvytys\/aijahpaivah-liittyja-sanasto-suvikarjala-suomi\/\">P\u00e4\u00e4si\u00e4issanasto<\/a><\/p>\n\n\n\n<p><a href=\"https:\/\/blogs.uef.fi\/karjalanelvytys\/yliopisto-suomi-suvikarjala\/\">Yliopistosanasto<\/a><\/p>\n\n\n\n<p><a href=\"https:\/\/blogs.uef.fi\/karjalanelvytys\/puut-suvikarjalaksi\/\">Puusanasto<\/a><\/p>\n\n\n\n<p><a href=\"https:\/\/blogs.uef.fi\/karjalanelvytys\/yhtehiskunnalline-sanasto-suomi-suvikarjala\/\">Yhteiskunnallinen sanasto<\/a><\/p>\n\n\n\n<p><a href=\"https:\/\/blogs.uef.fi\/karjalanelvytys\/pereh-da-ukonkuarisanasto-suomi-suvikarjala\/\">Perhe- ja sateenkaarisanasto<\/a><\/p>\n\n\n\n<p><a href=\"https:\/\/blogs.uef.fi\/karjalanelvytys\/kirjallizussanasto-suomi-suvikarjala\/\">Kirjallisuussanasto<\/a><\/p>\n\n\n\n<p><a href=\"https:\/\/blogs.uef.fi\/karjalanelvytys\/kazvossanasto-suomi-suvikarjala\/\">Kasvissanasto<\/a><\/p>\n\n\n\n<p><a href=\"https:\/\/blogs.uef.fi\/karjalanelvytys\/kylysanasto-suomi-suvikarjala\/\">Saunasanasto<\/a><\/p>\n\n\n\n<p><a href=\"https:\/\/blogs.uef.fi\/karjalanelvytys\/astiet-da-syondaneuvot-suvikarjala-suomi\/\">Astiet da sy\u00f6nd\u00e4neuvot -sanasto<\/a><\/p>\n\n\n\n<p><a href=\"https:\/\/blogs.uef.fi\/karjalanelvytys\/fruktasanasto-suomi-suvikarjala\/\">Hedelm\u00e4sanasto<\/a><\/p>\n\n\n\n<p><a href=\"https:\/\/blogs.uef.fi\/karjalanelvytys\/kalasanasto-suomi-suvikarjala\/\">Kalasanasto<\/a><\/p>\n\n\n\n<p><a href=\"https:\/\/blogs.uef.fi\/karjalanelvytys\/villasanasto-suomi-suvikarjala\/\">Viljasanasto<\/a><\/p>\n\n\n\n<p><a href=\"https:\/\/blogs.uef.fi\/karjalanelvytys\/kezasanasto-suvikarjala-suomi\/\">Kes\u00e4sanasto<\/a><\/p>\n\n\n\n<p><a href=\"https:\/\/blogs.uef.fi\/karjalanelvytys\/suomeh-liittyja-sanasto-vienankarjala-suvikarjala-livvinkarjala-suomi\/\">Suomeen liittyv\u00e4 sanasto<\/a><\/p>\n\n\n\n<p><a href=\"https:\/\/blogs.uef.fi\/karjalanelvytys\/pieni-karjalah-liittyja-sanasto-vienankarjala-suvikarjala-livvinkarjala-suomi\/\">Karjalaan liittyv\u00e4 sanasto<\/a><\/p>\n\n\n\n<p><a href=\"https:\/\/blogs.uef.fi\/karjalanelvytys\/pertit-huoneet-suvikarjala-suomi\/\">Huonesanasto<\/a><\/p>\n\n\n\n<p><a href=\"https:\/\/blogs.uef.fi\/karjalanelvytys\/suvikarjalan-opastujat-kirjutetah\/\">Suvikarjalan opastujat kirjutetah -sivu<\/a><\/p>\n\n\n\n<p><a href=\"https:\/\/blogs.uef.fi\/karjalanelvytys\/lea-tajakan-runo\/\">Lea Tajakan runo<\/a><\/p>\n\n\n\n<p><a href=\"https:\/\/blogs.uef.fi\/karjalanelvytys\/wp-content\/uploads\/sites\/155\/2022\/12\/Karjalan_Grammari_kaikella_rahvahalla_1.pdf\">Karjalan kielet ry:n tekem\u00e4 Karjalan Grammari 1<\/a><\/p>\n\n\n\n<p><a href=\"https:\/\/blogs.uef.fi\/karjalanelvytys\/wp-content\/uploads\/sites\/155\/2024\/02\/Karjalan-Grammari_kaikella-rahvahalla-2-Muoto-oppi-1.pdf\">Karjalan kielet ry:n tekem\u00e4 Karjalan Grammari 2<\/a><\/p>\n\n\n\n<p><a href=\"https:\/\/blogs.uef.fi\/karjalanelvytys\/katerina-da-misa-opassetah-suvikarjalua\/\">Katerina da Mi\u0161a opassetah suvikarjalua -videot<\/a><\/p>\n\n\n\n<p><a href=\"https:\/\/blogs.uef.fi\/karjalanelvytys\/opassusvideot-suvikarjala\/\">Karjalan kieli el\u00e4y -videot etel\u00e4karjalaksi<\/a><\/p>\n\n\n\n<p><a href=\"https:\/\/sites.uef.fi\/karjala\/2020\/12\/23\/luukku-23\/\">Joululaulut etel\u00e4karjalaksi<\/a><\/p>\n\n\n\n<p><a href=\"https:\/\/blogs.uef.fi\/karjalanelvytys\/suojarven-pitajaseuran-kokoama-naytelmatekstikorpus\/\">Suoj\u00e4rven Pit\u00e4j\u00e4seuran kokoama n\u00e4ytelm\u00e4tekstikorpus<\/a><\/p>\n\n\n\n<p><a href=\"https:\/\/blogs.uef.fi\/karjalanelvytys\/suojarven-pitajaseuran-paavo-harakan-lehtikirjoituskorpus\/\">Suoj\u00e4rven Pit\u00e4j\u00e4seuran kokoama Paavo Harakan lehtikirjoituskorpus<\/a><\/p>\n\n\n\n<p><a href=\"https:\/\/blogs.uef.fi\/karjalanelvytys\/varsinaiskarjalan-etelamurteiden-arkistonauhoitteet\/\">Arkistonauhoitteet ja litteraatit<\/a><\/p>\n\n\n\n<p><a href=\"https:\/\/blogs.uef.fi\/karjalanelvytys\/itkuvirsinauhoitteet-arkistoista\/\">Itkuvirsi\u00e4\u00e4nitteet arkistoista<\/a><\/p>\n\n\n\n<p><a href=\"https:\/\/blogs.uef.fi\/karjalanelvytys\/elain-ja-laulumonisteet-lapsille\/\">El\u00e4in- ja laulumonisteet<\/a><\/p>\n\n\n\n<p><a href=\"https:\/\/blogs.uef.fi\/karjalanelvytys\/markku-ylosen-aanitteet\/\">Markku Yl\u00f6sen \u00e4\u00e4nitteet<\/a><\/p>\n\n\n\n<p><a href=\"https:\/\/blogs.uef.fi\/karjalanelvytys\/vuotamma-aijiapaivia-kalendari\/\">Vuotamma \u00c4iji\u00e4p\u00e4ivi\u00e4 -kalendari<\/a><\/p>\n\n\n\n<p><a href=\"https:\/\/blogs.uef.fi\/karjalanelvytys\/kodi-igava\/\">Kodi-ig\u00e4v\u00e4-sarjakuva<\/a><\/p>\n\n\n\n<p><a href=\"https:\/\/blogs.uef.fi\/karjalanelvytys\/karjalankielisia-lauluja-aikuisille\/\">Karjalankielisi\u00e4 lauluja aikuisille<\/a><\/p>\n\n\n\n<p><a href=\"https:\/\/blogs.uef.fi\/karjalanelvytys\/novellu-liipukkazet-kiandanyh-eeva-manni\/\">Novelli: Liipukkazet<\/a><\/p>\n\n\n\n<p><a href=\"https:\/\/blogs.uef.fi\/karjalanelvytys\/paavo-harakan-starinakiannokset\/\">Paavo Harakan starinaki\u00e4nn\u00f6kset<\/a><\/p>\n\n\n\n<p><a href=\"https:\/\/blogs.uef.fi\/karjalanelvytys\/omah-kieleh-tekstakogomus\/\">Omah kieleh -tekstakogomus<\/a><\/p>\n\n\n\n<h2 class=\"wp-block-heading\">Materiaalit livvinkarjalaksi:<\/h2>\n\n\n\n<p><a href=\"https:\/\/blogs.uef.fi\/karjalanelvytys\/pereh-da-ukonvemmelsanasto-suomi-livvinkarjala\/\">Perhe- ja sateenkaarisanasto<\/a><\/p>\n\n\n\n<p><a href=\"https:\/\/blogs.uef.fi\/karjalanelvytys\/uudissanastoa\/\">Uudissanasto<\/a><\/p>\n\n\n\n<p><a href=\"https:\/\/blogs.uef.fi\/karjalanelvytys\/syomissanasto\/\">Ruokasanasto<\/a><\/p>\n\n\n\n<p><a href=\"https:\/\/blogs.uef.fi\/karjalanelvytys\/elena-junttila-kazvisanastuo-kuvis\/\">Kasvisanasto<\/a><\/p>\n\n\n\n<p><a href=\"https:\/\/blogs.uef.fi\/karjalanelvytys\/kirikkosanastuo-livvinkarjalakse\/\">Kirkkosanasto<\/a><\/p>\n\n\n\n<p><a href=\"https:\/\/blogs.uef.fi\/karjalanelvytys\/autosanastuo-suomi-livvinkarjala\/\">Autosanasto<\/a><\/p>\n\n\n\n<p><a href=\"https:\/\/blogs.uef.fi\/karjalanelvytys\/somesanastuo-livvinkarjalakse\/\">Somesanasto<\/a><\/p>\n\n\n\n<p><a href=\"https:\/\/blogs.uef.fi\/karjalanelvytys\/teatrusanastuo-livvinkarjalakse\/\">Teatterisanasto<\/a><\/p>\n\n\n\n<p><a href=\"https:\/\/blogs.uef.fi\/karjalanelvytys\/sote-sanastot-laakityksen-sanasto-livvinkarjalaksi\/\">L\u00e4\u00e4kityksen sanasto<\/a><\/p>\n\n\n\n<p><a href=\"https:\/\/blogs.uef.fi\/karjalanelvytys\/yhteiskunnallista-uudissanastoa-livvinkarjalaksi\/\">Yhteiskunnallinen uudissanasto<\/a><\/p>\n\n\n\n<p><a href=\"https:\/\/blogs.uef.fi\/karjalanelvytys\/yle-uudizet-karjalakse-sanasto-livvinkarjalakse\/\">Yle Uudizet karjalakse -sanasto<\/a><\/p>\n\n\n\n<p><a href=\"https:\/\/blogs.uef.fi\/karjalanelvytys\/pieni-taidosanasto-livvinkarjalakse\/\">Pieni taidesanasto<\/a><\/p>\n\n\n\n<p><a href=\"https:\/\/blogs.uef.fi\/karjalanelvytys\/muuzikkusanasto-livvinkarjalakse\/\">Musiikkisanasto<\/a><\/p>\n\n\n\n<p><a href=\"https:\/\/blogs.uef.fi\/karjalanelvytys\/detektiivusanua-livvinkarjalakse\/\">Dekkarisanasto<\/a><\/p>\n\n\n\n<p><a href=\"https:\/\/blogs.uef.fi\/karjalanelvytys\/kiannostiijolline-sanasto-livvinkarjalakse\/\">K\u00e4\u00e4nn\u00f6stieteellinen sanasto<\/a><\/p>\n\n\n\n<p><a href=\"https:\/\/blogs.uef.fi\/karjalanelvytys\/kirjastosanasto-suomi-livvinkarjala\/\">Kirjastosanasto<\/a><\/p>\n\n\n\n<p><a href=\"https:\/\/blogs.uef.fi\/karjalanelvytys\/kazvossyojan-sanasto-suomi-livvinkarjala\/\">Kasvissy\u00f6j\u00e4n sanasto<\/a><\/p>\n\n\n\n<p><a href=\"https:\/\/blogs.uef.fi\/karjalanelvytys\/yhtistyssanasto-suomi-livvinkarjala\/\">Yhdistyssanasto<\/a><\/p>\n\n\n\n<p><a href=\"https:\/\/blogs.uef.fi\/karjalanelvytys\/kielien-elvytandan-kehitandan-da-varavonalazuon-sanasto-suomi-livvinkarjala\/\">Kielten elvytt\u00e4misen sanasto<\/a><\/p>\n\n\n\n<p><a href=\"https:\/\/blogs.uef.fi\/karjalanelvytys\/ruadoelossanasto-suomi-livvinkarjala\/\">Ty\u00f6el\u00e4m\u00e4sanasto<\/a><\/p>\n\n\n\n<p><a href=\"https:\/\/blogs.uef.fi\/karjalanelvytys\/lauri-luukkonen-runoloi\/\">Lauri Luukkosen runot<\/a><\/p>\n\n\n\n<p><a href=\"https:\/\/blogs.uef.fi\/karjalanelvytys\/lauri-luukkonen-tankarunoloi\/\">Lauri Luukkosen tankarunot<\/a><\/p>\n\n\n\n<p><a href=\"https:\/\/blogs.uef.fi\/karjalanelvytys\/lauri-luukkonen-kolmetostu-haikuu\/\">Lauri Luukkosen haikurunot<\/a><\/p>\n\n\n\n<p><a href=\"https:\/\/blogs.uef.fi\/karjalanelvytys\/lauri-luukkonen-kolme-suvaicusrunuo\/\">Lauri Luukkosen rakkausrunot<\/a><\/p>\n\n\n\n<p><a href=\"https:\/\/blogs.uef.fi\/karjalanelvytys\/martti-penttonen-kielenelvytys-assimilaciedu-identitiettua-vai-argikieldy\/\">Martti Penttonen: Kielenelvytys<\/a><\/p>\n\n\n\n<p><a href=\"https:\/\/blogs.uef.fi\/karjalanelvytys\/pyha-vezi\/\">Pyh\u00e4 vezi -runo<\/a><\/p>\n\n\n\n<p><a href=\"https:\/\/blogs.uef.fi\/karjalanelvytys\/koirien-elostu-koirien-elamaa\/\">Koirien elostu -tekstit<\/a><\/p>\n\n\n\n<p><a href=\"https:\/\/blogs.uef.fi\/karjalanelvytys\/livvinkarjalaine-paginkluubu\/\">Livvinkarjalaisen paginkluuban tekstit<\/a><\/p>\n\n\n\n<p><a href=\"https:\/\/blogs.uef.fi\/karjalanelvytys\/livvinkarjalan-kielikurssi-2019\/\">Ig\u00e4 el\u00e4, ig\u00e4 opastu -opetusvideot<\/a><\/p>\n\n\n\n<p><a href=\"https:\/\/blogs.uef.fi\/karjalanelvytys\/meidy-on-olemas-kirja-karjalaisista-nuorista\/\">Meidy on olemas -kirja karjalaisista nuorista<\/a><\/p>\n\n\n\n<p><a href=\"https:\/\/blogs.uef.fi\/karjalanelvytys\/rastavankalenduaru-livvinkarjalakse-2022\/\">Vuoden 2022 joulukalenteri<\/a><\/p>\n\n\n\n<p><a href=\"https:\/\/blogs.uef.fi\/karjalanelvytys\/rastavanukko-rastavankalenduaru\/\">Rastavanukko-joulukalenteri<\/a><\/p>\n\n\n\n<p><a href=\"https:\/\/blogs.uef.fi\/karjalanelvytys\/opastusvideot-livvinkarjala\/\">Karjalan kieli el\u00e4y -videot livvinkarjalaksi<\/a><\/p>\n\n\n\n<p><a href=\"https:\/\/sites.uef.fi\/karjala\/2020\/12\/24\/luukku-24\/\">Kun joulu on -sanoitus<\/a><\/p>\n\n\n\n<p><a href=\"https:\/\/blogs.uef.fi\/karjalanelvytys\/novellu-laukas-kiandanyh-aira-sumiloff\/\">Novelli: Laukas<\/a><\/p>\n\n\n\n<p><a href=\"https:\/\/blogs.uef.fi\/karjalanelvytys\/novellu-tahton-kiandanyh-maura-hakki\/\">Novelli: Tahton<\/a><\/p>\n\n\n\n<p><a href=\"https:\/\/blogs.uef.fi\/karjalanelvytys\/novelli-lounualline-kiandanyh-sanna-myllari\/\">Novelli: Lounualline<\/a><\/p>\n\n\n\n<p><a href=\"https:\/\/blogs.uef.fi\/karjalanelvytys\/novellu-hrustalinkylmy-kiandanyh-hannu-lappalainen\/\">Novelli: Hrustalinkylmy<\/a><\/p>\n\n\n\n<p><a href=\"https:\/\/blogs.uef.fi\/karjalanelvytys\/skumbria-maura-hakin-kiannos\/\">Skumbria (Maura H\u00e4kin k\u00e4\u00e4nn\u00f6s)<\/a><\/p>\n\n\n\n<p><a href=\"https:\/\/blogs.uef.fi\/karjalanelvytys\/skumbria-hannu-lappalaisen-kaannos\/\">Skumbria (Hannu Lappalaisen k\u00e4\u00e4nn\u00f6s)<\/a><\/p>\n\n\n\n<p><a href=\"https:\/\/blogs.uef.fi\/karjalanelvytys\/skumbria-aira-sumiloffin-kaannos\/\">Skumbria (Aira Sumiloffin k\u00e4\u00e4nn\u00f6s)<\/a><\/p>\n\n\n\n<p><a href=\"https:\/\/blogs.uef.fi\/karjalanelvytys\/skumbria-sanna-myllarin-kaannos\/\">Skumbria (Sanna Myll\u00e4rin k\u00e4\u00e4nn\u00f6s)<\/a><\/p>\n\n\n\n<p><a href=\"https:\/\/blogs.uef.fi\/karjalanelvytys\/irina-karvonen-jiaskuappu\/\">Irina Karvonen: Ji\u00e4\u0161kuappu<\/a><\/p>\n\n\n\n<p><a href=\"https:\/\/blogs.uef.fi\/karjalanelvytys\/irina-karvonen-sipainiekat\/\">Irina Karvonen: \u0160ipainiekat<\/a><\/p>\n\n\n\n<p><a href=\"https:\/\/blogs.uef.fi\/karjalanelvytys\/kodi-igavy\/\">Kodi-ig\u00e4vy-sarjakuva<\/a><\/p>\n\n\n\n<p><a href=\"https:\/\/blogs.uef.fi\/karjalanelvytys\/hannu-lappalazen-pajokiannokset\/\">Hannu Lappalaisen lauluk\u00e4\u00e4nn\u00f6kset<\/a><\/p>\n","protected":false},"excerpt":{"rendered":"<p>T\u00e4lle sivulle on ker\u00e4tty elvytyshankkeen blogissa julkaistuja sanastoja, kirjoituksia ja muita materiaaleja siten, ett\u00e4 ne on esitetty murteen mukaan jaoteltuina. Sivun tarkoituksena on toimia esimerkiksi kielenopiskelun tukena ja helpottaa murteiden tunnistamista ja k\u00e4ytt\u00f6\u00e4. Sivulle ei ole listattu kaikkia elvytyshankkeen materiaaleja. Sellaiset materiaalit, joissa k\u00e4ytet\u00e4\u00e4n kaikkia murteita sekaisin tai jotka ovat huomattavan pieni\u00e4, ei ole listattu. [&hellip;]<\/p>\n","protected":false},"author":580,"featured_media":0,"parent":0,"menu_order":0,"comment_status":"closed","ping_status":"closed","template":"","meta":{"_acf_changed":false,"footnotes":""},"class_list":["post-8642","page","type-page","status-publish","hentry"],"acf":[],"yoast_head":"<!-- This site is optimized with the Yoast SEO plugin v27.3 - https:\/\/yoast.com\/product\/yoast-seo-wordpress\/ -->\n<title>Materiaalit murteittain - Karjalan kielen elvytt\u00e4minen<\/title>\n<meta name=\"robots\" content=\"index, follow, max-snippet:-1, max-image-preview:large, max-video-preview:-1\" \/>\n<link rel=\"canonical\" href=\"https:\/\/blogs.uef.fi\/karjalanelvytys\/materiaalit-murteittain\/\" \/>\n<meta property=\"og:locale\" content=\"fi_FI\" \/>\n<meta property=\"og:type\" content=\"article\" \/>\n<meta property=\"og:title\" content=\"Materiaalit murteittain - Karjalan kielen elvytt\u00e4minen\" \/>\n<meta property=\"og:description\" content=\"T\u00e4lle sivulle on ker\u00e4tty elvytyshankkeen blogissa julkaistuja sanastoja, kirjoituksia ja muita materiaaleja siten, ett\u00e4 ne on esitetty murteen mukaan jaoteltuina. Sivun tarkoituksena on toimia esimerkiksi kielenopiskelun tukena ja helpottaa murteiden tunnistamista ja k\u00e4ytt\u00f6\u00e4. Sivulle ei ole listattu kaikkia elvytyshankkeen materiaaleja. Sellaiset materiaalit, joissa k\u00e4ytet\u00e4\u00e4n kaikkia murteita sekaisin tai jotka ovat huomattavan pieni\u00e4, ei ole listattu. [&hellip;]\" \/>\n<meta property=\"og:url\" content=\"https:\/\/blogs.uef.fi\/karjalanelvytys\/materiaalit-murteittain\/\" \/>\n<meta property=\"og:site_name\" content=\"Karjalan kielen elvytt\u00e4minen\" \/>\n<meta property=\"article:modified_time\" content=\"2025-10-21T06:21:14+00:00\" \/>\n<meta name=\"twitter:card\" content=\"summary_large_image\" \/>\n<meta name=\"twitter:label1\" content=\"Arvioitu lukuaika\" \/>\n\t<meta name=\"twitter:data1\" content=\"3 minuuttia\" \/>\n<script type=\"application\/ld+json\" class=\"yoast-schema-graph\">{\"@context\":\"https:\\\/\\\/schema.org\",\"@graph\":[{\"@type\":\"WebPage\",\"@id\":\"https:\\\/\\\/blogs.uef.fi\\\/karjalanelvytys\\\/materiaalit-murteittain\\\/\",\"url\":\"https:\\\/\\\/blogs.uef.fi\\\/karjalanelvytys\\\/materiaalit-murteittain\\\/\",\"name\":\"Materiaalit murteittain - Karjalan kielen elvytt\u00e4minen\",\"isPartOf\":{\"@id\":\"https:\\\/\\\/blogs.uef.fi\\\/karjalanelvytys\\\/#website\"},\"datePublished\":\"2023-01-20T13:32:05+00:00\",\"dateModified\":\"2025-10-21T06:21:14+00:00\",\"breadcrumb\":{\"@id\":\"https:\\\/\\\/blogs.uef.fi\\\/karjalanelvytys\\\/materiaalit-murteittain\\\/#breadcrumb\"},\"inLanguage\":\"fi\",\"potentialAction\":[{\"@type\":\"ReadAction\",\"target\":[\"https:\\\/\\\/blogs.uef.fi\\\/karjalanelvytys\\\/materiaalit-murteittain\\\/\"]}]},{\"@type\":\"BreadcrumbList\",\"@id\":\"https:\\\/\\\/blogs.uef.fi\\\/karjalanelvytys\\\/materiaalit-murteittain\\\/#breadcrumb\",\"itemListElement\":[{\"@type\":\"ListItem\",\"position\":1,\"name\":\"Home\",\"item\":\"https:\\\/\\\/blogs.uef.fi\\\/karjalanelvytys\\\/\"},{\"@type\":\"ListItem\",\"position\":2,\"name\":\"Materiaalit murteittain\"}]},{\"@type\":\"WebSite\",\"@id\":\"https:\\\/\\\/blogs.uef.fi\\\/karjalanelvytys\\\/#website\",\"url\":\"https:\\\/\\\/blogs.uef.fi\\\/karjalanelvytys\\\/\",\"name\":\"Karjalan kielen elvytt\u00e4minen\",\"description\":\"\",\"potentialAction\":[{\"@type\":\"SearchAction\",\"target\":{\"@type\":\"EntryPoint\",\"urlTemplate\":\"https:\\\/\\\/blogs.uef.fi\\\/karjalanelvytys\\\/?s={search_term_string}\"},\"query-input\":{\"@type\":\"PropertyValueSpecification\",\"valueRequired\":true,\"valueName\":\"search_term_string\"}}],\"inLanguage\":\"fi\"}]}<\/script>\n<!-- \/ Yoast SEO plugin. -->","yoast_head_json":{"title":"Materiaalit murteittain - Karjalan kielen elvytt\u00e4minen","robots":{"index":"index","follow":"follow","max-snippet":"max-snippet:-1","max-image-preview":"max-image-preview:large","max-video-preview":"max-video-preview:-1"},"canonical":"https:\/\/blogs.uef.fi\/karjalanelvytys\/materiaalit-murteittain\/","og_locale":"fi_FI","og_type":"article","og_title":"Materiaalit murteittain - Karjalan kielen elvytt\u00e4minen","og_description":"T\u00e4lle sivulle on ker\u00e4tty elvytyshankkeen blogissa julkaistuja sanastoja, kirjoituksia ja muita materiaaleja siten, ett\u00e4 ne on esitetty murteen mukaan jaoteltuina. Sivun tarkoituksena on toimia esimerkiksi kielenopiskelun tukena ja helpottaa murteiden tunnistamista ja k\u00e4ytt\u00f6\u00e4. Sivulle ei ole listattu kaikkia elvytyshankkeen materiaaleja. Sellaiset materiaalit, joissa k\u00e4ytet\u00e4\u00e4n kaikkia murteita sekaisin tai jotka ovat huomattavan pieni\u00e4, ei ole listattu. [&hellip;]","og_url":"https:\/\/blogs.uef.fi\/karjalanelvytys\/materiaalit-murteittain\/","og_site_name":"Karjalan kielen elvytt\u00e4minen","article_modified_time":"2025-10-21T06:21:14+00:00","twitter_card":"summary_large_image","twitter_misc":{"Arvioitu lukuaika":"3 minuuttia"},"schema":{"@context":"https:\/\/schema.org","@graph":[{"@type":"WebPage","@id":"https:\/\/blogs.uef.fi\/karjalanelvytys\/materiaalit-murteittain\/","url":"https:\/\/blogs.uef.fi\/karjalanelvytys\/materiaalit-murteittain\/","name":"Materiaalit murteittain - Karjalan kielen elvytt\u00e4minen","isPartOf":{"@id":"https:\/\/blogs.uef.fi\/karjalanelvytys\/#website"},"datePublished":"2023-01-20T13:32:05+00:00","dateModified":"2025-10-21T06:21:14+00:00","breadcrumb":{"@id":"https:\/\/blogs.uef.fi\/karjalanelvytys\/materiaalit-murteittain\/#breadcrumb"},"inLanguage":"fi","potentialAction":[{"@type":"ReadAction","target":["https:\/\/blogs.uef.fi\/karjalanelvytys\/materiaalit-murteittain\/"]}]},{"@type":"BreadcrumbList","@id":"https:\/\/blogs.uef.fi\/karjalanelvytys\/materiaalit-murteittain\/#breadcrumb","itemListElement":[{"@type":"ListItem","position":1,"name":"Home","item":"https:\/\/blogs.uef.fi\/karjalanelvytys\/"},{"@type":"ListItem","position":2,"name":"Materiaalit murteittain"}]},{"@type":"WebSite","@id":"https:\/\/blogs.uef.fi\/karjalanelvytys\/#website","url":"https:\/\/blogs.uef.fi\/karjalanelvytys\/","name":"Karjalan kielen elvytt\u00e4minen","description":"","potentialAction":[{"@type":"SearchAction","target":{"@type":"EntryPoint","urlTemplate":"https:\/\/blogs.uef.fi\/karjalanelvytys\/?s={search_term_string}"},"query-input":{"@type":"PropertyValueSpecification","valueRequired":true,"valueName":"search_term_string"}}],"inLanguage":"fi"}]}},"_links":{"self":[{"href":"https:\/\/blogs.uef.fi\/karjalanelvytys\/wp-json\/wp\/v2\/pages\/8642","targetHints":{"allow":["GET"]}}],"collection":[{"href":"https:\/\/blogs.uef.fi\/karjalanelvytys\/wp-json\/wp\/v2\/pages"}],"about":[{"href":"https:\/\/blogs.uef.fi\/karjalanelvytys\/wp-json\/wp\/v2\/types\/page"}],"author":[{"embeddable":true,"href":"https:\/\/blogs.uef.fi\/karjalanelvytys\/wp-json\/wp\/v2\/users\/580"}],"replies":[{"embeddable":true,"href":"https:\/\/blogs.uef.fi\/karjalanelvytys\/wp-json\/wp\/v2\/comments?post=8642"}],"version-history":[{"count":2,"href":"https:\/\/blogs.uef.fi\/karjalanelvytys\/wp-json\/wp\/v2\/pages\/8642\/revisions"}],"predecessor-version":[{"id":22599,"href":"https:\/\/blogs.uef.fi\/karjalanelvytys\/wp-json\/wp\/v2\/pages\/8642\/revisions\/22599"}],"wp:attachment":[{"href":"https:\/\/blogs.uef.fi\/karjalanelvytys\/wp-json\/wp\/v2\/media?parent=8642"}],"curies":[{"name":"wp","href":"https:\/\/api.w.org\/{rel}","templated":true}]}}