{"id":847,"date":"2021-07-01T08:44:20","date_gmt":"2021-07-01T05:44:20","guid":{"rendered":"https:\/\/blogs.uef.fi\/karjalanelvytys\/?page_id=847"},"modified":"2023-05-11T13:35:03","modified_gmt":"2023-05-11T10:35:03","slug":"aitienpaivasanastoa","status":"publish","type":"page","link":"https:\/\/blogs.uef.fi\/karjalanelvytys\/aitienpaivasanastoa\/","title":{"rendered":"\u00c4itienp\u00e4iv\u00e4sanastoa"},"content":{"rendered":"<p>6.5.2021<\/p>\n<p><strong>Hyvi\u00e4 Muamoloinp\u00e4ivi\u00e4! (suvikarjalaksi)<\/strong><\/p>\n<p>muamo \u2013 \u00e4iti<\/p>\n<p>mamma \u2013 \u00e4iti (lapsenkieli, perehen kessen)<\/p>\n<p>armas \u2013 rakas<\/p>\n<p>armas muamozeni \u2013 rakas \u00e4itini<\/p>\n<p>armastua \u2013 rakastaa<\/p>\n<p>sev\u00e4t\u00e4 \u2013 halata<\/p>\n<p>sebi\u00e4ll\u00e4 \u2013 halailla<\/p>\n<p>hyv\u00e4syd\u00e4mine \u2013 hyv\u00e4syd\u00e4minen<\/p>\n<p>pehmiesyd\u00e4mine \u2013 hell\u00e4-, lempe\u00e4syd\u00e4minen<\/p>\n<p>Mamma, mie siuda armassan. \u2013 \u00c4iti, min\u00e4 rakastan sinua.<\/p>\n<p>Mamma, mie tahon siuda sev\u00e4t\u00e4. \u2013 \u00c4iti, min\u00e4 haluan halata sinua.<\/p>\n<p>kallis kandajazeni \u2013 \u00e4idist\u00e4 (run. ja itkuv.)<\/p>\n<p>em\u00e4 \u2013 \u00e4iti (vanh.)<\/p>\n<p>ristimuamo, ristim\u00e4 \u2013 kummit\u00e4ti<\/p>\n<p>muamindima \u2013 \u00e4itipuoli<\/p>\n<p>buabo \u2013 mummo<\/p>\n<p>baba \u2013 mummo (lapsenkieli, perehen kessen)<\/p>\n<p>bunukka \u2013 lapsenlapsi<\/p>\n<p>varustua muamolla huondesvero \u2013 valmistaa \u00e4idille aamiainen<\/p>\n<p>luadie tortta, lahja, kartti \u2013 tehd\u00e4 t\u00e4ytekakku, lahja, kortti<\/p>\n<p>ostua lahja, kukkua, rouzua, \u0161okoluadua \u2013 ostaa lahja, kukkia, ruusuja, suklaata<\/p>\n<p>Lapset tuaton kera varussetah muamolla huondesveron. \u2013 Lapset valmistavat is\u00e4n kanssa \u00e4idille aamiaisen.<\/p>\n<p>Lapsi on \u0161kolassa luadin muamolla lahjan da kartin. \u2013 Lapsi on tehnyt koulussa \u00e4idille lahjan ja kortin.<\/p>\n<p>My\u00f6 m\u00e4nemm\u00e4 Muamoloinp\u00e4iv\u00e4n\u00e4 restoranah sy\u00f6m\u00e4h. \u2013 Me menemme \u00e4itienp\u00e4iv\u00e4n\u00e4 ravintolaan sy\u00f6m\u00e4\u00e4n.<\/p>\n<p>My\u00f6 viemm\u00e4 buabolla kukkua. \u2013 Me viemme mummolle kukkia.<\/p>\n<p>Buabon bunukat tuldih. \u2013 Lapsenlapset tulivat k\u00e4ym\u00e4\u00e4n.<\/p>\n<p>&nbsp;<\/p>\n<p><strong>Hyvy\u00e4 Muamojenp\u00e4ivy\u00e4! (vienankarjalak<\/strong><strong>\u0161<\/strong><strong>i)<\/strong><\/p>\n<p>muamo, mamma (lap\u0161enkiele\u0161\u0161\u00e4, perehen ke\u0161en) \u2013 \u00e4iti<\/p>\n<p>arma\u0161 muamoseni; muamoseni kultaseni \u2013 rakas \u00e4itini<\/p>\n<p>arma\u0161tua \u2013 rakastaa, hyv\u00e4ill\u00e4, paijata<\/p>\n<p>\u0161ev\u00e4t\u00e4 \u2013 halata<\/p>\n<p>\u0161epy\u00e4ll\u00e4 \u2013 halailla<\/p>\n<p>hyv\u00e4\u0161i\u00e4mini \u2013 hyv\u00e4syd\u00e4minen<\/p>\n<p>hell\u00e4va\u010d\u010dani \u2013 hell\u00e4luontoinen<\/p>\n<p>Muamo arma\u0161tau, \u0161epy\u00e4l\u00f6y la\u0161tah. \u2013 \u00c4iti rakastaa, paijaa, halailee lastaan.<\/p>\n<p>Mamma, mie \u0161ilma arma\u0161\u0161an. \u2013 \u00c4iti, min\u00e4 rakastan sinua.<\/p>\n<p>\u00e4mm\u00f6 \u2013 mummo<\/p>\n<p>\u00e4mm\u00f6seni hyv\u00e4seni \u2013 rakas mummoni<\/p>\n<p>armahuttua \u2013 s\u00e4\u00e4li\u00e4, hyv\u00e4ill\u00e4<\/p>\n<p>hellie \u2013 helli\u00e4, pit\u00e4\u00e4 hyv\u00e4n\u00e4, lohduttaa<\/p>\n<p>antua n\u2019okkua \u2013 hieroa nen\u00e4np\u00e4it\u00e4 vastakkain, pussata<\/p>\n<p>punukka \u2013 lapsenlapsi<\/p>\n<p>\u00c4mm\u00f6 armahuttau, helliy punukkuah.\u00a0 \u2013 Mummo hyv\u00e4ilee, hellii lapsenlastaan.<\/p>\n<p>Punukkaiseni pikkaraiseni, annatko miula n\u2019okkua. \u2013 Rakas lapsukkaiseni, annatko pusun.<\/p>\n<p>\u00c4mm\u00f6 hyv\u00e4, anna mie \u0161ilma \u0161epy\u00e4n. \u2013 Mummo hyv\u00e4, min\u00e4 haluan halata sinua.<\/p>\n<p>ristimuamo \u2013 kummit\u00e4ti<\/p>\n<p>kallis ristimuamoseni \u2013 kallis kummit\u00e4tini<\/p>\n<p>emintim\u00e4, muamontima \u2013 \u00e4itipuoli<\/p>\n<p>Muamojenp\u00e4iv\u00e4n\u00e4 m\u00e4nemm\u00e4 koko perehell\u00e4 tiiju\u0161tamah \u00e4mmy\u00f6. Viemm\u00e4 h\u00e4nell\u00e4 kukkua, torttuo ta i\u010denluajittuja korttija.<\/p>\n<p><strong>\u0160ananpi\u00e4t ta fruasit muamo\u0161ta:<\/strong><\/p>\n<p>Muamon ki\u00e4t on alimmaisena \u2018muamo kaiki\u010d\u010di on valmis auttamah\u2019<\/p>\n<p>Muamotta ei ole armuo \u2018Ilmain muamuo ei ole hellytt\u00e4 ta armahutta\u2019<\/p>\n<p>Olla muamon kainalo\u0161\u0161a \u2018muamon \u0161uojelomana\u2019<\/p>\n<p>Muamon vi\u010d\u010da on villani \u2018muamon kuri on hell\u00e4\u2019<\/p>\n<p>&nbsp;<\/p>\n<p><strong>Hyvi\u00e4 Muamoloinp\u00e4ivi\u00e4! (livvinkarjalakse)<\/strong><\/p>\n<p>Muamo, muamoihut, muamaine, mama \u2013 \u00e4iti<\/p>\n<p>Armas muamoihut, armas muamazeni \u2013 rakas \u00e4itini<\/p>\n<p>Muamou\u0161in \u2013 \u00e4idin tai \u00e4idilt\u00e4 peritty<\/p>\n<p>Armastua, suvaija \u2013 rakastaa<\/p>\n<p>Jogahine lapsi omassah muamua suvai\u010d\u010dou. \u2013 Jokainen lapsi rakastaa \u00e4iti\u00e4\u00e4n.<\/p>\n<p>Sebi\u00e4 muamuadas! \u2013 Halaa \u00e4iti\u00e4si!<\/p>\n<p>Toivotan muamalleni hyvi\u00e4 ozua. \u2013 Toivotan \u00e4idilleni onnea.<\/p>\n<p>Muamindam \u2013 \u00e4itipuoli<\/p>\n<p>Eule se muamo, kudai lapsen sai, on se, kudai kazvatti. \u2013 Ei se ole \u00e4iti, joka lapsen synnytti, vaan se, joka kasvatti. (sananpolvi)<\/p>\n<p>Buabo, buaboihut \u2013 mummo, iso\u00e4iti<\/p>\n<p>Armastan omua buabua muga\u017ee \u00e4ij\u00e4l, kui muamuagi. \u2013 Rakastan mummoani yht\u00e4 paljon kuin \u00e4iti\u00e4nikin.<\/p>\n<p>Buaban bunukku \u2013 mummon lapsenlapsi<\/p>\n<p>Bunukat tuldih tiijustamah buabuadah. \u2013 Lapsenlapset tulivat katsomaan iso\u00e4iti\u00e4\u00e4n.<\/p>\n<p>Kuva: Pixabay<\/p>\n","protected":false},"excerpt":{"rendered":"<p>6.5.2021 Hyvi\u00e4 Muamoloinp\u00e4ivi\u00e4! (suvikarjalaksi) muamo \u2013 \u00e4iti mamma \u2013 \u00e4iti (lapsenkieli, perehen kessen) armas \u2013 rakas armas muamozeni \u2013 rakas \u00e4itini armastua \u2013 rakastaa sev\u00e4t\u00e4 \u2013 halata sebi\u00e4ll\u00e4 \u2013 halailla hyv\u00e4syd\u00e4mine \u2013 hyv\u00e4syd\u00e4minen pehmiesyd\u00e4mine \u2013 hell\u00e4-, lempe\u00e4syd\u00e4minen Mamma, mie siuda armassan. \u2013 \u00c4iti, min\u00e4 rakastan sinua. Mamma, mie tahon siuda sev\u00e4t\u00e4. \u2013 \u00c4iti, min\u00e4 haluan [&hellip;]<\/p>\n","protected":false},"author":419,"featured_media":0,"parent":0,"menu_order":0,"comment_status":"closed","ping_status":"closed","template":"","meta":{"_acf_changed":false,"footnotes":""},"class_list":["post-847","page","type-page","status-publish","hentry"],"acf":[],"yoast_head":"<!-- This site is optimized with the Yoast SEO plugin v27.1.1 - https:\/\/yoast.com\/product\/yoast-seo-wordpress\/ -->\n<title>\u00c4itienp\u00e4iv\u00e4sanastoa - Karjalan kielen elvytt\u00e4minen<\/title>\n<meta name=\"robots\" content=\"index, follow, max-snippet:-1, max-image-preview:large, max-video-preview:-1\" \/>\n<link rel=\"canonical\" href=\"https:\/\/blogs.uef.fi\/karjalanelvytys\/aitienpaivasanastoa\/\" \/>\n<meta property=\"og:locale\" content=\"fi_FI\" \/>\n<meta property=\"og:type\" content=\"article\" \/>\n<meta property=\"og:title\" content=\"\u00c4itienp\u00e4iv\u00e4sanastoa - Karjalan kielen elvytt\u00e4minen\" \/>\n<meta property=\"og:description\" content=\"6.5.2021 Hyvi\u00e4 Muamoloinp\u00e4ivi\u00e4! (suvikarjalaksi) muamo \u2013 \u00e4iti mamma \u2013 \u00e4iti (lapsenkieli, perehen kessen) armas \u2013 rakas armas muamozeni \u2013 rakas \u00e4itini armastua \u2013 rakastaa sev\u00e4t\u00e4 \u2013 halata sebi\u00e4ll\u00e4 \u2013 halailla hyv\u00e4syd\u00e4mine \u2013 hyv\u00e4syd\u00e4minen pehmiesyd\u00e4mine \u2013 hell\u00e4-, lempe\u00e4syd\u00e4minen Mamma, mie siuda armassan. \u2013 \u00c4iti, min\u00e4 rakastan sinua. Mamma, mie tahon siuda sev\u00e4t\u00e4. \u2013 \u00c4iti, min\u00e4 haluan [&hellip;]\" \/>\n<meta property=\"og:url\" content=\"https:\/\/blogs.uef.fi\/karjalanelvytys\/aitienpaivasanastoa\/\" \/>\n<meta property=\"og:site_name\" content=\"Karjalan kielen elvytt\u00e4minen\" \/>\n<meta property=\"article:modified_time\" content=\"2023-05-11T10:35:03+00:00\" \/>\n<meta name=\"twitter:card\" content=\"summary_large_image\" \/>\n<meta name=\"twitter:label1\" content=\"Arvioitu lukuaika\" \/>\n\t<meta name=\"twitter:data1\" content=\"3 minuuttia\" \/>\n<script type=\"application\/ld+json\" class=\"yoast-schema-graph\">{\"@context\":\"https:\/\/schema.org\",\"@graph\":[{\"@type\":\"WebPage\",\"@id\":\"https:\/\/blogs.uef.fi\/karjalanelvytys\/aitienpaivasanastoa\/\",\"url\":\"https:\/\/blogs.uef.fi\/karjalanelvytys\/aitienpaivasanastoa\/\",\"name\":\"\u00c4itienp\u00e4iv\u00e4sanastoa - Karjalan kielen elvytt\u00e4minen\",\"isPartOf\":{\"@id\":\"https:\/\/blogs.uef.fi\/karjalanelvytys\/#website\"},\"datePublished\":\"2021-07-01T05:44:20+00:00\",\"dateModified\":\"2023-05-11T10:35:03+00:00\",\"breadcrumb\":{\"@id\":\"https:\/\/blogs.uef.fi\/karjalanelvytys\/aitienpaivasanastoa\/#breadcrumb\"},\"inLanguage\":\"fi\",\"potentialAction\":[{\"@type\":\"ReadAction\",\"target\":[\"https:\/\/blogs.uef.fi\/karjalanelvytys\/aitienpaivasanastoa\/\"]}]},{\"@type\":\"BreadcrumbList\",\"@id\":\"https:\/\/blogs.uef.fi\/karjalanelvytys\/aitienpaivasanastoa\/#breadcrumb\",\"itemListElement\":[{\"@type\":\"ListItem\",\"position\":1,\"name\":\"Home\",\"item\":\"https:\/\/blogs.uef.fi\/karjalanelvytys\/\"},{\"@type\":\"ListItem\",\"position\":2,\"name\":\"\u00c4itienp\u00e4iv\u00e4sanastoa\"}]},{\"@type\":\"WebSite\",\"@id\":\"https:\/\/blogs.uef.fi\/karjalanelvytys\/#website\",\"url\":\"https:\/\/blogs.uef.fi\/karjalanelvytys\/\",\"name\":\"Karjalan kielen elvytt\u00e4minen\",\"description\":\"\",\"potentialAction\":[{\"@type\":\"SearchAction\",\"target\":{\"@type\":\"EntryPoint\",\"urlTemplate\":\"https:\/\/blogs.uef.fi\/karjalanelvytys\/?s={search_term_string}\"},\"query-input\":{\"@type\":\"PropertyValueSpecification\",\"valueRequired\":true,\"valueName\":\"search_term_string\"}}],\"inLanguage\":\"fi\"}]}<\/script>\n<!-- \/ Yoast SEO plugin. -->","yoast_head_json":{"title":"\u00c4itienp\u00e4iv\u00e4sanastoa - Karjalan kielen elvytt\u00e4minen","robots":{"index":"index","follow":"follow","max-snippet":"max-snippet:-1","max-image-preview":"max-image-preview:large","max-video-preview":"max-video-preview:-1"},"canonical":"https:\/\/blogs.uef.fi\/karjalanelvytys\/aitienpaivasanastoa\/","og_locale":"fi_FI","og_type":"article","og_title":"\u00c4itienp\u00e4iv\u00e4sanastoa - Karjalan kielen elvytt\u00e4minen","og_description":"6.5.2021 Hyvi\u00e4 Muamoloinp\u00e4ivi\u00e4! (suvikarjalaksi) muamo \u2013 \u00e4iti mamma \u2013 \u00e4iti (lapsenkieli, perehen kessen) armas \u2013 rakas armas muamozeni \u2013 rakas \u00e4itini armastua \u2013 rakastaa sev\u00e4t\u00e4 \u2013 halata sebi\u00e4ll\u00e4 \u2013 halailla hyv\u00e4syd\u00e4mine \u2013 hyv\u00e4syd\u00e4minen pehmiesyd\u00e4mine \u2013 hell\u00e4-, lempe\u00e4syd\u00e4minen Mamma, mie siuda armassan. \u2013 \u00c4iti, min\u00e4 rakastan sinua. Mamma, mie tahon siuda sev\u00e4t\u00e4. \u2013 \u00c4iti, min\u00e4 haluan [&hellip;]","og_url":"https:\/\/blogs.uef.fi\/karjalanelvytys\/aitienpaivasanastoa\/","og_site_name":"Karjalan kielen elvytt\u00e4minen","article_modified_time":"2023-05-11T10:35:03+00:00","twitter_card":"summary_large_image","twitter_misc":{"Arvioitu lukuaika":"3 minuuttia"},"schema":{"@context":"https:\/\/schema.org","@graph":[{"@type":"WebPage","@id":"https:\/\/blogs.uef.fi\/karjalanelvytys\/aitienpaivasanastoa\/","url":"https:\/\/blogs.uef.fi\/karjalanelvytys\/aitienpaivasanastoa\/","name":"\u00c4itienp\u00e4iv\u00e4sanastoa - Karjalan kielen elvytt\u00e4minen","isPartOf":{"@id":"https:\/\/blogs.uef.fi\/karjalanelvytys\/#website"},"datePublished":"2021-07-01T05:44:20+00:00","dateModified":"2023-05-11T10:35:03+00:00","breadcrumb":{"@id":"https:\/\/blogs.uef.fi\/karjalanelvytys\/aitienpaivasanastoa\/#breadcrumb"},"inLanguage":"fi","potentialAction":[{"@type":"ReadAction","target":["https:\/\/blogs.uef.fi\/karjalanelvytys\/aitienpaivasanastoa\/"]}]},{"@type":"BreadcrumbList","@id":"https:\/\/blogs.uef.fi\/karjalanelvytys\/aitienpaivasanastoa\/#breadcrumb","itemListElement":[{"@type":"ListItem","position":1,"name":"Home","item":"https:\/\/blogs.uef.fi\/karjalanelvytys\/"},{"@type":"ListItem","position":2,"name":"\u00c4itienp\u00e4iv\u00e4sanastoa"}]},{"@type":"WebSite","@id":"https:\/\/blogs.uef.fi\/karjalanelvytys\/#website","url":"https:\/\/blogs.uef.fi\/karjalanelvytys\/","name":"Karjalan kielen elvytt\u00e4minen","description":"","potentialAction":[{"@type":"SearchAction","target":{"@type":"EntryPoint","urlTemplate":"https:\/\/blogs.uef.fi\/karjalanelvytys\/?s={search_term_string}"},"query-input":{"@type":"PropertyValueSpecification","valueRequired":true,"valueName":"search_term_string"}}],"inLanguage":"fi"}]}},"_links":{"self":[{"href":"https:\/\/blogs.uef.fi\/karjalanelvytys\/wp-json\/wp\/v2\/pages\/847","targetHints":{"allow":["GET"]}}],"collection":[{"href":"https:\/\/blogs.uef.fi\/karjalanelvytys\/wp-json\/wp\/v2\/pages"}],"about":[{"href":"https:\/\/blogs.uef.fi\/karjalanelvytys\/wp-json\/wp\/v2\/types\/page"}],"author":[{"embeddable":true,"href":"https:\/\/blogs.uef.fi\/karjalanelvytys\/wp-json\/wp\/v2\/users\/419"}],"replies":[{"embeddable":true,"href":"https:\/\/blogs.uef.fi\/karjalanelvytys\/wp-json\/wp\/v2\/comments?post=847"}],"version-history":[{"count":2,"href":"https:\/\/blogs.uef.fi\/karjalanelvytys\/wp-json\/wp\/v2\/pages\/847\/revisions"}],"predecessor-version":[{"id":10770,"href":"https:\/\/blogs.uef.fi\/karjalanelvytys\/wp-json\/wp\/v2\/pages\/847\/revisions\/10770"}],"wp:attachment":[{"href":"https:\/\/blogs.uef.fi\/karjalanelvytys\/wp-json\/wp\/v2\/media?parent=847"}],"curies":[{"name":"wp","href":"https:\/\/api.w.org\/{rel}","templated":true}]}}