{"id":838,"date":"2021-07-01T08:43:27","date_gmt":"2021-07-01T05:43:27","guid":{"rendered":"https:\/\/blogs.uef.fi\/karjalanelvytys\/?page_id=838"},"modified":"2021-07-01T09:02:24","modified_gmt":"2021-07-01T06:02:24","slug":"yhtehiskunnalline-sanasto-suomi-suvikarjala","status":"publish","type":"page","link":"https:\/\/blogs.uef.fi\/karjalanelvytys\/yhtehiskunnalline-sanasto-suomi-suvikarjala\/","title":{"rendered":"Yhtehiskunnalline sanasto  (suomi\u2013suvikarjala)"},"content":{"rendered":"<p>16.5.2021<\/p>\n<p><strong>Yhteiskunnallinen sanasto \u2013 Yhtehiskunnalline sanasto<\/strong><\/p>\n<p><strong>Suomi\u2013suvikarjala (etel\u00e4karjala)<\/strong><\/p>\n<p><strong>Luadija: Katerina Paalamo<\/strong><\/p>\n<p><em>P\u00e4iv\u00e4nnouzu-Suomen yliopisto<\/em><\/p>\n<p><em>Karjalan kielen elvytyshankeh 2021\u20132022 <\/em><\/p>\n<p><em>Sanastojoukon ruadoloi<\/em><\/p>\n<p>T\u00e4h sanastoh on ker\u00e4tty keskehizie, yhtehiskunnan eri oza-alovehih liittyjie sanoi. Niid\u00e4 ollah ezimerkiksi yhtehiskunnan perusrakendeheh, talohuoh da valdarakendeheh liittyj\u00e4t sanat.<\/p>\n<p><strong>\u00a0<\/strong><\/p>\n<p><strong>Yhteiskunta \u2013 Yhtehiskunda<\/strong><\/p>\n<p>yhteinen \u2013 yhtehine<\/p>\n<p>yhteiset asiat \u2013 yhtehizet dielot, aziet<\/p>\n<p>yhteiskunta \u2013 yhtehiskunda<\/p>\n<p>yhteiskunnallinen \u2013 yhtehiskunnalline<\/p>\n<p>yhdyskunta \u2013 yhyskunda<\/p>\n<p>yksil\u00f6 \u2013 yksil\u00f6<\/p>\n<p>&nbsp;<\/p>\n<p><strong>Yhteiskunnalliset toimijat ja talous \u2013 Yhtehiskunnallizet toimijat da talohus<\/strong><\/p>\n<p>julkinen \u2013 julgine<\/p>\n<p>yksityinen \u2013 yksityne<\/p>\n<p>sektori \u2013 sektora<\/p>\n<p>julkinen sektori \u2013 julgine sektora<\/p>\n<p>yksityinen sektori \u2013 yksityne sektora<\/p>\n<p>kolmas sektori \u2013 kolmas sektora<\/p>\n<p>valtio \u2013 valdivo<\/p>\n<p>kunta \u2013 kunda<\/p>\n<p>kuntayhtym\u00e4 \u2013 kundayhtym\u00e4<\/p>\n<p>kaupunki \u2013 linna<\/p>\n<p>yhdistys \u2013 yhissys<\/p>\n<p>j\u00e4rjest\u00f6 \u2013 j\u00e4rjest\u00f6<\/p>\n<p>j\u00e4sen \u2013 j\u00e4zen<\/p>\n<p>yritys \u2013 yritys, firma<\/p>\n<p>yritt\u00e4j\u00e4 \u2013 yritt\u00e4j\u00e4<\/p>\n<p>talous \u2013 talohus<\/p>\n<p>taloudellinen \u2013 talohuolline<\/p>\n<p>kauppa, kaupank\u00e4ynti \u2013 kauppa<\/p>\n<p>kaupallinen \u2013 kaupalline<\/p>\n<p>voitto \u2013 voitto<\/p>\n<p>voittoa tavoittelematon \u2013 voittuo tavottelematoin<\/p>\n<p>tulo \u2013 tulo<\/p>\n<p>tuloero \u2013 tuloero<\/p>\n<p>tulonsiirto \u2013 tulonsiirdo<\/p>\n<p>pienituloinen \u2013 pienitulone<\/p>\n<p>suurituloinen \u2013 suuritulone<\/p>\n<p>elintaso \u2013 el\u00e4nn\u00e4n tazo<\/p>\n<p>hyvinvointi \u2013 hyvinvoinda<\/p>\n<p>k\u00f6yh\u00e4 \u2013 keyh\u00e4<\/p>\n<p>k\u00f6yhyys \u2013 keyhys<\/p>\n<p>sosiaaliturva \u2013 sozialiturva<\/p>\n<p>tuki \u2013 tugi<\/p>\n<p>el\u00e4ke \u2013 el\u00e4keh, penzie<\/p>\n<p>vero \u2013 vero<\/p>\n<p>verottaa \u2013 verottua<\/p>\n<p>verotus \u2013 verotus<\/p>\n<p>maksaa \u2013 maksua<\/p>\n<p>maksu \u2013 makso<\/p>\n<p>maksullinen \u2013 maksolline<\/p>\n<p>markkinat \u2013 markkinat<\/p>\n<p>pankki \u2013 bankka<\/p>\n<p><strong>\u00a0<\/strong><\/p>\n<p><strong>Ty\u00f6 \u2013 Ruado <\/strong><\/p>\n<p>ty\u00f6skennell\u00e4, tehd\u00e4 ty\u00f6t\u00e4 \u2013 ruadua<\/p>\n<p>ty\u00f6ntekij\u00e4 \u2013 ruadaja<\/p>\n<p>ty\u00f6 \u2013 ruado<\/p>\n<p>ty\u00f6paikka \u2013 ruadopaikka<\/p>\n<p>ty\u00f6nantaja \u2013 ruavonandaja<\/p>\n<p>ty\u00f6t\u00f6n \u2013 ruavotoin<\/p>\n<p>ty\u00f6tt\u00f6myys \u2013 ruavottomus<\/p>\n<p>ty\u00f6llisyys \u2013 ruavollizus<\/p>\n<p>vapaaehtoinen \u2013 omatahtone<\/p>\n<p>vapaaehtoisty\u00f6 \u2013 omatahtone ruado<\/p>\n<p>vapaaehtoisty\u00f6ntekij\u00e4 \u2013 omatahtone ruadaja<\/p>\n<p>palkka \u2013 palkka<\/p>\n<p>pienipalkkainen \u2013 pienipalkkane<\/p>\n<p>suuripalkkainen \u2013 suuripalkkane<\/p>\n<p>ammatti \u2013 ammatti<\/p>\n<p>ammattiliitto \u2013 ammattiliitto<\/p>\n<p>ammattiyhdistys \u2013 ammattiyhissys<\/p>\n<p><strong>\u00a0<\/strong><\/p>\n<p><strong>Palvelut \u2013 Palvelut <\/strong><\/p>\n<p>palvelu \u2013 palvelu<\/p>\n<p>sosiaalinen \u2013 sozialine<\/p>\n<p>sosiaalipalvelut \u2013 sozialipalvelut<\/p>\n<p>p\u00e4iv\u00e4hoito \u2013 p\u00e4iv\u00e4hoido<\/p>\n<p>p\u00e4iv\u00e4koti \u2013 p\u00e4iv\u00e4kodi<\/p>\n<p>vanhuspalvelut \u2013 vanhoin ristikanzoin palvelut<\/p>\n<p>vammaispalvelut \u2013 niistiel\u00f6inpalvelut<\/p>\n<p>terveyspalvelut \u2013 tervehyspalvelut<\/p>\n<p>sairaala \u2013 bol\u2019ni\u010d\u010da<\/p>\n<p>terveysasema \u2013 tervehysazema<\/p>\n<p>neuvola \u2013 neuvola<\/p>\n<p>kirjasto \u2013 bibliotiekka, kirjasto<\/p>\n<p>liikuntapalvelut \u2013 liikundapalvelut<\/p>\n<p>nuorisoty\u00f6 \u2013 nuorizoruado<\/p>\n<p>peruspalvelu \u2013 peruspalvelu<\/p>\n<p>ostopalvelu \u2013 ostopalvelu<\/p>\n<p><strong>\u00a0<\/strong><\/p>\n<p><strong>Koulutus \u2013 Opassus <\/strong><\/p>\n<p>koulu \u2013 \u0161kola<\/p>\n<p>koululainen \u2013 \u0161kolaniekka<\/p>\n<p>opiskella, oppia \u2013 opastuo<\/p>\n<p>opiskelija, oppilas \u2013 opastuja<\/p>\n<p>koulutus, opetus \u2013 opassus<\/p>\n<p>esiopetus \u2013 eziopassus<\/p>\n<p>esikoulu \u2013 ezi\u0161kola<\/p>\n<p>perusopetus \u2013 perusopassus<\/p>\n<p>peruskoulu \u2013 perus\u0161kola<\/p>\n<p>toisen asteen koulutus \u2013 toizen astehen opassus<\/p>\n<p>lukio \u2013 gimnuazie<\/p>\n<p>ammatillinen koulutus, ammattikoulutus \u2013 ammatilline opassus, ammattiopassus<\/p>\n<p>ammattillinen oppilaitos, ammattikoulu \u2013 ammatti\u0161kola<\/p>\n<p>ammattikorkeakoulu \u2013 ammattikorgie\u0161kola<\/p>\n<p>korkeakoulutus \u2013 korgie opassus<\/p>\n<p>yliopisto \u2013 yliopisto<\/p>\n<p><strong>\u00a0<\/strong><\/p>\n<p><strong>Tekninen infrastruktuuri \u2013 Tehnilline infrastruktuura, perusrakenneh<\/strong><\/p>\n<p>energia \u2013 energie<\/p>\n<p>s\u00e4hk\u00f6 \u2013 s\u00e4hk\u00f6<\/p>\n<p>s\u00e4hk\u00f6verkko \u2013 s\u00e4hk\u00f6verkko<\/p>\n<p>kaukol\u00e4mp\u00f6 \u2013 loittol\u00e4mb\u00f6<\/p>\n<p>kaukol\u00e4mp\u00f6verkko \u2013 loittol\u00e4mb\u00f6verkko<\/p>\n<p>liikenne \u2013 liikenneh<\/p>\n<p>joukkoliikenne \u2013 joukkoliikenneh<\/p>\n<p>tietoliikenne \u2013 tiedoliikenneh<\/p>\n<p>vesi \u2013 vezi<\/p>\n<p>vesijohto \u2013 vezibutki<\/p>\n<p>vesijohtoverkosto \u2013 vezibutkiverkosto<\/p>\n<p>likavesi, j\u00e4tevesi \u2013 ligavezi<\/p>\n<p>viem\u00e4r\u00f6inti \u2013 ligavezikaivot, liga-, vihma- da sulavezikaivot<\/p>\n<p>j\u00e4tevedenpuhdistus \u2013 ligavein puhassanda<\/p>\n<p>j\u00e4te \u2013 j\u00e4teh<\/p>\n<p>j\u00e4tteenker\u00e4ys \u2013 j\u00e4ttehien keri\u00e4nd\u00e4<\/p>\n<p>viheralue \u2013 vihanda aloveh<\/p>\n<p>&nbsp;<\/p>\n<p><strong>Valtio \u2013 Valdivo\u00a0 <\/strong><\/p>\n<p>alue \u2013 aloveh<\/p>\n<p>alueellinen \u2013 alovehelline<\/p>\n<p>raja \u2013 raja<\/p>\n<p>itsen\u00e4inen \u2013 i\u010d\u010den\u00e4ne<\/p>\n<p>itsen\u00e4isyys \u2013 i\u010d\u010den\u00e4zys<\/p>\n<p>itsen\u00e4isyysp\u00e4iv\u00e4 \u2013 i\u010d\u010den\u00e4zysp\u00e4iv\u00e4<\/p>\n<p>maa \u2013 mua<\/p>\n<p>muuttaa \u2013 muuttua<\/p>\n<p>maahanmuutto \u2013 muahmuutto<\/p>\n<p>maahanmuuttaja \u2013 muahmuuttaja<\/p>\n<p>anoa \u2013 pakita<\/p>\n<p>anoa turvapaikkaa \u2013 pakita turvapaikkua<\/p>\n<p>turvapaikanhakija \u2013 turvapaikanpaki\u010d\u010dija<\/p>\n<p>pakolainen \u2013 pagolane<\/p>\n<p>kansa \u2013 kanza, rahvas<\/p>\n<p>kansallinen \u2013 kanzalline, rahvahalline<\/p>\n<p>kansallisp\u00e4iv\u00e4 \u2013 kanzallisp\u00e4iv\u00e4<\/p>\n<p>kansallisuus \u2013 kanzallizus<\/p>\n<p>kansalainen \u2013 kanzalane<\/p>\n<p>kansalaisuus \u2013 kanzalazus<\/p>\n<p>passi \u2013 pasportta<\/p>\n<p>henkil\u00f6llisyystodistus \u2013 hengil\u00f6llizystovessus<\/p>\n<p>henkil\u00f6kortti \u2013 hengil\u00f6kartti<\/p>\n<p>henkil\u00f6tunnus \u2013 hengil\u00f6tunnus<\/p>\n<p>asiakirja \u2013 aziekirja, dokumentta<\/p>\n<p>valuutta \u2013 val\u00b4uutta<\/p>\n<p>raha \u2013 denga<\/p>\n<p>euro \u2013 euro<\/p>\n<p>sentti \u2013 sentta<\/p>\n<p>symboli \u2013 simvola<\/p>\n<p>tunnus, tunnusmerkki \u2013 tunnus<\/p>\n<p>lippu \u2013 lippu, flagu<\/p>\n<p>hymni, kansallislaulu \u2013 himna, kanzallislaulu<\/p>\n<p>vaakuna \u2013 gerba<\/p>\n<p>p\u00e4\u00e4kaupunki \u2013 pi\u00e4linna<\/p>\n<p>hallitsija \u2013 halli\u010d\u010dija<\/p>\n<p>valtionp\u00e4\u00e4mies \u2013 valdivonpi\u00e4mies<\/p>\n<p>&nbsp;<\/p>\n<p><strong>V\u00e4est\u00f6 \u2013 Rahvahalisto<\/strong><\/p>\n<p>asukas \u2013 el\u00e4j\u00e4<\/p>\n<p>ik\u00e4 \u2013 ig\u00e4<\/p>\n<p>ik\u00e4luokka \u2013 ig\u00e4luokka<\/p>\n<p>ik\u00e4rakenne \u2013 ig\u00e4rakenneh<\/p>\n<p>lapsi \u2013 lapsi<\/p>\n<p>nuori \u2013 nuori<\/p>\n<p>aikuinen \u2013 aiguhine<\/p>\n<p>vanhus \u2013 vanha ristikanza<\/p>\n<p>sukupuoli \u2013 sugupuoli<\/p>\n<p>nainen \u2013 naine<\/p>\n<p>mies \u2013 mies<\/p>\n<p>kaupunkilainen \u2013 linnalane<\/p>\n<p>maaseudun asukkaat \u2013 kyliss\u00e4 el\u00e4j\u00e4t ristikanzat<\/p>\n<p><strong>\u00a0<\/strong><\/p>\n<p><strong>Valta \u2013 Valda\u00a0 <\/strong><\/p>\n<p>valtiomuoto \u2013 valdivomuodo<\/p>\n<p>demokratia \u2013 demokratie<\/p>\n<p>kansanvalta \u2013 rahvahanvalda<\/p>\n<p>tasavalta \u2013 tazavalda<\/p>\n<p>kuningaskunta \u2013 kuningaskunda<\/p>\n<p>diktatuuri \u2013 diktatuura<\/p>\n<p>lains\u00e4\u00e4d\u00e4nt\u00f6valta \u2013 zakonoinluajindavalda<\/p>\n<p>toimeenpanovalta \u2013 toimehpanovalda<\/p>\n<p>tuomiovalta \u2013 suudovalda<\/p>\n<p>oikeuslaitos \u2013 oigevuslaitos<\/p>\n<p>oikeusvaltio \u2013 oigevusvaldivo<\/p>\n<p>eduskunta, parlamentti \u2013 parlamentta<\/p>\n<p>kansanedustaja \u2013 kanzanevustaja<\/p>\n<p>hallita \u2013 hallita<\/p>\n<p>hallinto \u2013 hallindo<\/p>\n<p>aluehallinto \u2013 alovehhallindo<\/p>\n<p>itsehallinto \u2013 i\u010dehallindo<\/p>\n<p>hallitus \u2013 halli\u010dus<\/p>\n<p>valtioneuvosto \u2013 valdivoneuvosto<\/p>\n<p>ministeri \u2013 ministra<\/p>\n<p>p\u00e4\u00e4ministeri \u2013 pi\u00e4ministra<\/p>\n<p>presidentti \u2013 prezidentta<\/p>\n<p>politiikka \u2013 politikka<\/p>\n<p>poliittinen \u2013 poliittine<\/p>\n<p>puolue \u2013 puoloveh<\/p>\n<p>enemmist\u00f6 \u2013 en\u00e4mmist\u00f6<\/p>\n<p>v\u00e4hemmist\u00f6 \u2013 v\u00e4hemmist\u00f6<\/p>\n<p>oikeisto \u2013 oigielisto<\/p>\n<p>vasemmisto \u2013 huralisto, vazemisto<\/p>\n<p>ideologia \u2013 ideologie<\/p>\n<p>valita \u2013 vallita<\/p>\n<p>vaalit \u2013 valli\u010dukset<\/p>\n<p>ehdokas \u2013 ehotettu<\/p>\n<p>\u00e4\u00e4ni \u2013 i\u00e4ni<\/p>\n<p>\u00e4\u00e4nest\u00e4\u00e4 \u2013 i\u00e4nesti\u00e4<\/p>\n<p>\u00e4\u00e4nioikeus \u2013 i\u00e4nioigevus<\/p>\n<p>aloite \u2013 aloteh<\/p>\n<p>kansalaisaloite \u2013 kanzalaisaloteh<\/p>\n<p>esitys \u2013 ezitys<\/p>\n<p>neuvottelu \u2013 neuvottelu<\/p>\n<p>kompromissi \u2013 kompromissa<\/p>\n<p>p\u00e4\u00e4tt\u00e4\u00e4 \u2013 pi\u00e4tti\u00e4<\/p>\n<p>p\u00e4\u00e4t\u00f6s \u2013 pi\u00e4t\u00f6s<\/p>\n<p>sopimus \u2013 sobimus<\/p>\n<p>uudistus \u2013 uuvissus<\/p>\n<p>vaikuttaa \u2013 vaikuttua<\/p>\n<p>kokous \u2013 kerahmo<\/p>\n<p>puhe \u2013 pagina<\/p>\n<p>puheenjohtaja \u2013 paginanved\u00e4j\u00e4<\/p>\n<p>sihteeri \u2013 sekretari<\/p>\n<p>virkailija, virkamies, viranomainen \u2013 virganiekka<\/p>\n<p>virasto \u2013 virrasto<\/p>\n<p>virallinen \u2013 virralline<\/p>\n<p>ep\u00e4virallinen \u2013 eb\u00e4virralline<\/p>\n<p>toimisto \u2013 toimisto<\/p>\n<p>kanslia \u2013 kanslie<\/p>\n<p>laitos \u2013 laitos<\/p>\n<p>byrokratia \u2013 b\u2019urokratie<\/p>\n<p>media \u2013 medie<\/p>\n<p>sananvapaus \u2013 sananv\u00e4llys<\/p>\n<p>kritisoida, arvostella \u2013 kritikuija<\/p>\n<p>mielenosoitus \u2013 mielenozutus<\/p>\n<p><strong>\u00a0<\/strong><\/p>\n<p><strong>Laki \u2013 Zakona <\/strong><\/p>\n<p>perustuslaki \u2013 perussuszakona<\/p>\n<p>s\u00e4\u00e4t\u00e4\u00e4 laki \u2013 luadie zakona<\/p>\n<p>lains\u00e4\u00e4d\u00e4nt\u00f6 \u2013 zakonoinluajinda<\/p>\n<p>laillinen \u2013 zakonalline, zakonanmugane<\/p>\n<p>laillisuus \u2013 zakonallizus<\/p>\n<p>laiton \u2013 zakonatoin<\/p>\n<p>pyk\u00e4l\u00e4 \u2013 pyg\u00e4l\u00e4<\/p>\n<p>asetus \u2013 azetus<\/p>\n<p>oikeus \u2013 oigevus<\/p>\n<p>korkein oikeus \u2013 korgein oigevus<\/p>\n<p>oikeus, tuomioistuin; tuomio \u2013 suudo<\/p>\n<p>tuomari \u2013 sud\u00b4d\u00b4a<\/p>\n<p>tuomita \u2013 suudie<\/p>\n<p>puolustaa \u2013 puolistua<\/p>\n<p>asianajaja \u2013 puolistaja, advokuatta<\/p>\n<p>lakimies \u2013 jurista<\/p>\n<p>syytt\u00e4\u00e4 \u2013 vi\u00e4ritti\u00e4<\/p>\n<p>syytt\u00e4j\u00e4 \u2013 vi\u00e4ritt\u00e4j\u00e4<\/p>\n<p>syyllinen \u2013 vi\u00e4r\u00e4hine, vi\u00e4r\u00e4niekka<\/p>\n<p>syyt\u00f6n \u2013 vi\u00e4r\u00e4t\u00f6in<\/p>\n<p>todistaja \u2013 tovestua<\/p>\n<p>todistaa \u2013 tovestaja<\/p>\n<p>vankila \u2013 tyrm\u00e4<\/p>\n<p>vanki \u2013 vangi<\/p>\n<p>sakko \u2013 sakko, \u0161truafa<\/p>\n<p>rikos \u2013 rikos<\/p>\n<p>t\u00e4ysi-ik\u00e4inen \u2013 t\u00e4yzi-ig\u00e4ne<\/p>\n<p>velvollinen \u2013 vellalline<\/p>\n<p>velvollisuus \u2013 vellallizus<\/p>\n<p>yhdenvertainen \u2013 yhenverdane<\/p>\n<p>yhdenvertaisuus \u2013 yhenverdazus<\/p>\n<p>tasa-arvo \u2013 taza-arvo<\/p>\n<p>tasa-arvoinen \u2013 taza-arvone<\/p>\n<p>&nbsp;<\/p>\n<p><strong>Maanpuolustus \u2013 Muanpuolissus<\/strong><\/p>\n<p>maanpuolustusvelvollisuus \u2013 muanpuolissusvellallizus<\/p>\n<p>puolustusvoimat \u2013 puolissusvoimat<\/p>\n<p>armeija \u2013 armie<\/p>\n<p>sota \u2013 voina, soda<\/p>\n<p>rauha \u2013 rauha<\/p>\n<p>sotilas \u2013 saldatta<\/p>\n<p>&nbsp;<\/p>\n<p>Kuva: Pixabay<\/p>\n","protected":false},"excerpt":{"rendered":"<p>16.5.2021 Yhteiskunnallinen sanasto \u2013 Yhtehiskunnalline sanasto Suomi\u2013suvikarjala (etel\u00e4karjala) Luadija: Katerina Paalamo P\u00e4iv\u00e4nnouzu-Suomen yliopisto Karjalan kielen elvytyshankeh 2021\u20132022 Sanastojoukon ruadoloi T\u00e4h sanastoh on ker\u00e4tty keskehizie, yhtehiskunnan eri oza-alovehih liittyjie sanoi. Niid\u00e4 ollah ezimerkiksi yhtehiskunnan perusrakendeheh, talohuoh da valdarakendeheh liittyj\u00e4t sanat. \u00a0 Yhteiskunta \u2013 Yhtehiskunda yhteinen \u2013 yhtehine yhteiset asiat \u2013 yhtehizet dielot, aziet yhteiskunta \u2013 yhtehiskunda [&hellip;]<\/p>\n","protected":false},"author":419,"featured_media":0,"parent":0,"menu_order":0,"comment_status":"closed","ping_status":"closed","template":"","meta":{"_acf_changed":false,"footnotes":""},"class_list":["post-838","page","type-page","status-publish","hentry"],"acf":[],"yoast_head":"<!-- This site is optimized with the Yoast SEO plugin v27.3 - https:\/\/yoast.com\/product\/yoast-seo-wordpress\/ -->\n<title>Yhtehiskunnalline sanasto (suomi\u2013suvikarjala) - Karjalan kielen elvytt\u00e4minen<\/title>\n<meta name=\"robots\" content=\"index, follow, max-snippet:-1, max-image-preview:large, max-video-preview:-1\" \/>\n<link rel=\"canonical\" href=\"https:\/\/blogs.uef.fi\/karjalanelvytys\/yhtehiskunnalline-sanasto-suomi-suvikarjala\/\" \/>\n<meta property=\"og:locale\" content=\"fi_FI\" \/>\n<meta property=\"og:type\" content=\"article\" \/>\n<meta property=\"og:title\" content=\"Yhtehiskunnalline sanasto (suomi\u2013suvikarjala) - Karjalan kielen elvytt\u00e4minen\" \/>\n<meta property=\"og:description\" content=\"16.5.2021 Yhteiskunnallinen sanasto \u2013 Yhtehiskunnalline sanasto Suomi\u2013suvikarjala (etel\u00e4karjala) Luadija: Katerina Paalamo P\u00e4iv\u00e4nnouzu-Suomen yliopisto Karjalan kielen elvytyshankeh 2021\u20132022 Sanastojoukon ruadoloi T\u00e4h sanastoh on ker\u00e4tty keskehizie, yhtehiskunnan eri oza-alovehih liittyjie sanoi. Niid\u00e4 ollah ezimerkiksi yhtehiskunnan perusrakendeheh, talohuoh da valdarakendeheh liittyj\u00e4t sanat. \u00a0 Yhteiskunta \u2013 Yhtehiskunda yhteinen \u2013 yhtehine yhteiset asiat \u2013 yhtehizet dielot, aziet yhteiskunta \u2013 yhtehiskunda [&hellip;]\" \/>\n<meta property=\"og:url\" content=\"https:\/\/blogs.uef.fi\/karjalanelvytys\/yhtehiskunnalline-sanasto-suomi-suvikarjala\/\" \/>\n<meta property=\"og:site_name\" content=\"Karjalan kielen elvytt\u00e4minen\" \/>\n<meta property=\"article:modified_time\" content=\"2021-07-01T06:02:24+00:00\" \/>\n<meta name=\"twitter:card\" content=\"summary_large_image\" \/>\n<meta name=\"twitter:label1\" content=\"Arvioitu lukuaika\" \/>\n\t<meta name=\"twitter:data1\" content=\"4 minuuttia\" \/>\n<script type=\"application\/ld+json\" class=\"yoast-schema-graph\">{\"@context\":\"https:\\\/\\\/schema.org\",\"@graph\":[{\"@type\":\"WebPage\",\"@id\":\"https:\\\/\\\/blogs.uef.fi\\\/karjalanelvytys\\\/yhtehiskunnalline-sanasto-suomi-suvikarjala\\\/\",\"url\":\"https:\\\/\\\/blogs.uef.fi\\\/karjalanelvytys\\\/yhtehiskunnalline-sanasto-suomi-suvikarjala\\\/\",\"name\":\"Yhtehiskunnalline sanasto (suomi\u2013suvikarjala) - Karjalan kielen elvytt\u00e4minen\",\"isPartOf\":{\"@id\":\"https:\\\/\\\/blogs.uef.fi\\\/karjalanelvytys\\\/#website\"},\"datePublished\":\"2021-07-01T05:43:27+00:00\",\"dateModified\":\"2021-07-01T06:02:24+00:00\",\"breadcrumb\":{\"@id\":\"https:\\\/\\\/blogs.uef.fi\\\/karjalanelvytys\\\/yhtehiskunnalline-sanasto-suomi-suvikarjala\\\/#breadcrumb\"},\"inLanguage\":\"fi\",\"potentialAction\":[{\"@type\":\"ReadAction\",\"target\":[\"https:\\\/\\\/blogs.uef.fi\\\/karjalanelvytys\\\/yhtehiskunnalline-sanasto-suomi-suvikarjala\\\/\"]}]},{\"@type\":\"BreadcrumbList\",\"@id\":\"https:\\\/\\\/blogs.uef.fi\\\/karjalanelvytys\\\/yhtehiskunnalline-sanasto-suomi-suvikarjala\\\/#breadcrumb\",\"itemListElement\":[{\"@type\":\"ListItem\",\"position\":1,\"name\":\"Home\",\"item\":\"https:\\\/\\\/blogs.uef.fi\\\/karjalanelvytys\\\/\"},{\"@type\":\"ListItem\",\"position\":2,\"name\":\"Yhtehiskunnalline sanasto (suomi\u2013suvikarjala)\"}]},{\"@type\":\"WebSite\",\"@id\":\"https:\\\/\\\/blogs.uef.fi\\\/karjalanelvytys\\\/#website\",\"url\":\"https:\\\/\\\/blogs.uef.fi\\\/karjalanelvytys\\\/\",\"name\":\"Karjalan kielen elvytt\u00e4minen\",\"description\":\"\",\"potentialAction\":[{\"@type\":\"SearchAction\",\"target\":{\"@type\":\"EntryPoint\",\"urlTemplate\":\"https:\\\/\\\/blogs.uef.fi\\\/karjalanelvytys\\\/?s={search_term_string}\"},\"query-input\":{\"@type\":\"PropertyValueSpecification\",\"valueRequired\":true,\"valueName\":\"search_term_string\"}}],\"inLanguage\":\"fi\"}]}<\/script>\n<!-- \/ Yoast SEO plugin. -->","yoast_head_json":{"title":"Yhtehiskunnalline sanasto (suomi\u2013suvikarjala) - Karjalan kielen elvytt\u00e4minen","robots":{"index":"index","follow":"follow","max-snippet":"max-snippet:-1","max-image-preview":"max-image-preview:large","max-video-preview":"max-video-preview:-1"},"canonical":"https:\/\/blogs.uef.fi\/karjalanelvytys\/yhtehiskunnalline-sanasto-suomi-suvikarjala\/","og_locale":"fi_FI","og_type":"article","og_title":"Yhtehiskunnalline sanasto (suomi\u2013suvikarjala) - Karjalan kielen elvytt\u00e4minen","og_description":"16.5.2021 Yhteiskunnallinen sanasto \u2013 Yhtehiskunnalline sanasto Suomi\u2013suvikarjala (etel\u00e4karjala) Luadija: Katerina Paalamo P\u00e4iv\u00e4nnouzu-Suomen yliopisto Karjalan kielen elvytyshankeh 2021\u20132022 Sanastojoukon ruadoloi T\u00e4h sanastoh on ker\u00e4tty keskehizie, yhtehiskunnan eri oza-alovehih liittyjie sanoi. Niid\u00e4 ollah ezimerkiksi yhtehiskunnan perusrakendeheh, talohuoh da valdarakendeheh liittyj\u00e4t sanat. \u00a0 Yhteiskunta \u2013 Yhtehiskunda yhteinen \u2013 yhtehine yhteiset asiat \u2013 yhtehizet dielot, aziet yhteiskunta \u2013 yhtehiskunda [&hellip;]","og_url":"https:\/\/blogs.uef.fi\/karjalanelvytys\/yhtehiskunnalline-sanasto-suomi-suvikarjala\/","og_site_name":"Karjalan kielen elvytt\u00e4minen","article_modified_time":"2021-07-01T06:02:24+00:00","twitter_card":"summary_large_image","twitter_misc":{"Arvioitu lukuaika":"4 minuuttia"},"schema":{"@context":"https:\/\/schema.org","@graph":[{"@type":"WebPage","@id":"https:\/\/blogs.uef.fi\/karjalanelvytys\/yhtehiskunnalline-sanasto-suomi-suvikarjala\/","url":"https:\/\/blogs.uef.fi\/karjalanelvytys\/yhtehiskunnalline-sanasto-suomi-suvikarjala\/","name":"Yhtehiskunnalline sanasto (suomi\u2013suvikarjala) - Karjalan kielen elvytt\u00e4minen","isPartOf":{"@id":"https:\/\/blogs.uef.fi\/karjalanelvytys\/#website"},"datePublished":"2021-07-01T05:43:27+00:00","dateModified":"2021-07-01T06:02:24+00:00","breadcrumb":{"@id":"https:\/\/blogs.uef.fi\/karjalanelvytys\/yhtehiskunnalline-sanasto-suomi-suvikarjala\/#breadcrumb"},"inLanguage":"fi","potentialAction":[{"@type":"ReadAction","target":["https:\/\/blogs.uef.fi\/karjalanelvytys\/yhtehiskunnalline-sanasto-suomi-suvikarjala\/"]}]},{"@type":"BreadcrumbList","@id":"https:\/\/blogs.uef.fi\/karjalanelvytys\/yhtehiskunnalline-sanasto-suomi-suvikarjala\/#breadcrumb","itemListElement":[{"@type":"ListItem","position":1,"name":"Home","item":"https:\/\/blogs.uef.fi\/karjalanelvytys\/"},{"@type":"ListItem","position":2,"name":"Yhtehiskunnalline sanasto (suomi\u2013suvikarjala)"}]},{"@type":"WebSite","@id":"https:\/\/blogs.uef.fi\/karjalanelvytys\/#website","url":"https:\/\/blogs.uef.fi\/karjalanelvytys\/","name":"Karjalan kielen elvytt\u00e4minen","description":"","potentialAction":[{"@type":"SearchAction","target":{"@type":"EntryPoint","urlTemplate":"https:\/\/blogs.uef.fi\/karjalanelvytys\/?s={search_term_string}"},"query-input":{"@type":"PropertyValueSpecification","valueRequired":true,"valueName":"search_term_string"}}],"inLanguage":"fi"}]}},"_links":{"self":[{"href":"https:\/\/blogs.uef.fi\/karjalanelvytys\/wp-json\/wp\/v2\/pages\/838","targetHints":{"allow":["GET"]}}],"collection":[{"href":"https:\/\/blogs.uef.fi\/karjalanelvytys\/wp-json\/wp\/v2\/pages"}],"about":[{"href":"https:\/\/blogs.uef.fi\/karjalanelvytys\/wp-json\/wp\/v2\/types\/page"}],"author":[{"embeddable":true,"href":"https:\/\/blogs.uef.fi\/karjalanelvytys\/wp-json\/wp\/v2\/users\/419"}],"replies":[{"embeddable":true,"href":"https:\/\/blogs.uef.fi\/karjalanelvytys\/wp-json\/wp\/v2\/comments?post=838"}],"version-history":[{"count":1,"href":"https:\/\/blogs.uef.fi\/karjalanelvytys\/wp-json\/wp\/v2\/pages\/838\/revisions"}],"predecessor-version":[{"id":844,"href":"https:\/\/blogs.uef.fi\/karjalanelvytys\/wp-json\/wp\/v2\/pages\/838\/revisions\/844"}],"wp:attachment":[{"href":"https:\/\/blogs.uef.fi\/karjalanelvytys\/wp-json\/wp\/v2\/media?parent=838"}],"curies":[{"name":"wp","href":"https:\/\/api.w.org\/{rel}","templated":true}]}}