{"id":8235,"date":"2022-12-19T11:23:55","date_gmt":"2022-12-19T09:23:55","guid":{"rendered":"https:\/\/blogs.uef.fi\/karjalanelvytys\/?page_id=8235"},"modified":"2022-12-19T11:23:55","modified_gmt":"2022-12-19T09:23:55","slug":"karjalazus-tanapai","status":"publish","type":"page","link":"https:\/\/blogs.uef.fi\/karjalanelvytys\/karjalazus-tanapai\/","title":{"rendered":"Karjala\u017eus t\u00e4n\u00e4p\u00e4i"},"content":{"rendered":"<p>T\u00e4lle sivulle kootaan modernia karjalaisuutta ja nykyp\u00e4iv\u00e4n karjalaisidentiteettej\u00e4 esittelev\u00e4\u00e4 materiaalia. T\u00e4h\u00e4n viittaa sivun otsikko karjala\u017eus t\u00e4n\u00e4p\u00e4i, jota esimerkiksi Karjalazet Nuoret Suomes \u2013 Karjalaiset Nuoret \u0160uome\u0161\u0161a -yhdistys on k\u00e4ytt\u00e4nyt omassa someviestinn\u00e4ss\u00e4\u00e4n. Karjalaisuus on el\u00e4v\u00e4\u00e4 ja kehittyv\u00e4\u00e4, ja se vaikuttaa ihmisten el\u00e4miss\u00e4 juuri t\u00e4n\u00e4\u00e4n, ei ainoastaan historiassa ja arkistoissa.<\/p>\n<p>Sivulle listatut materiaalit on aiemmin julkaistu muualla elvytyshankkeen blogissa.<\/p>\n<hr \/>\n<p>19.12.2022. Meidy on olemas -pdf-kirja. <a href=\"https:\/\/blogs.uef.fi\/karjalanelvytys\/meidy-on-olemas-kirja-karjalaisista-nuorista\/\">Linkki.<\/a><\/p>\n<p>24.11.2022. Karjalaine i\u00e4ni -videosarja. <a href=\"https:\/\/blogs.uef.fi\/karjalanelvytys\/karjalaine-iani\/\">Linkki.<\/a><\/p>\n<p>Lokakuu 2022. Perhe- ja sateenkaarisanasto livvinkarjalaksi. <a href=\"https:\/\/blogs.uef.fi\/karjalanelvytys\/pereh-da-ukonvemmelsanasto-suomi-livvinkarjala\/\">Linkki.<\/a><\/p>\n<p>16.5.2022. Karjalan kieli el\u00e4y -opetusvideot. <a href=\"https:\/\/blogs.uef.fi\/karjalanelvytys\/opetusvideot\/\">Linkki.<\/a><\/p>\n<p>Kev\u00e4t 2022. Yliopistosanastoa etel\u00e4karjalaksi. <a href=\"https:\/\/blogs.uef.fi\/karjalanelvytys\/yliopisto-suomi-suvikarjala\/\">Linkki.<\/a><\/p>\n<p>10.12.2021. Kirjoitus karjalaisuuden n\u00e4kymisest\u00e4 arjessa. <a href=\"https:\/\/sites.uef.fi\/karjala\/2020\/12\/10\/luukku-10\/\">Linkki.<\/a><\/p>\n<p>7.12.2021. Kirjoitus karjalaisten nuorten jouluperinteist\u00e4. <a href=\"https:\/\/sites.uef.fi\/karjala\/2020\/12\/07\/luukku-7-2\/\">Linkki.<\/a><\/p>\n<p>5.12.2021. Karjalankielinen pikkujoulusanasto. <a href=\"https:\/\/sites.uef.fi\/karjala\/2020\/12\/05\/luukku-5\/\">Linkki.<\/a><\/p>\n<p>Kes\u00e4kuu 2021. Uudissanastoa livvinkarjalaksi. <a href=\"https:\/\/blogs.uef.fi\/karjalanelvytys\/uudissanastoa\/\">Linkki.<\/a><\/p>\n<p>31.5.2021. Yhteiskunnallista sanastoa vienankarjalaksi. <a href=\"https:\/\/blogs.uef.fi\/karjalanelvytys\/yhtehiskunnallini-sanasto-suomi-vienankarjala\/\">Linkki.<\/a><\/p>\n<p>16.5.2021. Yhteiskunnallista sanastoa etel\u00e4karjalaksi. <a href=\"https:\/\/blogs.uef.fi\/karjalanelvytys\/yhtehiskunnalline-sanasto-suomi-suvikarjala\/\">Linkki.<\/a><\/p>\n<p>Toukokuu 2021. Somesanasto livvinkarjalaksi. <a href=\"https:\/\/blogs.uef.fi\/karjalanelvytys\/somesanastuo-livvinkarjalakse\/\">Linkki.<\/a><\/p>\n","protected":false},"excerpt":{"rendered":"<p>T\u00e4lle sivulle kootaan modernia karjalaisuutta ja nykyp\u00e4iv\u00e4n karjalaisidentiteettej\u00e4 esittelev\u00e4\u00e4 materiaalia. T\u00e4h\u00e4n viittaa sivun otsikko karjala\u017eus t\u00e4n\u00e4p\u00e4i, jota esimerkiksi Karjalazet Nuoret Suomes \u2013 Karjalaiset Nuoret \u0160uome\u0161\u0161a -yhdistys on k\u00e4ytt\u00e4nyt omassa someviestinn\u00e4ss\u00e4\u00e4n. Karjalaisuus on el\u00e4v\u00e4\u00e4 ja kehittyv\u00e4\u00e4, ja se vaikuttaa ihmisten el\u00e4miss\u00e4 juuri t\u00e4n\u00e4\u00e4n, ei ainoastaan historiassa ja arkistoissa. Sivulle listatut materiaalit on aiemmin julkaistu muualla elvytyshankkeen [&hellip;]<\/p>\n","protected":false},"author":580,"featured_media":0,"parent":0,"menu_order":0,"comment_status":"closed","ping_status":"closed","template":"","meta":{"_acf_changed":false,"footnotes":""},"class_list":["post-8235","page","type-page","status-publish","hentry"],"acf":[],"yoast_head":"<!-- This site is optimized with the Yoast SEO plugin v27.1.1 - https:\/\/yoast.com\/product\/yoast-seo-wordpress\/ -->\n<title>Karjala\u017eus t\u00e4n\u00e4p\u00e4i - Karjalan kielen elvytt\u00e4minen<\/title>\n<meta name=\"robots\" content=\"index, follow, max-snippet:-1, max-image-preview:large, max-video-preview:-1\" \/>\n<link rel=\"canonical\" href=\"https:\/\/blogs.uef.fi\/karjalanelvytys\/karjalazus-tanapai\/\" \/>\n<meta property=\"og:locale\" content=\"fi_FI\" \/>\n<meta property=\"og:type\" content=\"article\" \/>\n<meta property=\"og:title\" content=\"Karjala\u017eus t\u00e4n\u00e4p\u00e4i - Karjalan kielen elvytt\u00e4minen\" \/>\n<meta property=\"og:description\" content=\"T\u00e4lle sivulle kootaan modernia karjalaisuutta ja nykyp\u00e4iv\u00e4n karjalaisidentiteettej\u00e4 esittelev\u00e4\u00e4 materiaalia. T\u00e4h\u00e4n viittaa sivun otsikko karjala\u017eus t\u00e4n\u00e4p\u00e4i, jota esimerkiksi Karjalazet Nuoret Suomes \u2013 Karjalaiset Nuoret \u0160uome\u0161\u0161a -yhdistys on k\u00e4ytt\u00e4nyt omassa someviestinn\u00e4ss\u00e4\u00e4n. Karjalaisuus on el\u00e4v\u00e4\u00e4 ja kehittyv\u00e4\u00e4, ja se vaikuttaa ihmisten el\u00e4miss\u00e4 juuri t\u00e4n\u00e4\u00e4n, ei ainoastaan historiassa ja arkistoissa. Sivulle listatut materiaalit on aiemmin julkaistu muualla elvytyshankkeen [&hellip;]\" \/>\n<meta property=\"og:url\" content=\"https:\/\/blogs.uef.fi\/karjalanelvytys\/karjalazus-tanapai\/\" \/>\n<meta property=\"og:site_name\" content=\"Karjalan kielen elvytt\u00e4minen\" \/>\n<meta name=\"twitter:card\" content=\"summary_large_image\" \/>\n<meta name=\"twitter:label1\" content=\"Arvioitu lukuaika\" \/>\n\t<meta name=\"twitter:data1\" content=\"1 minuutti\" \/>\n<script type=\"application\/ld+json\" class=\"yoast-schema-graph\">{\"@context\":\"https:\/\/schema.org\",\"@graph\":[{\"@type\":\"WebPage\",\"@id\":\"https:\/\/blogs.uef.fi\/karjalanelvytys\/karjalazus-tanapai\/\",\"url\":\"https:\/\/blogs.uef.fi\/karjalanelvytys\/karjalazus-tanapai\/\",\"name\":\"Karjala\u017eus t\u00e4n\u00e4p\u00e4i - Karjalan kielen elvytt\u00e4minen\",\"isPartOf\":{\"@id\":\"https:\/\/blogs.uef.fi\/karjalanelvytys\/#website\"},\"datePublished\":\"2022-12-19T09:23:55+00:00\",\"breadcrumb\":{\"@id\":\"https:\/\/blogs.uef.fi\/karjalanelvytys\/karjalazus-tanapai\/#breadcrumb\"},\"inLanguage\":\"fi\",\"potentialAction\":[{\"@type\":\"ReadAction\",\"target\":[\"https:\/\/blogs.uef.fi\/karjalanelvytys\/karjalazus-tanapai\/\"]}]},{\"@type\":\"BreadcrumbList\",\"@id\":\"https:\/\/blogs.uef.fi\/karjalanelvytys\/karjalazus-tanapai\/#breadcrumb\",\"itemListElement\":[{\"@type\":\"ListItem\",\"position\":1,\"name\":\"Home\",\"item\":\"https:\/\/blogs.uef.fi\/karjalanelvytys\/\"},{\"@type\":\"ListItem\",\"position\":2,\"name\":\"Karjala\u017eus t\u00e4n\u00e4p\u00e4i\"}]},{\"@type\":\"WebSite\",\"@id\":\"https:\/\/blogs.uef.fi\/karjalanelvytys\/#website\",\"url\":\"https:\/\/blogs.uef.fi\/karjalanelvytys\/\",\"name\":\"Karjalan kielen elvytt\u00e4minen\",\"description\":\"\",\"potentialAction\":[{\"@type\":\"SearchAction\",\"target\":{\"@type\":\"EntryPoint\",\"urlTemplate\":\"https:\/\/blogs.uef.fi\/karjalanelvytys\/?s={search_term_string}\"},\"query-input\":{\"@type\":\"PropertyValueSpecification\",\"valueRequired\":true,\"valueName\":\"search_term_string\"}}],\"inLanguage\":\"fi\"}]}<\/script>\n<!-- \/ Yoast SEO plugin. -->","yoast_head_json":{"title":"Karjala\u017eus t\u00e4n\u00e4p\u00e4i - Karjalan kielen elvytt\u00e4minen","robots":{"index":"index","follow":"follow","max-snippet":"max-snippet:-1","max-image-preview":"max-image-preview:large","max-video-preview":"max-video-preview:-1"},"canonical":"https:\/\/blogs.uef.fi\/karjalanelvytys\/karjalazus-tanapai\/","og_locale":"fi_FI","og_type":"article","og_title":"Karjala\u017eus t\u00e4n\u00e4p\u00e4i - Karjalan kielen elvytt\u00e4minen","og_description":"T\u00e4lle sivulle kootaan modernia karjalaisuutta ja nykyp\u00e4iv\u00e4n karjalaisidentiteettej\u00e4 esittelev\u00e4\u00e4 materiaalia. T\u00e4h\u00e4n viittaa sivun otsikko karjala\u017eus t\u00e4n\u00e4p\u00e4i, jota esimerkiksi Karjalazet Nuoret Suomes \u2013 Karjalaiset Nuoret \u0160uome\u0161\u0161a -yhdistys on k\u00e4ytt\u00e4nyt omassa someviestinn\u00e4ss\u00e4\u00e4n. Karjalaisuus on el\u00e4v\u00e4\u00e4 ja kehittyv\u00e4\u00e4, ja se vaikuttaa ihmisten el\u00e4miss\u00e4 juuri t\u00e4n\u00e4\u00e4n, ei ainoastaan historiassa ja arkistoissa. Sivulle listatut materiaalit on aiemmin julkaistu muualla elvytyshankkeen [&hellip;]","og_url":"https:\/\/blogs.uef.fi\/karjalanelvytys\/karjalazus-tanapai\/","og_site_name":"Karjalan kielen elvytt\u00e4minen","twitter_card":"summary_large_image","twitter_misc":{"Arvioitu lukuaika":"1 minuutti"},"schema":{"@context":"https:\/\/schema.org","@graph":[{"@type":"WebPage","@id":"https:\/\/blogs.uef.fi\/karjalanelvytys\/karjalazus-tanapai\/","url":"https:\/\/blogs.uef.fi\/karjalanelvytys\/karjalazus-tanapai\/","name":"Karjala\u017eus t\u00e4n\u00e4p\u00e4i - Karjalan kielen elvytt\u00e4minen","isPartOf":{"@id":"https:\/\/blogs.uef.fi\/karjalanelvytys\/#website"},"datePublished":"2022-12-19T09:23:55+00:00","breadcrumb":{"@id":"https:\/\/blogs.uef.fi\/karjalanelvytys\/karjalazus-tanapai\/#breadcrumb"},"inLanguage":"fi","potentialAction":[{"@type":"ReadAction","target":["https:\/\/blogs.uef.fi\/karjalanelvytys\/karjalazus-tanapai\/"]}]},{"@type":"BreadcrumbList","@id":"https:\/\/blogs.uef.fi\/karjalanelvytys\/karjalazus-tanapai\/#breadcrumb","itemListElement":[{"@type":"ListItem","position":1,"name":"Home","item":"https:\/\/blogs.uef.fi\/karjalanelvytys\/"},{"@type":"ListItem","position":2,"name":"Karjala\u017eus t\u00e4n\u00e4p\u00e4i"}]},{"@type":"WebSite","@id":"https:\/\/blogs.uef.fi\/karjalanelvytys\/#website","url":"https:\/\/blogs.uef.fi\/karjalanelvytys\/","name":"Karjalan kielen elvytt\u00e4minen","description":"","potentialAction":[{"@type":"SearchAction","target":{"@type":"EntryPoint","urlTemplate":"https:\/\/blogs.uef.fi\/karjalanelvytys\/?s={search_term_string}"},"query-input":{"@type":"PropertyValueSpecification","valueRequired":true,"valueName":"search_term_string"}}],"inLanguage":"fi"}]}},"_links":{"self":[{"href":"https:\/\/blogs.uef.fi\/karjalanelvytys\/wp-json\/wp\/v2\/pages\/8235","targetHints":{"allow":["GET"]}}],"collection":[{"href":"https:\/\/blogs.uef.fi\/karjalanelvytys\/wp-json\/wp\/v2\/pages"}],"about":[{"href":"https:\/\/blogs.uef.fi\/karjalanelvytys\/wp-json\/wp\/v2\/types\/page"}],"author":[{"embeddable":true,"href":"https:\/\/blogs.uef.fi\/karjalanelvytys\/wp-json\/wp\/v2\/users\/580"}],"replies":[{"embeddable":true,"href":"https:\/\/blogs.uef.fi\/karjalanelvytys\/wp-json\/wp\/v2\/comments?post=8235"}],"version-history":[{"count":2,"href":"https:\/\/blogs.uef.fi\/karjalanelvytys\/wp-json\/wp\/v2\/pages\/8235\/revisions"}],"predecessor-version":[{"id":8255,"href":"https:\/\/blogs.uef.fi\/karjalanelvytys\/wp-json\/wp\/v2\/pages\/8235\/revisions\/8255"}],"wp:attachment":[{"href":"https:\/\/blogs.uef.fi\/karjalanelvytys\/wp-json\/wp\/v2\/media?parent=8235"}],"curies":[{"name":"wp","href":"https:\/\/api.w.org\/{rel}","templated":true}]}}