{"id":8060,"date":"2023-01-31T13:45:20","date_gmt":"2023-01-31T11:45:20","guid":{"rendered":"https:\/\/blogs.uef.fi\/karjalanelvytys\/?page_id=8060"},"modified":"2023-04-19T09:36:52","modified_gmt":"2023-04-19T06:36:52","slug":"suojarven-pitajaseuran-kokoama-naytelmatekstikorpus","status":"publish","type":"page","link":"https:\/\/blogs.uef.fi\/karjalanelvytys\/suojarven-pitajaseuran-kokoama-naytelmatekstikorpus\/","title":{"rendered":"Suoj\u00e4rven Pit\u00e4j\u00e4seuran kokoama n\u00e4ytelm\u00e4tekstikorpus"},"content":{"rendered":"<p>T\u00e4lt\u00e4 sivulta l\u00f6yd\u00e4t Suoj\u00e4rven Pit\u00e4j\u00e4seuran kokoaman n\u00e4ytelm\u00e4tekstikorpuksen.<\/p>\n<p>N\u00e4ytelm\u00e4tekstit on ladattu sivulle pdf-muodossa. Pdf-muotoisten tiedostojen lataaminen omalle tietokoneelle ja tulostaminen esimerkiksi opetus- tai opiskeluk\u00e4ytt\u00f6\u00f6n on helppoa.<\/p>\n<p>N\u00e4ytelm\u00e4projektin ty\u00f6ryhm\u00e4 kuvaa korpuksen taustoja ja tekoprosessia seuraavanlaisesti:<\/p>\n<p>&#8221;Suoj\u00e4rven Pit\u00e4j\u00e4seuran kielity\u00f6ryhm\u00e4 Karjalan kieliruadajat on toteuttanut vuodesta 2014 alkaen Suoj\u00e4rvell\u00e4 p\u00e4\u00e4asiassa puhutun varsinaiskarjalan (etel\u00e4karjala) elvytysty\u00f6t\u00e4. Kieliruadajien aloitteesta ryhdyttiin kokoamaan puhuttua karjalaa edustavia harrastajakirjoittajien n\u00e4ytelm\u00e4tekstej\u00e4. Hanke dokumentoi my\u00f6s sit\u00e4, miten Raja-Karjalan murteita on kirjoitettu teksteiksi.<\/p>\n<p>Hankkeen p\u00e4\u00e4rahoittaja oli Taike (avustukset kulttuurisen moninaisuuden edist\u00e4miseen ja rasismin vastaiseen toimintaan 2022). It\u00e4-Suomen yliopisto hyv\u00e4ksyi projektin osaksi karjalan kielen elvytt\u00e4mishanketta ja osallistui hankkeen rahoitukseen.<\/p>\n<p>Hankesuunnitelman laati musiikin maisteri ja kulttuurijournalisti <strong>Matti Tuomisto<\/strong> Karjalan kieliruadajista. H\u00e4n my\u00f6s vastasi sopimusasioista, koordinoi ty\u00f6ryhm\u00e4n ty\u00f6t ja osallistui tekstiaineiston viimeistelyyn. N\u00e4ytelm\u00e4tekstit j\u00e4ljitti <strong>Iiris Korkatsu<\/strong>, joka my\u00f6s kirjoitti tekstit tekstitiedostoiksi. Kielitieteellinen asiantuntija, <strong>FT Miikul Pahomov<\/strong> k\u00e4sitteli tekstit lopulliseen muotoonsa s\u00e4ilytt\u00e4en kunkin kirjoittajan kielelle tyypilliset murreasut. N\u00e4yttelij\u00e4 ja draamaopettaja <strong>Viola Pekkanen<\/strong> suunnitteli tekstien yhten\u00e4isen ulkoasun ja teki arvion niiden k\u00e4ytett\u00e4vyydest\u00e4 n\u00e4ytt\u00e4m\u00f6ll\u00e4 tai muissa yhteyksiss\u00e4.&#8221;<\/p>\n<p>Pidemm\u00e4n version ty\u00f6ryhm\u00e4n taustoituksesta voi lukea pdf-tiedostona.<\/p>\n<p><a href=\"https:\/\/blogs.uef.fi\/karjalanelvytys\/wp-content\/uploads\/sites\/155\/2023\/01\/Suojarven-Pitajaseuran-naytelmatekstien-korpus.pdf\">Linkki pidemp\u00e4\u00e4n taustoitukseen.<\/a><\/p>\n<hr \/>\n<p>&nbsp;<\/p>\n<p><strong>Paavo Palviainen: Aijan ratas<\/strong><\/p>\n<p>Evakkoaikoihin sijoittuva n\u00e4ytelm\u00e4<\/p>\n<p><a href=\"https:\/\/blogs.uef.fi\/karjalanelvytys\/wp-content\/uploads\/sites\/155\/2023\/04\/Aija-ratas_VALMIS.pdf\">Linkki n\u00e4ytelm\u00e4tekstiin<\/a><\/p>\n<p>&nbsp;<\/p>\n<p><strong>Marjatta M\u00e4k\u00e4r\u00e4inen ja Kajaanin Suoj\u00e4rvel\u00e4iset ry:n kielipiiri: Akkani da tiedovoidu k\u00e4b\u00e4l\u00e4<\/strong><\/p>\n<p>Joel Lehtosen Eukko ja onnenk\u00e4p\u00e4l\u00e4 -kertomukseen perustuva lastenn\u00e4ytelm\u00e4<\/p>\n<p><a href=\"https:\/\/blogs.uef.fi\/karjalanelvytys\/wp-content\/uploads\/sites\/155\/2023\/01\/Akka-da-tiedovoidu_MIIKUL_valmis.pdf\">Linkki n\u00e4ytelm\u00e4tekstiin<\/a><\/p>\n<p>&nbsp;<\/p>\n<p><strong>Anita Kulmala (o. s. Korkatsu): Armassus &#8211; Love Story<br \/>\n<\/strong><\/p>\n<p>Monikulttuurinen Yl\u00e4-Savoon sijoittuva rakkausn\u00e4ytelm\u00e4, jatkoa Karjalazien doroga -n\u00e4ytelm\u00e4lle<\/p>\n<p><a href=\"https:\/\/blogs.uef.fi\/karjalanelvytys\/wp-content\/uploads\/sites\/155\/2023\/04\/Love-Story.pdf\">Linkki n\u00e4ytelm\u00e4tekstiin<\/a><\/p>\n<p>&nbsp;<\/p>\n<p><strong>Marjatta M\u00e4k\u00e4r\u00e4inen ja Kajaanin Suoj\u00e4rvel\u00e4iset ry:n kielipiiri: Boba da rotanpoigani<\/strong><\/p>\n<p>Ensimm\u00e4ist\u00e4 kertaa Oma Suoj\u00e4rvi -lehdess\u00e4 3\/2022 julkaistu lastenn\u00e4ytelm\u00e4teksti<\/p>\n<p><a href=\"https:\/\/blogs.uef.fi\/karjalanelvytys\/wp-content\/uploads\/sites\/155\/2023\/01\/Boba-da-rotanpoigani_Miikul_VALMIS.pdf\">Linkki n\u00e4ytelm\u00e4tekstiin<\/a><\/p>\n<p>&nbsp;<\/p>\n<p><strong>Anita Kulmala (o. s. Korkatsu): Hubailu: Didin ker starinal<\/strong><\/p>\n<p>Rock-musiikkiin liittyv\u00e4 n\u00e4ytelm\u00e4teksti<\/p>\n<p><a href=\"https:\/\/blogs.uef.fi\/karjalanelvytys\/wp-content\/uploads\/sites\/155\/2023\/01\/Hubailu_Miikul_VALMIS.pdf\">Linkki n\u00e4ytelm\u00e4tekstiin<\/a><\/p>\n<p>&nbsp;<\/p>\n<p><strong>Kosti Pamilo: Evakon tuomazet<\/strong><\/p>\n<p>Evakkoaikoihin sijoittuva n\u00e4ytelm\u00e4<\/p>\n<p><a href=\"https:\/\/blogs.uef.fi\/karjalanelvytys\/wp-content\/uploads\/sites\/155\/2023\/02\/Evakon-tuomazet_Miikul_VALMIS.pdf\">Linkki n\u00e4ytelm\u00e4tekstiin<\/a><\/p>\n<p>&nbsp;<\/p>\n<p><strong>Kosti Pamilo: Illa\u010d\u010du<\/strong><\/p>\n<p>Illa\u010d\u010du-illanvietosta kertova n\u00e4ytelm\u00e4. Alkuper\u00e4inen n\u00e4ytelm\u00e4teksti julkaistu kokoelmassa Sunguda. T\u00e4yzi karjalankielizie kuaskoi,<br \/>\nrunoloi da n\u00e4ytelmie. Toim. Fed\u2019an Pau\u0161u. Joensuu: Suoj\u00e4rven Pit\u00e4j\u00e4seura ry 1989, s. 167\u2013174.<\/p>\n<p><a href=\"https:\/\/blogs.uef.fi\/karjalanelvytys\/wp-content\/uploads\/sites\/155\/2023\/02\/Illaccu_Miikul_VALMIS.pdf\">Linkki n\u00e4ytelm\u00e4tekstiin<\/a><\/p>\n<p>&nbsp;<\/p>\n<p><strong>Anita Kulmala (o. s. Korkatsu): Karjalazien doroga<\/strong><\/p>\n<p>Karjalaisten evakkotaipaleesta kertova n\u00e4ytelm\u00e4teksti, tarina jatkuu Armassus &#8211; Love Story -n\u00e4ytelm\u00e4ss\u00e4<\/p>\n<p><a href=\"https:\/\/blogs.uef.fi\/karjalanelvytys\/wp-content\/uploads\/sites\/155\/2023\/01\/Karjalazien-doroga_Miikul_VALMIS.pdf\">Linkki n\u00e4ytelm\u00e4tekstiin<\/a><\/p>\n<p>&nbsp;<\/p>\n<p><strong>Vera Kujanp\u00e4\u00e4: Kielitt\u00e4j\u00e4<\/strong><\/p>\n<p>N\u00e4ytelm\u00e4 kolmen karjalaisnaisen keskustelusta<\/p>\n<p><a href=\"https:\/\/blogs.uef.fi\/karjalanelvytys\/wp-content\/uploads\/sites\/155\/2023\/01\/Kielittaja_Miikul_VALMIS.pdf\">Linkki n\u00e4ytelm\u00e4tekstiin<\/a><\/p>\n<p>&nbsp;<\/p>\n<p><strong>Marjatta M\u00e4k\u00e4r\u00e4inen ja Kajaanin Suoj\u00e4rvel\u00e4iset ry:n kielipiiri: Kodi my\u00f6d\u00e4v\u00e4n\u00e4<\/strong><\/p>\n<p>Lyhyt kotitalosta kertova n\u00e4ytelm\u00e4<\/p>\n<p><a href=\"https:\/\/blogs.uef.fi\/karjalanelvytys\/wp-content\/uploads\/sites\/155\/2023\/01\/Kodi-myodavana_Miikul_VALMIS.pdf\">Linkki n\u00e4ytelm\u00e4tekstiin<\/a><\/p>\n<p>&nbsp;<\/p>\n<p><strong>Marjatta M\u00e4k\u00e4r\u00e4inen ja Kajaanin Suoj\u00e4rvel\u00e4iset ry:n kielipiiri: Nagris<\/strong><\/p>\n<p>Vanhaan ven\u00e4l\u00e4iseen lastentarinaan pohjautuva lastenn\u00e4ytelm\u00e4, joka on julkaistu aiemmin Oma Suoj\u00e4rvi -lehdess\u00e4 2\/2022<\/p>\n<p><a href=\"https:\/\/blogs.uef.fi\/karjalanelvytys\/wp-content\/uploads\/sites\/155\/2023\/01\/Nagris_Miikul_VALMIS.pdf\">Linkki n\u00e4ytelm\u00e4tekstiin<\/a><\/p>\n<p>&nbsp;<\/p>\n<p><strong>Marjatta M\u00e4k\u00e4r\u00e4inen ja Kajaanin Suoj\u00e4rvel\u00e4iset ry:n kielipiiri: <\/strong><br \/>\n<strong>Nagrisvargahat<\/strong><\/p>\n<p>Lastenn\u00e4ytelm\u00e4<\/p>\n<p><a href=\"https:\/\/blogs.uef.fi\/karjalanelvytys\/wp-content\/uploads\/sites\/155\/2023\/01\/Nagrisvargahat_Miikul_VALMIS.pdf\">Linkki n\u00e4ytelm\u00e4tekstiin<\/a><\/p>\n<p>&nbsp;<\/p>\n<p><strong>Kosti Pamilo: Naitinmiehen neuvot<\/strong><\/p>\n<p>Puhemiehest\u00e4 kertova n\u00e4ytelm\u00e4. Alkuper\u00e4inen n\u00e4ytelm\u00e4teksti julkaistu kokoelmassa Sunguda. T\u00e4yzi karjalankielizie kuaskoi,<br \/>\nrunoloi da n\u00e4ytelmie. Toim. Fed\u2019an Pau\u0161u. Joensuu: Suoj\u00e4rven Pit\u00e4j\u00e4seura ry 1989, s. 69\u201380.<\/p>\n<p><a href=\"https:\/\/blogs.uef.fi\/karjalanelvytys\/wp-content\/uploads\/sites\/155\/2023\/02\/Naitinmiehen-neuvot_Miikul_VALMIS.pdf\">Linkki n\u00e4ytelm\u00e4tekstiin<\/a><\/p>\n<p>&nbsp;<\/p>\n<p><strong>Kosti Pamilo: Pedri \u0160emeikka<\/strong><\/p>\n<p>Pedri Shemeikan n\u00e4ytelm\u00e4muotoinen haastattelu<\/p>\n<p><a href=\"https:\/\/blogs.uef.fi\/karjalanelvytys\/wp-content\/uploads\/sites\/155\/2023\/02\/Pedrishemeikka_Miikul_VALMIS.pdf\">Linkki n\u00e4ytelm\u00e4tekstiin<\/a><\/p>\n<p>&nbsp;<\/p>\n<p><strong>Sanni Kuokkanen (o. s. Lauronen, Jehkil\u00e4n Sanni): P\u00e4iv\u00e4koufi<\/strong><\/p>\n<p>Alkuper\u00e4inen n\u00e4ytelm\u00e4teksti julkaistu kokoelmakirjassa Sunduga. T\u00e4yzi karjalankielizie kuaskoi, runoloi da n\u00e4ytelmie. Toim. Fed&#8217;an Pau\u0161u. Joensuu: Suoj\u00e4rven Pit\u00e4j\u00e4seura ry 1989, s. 38-40.<\/p>\n<p><a href=\"https:\/\/blogs.uef.fi\/karjalanelvytys\/wp-content\/uploads\/sites\/155\/2023\/01\/Paivakoufi_Miikul_VALMIS.pdf\">Linkki n\u00e4ytelm\u00e4tekstiin<\/a><\/p>\n<p>&nbsp;<\/p>\n<p><strong>Yrj\u00f6 L\u00f6s\u00f6nen: Silkkihuivi<\/strong><\/p>\n<p>Vuonna 1981 suomeksi ilmestyneen n\u00e4ytelm\u00e4n karjalankielinen k\u00e4\u00e4nn\u00f6s<\/p>\n<p><a href=\"https:\/\/blogs.uef.fi\/karjalanelvytys\/wp-content\/uploads\/sites\/155\/2023\/01\/Silkkihuivi_Miikul_VALMIS.pdf\">Linkki n\u00e4ytelm\u00e4tekstiin<\/a><\/p>\n<p>&nbsp;<\/p>\n<p><strong>Sanni Kuokkanen (o. s. Lauronen, Jehkil\u00e4n Sanni): Sulhassus<\/strong><\/p>\n<p>Suoj\u00e4rvel\u00e4isist\u00e4 naimisiinmenotavoista kertova n\u00e4ytelm\u00e4teksti<\/p>\n<p><a href=\"https:\/\/blogs.uef.fi\/karjalanelvytys\/wp-content\/uploads\/sites\/155\/2023\/01\/Sulhassus_Miikul_VALMIS.pdf\">Linkki n\u00e4ytelm\u00e4tekstiin<\/a><\/p>\n<p>&nbsp;<\/p>\n<p><strong>Kosti Pamilo: Tohturin vastahotol<\/strong><\/p>\n<p>Pitk\u00e4 l\u00e4\u00e4k\u00e4rin vastaanotolle sijoittuva n\u00e4ytelm\u00e4. Alkuper\u00e4inen n\u00e4ytelm\u00e4teksti julkaistu kokoelmassa Sunguda. T\u00e4yzi karjalankielizie kuaskoi,<br \/>\nrunoloi da n\u00e4ytelmie. Toim. Fed\u2019an Pau\u0161u. Joensuu: Suoj\u00e4rven Pit\u00e4j\u00e4seura ry 1989, s. 123\u2013130.<\/p>\n<p><a href=\"https:\/\/blogs.uef.fi\/karjalanelvytys\/wp-content\/uploads\/sites\/155\/2023\/02\/Tohturin-vastahotol_Miikul_VALMIS.pdf\">Linkki n\u00e4ytelm\u00e4tekstiin<\/a><\/p>\n<p>&nbsp;<\/p>\n<p><strong>Marjatta M\u00e4k\u00e4r\u00e4inen ja Kajaanin Suoj\u00e4rvel\u00e4iset ry:n kielipiiri: Vehn\u00e4nt\u00e4hk\u00e4<\/strong><\/p>\n<p>Kansansatuun perustuva lastenn\u00e4ytelm\u00e4<\/p>\n<p><a href=\"https:\/\/blogs.uef.fi\/karjalanelvytys\/wp-content\/uploads\/sites\/155\/2023\/01\/Vehnantahka_Miikul_VALMIS.pdf\">Linkki n\u00e4ytelm\u00e4tekstiin\u00a0<\/a><\/p>\n","protected":false},"excerpt":{"rendered":"<p>T\u00e4lt\u00e4 sivulta l\u00f6yd\u00e4t Suoj\u00e4rven Pit\u00e4j\u00e4seuran kokoaman n\u00e4ytelm\u00e4tekstikorpuksen. N\u00e4ytelm\u00e4tekstit on ladattu sivulle pdf-muodossa. Pdf-muotoisten tiedostojen lataaminen omalle tietokoneelle ja tulostaminen esimerkiksi opetus- tai opiskeluk\u00e4ytt\u00f6\u00f6n on helppoa. N\u00e4ytelm\u00e4projektin ty\u00f6ryhm\u00e4 kuvaa korpuksen taustoja ja tekoprosessia seuraavanlaisesti: &#8221;Suoj\u00e4rven Pit\u00e4j\u00e4seuran kielity\u00f6ryhm\u00e4 Karjalan kieliruadajat on toteuttanut vuodesta 2014 alkaen Suoj\u00e4rvell\u00e4 p\u00e4\u00e4asiassa puhutun varsinaiskarjalan (etel\u00e4karjala) elvytysty\u00f6t\u00e4. Kieliruadajien aloitteesta ryhdyttiin kokoamaan puhuttua karjalaa [&hellip;]<\/p>\n","protected":false},"author":580,"featured_media":0,"parent":0,"menu_order":0,"comment_status":"closed","ping_status":"closed","template":"","meta":{"_acf_changed":false,"footnotes":""},"class_list":["post-8060","page","type-page","status-publish","hentry"],"acf":[],"yoast_head":"<!-- This site is optimized with the Yoast SEO plugin v27.1.1 - https:\/\/yoast.com\/product\/yoast-seo-wordpress\/ -->\n<title>Suoj\u00e4rven Pit\u00e4j\u00e4seuran kokoama n\u00e4ytelm\u00e4tekstikorpus - Karjalan kielen elvytt\u00e4minen<\/title>\n<meta name=\"robots\" content=\"index, follow, max-snippet:-1, max-image-preview:large, max-video-preview:-1\" \/>\n<link rel=\"canonical\" href=\"https:\/\/blogs.uef.fi\/karjalanelvytys\/suojarven-pitajaseuran-kokoama-naytelmatekstikorpus\/\" \/>\n<meta property=\"og:locale\" content=\"fi_FI\" \/>\n<meta property=\"og:type\" content=\"article\" \/>\n<meta property=\"og:title\" content=\"Suoj\u00e4rven Pit\u00e4j\u00e4seuran kokoama n\u00e4ytelm\u00e4tekstikorpus - Karjalan kielen elvytt\u00e4minen\" \/>\n<meta property=\"og:description\" content=\"T\u00e4lt\u00e4 sivulta l\u00f6yd\u00e4t Suoj\u00e4rven Pit\u00e4j\u00e4seuran kokoaman n\u00e4ytelm\u00e4tekstikorpuksen. N\u00e4ytelm\u00e4tekstit on ladattu sivulle pdf-muodossa. Pdf-muotoisten tiedostojen lataaminen omalle tietokoneelle ja tulostaminen esimerkiksi opetus- tai opiskeluk\u00e4ytt\u00f6\u00f6n on helppoa. N\u00e4ytelm\u00e4projektin ty\u00f6ryhm\u00e4 kuvaa korpuksen taustoja ja tekoprosessia seuraavanlaisesti: &#8221;Suoj\u00e4rven Pit\u00e4j\u00e4seuran kielity\u00f6ryhm\u00e4 Karjalan kieliruadajat on toteuttanut vuodesta 2014 alkaen Suoj\u00e4rvell\u00e4 p\u00e4\u00e4asiassa puhutun varsinaiskarjalan (etel\u00e4karjala) elvytysty\u00f6t\u00e4. Kieliruadajien aloitteesta ryhdyttiin kokoamaan puhuttua karjalaa [&hellip;]\" \/>\n<meta property=\"og:url\" content=\"https:\/\/blogs.uef.fi\/karjalanelvytys\/suojarven-pitajaseuran-kokoama-naytelmatekstikorpus\/\" \/>\n<meta property=\"og:site_name\" content=\"Karjalan kielen elvytt\u00e4minen\" \/>\n<meta property=\"article:modified_time\" content=\"2023-04-19T06:36:52+00:00\" \/>\n<meta name=\"twitter:card\" content=\"summary_large_image\" \/>\n<meta name=\"twitter:label1\" content=\"Arvioitu lukuaika\" \/>\n\t<meta name=\"twitter:data1\" content=\"4 minuuttia\" \/>\n<script type=\"application\/ld+json\" class=\"yoast-schema-graph\">{\"@context\":\"https:\/\/schema.org\",\"@graph\":[{\"@type\":\"WebPage\",\"@id\":\"https:\/\/blogs.uef.fi\/karjalanelvytys\/suojarven-pitajaseuran-kokoama-naytelmatekstikorpus\/\",\"url\":\"https:\/\/blogs.uef.fi\/karjalanelvytys\/suojarven-pitajaseuran-kokoama-naytelmatekstikorpus\/\",\"name\":\"Suoj\u00e4rven Pit\u00e4j\u00e4seuran kokoama n\u00e4ytelm\u00e4tekstikorpus - Karjalan kielen elvytt\u00e4minen\",\"isPartOf\":{\"@id\":\"https:\/\/blogs.uef.fi\/karjalanelvytys\/#website\"},\"datePublished\":\"2023-01-31T11:45:20+00:00\",\"dateModified\":\"2023-04-19T06:36:52+00:00\",\"breadcrumb\":{\"@id\":\"https:\/\/blogs.uef.fi\/karjalanelvytys\/suojarven-pitajaseuran-kokoama-naytelmatekstikorpus\/#breadcrumb\"},\"inLanguage\":\"fi\",\"potentialAction\":[{\"@type\":\"ReadAction\",\"target\":[\"https:\/\/blogs.uef.fi\/karjalanelvytys\/suojarven-pitajaseuran-kokoama-naytelmatekstikorpus\/\"]}]},{\"@type\":\"BreadcrumbList\",\"@id\":\"https:\/\/blogs.uef.fi\/karjalanelvytys\/suojarven-pitajaseuran-kokoama-naytelmatekstikorpus\/#breadcrumb\",\"itemListElement\":[{\"@type\":\"ListItem\",\"position\":1,\"name\":\"Home\",\"item\":\"https:\/\/blogs.uef.fi\/karjalanelvytys\/\"},{\"@type\":\"ListItem\",\"position\":2,\"name\":\"Suoj\u00e4rven Pit\u00e4j\u00e4seuran kokoama n\u00e4ytelm\u00e4tekstikorpus\"}]},{\"@type\":\"WebSite\",\"@id\":\"https:\/\/blogs.uef.fi\/karjalanelvytys\/#website\",\"url\":\"https:\/\/blogs.uef.fi\/karjalanelvytys\/\",\"name\":\"Karjalan kielen elvytt\u00e4minen\",\"description\":\"\",\"potentialAction\":[{\"@type\":\"SearchAction\",\"target\":{\"@type\":\"EntryPoint\",\"urlTemplate\":\"https:\/\/blogs.uef.fi\/karjalanelvytys\/?s={search_term_string}\"},\"query-input\":{\"@type\":\"PropertyValueSpecification\",\"valueRequired\":true,\"valueName\":\"search_term_string\"}}],\"inLanguage\":\"fi\"}]}<\/script>\n<!-- \/ Yoast SEO plugin. -->","yoast_head_json":{"title":"Suoj\u00e4rven Pit\u00e4j\u00e4seuran kokoama n\u00e4ytelm\u00e4tekstikorpus - Karjalan kielen elvytt\u00e4minen","robots":{"index":"index","follow":"follow","max-snippet":"max-snippet:-1","max-image-preview":"max-image-preview:large","max-video-preview":"max-video-preview:-1"},"canonical":"https:\/\/blogs.uef.fi\/karjalanelvytys\/suojarven-pitajaseuran-kokoama-naytelmatekstikorpus\/","og_locale":"fi_FI","og_type":"article","og_title":"Suoj\u00e4rven Pit\u00e4j\u00e4seuran kokoama n\u00e4ytelm\u00e4tekstikorpus - Karjalan kielen elvytt\u00e4minen","og_description":"T\u00e4lt\u00e4 sivulta l\u00f6yd\u00e4t Suoj\u00e4rven Pit\u00e4j\u00e4seuran kokoaman n\u00e4ytelm\u00e4tekstikorpuksen. N\u00e4ytelm\u00e4tekstit on ladattu sivulle pdf-muodossa. Pdf-muotoisten tiedostojen lataaminen omalle tietokoneelle ja tulostaminen esimerkiksi opetus- tai opiskeluk\u00e4ytt\u00f6\u00f6n on helppoa. N\u00e4ytelm\u00e4projektin ty\u00f6ryhm\u00e4 kuvaa korpuksen taustoja ja tekoprosessia seuraavanlaisesti: &#8221;Suoj\u00e4rven Pit\u00e4j\u00e4seuran kielity\u00f6ryhm\u00e4 Karjalan kieliruadajat on toteuttanut vuodesta 2014 alkaen Suoj\u00e4rvell\u00e4 p\u00e4\u00e4asiassa puhutun varsinaiskarjalan (etel\u00e4karjala) elvytysty\u00f6t\u00e4. Kieliruadajien aloitteesta ryhdyttiin kokoamaan puhuttua karjalaa [&hellip;]","og_url":"https:\/\/blogs.uef.fi\/karjalanelvytys\/suojarven-pitajaseuran-kokoama-naytelmatekstikorpus\/","og_site_name":"Karjalan kielen elvytt\u00e4minen","article_modified_time":"2023-04-19T06:36:52+00:00","twitter_card":"summary_large_image","twitter_misc":{"Arvioitu lukuaika":"4 minuuttia"},"schema":{"@context":"https:\/\/schema.org","@graph":[{"@type":"WebPage","@id":"https:\/\/blogs.uef.fi\/karjalanelvytys\/suojarven-pitajaseuran-kokoama-naytelmatekstikorpus\/","url":"https:\/\/blogs.uef.fi\/karjalanelvytys\/suojarven-pitajaseuran-kokoama-naytelmatekstikorpus\/","name":"Suoj\u00e4rven Pit\u00e4j\u00e4seuran kokoama n\u00e4ytelm\u00e4tekstikorpus - Karjalan kielen elvytt\u00e4minen","isPartOf":{"@id":"https:\/\/blogs.uef.fi\/karjalanelvytys\/#website"},"datePublished":"2023-01-31T11:45:20+00:00","dateModified":"2023-04-19T06:36:52+00:00","breadcrumb":{"@id":"https:\/\/blogs.uef.fi\/karjalanelvytys\/suojarven-pitajaseuran-kokoama-naytelmatekstikorpus\/#breadcrumb"},"inLanguage":"fi","potentialAction":[{"@type":"ReadAction","target":["https:\/\/blogs.uef.fi\/karjalanelvytys\/suojarven-pitajaseuran-kokoama-naytelmatekstikorpus\/"]}]},{"@type":"BreadcrumbList","@id":"https:\/\/blogs.uef.fi\/karjalanelvytys\/suojarven-pitajaseuran-kokoama-naytelmatekstikorpus\/#breadcrumb","itemListElement":[{"@type":"ListItem","position":1,"name":"Home","item":"https:\/\/blogs.uef.fi\/karjalanelvytys\/"},{"@type":"ListItem","position":2,"name":"Suoj\u00e4rven Pit\u00e4j\u00e4seuran kokoama n\u00e4ytelm\u00e4tekstikorpus"}]},{"@type":"WebSite","@id":"https:\/\/blogs.uef.fi\/karjalanelvytys\/#website","url":"https:\/\/blogs.uef.fi\/karjalanelvytys\/","name":"Karjalan kielen elvytt\u00e4minen","description":"","potentialAction":[{"@type":"SearchAction","target":{"@type":"EntryPoint","urlTemplate":"https:\/\/blogs.uef.fi\/karjalanelvytys\/?s={search_term_string}"},"query-input":{"@type":"PropertyValueSpecification","valueRequired":true,"valueName":"search_term_string"}}],"inLanguage":"fi"}]}},"_links":{"self":[{"href":"https:\/\/blogs.uef.fi\/karjalanelvytys\/wp-json\/wp\/v2\/pages\/8060","targetHints":{"allow":["GET"]}}],"collection":[{"href":"https:\/\/blogs.uef.fi\/karjalanelvytys\/wp-json\/wp\/v2\/pages"}],"about":[{"href":"https:\/\/blogs.uef.fi\/karjalanelvytys\/wp-json\/wp\/v2\/types\/page"}],"author":[{"embeddable":true,"href":"https:\/\/blogs.uef.fi\/karjalanelvytys\/wp-json\/wp\/v2\/users\/580"}],"replies":[{"embeddable":true,"href":"https:\/\/blogs.uef.fi\/karjalanelvytys\/wp-json\/wp\/v2\/comments?post=8060"}],"version-history":[{"count":1,"href":"https:\/\/blogs.uef.fi\/karjalanelvytys\/wp-json\/wp\/v2\/pages\/8060\/revisions"}],"predecessor-version":[{"id":10606,"href":"https:\/\/blogs.uef.fi\/karjalanelvytys\/wp-json\/wp\/v2\/pages\/8060\/revisions\/10606"}],"wp:attachment":[{"href":"https:\/\/blogs.uef.fi\/karjalanelvytys\/wp-json\/wp\/v2\/media?parent=8060"}],"curies":[{"name":"wp","href":"https:\/\/api.w.org\/{rel}","templated":true}]}}