{"id":7712,"date":"2022-12-02T10:44:51","date_gmt":"2022-12-02T08:44:51","guid":{"rendered":"https:\/\/blogs.uef.fi\/karjalanelvytys\/?page_id=7712"},"modified":"2025-10-31T09:36:11","modified_gmt":"2025-10-31T07:36:11","slug":"karjalaiset-ja-karjalan-kieli-videoilla-ja-televisio-ohjelmissa","status":"publish","type":"page","link":"https:\/\/blogs.uef.fi\/karjalanelvytys\/karjalaiset-ja-karjalan-kieli-videoilla-ja-televisio-ohjelmissa\/","title":{"rendered":"Karjalaiset ja karjalan kieli videoilla ja televisio-ohjelmissa"},"content":{"rendered":"\n<p>T\u00e4h\u00e4n listaan on koottu netist\u00e4 l\u00f6ytyvi\u00e4 karjalaisia ja karjalan kielt\u00e4 k\u00e4sittelevi\u00e4 videoita ja televisio-ohjelmia.<\/p>\n\n\n\n<p><a href=\"https:\/\/areena.yle.fi\/1-73273763\">Yle Areena, 1.9.2025. N\u00e4kyville, jakso 3: Karjalan kielen opiskelijat<\/a><\/p>\n\n\n\n<p>Dokumentti, jossa matka kaupungista Pohjois-Karjalaan vie karjalan kielen opiskelijat tekem\u00e4\u00e4n lyhytelokuvaa<\/p>\n\n\n\n<p><a href=\"https:\/\/areena.yle.fi\/1-73304806\">Ylen aamu, 30.1.2025. Kuvataiteilija Lumi Tuomi ammentaa inspiraatiota karjalaisista juuristaan<\/a><\/p>\n\n\n\n<p>Kuvataiteilija Lumi Tuomen haastattelu, jossa keskustellaan muun muassa hiustaiteesta ja karjalaisten tekstiilit\u00f6iden perinteest\u00e4<\/p>\n\n\n\n<p><a href=\"https:\/\/www.youtube.com\/watch?v=zlW7db1cGxs\">Arctic Polyglots -Youtube-kanava, 26.1.2025. Polyglot Podcast #85 Natalia Giloeva | Karelian From Tuksa | Finnish\/Livvi-Karelian Episode<\/a><\/p>\n\n\n\n<p>Polyglot Podcastin -jakso, jossa Kristian Muthugalage haastattelee Natalia Giloevaa mm. karjalan kielen kehitt\u00e4misest\u00e4 ja k\u00e4ytt\u00e4misest\u00e4. Kristian k\u00e4ytt\u00e4\u00e4 haastattelussa suomea, Natalia karjalaa.<\/p>\n\n\n\n<p><a href=\"https:\/\/areena.yle.fi\/1-71944192\">Yle Areena, 25.11.2024. Tieoilta ja muistannalta<\/a><\/p>\n\n\n\n<p>Vanha video, jossa suoj\u00e4rvel\u00e4inen Elmi Tsokkinen kertoo karjalaisesta perinteest\u00e4. Tsokkinen puhuu suomea ja etel\u00e4karjalaa, ja ohjelma on tekstitetty suomeksi, vienankarjalaksi ja livvinkarjalaksi.<\/p>\n\n\n\n<p><a href=\"https:\/\/areena.yle.fi\/1-67252474\">Yle Areena, Kulttuuricocktail, 3.4.2024. Karjalaisuus murtautuu esiin uudessa valossa<\/a><\/p>\n\n\n\n<p>Kulttuuricocktail-ohjelman jakso, jossa ovat vieraina Mika Saatsi ja Reeta Suvanto<\/p>\n\n\n\n<p><a href=\"https:\/\/areena.yle.fi\/1-67303657\">Ylen aamu, 27.11.2023. Mika &#8221;Mi\u0161a&#8221; Saatsi elvytt\u00e4\u00e4 karjalan kielt\u00e4<\/a><\/p>\n\n\n\n<p>Loimolan Voima -yhtyeen Mika Saatsin haastattelu karjalan kielest\u00e4 Ylen aamussa<\/p>\n\n\n\n<p><a href=\"https:\/\/www.youtube.com\/@ViestitKarjala\">Viestit Karjala -Youtube-kanava<\/a><\/p>\n\n\n\n<p>Ven\u00e4j\u00e4nkarjalainen uutismedia, jonka Youtube-kanavalla on runsaasti karjalaisuutta ja karjalan kielt\u00e4 koskevaa materiaalia<\/p>\n\n\n\n<p><a href=\"https:\/\/www.youtube.com\/watch?v=MmszKA5U3VM\">Ryss\u00e4nkirkkolaiset-dokumentti, 20.7.2020<\/a><\/p>\n\n\n\n<p>Vuonna 2005 ensimm\u00e4isen kerran julkaistu dokumentti, joka k\u00e4sittelee Karjalan ortodoksisia evakoita ja heid\u00e4n kohtaamaan syrjint\u00e4\u00e4 sotia seuranneessa Suomessa<\/p>\n\n\n\n<p><a href=\"https:\/\/www.youtube.com\/watch?v=_uvehdtqgSw&amp;list=PLaNfvlZd-a3VZh75uQibC5YRwgx7oNlSX&amp;index=4\">It\u00e4-Suomen yliopiston Youtube-kanava, 14.9.2021. Karjalainen Karjala<\/a><\/p>\n\n\n\n<p>Studio Generalia -luentosarjan luento, jolla Helka Riionheimo puhuu karjalan kielest\u00e4 ja sen elvytt\u00e4misest\u00e4<\/p>\n\n\n\n<p><a href=\"https:\/\/www.youtube.com\/watch?v=k4NzFMGYahg\">Pekka Suutarin Youtube-kanava, 26.4.2016. Patva\u0161ka. Karjalaiset hi\u00e4t rajalla. \/\/ Karelian Wedding at the border<\/a><\/p>\n\n\n\n<p>Englanniksi tekstitetty videotaltiointi karjalaisista h\u00e4\u00e4juhlista<\/p>\n\n\n\n<p><a href=\"https:\/\/www.youtube.com\/watch?v=Dp8krt7SgAQ\">Joensuun Mailan Youtube-kanava, 27.7.2018. Lost in North Karelia \u2013 Karjalan kieli<\/a><\/p>\n\n\n\n<p>Kaksiosainen videosarja, jossa Joensuun Mailan j\u00e4senet k\u00e4yv\u00e4t It\u00e4-Suomen yliopiston Joensuun kampuksella tutustumassa karjalan kieleen<\/p>\n\n\n\n<p><a href=\"https:\/\/www.svt.se\/nyheter\/uutiset\/karjalaisuus-yhdistaa-useita-sukupolvia-myos-ruotsissa\">SVT, 12.10.2022. Karjalaisuus yhdist\u00e4\u00e4 useita sukupolvia \u2013 n\u00e4in sit\u00e4 juhlistettiin Tukholmassa<\/a><\/p>\n\n\n\n<p>Lyhyt videoreportaasi Tukholman karjalaisten killan 50-vuotisjuhlilta<\/p>\n\n\n\n<p><a href=\"https:\/\/www.youtube.com\/watch?v=by8Wn4Wiork\">Karjalan kielen kodi -Youtube-kanava, 15.9.2022. Karjalan kielen kodi, suomenkielinen tekstitys<\/a><\/p>\n\n\n\n<p>Vielj\u00e4rvell\u00e4 toimivan Karjalan kielen kodi -kielipes\u00e4n toimintaa esittelev\u00e4 video<\/p>\n\n\n\n<p><a href=\"https:\/\/www.youtube.com\/watch?v=30flIBnqRVY\">Karjalan Liiton Youtube-kanava, 29.3.2022. Karjalan kielen johdantokurssi<\/a><\/p>\n\n\n\n<p>It\u00e4-Suomen yliopiston karjalan kielen elvytyshankkeen Helka Riionheimon ja Olga Karlovan karjalan kielt\u00e4 koskeva johdantoluento<\/p>\n\n\n\n<p><a href=\"https:\/\/www.youtube.com\/watch?v=ZyvD2Q9-2_0\">Mahdollisuuksien matkalaukut -Youtube-kanava, 10.11.2022. Karjalan kieli \/ The Karelian Language<\/a><\/p>\n\n\n\n<p>Lyhyt opetusvideo, jossa kerrotaan perustietoja karjalan kielest\u00e4 ja opetellaan keskeisi\u00e4 sanoja ja fraaseja<\/p>\n\n\n\n<p><a href=\"https:\/\/www.youtube.com\/@karjalansivistysseura6968\/videos\">Karjalan Sivistysseuran -Youtube-kanava<\/a><\/p>\n\n\n\n<p>Karjalan Sivistysseuran Youtube-kanava, jolla on runsaasti karjalan kielt\u00e4 ja karjalaista kulttuuria koskevia videoita ja luentotaltiointeja<\/p>\n\n\n\n<p><a href=\"https:\/\/areena.yle.fi\/1-50236834\">Yle Areena, 2019. Tarunhohtoinen Viena<\/a><\/p>\n\n\n\n<p>Kymmenenosainen lyhytvideosarja, jossa k\u00e4sitell\u00e4\u00e4n Vienan Karjalan eri kaupunkeja ja perinteit\u00e4<\/p>\n\n\n\n<p><a href=\"https:\/\/areena.yle.fi\/1-4422833\">Yle Areena, 14.5.2019. Kolmannessa polvessa<\/a><\/p>\n\n\n\n<p>Karjalaisia sukuja ja ylisukupolvista traumaa kuvaava lyhyt dokumenttielokuva<\/p>\n\n\n\n<p><a href=\"https:\/\/areena.yle.fi\/1-50155433\">Yle Areena, 13.11.2015. Kova kaipuu Karjalaan<\/a><\/p>\n\n\n\n<p>Ensimm\u00e4isen kerran 19.11.1989 julkaistu dokumenttielokuva, jossa Salmin ja Suoj\u00e4rven evakot p\u00e4\u00e4sev\u00e4t ensimm\u00e4ist\u00e4 kertaa sotien j\u00e4lkeen kotiseudulleen Raja-Karjalaan<\/p>\n\n\n\n<p><a href=\"https:\/\/areena.yle.fi\/1-50105332\">Yle Areena, 20.5.2015. Rahvaan runot, katoavaa karjalaisuutta<\/a><\/p>\n\n\n\n<p>Ensimm\u00e4isen kerran 28.2.1973 julkaistu lyhytdokumentti, jossa suoj\u00e4rvel\u00e4istaustaiset kansanperinteen taitajat esitt\u00e4v\u00e4t lauluja, loitsuja ja itkuvirsi\u00e4<\/p>\n\n\n\n<p><a href=\"https:\/\/areena.yle.fi\/1-1675271\">Yle Areena, 31.8.2008. Taipaleen tsasouna \u2013 el\u00e4v\u00e4 muistomerkki<\/a><\/p>\n\n\n\n<p>Dokumentti perinteisen karjalaisen tsasounan rakentamisesta Pielaveden Taipaleen kyl\u00e4\u00e4n<\/p>\n\n\n\n<p><a href=\"https:\/\/areena.yle.fi\/1-50176938\">Yle Areena, 30.6.2014. Reportaasi tverinkarjalaisista<\/a><\/p>\n\n\n\n<p>Vuonna 1985 kuvattu dokumentti tverinkarjalaisista<\/p>\n\n\n\n<p><a href=\"https:\/\/areena.yle.fi\/1-50000179\">Yle Areena, 9.1.2018. Elmi Tsokkinen loitsii<\/a><\/p>\n\n\n\n<p>Vuonna 1965 kuvattu lyhyt video, jossa Elmi Tsokkinen kylvett\u00e4\u00e4 nukkevauvaa ja esittelee saunassa laadittavia loitsuja<\/p>\n\n\n\n<p><a href=\"https:\/\/vimeo.com\/240273777\">Vimeo, Jyrki Haapala. 2015. Veneh \u2013 elokuva siirtym\u00e4st\u00e4<\/a><\/p>\n\n\n\n<p>Karjalankielinen, karjalaisia h\u00e4\u00e4perinteit\u00e4 kuvaava lyhytelokuva<\/p>\n","protected":false},"excerpt":{"rendered":"<p>T\u00e4h\u00e4n listaan on koottu netist\u00e4 l\u00f6ytyvi\u00e4 karjalaisia ja karjalan kielt\u00e4 k\u00e4sittelevi\u00e4 videoita ja televisio-ohjelmia. Yle Areena, 1.9.2025. N\u00e4kyville, jakso 3: Karjalan kielen opiskelijat Dokumentti, jossa matka kaupungista Pohjois-Karjalaan vie karjalan kielen opiskelijat tekem\u00e4\u00e4n lyhytelokuvaa Ylen aamu, 30.1.2025. Kuvataiteilija Lumi Tuomi ammentaa inspiraatiota karjalaisista juuristaan Kuvataiteilija Lumi Tuomen haastattelu, jossa keskustellaan muun muassa hiustaiteesta ja karjalaisten [&hellip;]<\/p>\n","protected":false},"author":580,"featured_media":0,"parent":0,"menu_order":0,"comment_status":"closed","ping_status":"closed","template":"","meta":{"_acf_changed":false,"footnotes":""},"class_list":["post-7712","page","type-page","status-publish","hentry"],"acf":[],"yoast_head":"<!-- This site is optimized with the Yoast SEO plugin v27.1.1 - https:\/\/yoast.com\/product\/yoast-seo-wordpress\/ -->\n<title>Karjalaiset ja karjalan kieli videoilla ja televisio-ohjelmissa - Karjalan kielen elvytt\u00e4minen<\/title>\n<meta name=\"robots\" content=\"index, follow, max-snippet:-1, max-image-preview:large, max-video-preview:-1\" \/>\n<link rel=\"canonical\" href=\"https:\/\/blogs.uef.fi\/karjalanelvytys\/karjalaiset-ja-karjalan-kieli-videoilla-ja-televisio-ohjelmissa\/\" \/>\n<meta property=\"og:locale\" content=\"fi_FI\" \/>\n<meta property=\"og:type\" content=\"article\" \/>\n<meta property=\"og:title\" content=\"Karjalaiset ja karjalan kieli videoilla ja televisio-ohjelmissa - Karjalan kielen elvytt\u00e4minen\" \/>\n<meta property=\"og:description\" content=\"T\u00e4h\u00e4n listaan on koottu netist\u00e4 l\u00f6ytyvi\u00e4 karjalaisia ja karjalan kielt\u00e4 k\u00e4sittelevi\u00e4 videoita ja televisio-ohjelmia. Yle Areena, 1.9.2025. N\u00e4kyville, jakso 3: Karjalan kielen opiskelijat Dokumentti, jossa matka kaupungista Pohjois-Karjalaan vie karjalan kielen opiskelijat tekem\u00e4\u00e4n lyhytelokuvaa Ylen aamu, 30.1.2025. Kuvataiteilija Lumi Tuomi ammentaa inspiraatiota karjalaisista juuristaan Kuvataiteilija Lumi Tuomen haastattelu, jossa keskustellaan muun muassa hiustaiteesta ja karjalaisten [&hellip;]\" \/>\n<meta property=\"og:url\" content=\"https:\/\/blogs.uef.fi\/karjalanelvytys\/karjalaiset-ja-karjalan-kieli-videoilla-ja-televisio-ohjelmissa\/\" \/>\n<meta property=\"og:site_name\" content=\"Karjalan kielen elvytt\u00e4minen\" \/>\n<meta property=\"article:modified_time\" content=\"2025-10-31T07:36:11+00:00\" \/>\n<meta name=\"twitter:card\" content=\"summary_large_image\" \/>\n<meta name=\"twitter:label1\" content=\"Arvioitu lukuaika\" \/>\n\t<meta name=\"twitter:data1\" content=\"4 minuuttia\" \/>\n<script type=\"application\/ld+json\" class=\"yoast-schema-graph\">{\"@context\":\"https:\/\/schema.org\",\"@graph\":[{\"@type\":\"WebPage\",\"@id\":\"https:\/\/blogs.uef.fi\/karjalanelvytys\/karjalaiset-ja-karjalan-kieli-videoilla-ja-televisio-ohjelmissa\/\",\"url\":\"https:\/\/blogs.uef.fi\/karjalanelvytys\/karjalaiset-ja-karjalan-kieli-videoilla-ja-televisio-ohjelmissa\/\",\"name\":\"Karjalaiset ja karjalan kieli videoilla ja televisio-ohjelmissa - Karjalan kielen elvytt\u00e4minen\",\"isPartOf\":{\"@id\":\"https:\/\/blogs.uef.fi\/karjalanelvytys\/#website\"},\"datePublished\":\"2022-12-02T08:44:51+00:00\",\"dateModified\":\"2025-10-31T07:36:11+00:00\",\"breadcrumb\":{\"@id\":\"https:\/\/blogs.uef.fi\/karjalanelvytys\/karjalaiset-ja-karjalan-kieli-videoilla-ja-televisio-ohjelmissa\/#breadcrumb\"},\"inLanguage\":\"fi\",\"potentialAction\":[{\"@type\":\"ReadAction\",\"target\":[\"https:\/\/blogs.uef.fi\/karjalanelvytys\/karjalaiset-ja-karjalan-kieli-videoilla-ja-televisio-ohjelmissa\/\"]}]},{\"@type\":\"BreadcrumbList\",\"@id\":\"https:\/\/blogs.uef.fi\/karjalanelvytys\/karjalaiset-ja-karjalan-kieli-videoilla-ja-televisio-ohjelmissa\/#breadcrumb\",\"itemListElement\":[{\"@type\":\"ListItem\",\"position\":1,\"name\":\"Home\",\"item\":\"https:\/\/blogs.uef.fi\/karjalanelvytys\/\"},{\"@type\":\"ListItem\",\"position\":2,\"name\":\"Karjalaiset ja karjalan kieli videoilla ja televisio-ohjelmissa\"}]},{\"@type\":\"WebSite\",\"@id\":\"https:\/\/blogs.uef.fi\/karjalanelvytys\/#website\",\"url\":\"https:\/\/blogs.uef.fi\/karjalanelvytys\/\",\"name\":\"Karjalan kielen elvytt\u00e4minen\",\"description\":\"\",\"potentialAction\":[{\"@type\":\"SearchAction\",\"target\":{\"@type\":\"EntryPoint\",\"urlTemplate\":\"https:\/\/blogs.uef.fi\/karjalanelvytys\/?s={search_term_string}\"},\"query-input\":{\"@type\":\"PropertyValueSpecification\",\"valueRequired\":true,\"valueName\":\"search_term_string\"}}],\"inLanguage\":\"fi\"}]}<\/script>\n<!-- \/ Yoast SEO plugin. -->","yoast_head_json":{"title":"Karjalaiset ja karjalan kieli videoilla ja televisio-ohjelmissa - Karjalan kielen elvytt\u00e4minen","robots":{"index":"index","follow":"follow","max-snippet":"max-snippet:-1","max-image-preview":"max-image-preview:large","max-video-preview":"max-video-preview:-1"},"canonical":"https:\/\/blogs.uef.fi\/karjalanelvytys\/karjalaiset-ja-karjalan-kieli-videoilla-ja-televisio-ohjelmissa\/","og_locale":"fi_FI","og_type":"article","og_title":"Karjalaiset ja karjalan kieli videoilla ja televisio-ohjelmissa - Karjalan kielen elvytt\u00e4minen","og_description":"T\u00e4h\u00e4n listaan on koottu netist\u00e4 l\u00f6ytyvi\u00e4 karjalaisia ja karjalan kielt\u00e4 k\u00e4sittelevi\u00e4 videoita ja televisio-ohjelmia. Yle Areena, 1.9.2025. N\u00e4kyville, jakso 3: Karjalan kielen opiskelijat Dokumentti, jossa matka kaupungista Pohjois-Karjalaan vie karjalan kielen opiskelijat tekem\u00e4\u00e4n lyhytelokuvaa Ylen aamu, 30.1.2025. Kuvataiteilija Lumi Tuomi ammentaa inspiraatiota karjalaisista juuristaan Kuvataiteilija Lumi Tuomen haastattelu, jossa keskustellaan muun muassa hiustaiteesta ja karjalaisten [&hellip;]","og_url":"https:\/\/blogs.uef.fi\/karjalanelvytys\/karjalaiset-ja-karjalan-kieli-videoilla-ja-televisio-ohjelmissa\/","og_site_name":"Karjalan kielen elvytt\u00e4minen","article_modified_time":"2025-10-31T07:36:11+00:00","twitter_card":"summary_large_image","twitter_misc":{"Arvioitu lukuaika":"4 minuuttia"},"schema":{"@context":"https:\/\/schema.org","@graph":[{"@type":"WebPage","@id":"https:\/\/blogs.uef.fi\/karjalanelvytys\/karjalaiset-ja-karjalan-kieli-videoilla-ja-televisio-ohjelmissa\/","url":"https:\/\/blogs.uef.fi\/karjalanelvytys\/karjalaiset-ja-karjalan-kieli-videoilla-ja-televisio-ohjelmissa\/","name":"Karjalaiset ja karjalan kieli videoilla ja televisio-ohjelmissa - Karjalan kielen elvytt\u00e4minen","isPartOf":{"@id":"https:\/\/blogs.uef.fi\/karjalanelvytys\/#website"},"datePublished":"2022-12-02T08:44:51+00:00","dateModified":"2025-10-31T07:36:11+00:00","breadcrumb":{"@id":"https:\/\/blogs.uef.fi\/karjalanelvytys\/karjalaiset-ja-karjalan-kieli-videoilla-ja-televisio-ohjelmissa\/#breadcrumb"},"inLanguage":"fi","potentialAction":[{"@type":"ReadAction","target":["https:\/\/blogs.uef.fi\/karjalanelvytys\/karjalaiset-ja-karjalan-kieli-videoilla-ja-televisio-ohjelmissa\/"]}]},{"@type":"BreadcrumbList","@id":"https:\/\/blogs.uef.fi\/karjalanelvytys\/karjalaiset-ja-karjalan-kieli-videoilla-ja-televisio-ohjelmissa\/#breadcrumb","itemListElement":[{"@type":"ListItem","position":1,"name":"Home","item":"https:\/\/blogs.uef.fi\/karjalanelvytys\/"},{"@type":"ListItem","position":2,"name":"Karjalaiset ja karjalan kieli videoilla ja televisio-ohjelmissa"}]},{"@type":"WebSite","@id":"https:\/\/blogs.uef.fi\/karjalanelvytys\/#website","url":"https:\/\/blogs.uef.fi\/karjalanelvytys\/","name":"Karjalan kielen elvytt\u00e4minen","description":"","potentialAction":[{"@type":"SearchAction","target":{"@type":"EntryPoint","urlTemplate":"https:\/\/blogs.uef.fi\/karjalanelvytys\/?s={search_term_string}"},"query-input":{"@type":"PropertyValueSpecification","valueRequired":true,"valueName":"search_term_string"}}],"inLanguage":"fi"}]}},"_links":{"self":[{"href":"https:\/\/blogs.uef.fi\/karjalanelvytys\/wp-json\/wp\/v2\/pages\/7712","targetHints":{"allow":["GET"]}}],"collection":[{"href":"https:\/\/blogs.uef.fi\/karjalanelvytys\/wp-json\/wp\/v2\/pages"}],"about":[{"href":"https:\/\/blogs.uef.fi\/karjalanelvytys\/wp-json\/wp\/v2\/types\/page"}],"author":[{"embeddable":true,"href":"https:\/\/blogs.uef.fi\/karjalanelvytys\/wp-json\/wp\/v2\/users\/580"}],"replies":[{"embeddable":true,"href":"https:\/\/blogs.uef.fi\/karjalanelvytys\/wp-json\/wp\/v2\/comments?post=7712"}],"version-history":[{"count":1,"href":"https:\/\/blogs.uef.fi\/karjalanelvytys\/wp-json\/wp\/v2\/pages\/7712\/revisions"}],"predecessor-version":[{"id":22637,"href":"https:\/\/blogs.uef.fi\/karjalanelvytys\/wp-json\/wp\/v2\/pages\/7712\/revisions\/22637"}],"wp:attachment":[{"href":"https:\/\/blogs.uef.fi\/karjalanelvytys\/wp-json\/wp\/v2\/media?parent=7712"}],"curies":[{"name":"wp","href":"https:\/\/api.w.org\/{rel}","templated":true}]}}