{"id":7703,"date":"2022-12-02T10:45:20","date_gmt":"2022-12-02T08:45:20","guid":{"rendered":"https:\/\/blogs.uef.fi\/karjalanelvytys\/?page_id=7703"},"modified":"2025-10-31T09:37:37","modified_gmt":"2025-10-31T07:37:37","slug":"karjalaiset-ja-karjalan-kieli-podcasteissa-ja-radio-ohjelmissa","status":"publish","type":"page","link":"https:\/\/blogs.uef.fi\/karjalanelvytys\/karjalaiset-ja-karjalan-kieli-podcasteissa-ja-radio-ohjelmissa\/","title":{"rendered":"Karjalaiset ja karjalan kieli podcasteissa ja radio-ohjelmissa"},"content":{"rendered":"\n<p>T\u00e4h\u00e4n luetteloon on koottu internetist\u00e4 l\u00f6ytyvi\u00e4 karjalaisia ja karjalan kielt\u00e4 k\u00e4sittelevi\u00e4 podcasteja ja radio-ohjelmia.<\/p>\n\n\n\n<p><a href=\"https:\/\/soundcloud.com\/kielikeitinpiirai\">Kielikeitinpiirai, 2025 (linkki Soundcloudiin)<\/a><\/p>\n\n\n\n<p><strong>Elena Ravan<\/strong>, <strong>Miikku H\u00e4kin <\/strong>ja <strong>Niko Tynnyrisen <\/strong>karjalankielinen podcast, jossa puhutaan kaikesta maan ja taivaan v\u00e4lilt\u00e4<\/p>\n\n\n\n<p><a href=\"https:\/\/areena.yle.fi\/1-74115525\">Yle, Aristoteleen kantap\u00e4\u00e4, 27.5.2025. Segoilla, kravatti, \u00e4ij\u00e4n pillu \u2013 karjalan kielen harhaanjohtavat sana<\/a><\/p>\n\n\n\n<p>Radio-ohjelmassa, jossa Pasi Heikura, Natalia Giloeva ja Timoi Munne keskustelevat karjalan kielen suomenkielisen n\u00e4k\u00f6kulmasta harhaanjohtavista sanoista<\/p>\n\n\n\n<p><a href=\"https:\/\/areena.yle.fi\/podcastit\/1-67455427\">Yle, Maanantaitulet, 22.1.2024. Karjalaisuus el\u00e4\u00e4 keskuudessamme<\/a><\/p>\n\n\n\n<p>Kaksi tuntia kest\u00e4v\u00e4 radio-ohjelma, jossa k\u00e4sitell\u00e4\u00e4n karjalaisuutta Mika Saatsin, Outi \u00d6rnin ja studioon soittavien kuuntelijoiden johdolla<\/p>\n\n\n\n<p><a href=\"https:\/\/areena.yle.fi\/podcastit\/1-67288323\">Yle, Kuukauden dokumentti, 7.1.2024. Iso\u00e4itini konstit<\/a><\/p>\n\n\n\n<p>Karjalaisuutta, karjalan kielt\u00e4 ja sukuhistoriaa k\u00e4sittelev\u00e4 radio-ohjelma<\/p>\n\n\n\n<p><a href=\"https:\/\/areena.yle.fi\/podcastit\/1-66746995?fbclid=IwAR1lwEOce7BiLeRNzic0THS6HgGmjZTluSO0Icc8RcXpG64-Lvx-HVhd9BE\">Aristoteleen kantap\u00e4\u00e4, 22.11.2023. Hajanaisella karjalan kielell\u00e4 on monta kirjakielt\u00e4<\/a><\/p>\n\n\n\n<p>Podcast-jakso, jossa keskustellaan karjalan kielest\u00e4 ja haastatellaan Riho Gr\u00fcnthalia<\/p>\n\n\n\n<p><a href=\"https:\/\/open.spotify.com\/episode\/5tIxDI8S1VBNhmfUdfWr6k?si=3DRuB9eKSWWyW3HkPvG37g&amp;utm_source=copy-link&amp;fbclid=IwAR0SsHOPogkVIF4cQWq0M_ABVqvi82oArTZzWVRVzmyVhlKaDxS_8jrdBNM&amp;nd=1\">Murremyytinmurtajat -podcast, 1.11.2023. #33: Tuttua ja vierasta: karjalan elvytyst\u00e4 ja kielik\u00e4sitysten tutkimusta<\/a><\/p>\n\n\n\n<p>Podcast-jakso, jossa k\u00e4sitell\u00e4\u00e4n karjalan kielt\u00e4 ja haastatellaan Helka Riionheimoa<\/p>\n\n\n\n<p><a href=\"https:\/\/areena.yle.fi\/podcastit\/1-66533248\">Yle, Sari Valto, 17.10.2023. Evakkouden pitk\u00e4t j\u00e4ljet<\/a><\/p>\n\n\n\n<p>Radio-ohjelma, jossa haastatellaan yhteiskuntatieteiden tohtori Hell\u00e4 Neuvonen-Sepp\u00e4st\u00e4 ja kirjailija Merja M\u00e4ke\u00e4<\/p>\n\n\n\n<p><a href=\"https:\/\/www.ksml.fi\/paikalliset\/6189894\">Keskisuomalainen, 5.9.2023. Millaista on el\u00e4\u00e4 karjalaisena Suomessa \u2013 muuramelainen Anne Kalliola teki kirjan nuorista karjalaisista<\/a><\/p>\n\n\n\n<p>Anne Kalliolaa ja Meidy on olemas -kirjaa k\u00e4sittelev\u00e4 lyhyt podcast-jakso<\/p>\n\n\n\n<p><a href=\"https:\/\/www.youtube.com\/watch?v=gS6QC4piApA&amp;t=2s\">Karjalainen satu: H\u00f6lm\u00f6l\u00e4issatuja livvinkarjalaksi: Housut jalkaan ja Ikkunaton talo<\/a><\/p>\n\n\n\n<p>Eila Stepanovan livvinkarjalaksi lukemat h\u00f6lm\u00f6l\u00e4issadut<\/p>\n\n\n\n<p><a href=\"https:\/\/www.youtube.com\/watch?v=Ovju3yjYSXQ&amp;t=19s\">Satu vienankarjalaksi: Kaunikki ta Hirvi\u010d\u010dy<\/a><\/p>\n\n\n\n<p>Olga Karlovan vienankarjalaksi lukema versio Kaunotar ja hirvi\u00f6 -tarinasta<\/p>\n\n\n\n<p><a href=\"https:\/\/www.youtube.com\/watch?v=aQj_kMbYFu4\">Karjalainen satu: Ru\u0161kie\u0161li\u00e4pp\u00e4-tytt\u00f6ni<\/a><\/p>\n\n\n\n<p>Olga Karlovan vienankarjalaksi lukema versio Punahilkka-tarinasta<\/p>\n\n\n\n<p><a href=\"https:\/\/soundcloud.com\/karjalahipsteri\">Karjalahipsteri \u2013 Gostis, 2022&nbsp; (linkki Soundcloudiin)<\/a><\/p>\n\n\n\n<p><a href=\"https:\/\/eur03.safelinks.protection.outlook.com\/?url=https%3A%2F%2Fopen.spotify.com%2Fshow%2F0RJiyeiEdjPn27v4z1AjVS%3Fsi%3Ddd52381893e941d1&amp;data=05%7C01%7C%7Ca488344dc1f1419c2ef708daddddc047%7C87879f2e73044bf2baf263e7f83f3c34%7C0%7C0%7C638066241725840935%7CUnknown%7CTWFpbGZsb3d8eyJWIjoiMC4wLjAwMDAiLCJQIjoiV2luMzIiLCJBTiI6Ik1haWwiLCJXVCI6Mn0%3D%7C3000%7C%7C%7C&amp;sdata=6OxUclxoSlCai4C0BIpnHVbTYmaXqqqfOlGzKmijPtc%3D&amp;reserved=0\">Gostis, 2022<\/a> (linkki Spotifyyn)<\/p>\n\n\n\n<p>Karjalankielinen podcast, jossa Levon Mi\u0161a kyl\u00e4ilee paikoissa ja haastattelee kestitt\u00e4ji\u00e4\u00e4n karjalaisuuteen liittyvist\u00e4 aiheista<\/p>\n\n\n\n<p><a href=\"https:\/\/soundcloud.com\/uusisuistamo\/sets\/uusi-suistamo-podcast-1\">Uusi-Suistamo-podcast \u2013 1. tuotantokausi, 2020\u20132022<\/a><\/p>\n\n\n\n<p>Mika Saatsin ja Suistamon Perinneseuran toteuttama 10-osainen podcast, jossa k\u00e4sitell\u00e4\u00e4n muun muassa karjalaista kulttuuria, suistamolaisuutta ja ortodoksisuutta<\/p>\n\n\n\n<p><a href=\"https:\/\/www.kahdenkulttuurinvakea.com\/jaksot\/21-karjalaiset-suomessa-ja-kulttuurinen-omiminen-feat-maura-hkki\">Kahden kulttuurin v\u00e4ke\u00e4 -podcast, 29.1.2022. #21: Karjalaiset Suomessa ja kulttuurinen omiminen feat. Maura H\u00e4kki<\/a><\/p>\n\n\n\n<p>Podcast-jakso, jossa k\u00e4sitell\u00e4\u00e4n karjalaisuutta ja karjalaisten kohtaamia yhteiskunnallisia ongelmia, haastateltavana Miikku H\u00e4kki<\/p>\n\n\n\n<p><a href=\"https:\/\/soundcloud.com\/coel-thomas-202025197\/15-tuomo-kondie-karjalaisten-sorto-ja-kansanmurha\">Coel Thomas Podcast, 17.10.2022. 15. Tuomo Kondie \u2013 Karjalaisten sorto ja kansanmurha<\/a><\/p>\n\n\n\n<p>Podcast-jakso, jossa k\u00e4sitell\u00e4\u00e4n karjalaisten Suomessa kohtaamaa j\u00e4rjestelm\u00e4llist\u00e4 syrjint\u00e4\u00e4 ja kulttuurista omimista ja haastatellaan Tuomo Kondieta<\/p>\n\n\n\n<p><a href=\"https:\/\/areena.yle.fi\/podcastit\/1-62647622\">Kielen p\u00e4\u00e4ll\u00e4 -podcast, 2.8.2022. Karjalan kielen kehitt\u00e4misell\u00e4 ja voimaannuttamisella on kova kiire<\/a><\/p>\n\n\n\n<p>Podcast-jakso, jossa k\u00e4sitell\u00e4\u00e4n karjalan kielt\u00e4 ja sen asemaa Suomessa ja haastatellaan Eeva-Kaisa Linnaa<\/p>\n\n\n\n<p><a href=\"https:\/\/open.spotify.com\/episode\/74semoQpyzMm9ct6Fm33US?si=njhETtPtQUuyPBz6tj4iOQ\">Murremyytinmurtajat-podcast, 1.12.2022. #25: V\u00e4hemmist\u00f6kielt\u00e4 verkossa<\/a><\/p>\n\n\n\n<p>Podcast-jakso, jossa pohditaan valta- ja v\u00e4hemmist\u00f6kieli\u00e4 ja niiden k\u00e4ytt\u00f6\u00e4 internetiss\u00e4, haastateltavana Ilia Moshnikov<\/p>\n\n\n\n<p><a href=\"https:\/\/sverigesradio.se\/artikel\/7612119\">Sveriges Radio Finska, 30.10.2020. Nuoret elvytt\u00e4v\u00e4t karjalan kielt\u00e4 Suomessa: \u201c\u00c4itikin alkoi her\u00e4tell\u00e4 kielitaitoaan\u201d<\/a><\/p>\n\n\n\n<p>Lyhyt radiojuttu karjalan kielest\u00e4 ja siit\u00e4 kiinnostuneista nuorista, haastateltavana Niko Tynnyrinen<\/p>\n\n\n\n<p><a href=\"https:\/\/sverigesradio.se\/artikel\/6821480\">Sveriges Radio Finska, 15.11.2017. Karjalan kielell\u00e4 synkk\u00e4 historia Suomessa<\/a><\/p>\n\n\n\n<p>Lyhyt radiojuttu karjalan kielest\u00e4 ja sen historiasta Suomessa<\/p>\n\n\n\n<p><a href=\"https:\/\/areena.yle.fi\/podcastit\/1-63506850\">Syd\u00e4njuurilla \u2013 Amanda Kauranne -podcast, 21.11.2022. Hyvi\u00e4 karjalan kielen ned\u00e4lie! \u2013 karjalankielisi\u00e4 toivekappaleita ja haastattelussa Loimolan Voima<\/a><\/p>\n\n\n\n<p>Karjalaisuutta, karjalan kielt\u00e4 ja karjalankielist\u00e4 folk-musiikkia k\u00e4sittelev\u00e4 radio-ohjelma, jossa haastatellaan Loimolan Voiman Mika ja Niko Saatsia<\/p>\n\n\n\n<p><a href=\"https:\/\/www.youtube.com\/@suistamonpaginua\">Suistamon paginua -Youtube-kanava, 2022<\/a><\/p>\n\n\n\n<p>Suistamon perinneseuran kielity\u00f6ryhm\u00e4n toteuttama Youtube-kanava, jolla esitell\u00e4\u00e4n suistamolaisen Ilja Kotikallion esimerkiksi praasniekkoja ja tauteja ja niiden parantamista koskevia arkistohaastatteluja<\/p>\n\n\n\n<p><a href=\"https:\/\/areena.yle.fi\/podcastit\/1-50680917\">Karjalan evakot -podcast, 2020<\/a><\/p>\n\n\n\n<p>Karjalan evakkoja k\u00e4sittelev\u00e4 podcast, jossa muistellaan muun muassa Mureen perheen kokemuksia ja kirjeenvaihtoja ja evakkojen lapsia<\/p>\n","protected":false},"excerpt":{"rendered":"<p>T\u00e4h\u00e4n luetteloon on koottu internetist\u00e4 l\u00f6ytyvi\u00e4 karjalaisia ja karjalan kielt\u00e4 k\u00e4sittelevi\u00e4 podcasteja ja radio-ohjelmia. Kielikeitinpiirai, 2025 (linkki Soundcloudiin) Elena Ravan, Miikku H\u00e4kin ja Niko Tynnyrisen karjalankielinen podcast, jossa puhutaan kaikesta maan ja taivaan v\u00e4lilt\u00e4 Yle, Aristoteleen kantap\u00e4\u00e4, 27.5.2025. Segoilla, kravatti, \u00e4ij\u00e4n pillu \u2013 karjalan kielen harhaanjohtavat sana Radio-ohjelmassa, jossa Pasi Heikura, Natalia Giloeva ja Timoi [&hellip;]<\/p>\n","protected":false},"author":580,"featured_media":0,"parent":0,"menu_order":0,"comment_status":"closed","ping_status":"closed","template":"","meta":{"_acf_changed":false,"footnotes":""},"class_list":["post-7703","page","type-page","status-publish","hentry"],"acf":[],"yoast_head":"<!-- This site is optimized with the Yoast SEO plugin v27.3 - https:\/\/yoast.com\/product\/yoast-seo-wordpress\/ -->\n<title>Karjalaiset ja karjalan kieli podcasteissa ja radio-ohjelmissa - Karjalan kielen elvytt\u00e4minen<\/title>\n<meta name=\"robots\" content=\"index, follow, max-snippet:-1, max-image-preview:large, max-video-preview:-1\" \/>\n<link rel=\"canonical\" href=\"https:\/\/blogs.uef.fi\/karjalanelvytys\/karjalaiset-ja-karjalan-kieli-podcasteissa-ja-radio-ohjelmissa\/\" \/>\n<meta property=\"og:locale\" content=\"fi_FI\" \/>\n<meta property=\"og:type\" content=\"article\" \/>\n<meta property=\"og:title\" content=\"Karjalaiset ja karjalan kieli podcasteissa ja radio-ohjelmissa - Karjalan kielen elvytt\u00e4minen\" \/>\n<meta property=\"og:description\" content=\"T\u00e4h\u00e4n luetteloon on koottu internetist\u00e4 l\u00f6ytyvi\u00e4 karjalaisia ja karjalan kielt\u00e4 k\u00e4sittelevi\u00e4 podcasteja ja radio-ohjelmia. Kielikeitinpiirai, 2025 (linkki Soundcloudiin) Elena Ravan, Miikku H\u00e4kin ja Niko Tynnyrisen karjalankielinen podcast, jossa puhutaan kaikesta maan ja taivaan v\u00e4lilt\u00e4 Yle, Aristoteleen kantap\u00e4\u00e4, 27.5.2025. Segoilla, kravatti, \u00e4ij\u00e4n pillu \u2013 karjalan kielen harhaanjohtavat sana Radio-ohjelmassa, jossa Pasi Heikura, Natalia Giloeva ja Timoi [&hellip;]\" \/>\n<meta property=\"og:url\" content=\"https:\/\/blogs.uef.fi\/karjalanelvytys\/karjalaiset-ja-karjalan-kieli-podcasteissa-ja-radio-ohjelmissa\/\" \/>\n<meta property=\"og:site_name\" content=\"Karjalan kielen elvytt\u00e4minen\" \/>\n<meta property=\"article:modified_time\" content=\"2025-10-31T07:37:37+00:00\" \/>\n<meta name=\"twitter:card\" content=\"summary_large_image\" \/>\n<meta name=\"twitter:label1\" content=\"Arvioitu lukuaika\" \/>\n\t<meta name=\"twitter:data1\" content=\"3 minuuttia\" \/>\n<script type=\"application\/ld+json\" class=\"yoast-schema-graph\">{\"@context\":\"https:\\\/\\\/schema.org\",\"@graph\":[{\"@type\":\"WebPage\",\"@id\":\"https:\\\/\\\/blogs.uef.fi\\\/karjalanelvytys\\\/karjalaiset-ja-karjalan-kieli-podcasteissa-ja-radio-ohjelmissa\\\/\",\"url\":\"https:\\\/\\\/blogs.uef.fi\\\/karjalanelvytys\\\/karjalaiset-ja-karjalan-kieli-podcasteissa-ja-radio-ohjelmissa\\\/\",\"name\":\"Karjalaiset ja karjalan kieli podcasteissa ja radio-ohjelmissa - Karjalan kielen elvytt\u00e4minen\",\"isPartOf\":{\"@id\":\"https:\\\/\\\/blogs.uef.fi\\\/karjalanelvytys\\\/#website\"},\"datePublished\":\"2022-12-02T08:45:20+00:00\",\"dateModified\":\"2025-10-31T07:37:37+00:00\",\"breadcrumb\":{\"@id\":\"https:\\\/\\\/blogs.uef.fi\\\/karjalanelvytys\\\/karjalaiset-ja-karjalan-kieli-podcasteissa-ja-radio-ohjelmissa\\\/#breadcrumb\"},\"inLanguage\":\"fi\",\"potentialAction\":[{\"@type\":\"ReadAction\",\"target\":[\"https:\\\/\\\/blogs.uef.fi\\\/karjalanelvytys\\\/karjalaiset-ja-karjalan-kieli-podcasteissa-ja-radio-ohjelmissa\\\/\"]}]},{\"@type\":\"BreadcrumbList\",\"@id\":\"https:\\\/\\\/blogs.uef.fi\\\/karjalanelvytys\\\/karjalaiset-ja-karjalan-kieli-podcasteissa-ja-radio-ohjelmissa\\\/#breadcrumb\",\"itemListElement\":[{\"@type\":\"ListItem\",\"position\":1,\"name\":\"Home\",\"item\":\"https:\\\/\\\/blogs.uef.fi\\\/karjalanelvytys\\\/\"},{\"@type\":\"ListItem\",\"position\":2,\"name\":\"Karjalaiset ja karjalan kieli podcasteissa ja radio-ohjelmissa\"}]},{\"@type\":\"WebSite\",\"@id\":\"https:\\\/\\\/blogs.uef.fi\\\/karjalanelvytys\\\/#website\",\"url\":\"https:\\\/\\\/blogs.uef.fi\\\/karjalanelvytys\\\/\",\"name\":\"Karjalan kielen elvytt\u00e4minen\",\"description\":\"\",\"potentialAction\":[{\"@type\":\"SearchAction\",\"target\":{\"@type\":\"EntryPoint\",\"urlTemplate\":\"https:\\\/\\\/blogs.uef.fi\\\/karjalanelvytys\\\/?s={search_term_string}\"},\"query-input\":{\"@type\":\"PropertyValueSpecification\",\"valueRequired\":true,\"valueName\":\"search_term_string\"}}],\"inLanguage\":\"fi\"}]}<\/script>\n<!-- \/ Yoast SEO plugin. -->","yoast_head_json":{"title":"Karjalaiset ja karjalan kieli podcasteissa ja radio-ohjelmissa - Karjalan kielen elvytt\u00e4minen","robots":{"index":"index","follow":"follow","max-snippet":"max-snippet:-1","max-image-preview":"max-image-preview:large","max-video-preview":"max-video-preview:-1"},"canonical":"https:\/\/blogs.uef.fi\/karjalanelvytys\/karjalaiset-ja-karjalan-kieli-podcasteissa-ja-radio-ohjelmissa\/","og_locale":"fi_FI","og_type":"article","og_title":"Karjalaiset ja karjalan kieli podcasteissa ja radio-ohjelmissa - Karjalan kielen elvytt\u00e4minen","og_description":"T\u00e4h\u00e4n luetteloon on koottu internetist\u00e4 l\u00f6ytyvi\u00e4 karjalaisia ja karjalan kielt\u00e4 k\u00e4sittelevi\u00e4 podcasteja ja radio-ohjelmia. Kielikeitinpiirai, 2025 (linkki Soundcloudiin) Elena Ravan, Miikku H\u00e4kin ja Niko Tynnyrisen karjalankielinen podcast, jossa puhutaan kaikesta maan ja taivaan v\u00e4lilt\u00e4 Yle, Aristoteleen kantap\u00e4\u00e4, 27.5.2025. Segoilla, kravatti, \u00e4ij\u00e4n pillu \u2013 karjalan kielen harhaanjohtavat sana Radio-ohjelmassa, jossa Pasi Heikura, Natalia Giloeva ja Timoi [&hellip;]","og_url":"https:\/\/blogs.uef.fi\/karjalanelvytys\/karjalaiset-ja-karjalan-kieli-podcasteissa-ja-radio-ohjelmissa\/","og_site_name":"Karjalan kielen elvytt\u00e4minen","article_modified_time":"2025-10-31T07:37:37+00:00","twitter_card":"summary_large_image","twitter_misc":{"Arvioitu lukuaika":"3 minuuttia"},"schema":{"@context":"https:\/\/schema.org","@graph":[{"@type":"WebPage","@id":"https:\/\/blogs.uef.fi\/karjalanelvytys\/karjalaiset-ja-karjalan-kieli-podcasteissa-ja-radio-ohjelmissa\/","url":"https:\/\/blogs.uef.fi\/karjalanelvytys\/karjalaiset-ja-karjalan-kieli-podcasteissa-ja-radio-ohjelmissa\/","name":"Karjalaiset ja karjalan kieli podcasteissa ja radio-ohjelmissa - Karjalan kielen elvytt\u00e4minen","isPartOf":{"@id":"https:\/\/blogs.uef.fi\/karjalanelvytys\/#website"},"datePublished":"2022-12-02T08:45:20+00:00","dateModified":"2025-10-31T07:37:37+00:00","breadcrumb":{"@id":"https:\/\/blogs.uef.fi\/karjalanelvytys\/karjalaiset-ja-karjalan-kieli-podcasteissa-ja-radio-ohjelmissa\/#breadcrumb"},"inLanguage":"fi","potentialAction":[{"@type":"ReadAction","target":["https:\/\/blogs.uef.fi\/karjalanelvytys\/karjalaiset-ja-karjalan-kieli-podcasteissa-ja-radio-ohjelmissa\/"]}]},{"@type":"BreadcrumbList","@id":"https:\/\/blogs.uef.fi\/karjalanelvytys\/karjalaiset-ja-karjalan-kieli-podcasteissa-ja-radio-ohjelmissa\/#breadcrumb","itemListElement":[{"@type":"ListItem","position":1,"name":"Home","item":"https:\/\/blogs.uef.fi\/karjalanelvytys\/"},{"@type":"ListItem","position":2,"name":"Karjalaiset ja karjalan kieli podcasteissa ja radio-ohjelmissa"}]},{"@type":"WebSite","@id":"https:\/\/blogs.uef.fi\/karjalanelvytys\/#website","url":"https:\/\/blogs.uef.fi\/karjalanelvytys\/","name":"Karjalan kielen elvytt\u00e4minen","description":"","potentialAction":[{"@type":"SearchAction","target":{"@type":"EntryPoint","urlTemplate":"https:\/\/blogs.uef.fi\/karjalanelvytys\/?s={search_term_string}"},"query-input":{"@type":"PropertyValueSpecification","valueRequired":true,"valueName":"search_term_string"}}],"inLanguage":"fi"}]}},"_links":{"self":[{"href":"https:\/\/blogs.uef.fi\/karjalanelvytys\/wp-json\/wp\/v2\/pages\/7703","targetHints":{"allow":["GET"]}}],"collection":[{"href":"https:\/\/blogs.uef.fi\/karjalanelvytys\/wp-json\/wp\/v2\/pages"}],"about":[{"href":"https:\/\/blogs.uef.fi\/karjalanelvytys\/wp-json\/wp\/v2\/types\/page"}],"author":[{"embeddable":true,"href":"https:\/\/blogs.uef.fi\/karjalanelvytys\/wp-json\/wp\/v2\/users\/580"}],"replies":[{"embeddable":true,"href":"https:\/\/blogs.uef.fi\/karjalanelvytys\/wp-json\/wp\/v2\/comments?post=7703"}],"version-history":[{"count":1,"href":"https:\/\/blogs.uef.fi\/karjalanelvytys\/wp-json\/wp\/v2\/pages\/7703\/revisions"}],"predecessor-version":[{"id":22639,"href":"https:\/\/blogs.uef.fi\/karjalanelvytys\/wp-json\/wp\/v2\/pages\/7703\/revisions\/22639"}],"wp:attachment":[{"href":"https:\/\/blogs.uef.fi\/karjalanelvytys\/wp-json\/wp\/v2\/media?parent=7703"}],"curies":[{"name":"wp","href":"https:\/\/api.w.org\/{rel}","templated":true}]}}