{"id":7400,"date":"2022-11-15T10:43:44","date_gmt":"2022-11-15T08:43:44","guid":{"rendered":"https:\/\/blogs.uef.fi\/karjalanelvytys\/?page_id=7400"},"modified":"2026-02-24T08:55:43","modified_gmt":"2026-02-24T06:55:43","slug":"karjalan-kielen-sanakirjat","status":"publish","type":"page","link":"https:\/\/blogs.uef.fi\/karjalanelvytys\/karjalan-kielen-sanakirjat\/","title":{"rendered":"Karjalan kielen sanakirjat"},"content":{"rendered":"\n<p>T\u00e4lle sivulle on ker\u00e4tty karjalan kielen ilmaisia, internetiss\u00e4 k\u00e4ytett\u00e4vi\u00e4 tai sielt\u00e4 omalle laitteelle ladattavia sanakirjoja ja sanastoja.<\/p>\n\n\n\n<p>Elvytyshankkeen blogiin on ker\u00e4tty my\u00f6s luettelo karjalan kielen painetuista sanakirjoista.<\/p>\n\n\n\n<p><a href=\"https:\/\/blogs.uef.fi\/karjalanelvytys\/karjalan-kielen-painetut-sanakirjat\/\">Linkki painettujen sanakirjojen luetteloon.<\/a><\/p>\n\n\n\n<p>*<\/p>\n\n\n\n<p><strong>Kotimaisten kielten keskus, Karjalan kielen verkkosanakirja<\/strong><\/p>\n\n\n\n<p>Historiallinen karjala-suomi-sanakirja, jossa on sanoja kaikista karjalan p\u00e4\u00e4murteista, runsaasti esimerkkej\u00e4 ja esimerkiksi alamurteisiin ja k\u00e4ytt\u00f6yhteyksiin liittyv\u00e4\u00e4 lis\u00e4tietoa<\/p>\n\n\n\n<p><a href=\"https:\/\/kaino.kotus.fi\/cgi-bin\/kks\/kks_etusivu.cgi\">Linkki sanakirjaan<\/a>.<\/p>\n\n\n\n<p><a href=\"https:\/\/blogs.uef.fi\/karjalanelvytys\/wp-content\/uploads\/sites\/155\/2026\/02\/KKS_Ohjavot1.pdf\" id=\"https:\/\/blogs.uef.fi\/karjalanelvytys\/wp-content\/uploads\/sites\/155\/2026\/02\/KKS_Ohjavot1.pdf\">Linkki sanakirjan k\u00e4ytt\u00f6\u00e4 tukeviin ohjeisiin.<\/a><\/p>\n\n\n\n<p>*<\/p>\n\n\n\n<p><strong>Ljudmila Markianova &amp; Raija Py\u00f6li: Sanakirja suomi-karjala (PDF)<\/strong><\/p>\n\n\n\n<p>Laaja suomi-karjala-sanakirja, ladattavissa PDF-tiedostona Karjalan Sivistysseuran verkkosivuilta<\/p>\n\n\n\n<p><a href=\"https:\/\/www.karjalansivistysseura.fi\/hallinta\/wp-content\/uploads\/2021\/04\/Markianova-Pyoli-sanakirja-suomi-karjala.pdf\">Linkki sanakirjaan.<\/a><\/p>\n\n\n\n<p>*<\/p>\n\n\n\n<p><strong>Tatjana Boiko: Karjalan kielen grammuatiekku-orfogruafine sanakniigu<\/strong><\/p>\n\n\n\n<p>Laaja karjala-ven\u00e4j\u00e4-sanakirja, luettavissa internetiss\u00e4<\/p>\n\n\n\n<p><a href=\"http:\/\/avtor.karelia.ru\/elbibl\/boiko\/karjalan_kielen\/index.html\">Linkki sanakirjaan.<\/a><\/p>\n\n\n\n<p>*<\/p>\n\n\n\n<p><strong>Raija Py\u00f6li: Sanakirja karjala-suomi (PDF)<\/strong><\/p>\n\n\n\n<p>Laaja karjala-suomi-sanakirja, ladattavissa PDF-tiedostona Karjalan Sivistysseuran verkkosivuilta<\/p>\n\n\n\n<p><a href=\"https:\/\/www.karjalansivistysseura.fi\/hallinta\/wp-content\/uploads\/2021\/05\/Pyoli-sanakirja-karjala-suomi-1.pdf\">Linkki sanakirjaan.<\/a><\/p>\n\n\n\n<p>*<\/p>\n\n\n\n<p><strong>Ven\u00e4j\u00e4-karjala- ja karjala-ven\u00e4j\u00e4-sanakirjat<\/strong><\/p>\n\n\n\n<p>PDF-muotoisia Ven\u00e4j\u00e4n Karjalassa laadittuja sanakirjoja useammalla eri murteella<\/p>\n\n\n\n<p>Verkkosivu on ven\u00e4j\u00e4ksi, mutta se voi halutessaan muuttaa my\u00f6s englanninkieliseksi<\/p>\n\n\n\n<p><a href=\"http:\/\/illhportal.krc.karelia.ru\/section.php?plang=r&amp;id=1202\">Linkki sanakirjoihin<\/a>.<\/p>\n\n\n\n<p>*<\/p>\n\n\n\n<p><strong>Opastajat.net, kuvasanakirjat<\/strong><\/p>\n\n\n\n<p>Eri aiheita koskevia kuvasanakirjoja, sanat ja niiden selitykset livvinkarjalaksi<\/p>\n\n\n\n<p>Teemoina esimerkiksi el\u00e4imet, kasvit, vaatteet ja ruoat<\/p>\n\n\n\n<p><a href=\"https:\/\/opastajat.net\/opastus\/kuvasanakniigu\/index.html\">Linkki sanakirjoihin<\/a>.<\/p>\n\n\n\n<p>*<\/p>\n\n\n\n<p><strong>Karjalan kielen elvytyshankkeen blogi, uudissanastoa<\/strong><\/p>\n\n\n\n<p>T\u00e4ss\u00e4 blogissa julkaistu p\u00e4ivittyv\u00e4 livvinkarjalan uuden sanaston luettelo<\/p>\n\n\n\n<p><a href=\"https:\/\/blogs.uef.fi\/karjalanelvytys\/uudissanastoa\/\">Linkki uudissanastoon<\/a>.<\/p>\n\n\n\n<p>*<\/p>\n\n\n\n<p><strong>Karjalan kielen elvytyshankkeen blogi, sanastoryhm\u00e4n sanastoja<\/strong><\/p>\n\n\n\n<p>T\u00e4ss\u00e4 blogissa julkaistuja sanastoja kaikilla karjalan p\u00e4\u00e4murteilla, teemoina esimerkiksi perhe ja sateenkaari-ihmiset (livvinkarjalaksi), yliopistosanasto (etel\u00e4karjalaksi), yhteiskunnallinen sanasto (vienan- ja etel\u00e4karjalaksi) ja vappusanasto (vienankarjalaksi)<\/p>\n\n\n\n<p><a href=\"https:\/\/blogs.uef.fi\/karjalanelvytys\/sanastoryhman-sanastoja\/\">Linkki sanastoihin<\/a>.<\/p>\n\n\n\n<p>*<\/p>\n\n\n\n<p><strong>Karjalan kielen elvytyshankkeen blogi, muita sanastoja<\/strong><\/p>\n\n\n\n<p>Muita t\u00e4ss\u00e4 blogissa julkaistuja sanastoja vienan- ja livvinkarjalaksi, teemoina kasvit, kirkko, ruoka, autot ja sosiaalinen media<\/p>\n\n\n\n<p><a href=\"https:\/\/blogs.uef.fi\/karjalanelvytys\/muita-sanastoja\/\">Linkki sanastoihin.<\/a><\/p>\n","protected":false},"excerpt":{"rendered":"<p>T\u00e4lle sivulle on ker\u00e4tty karjalan kielen ilmaisia, internetiss\u00e4 k\u00e4ytett\u00e4vi\u00e4 tai sielt\u00e4 omalle laitteelle ladattavia sanakirjoja ja sanastoja. Elvytyshankkeen blogiin on ker\u00e4tty my\u00f6s luettelo karjalan kielen painetuista sanakirjoista. Linkki painettujen sanakirjojen luetteloon. * Kotimaisten kielten keskus, Karjalan kielen verkkosanakirja Historiallinen karjala-suomi-sanakirja, jossa on sanoja kaikista karjalan p\u00e4\u00e4murteista, runsaasti esimerkkej\u00e4 ja esimerkiksi alamurteisiin ja k\u00e4ytt\u00f6yhteyksiin liittyv\u00e4\u00e4 lis\u00e4tietoa [&hellip;]<\/p>\n","protected":false},"author":580,"featured_media":0,"parent":0,"menu_order":0,"comment_status":"closed","ping_status":"closed","template":"","meta":{"_acf_changed":false,"footnotes":""},"class_list":["post-7400","page","type-page","status-publish","hentry"],"acf":[],"yoast_head":"<!-- This site is optimized with the Yoast SEO plugin v27.1.1 - https:\/\/yoast.com\/product\/yoast-seo-wordpress\/ -->\n<title>Karjalan kielen sanakirjat - Karjalan kielen elvytt\u00e4minen<\/title>\n<meta name=\"robots\" content=\"index, follow, max-snippet:-1, max-image-preview:large, max-video-preview:-1\" \/>\n<link rel=\"canonical\" href=\"https:\/\/blogs.uef.fi\/karjalanelvytys\/karjalan-kielen-sanakirjat\/\" \/>\n<meta property=\"og:locale\" content=\"fi_FI\" \/>\n<meta property=\"og:type\" content=\"article\" \/>\n<meta property=\"og:title\" content=\"Karjalan kielen sanakirjat - Karjalan kielen elvytt\u00e4minen\" \/>\n<meta property=\"og:description\" content=\"T\u00e4lle sivulle on ker\u00e4tty karjalan kielen ilmaisia, internetiss\u00e4 k\u00e4ytett\u00e4vi\u00e4 tai sielt\u00e4 omalle laitteelle ladattavia sanakirjoja ja sanastoja. Elvytyshankkeen blogiin on ker\u00e4tty my\u00f6s luettelo karjalan kielen painetuista sanakirjoista. Linkki painettujen sanakirjojen luetteloon. * Kotimaisten kielten keskus, Karjalan kielen verkkosanakirja Historiallinen karjala-suomi-sanakirja, jossa on sanoja kaikista karjalan p\u00e4\u00e4murteista, runsaasti esimerkkej\u00e4 ja esimerkiksi alamurteisiin ja k\u00e4ytt\u00f6yhteyksiin liittyv\u00e4\u00e4 lis\u00e4tietoa [&hellip;]\" \/>\n<meta property=\"og:url\" content=\"https:\/\/blogs.uef.fi\/karjalanelvytys\/karjalan-kielen-sanakirjat\/\" \/>\n<meta property=\"og:site_name\" content=\"Karjalan kielen elvytt\u00e4minen\" \/>\n<meta property=\"article:modified_time\" content=\"2026-02-24T06:55:43+00:00\" \/>\n<meta name=\"twitter:card\" content=\"summary_large_image\" \/>\n<meta name=\"twitter:label1\" content=\"Arvioitu lukuaika\" \/>\n\t<meta name=\"twitter:data1\" content=\"2 minuuttia\" \/>\n<script type=\"application\/ld+json\" class=\"yoast-schema-graph\">{\"@context\":\"https:\/\/schema.org\",\"@graph\":[{\"@type\":\"WebPage\",\"@id\":\"https:\/\/blogs.uef.fi\/karjalanelvytys\/karjalan-kielen-sanakirjat\/\",\"url\":\"https:\/\/blogs.uef.fi\/karjalanelvytys\/karjalan-kielen-sanakirjat\/\",\"name\":\"Karjalan kielen sanakirjat - Karjalan kielen elvytt\u00e4minen\",\"isPartOf\":{\"@id\":\"https:\/\/blogs.uef.fi\/karjalanelvytys\/#website\"},\"datePublished\":\"2022-11-15T08:43:44+00:00\",\"dateModified\":\"2026-02-24T06:55:43+00:00\",\"breadcrumb\":{\"@id\":\"https:\/\/blogs.uef.fi\/karjalanelvytys\/karjalan-kielen-sanakirjat\/#breadcrumb\"},\"inLanguage\":\"fi\",\"potentialAction\":[{\"@type\":\"ReadAction\",\"target\":[\"https:\/\/blogs.uef.fi\/karjalanelvytys\/karjalan-kielen-sanakirjat\/\"]}]},{\"@type\":\"BreadcrumbList\",\"@id\":\"https:\/\/blogs.uef.fi\/karjalanelvytys\/karjalan-kielen-sanakirjat\/#breadcrumb\",\"itemListElement\":[{\"@type\":\"ListItem\",\"position\":1,\"name\":\"Home\",\"item\":\"https:\/\/blogs.uef.fi\/karjalanelvytys\/\"},{\"@type\":\"ListItem\",\"position\":2,\"name\":\"Karjalan kielen sanakirjat\"}]},{\"@type\":\"WebSite\",\"@id\":\"https:\/\/blogs.uef.fi\/karjalanelvytys\/#website\",\"url\":\"https:\/\/blogs.uef.fi\/karjalanelvytys\/\",\"name\":\"Karjalan kielen elvytt\u00e4minen\",\"description\":\"\",\"potentialAction\":[{\"@type\":\"SearchAction\",\"target\":{\"@type\":\"EntryPoint\",\"urlTemplate\":\"https:\/\/blogs.uef.fi\/karjalanelvytys\/?s={search_term_string}\"},\"query-input\":{\"@type\":\"PropertyValueSpecification\",\"valueRequired\":true,\"valueName\":\"search_term_string\"}}],\"inLanguage\":\"fi\"}]}<\/script>\n<!-- \/ Yoast SEO plugin. -->","yoast_head_json":{"title":"Karjalan kielen sanakirjat - Karjalan kielen elvytt\u00e4minen","robots":{"index":"index","follow":"follow","max-snippet":"max-snippet:-1","max-image-preview":"max-image-preview:large","max-video-preview":"max-video-preview:-1"},"canonical":"https:\/\/blogs.uef.fi\/karjalanelvytys\/karjalan-kielen-sanakirjat\/","og_locale":"fi_FI","og_type":"article","og_title":"Karjalan kielen sanakirjat - Karjalan kielen elvytt\u00e4minen","og_description":"T\u00e4lle sivulle on ker\u00e4tty karjalan kielen ilmaisia, internetiss\u00e4 k\u00e4ytett\u00e4vi\u00e4 tai sielt\u00e4 omalle laitteelle ladattavia sanakirjoja ja sanastoja. Elvytyshankkeen blogiin on ker\u00e4tty my\u00f6s luettelo karjalan kielen painetuista sanakirjoista. Linkki painettujen sanakirjojen luetteloon. * Kotimaisten kielten keskus, Karjalan kielen verkkosanakirja Historiallinen karjala-suomi-sanakirja, jossa on sanoja kaikista karjalan p\u00e4\u00e4murteista, runsaasti esimerkkej\u00e4 ja esimerkiksi alamurteisiin ja k\u00e4ytt\u00f6yhteyksiin liittyv\u00e4\u00e4 lis\u00e4tietoa [&hellip;]","og_url":"https:\/\/blogs.uef.fi\/karjalanelvytys\/karjalan-kielen-sanakirjat\/","og_site_name":"Karjalan kielen elvytt\u00e4minen","article_modified_time":"2026-02-24T06:55:43+00:00","twitter_card":"summary_large_image","twitter_misc":{"Arvioitu lukuaika":"2 minuuttia"},"schema":{"@context":"https:\/\/schema.org","@graph":[{"@type":"WebPage","@id":"https:\/\/blogs.uef.fi\/karjalanelvytys\/karjalan-kielen-sanakirjat\/","url":"https:\/\/blogs.uef.fi\/karjalanelvytys\/karjalan-kielen-sanakirjat\/","name":"Karjalan kielen sanakirjat - Karjalan kielen elvytt\u00e4minen","isPartOf":{"@id":"https:\/\/blogs.uef.fi\/karjalanelvytys\/#website"},"datePublished":"2022-11-15T08:43:44+00:00","dateModified":"2026-02-24T06:55:43+00:00","breadcrumb":{"@id":"https:\/\/blogs.uef.fi\/karjalanelvytys\/karjalan-kielen-sanakirjat\/#breadcrumb"},"inLanguage":"fi","potentialAction":[{"@type":"ReadAction","target":["https:\/\/blogs.uef.fi\/karjalanelvytys\/karjalan-kielen-sanakirjat\/"]}]},{"@type":"BreadcrumbList","@id":"https:\/\/blogs.uef.fi\/karjalanelvytys\/karjalan-kielen-sanakirjat\/#breadcrumb","itemListElement":[{"@type":"ListItem","position":1,"name":"Home","item":"https:\/\/blogs.uef.fi\/karjalanelvytys\/"},{"@type":"ListItem","position":2,"name":"Karjalan kielen sanakirjat"}]},{"@type":"WebSite","@id":"https:\/\/blogs.uef.fi\/karjalanelvytys\/#website","url":"https:\/\/blogs.uef.fi\/karjalanelvytys\/","name":"Karjalan kielen elvytt\u00e4minen","description":"","potentialAction":[{"@type":"SearchAction","target":{"@type":"EntryPoint","urlTemplate":"https:\/\/blogs.uef.fi\/karjalanelvytys\/?s={search_term_string}"},"query-input":{"@type":"PropertyValueSpecification","valueRequired":true,"valueName":"search_term_string"}}],"inLanguage":"fi"}]}},"_links":{"self":[{"href":"https:\/\/blogs.uef.fi\/karjalanelvytys\/wp-json\/wp\/v2\/pages\/7400","targetHints":{"allow":["GET"]}}],"collection":[{"href":"https:\/\/blogs.uef.fi\/karjalanelvytys\/wp-json\/wp\/v2\/pages"}],"about":[{"href":"https:\/\/blogs.uef.fi\/karjalanelvytys\/wp-json\/wp\/v2\/types\/page"}],"author":[{"embeddable":true,"href":"https:\/\/blogs.uef.fi\/karjalanelvytys\/wp-json\/wp\/v2\/users\/580"}],"replies":[{"embeddable":true,"href":"https:\/\/blogs.uef.fi\/karjalanelvytys\/wp-json\/wp\/v2\/comments?post=7400"}],"version-history":[{"count":2,"href":"https:\/\/blogs.uef.fi\/karjalanelvytys\/wp-json\/wp\/v2\/pages\/7400\/revisions"}],"predecessor-version":[{"id":23457,"href":"https:\/\/blogs.uef.fi\/karjalanelvytys\/wp-json\/wp\/v2\/pages\/7400\/revisions\/23457"}],"wp:attachment":[{"href":"https:\/\/blogs.uef.fi\/karjalanelvytys\/wp-json\/wp\/v2\/media?parent=7400"}],"curies":[{"name":"wp","href":"https:\/\/api.w.org\/{rel}","templated":true}]}}