{"id":7173,"date":"2022-10-20T09:57:45","date_gmt":"2022-10-20T06:57:45","guid":{"rendered":"https:\/\/blogs.uef.fi\/karjalanelvytys\/?page_id=7173"},"modified":"2022-10-20T09:57:45","modified_gmt":"2022-10-20T06:57:45","slug":"hannu-turunen-starinat-kuvis-harjoitus","status":"publish","type":"page","link":"https:\/\/blogs.uef.fi\/karjalanelvytys\/hannu-turunen-starinat-kuvis-harjoitus\/","title":{"rendered":"Hannu Turunen: Starinat kuvis -harjoitus"},"content":{"rendered":"<p><strong>Ka\u010do kuvii da kirjuta karjalakse<\/strong><\/p>\n<p>Lapinlahten Kaskikuuzen rahvahanopiston karjalan kielen opastai Hannu Turunen on luadinuh kolme ristikanzan elostu kuvuajua kuvastu.<\/p>\n<p>Kuvua voit k\u00e4ytti\u00e4 opastundas\/opastandas ezimerkikse nenga: valli\u010de yksi kuva da kirjuta sen syv\u00e4ind\u00f6s lyhyt starin karjalakse. Mid\u00e4\/ked\u00e4 kuvas n\u00e4gyy?<\/p>\n<div id=\"attachment_7182\" style=\"width: 280px\" class=\"wp-caption alignnone\"><img loading=\"lazy\" decoding=\"async\" aria-describedby=\"caption-attachment-7182\" class=\"size-medium wp-image-7182\" src=\"https:\/\/blogs.uef.fi\/karjalanelvytys\/wp-content\/uploads\/sites\/155\/2022\/10\/einehenluajinda-2-copy-270x300.jpg\" alt=\"\" width=\"270\" height=\"300\" srcset=\"https:\/\/blogs.uef.fi\/karjalanelvytys\/wp-content\/uploads\/sites\/155\/2022\/10\/einehenluajinda-2-copy-270x300.jpg 270w, https:\/\/blogs.uef.fi\/karjalanelvytys\/wp-content\/uploads\/sites\/155\/2022\/10\/einehenluajinda-2-copy-923x1024.jpg 923w, https:\/\/blogs.uef.fi\/karjalanelvytys\/wp-content\/uploads\/sites\/155\/2022\/10\/einehenluajinda-2-copy-768x852.jpg 768w, https:\/\/blogs.uef.fi\/karjalanelvytys\/wp-content\/uploads\/sites\/155\/2022\/10\/einehenluajinda-2-copy-1384x1536.jpg 1384w, https:\/\/blogs.uef.fi\/karjalanelvytys\/wp-content\/uploads\/sites\/155\/2022\/10\/einehenluajinda-2-copy-1846x2048.jpg 1846w\" sizes=\"auto, (max-width: 270px) 100vw, 270px\" \/><p id=\"caption-attachment-7182\" class=\"wp-caption-text\">Einehenluajindu<\/p><\/div>\n<div id=\"attachment_7179\" style=\"width: 228px\" class=\"wp-caption alignnone\"><img loading=\"lazy\" decoding=\"async\" aria-describedby=\"caption-attachment-7179\" class=\"size-medium wp-image-7179\" src=\"https:\/\/blogs.uef.fi\/karjalanelvytys\/wp-content\/uploads\/sites\/155\/2022\/10\/laukas-218x300.jpg\" alt=\"\" width=\"218\" height=\"300\" srcset=\"https:\/\/blogs.uef.fi\/karjalanelvytys\/wp-content\/uploads\/sites\/155\/2022\/10\/laukas-218x300.jpg 218w, https:\/\/blogs.uef.fi\/karjalanelvytys\/wp-content\/uploads\/sites\/155\/2022\/10\/laukas-745x1024.jpg 745w, https:\/\/blogs.uef.fi\/karjalanelvytys\/wp-content\/uploads\/sites\/155\/2022\/10\/laukas-768x1056.jpg 768w, https:\/\/blogs.uef.fi\/karjalanelvytys\/wp-content\/uploads\/sites\/155\/2022\/10\/laukas-1117x1536.jpg 1117w, https:\/\/blogs.uef.fi\/karjalanelvytys\/wp-content\/uploads\/sites\/155\/2022\/10\/laukas-1489x2048.jpg 1489w, https:\/\/blogs.uef.fi\/karjalanelvytys\/wp-content\/uploads\/sites\/155\/2022\/10\/laukas-scaled.jpg 1861w\" sizes=\"auto, (max-width: 218px) 100vw, 218px\" \/><p id=\"caption-attachment-7179\" class=\"wp-caption-text\">Laukas<\/p><\/div>\n<div id=\"attachment_7176\" style=\"width: 301px\" class=\"wp-caption alignnone\"><img loading=\"lazy\" decoding=\"async\" aria-describedby=\"caption-attachment-7176\" class=\"size-medium wp-image-7176\" src=\"https:\/\/blogs.uef.fi\/karjalanelvytys\/wp-content\/uploads\/sites\/155\/2022\/10\/pertti-291x300.jpg\" alt=\"\" width=\"291\" height=\"300\" srcset=\"https:\/\/blogs.uef.fi\/karjalanelvytys\/wp-content\/uploads\/sites\/155\/2022\/10\/pertti-291x300.jpg 291w, https:\/\/blogs.uef.fi\/karjalanelvytys\/wp-content\/uploads\/sites\/155\/2022\/10\/pertti-994x1024.jpg 994w, https:\/\/blogs.uef.fi\/karjalanelvytys\/wp-content\/uploads\/sites\/155\/2022\/10\/pertti-768x791.jpg 768w, https:\/\/blogs.uef.fi\/karjalanelvytys\/wp-content\/uploads\/sites\/155\/2022\/10\/pertti-1491x1536.jpg 1491w, https:\/\/blogs.uef.fi\/karjalanelvytys\/wp-content\/uploads\/sites\/155\/2022\/10\/pertti.jpg 1641w\" sizes=\"auto, (max-width: 291px) 100vw, 291px\" \/><p id=\"caption-attachment-7176\" class=\"wp-caption-text\">Pertti<\/p><\/div>\n","protected":false},"excerpt":{"rendered":"<p>Ka\u010do kuvii da kirjuta karjalakse Lapinlahten Kaskikuuzen rahvahanopiston karjalan kielen opastai Hannu Turunen on luadinuh kolme ristikanzan elostu kuvuajua kuvastu. Kuvua voit k\u00e4ytti\u00e4 opastundas\/opastandas ezimerkikse nenga: valli\u010de yksi kuva da kirjuta sen syv\u00e4ind\u00f6s lyhyt starin karjalakse. Mid\u00e4\/ked\u00e4 kuvas n\u00e4gyy?<\/p>\n","protected":false},"author":580,"featured_media":0,"parent":0,"menu_order":0,"comment_status":"closed","ping_status":"closed","template":"","meta":{"_acf_changed":false,"footnotes":""},"class_list":["post-7173","page","type-page","status-publish","hentry"],"acf":[],"yoast_head":"<!-- This site is optimized with the Yoast SEO plugin v27.3 - https:\/\/yoast.com\/product\/yoast-seo-wordpress\/ -->\n<title>Hannu Turunen: Starinat kuvis -harjoitus - Karjalan kielen elvytt\u00e4minen<\/title>\n<meta name=\"robots\" content=\"index, follow, max-snippet:-1, max-image-preview:large, max-video-preview:-1\" \/>\n<link rel=\"canonical\" href=\"https:\/\/blogs.uef.fi\/karjalanelvytys\/hannu-turunen-starinat-kuvis-harjoitus\/\" \/>\n<meta property=\"og:locale\" content=\"fi_FI\" \/>\n<meta property=\"og:type\" content=\"article\" \/>\n<meta property=\"og:title\" content=\"Hannu Turunen: Starinat kuvis -harjoitus - Karjalan kielen elvytt\u00e4minen\" \/>\n<meta property=\"og:description\" content=\"Ka\u010do kuvii da kirjuta karjalakse Lapinlahten Kaskikuuzen rahvahanopiston karjalan kielen opastai Hannu Turunen on luadinuh kolme ristikanzan elostu kuvuajua kuvastu. Kuvua voit k\u00e4ytti\u00e4 opastundas\/opastandas ezimerkikse nenga: valli\u010de yksi kuva da kirjuta sen syv\u00e4ind\u00f6s lyhyt starin karjalakse. Mid\u00e4\/ked\u00e4 kuvas n\u00e4gyy?\" \/>\n<meta property=\"og:url\" content=\"https:\/\/blogs.uef.fi\/karjalanelvytys\/hannu-turunen-starinat-kuvis-harjoitus\/\" \/>\n<meta property=\"og:site_name\" content=\"Karjalan kielen elvytt\u00e4minen\" \/>\n<meta property=\"og:image\" content=\"https:\/\/blogs.uef.fi\/karjalanelvytys\/wp-content\/uploads\/sites\/155\/2022\/10\/einehenluajinda-2-copy-270x300.jpg\" \/>\n<meta name=\"twitter:card\" content=\"summary_large_image\" \/>\n<meta name=\"twitter:label1\" content=\"Arvioitu lukuaika\" \/>\n\t<meta name=\"twitter:data1\" content=\"1 minuutti\" \/>\n<script type=\"application\/ld+json\" class=\"yoast-schema-graph\">{\"@context\":\"https:\\\/\\\/schema.org\",\"@graph\":[{\"@type\":\"WebPage\",\"@id\":\"https:\\\/\\\/blogs.uef.fi\\\/karjalanelvytys\\\/hannu-turunen-starinat-kuvis-harjoitus\\\/\",\"url\":\"https:\\\/\\\/blogs.uef.fi\\\/karjalanelvytys\\\/hannu-turunen-starinat-kuvis-harjoitus\\\/\",\"name\":\"Hannu Turunen: Starinat kuvis -harjoitus - Karjalan kielen elvytt\u00e4minen\",\"isPartOf\":{\"@id\":\"https:\\\/\\\/blogs.uef.fi\\\/karjalanelvytys\\\/#website\"},\"primaryImageOfPage\":{\"@id\":\"https:\\\/\\\/blogs.uef.fi\\\/karjalanelvytys\\\/hannu-turunen-starinat-kuvis-harjoitus\\\/#primaryimage\"},\"image\":{\"@id\":\"https:\\\/\\\/blogs.uef.fi\\\/karjalanelvytys\\\/hannu-turunen-starinat-kuvis-harjoitus\\\/#primaryimage\"},\"thumbnailUrl\":\"https:\\\/\\\/blogs.uef.fi\\\/karjalanelvytys\\\/wp-content\\\/uploads\\\/sites\\\/155\\\/2022\\\/10\\\/einehenluajinda-2-copy-270x300.jpg\",\"datePublished\":\"2022-10-20T06:57:45+00:00\",\"breadcrumb\":{\"@id\":\"https:\\\/\\\/blogs.uef.fi\\\/karjalanelvytys\\\/hannu-turunen-starinat-kuvis-harjoitus\\\/#breadcrumb\"},\"inLanguage\":\"fi\",\"potentialAction\":[{\"@type\":\"ReadAction\",\"target\":[\"https:\\\/\\\/blogs.uef.fi\\\/karjalanelvytys\\\/hannu-turunen-starinat-kuvis-harjoitus\\\/\"]}]},{\"@type\":\"ImageObject\",\"inLanguage\":\"fi\",\"@id\":\"https:\\\/\\\/blogs.uef.fi\\\/karjalanelvytys\\\/hannu-turunen-starinat-kuvis-harjoitus\\\/#primaryimage\",\"url\":\"https:\\\/\\\/blogs.uef.fi\\\/karjalanelvytys\\\/wp-content\\\/uploads\\\/sites\\\/155\\\/2022\\\/10\\\/einehenluajinda-2-copy-270x300.jpg\",\"contentUrl\":\"https:\\\/\\\/blogs.uef.fi\\\/karjalanelvytys\\\/wp-content\\\/uploads\\\/sites\\\/155\\\/2022\\\/10\\\/einehenluajinda-2-copy-270x300.jpg\"},{\"@type\":\"BreadcrumbList\",\"@id\":\"https:\\\/\\\/blogs.uef.fi\\\/karjalanelvytys\\\/hannu-turunen-starinat-kuvis-harjoitus\\\/#breadcrumb\",\"itemListElement\":[{\"@type\":\"ListItem\",\"position\":1,\"name\":\"Home\",\"item\":\"https:\\\/\\\/blogs.uef.fi\\\/karjalanelvytys\\\/\"},{\"@type\":\"ListItem\",\"position\":2,\"name\":\"Hannu Turunen: Starinat kuvis -harjoitus\"}]},{\"@type\":\"WebSite\",\"@id\":\"https:\\\/\\\/blogs.uef.fi\\\/karjalanelvytys\\\/#website\",\"url\":\"https:\\\/\\\/blogs.uef.fi\\\/karjalanelvytys\\\/\",\"name\":\"Karjalan kielen elvytt\u00e4minen\",\"description\":\"\",\"potentialAction\":[{\"@type\":\"SearchAction\",\"target\":{\"@type\":\"EntryPoint\",\"urlTemplate\":\"https:\\\/\\\/blogs.uef.fi\\\/karjalanelvytys\\\/?s={search_term_string}\"},\"query-input\":{\"@type\":\"PropertyValueSpecification\",\"valueRequired\":true,\"valueName\":\"search_term_string\"}}],\"inLanguage\":\"fi\"}]}<\/script>\n<!-- \/ Yoast SEO plugin. -->","yoast_head_json":{"title":"Hannu Turunen: Starinat kuvis -harjoitus - Karjalan kielen elvytt\u00e4minen","robots":{"index":"index","follow":"follow","max-snippet":"max-snippet:-1","max-image-preview":"max-image-preview:large","max-video-preview":"max-video-preview:-1"},"canonical":"https:\/\/blogs.uef.fi\/karjalanelvytys\/hannu-turunen-starinat-kuvis-harjoitus\/","og_locale":"fi_FI","og_type":"article","og_title":"Hannu Turunen: Starinat kuvis -harjoitus - Karjalan kielen elvytt\u00e4minen","og_description":"Ka\u010do kuvii da kirjuta karjalakse Lapinlahten Kaskikuuzen rahvahanopiston karjalan kielen opastai Hannu Turunen on luadinuh kolme ristikanzan elostu kuvuajua kuvastu. Kuvua voit k\u00e4ytti\u00e4 opastundas\/opastandas ezimerkikse nenga: valli\u010de yksi kuva da kirjuta sen syv\u00e4ind\u00f6s lyhyt starin karjalakse. Mid\u00e4\/ked\u00e4 kuvas n\u00e4gyy?","og_url":"https:\/\/blogs.uef.fi\/karjalanelvytys\/hannu-turunen-starinat-kuvis-harjoitus\/","og_site_name":"Karjalan kielen elvytt\u00e4minen","og_image":[{"url":"https:\/\/blogs.uef.fi\/karjalanelvytys\/wp-content\/uploads\/sites\/155\/2022\/10\/einehenluajinda-2-copy-270x300.jpg","type":"","width":"","height":""}],"twitter_card":"summary_large_image","twitter_misc":{"Arvioitu lukuaika":"1 minuutti"},"schema":{"@context":"https:\/\/schema.org","@graph":[{"@type":"WebPage","@id":"https:\/\/blogs.uef.fi\/karjalanelvytys\/hannu-turunen-starinat-kuvis-harjoitus\/","url":"https:\/\/blogs.uef.fi\/karjalanelvytys\/hannu-turunen-starinat-kuvis-harjoitus\/","name":"Hannu Turunen: Starinat kuvis -harjoitus - Karjalan kielen elvytt\u00e4minen","isPartOf":{"@id":"https:\/\/blogs.uef.fi\/karjalanelvytys\/#website"},"primaryImageOfPage":{"@id":"https:\/\/blogs.uef.fi\/karjalanelvytys\/hannu-turunen-starinat-kuvis-harjoitus\/#primaryimage"},"image":{"@id":"https:\/\/blogs.uef.fi\/karjalanelvytys\/hannu-turunen-starinat-kuvis-harjoitus\/#primaryimage"},"thumbnailUrl":"https:\/\/blogs.uef.fi\/karjalanelvytys\/wp-content\/uploads\/sites\/155\/2022\/10\/einehenluajinda-2-copy-270x300.jpg","datePublished":"2022-10-20T06:57:45+00:00","breadcrumb":{"@id":"https:\/\/blogs.uef.fi\/karjalanelvytys\/hannu-turunen-starinat-kuvis-harjoitus\/#breadcrumb"},"inLanguage":"fi","potentialAction":[{"@type":"ReadAction","target":["https:\/\/blogs.uef.fi\/karjalanelvytys\/hannu-turunen-starinat-kuvis-harjoitus\/"]}]},{"@type":"ImageObject","inLanguage":"fi","@id":"https:\/\/blogs.uef.fi\/karjalanelvytys\/hannu-turunen-starinat-kuvis-harjoitus\/#primaryimage","url":"https:\/\/blogs.uef.fi\/karjalanelvytys\/wp-content\/uploads\/sites\/155\/2022\/10\/einehenluajinda-2-copy-270x300.jpg","contentUrl":"https:\/\/blogs.uef.fi\/karjalanelvytys\/wp-content\/uploads\/sites\/155\/2022\/10\/einehenluajinda-2-copy-270x300.jpg"},{"@type":"BreadcrumbList","@id":"https:\/\/blogs.uef.fi\/karjalanelvytys\/hannu-turunen-starinat-kuvis-harjoitus\/#breadcrumb","itemListElement":[{"@type":"ListItem","position":1,"name":"Home","item":"https:\/\/blogs.uef.fi\/karjalanelvytys\/"},{"@type":"ListItem","position":2,"name":"Hannu Turunen: Starinat kuvis -harjoitus"}]},{"@type":"WebSite","@id":"https:\/\/blogs.uef.fi\/karjalanelvytys\/#website","url":"https:\/\/blogs.uef.fi\/karjalanelvytys\/","name":"Karjalan kielen elvytt\u00e4minen","description":"","potentialAction":[{"@type":"SearchAction","target":{"@type":"EntryPoint","urlTemplate":"https:\/\/blogs.uef.fi\/karjalanelvytys\/?s={search_term_string}"},"query-input":{"@type":"PropertyValueSpecification","valueRequired":true,"valueName":"search_term_string"}}],"inLanguage":"fi"}]}},"_links":{"self":[{"href":"https:\/\/blogs.uef.fi\/karjalanelvytys\/wp-json\/wp\/v2\/pages\/7173","targetHints":{"allow":["GET"]}}],"collection":[{"href":"https:\/\/blogs.uef.fi\/karjalanelvytys\/wp-json\/wp\/v2\/pages"}],"about":[{"href":"https:\/\/blogs.uef.fi\/karjalanelvytys\/wp-json\/wp\/v2\/types\/page"}],"author":[{"embeddable":true,"href":"https:\/\/blogs.uef.fi\/karjalanelvytys\/wp-json\/wp\/v2\/users\/580"}],"replies":[{"embeddable":true,"href":"https:\/\/blogs.uef.fi\/karjalanelvytys\/wp-json\/wp\/v2\/comments?post=7173"}],"version-history":[{"count":1,"href":"https:\/\/blogs.uef.fi\/karjalanelvytys\/wp-json\/wp\/v2\/pages\/7173\/revisions"}],"predecessor-version":[{"id":7185,"href":"https:\/\/blogs.uef.fi\/karjalanelvytys\/wp-json\/wp\/v2\/pages\/7173\/revisions\/7185"}],"wp:attachment":[{"href":"https:\/\/blogs.uef.fi\/karjalanelvytys\/wp-json\/wp\/v2\/media?parent=7173"}],"curies":[{"name":"wp","href":"https:\/\/api.w.org\/{rel}","templated":true}]}}