{"id":7145,"date":"2022-10-19T14:56:15","date_gmt":"2022-10-19T11:56:15","guid":{"rendered":"https:\/\/blogs.uef.fi\/karjalanelvytys\/?page_id=7145"},"modified":"2024-02-08T10:32:53","modified_gmt":"2024-02-08T08:32:53","slug":"karjalaiset-ja-karjalan-kieli-mediassa-2","status":"publish","type":"page","link":"https:\/\/blogs.uef.fi\/karjalanelvytys\/karjalaiset-ja-karjalan-kieli-mediassa-2\/","title":{"rendered":"Karjalaiset ja karjalan kieli mediassa"},"content":{"rendered":"<p>N\u00e4ille sivulle on koottu enimm\u00e4kseen suomen- tai karjalankielisten verkkomedioiden karjalaisia, karjalaisuutta tai karjalan kielt\u00e4 k\u00e4sittelevi\u00e4 kirjoituksia, videoita ja podcasteja. Lis\u00e4ksi on koottu luettelo karjalankielist\u00e4 musiikkia julkaisseista yhtyeist\u00e4, artisteista ja kuoroista.<\/p>\n<p>Linkit on lajiteltu suomenkielisiin artikkeleihin, karjalankielisiin artikkeleihin, podcasteihin ja radio-ohjelmiin, videoihin ja tv-ohjelmiin ja musiikkiin. Kaikkia luetteloita p\u00e4ivitell\u00e4\u00e4n.<\/p>\n<p><a href=\"https:\/\/blogs.uef.fi\/karjalanelvytys\/karjalaiset-ja-karjalan-kieli-mediassa\/\">Linkki suomenkielisiin artikkeleihin<\/a>.<\/p>\n<p><a href=\"https:\/\/blogs.uef.fi\/karjalanelvytys\/karjalan-kieli-da-karjalazet-medies\/\">Linkki karjalankielisiin artikkeleihin<\/a>.<\/p>\n<p><a href=\"https:\/\/blogs.uef.fi\/karjalanelvytys\/karjalaiset-ja-karjalan-kieli-podcasteissa-ja-radio-ohjelmissa\/\">Linkki podcasteihin ja radio-ohjelmiin.<\/a><\/p>\n<p><a href=\"https:\/\/blogs.uef.fi\/karjalanelvytys\/karjalaiset-ja-karjalan-kieli-videoilla-ja-televisio-ohjelmissa\/\">Linkki videoihin ja tv-ohjelmiin.<\/a><\/p>\n<p><a href=\"https:\/\/blogs.uef.fi\/karjalanelvytys\/karjalankielista-muuzikkua\/\">Linkki musiikkiin.<\/a><\/p>\n","protected":false},"excerpt":{"rendered":"<p>N\u00e4ille sivulle on koottu enimm\u00e4kseen suomen- tai karjalankielisten verkkomedioiden karjalaisia, karjalaisuutta tai karjalan kielt\u00e4 k\u00e4sittelevi\u00e4 kirjoituksia, videoita ja podcasteja. Lis\u00e4ksi on koottu luettelo karjalankielist\u00e4 musiikkia julkaisseista yhtyeist\u00e4, artisteista ja kuoroista. Linkit on lajiteltu suomenkielisiin artikkeleihin, karjalankielisiin artikkeleihin, podcasteihin ja radio-ohjelmiin, videoihin ja tv-ohjelmiin ja musiikkiin. Kaikkia luetteloita p\u00e4ivitell\u00e4\u00e4n. Linkki suomenkielisiin artikkeleihin. Linkki karjalankielisiin artikkeleihin. Linkki [&hellip;]<\/p>\n","protected":false},"author":580,"featured_media":0,"parent":0,"menu_order":0,"comment_status":"closed","ping_status":"closed","template":"","meta":{"_acf_changed":false,"footnotes":""},"class_list":["post-7145","page","type-page","status-publish","hentry"],"acf":[],"yoast_head":"<!-- This site is optimized with the Yoast SEO plugin v27.3 - https:\/\/yoast.com\/product\/yoast-seo-wordpress\/ -->\n<title>Karjalaiset ja karjalan kieli mediassa - Karjalan kielen elvytt\u00e4minen<\/title>\n<meta name=\"robots\" content=\"index, follow, max-snippet:-1, max-image-preview:large, max-video-preview:-1\" \/>\n<link rel=\"canonical\" href=\"https:\/\/blogs.uef.fi\/karjalanelvytys\/karjalaiset-ja-karjalan-kieli-mediassa-2\/\" \/>\n<meta property=\"og:locale\" content=\"fi_FI\" \/>\n<meta property=\"og:type\" content=\"article\" \/>\n<meta property=\"og:title\" content=\"Karjalaiset ja karjalan kieli mediassa - Karjalan kielen elvytt\u00e4minen\" \/>\n<meta property=\"og:description\" content=\"N\u00e4ille sivulle on koottu enimm\u00e4kseen suomen- tai karjalankielisten verkkomedioiden karjalaisia, karjalaisuutta tai karjalan kielt\u00e4 k\u00e4sittelevi\u00e4 kirjoituksia, videoita ja podcasteja. Lis\u00e4ksi on koottu luettelo karjalankielist\u00e4 musiikkia julkaisseista yhtyeist\u00e4, artisteista ja kuoroista. Linkit on lajiteltu suomenkielisiin artikkeleihin, karjalankielisiin artikkeleihin, podcasteihin ja radio-ohjelmiin, videoihin ja tv-ohjelmiin ja musiikkiin. Kaikkia luetteloita p\u00e4ivitell\u00e4\u00e4n. Linkki suomenkielisiin artikkeleihin. Linkki karjalankielisiin artikkeleihin. Linkki [&hellip;]\" \/>\n<meta property=\"og:url\" content=\"https:\/\/blogs.uef.fi\/karjalanelvytys\/karjalaiset-ja-karjalan-kieli-mediassa-2\/\" \/>\n<meta property=\"og:site_name\" content=\"Karjalan kielen elvytt\u00e4minen\" \/>\n<meta property=\"article:modified_time\" content=\"2024-02-08T08:32:53+00:00\" \/>\n<meta name=\"twitter:card\" content=\"summary_large_image\" \/>\n<meta name=\"twitter:label1\" content=\"Arvioitu lukuaika\" \/>\n\t<meta name=\"twitter:data1\" content=\"1 minuutti\" \/>\n<script type=\"application\/ld+json\" class=\"yoast-schema-graph\">{\"@context\":\"https:\\\/\\\/schema.org\",\"@graph\":[{\"@type\":\"WebPage\",\"@id\":\"https:\\\/\\\/blogs.uef.fi\\\/karjalanelvytys\\\/karjalaiset-ja-karjalan-kieli-mediassa-2\\\/\",\"url\":\"https:\\\/\\\/blogs.uef.fi\\\/karjalanelvytys\\\/karjalaiset-ja-karjalan-kieli-mediassa-2\\\/\",\"name\":\"Karjalaiset ja karjalan kieli mediassa - Karjalan kielen elvytt\u00e4minen\",\"isPartOf\":{\"@id\":\"https:\\\/\\\/blogs.uef.fi\\\/karjalanelvytys\\\/#website\"},\"datePublished\":\"2022-10-19T11:56:15+00:00\",\"dateModified\":\"2024-02-08T08:32:53+00:00\",\"breadcrumb\":{\"@id\":\"https:\\\/\\\/blogs.uef.fi\\\/karjalanelvytys\\\/karjalaiset-ja-karjalan-kieli-mediassa-2\\\/#breadcrumb\"},\"inLanguage\":\"fi\",\"potentialAction\":[{\"@type\":\"ReadAction\",\"target\":[\"https:\\\/\\\/blogs.uef.fi\\\/karjalanelvytys\\\/karjalaiset-ja-karjalan-kieli-mediassa-2\\\/\"]}]},{\"@type\":\"BreadcrumbList\",\"@id\":\"https:\\\/\\\/blogs.uef.fi\\\/karjalanelvytys\\\/karjalaiset-ja-karjalan-kieli-mediassa-2\\\/#breadcrumb\",\"itemListElement\":[{\"@type\":\"ListItem\",\"position\":1,\"name\":\"Home\",\"item\":\"https:\\\/\\\/blogs.uef.fi\\\/karjalanelvytys\\\/\"},{\"@type\":\"ListItem\",\"position\":2,\"name\":\"Karjalaiset ja karjalan kieli mediassa\"}]},{\"@type\":\"WebSite\",\"@id\":\"https:\\\/\\\/blogs.uef.fi\\\/karjalanelvytys\\\/#website\",\"url\":\"https:\\\/\\\/blogs.uef.fi\\\/karjalanelvytys\\\/\",\"name\":\"Karjalan kielen elvytt\u00e4minen\",\"description\":\"\",\"potentialAction\":[{\"@type\":\"SearchAction\",\"target\":{\"@type\":\"EntryPoint\",\"urlTemplate\":\"https:\\\/\\\/blogs.uef.fi\\\/karjalanelvytys\\\/?s={search_term_string}\"},\"query-input\":{\"@type\":\"PropertyValueSpecification\",\"valueRequired\":true,\"valueName\":\"search_term_string\"}}],\"inLanguage\":\"fi\"}]}<\/script>\n<!-- \/ Yoast SEO plugin. -->","yoast_head_json":{"title":"Karjalaiset ja karjalan kieli mediassa - Karjalan kielen elvytt\u00e4minen","robots":{"index":"index","follow":"follow","max-snippet":"max-snippet:-1","max-image-preview":"max-image-preview:large","max-video-preview":"max-video-preview:-1"},"canonical":"https:\/\/blogs.uef.fi\/karjalanelvytys\/karjalaiset-ja-karjalan-kieli-mediassa-2\/","og_locale":"fi_FI","og_type":"article","og_title":"Karjalaiset ja karjalan kieli mediassa - Karjalan kielen elvytt\u00e4minen","og_description":"N\u00e4ille sivulle on koottu enimm\u00e4kseen suomen- tai karjalankielisten verkkomedioiden karjalaisia, karjalaisuutta tai karjalan kielt\u00e4 k\u00e4sittelevi\u00e4 kirjoituksia, videoita ja podcasteja. Lis\u00e4ksi on koottu luettelo karjalankielist\u00e4 musiikkia julkaisseista yhtyeist\u00e4, artisteista ja kuoroista. Linkit on lajiteltu suomenkielisiin artikkeleihin, karjalankielisiin artikkeleihin, podcasteihin ja radio-ohjelmiin, videoihin ja tv-ohjelmiin ja musiikkiin. Kaikkia luetteloita p\u00e4ivitell\u00e4\u00e4n. Linkki suomenkielisiin artikkeleihin. Linkki karjalankielisiin artikkeleihin. Linkki [&hellip;]","og_url":"https:\/\/blogs.uef.fi\/karjalanelvytys\/karjalaiset-ja-karjalan-kieli-mediassa-2\/","og_site_name":"Karjalan kielen elvytt\u00e4minen","article_modified_time":"2024-02-08T08:32:53+00:00","twitter_card":"summary_large_image","twitter_misc":{"Arvioitu lukuaika":"1 minuutti"},"schema":{"@context":"https:\/\/schema.org","@graph":[{"@type":"WebPage","@id":"https:\/\/blogs.uef.fi\/karjalanelvytys\/karjalaiset-ja-karjalan-kieli-mediassa-2\/","url":"https:\/\/blogs.uef.fi\/karjalanelvytys\/karjalaiset-ja-karjalan-kieli-mediassa-2\/","name":"Karjalaiset ja karjalan kieli mediassa - Karjalan kielen elvytt\u00e4minen","isPartOf":{"@id":"https:\/\/blogs.uef.fi\/karjalanelvytys\/#website"},"datePublished":"2022-10-19T11:56:15+00:00","dateModified":"2024-02-08T08:32:53+00:00","breadcrumb":{"@id":"https:\/\/blogs.uef.fi\/karjalanelvytys\/karjalaiset-ja-karjalan-kieli-mediassa-2\/#breadcrumb"},"inLanguage":"fi","potentialAction":[{"@type":"ReadAction","target":["https:\/\/blogs.uef.fi\/karjalanelvytys\/karjalaiset-ja-karjalan-kieli-mediassa-2\/"]}]},{"@type":"BreadcrumbList","@id":"https:\/\/blogs.uef.fi\/karjalanelvytys\/karjalaiset-ja-karjalan-kieli-mediassa-2\/#breadcrumb","itemListElement":[{"@type":"ListItem","position":1,"name":"Home","item":"https:\/\/blogs.uef.fi\/karjalanelvytys\/"},{"@type":"ListItem","position":2,"name":"Karjalaiset ja karjalan kieli mediassa"}]},{"@type":"WebSite","@id":"https:\/\/blogs.uef.fi\/karjalanelvytys\/#website","url":"https:\/\/blogs.uef.fi\/karjalanelvytys\/","name":"Karjalan kielen elvytt\u00e4minen","description":"","potentialAction":[{"@type":"SearchAction","target":{"@type":"EntryPoint","urlTemplate":"https:\/\/blogs.uef.fi\/karjalanelvytys\/?s={search_term_string}"},"query-input":{"@type":"PropertyValueSpecification","valueRequired":true,"valueName":"search_term_string"}}],"inLanguage":"fi"}]}},"_links":{"self":[{"href":"https:\/\/blogs.uef.fi\/karjalanelvytys\/wp-json\/wp\/v2\/pages\/7145","targetHints":{"allow":["GET"]}}],"collection":[{"href":"https:\/\/blogs.uef.fi\/karjalanelvytys\/wp-json\/wp\/v2\/pages"}],"about":[{"href":"https:\/\/blogs.uef.fi\/karjalanelvytys\/wp-json\/wp\/v2\/types\/page"}],"author":[{"embeddable":true,"href":"https:\/\/blogs.uef.fi\/karjalanelvytys\/wp-json\/wp\/v2\/users\/580"}],"replies":[{"embeddable":true,"href":"https:\/\/blogs.uef.fi\/karjalanelvytys\/wp-json\/wp\/v2\/comments?post=7145"}],"version-history":[{"count":2,"href":"https:\/\/blogs.uef.fi\/karjalanelvytys\/wp-json\/wp\/v2\/pages\/7145\/revisions"}],"predecessor-version":[{"id":15618,"href":"https:\/\/blogs.uef.fi\/karjalanelvytys\/wp-json\/wp\/v2\/pages\/7145\/revisions\/15618"}],"wp:attachment":[{"href":"https:\/\/blogs.uef.fi\/karjalanelvytys\/wp-json\/wp\/v2\/media?parent=7145"}],"curies":[{"name":"wp","href":"https:\/\/api.w.org\/{rel}","templated":true}]}}