{"id":7037,"date":"2022-10-12T13:11:54","date_gmt":"2022-10-12T10:11:54","guid":{"rendered":"https:\/\/blogs.uef.fi\/karjalanelvytys\/?page_id=7037"},"modified":"2022-10-12T13:19:06","modified_gmt":"2022-10-12T10:19:06","slug":"karjalaksi-kirjoittaminen-tietokoneella-ja-puhelimella","status":"publish","type":"page","link":"https:\/\/blogs.uef.fi\/karjalanelvytys\/karjalaksi-kirjoittaminen-tietokoneella-ja-puhelimella\/","title":{"rendered":"Karjalaksi kirjoittaminen tietokoneella ja puhelimella"},"content":{"rendered":"<p>Karjalaksi tietokoneella tai puhelimella kirjoittamista hankaloittaa usein se, ettei esimerkiksi oman puhelimen oletusn\u00e4pp\u00e4imist\u00f6ll\u00e4 voi k\u00e4ytt\u00e4\u00e4 kaikkia karjalan kirjaimia (\u010d, \u0161 ja \u017e).<\/p>\n<p>N\u00e4iden ohjeiden avulla voit laitteestasi riippuen joko asentaa juuri karjalaa ajatellen luodun n\u00e4pp\u00e4imist\u00f6n tai muuten saada k\u00e4ytt\u00f6\u00f6si my\u00f6s \u010d-, \u0161- ja \u017e-kirjaimet.<\/p>\n<p>&nbsp;<\/p>\n<p><strong>Windows-tietokoneet<\/strong><\/p>\n<p>1. Avaa <strong>Asetukset<\/strong>.<\/p>\n<p>2. Valitse <strong>Aika ja kieli<\/strong> ja sitten vasemmalta puolelta uudestaan <strong>Kieli<\/strong>.<\/p>\n<p>3. Valitse<strong> Ensisijaiset kielet<\/strong> -kohdasta <strong>Lis\u00e4\u00e4 kieli<\/strong>.<\/p>\n<p>4. Tietokoneelle ei saa karjalan n\u00e4pp\u00e4imist\u00f6\u00e4, mutta saamen kielten n\u00e4pp\u00e4imist\u00f6ill\u00e4 voi k\u00e4ytt\u00e4\u00e4 kaikkia karjalaksi kirjoittaessa tarvittavia &#8221;erikoiskirjaimia&#8221;. Valitse siis valikosta pohjoissaame (Suomi), sitten <strong>Seuraava<\/strong> ja viimeiseksi <strong>Asenna kieli<\/strong>.<\/p>\n<p>5. Nyt kellonajan vieress\u00e4 n\u00e4yt\u00f6n oikeassa alakulmassa lukee FIN (tai jotain muuta, jos oletusn\u00e4pp\u00e4imist\u00f6si ei ole suomenkielinen). Klikkaa sit\u00e4 ja valitse avautuvasta valikosta SME pohjoissaame (Suomi).<\/p>\n<p>6. Nyt voit kirjoittaa aivan tavallisesti ja lis\u00e4ksi k\u00e4ytt\u00e4\u00e4 \u010d-, \u0161- ja \u017e-kirjaimia. Niit\u00e4 voit k\u00e4ytt\u00e4\u00e4 painamalla Alt Gr ja samaan aikaan S, Z tai C.<\/p>\n<p>&nbsp;<\/p>\n<p><strong>Mac-tietokoneet<\/strong><\/p>\n<p>1. Valitse <strong>Omenavalikosta<\/strong> <strong>J\u00e4rjestelm\u00e4asetukset<\/strong> ja klikkaa ensin <strong>N\u00e4pp\u00e4imist\u00f6<\/strong> ja sen j\u00e4lkeen <strong>Sy\u00f6tt\u00f6l\u00e4hteet<\/strong>.<\/p>\n<p>2. Klikkaa <strong>Lis\u00e4\u00e4<\/strong> ja etsi haluamasi kieli. Karjalan kielen erityiskirjaimet l\u00f6ytyv\u00e4t ainakin <strong>pohjoissaamen<\/strong> n\u00e4pp\u00e4imist\u00f6st\u00e4, mutta my\u00f6s esimerkiksi <strong>t\u0161ekki<\/strong> toiminee. Valitse kielelle <strong>sy\u00f6tt\u00f6l\u00e4hde<\/strong> eli n\u00e4pp\u00e4imist\u00f6asettelu.<\/p>\n<p>3. Klikkaa uudestaan <strong>Lis\u00e4\u00e4<\/strong>.<\/p>\n<p>4. Voit nyt valita toisen kielen <strong>valikkorivilt\u00e4<\/strong> klikkaamalla nyt k\u00e4yt\u00f6ss\u00e4 olevan kielen nime\u00e4.<\/p>\n<p>Jos tahdot vaihtaa kielest\u00e4 toiseen nopeasti ja mahdollisimman v\u00e4hill\u00e4 klikkauksilla, voit vaiheessa 2 sy\u00f6tt\u00f6l\u00e4hdett\u00e4 valitessasi asettaa niin, ett\u00e4 voit vaihtaa kielest\u00e4 toiseen painamalla esimerkiksi <strong>Fn-n\u00e4pp\u00e4int\u00e4<\/strong>.<\/p>\n<p>Lis\u00e4ohjeita liittyen esimerkiksi eri sy\u00f6tt\u00f6l\u00e4hteisiin l\u00f6yd\u00e4t t\u00e4\u00e4lt\u00e4: <a href=\"https:\/\/support.apple.com\/fi-fi\/guide\/mac-help\/mchlp1406\/mac\">Linkki virallisiin ohjeisiin koskien Mac-tietokoneiden kieliasetuksia<\/a>.<\/p>\n<p>&nbsp;<\/p>\n<p><strong>Android-puhelimet<\/strong><\/p>\n<p>Joissakin Android-puhelimissa karjalankieliset erikoiskirjaimet l\u00f6ytyv\u00e4t suomenkielisest\u00e4 perusn\u00e4pp\u00e4imist\u00f6st\u00e4. Kokeile ensimm\u00e4isen\u00e4, onnistuuko niiden kirjoittaminen omalla n\u00e4pp\u00e4imist\u00f6ll\u00e4si. Paina pitk\u00e4\u00e4n kirjaimia <strong>S<\/strong>, <strong>C<\/strong> ja<strong> Z<\/strong>. Aukeaa pieni valikko, josta voit valita erikoiskirjaimia.<\/p>\n<p>Jos et yll\u00e4 kuvatulla tavalla saa tarvittavia erikoiskirjaimia toimimaan, seuraa n\u00e4it\u00e4 ohjeita:<\/p>\n<p>1. Etsi puhelimeesi <strong>Gboard-sovellus<\/strong> esimerkiksi Play-kaupasta, jos sinulla ei viel\u00e4 ole sit\u00e4.<\/p>\n<p>2. Valitse <strong>Asetukset<\/strong>, <strong>J\u00e4rjestelm\u00e4<\/strong> ja <strong>Kielet<\/strong>.<\/p>\n<p>3. Valitse <strong>Kielet ja sy\u00f6tt\u00f6tapa<\/strong> -sivulla <strong>N\u00e4pp\u00e4imist\u00f6t<\/strong>-otsikon kohdalta Gboard.<\/p>\n<p>4. Gboardin omista asetuksista valitse <strong>Kielet<\/strong> ja <strong>Lis\u00e4\u00e4 n\u00e4pp\u00e4imist\u00f6<\/strong>. Etsi <strong>karjala <\/strong>tai <strong>livvinkarjala <\/strong>ja valitse <strong>Valmis<\/strong>.<\/p>\n<p>Nyt voit k\u00e4ytt\u00e4\u00e4 puhelimella karjalan erikoiskirjaimia. Voit vaihtaa suomen- tai muunkielisest\u00e4 oletusn\u00e4pp\u00e4imist\u00f6st\u00e4 karjalan n\u00e4pp\u00e4imist\u00f6\u00f6n kahdella tavalla.<\/p>\n<p>A. Paina pitk\u00e4\u00e4n <strong>v\u00e4lily\u00f6nti<\/strong>-painiketta ja valitse haluttu kieli.<\/p>\n<p>B. V\u00e4lily\u00f6nnin vieress\u00e4 on <strong>maapallokuvake<\/strong>. Sit\u00e4 klikkailemalla voit siirty\u00e4 n\u00e4pp\u00e4imist\u00f6st\u00e4 toiseen.<\/p>\n<p>&nbsp;<\/p>\n<p><strong>iPhonet:<\/strong><\/p>\n<p>1. Avaa <strong>Asetukset<\/strong> ja valitse ensin <strong>Yleiset<\/strong> ja sitten <strong>N\u00e4pp\u00e4imist\u00f6<\/strong>.<\/p>\n<p>2. Valitse <strong>N\u00e4pp\u00e4imist\u00f6t<\/strong> ja sen j\u00e4lkeen <strong>Lis\u00e4\u00e4 n\u00e4pp\u00e4imist\u00f6<\/strong>.<\/p>\n<p>3. Valitse luettelosta sopiva n\u00e4pp\u00e4imist\u00f6. Apple-puhelimiin ei ole saatavissa karjalankielist\u00e4 n\u00e4pp\u00e4imist\u00f6\u00e4, eik\u00e4 saamenkaan n\u00e4pp\u00e4imist\u00f6\u00e4 v\u00e4ltt\u00e4m\u00e4tt\u00e4 l\u00f6ydy. Varma vaihtoehto on <strong>t\u0161ekki<\/strong>, sill\u00e4 siit\u00e4 l\u00f6ytyv\u00e4t kaikki karjalaksi kirjoittaessa tarvittavat erikoiskirjaimet.<\/p>\n<p>4. Vaihda n\u00e4pp\u00e4imist\u00f6st\u00e4 toiseen painamalla <strong>maapallo<\/strong>&#8211; tai <strong>hymynaaman\u00e4pp\u00e4int\u00e4<\/strong> pohjassa.<\/p>\n","protected":false},"excerpt":{"rendered":"<p>Karjalaksi tietokoneella tai puhelimella kirjoittamista hankaloittaa usein se, ettei esimerkiksi oman puhelimen oletusn\u00e4pp\u00e4imist\u00f6ll\u00e4 voi k\u00e4ytt\u00e4\u00e4 kaikkia karjalan kirjaimia (\u010d, \u0161 ja \u017e). N\u00e4iden ohjeiden avulla voit laitteestasi riippuen joko asentaa juuri karjalaa ajatellen luodun n\u00e4pp\u00e4imist\u00f6n tai muuten saada k\u00e4ytt\u00f6\u00f6si my\u00f6s \u010d-, \u0161- ja \u017e-kirjaimet. &nbsp; Windows-tietokoneet 1. Avaa Asetukset. 2. Valitse Aika ja kieli ja [&hellip;]<\/p>\n","protected":false},"author":580,"featured_media":0,"parent":0,"menu_order":0,"comment_status":"closed","ping_status":"closed","template":"","meta":{"_acf_changed":false,"footnotes":""},"class_list":["post-7037","page","type-page","status-publish","hentry"],"acf":[],"yoast_head":"<!-- This site is optimized with the Yoast SEO plugin v27.3 - https:\/\/yoast.com\/product\/yoast-seo-wordpress\/ -->\n<title>Karjalaksi kirjoittaminen tietokoneella ja puhelimella - Karjalan kielen elvytt\u00e4minen<\/title>\n<meta name=\"robots\" content=\"index, follow, max-snippet:-1, max-image-preview:large, max-video-preview:-1\" \/>\n<link rel=\"canonical\" href=\"https:\/\/blogs.uef.fi\/karjalanelvytys\/karjalaksi-kirjoittaminen-tietokoneella-ja-puhelimella\/\" \/>\n<meta property=\"og:locale\" content=\"fi_FI\" \/>\n<meta property=\"og:type\" content=\"article\" \/>\n<meta property=\"og:title\" content=\"Karjalaksi kirjoittaminen tietokoneella ja puhelimella - Karjalan kielen elvytt\u00e4minen\" \/>\n<meta property=\"og:description\" content=\"Karjalaksi tietokoneella tai puhelimella kirjoittamista hankaloittaa usein se, ettei esimerkiksi oman puhelimen oletusn\u00e4pp\u00e4imist\u00f6ll\u00e4 voi k\u00e4ytt\u00e4\u00e4 kaikkia karjalan kirjaimia (\u010d, \u0161 ja \u017e). N\u00e4iden ohjeiden avulla voit laitteestasi riippuen joko asentaa juuri karjalaa ajatellen luodun n\u00e4pp\u00e4imist\u00f6n tai muuten saada k\u00e4ytt\u00f6\u00f6si my\u00f6s \u010d-, \u0161- ja \u017e-kirjaimet. &nbsp; Windows-tietokoneet 1. Avaa Asetukset. 2. Valitse Aika ja kieli ja [&hellip;]\" \/>\n<meta property=\"og:url\" content=\"https:\/\/blogs.uef.fi\/karjalanelvytys\/karjalaksi-kirjoittaminen-tietokoneella-ja-puhelimella\/\" \/>\n<meta property=\"og:site_name\" content=\"Karjalan kielen elvytt\u00e4minen\" \/>\n<meta property=\"article:modified_time\" content=\"2022-10-12T10:19:06+00:00\" \/>\n<meta name=\"twitter:card\" content=\"summary_large_image\" \/>\n<meta name=\"twitter:label1\" content=\"Arvioitu lukuaika\" \/>\n\t<meta name=\"twitter:data1\" content=\"3 minuuttia\" \/>\n<script type=\"application\/ld+json\" class=\"yoast-schema-graph\">{\"@context\":\"https:\\\/\\\/schema.org\",\"@graph\":[{\"@type\":\"WebPage\",\"@id\":\"https:\\\/\\\/blogs.uef.fi\\\/karjalanelvytys\\\/karjalaksi-kirjoittaminen-tietokoneella-ja-puhelimella\\\/\",\"url\":\"https:\\\/\\\/blogs.uef.fi\\\/karjalanelvytys\\\/karjalaksi-kirjoittaminen-tietokoneella-ja-puhelimella\\\/\",\"name\":\"Karjalaksi kirjoittaminen tietokoneella ja puhelimella - Karjalan kielen elvytt\u00e4minen\",\"isPartOf\":{\"@id\":\"https:\\\/\\\/blogs.uef.fi\\\/karjalanelvytys\\\/#website\"},\"datePublished\":\"2022-10-12T10:11:54+00:00\",\"dateModified\":\"2022-10-12T10:19:06+00:00\",\"breadcrumb\":{\"@id\":\"https:\\\/\\\/blogs.uef.fi\\\/karjalanelvytys\\\/karjalaksi-kirjoittaminen-tietokoneella-ja-puhelimella\\\/#breadcrumb\"},\"inLanguage\":\"fi\",\"potentialAction\":[{\"@type\":\"ReadAction\",\"target\":[\"https:\\\/\\\/blogs.uef.fi\\\/karjalanelvytys\\\/karjalaksi-kirjoittaminen-tietokoneella-ja-puhelimella\\\/\"]}]},{\"@type\":\"BreadcrumbList\",\"@id\":\"https:\\\/\\\/blogs.uef.fi\\\/karjalanelvytys\\\/karjalaksi-kirjoittaminen-tietokoneella-ja-puhelimella\\\/#breadcrumb\",\"itemListElement\":[{\"@type\":\"ListItem\",\"position\":1,\"name\":\"Home\",\"item\":\"https:\\\/\\\/blogs.uef.fi\\\/karjalanelvytys\\\/\"},{\"@type\":\"ListItem\",\"position\":2,\"name\":\"Karjalaksi kirjoittaminen tietokoneella ja puhelimella\"}]},{\"@type\":\"WebSite\",\"@id\":\"https:\\\/\\\/blogs.uef.fi\\\/karjalanelvytys\\\/#website\",\"url\":\"https:\\\/\\\/blogs.uef.fi\\\/karjalanelvytys\\\/\",\"name\":\"Karjalan kielen elvytt\u00e4minen\",\"description\":\"\",\"potentialAction\":[{\"@type\":\"SearchAction\",\"target\":{\"@type\":\"EntryPoint\",\"urlTemplate\":\"https:\\\/\\\/blogs.uef.fi\\\/karjalanelvytys\\\/?s={search_term_string}\"},\"query-input\":{\"@type\":\"PropertyValueSpecification\",\"valueRequired\":true,\"valueName\":\"search_term_string\"}}],\"inLanguage\":\"fi\"}]}<\/script>\n<!-- \/ Yoast SEO plugin. -->","yoast_head_json":{"title":"Karjalaksi kirjoittaminen tietokoneella ja puhelimella - Karjalan kielen elvytt\u00e4minen","robots":{"index":"index","follow":"follow","max-snippet":"max-snippet:-1","max-image-preview":"max-image-preview:large","max-video-preview":"max-video-preview:-1"},"canonical":"https:\/\/blogs.uef.fi\/karjalanelvytys\/karjalaksi-kirjoittaminen-tietokoneella-ja-puhelimella\/","og_locale":"fi_FI","og_type":"article","og_title":"Karjalaksi kirjoittaminen tietokoneella ja puhelimella - Karjalan kielen elvytt\u00e4minen","og_description":"Karjalaksi tietokoneella tai puhelimella kirjoittamista hankaloittaa usein se, ettei esimerkiksi oman puhelimen oletusn\u00e4pp\u00e4imist\u00f6ll\u00e4 voi k\u00e4ytt\u00e4\u00e4 kaikkia karjalan kirjaimia (\u010d, \u0161 ja \u017e). N\u00e4iden ohjeiden avulla voit laitteestasi riippuen joko asentaa juuri karjalaa ajatellen luodun n\u00e4pp\u00e4imist\u00f6n tai muuten saada k\u00e4ytt\u00f6\u00f6si my\u00f6s \u010d-, \u0161- ja \u017e-kirjaimet. &nbsp; Windows-tietokoneet 1. Avaa Asetukset. 2. Valitse Aika ja kieli ja [&hellip;]","og_url":"https:\/\/blogs.uef.fi\/karjalanelvytys\/karjalaksi-kirjoittaminen-tietokoneella-ja-puhelimella\/","og_site_name":"Karjalan kielen elvytt\u00e4minen","article_modified_time":"2022-10-12T10:19:06+00:00","twitter_card":"summary_large_image","twitter_misc":{"Arvioitu lukuaika":"3 minuuttia"},"schema":{"@context":"https:\/\/schema.org","@graph":[{"@type":"WebPage","@id":"https:\/\/blogs.uef.fi\/karjalanelvytys\/karjalaksi-kirjoittaminen-tietokoneella-ja-puhelimella\/","url":"https:\/\/blogs.uef.fi\/karjalanelvytys\/karjalaksi-kirjoittaminen-tietokoneella-ja-puhelimella\/","name":"Karjalaksi kirjoittaminen tietokoneella ja puhelimella - Karjalan kielen elvytt\u00e4minen","isPartOf":{"@id":"https:\/\/blogs.uef.fi\/karjalanelvytys\/#website"},"datePublished":"2022-10-12T10:11:54+00:00","dateModified":"2022-10-12T10:19:06+00:00","breadcrumb":{"@id":"https:\/\/blogs.uef.fi\/karjalanelvytys\/karjalaksi-kirjoittaminen-tietokoneella-ja-puhelimella\/#breadcrumb"},"inLanguage":"fi","potentialAction":[{"@type":"ReadAction","target":["https:\/\/blogs.uef.fi\/karjalanelvytys\/karjalaksi-kirjoittaminen-tietokoneella-ja-puhelimella\/"]}]},{"@type":"BreadcrumbList","@id":"https:\/\/blogs.uef.fi\/karjalanelvytys\/karjalaksi-kirjoittaminen-tietokoneella-ja-puhelimella\/#breadcrumb","itemListElement":[{"@type":"ListItem","position":1,"name":"Home","item":"https:\/\/blogs.uef.fi\/karjalanelvytys\/"},{"@type":"ListItem","position":2,"name":"Karjalaksi kirjoittaminen tietokoneella ja puhelimella"}]},{"@type":"WebSite","@id":"https:\/\/blogs.uef.fi\/karjalanelvytys\/#website","url":"https:\/\/blogs.uef.fi\/karjalanelvytys\/","name":"Karjalan kielen elvytt\u00e4minen","description":"","potentialAction":[{"@type":"SearchAction","target":{"@type":"EntryPoint","urlTemplate":"https:\/\/blogs.uef.fi\/karjalanelvytys\/?s={search_term_string}"},"query-input":{"@type":"PropertyValueSpecification","valueRequired":true,"valueName":"search_term_string"}}],"inLanguage":"fi"}]}},"_links":{"self":[{"href":"https:\/\/blogs.uef.fi\/karjalanelvytys\/wp-json\/wp\/v2\/pages\/7037","targetHints":{"allow":["GET"]}}],"collection":[{"href":"https:\/\/blogs.uef.fi\/karjalanelvytys\/wp-json\/wp\/v2\/pages"}],"about":[{"href":"https:\/\/blogs.uef.fi\/karjalanelvytys\/wp-json\/wp\/v2\/types\/page"}],"author":[{"embeddable":true,"href":"https:\/\/blogs.uef.fi\/karjalanelvytys\/wp-json\/wp\/v2\/users\/580"}],"replies":[{"embeddable":true,"href":"https:\/\/blogs.uef.fi\/karjalanelvytys\/wp-json\/wp\/v2\/comments?post=7037"}],"version-history":[{"count":2,"href":"https:\/\/blogs.uef.fi\/karjalanelvytys\/wp-json\/wp\/v2\/pages\/7037\/revisions"}],"predecessor-version":[{"id":7041,"href":"https:\/\/blogs.uef.fi\/karjalanelvytys\/wp-json\/wp\/v2\/pages\/7037\/revisions\/7041"}],"wp:attachment":[{"href":"https:\/\/blogs.uef.fi\/karjalanelvytys\/wp-json\/wp\/v2\/media?parent=7037"}],"curies":[{"name":"wp","href":"https:\/\/api.w.org\/{rel}","templated":true}]}}