{"id":6968,"date":"2022-10-10T09:13:49","date_gmt":"2022-10-10T06:13:49","guid":{"rendered":"https:\/\/blogs.uef.fi\/karjalanelvytys\/?page_id=6968"},"modified":"2026-04-20T10:10:46","modified_gmt":"2026-04-20T07:10:46","slug":"pereh-da-ukonvemmelsanasto-suomi-livvinkarjala","status":"publish","type":"page","link":"https:\/\/blogs.uef.fi\/karjalanelvytys\/pereh-da-ukonvemmelsanasto-suomi-livvinkarjala\/","title":{"rendered":"Pereh- da ukonvemmelsanasto (suomi-livvinkarjala)"},"content":{"rendered":"<p><strong>Perhe- ja sateenkaarisanasto (suomi-livvinkarjala)<br \/>\n<\/strong><strong>Pereh- da ukonvemmelsanasto (suomi-livvinkarjala)<\/strong><\/p>\n<p><strong>Luadijat<\/strong>: Natalia Giloeva, Niko Tynnyrinen da karjalan ki\u00e4nn\u00f6sseminuaran opastujat<br \/>\n<strong>Suomenkielizen sanalistan luadii<\/strong>: Katerina Paalamo<\/p>\n<p><strong>Samaine sanasto tulou my\u00f6hemb\u00e4 se\u017eo vienan- da suvikarjalakse.<\/strong><\/p>\n<p>Ellend\u00e4mizen tuvekse: <a href=\"https:\/\/seta.fi\/sateenkaaritieto\/sateenkaarisanasto\/\">linku Setan luajittuh ukonvemmelsanastoh, kudamas annetah ukonvemmelsanoin merki\u010dykset suomekse<\/a>.<\/p>\n<hr \/>\n<p>perheenj\u00e4sen \u2013 perehen ozanottai, perehen j\u00e4zen, perehj\u00e4zen, perehehkuului<\/p>\n<p>\u00e4iti \u2013 muamo<\/p>\n<p>\u00e4itipuoli, is\u00e4n vaimo \u2013 muamindam, tuatan\/muaman mu\u010doi\/akku<\/p>\n<p>is\u00e4 \u2013 tuatto<\/p>\n<p>is\u00e4puoli, \u00e4idin mies \u2013 tuatindam, muaman\/tuatan ukko<\/p>\n<p>tyt\u00e4r \u2013 tyt\u00e4r<\/p>\n<p>tyt\u00e4rpuoli; puolison, vaimon, miehen tyt\u00e4r \u2013 tytt\u00e4rind\u00e4m; vastinehen, mu\u010doin\/akan, ukon tyt\u00e4r<\/p>\n<p>poika \u2013 poigu<\/p>\n<p>poikapuoli; puolison, vaimon, miehen poika \u2013 poijindam; vastinehen, mu\u010doin\/akan, ukon poigu<\/p>\n<p>sisko \u2013 siz\u00e4r; \u010did\u017ei, \u010dikko \u2013 vanhin sisko<\/p>\n<p>veli \u2013 velli<\/p>\n<p>sisarus, sisarukset \u2013 sizarus, sizarukset (sisarukset), vrd. siz\u00e4rekset (siskokset), vellekset (veljekset)<\/p>\n<p>siskopuoli \u2013 siz\u00e4rpuoli<\/p>\n<p>velipuoli \u2013 vellipuoli<\/p>\n<p>puolisisko \u2013 puolisiz\u00e4r, siz\u00e4rpuoli<\/p>\n<p>puoliveli \u2013 puolivelli, vellipuoli<\/p>\n<p>puolisisarukset \u2013 puolisizarukset, puolisiz\u00e4rekset, puolivellekset<\/p>\n<p>t\u00e4yssisarukset \u2013 t\u00e4vvet sizarukset, t\u00e4yzisizarukset<\/p>\n<p>vanhemmat \u2013 vahnembat; muamo da tuatto (kont. mugah)<\/p>\n<p>isovanhemmat \u2013 buabo da died&#8217;oi<\/p>\n<p>isoisovanhemmat, iso\u00e4idin tai isois\u00e4n vanhemmat \u2013 pravobuabo da pravodied&#8217;oi<\/p>\n<p>iso\u00e4iti \u2013 buabo<\/p>\n<p>isois\u00e4 \u2013 died&#8217;oi<\/p>\n<p>isoiso\u00e4iti, iso\u00e4idin tai isois\u00e4n \u00e4iti \u2013 pravobuabo<\/p>\n<p>isoisois\u00e4, iso\u00e4idin tai isois\u00e4n is\u00e4 \u2013 pravodied&#8217;oi<\/p>\n<p>lapsenlapsi \u2013 bunukku, bunukkaine<\/p>\n<p>lapsenlapsenlapsi \u2013 pravobunukku, pravobunukkaine<\/p>\n<p>t\u00e4ti \u2013 t&#8217;outa, t\u00e4di<\/p>\n<p>eno, set\u00e4 &#8211; di\u00e4d\u00f6<\/p>\n<p>serkku \u2013 sevoitar, seukku<\/p>\n<p>anoppi \u2013 anoppi, muatkoi<\/p>\n<p>appi \u2013 appi, buat&#8217;koi<\/p>\n<p>mini\u00e4 \u2013 nevesky<\/p>\n<p>v\u00e4vy \u2013 v\u00e4vvy<\/p>\n<p>suku \u2013 sugu<\/p>\n<p>sukulainen \u2013 sugulaine, omahine, rodn&#8217;u<\/p>\n<p>seurustelukumppani, tytt\u00f6yst\u00e4v\u00e4, poikayst\u00e4v\u00e4, naisyst\u00e4v\u00e4, miesyst\u00e4v\u00e4 \u2013 mielespiett\u00e4vy, vastineh<\/p>\n<p>seurustella \u2013 olla yhtes<\/p>\n<p>el\u00e4m\u00e4nkumppani \u2013 eloksenvastineh, kumpali (opastujien ehoitus)<\/p>\n<p>puoliso \u2013 vastineh, kont. mugah mu\u010doi, akku, ukko<\/p>\n<p>entinen puoliso \u2013 endine mu\u010doi, akku, ukko, vastineh<\/p>\n<p>uusi puoliso \u2013 uuzi vastineh, uuzi mu\u010doi, ukko, akku<\/p>\n<p>nykyinen puoliso \u2013 nyg\u00f6ine vastineh da kui yl\u00e4h\u00e4n muut kont.<\/p>\n<p>aviopuoliso &#8211; kirjuvastineh, ven\u010daittu vastineh (opastujien ehoitus)<\/p>\n<p>avopuoliso \u2013 kirjatoi vastineh, ven\u010daimatoi vastineh (opastujien ehoitus)<\/p>\n<p>vaimo \u2013 mu\u010doi, akku<\/p>\n<p>mies (puoliso) \u2013 ukko<\/p>\n<p>avioliitto \u2013 kirjoisolo, naizisolo, miehelolo<\/p>\n<p>samaa sukupuolta olevien avioliitto \u2013 samua\/samastu\/yhty sugupuoldu olijoin kirjoisolo<\/p>\n<p>avoliitto \u2013 kirjuliitto, ven\u010daimatoi liitto<\/p>\n<p>aviopari \u2013 kirjah mennyh puaru, ven\u010daittu puaru (opastujien ehoitus)<\/p>\n<p>avopari \u2013 kirjah menem\u00e4t\u00f6i puaru, ven\u010daimatoi puaru (opastujien ehoitus)<\/p>\n<p>parisuhde \u2013 puaruv\u00e4li<\/p>\n<p>rekister\u00f6ity parisuhde \u2013 registriiruittu puaruv\u00e4li, kont.: hy\u00f6 ollah kirjas (magistruatas) libo ven\u010daittuhes (kirik\u00f6s)<\/p>\n<p>olla rekister\u00f6idyss\u00e4 parisuhteessa \u2013 olla kirjas, olla registriiruitus puaruv\u00e4lis<\/p>\n<p>polyamorinen \u2013 poliamorine<\/p>\n<p>polyamorinen suhde \u2013 poliamorine v\u00e4li<\/p>\n<p>polyamoria \u2013 poliamorii (ie-vardalo)<\/p>\n<p>monisuhteisuus \u2013 moniv\u00e4li\u017eys<\/p>\n<p>sinkku \u2013 naimatoi, miehelemenem\u00e4t\u00f6i, naizihmenem\u00e4t\u00f6i, i\u010delline (opastujien ehoitus)<\/p>\n<p>naimaton &#8211; naimatoi<\/p>\n<p>menn\u00e4 naimisiin \u2013 menn\u00e4 naizih, naija<\/p>\n<p>olla naimisissa, avioliitossa \u2013 olla naizis (naizenke), olla miehel (miehenke), olla kirjas<\/p>\n<p>kirkollinen vihkiminen \u2013 kirik\u00f6lline ven\u010dai\u010dendu\/ven\u010dal k\u00e4yndy<\/p>\n<p>siviilivihkiminen \u2013 kirjahmeno\/kirjoihmeno<\/p>\n<p>ero \u2013 ero<\/p>\n<p>avioero \u2013 ero, kirjois(p\u00e4i)l\u00e4htendy<\/p>\n<p>erota \u2013 erota<\/p>\n<p>eronnut \u2013 eronnuh<\/p>\n<p>leski \u2013 leski<\/p>\n<p>siviilis\u00e4\u00e4ty \u2013 perehentila (opastujien ehoitus)<\/p>\n<p>perhe \u2013 pereh<\/p>\n<p>ydinperhe \u2013 ydinpereh, kont. oma pereh<\/p>\n<p>suurperhe \u2013 suuri pereh<\/p>\n<p>yhden vanhemman perhe \u2013 yhten vahnemban pereh<\/p>\n<p>uusperhe \u2013 uuzi pereh<\/p>\n<p>sateenkaariperhe \u2013 ukonvemmelpereh<\/p>\n<p>apilaperhe \u2013 imi\u010d\u010dypereh<\/p>\n<p>polyperhe \u2013 polipereh<\/p>\n<p>perheellinen \u2013 perehelline<\/p>\n<p>perheet\u00f6n \u2013 perehet\u00f6i<\/p>\n<p>vanhempi \u2013 vahnembi<\/p>\n<p>biologinen vanhempi \u2013 biolougine vahnembi<\/p>\n<p>sosiaalinen vanhempi \u2013 socialine vanhembi<\/p>\n<p>vanhemmuus \u2013 vahnembus, muama\u017eus, tuatta\u017eus (harvazeh k\u00e4yt\u00f6s)<\/p>\n<p>kumppanuusvanhemmuus, vahnemmuuskumppanuus \u2013 sobimusvahnembus (opastujien ehoitus)<\/p>\n<p>lapsi \u2013 lapsi<\/p>\n<p>lapseton \u2013 lapsetoi (kel on lastu \u2013 lapsekas)<\/p>\n<p>lapsettomuus \u2013 lapsettomus<\/p>\n<p>orpo \u2013 orboi<\/p>\n<p>puoliorpo \u2013 puoliorboi<\/p>\n<p>adoptoida \u2013 ottua lapsi, ottua lapsi pereheh, ottua omakse lapsekse, adoptiiruija (opastujien ehoitus)<\/p>\n<p>adoptio \u2013 lapsenotandu<\/p>\n<p>perheen sis\u00e4inen adoptio \u2013 vastinehen\/ukon\/akan lapsenotandu, adoptiirui\u010dendu (opastujien ehoitus)<\/p>\n<p>adoptiolapsi \u2013 ottolapsi<\/p>\n<p>adoptiovanhemmat \u2013 ottovahnembat (opastujien ehoitus)<\/p>\n<p>ottaa huostaan \u2013 ottua i\u00e4res perehesp\u00e4i<\/p>\n<p>huostaanotettu lapsi \u2013 perehesp\u00e4i i\u00e4resotettu lapsi<\/p>\n<p>sijaisvanhempi \u2013 sijahisvahnembi<\/p>\n<p>tukiperhe \u2013 tugipereh<\/p>\n<p>huoltaja \u2013 huoldai<\/p>\n<p>yksinhuoltaja \u2013 yksinhuoldai<\/p>\n<p>yhteishuoltajuus \u2013 yhteshuolda\u017eus, yhtehishuolda\u017eus<\/p>\n<p>l\u00e4hivanhempi, l\u00e4hihuoltaja \u2013 l\u00e4hivahnembi<\/p>\n<p>et\u00e4vanhempi, et\u00e4huoltaja &#8211; loittovahnembi<\/p>\n<p>vuoroasuminen \u2013 vuoroel\u00e4ndy<\/p>\n<p>bonuslapsi \u2013 bonuslapsi<\/p>\n<p>sateenkaari \u2013 ukonvemmel, ukonkuari<\/p>\n<p>sateenkaarikansa \u2013 ukonvemmelrahvas<\/p>\n<p>sateenkaariyhteis\u00f6 \u2013 ukonvemmelyhtehist\u00f6\/-yhteiz\u00f6<\/p>\n<p>v\u00e4hemmist\u00f6 \u2013 v\u00e4hembist\u00f6<\/p>\n<p>sukupuoli- ja seksuaaliv\u00e4hemmist\u00f6t \u2013 sugupuoli- da seksualiv\u00e4hembist\u00f6t<\/p>\n<p>sukupuoli \u2013 sugupuoli<\/p>\n<p>biologinen sukupuoli \u2013 biolougine sugupuoli<\/p>\n<p>sosiaalinen sukupuoli \u2013 socialine sugupuoli<\/p>\n<p>juridinen sukupuoli \u2013 juridine sugupuoli<\/p>\n<p>sukupuolen ilmaiseminen \u2013 sugupuolen ozuttamine<\/p>\n<p>sukupuolen korjaus \u2013 sugupuolen kohendus<\/p>\n<p>sukupuolen moninaisuus, sukupuolten moninaisuus \u2013 sugupuolen monina\u017eus\/\u00e4ijys, sugupuolien monina\u017eus\/\u00e4ijys<\/p>\n<p>henkil\u00f6 \u2013 hengi, hengil\u00f6 (kont. ezim. yhtyssanas pi\u00e4hengi voibi olla, ga hengil\u00f6 eri\u017ee)<\/p>\n<p>nainen \u2013 inehmine, naine<\/p>\n<p>mies \u2013 mies, paginkieline mu\u017eikku<\/p>\n<p>kolmas sukupuoli \u2013 kolmas sugupuoli<\/p>\n<p>naiseus &#8211; neizevus<\/p>\n<p>miehuus \u2013 miehus<\/p>\n<p>naisellinen \u2013 naizelline<\/p>\n<p>naisellisuus \u2013 naizelli\u017eus<\/p>\n<p>miehinen \u2013 miehine<\/p>\n<p>miehisyys \u2013 miehi\u017eys<\/p>\n<p>feminiininen \u2013 femiinine<\/p>\n<p>feminiinisyys \u2013 femiini\u017eys<\/p>\n<p>maskuliininen \u2013 maskuliinine<\/p>\n<p>maskuliinisuus \u2013 maskuliini\u017eus<\/p>\n<p>androgyyni \u2013 androgieni<\/p>\n<p>androgyyninen &#8211; androgienine<\/p>\n<p>androgynia \u2013 androgenii (ie-vard.)<\/p>\n<p>bin\u00e4\u00e4ri \u2013 binuaru (a-vard.)<\/p>\n<p>bin\u00e4\u00e4rinen \u2013 binuarine, binarnoi<\/p>\n<p>ei-bin\u00e4\u00e4ri \u2013 ei-binuaru<\/p>\n<p>ei-bin\u00e4\u00e4rinen \u2013 ei-binuarine, ei-binarnoi<\/p>\n<p>cissukupuolinen \u2013 cissugupuoline<\/p>\n<p>intersukupuolinen \u2013 intersugupuoline<\/p>\n<p>intersukupuolisuus \u2013 intersugupuoli\u017eus<\/p>\n<p>muunsukupuolinen \u2013 muunsugupuoline<\/p>\n<p>muunsukupuolisuus \u2013 muunsugupuoli\u017eus<\/p>\n<p>transsukupuolinen \u2013 transsugupuoline<\/p>\n<p>transsukupuolisuus \u2013 transsugupuoli\u017eus<\/p>\n<p>sukupuoleton \u2013 sugupuoletoi<\/p>\n<p>sukupuolettomuus \u2013 sugupuolettomus<\/p>\n<p>sukupuoli-identiteetti \u2013 sugupuoli-identitiettu<\/p>\n<p>sukupuolineutraali \u2013 sugupuolineitraline \/-neitral&#8217;noi<\/p>\n<p>sukupuolineutraalius \u2013 sugupuolineitrali\u017eus<\/p>\n<p>sukupuolinormatiivisuus \u2013 sugupuolinormatiivi\u017eus<\/p>\n<p>sukupuolisensitiivinen \u2013 sugupuolisensitiivine \/-sensitivnoi<\/p>\n<p>sukupuolisensitiivisyys \u2013 sugupuolisensitiivi\u017eus<\/p>\n<p>seksuaalinen suuntautuminen \u2013 seksualine suundavundu<\/p>\n<p>seksuaalisen suuntautumisen moninaisuus \u2013 seksualizen suundavundan monian\u017eus\/\u00e4ijys<\/p>\n<p>aseksuaali \u2013 aseksuali\/aseksualu<\/p>\n<p>aseksuaalinen \u2013 aseksualine<\/p>\n<p>aseksuaalisuus \u2013 aseksuali\u017eus<\/p>\n<p>biseksuaali \u2013 biseksuali\/biseksualu (a-vard.)<\/p>\n<p>biseksuaalinen \u2013 biseksualine<\/p>\n<p>biseksuaalisuus \u2013 biseksuali\u017eus<\/p>\n<p>heteroseksuaali \u2013 heteroseksuali\/-seksualu<\/p>\n<p>heteroseksuaalinen \u2013 heteroseksualine<\/p>\n<p>heteroseksuaalisuus \u2013 heteroseksuali\u017eus<\/p>\n<p>homoseksuaali \u2013 homoseksuali\/ -seksualu<\/p>\n<p>homoseksuaalinen \u2013 homoseksualine<\/p>\n<p>homoseksuaalisuus \u2013 homoseksuali\u017eus<\/p>\n<p>homo \u2013 homo<\/p>\n<p>homous \u2013 homovus\/homohus<\/p>\n<p>lesbo \u2013 lesbo<\/p>\n<p><img loading=\"lazy\" decoding=\"async\" class=\"alignnone size-medium wp-image-6977\" src=\"https:\/\/blogs.uef.fi\/karjalanelvytys\/wp-content\/uploads\/sites\/155\/2022\/10\/family-1839662_1920-300x149.jpg\" alt=\"\" width=\"300\" height=\"149\" srcset=\"https:\/\/blogs.uef.fi\/karjalanelvytys\/wp-content\/uploads\/sites\/155\/2022\/10\/family-1839662_1920-300x149.jpg 300w, https:\/\/blogs.uef.fi\/karjalanelvytys\/wp-content\/uploads\/sites\/155\/2022\/10\/family-1839662_1920-1024x509.jpg 1024w, https:\/\/blogs.uef.fi\/karjalanelvytys\/wp-content\/uploads\/sites\/155\/2022\/10\/family-1839662_1920-768x382.jpg 768w, https:\/\/blogs.uef.fi\/karjalanelvytys\/wp-content\/uploads\/sites\/155\/2022\/10\/family-1839662_1920-1536x764.jpg 1536w, https:\/\/blogs.uef.fi\/karjalanelvytys\/wp-content\/uploads\/sites\/155\/2022\/10\/family-1839662_1920.jpg 1920w\" sizes=\"auto, (max-width: 300px) 100vw, 300px\" \/><\/p>\n<p>Kuva: Pixabay<\/p>\n","protected":false},"excerpt":{"rendered":"<p>Perhe- ja sateenkaarisanasto (suomi-livvinkarjala) Pereh- da ukonvemmelsanasto (suomi-livvinkarjala) Luadijat: Natalia Giloeva, Niko Tynnyrinen da karjalan ki\u00e4nn\u00f6sseminuaran opastujat Suomenkielizen sanalistan luadii: Katerina Paalamo Samaine sanasto tulou my\u00f6hemb\u00e4 se\u017eo vienan- da suvikarjalakse. Ellend\u00e4mizen tuvekse: linku Setan luajittuh ukonvemmelsanastoh, kudamas annetah ukonvemmelsanoin merki\u010dykset suomekse. perheenj\u00e4sen \u2013 perehen ozanottai, perehen j\u00e4zen, perehj\u00e4zen, perehehkuului \u00e4iti \u2013 muamo \u00e4itipuoli, is\u00e4n vaimo [&hellip;]<\/p>\n","protected":false},"author":580,"featured_media":0,"parent":0,"menu_order":0,"comment_status":"closed","ping_status":"closed","template":"","meta":{"_acf_changed":false,"footnotes":""},"class_list":["post-6968","page","type-page","status-publish","hentry"],"acf":[],"yoast_head":"<!-- This site is optimized with the Yoast SEO plugin v27.3 - https:\/\/yoast.com\/product\/yoast-seo-wordpress\/ -->\n<title>Pereh- da ukonvemmelsanasto (suomi-livvinkarjala) - Karjalan kielen elvytt\u00e4minen<\/title>\n<meta name=\"robots\" content=\"index, follow, max-snippet:-1, max-image-preview:large, max-video-preview:-1\" \/>\n<link rel=\"canonical\" href=\"https:\/\/blogs.uef.fi\/karjalanelvytys\/pereh-da-ukonvemmelsanasto-suomi-livvinkarjala\/\" \/>\n<meta property=\"og:locale\" content=\"fi_FI\" \/>\n<meta property=\"og:type\" content=\"article\" \/>\n<meta property=\"og:title\" content=\"Pereh- da ukonvemmelsanasto (suomi-livvinkarjala) - Karjalan kielen elvytt\u00e4minen\" \/>\n<meta property=\"og:description\" content=\"Perhe- ja sateenkaarisanasto (suomi-livvinkarjala) Pereh- da ukonvemmelsanasto (suomi-livvinkarjala) Luadijat: Natalia Giloeva, Niko Tynnyrinen da karjalan ki\u00e4nn\u00f6sseminuaran opastujat Suomenkielizen sanalistan luadii: Katerina Paalamo Samaine sanasto tulou my\u00f6hemb\u00e4 se\u017eo vienan- da suvikarjalakse. Ellend\u00e4mizen tuvekse: linku Setan luajittuh ukonvemmelsanastoh, kudamas annetah ukonvemmelsanoin merki\u010dykset suomekse. perheenj\u00e4sen \u2013 perehen ozanottai, perehen j\u00e4zen, perehj\u00e4zen, perehehkuului \u00e4iti \u2013 muamo \u00e4itipuoli, is\u00e4n vaimo [&hellip;]\" \/>\n<meta property=\"og:url\" content=\"https:\/\/blogs.uef.fi\/karjalanelvytys\/pereh-da-ukonvemmelsanasto-suomi-livvinkarjala\/\" \/>\n<meta property=\"og:site_name\" content=\"Karjalan kielen elvytt\u00e4minen\" \/>\n<meta property=\"article:modified_time\" content=\"2026-04-20T07:10:46+00:00\" \/>\n<meta property=\"og:image\" content=\"https:\/\/blogs.uef.fi\/karjalanelvytys\/wp-content\/uploads\/sites\/155\/2022\/10\/family-1839662_1920.jpg\" \/>\n\t<meta property=\"og:image:width\" content=\"1920\" \/>\n\t<meta property=\"og:image:height\" content=\"955\" \/>\n\t<meta property=\"og:image:type\" content=\"image\/jpeg\" \/>\n<meta name=\"twitter:card\" content=\"summary_large_image\" \/>\n<meta name=\"twitter:label1\" content=\"Arvioitu lukuaika\" \/>\n\t<meta name=\"twitter:data1\" content=\"5 minuuttia\" \/>\n<script type=\"application\/ld+json\" class=\"yoast-schema-graph\">{\"@context\":\"https:\\\/\\\/schema.org\",\"@graph\":[{\"@type\":\"WebPage\",\"@id\":\"https:\\\/\\\/blogs.uef.fi\\\/karjalanelvytys\\\/pereh-da-ukonvemmelsanasto-suomi-livvinkarjala\\\/\",\"url\":\"https:\\\/\\\/blogs.uef.fi\\\/karjalanelvytys\\\/pereh-da-ukonvemmelsanasto-suomi-livvinkarjala\\\/\",\"name\":\"Pereh- da ukonvemmelsanasto (suomi-livvinkarjala) - Karjalan kielen elvytt\u00e4minen\",\"isPartOf\":{\"@id\":\"https:\\\/\\\/blogs.uef.fi\\\/karjalanelvytys\\\/#website\"},\"primaryImageOfPage\":{\"@id\":\"https:\\\/\\\/blogs.uef.fi\\\/karjalanelvytys\\\/pereh-da-ukonvemmelsanasto-suomi-livvinkarjala\\\/#primaryimage\"},\"image\":{\"@id\":\"https:\\\/\\\/blogs.uef.fi\\\/karjalanelvytys\\\/pereh-da-ukonvemmelsanasto-suomi-livvinkarjala\\\/#primaryimage\"},\"thumbnailUrl\":\"https:\\\/\\\/blogs.uef.fi\\\/karjalanelvytys\\\/wp-content\\\/uploads\\\/sites\\\/155\\\/2022\\\/10\\\/family-1839662_1920-300x149.jpg\",\"datePublished\":\"2022-10-10T06:13:49+00:00\",\"dateModified\":\"2026-04-20T07:10:46+00:00\",\"breadcrumb\":{\"@id\":\"https:\\\/\\\/blogs.uef.fi\\\/karjalanelvytys\\\/pereh-da-ukonvemmelsanasto-suomi-livvinkarjala\\\/#breadcrumb\"},\"inLanguage\":\"fi\",\"potentialAction\":[{\"@type\":\"ReadAction\",\"target\":[\"https:\\\/\\\/blogs.uef.fi\\\/karjalanelvytys\\\/pereh-da-ukonvemmelsanasto-suomi-livvinkarjala\\\/\"]}]},{\"@type\":\"ImageObject\",\"inLanguage\":\"fi\",\"@id\":\"https:\\\/\\\/blogs.uef.fi\\\/karjalanelvytys\\\/pereh-da-ukonvemmelsanasto-suomi-livvinkarjala\\\/#primaryimage\",\"url\":\"https:\\\/\\\/blogs.uef.fi\\\/karjalanelvytys\\\/wp-content\\\/uploads\\\/sites\\\/155\\\/2022\\\/10\\\/family-1839662_1920.jpg\",\"contentUrl\":\"https:\\\/\\\/blogs.uef.fi\\\/karjalanelvytys\\\/wp-content\\\/uploads\\\/sites\\\/155\\\/2022\\\/10\\\/family-1839662_1920.jpg\",\"width\":1920,\"height\":955},{\"@type\":\"BreadcrumbList\",\"@id\":\"https:\\\/\\\/blogs.uef.fi\\\/karjalanelvytys\\\/pereh-da-ukonvemmelsanasto-suomi-livvinkarjala\\\/#breadcrumb\",\"itemListElement\":[{\"@type\":\"ListItem\",\"position\":1,\"name\":\"Home\",\"item\":\"https:\\\/\\\/blogs.uef.fi\\\/karjalanelvytys\\\/\"},{\"@type\":\"ListItem\",\"position\":2,\"name\":\"Pereh- da ukonvemmelsanasto (suomi-livvinkarjala)\"}]},{\"@type\":\"WebSite\",\"@id\":\"https:\\\/\\\/blogs.uef.fi\\\/karjalanelvytys\\\/#website\",\"url\":\"https:\\\/\\\/blogs.uef.fi\\\/karjalanelvytys\\\/\",\"name\":\"Karjalan kielen elvytt\u00e4minen\",\"description\":\"\",\"potentialAction\":[{\"@type\":\"SearchAction\",\"target\":{\"@type\":\"EntryPoint\",\"urlTemplate\":\"https:\\\/\\\/blogs.uef.fi\\\/karjalanelvytys\\\/?s={search_term_string}\"},\"query-input\":{\"@type\":\"PropertyValueSpecification\",\"valueRequired\":true,\"valueName\":\"search_term_string\"}}],\"inLanguage\":\"fi\"}]}<\/script>\n<!-- \/ Yoast SEO plugin. -->","yoast_head_json":{"title":"Pereh- da ukonvemmelsanasto (suomi-livvinkarjala) - Karjalan kielen elvytt\u00e4minen","robots":{"index":"index","follow":"follow","max-snippet":"max-snippet:-1","max-image-preview":"max-image-preview:large","max-video-preview":"max-video-preview:-1"},"canonical":"https:\/\/blogs.uef.fi\/karjalanelvytys\/pereh-da-ukonvemmelsanasto-suomi-livvinkarjala\/","og_locale":"fi_FI","og_type":"article","og_title":"Pereh- da ukonvemmelsanasto (suomi-livvinkarjala) - Karjalan kielen elvytt\u00e4minen","og_description":"Perhe- ja sateenkaarisanasto (suomi-livvinkarjala) Pereh- da ukonvemmelsanasto (suomi-livvinkarjala) Luadijat: Natalia Giloeva, Niko Tynnyrinen da karjalan ki\u00e4nn\u00f6sseminuaran opastujat Suomenkielizen sanalistan luadii: Katerina Paalamo Samaine sanasto tulou my\u00f6hemb\u00e4 se\u017eo vienan- da suvikarjalakse. Ellend\u00e4mizen tuvekse: linku Setan luajittuh ukonvemmelsanastoh, kudamas annetah ukonvemmelsanoin merki\u010dykset suomekse. perheenj\u00e4sen \u2013 perehen ozanottai, perehen j\u00e4zen, perehj\u00e4zen, perehehkuului \u00e4iti \u2013 muamo \u00e4itipuoli, is\u00e4n vaimo [&hellip;]","og_url":"https:\/\/blogs.uef.fi\/karjalanelvytys\/pereh-da-ukonvemmelsanasto-suomi-livvinkarjala\/","og_site_name":"Karjalan kielen elvytt\u00e4minen","article_modified_time":"2026-04-20T07:10:46+00:00","og_image":[{"width":1920,"height":955,"url":"https:\/\/blogs.uef.fi\/karjalanelvytys\/wp-content\/uploads\/sites\/155\/2022\/10\/family-1839662_1920.jpg","type":"image\/jpeg"}],"twitter_card":"summary_large_image","twitter_misc":{"Arvioitu lukuaika":"5 minuuttia"},"schema":{"@context":"https:\/\/schema.org","@graph":[{"@type":"WebPage","@id":"https:\/\/blogs.uef.fi\/karjalanelvytys\/pereh-da-ukonvemmelsanasto-suomi-livvinkarjala\/","url":"https:\/\/blogs.uef.fi\/karjalanelvytys\/pereh-da-ukonvemmelsanasto-suomi-livvinkarjala\/","name":"Pereh- da ukonvemmelsanasto (suomi-livvinkarjala) - Karjalan kielen elvytt\u00e4minen","isPartOf":{"@id":"https:\/\/blogs.uef.fi\/karjalanelvytys\/#website"},"primaryImageOfPage":{"@id":"https:\/\/blogs.uef.fi\/karjalanelvytys\/pereh-da-ukonvemmelsanasto-suomi-livvinkarjala\/#primaryimage"},"image":{"@id":"https:\/\/blogs.uef.fi\/karjalanelvytys\/pereh-da-ukonvemmelsanasto-suomi-livvinkarjala\/#primaryimage"},"thumbnailUrl":"https:\/\/blogs.uef.fi\/karjalanelvytys\/wp-content\/uploads\/sites\/155\/2022\/10\/family-1839662_1920-300x149.jpg","datePublished":"2022-10-10T06:13:49+00:00","dateModified":"2026-04-20T07:10:46+00:00","breadcrumb":{"@id":"https:\/\/blogs.uef.fi\/karjalanelvytys\/pereh-da-ukonvemmelsanasto-suomi-livvinkarjala\/#breadcrumb"},"inLanguage":"fi","potentialAction":[{"@type":"ReadAction","target":["https:\/\/blogs.uef.fi\/karjalanelvytys\/pereh-da-ukonvemmelsanasto-suomi-livvinkarjala\/"]}]},{"@type":"ImageObject","inLanguage":"fi","@id":"https:\/\/blogs.uef.fi\/karjalanelvytys\/pereh-da-ukonvemmelsanasto-suomi-livvinkarjala\/#primaryimage","url":"https:\/\/blogs.uef.fi\/karjalanelvytys\/wp-content\/uploads\/sites\/155\/2022\/10\/family-1839662_1920.jpg","contentUrl":"https:\/\/blogs.uef.fi\/karjalanelvytys\/wp-content\/uploads\/sites\/155\/2022\/10\/family-1839662_1920.jpg","width":1920,"height":955},{"@type":"BreadcrumbList","@id":"https:\/\/blogs.uef.fi\/karjalanelvytys\/pereh-da-ukonvemmelsanasto-suomi-livvinkarjala\/#breadcrumb","itemListElement":[{"@type":"ListItem","position":1,"name":"Home","item":"https:\/\/blogs.uef.fi\/karjalanelvytys\/"},{"@type":"ListItem","position":2,"name":"Pereh- da ukonvemmelsanasto (suomi-livvinkarjala)"}]},{"@type":"WebSite","@id":"https:\/\/blogs.uef.fi\/karjalanelvytys\/#website","url":"https:\/\/blogs.uef.fi\/karjalanelvytys\/","name":"Karjalan kielen elvytt\u00e4minen","description":"","potentialAction":[{"@type":"SearchAction","target":{"@type":"EntryPoint","urlTemplate":"https:\/\/blogs.uef.fi\/karjalanelvytys\/?s={search_term_string}"},"query-input":{"@type":"PropertyValueSpecification","valueRequired":true,"valueName":"search_term_string"}}],"inLanguage":"fi"}]}},"_links":{"self":[{"href":"https:\/\/blogs.uef.fi\/karjalanelvytys\/wp-json\/wp\/v2\/pages\/6968","targetHints":{"allow":["GET"]}}],"collection":[{"href":"https:\/\/blogs.uef.fi\/karjalanelvytys\/wp-json\/wp\/v2\/pages"}],"about":[{"href":"https:\/\/blogs.uef.fi\/karjalanelvytys\/wp-json\/wp\/v2\/types\/page"}],"author":[{"embeddable":true,"href":"https:\/\/blogs.uef.fi\/karjalanelvytys\/wp-json\/wp\/v2\/users\/580"}],"replies":[{"embeddable":true,"href":"https:\/\/blogs.uef.fi\/karjalanelvytys\/wp-json\/wp\/v2\/comments?post=6968"}],"version-history":[{"count":2,"href":"https:\/\/blogs.uef.fi\/karjalanelvytys\/wp-json\/wp\/v2\/pages\/6968\/revisions"}],"predecessor-version":[{"id":23641,"href":"https:\/\/blogs.uef.fi\/karjalanelvytys\/wp-json\/wp\/v2\/pages\/6968\/revisions\/23641"}],"wp:attachment":[{"href":"https:\/\/blogs.uef.fi\/karjalanelvytys\/wp-json\/wp\/v2\/media?parent=6968"}],"curies":[{"name":"wp","href":"https:\/\/api.w.org\/{rel}","templated":true}]}}