{"id":6115,"date":"2022-08-24T00:43:33","date_gmt":"2022-08-23T21:43:33","guid":{"rendered":"https:\/\/blogs.uef.fi\/karjalanelvytys\/?page_id=6115"},"modified":"2022-08-24T00:50:23","modified_gmt":"2022-08-23T21:50:23","slug":"numeralit-lukusanat-numerualat-lugusanat-numerualat-lugusanat","status":"publish","type":"page","link":"https:\/\/blogs.uef.fi\/karjalanelvytys\/numeralit-lukusanat-numerualat-lugusanat-numerualat-lugusanat\/","title":{"rendered":"Numeralit, luku\u0161anat \u2013 numerualat, lugusanat \u2013 numerualat, lugusanat"},"content":{"rendered":"<div id=\"attachment_6118\" style=\"width: 310px\" class=\"wp-caption alignnone\"><img loading=\"lazy\" decoding=\"async\" aria-describedby=\"caption-attachment-6118\" class=\"size-medium wp-image-6118\" src=\"https:\/\/blogs.uef.fi\/karjalanelvytys\/wp-content\/uploads\/sites\/155\/2022\/08\/numerot-300x200.jpg\" alt=\"\" width=\"300\" height=\"200\" srcset=\"https:\/\/blogs.uef.fi\/karjalanelvytys\/wp-content\/uploads\/sites\/155\/2022\/08\/numerot-300x200.jpg 300w, https:\/\/blogs.uef.fi\/karjalanelvytys\/wp-content\/uploads\/sites\/155\/2022\/08\/numerot.jpg 405w\" sizes=\"auto, (max-width: 300px) 100vw, 300px\" \/><p id=\"caption-attachment-6118\" class=\"wp-caption-text\">Kuva: Pixabay<\/p><\/div>\n<h2><b>Peru\u0161luvut \u2013 perusluvut \u2013 perusluvut 0\u201310<\/b><\/h2>\n<table style=\"height: 756px\" width=\"400\" cellspacing=\"0\" cellpadding=\"7\">\n<tbody>\n<tr valign=\"top\">\n<td width=\"14\"><\/td>\n<td width=\"146\">\n<p align=\"left\"><span style=\"font-family: Calibri, serif\"><span style=\"font-size: small\"><b>vienankarjala<\/b><\/span><\/span><\/p>\n<\/td>\n<td width=\"146\">\n<p align=\"left\"><span style=\"font-family: Calibri, serif\"><span style=\"font-size: small\"><b>suvikarjala<\/b><\/span><\/span><\/p>\n<\/td>\n<td width=\"145\">\n<p align=\"left\"><span style=\"font-family: Calibri, serif\"><span style=\"font-size: small\"><b>livvinkarjala<\/b><\/span><\/span><\/p>\n<\/td>\n<\/tr>\n<tr valign=\"top\">\n<td width=\"14\">\n<p align=\"left\"><span style=\"font-family: Calibri, serif\"><span style=\"font-size: small\">0<\/span><\/span><\/p>\n<\/td>\n<td width=\"146\">\n<p align=\"left\"><span style=\"font-family: Calibri, serif\"><span style=\"font-size: small\">nolla<\/span><\/span><\/p>\n<\/td>\n<td width=\"146\">\n<p align=\"left\"><span style=\"font-family: Calibri, serif\"><span style=\"font-size: small\">nolla<\/span><\/span><\/p>\n<\/td>\n<td width=\"145\">\n<p align=\"left\"><span style=\"font-family: Calibri, serif\"><span style=\"font-size: small\">nol&#8217;a<\/span><\/span><\/p>\n<\/td>\n<\/tr>\n<tr valign=\"top\">\n<td width=\"14\">\n<p align=\"left\"><span style=\"font-family: Calibri, serif\"><span style=\"font-size: small\">1<\/span><\/span><\/p>\n<\/td>\n<td width=\"146\">\n<p align=\"left\"><span style=\"font-family: Calibri, serif\"><span style=\"font-size: small\">yksi<\/span><\/span><\/p>\n<\/td>\n<td width=\"146\">\n<p align=\"left\"><span style=\"font-family: Calibri, serif\"><span style=\"font-size: small\">yksi<\/span><\/span><\/p>\n<\/td>\n<td width=\"145\">\n<p align=\"left\"><span style=\"font-family: Calibri, serif\"><span style=\"font-size: small\">yksi<\/span><\/span><\/p>\n<\/td>\n<\/tr>\n<tr valign=\"top\">\n<td width=\"14\">\n<p align=\"left\"><span style=\"font-family: Calibri, serif\"><span style=\"font-size: small\">2<\/span><\/span><\/p>\n<\/td>\n<td width=\"146\">\n<p align=\"left\"><span style=\"font-family: Calibri, serif\"><span style=\"font-size: small\">kak\u0161i<\/span><\/span><\/p>\n<\/td>\n<td width=\"146\">\n<p align=\"left\"><span style=\"font-family: Calibri, serif\"><span style=\"font-size: small\">kaksi<\/span><\/span><\/p>\n<\/td>\n<td width=\"145\">\n<p align=\"left\"><span style=\"font-family: Calibri, serif\"><span style=\"font-size: small\">kaksi<\/span><\/span><\/p>\n<\/td>\n<\/tr>\n<tr valign=\"top\">\n<td width=\"14\">\n<p align=\"left\"><span style=\"font-family: Calibri, serif\"><span style=\"font-size: small\">3<\/span><\/span><\/p>\n<\/td>\n<td width=\"146\">\n<p align=\"left\"><span style=\"font-family: Calibri, serif\"><span style=\"font-size: small\">kolme<\/span><\/span><\/p>\n<\/td>\n<td width=\"146\">\n<p align=\"left\"><span style=\"font-family: Calibri, serif\"><span style=\"font-size: small\">kolme<\/span><\/span><\/p>\n<\/td>\n<td width=\"145\">\n<p align=\"left\"><span style=\"font-family: Calibri, serif\"><span style=\"font-size: small\">kolme<\/span><\/span><\/p>\n<\/td>\n<\/tr>\n<tr valign=\"top\">\n<td width=\"14\">\n<p align=\"left\"><span style=\"font-family: Calibri, serif\"><span style=\"font-size: small\">4<\/span><\/span><\/p>\n<\/td>\n<td width=\"146\">\n<p align=\"left\"><span style=\"font-family: Calibri, serif\"><span style=\"font-size: small\">nell\u00e4<\/span><\/span><\/p>\n<\/td>\n<td width=\"146\">\n<p align=\"left\"><span style=\"font-family: Calibri, serif\"><span style=\"font-size: small\">nell\u00e4<\/span><\/span><\/p>\n<\/td>\n<td width=\"145\">\n<p align=\"left\"><span style=\"font-family: Calibri, serif\"><span style=\"font-size: small\">nelli<\/span><\/span><\/p>\n<\/td>\n<\/tr>\n<tr valign=\"top\">\n<td width=\"14\">\n<p align=\"left\"><span style=\"font-family: Calibri, serif\"><span style=\"font-size: small\">5<\/span><\/span><\/p>\n<\/td>\n<td width=\"146\">\n<p align=\"left\"><span style=\"font-family: Calibri, serif\"><span style=\"font-size: small\">viisi<\/span><\/span><\/p>\n<\/td>\n<td width=\"146\">\n<p align=\"left\"><span style=\"font-family: Calibri, serif\"><span style=\"font-size: small\">viizi<\/span><\/span><\/p>\n<\/td>\n<td width=\"145\">\n<p align=\"left\"><span style=\"font-family: Calibri, serif\"><span style=\"font-size: small\">viizi<\/span><\/span><\/p>\n<\/td>\n<\/tr>\n<tr valign=\"top\">\n<td width=\"14\">\n<p align=\"left\"><span style=\"font-family: Calibri, serif\"><span style=\"font-size: small\">6<\/span><\/span><\/p>\n<\/td>\n<td width=\"146\">\n<p align=\"left\"><span style=\"font-family: Calibri, serif\"><span style=\"font-size: small\">kuu\u0161i<\/span><\/span><\/p>\n<\/td>\n<td width=\"146\">\n<p align=\"left\"><span style=\"font-family: Calibri, serif\"><span style=\"font-size: small\">kuuzi<\/span><\/span><\/p>\n<\/td>\n<td width=\"145\">\n<p align=\"left\"><span style=\"font-family: Calibri, serif\"><span style=\"font-size: small\">kuuzi<\/span><\/span><\/p>\n<\/td>\n<\/tr>\n<tr valign=\"top\">\n<td width=\"14\">\n<p align=\"left\"><span style=\"font-family: Calibri, serif\"><span style=\"font-size: small\">7<\/span><\/span><\/p>\n<\/td>\n<td width=\"146\">\n<p align=\"left\"><span style=\"font-family: Calibri, serif\"><span style=\"font-size: small\">\u0161ei\u010d\u010demen<\/span><\/span><\/p>\n<\/td>\n<td width=\"146\">\n<p align=\"left\"><span style=\"font-family: Calibri, serif\"><span style=\"font-size: small\">sei\u010d\u010demen<\/span><\/span><a name=\"_Hlk111556938\"><\/a><\/p>\n<\/td>\n<td width=\"145\">\n<p align=\"left\"><span style=\"font-family: Calibri, serif\"><span style=\"font-size: small\">sei\u010d\u010die<\/span><\/span><\/p>\n<\/td>\n<\/tr>\n<tr valign=\"top\">\n<td width=\"14\">\n<p align=\"left\"><span style=\"font-family: Calibri, serif\"><span style=\"font-size: small\">8<\/span><\/span><\/p>\n<\/td>\n<td width=\"146\">\n<p align=\"left\"><span style=\"font-family: Calibri, serif\"><span style=\"font-size: small\">kahek\u0161an<\/span><\/span><\/p>\n<\/td>\n<td width=\"146\">\n<p align=\"left\"><span style=\"font-family: Calibri, serif\"><span style=\"font-size: small\">kaheksan<\/span><\/span><\/p>\n<\/td>\n<td width=\"145\">\n<p align=\"left\">\u00a0<span style=\"font-family: Calibri, serif\"><span style=\"font-size: small\">kaheksa<\/span><\/span><\/p>\n<\/td>\n<\/tr>\n<tr valign=\"top\">\n<td width=\"14\">\n<p align=\"left\"><span style=\"font-family: Calibri, serif\"><span style=\"font-size: small\">9<\/span><\/span><\/p>\n<\/td>\n<td width=\"146\">\n<p align=\"left\"><span style=\"font-family: Calibri, serif\"><span style=\"font-size: small\">yhek\u0161\u00e4n<\/span><\/span><\/p>\n<\/td>\n<td width=\"146\">\n<p align=\"left\"><span style=\"font-family: Calibri, serif\"><span style=\"font-size: small\">yheks\u00e4n<\/span><\/span><\/p>\n<\/td>\n<td width=\"145\">\n<p align=\"left\"><span style=\"font-family: Calibri, serif\"><span style=\"font-size: small\">yheks\u00e4<\/span><\/span><\/p>\n<\/td>\n<\/tr>\n<tr valign=\"top\">\n<td width=\"14\">\n<p align=\"left\"><span style=\"font-family: Calibri, serif\"><span style=\"font-size: small\">10<\/span><\/span><\/p>\n<\/td>\n<td width=\"146\">\n<p align=\"left\"><span style=\"font-family: Calibri, serif\"><span style=\"font-size: small\">kymmenen<\/span><\/span><\/p>\n<\/td>\n<td width=\"146\">\n<p align=\"left\"><span style=\"font-family: Calibri, serif\"><span style=\"font-size: small\">kymmenen<\/span><\/span><\/p>\n<\/td>\n<td width=\"145\">\n<p align=\"left\"><span style=\"font-family: Calibri, serif\"><span style=\"font-size: small\">kymmene<\/span><\/span><\/p>\n<\/td>\n<\/tr>\n<\/tbody>\n<\/table>\n<p>&nbsp;<\/p>\n","protected":false},"excerpt":{"rendered":"<p>Peru\u0161luvut \u2013 perusluvut \u2013 perusluvut 0\u201310 vienankarjala suvikarjala livvinkarjala 0 nolla nolla nol&#8217;a 1 yksi yksi yksi 2 kak\u0161i kaksi kaksi 3 kolme kolme kolme 4 nell\u00e4 nell\u00e4 nelli 5 viisi viizi viizi 6 kuu\u0161i kuuzi kuuzi 7 \u0161ei\u010d\u010demen sei\u010d\u010demen sei\u010d\u010die 8 kahek\u0161an kaheksan \u00a0kaheksa 9 yhek\u0161\u00e4n yheks\u00e4n yheks\u00e4 10 kymmenen kymmenen kymmene &nbsp;<\/p>\n","protected":false},"author":548,"featured_media":0,"parent":0,"menu_order":0,"comment_status":"closed","ping_status":"closed","template":"","meta":{"_acf_changed":false,"footnotes":""},"class_list":["post-6115","page","type-page","status-publish","hentry"],"acf":[],"yoast_head":"<!-- This site is optimized with the Yoast SEO plugin v27.1.1 - https:\/\/yoast.com\/product\/yoast-seo-wordpress\/ -->\n<title>Numeralit, luku\u0161anat \u2013 numerualat, lugusanat \u2013 numerualat, lugusanat - Karjalan kielen elvytt\u00e4minen<\/title>\n<meta name=\"robots\" content=\"index, follow, max-snippet:-1, max-image-preview:large, max-video-preview:-1\" \/>\n<link rel=\"canonical\" href=\"https:\/\/blogs.uef.fi\/karjalanelvytys\/numeralit-lukusanat-numerualat-lugusanat-numerualat-lugusanat\/\" \/>\n<meta property=\"og:locale\" content=\"fi_FI\" \/>\n<meta property=\"og:type\" content=\"article\" \/>\n<meta property=\"og:title\" content=\"Numeralit, luku\u0161anat \u2013 numerualat, lugusanat \u2013 numerualat, lugusanat - Karjalan kielen elvytt\u00e4minen\" \/>\n<meta property=\"og:description\" content=\"Peru\u0161luvut \u2013 perusluvut \u2013 perusluvut 0\u201310 vienankarjala suvikarjala livvinkarjala 0 nolla nolla nol&#8217;a 1 yksi yksi yksi 2 kak\u0161i kaksi kaksi 3 kolme kolme kolme 4 nell\u00e4 nell\u00e4 nelli 5 viisi viizi viizi 6 kuu\u0161i kuuzi kuuzi 7 \u0161ei\u010d\u010demen sei\u010d\u010demen sei\u010d\u010die 8 kahek\u0161an kaheksan \u00a0kaheksa 9 yhek\u0161\u00e4n yheks\u00e4n yheks\u00e4 10 kymmenen kymmenen kymmene &nbsp;\" \/>\n<meta property=\"og:url\" content=\"https:\/\/blogs.uef.fi\/karjalanelvytys\/numeralit-lukusanat-numerualat-lugusanat-numerualat-lugusanat\/\" \/>\n<meta property=\"og:site_name\" content=\"Karjalan kielen elvytt\u00e4minen\" \/>\n<meta property=\"article:modified_time\" content=\"2022-08-23T21:50:23+00:00\" \/>\n<meta property=\"og:image\" content=\"https:\/\/blogs.uef.fi\/karjalanelvytys\/wp-content\/uploads\/sites\/155\/2022\/08\/numerot-300x200.jpg\" \/>\n<meta name=\"twitter:card\" content=\"summary_large_image\" \/>\n<meta name=\"twitter:label1\" content=\"Arvioitu lukuaika\" \/>\n\t<meta name=\"twitter:data1\" content=\"1 minuutti\" \/>\n<script type=\"application\/ld+json\" class=\"yoast-schema-graph\">{\"@context\":\"https:\/\/schema.org\",\"@graph\":[{\"@type\":\"WebPage\",\"@id\":\"https:\/\/blogs.uef.fi\/karjalanelvytys\/numeralit-lukusanat-numerualat-lugusanat-numerualat-lugusanat\/\",\"url\":\"https:\/\/blogs.uef.fi\/karjalanelvytys\/numeralit-lukusanat-numerualat-lugusanat-numerualat-lugusanat\/\",\"name\":\"Numeralit, luku\u0161anat \u2013 numerualat, lugusanat \u2013 numerualat, lugusanat - Karjalan kielen elvytt\u00e4minen\",\"isPartOf\":{\"@id\":\"https:\/\/blogs.uef.fi\/karjalanelvytys\/#website\"},\"primaryImageOfPage\":{\"@id\":\"https:\/\/blogs.uef.fi\/karjalanelvytys\/numeralit-lukusanat-numerualat-lugusanat-numerualat-lugusanat\/#primaryimage\"},\"image\":{\"@id\":\"https:\/\/blogs.uef.fi\/karjalanelvytys\/numeralit-lukusanat-numerualat-lugusanat-numerualat-lugusanat\/#primaryimage\"},\"thumbnailUrl\":\"https:\/\/blogs.uef.fi\/karjalanelvytys\/wp-content\/uploads\/sites\/155\/2022\/08\/numerot-300x200.jpg\",\"datePublished\":\"2022-08-23T21:43:33+00:00\",\"dateModified\":\"2022-08-23T21:50:23+00:00\",\"breadcrumb\":{\"@id\":\"https:\/\/blogs.uef.fi\/karjalanelvytys\/numeralit-lukusanat-numerualat-lugusanat-numerualat-lugusanat\/#breadcrumb\"},\"inLanguage\":\"fi\",\"potentialAction\":[{\"@type\":\"ReadAction\",\"target\":[\"https:\/\/blogs.uef.fi\/karjalanelvytys\/numeralit-lukusanat-numerualat-lugusanat-numerualat-lugusanat\/\"]}]},{\"@type\":\"ImageObject\",\"inLanguage\":\"fi\",\"@id\":\"https:\/\/blogs.uef.fi\/karjalanelvytys\/numeralit-lukusanat-numerualat-lugusanat-numerualat-lugusanat\/#primaryimage\",\"url\":\"https:\/\/blogs.uef.fi\/karjalanelvytys\/wp-content\/uploads\/sites\/155\/2022\/08\/numerot.jpg\",\"contentUrl\":\"https:\/\/blogs.uef.fi\/karjalanelvytys\/wp-content\/uploads\/sites\/155\/2022\/08\/numerot.jpg\",\"width\":405,\"height\":270,\"caption\":\"Kuva: Pixabay\"},{\"@type\":\"BreadcrumbList\",\"@id\":\"https:\/\/blogs.uef.fi\/karjalanelvytys\/numeralit-lukusanat-numerualat-lugusanat-numerualat-lugusanat\/#breadcrumb\",\"itemListElement\":[{\"@type\":\"ListItem\",\"position\":1,\"name\":\"Home\",\"item\":\"https:\/\/blogs.uef.fi\/karjalanelvytys\/\"},{\"@type\":\"ListItem\",\"position\":2,\"name\":\"Numeralit, luku\u0161anat \u2013 numerualat, lugusanat \u2013 numerualat, lugusanat\"}]},{\"@type\":\"WebSite\",\"@id\":\"https:\/\/blogs.uef.fi\/karjalanelvytys\/#website\",\"url\":\"https:\/\/blogs.uef.fi\/karjalanelvytys\/\",\"name\":\"Karjalan kielen elvytt\u00e4minen\",\"description\":\"\",\"potentialAction\":[{\"@type\":\"SearchAction\",\"target\":{\"@type\":\"EntryPoint\",\"urlTemplate\":\"https:\/\/blogs.uef.fi\/karjalanelvytys\/?s={search_term_string}\"},\"query-input\":{\"@type\":\"PropertyValueSpecification\",\"valueRequired\":true,\"valueName\":\"search_term_string\"}}],\"inLanguage\":\"fi\"}]}<\/script>\n<!-- \/ Yoast SEO plugin. -->","yoast_head_json":{"title":"Numeralit, luku\u0161anat \u2013 numerualat, lugusanat \u2013 numerualat, lugusanat - Karjalan kielen elvytt\u00e4minen","robots":{"index":"index","follow":"follow","max-snippet":"max-snippet:-1","max-image-preview":"max-image-preview:large","max-video-preview":"max-video-preview:-1"},"canonical":"https:\/\/blogs.uef.fi\/karjalanelvytys\/numeralit-lukusanat-numerualat-lugusanat-numerualat-lugusanat\/","og_locale":"fi_FI","og_type":"article","og_title":"Numeralit, luku\u0161anat \u2013 numerualat, lugusanat \u2013 numerualat, lugusanat - Karjalan kielen elvytt\u00e4minen","og_description":"Peru\u0161luvut \u2013 perusluvut \u2013 perusluvut 0\u201310 vienankarjala suvikarjala livvinkarjala 0 nolla nolla nol&#8217;a 1 yksi yksi yksi 2 kak\u0161i kaksi kaksi 3 kolme kolme kolme 4 nell\u00e4 nell\u00e4 nelli 5 viisi viizi viizi 6 kuu\u0161i kuuzi kuuzi 7 \u0161ei\u010d\u010demen sei\u010d\u010demen sei\u010d\u010die 8 kahek\u0161an kaheksan \u00a0kaheksa 9 yhek\u0161\u00e4n yheks\u00e4n yheks\u00e4 10 kymmenen kymmenen kymmene &nbsp;","og_url":"https:\/\/blogs.uef.fi\/karjalanelvytys\/numeralit-lukusanat-numerualat-lugusanat-numerualat-lugusanat\/","og_site_name":"Karjalan kielen elvytt\u00e4minen","article_modified_time":"2022-08-23T21:50:23+00:00","og_image":[{"url":"https:\/\/blogs.uef.fi\/karjalanelvytys\/wp-content\/uploads\/sites\/155\/2022\/08\/numerot-300x200.jpg","type":"","width":"","height":""}],"twitter_card":"summary_large_image","twitter_misc":{"Arvioitu lukuaika":"1 minuutti"},"schema":{"@context":"https:\/\/schema.org","@graph":[{"@type":"WebPage","@id":"https:\/\/blogs.uef.fi\/karjalanelvytys\/numeralit-lukusanat-numerualat-lugusanat-numerualat-lugusanat\/","url":"https:\/\/blogs.uef.fi\/karjalanelvytys\/numeralit-lukusanat-numerualat-lugusanat-numerualat-lugusanat\/","name":"Numeralit, luku\u0161anat \u2013 numerualat, lugusanat \u2013 numerualat, lugusanat - Karjalan kielen elvytt\u00e4minen","isPartOf":{"@id":"https:\/\/blogs.uef.fi\/karjalanelvytys\/#website"},"primaryImageOfPage":{"@id":"https:\/\/blogs.uef.fi\/karjalanelvytys\/numeralit-lukusanat-numerualat-lugusanat-numerualat-lugusanat\/#primaryimage"},"image":{"@id":"https:\/\/blogs.uef.fi\/karjalanelvytys\/numeralit-lukusanat-numerualat-lugusanat-numerualat-lugusanat\/#primaryimage"},"thumbnailUrl":"https:\/\/blogs.uef.fi\/karjalanelvytys\/wp-content\/uploads\/sites\/155\/2022\/08\/numerot-300x200.jpg","datePublished":"2022-08-23T21:43:33+00:00","dateModified":"2022-08-23T21:50:23+00:00","breadcrumb":{"@id":"https:\/\/blogs.uef.fi\/karjalanelvytys\/numeralit-lukusanat-numerualat-lugusanat-numerualat-lugusanat\/#breadcrumb"},"inLanguage":"fi","potentialAction":[{"@type":"ReadAction","target":["https:\/\/blogs.uef.fi\/karjalanelvytys\/numeralit-lukusanat-numerualat-lugusanat-numerualat-lugusanat\/"]}]},{"@type":"ImageObject","inLanguage":"fi","@id":"https:\/\/blogs.uef.fi\/karjalanelvytys\/numeralit-lukusanat-numerualat-lugusanat-numerualat-lugusanat\/#primaryimage","url":"https:\/\/blogs.uef.fi\/karjalanelvytys\/wp-content\/uploads\/sites\/155\/2022\/08\/numerot.jpg","contentUrl":"https:\/\/blogs.uef.fi\/karjalanelvytys\/wp-content\/uploads\/sites\/155\/2022\/08\/numerot.jpg","width":405,"height":270,"caption":"Kuva: Pixabay"},{"@type":"BreadcrumbList","@id":"https:\/\/blogs.uef.fi\/karjalanelvytys\/numeralit-lukusanat-numerualat-lugusanat-numerualat-lugusanat\/#breadcrumb","itemListElement":[{"@type":"ListItem","position":1,"name":"Home","item":"https:\/\/blogs.uef.fi\/karjalanelvytys\/"},{"@type":"ListItem","position":2,"name":"Numeralit, luku\u0161anat \u2013 numerualat, lugusanat \u2013 numerualat, lugusanat"}]},{"@type":"WebSite","@id":"https:\/\/blogs.uef.fi\/karjalanelvytys\/#website","url":"https:\/\/blogs.uef.fi\/karjalanelvytys\/","name":"Karjalan kielen elvytt\u00e4minen","description":"","potentialAction":[{"@type":"SearchAction","target":{"@type":"EntryPoint","urlTemplate":"https:\/\/blogs.uef.fi\/karjalanelvytys\/?s={search_term_string}"},"query-input":{"@type":"PropertyValueSpecification","valueRequired":true,"valueName":"search_term_string"}}],"inLanguage":"fi"}]}},"_links":{"self":[{"href":"https:\/\/blogs.uef.fi\/karjalanelvytys\/wp-json\/wp\/v2\/pages\/6115","targetHints":{"allow":["GET"]}}],"collection":[{"href":"https:\/\/blogs.uef.fi\/karjalanelvytys\/wp-json\/wp\/v2\/pages"}],"about":[{"href":"https:\/\/blogs.uef.fi\/karjalanelvytys\/wp-json\/wp\/v2\/types\/page"}],"author":[{"embeddable":true,"href":"https:\/\/blogs.uef.fi\/karjalanelvytys\/wp-json\/wp\/v2\/users\/548"}],"replies":[{"embeddable":true,"href":"https:\/\/blogs.uef.fi\/karjalanelvytys\/wp-json\/wp\/v2\/comments?post=6115"}],"version-history":[{"count":2,"href":"https:\/\/blogs.uef.fi\/karjalanelvytys\/wp-json\/wp\/v2\/pages\/6115\/revisions"}],"predecessor-version":[{"id":6127,"href":"https:\/\/blogs.uef.fi\/karjalanelvytys\/wp-json\/wp\/v2\/pages\/6115\/revisions\/6127"}],"wp:attachment":[{"href":"https:\/\/blogs.uef.fi\/karjalanelvytys\/wp-json\/wp\/v2\/media?parent=6115"}],"curies":[{"name":"wp","href":"https:\/\/api.w.org\/{rel}","templated":true}]}}