{"id":543,"date":"2021-05-04T15:09:00","date_gmt":"2021-05-04T12:09:00","guid":{"rendered":"https:\/\/blogs.uef.fi\/karjalanelvytys\/?page_id=543"},"modified":"2026-01-20T15:24:35","modified_gmt":"2026-01-20T13:24:35","slug":"muita-sanastoja","status":"publish","type":"page","link":"https:\/\/blogs.uef.fi\/karjalanelvytys\/muita-sanastoja\/","title":{"rendered":"Muita sanastoja"},"content":{"rendered":"\n<p>T\u00e4l sivul julguammo karjalan opastajien, opastujien da toizien ker\u00e4ttyy da luajittuu sanastuo.<\/p>\n\n\n\n<p><strong>Tatui\u010dendusanasto, suomi\u2013livvinkarjala<\/strong> (Miikku H\u00e4kki): <a href=\"https:\/\/blogs.uef.fi\/karjalanelvytys\/tatuicendusanasto-livvinkarjalakse\/\">linkki sanastoon<\/a><\/p>\n\n\n\n<p><strong>Podkastusanasto, suomi\u2013livvin- da suvikarjala<\/strong> (Miikku H\u00e4kki da Elena Rapa): <a href=\"https:\/\/blogs.uef.fi\/karjalanelvytys\/podkastusanasto-livvinkarjalakse-da-suvikarjalaksi\/\">linkki sanastoon<\/a><\/p>\n\n\n\n<p><strong>Festivualisanasto, suomi\u2013(livvin)karjala<\/strong>&nbsp;(Miikku H\u00e4kki): <a href=\"https:\/\/blogs.uef.fi\/karjalanelvytys\/festivualisanasto-suomi-livvinkarjala\/\">linkki sanastoon<\/a><\/p>\n\n\n\n<p><strong>Nepsisanasto, suomi\u2013(livvin)karjala<\/strong> (Miikku H\u00e4kki): <a href=\"https:\/\/blogs.uef.fi\/karjalanelvytys\/nepsisanasto\/\">linkki sanastoon<\/a><\/p>\n\n\n\n<p><strong>Kodiel\u00e4ttisanasto, suomi\u2013(livvin)karjala&nbsp;<\/strong>(Miikku H\u00e4kki): <a href=\"https:\/\/blogs.uef.fi\/karjalanelvytys\/kodielattisanasto\/\">linkki sanastoon<\/a><\/p>\n\n\n\n<p><strong>Opa\u0161tujan elo\u0161 -\u0161ana\u0161to, suomi\u2013vienankarjala\u2013etel\u00e4karjala\u2013livvinkarjala <\/strong>(Elena Rapa da kielispecialistat): <a href=\"https:\/\/blogs.uef.fi\/karjalanelvytys\/opastujan-elos-sanasto-suomi-vienankarjala-etelakarjala-livvinkarjala\/\">linkki sanastoon<\/a><\/p>\n\n\n\n<p><strong>Kuvataidesanasto, suomi\u2013vienankarjala\u2013ven\u00e4j\u00e4 <\/strong>(Nunnu Raatikainen): <a href=\"https:\/\/blogs.uef.fi\/karjalanelvytys\/kuvataidesanasto-suomi-vienankarjala-venaja\/\">linkki sanastoon<\/a><\/p>\n\n\n\n<p><strong>Urheilusanasto, vienankarjala\u2013suomi<\/strong> (Tarja H\u00e4tinen): <a href=\"https:\/\/blogs.uef.fi\/karjalanelvytys\/urheilusanasto-sporttisanasto-vienankarjala-suomi\/\">linkki sanastoon<\/a><\/p>\n\n\n\n<p><strong>Tiijollisen tekstin \u0161ana\u0161to vienankarjalak\u0161i<\/strong> (Elena Rapa): <a href=\"https:\/\/blogs.uef.fi\/karjalanelvytys\/tiijollisen-tekstin-sanasto-vienankarjalaksi\/\">linkki sanastoon<\/a><\/p>\n\n\n\n<p><strong>Detektiivusanua livvinkarjalakse<\/strong> (Maria Kuismin): <a href=\"https:\/\/blogs.uef.fi\/karjalanelvytys\/detektiivusanua-livvinkarjalakse\/\">linkki sanastoon<\/a><\/p>\n\n\n\n<p><strong>Sote-sanastot: L\u00e4\u00e4kityksen sanasto livvinkarjalaksi<\/strong> (Satu Siiskonen): <a href=\"https:\/\/blogs.uef.fi\/karjalanelvytys\/sote-sanastot-laakityksen-sanasto-livvinkarjalaksi\/\">linkki sanastoon<\/a><\/p>\n\n\n\n<p><strong>Kuvualijie \u0161anontoja vienankarjalak\u0161i ta niit\u00e4 va\u0161tuajat \u0161elityk\u0161et \u0161uomek\u0161i <\/strong>(Sirpa M\u00e4nty): <a href=\"https:\/\/blogs.uef.fi\/karjalanelvytys\/kuvualijie-sanontoja-vienankarjalaksi-ta-niita-vastuajat-selitykset-suomeksi\/\">linkki sanastoon<\/a><\/p>\n\n\n\n<p><strong>Yle Uudizet karjalakse -sanasto livvinkarjalakse <\/strong>(Jaana Petsalo): <a href=\"https:\/\/blogs.uef.fi\/karjalanelvytys\/yle-uudizet-karjalakse-sanasto-livvinkarjalakse\/\">linkki sanastoon<\/a><\/p>\n\n\n\n<p><strong>Yhteiskunnallista sanastoa livvinkarjalaksi <\/strong>(Sanna Myll\u00e4ri): <a href=\"https:\/\/blogs.uef.fi\/karjalanelvytys\/yhteiskunnallista-uudissanastoa-livvinkarjalaksi\/\">linkki sanastoon<\/a><\/p>\n\n\n\n<p><strong>Muuzikkusanasto livvinkarjalakse <\/strong>(Sanna Myll\u00e4ri da Timoi Munne): <a href=\"https:\/\/blogs.uef.fi\/karjalanelvytys\/muuzikkusanasto-livvinkarjalakse\/\">linkki sanastoon<\/a><\/p>\n\n\n\n<p><strong>Pieni taidosanasto livvinkarjalakse <\/strong>(Hannu Turunen): <a href=\"https:\/\/blogs.uef.fi\/karjalanelvytys\/pieni-taidosanasto-livvinkarjalakse\/\">linkki sanastoon<\/a><\/p>\n\n\n\n<p><strong>Sy\u00f6missanasto livvinkarjalakse<\/strong> (Hannu Turunen da Lapinlahten Kaskikuuzen rahvahanopiston karjalan kielen opastujat): <a href=\"https:\/\/blogs.uef.fi\/karjalanelvytys\/syomissanasto\/\">linkki sanastoon<\/a><\/p>\n\n\n\n<p><strong>Kazvisanastuo kuvis livvinkarjalakse <\/strong>(Elena Junttila): <a href=\"https:\/\/blogs.uef.fi\/karjalanelvytys\/elena-junttila-kazvisanastuo-kuvis\/\">linkki sanastoon<\/a><\/p>\n\n\n\n<p><strong>Kirikk\u00f6\u0161ana\u0161tuo vienankarjalak\u0161i <\/strong>(Johnny Haataja): <a href=\"https:\/\/blogs.uef.fi\/karjalanelvytys\/kirikkosanastuo-vienankarjalaksi\/\">linkki sanastoon<\/a><\/p>\n\n\n\n<p><strong>Kirikk\u00f6sanastuo livvinkarjalakse <\/strong>(\u0160utoin Miikul): <a href=\"https:\/\/blogs.uef.fi\/karjalanelvytys\/kirikkosanastuo-livvinkarjalakse\/\">linkki sanastoon<\/a><\/p>\n\n\n\n<p><strong>Autosanastuo livvinkarjalakse<\/strong> (Hannu Turunen da Lapinlahten Kaskikuuzen rahvahanopiston karjalan kielen opastujat): <a href=\"https:\/\/blogs.uef.fi\/karjalanelvytys\/autosanastuo-suomi-livvinkarjala\/\">linkki sanastoon<\/a><\/p>\n\n\n\n<p><strong>Somesanastuo livvinkarjalakse<\/strong> (Niko Tynnyrinen, Miikku H\u00e4kki da Natalia Giloeva (Hiloin Natoi)): <a href=\"https:\/\/blogs.uef.fi\/karjalanelvytys\/somesanastuo-livvinkarjalakse\/\">linkki sanastoon<\/a><\/p>\n","protected":false},"excerpt":{"rendered":"<p>T\u00e4l sivul julguammo karjalan opastajien, opastujien da toizien ker\u00e4ttyy da luajittuu sanastuo. Tatui\u010dendusanasto, suomi\u2013livvinkarjala (Miikku H\u00e4kki): linkki sanastoon Podkastusanasto, suomi\u2013livvin- da suvikarjala (Miikku H\u00e4kki da Elena Rapa): linkki sanastoon Festivualisanasto, suomi\u2013(livvin)karjala&nbsp;(Miikku H\u00e4kki): linkki sanastoon Nepsisanasto, suomi\u2013(livvin)karjala (Miikku H\u00e4kki): linkki sanastoon Kodiel\u00e4ttisanasto, suomi\u2013(livvin)karjala&nbsp;(Miikku H\u00e4kki): linkki sanastoon Opa\u0161tujan elo\u0161 -\u0161ana\u0161to, suomi\u2013vienankarjala\u2013etel\u00e4karjala\u2013livvinkarjala (Elena Rapa da kielispecialistat): linkki sanastoon [&hellip;]<\/p>\n","protected":false},"author":419,"featured_media":0,"parent":0,"menu_order":0,"comment_status":"closed","ping_status":"closed","template":"","meta":{"_acf_changed":false,"footnotes":""},"class_list":["post-543","page","type-page","status-publish","hentry"],"acf":[],"yoast_head":"<!-- This site is optimized with the Yoast SEO plugin v27.3 - https:\/\/yoast.com\/product\/yoast-seo-wordpress\/ -->\n<title>Muita sanastoja - Karjalan kielen elvytt\u00e4minen<\/title>\n<meta name=\"robots\" content=\"index, follow, max-snippet:-1, max-image-preview:large, max-video-preview:-1\" \/>\n<link rel=\"canonical\" href=\"https:\/\/blogs.uef.fi\/karjalanelvytys\/muita-sanastoja\/\" \/>\n<meta property=\"og:locale\" content=\"fi_FI\" \/>\n<meta property=\"og:type\" content=\"article\" \/>\n<meta property=\"og:title\" content=\"Muita sanastoja - Karjalan kielen elvytt\u00e4minen\" \/>\n<meta property=\"og:description\" content=\"T\u00e4l sivul julguammo karjalan opastajien, opastujien da toizien ker\u00e4ttyy da luajittuu sanastuo. Tatui\u010dendusanasto, suomi\u2013livvinkarjala (Miikku H\u00e4kki): linkki sanastoon Podkastusanasto, suomi\u2013livvin- da suvikarjala (Miikku H\u00e4kki da Elena Rapa): linkki sanastoon Festivualisanasto, suomi\u2013(livvin)karjala&nbsp;(Miikku H\u00e4kki): linkki sanastoon Nepsisanasto, suomi\u2013(livvin)karjala (Miikku H\u00e4kki): linkki sanastoon Kodiel\u00e4ttisanasto, suomi\u2013(livvin)karjala&nbsp;(Miikku H\u00e4kki): linkki sanastoon Opa\u0161tujan elo\u0161 -\u0161ana\u0161to, suomi\u2013vienankarjala\u2013etel\u00e4karjala\u2013livvinkarjala (Elena Rapa da kielispecialistat): linkki sanastoon [&hellip;]\" \/>\n<meta property=\"og:url\" content=\"https:\/\/blogs.uef.fi\/karjalanelvytys\/muita-sanastoja\/\" \/>\n<meta property=\"og:site_name\" content=\"Karjalan kielen elvytt\u00e4minen\" \/>\n<meta property=\"article:modified_time\" content=\"2026-01-20T13:24:35+00:00\" \/>\n<meta name=\"twitter:card\" content=\"summary_large_image\" \/>\n<meta name=\"twitter:label1\" content=\"Arvioitu lukuaika\" \/>\n\t<meta name=\"twitter:data1\" content=\"2 minuuttia\" \/>\n<script type=\"application\/ld+json\" class=\"yoast-schema-graph\">{\"@context\":\"https:\\\/\\\/schema.org\",\"@graph\":[{\"@type\":\"WebPage\",\"@id\":\"https:\\\/\\\/blogs.uef.fi\\\/karjalanelvytys\\\/muita-sanastoja\\\/\",\"url\":\"https:\\\/\\\/blogs.uef.fi\\\/karjalanelvytys\\\/muita-sanastoja\\\/\",\"name\":\"Muita sanastoja - Karjalan kielen elvytt\u00e4minen\",\"isPartOf\":{\"@id\":\"https:\\\/\\\/blogs.uef.fi\\\/karjalanelvytys\\\/#website\"},\"datePublished\":\"2021-05-04T12:09:00+00:00\",\"dateModified\":\"2026-01-20T13:24:35+00:00\",\"breadcrumb\":{\"@id\":\"https:\\\/\\\/blogs.uef.fi\\\/karjalanelvytys\\\/muita-sanastoja\\\/#breadcrumb\"},\"inLanguage\":\"fi\",\"potentialAction\":[{\"@type\":\"ReadAction\",\"target\":[\"https:\\\/\\\/blogs.uef.fi\\\/karjalanelvytys\\\/muita-sanastoja\\\/\"]}]},{\"@type\":\"BreadcrumbList\",\"@id\":\"https:\\\/\\\/blogs.uef.fi\\\/karjalanelvytys\\\/muita-sanastoja\\\/#breadcrumb\",\"itemListElement\":[{\"@type\":\"ListItem\",\"position\":1,\"name\":\"Home\",\"item\":\"https:\\\/\\\/blogs.uef.fi\\\/karjalanelvytys\\\/\"},{\"@type\":\"ListItem\",\"position\":2,\"name\":\"Muita sanastoja\"}]},{\"@type\":\"WebSite\",\"@id\":\"https:\\\/\\\/blogs.uef.fi\\\/karjalanelvytys\\\/#website\",\"url\":\"https:\\\/\\\/blogs.uef.fi\\\/karjalanelvytys\\\/\",\"name\":\"Karjalan kielen elvytt\u00e4minen\",\"description\":\"\",\"potentialAction\":[{\"@type\":\"SearchAction\",\"target\":{\"@type\":\"EntryPoint\",\"urlTemplate\":\"https:\\\/\\\/blogs.uef.fi\\\/karjalanelvytys\\\/?s={search_term_string}\"},\"query-input\":{\"@type\":\"PropertyValueSpecification\",\"valueRequired\":true,\"valueName\":\"search_term_string\"}}],\"inLanguage\":\"fi\"}]}<\/script>\n<!-- \/ Yoast SEO plugin. -->","yoast_head_json":{"title":"Muita sanastoja - Karjalan kielen elvytt\u00e4minen","robots":{"index":"index","follow":"follow","max-snippet":"max-snippet:-1","max-image-preview":"max-image-preview:large","max-video-preview":"max-video-preview:-1"},"canonical":"https:\/\/blogs.uef.fi\/karjalanelvytys\/muita-sanastoja\/","og_locale":"fi_FI","og_type":"article","og_title":"Muita sanastoja - Karjalan kielen elvytt\u00e4minen","og_description":"T\u00e4l sivul julguammo karjalan opastajien, opastujien da toizien ker\u00e4ttyy da luajittuu sanastuo. Tatui\u010dendusanasto, suomi\u2013livvinkarjala (Miikku H\u00e4kki): linkki sanastoon Podkastusanasto, suomi\u2013livvin- da suvikarjala (Miikku H\u00e4kki da Elena Rapa): linkki sanastoon Festivualisanasto, suomi\u2013(livvin)karjala&nbsp;(Miikku H\u00e4kki): linkki sanastoon Nepsisanasto, suomi\u2013(livvin)karjala (Miikku H\u00e4kki): linkki sanastoon Kodiel\u00e4ttisanasto, suomi\u2013(livvin)karjala&nbsp;(Miikku H\u00e4kki): linkki sanastoon Opa\u0161tujan elo\u0161 -\u0161ana\u0161to, suomi\u2013vienankarjala\u2013etel\u00e4karjala\u2013livvinkarjala (Elena Rapa da kielispecialistat): linkki sanastoon [&hellip;]","og_url":"https:\/\/blogs.uef.fi\/karjalanelvytys\/muita-sanastoja\/","og_site_name":"Karjalan kielen elvytt\u00e4minen","article_modified_time":"2026-01-20T13:24:35+00:00","twitter_card":"summary_large_image","twitter_misc":{"Arvioitu lukuaika":"2 minuuttia"},"schema":{"@context":"https:\/\/schema.org","@graph":[{"@type":"WebPage","@id":"https:\/\/blogs.uef.fi\/karjalanelvytys\/muita-sanastoja\/","url":"https:\/\/blogs.uef.fi\/karjalanelvytys\/muita-sanastoja\/","name":"Muita sanastoja - Karjalan kielen elvytt\u00e4minen","isPartOf":{"@id":"https:\/\/blogs.uef.fi\/karjalanelvytys\/#website"},"datePublished":"2021-05-04T12:09:00+00:00","dateModified":"2026-01-20T13:24:35+00:00","breadcrumb":{"@id":"https:\/\/blogs.uef.fi\/karjalanelvytys\/muita-sanastoja\/#breadcrumb"},"inLanguage":"fi","potentialAction":[{"@type":"ReadAction","target":["https:\/\/blogs.uef.fi\/karjalanelvytys\/muita-sanastoja\/"]}]},{"@type":"BreadcrumbList","@id":"https:\/\/blogs.uef.fi\/karjalanelvytys\/muita-sanastoja\/#breadcrumb","itemListElement":[{"@type":"ListItem","position":1,"name":"Home","item":"https:\/\/blogs.uef.fi\/karjalanelvytys\/"},{"@type":"ListItem","position":2,"name":"Muita sanastoja"}]},{"@type":"WebSite","@id":"https:\/\/blogs.uef.fi\/karjalanelvytys\/#website","url":"https:\/\/blogs.uef.fi\/karjalanelvytys\/","name":"Karjalan kielen elvytt\u00e4minen","description":"","potentialAction":[{"@type":"SearchAction","target":{"@type":"EntryPoint","urlTemplate":"https:\/\/blogs.uef.fi\/karjalanelvytys\/?s={search_term_string}"},"query-input":{"@type":"PropertyValueSpecification","valueRequired":true,"valueName":"search_term_string"}}],"inLanguage":"fi"}]}},"_links":{"self":[{"href":"https:\/\/blogs.uef.fi\/karjalanelvytys\/wp-json\/wp\/v2\/pages\/543","targetHints":{"allow":["GET"]}}],"collection":[{"href":"https:\/\/blogs.uef.fi\/karjalanelvytys\/wp-json\/wp\/v2\/pages"}],"about":[{"href":"https:\/\/blogs.uef.fi\/karjalanelvytys\/wp-json\/wp\/v2\/types\/page"}],"author":[{"embeddable":true,"href":"https:\/\/blogs.uef.fi\/karjalanelvytys\/wp-json\/wp\/v2\/users\/419"}],"replies":[{"embeddable":true,"href":"https:\/\/blogs.uef.fi\/karjalanelvytys\/wp-json\/wp\/v2\/comments?post=543"}],"version-history":[{"count":2,"href":"https:\/\/blogs.uef.fi\/karjalanelvytys\/wp-json\/wp\/v2\/pages\/543\/revisions"}],"predecessor-version":[{"id":23180,"href":"https:\/\/blogs.uef.fi\/karjalanelvytys\/wp-json\/wp\/v2\/pages\/543\/revisions\/23180"}],"wp:attachment":[{"href":"https:\/\/blogs.uef.fi\/karjalanelvytys\/wp-json\/wp\/v2\/media?parent=543"}],"curies":[{"name":"wp","href":"https:\/\/api.w.org\/{rel}","templated":true}]}}