{"id":5404,"date":"2022-05-16T08:40:13","date_gmt":"2022-05-16T05:40:13","guid":{"rendered":"https:\/\/blogs.uef.fi\/karjalanelvytys\/?page_id=5404"},"modified":"2022-09-01T05:55:44","modified_gmt":"2022-09-01T02:55:44","slug":"opassusvideot-suvikarjala","status":"publish","type":"page","link":"https:\/\/blogs.uef.fi\/karjalanelvytys\/opassusvideot-suvikarjala\/","title":{"rendered":"Opassusvideot suvikarjala"},"content":{"rendered":"<h2>Mid\u00e4 kieli miula merki\u010d\u010d\u00f6y<\/h2>\n<p>Suvikarjalan opastaja da ki\u00e4nd\u00e4j\u00e4 Katerina Paalamo kazvo karjalankielizess\u00e4 yhtehiz\u00f6ss\u00e4. Hi\u00e4n painottau lapsena koista suavun kielen t\u00e4rgevytt\u00e4 oman suoj\u00e4rvel\u00e4zen identitietan perustana.<\/p>\n<p>Etel\u00e4karjalan opettaja ja k\u00e4\u00e4nt\u00e4j\u00e4<!-- oli: tutkija, muutettu: k\u00e4\u00e4nt\u00e4j\u00e4 (ek: ki\u00e4nd\u00e4j\u00e4) --> Katerina Paalamo kasvoi karjalankielisess\u00e4 yhteis\u00f6ss\u00e4. H\u00e4n korostaa lapsena opitun kielen t\u00e4rkeytt\u00e4 oman suoj\u00e4rvel\u00e4isen identiteetin perustana.<\/p>\n<p>&nbsp;<\/p>\n<iframe loading=\"lazy\" src=\"https:\/\/uef.cloud.panopto.eu\/Panopto\/Pages\/Embed.aspx?id=64abf0db-07a0-42b1-b6c3-afe601150b1a&autoplay=false&offerviewer=false&showtitle=false&showbrand=false&captions=true&interactivity=search\" height=\"405\" width=\"720\" style=\"border: 1px solid #464646;\" allowfullscreen allow=\"autoplay\"><\/iframe>\n<p>&nbsp;<\/p>\n<h2>Karjalane m\u00e4n\u00f6y \u0161kolah<\/h2>\n<p>Suomelazen \u0161kolan kazvatus oli uuzi da ig\u00e4v\u00e4gi kogemus pienell\u00e4 karjalazella lapsella. Rakkahus omah kieleh vei opastumah yliopistoh. Nyg\u00f6in Katerina opastau suvikarjalua P\u00e4iv\u00e4nnouzu-Suomen yliopissossa da hi\u00e4n on ilone mahollizuosta joga p\u00e4ivi\u00e4 paissa omah kieleh ruadotovari\u0161\u0161oin kera.<\/p>\n<p>Suomalainen koulukasvatus oli uutta ja j\u00e4rkytt\u00e4v\u00e4\u00e4kin pienelle karjalan puhujalle. Mutta rakkaus omaan kieleen johti yliopisto-opintoihin. Nyt Katerina opettaa suvikarjalaa It\u00e4-Suomen yliopistossa ja iloitsee mahdollisuudesta puhua omaa kielt\u00e4\u00e4n ty\u00f6toverien kanssa p\u00e4ivitt\u00e4in.<\/p>\n<p>&nbsp;<\/p>\n<iframe loading=\"lazy\" src=\"https:\/\/uef.cloud.panopto.eu\/Panopto\/Pages\/Embed.aspx?id=0f503c4e-99fc-49d6-8b84-afe60107566d&autoplay=false&offerviewer=false&showtitle=false&showbrand=false&captions=true&interactivity=search\" height=\"405\" width=\"720\" style=\"border: 1px solid #464646;\" allowfullscreen allow=\"autoplay\"><\/iframe>\n<p>&nbsp;<\/p>\n<h2>Yst\u00e4v\u00e4t vastauvutah Bomballa<\/h2>\n<p>Yst\u00e4v\u00e4t vastauvutah Bomban kez\u00e4pruazniekassa, da paginoin tiemat vaihellah marjah k\u00e4ynn\u00e4st\u00e4 kez\u00e4ll\u00e4 uuzih taboih paissa karjalaksi rodnien kera.<\/p>\n<p>Bomban kes\u00e4juhlilla yst\u00e4v\u00e4tt\u00e4ret tapaavat ja juttujen aiheet liikkuvat kes\u00e4isist\u00e4 marjareissuista uusiin tapoihin puhua karjalaa sukulaisten kanssa.<\/p>\n<p>Huomautus: Iiris Korka\u010dun da Eija Hukkazen nimet ollah vaihettu paikkua kesken\u00e4h videon allussa. \u2013 Iiris Korkatsun ja Eija Hukkasen nimet ovat vaihtaneet paikkaa kesken\u00e4\u00e4n videon alussa.<\/p>\n<iframe loading=\"lazy\" src=\"https:\/\/uef.cloud.panopto.eu\/Panopto\/Pages\/Embed.aspx?id=f0da8fa2-d872-4788-ab5b-afe60132ad63&autoplay=false&offerviewer=false&showtitle=false&showbrand=false&captions=true&interactivity=search\" height=\"405\" width=\"720\" style=\"border: 1px solid #464646;\" allowfullscreen allow=\"autoplay\"><\/iframe>\n<p>&nbsp;<\/p>\n<h2>Voinan muistelendua Bomballa<\/h2>\n<p>Bomba-talo on ollun vuuvesta 1978 suaten karjalazien pruazniekkoin t\u00e4rgie piend\u00e4kohta. Aleksi Karhu da Leo Jeulonen vastauvuttih Suoj\u00e4rven pid\u00e4j\u00e4seuran 71-vuodispruazniekassa, da hy\u00f6 ruvettih muistelemah voinan aigua.<\/p>\n<p>Bomba-talo on vuodesta 1978 l\u00e4htien ollut karjalaisten praasniekkojen suosittu pitopaikka. Suoj\u00e4rven pit\u00e4j\u00e4yhdistyksen 71-vuotisjuhlilla kohdanneet Aleksi Karhu ja Leo Jeulonen kertaavat sotamuistojaan.<\/p>\n<p>&nbsp;<\/p>\n<h2><iframe loading=\"lazy\" src=\"https:\/\/uef.cloud.panopto.eu\/Panopto\/Pages\/Embed.aspx?id=585ebff5-20f0-4c28-a351-afe60130a56f&autoplay=false&offerviewer=false&showtitle=false&showbrand=false&captions=true&interactivity=search\" height=\"405\" width=\"720\" style=\"border: 1px solid #464646;\" allowfullscreen allow=\"autoplay\"><\/iframe><\/h2>\n<h2><\/h2>\n<h2>Karaokie karjalaksi<\/h2>\n<p>Bomban torilla jullattih 13.7.2021 Karelia Folk ry:n Parempi pajot -projektassa luajittu Karaoke karjalakse -videosarja, kudain suau pajattamah tundiettuloi melodieloi kaikilla karjalan murdehilla. <a href=\"https:\/\/karaokekarjalakse.blogspot.com\/\">Linkka karaokevideoloih<\/a>.<\/p>\n<p>Bomban torilla julkistettiin 13.7.2021 Karelia Folk ry:n Parempi pajot -projektissa synnytetty Karaoke karjalakse -videosarja, joka laulattaa suosittuja s\u00e4veli\u00e4 kaikilla karjalan murteilla. <a href=\"https:\/\/karaokekarjalakse.blogspot.com\/\">Linkki karaokevideoihin<\/a>.<\/p>\n<p>&nbsp;<\/p>\n<iframe loading=\"lazy\" src=\"https:\/\/uef.cloud.panopto.eu\/Panopto\/Pages\/Embed.aspx?id=4dbfb861-b144-4aab-a6f7-afe601074259&autoplay=false&offerviewer=false&showtitle=false&showbrand=false&captions=true&interactivity=search\" height=\"405\" width=\"720\" style=\"border: 1px solid #464646;\" allowfullscreen allow=\"autoplay\"><\/iframe>\n<p>&nbsp;<\/p>\n<h2>Linduzet r\u00e4p\u00e4t\u00e4h karjalaksi<\/h2>\n<p>Valdimolla ruadau Suomen ainavo karjalankieline muuzikkakiza\u0161kola 3\u20139-vuodizilla lapsilla. Linduzet-hora laulau Raija Kokkolan joholla Paavo Harakan karjalaksi ki\u00e4nnettyl\u00f6i lapsienlaululoi, vain heil\u00e4 on omagi rap-kappaleh \u00c4ngyr\u00e4v\u00e4ngyr\u00e4 (s\u00e4v. &amp; sov. Markku K\u00f6ntt\u00e4, san. Raija Kokkola).<\/p>\n<p>Valtimolla toimii Suomen ainoa karjalankielinen muskari 3\u20139-vuotiaille. Linduzet-kuoro laulaa Raija Kokkolan johdolla Paavo Harakan karjalaksi k\u00e4\u00e4nt\u00e4mi\u00e4 lastenlauluja, mutta heill\u00e4 on my\u00f6s oma rap-kappale \u00c4ngyr\u00e4v\u00e4ngyr\u00e4 (s\u00e4v. &amp; sov. Markku K\u00f6ntt\u00e4, san. Raija Kokkola).<\/p>\n<p>&nbsp;<\/p>\n<iframe loading=\"lazy\" src=\"https:\/\/uef.cloud.panopto.eu\/Panopto\/Pages\/Embed.aspx?id=8973fb1e-ac63-4d19-9c6d-afe60113e790&autoplay=false&offerviewer=false&showtitle=false&showbrand=false&captions=true&interactivity=search\" height=\"405\" width=\"720\" style=\"border: 1px solid #464646;\" allowfullscreen allow=\"autoplay\"><\/iframe>\n<p>&nbsp;<\/p>\n<h2>Karjalankielizess\u00e4 sluu\u017ebassa<\/h2>\n<p>Ozazie pravoslaunoista ildasluu\u017ebasta Bomban \u010dasounassa. Iz\u00e4 Simo Haavisto da Nurmeksen kirik\u00f6n hora, johtajana kanttora Tiina Sormunen; sluu\u017eban tekstat on ki\u00e4nd\u00e4n karjalaksi Paavo Harakka.<\/p>\n<p>Katkelmia ortodoksisesta ehtoopalveluksesta Bomban tsasounassa. Is\u00e4 Simo Haavisto ja Nurmeksen kirkkokuoro kanttori Tiina Sormusen johdolla, tekstit on k\u00e4\u00e4nt\u00e4nyt karjalaksi Paavo Harakka.<\/p>\n<p>&nbsp;<\/p>\n<iframe loading=\"lazy\" src=\"https:\/\/uef.cloud.panopto.eu\/Panopto\/Pages\/Embed.aspx?id=e90eb955-74d7-45d9-9bb1-afe6010ab783&autoplay=false&offerviewer=false&showtitle=false&showbrand=false&captions=true&interactivity=search\" height=\"405\" width=\"720\" style=\"border: 1px solid #464646;\" allowfullscreen allow=\"autoplay\"><\/iframe>\n<p>&nbsp;<\/p>\n<h2>Niko da Mi\u0161a piettih vesseli\u00e4 karjalaksi<\/h2>\n<p>Niko da Mika Saatsin lapsuskoissa s\u00e4ilyttih Suistamalda tuovut tavat da viero, da velleksien kielenmaltto rubei kehittym\u00e4h vesselie sanazie toistelemalla. Hy\u00f6 perussettih Loimolan Voima -yhtyvehen, kumbane ezitt\u00e4y uutta karjalaista muuzikkua muga hyvin, jotta sen enzim\u00e4ne diska \u201dRuttomu<span lang=\"se-FI\">\u017e<\/span>ikan kyyn\u00e4l\u201d palkittih vuuven 2020 rahvahanmuuzikan diskana Suomessa. \u201dPagize\u201d on Mi\u0161an s\u00e4vellys, da sanat sih on luadin Niko. Nenga vellekset tavan mugah juatah ruavot aivin konza hy\u00f6 luajitah uutta muuzikkua.<\/p>\n<p>Niko ja Mika Saatsin lapsuudenkodissa s\u00e4ilyiv\u00e4t Suistamolta tuodut uskonto ja tavat, ja poikien kielitaito karttui hassuja sanoja toistelemalla. He ovat perustaneet Loimolan voima-duon joka esitt\u00e4\u00e4 uutta karjalaista musiikkia niin mainiosti, ett\u00e4 heid\u00e4n ensijulkaisunsa \u201dRuttomu\u017eikan kyyn\u00e4l\u201d oli Vuoden Kansanmusiikkilevy Suomessa 2020. \u201dPagize\u201d on Mi\u0161an s\u00e4vellys ja siin\u00e4 on Nikon tekem\u00e4 sanoitus kuten veljesten musiikissa on tyypillist\u00e4.<\/p>\n<p>&nbsp;<\/p>\n<iframe loading=\"lazy\" src=\"https:\/\/uef.cloud.panopto.eu\/Panopto\/Pages\/Embed.aspx?id=7282eef3-fb62-4747-b810-afe6011a4383&autoplay=false&offerviewer=false&showtitle=false&showbrand=false&captions=true&interactivity=search\" height=\"405\" width=\"720\" style=\"border: 1px solid #464646;\" allowfullscreen allow=\"autoplay\"><\/iframe>\n<p>&nbsp;<\/p>\n<h2>Opassut kieleh aiguhizena \u2013 suat \u00e4ij\u00e4n iluo elokseh<\/h2>\n<p>Niko da Mi\u0161a pitk\u00e4h opassuttih karjalah omilla \u010duppuloilla, da er\u00e4s vuozi tagaperin hy\u00f6 perussettih Loimolan Voima -yhtyvehen. Heil\u00e4 on \u00e4ij\u00e4 ihualijua da seuruajua. Heij\u00e4n muuzikassa kuuluu muun liz\u00e4ksi starinoin Karjala.<\/p>\n<p>Niko da Mi\u0161a opiskelivat tahoillaan karjalaa pitk\u00e4\u00e4n ja perustivat Loimolan voima -yhtyeen muutama vuosi sitten. Heill\u00e4 on paljon ihailijoita ja seuraajia. Heid\u00e4n musiikissaan kuuluu my\u00f6s tarinoiden Karjala.<\/p>\n<p>&nbsp;<\/p>\n<iframe loading=\"lazy\" src=\"https:\/\/uef.cloud.panopto.eu\/Panopto\/Pages\/Embed.aspx?id=5f3759b5-02c4-4c29-ae54-afe6011a8a7e&autoplay=false&offerviewer=false&showtitle=false&showbrand=false&captions=true&interactivity=search\" height=\"405\" width=\"720\" style=\"border: 1px solid #464646;\" allowfullscreen allow=\"autoplay\"><\/iframe>\n<p>&nbsp;<\/p>\n<h2>Loimolan Voima ylitt\u00e4y rajat<\/h2>\n<p>Niko da Mi\u0161a tahotah i vaikuttua omalla muuzikalla. Karjalan kielen dieloloin eiss\u00e4nn\u00e4ss\u00e4 yhtehisruavolla da tyhj\u00e4n toran v\u00e4ltt\u00e4mizell\u00e4 on suuri merki\u010dys. Mielehpainujat kerdosanat \u201dLoimolas vai pajatamma karjalua\u201d ollah jo tuldu tuttaviksi karjalazissa illa\u010d\u010duloissa da pidoloissa. <a href=\"https:\/\/soundcloud.com\/uusisuistamo\/1-karjala-hipsteri-ja-uusi-suistamo-podcast-aarteeni-suistamolta\">Linkka Karjalahipsteri Mi\u0161an podcastih<\/a>.<\/p>\n<p>Niko ja Mi\u0161a haluavat my\u00f6s vaikuttaa musiikillaan. Karjalan kielen edist\u00e4misess\u00e4 yhteisty\u00f6ll\u00e4 ja tyhj\u00e4n toran v\u00e4ltt\u00e4misell\u00e4 on v\u00e4li\u00e4. Tarttuva kertos\u00e4e \u201dLoimolas vai pajatamme karjalua\u201d on tullut jo osaksi karjalaisbileiden \u00e4\u00e4nimaisemaa. <a href=\"https:\/\/soundcloud.com\/uusisuistamo\/1-karjala-hipsteri-ja-uusi-suistamo-podcast-aarteeni-suistamolta\">Linkki Karjalahipsteri Mi\u0161an podcastiin<\/a>.<\/p>\n<p>&nbsp;<\/p>\n<iframe loading=\"lazy\" src=\"https:\/\/uef.cloud.panopto.eu\/Panopto\/Pages\/Embed.aspx?id=917f93ee-e45f-4385-9e44-afe6011436f8&autoplay=false&offerviewer=false&showtitle=false&showbrand=false&captions=true&interactivity=search\" height=\"405\" width=\"720\" style=\"border: 1px solid #464646;\" allowfullscreen allow=\"autoplay\"><\/iframe>\n<p>&nbsp;<\/p>\n<p><a href=\"https:\/\/blogs.uef.fi\/karjalanelvytys\/?page_id=5389&amp;preview=true\">Linkka pi\u00e4sivulla<\/a><\/p>\n","protected":false},"excerpt":{"rendered":"<p>Mid\u00e4 kieli miula merki\u010d\u010d\u00f6y Suvikarjalan opastaja da ki\u00e4nd\u00e4j\u00e4 Katerina Paalamo kazvo karjalankielizess\u00e4 yhtehiz\u00f6ss\u00e4. Hi\u00e4n painottau lapsena koista suavun kielen t\u00e4rgevytt\u00e4 oman suoj\u00e4rvel\u00e4zen identitietan perustana. Etel\u00e4karjalan opettaja ja k\u00e4\u00e4nt\u00e4j\u00e4 Katerina Paalamo kasvoi karjalankielisess\u00e4 yhteis\u00f6ss\u00e4. H\u00e4n korostaa lapsena opitun kielen t\u00e4rkeytt\u00e4 oman suoj\u00e4rvel\u00e4isen identiteetin perustana. &nbsp; &nbsp; Karjalane m\u00e4n\u00f6y \u0161kolah Suomelazen \u0161kolan kazvatus oli uuzi da ig\u00e4v\u00e4gi [&hellip;]<\/p>\n","protected":false},"author":419,"featured_media":0,"parent":0,"menu_order":0,"comment_status":"closed","ping_status":"closed","template":"","meta":{"_acf_changed":false,"footnotes":""},"class_list":["post-5404","page","type-page","status-publish","hentry"],"acf":[],"yoast_head":"<!-- This site is optimized with the Yoast SEO plugin v27.1.1 - https:\/\/yoast.com\/product\/yoast-seo-wordpress\/ -->\n<title>Opassusvideot suvikarjala - Karjalan kielen elvytt\u00e4minen<\/title>\n<meta name=\"robots\" content=\"index, follow, max-snippet:-1, max-image-preview:large, max-video-preview:-1\" \/>\n<link rel=\"canonical\" href=\"https:\/\/blogs.uef.fi\/karjalanelvytys\/opassusvideot-suvikarjala\/\" \/>\n<meta property=\"og:locale\" content=\"fi_FI\" \/>\n<meta property=\"og:type\" content=\"article\" \/>\n<meta property=\"og:title\" content=\"Opassusvideot suvikarjala - Karjalan kielen elvytt\u00e4minen\" \/>\n<meta property=\"og:description\" content=\"Mid\u00e4 kieli miula merki\u010d\u010d\u00f6y Suvikarjalan opastaja da ki\u00e4nd\u00e4j\u00e4 Katerina Paalamo kazvo karjalankielizess\u00e4 yhtehiz\u00f6ss\u00e4. Hi\u00e4n painottau lapsena koista suavun kielen t\u00e4rgevytt\u00e4 oman suoj\u00e4rvel\u00e4zen identitietan perustana. Etel\u00e4karjalan opettaja ja k\u00e4\u00e4nt\u00e4j\u00e4 Katerina Paalamo kasvoi karjalankielisess\u00e4 yhteis\u00f6ss\u00e4. H\u00e4n korostaa lapsena opitun kielen t\u00e4rkeytt\u00e4 oman suoj\u00e4rvel\u00e4isen identiteetin perustana. &nbsp; &nbsp; Karjalane m\u00e4n\u00f6y \u0161kolah Suomelazen \u0161kolan kazvatus oli uuzi da ig\u00e4v\u00e4gi [&hellip;]\" \/>\n<meta property=\"og:url\" content=\"https:\/\/blogs.uef.fi\/karjalanelvytys\/opassusvideot-suvikarjala\/\" \/>\n<meta property=\"og:site_name\" content=\"Karjalan kielen elvytt\u00e4minen\" \/>\n<meta property=\"article:modified_time\" content=\"2022-09-01T02:55:44+00:00\" \/>\n<meta name=\"twitter:card\" content=\"summary_large_image\" \/>\n<meta name=\"twitter:label1\" content=\"Arvioitu lukuaika\" \/>\n\t<meta name=\"twitter:data1\" content=\"5 minuuttia\" \/>\n<script type=\"application\/ld+json\" class=\"yoast-schema-graph\">{\"@context\":\"https:\/\/schema.org\",\"@graph\":[{\"@type\":\"WebPage\",\"@id\":\"https:\/\/blogs.uef.fi\/karjalanelvytys\/opassusvideot-suvikarjala\/\",\"url\":\"https:\/\/blogs.uef.fi\/karjalanelvytys\/opassusvideot-suvikarjala\/\",\"name\":\"Opassusvideot suvikarjala - Karjalan kielen elvytt\u00e4minen\",\"isPartOf\":{\"@id\":\"https:\/\/blogs.uef.fi\/karjalanelvytys\/#website\"},\"datePublished\":\"2022-05-16T05:40:13+00:00\",\"dateModified\":\"2022-09-01T02:55:44+00:00\",\"breadcrumb\":{\"@id\":\"https:\/\/blogs.uef.fi\/karjalanelvytys\/opassusvideot-suvikarjala\/#breadcrumb\"},\"inLanguage\":\"fi\",\"potentialAction\":[{\"@type\":\"ReadAction\",\"target\":[\"https:\/\/blogs.uef.fi\/karjalanelvytys\/opassusvideot-suvikarjala\/\"]}]},{\"@type\":\"BreadcrumbList\",\"@id\":\"https:\/\/blogs.uef.fi\/karjalanelvytys\/opassusvideot-suvikarjala\/#breadcrumb\",\"itemListElement\":[{\"@type\":\"ListItem\",\"position\":1,\"name\":\"Home\",\"item\":\"https:\/\/blogs.uef.fi\/karjalanelvytys\/\"},{\"@type\":\"ListItem\",\"position\":2,\"name\":\"Opassusvideot suvikarjala\"}]},{\"@type\":\"WebSite\",\"@id\":\"https:\/\/blogs.uef.fi\/karjalanelvytys\/#website\",\"url\":\"https:\/\/blogs.uef.fi\/karjalanelvytys\/\",\"name\":\"Karjalan kielen elvytt\u00e4minen\",\"description\":\"\",\"potentialAction\":[{\"@type\":\"SearchAction\",\"target\":{\"@type\":\"EntryPoint\",\"urlTemplate\":\"https:\/\/blogs.uef.fi\/karjalanelvytys\/?s={search_term_string}\"},\"query-input\":{\"@type\":\"PropertyValueSpecification\",\"valueRequired\":true,\"valueName\":\"search_term_string\"}}],\"inLanguage\":\"fi\"}]}<\/script>\n<!-- \/ Yoast SEO plugin. -->","yoast_head_json":{"title":"Opassusvideot suvikarjala - Karjalan kielen elvytt\u00e4minen","robots":{"index":"index","follow":"follow","max-snippet":"max-snippet:-1","max-image-preview":"max-image-preview:large","max-video-preview":"max-video-preview:-1"},"canonical":"https:\/\/blogs.uef.fi\/karjalanelvytys\/opassusvideot-suvikarjala\/","og_locale":"fi_FI","og_type":"article","og_title":"Opassusvideot suvikarjala - Karjalan kielen elvytt\u00e4minen","og_description":"Mid\u00e4 kieli miula merki\u010d\u010d\u00f6y Suvikarjalan opastaja da ki\u00e4nd\u00e4j\u00e4 Katerina Paalamo kazvo karjalankielizess\u00e4 yhtehiz\u00f6ss\u00e4. Hi\u00e4n painottau lapsena koista suavun kielen t\u00e4rgevytt\u00e4 oman suoj\u00e4rvel\u00e4zen identitietan perustana. Etel\u00e4karjalan opettaja ja k\u00e4\u00e4nt\u00e4j\u00e4 Katerina Paalamo kasvoi karjalankielisess\u00e4 yhteis\u00f6ss\u00e4. H\u00e4n korostaa lapsena opitun kielen t\u00e4rkeytt\u00e4 oman suoj\u00e4rvel\u00e4isen identiteetin perustana. &nbsp; &nbsp; Karjalane m\u00e4n\u00f6y \u0161kolah Suomelazen \u0161kolan kazvatus oli uuzi da ig\u00e4v\u00e4gi [&hellip;]","og_url":"https:\/\/blogs.uef.fi\/karjalanelvytys\/opassusvideot-suvikarjala\/","og_site_name":"Karjalan kielen elvytt\u00e4minen","article_modified_time":"2022-09-01T02:55:44+00:00","twitter_card":"summary_large_image","twitter_misc":{"Arvioitu lukuaika":"5 minuuttia"},"schema":{"@context":"https:\/\/schema.org","@graph":[{"@type":"WebPage","@id":"https:\/\/blogs.uef.fi\/karjalanelvytys\/opassusvideot-suvikarjala\/","url":"https:\/\/blogs.uef.fi\/karjalanelvytys\/opassusvideot-suvikarjala\/","name":"Opassusvideot suvikarjala - Karjalan kielen elvytt\u00e4minen","isPartOf":{"@id":"https:\/\/blogs.uef.fi\/karjalanelvytys\/#website"},"datePublished":"2022-05-16T05:40:13+00:00","dateModified":"2022-09-01T02:55:44+00:00","breadcrumb":{"@id":"https:\/\/blogs.uef.fi\/karjalanelvytys\/opassusvideot-suvikarjala\/#breadcrumb"},"inLanguage":"fi","potentialAction":[{"@type":"ReadAction","target":["https:\/\/blogs.uef.fi\/karjalanelvytys\/opassusvideot-suvikarjala\/"]}]},{"@type":"BreadcrumbList","@id":"https:\/\/blogs.uef.fi\/karjalanelvytys\/opassusvideot-suvikarjala\/#breadcrumb","itemListElement":[{"@type":"ListItem","position":1,"name":"Home","item":"https:\/\/blogs.uef.fi\/karjalanelvytys\/"},{"@type":"ListItem","position":2,"name":"Opassusvideot suvikarjala"}]},{"@type":"WebSite","@id":"https:\/\/blogs.uef.fi\/karjalanelvytys\/#website","url":"https:\/\/blogs.uef.fi\/karjalanelvytys\/","name":"Karjalan kielen elvytt\u00e4minen","description":"","potentialAction":[{"@type":"SearchAction","target":{"@type":"EntryPoint","urlTemplate":"https:\/\/blogs.uef.fi\/karjalanelvytys\/?s={search_term_string}"},"query-input":{"@type":"PropertyValueSpecification","valueRequired":true,"valueName":"search_term_string"}}],"inLanguage":"fi"}]}},"_links":{"self":[{"href":"https:\/\/blogs.uef.fi\/karjalanelvytys\/wp-json\/wp\/v2\/pages\/5404","targetHints":{"allow":["GET"]}}],"collection":[{"href":"https:\/\/blogs.uef.fi\/karjalanelvytys\/wp-json\/wp\/v2\/pages"}],"about":[{"href":"https:\/\/blogs.uef.fi\/karjalanelvytys\/wp-json\/wp\/v2\/types\/page"}],"author":[{"embeddable":true,"href":"https:\/\/blogs.uef.fi\/karjalanelvytys\/wp-json\/wp\/v2\/users\/419"}],"replies":[{"embeddable":true,"href":"https:\/\/blogs.uef.fi\/karjalanelvytys\/wp-json\/wp\/v2\/comments?post=5404"}],"version-history":[{"count":2,"href":"https:\/\/blogs.uef.fi\/karjalanelvytys\/wp-json\/wp\/v2\/pages\/5404\/revisions"}],"predecessor-version":[{"id":6230,"href":"https:\/\/blogs.uef.fi\/karjalanelvytys\/wp-json\/wp\/v2\/pages\/5404\/revisions\/6230"}],"wp:attachment":[{"href":"https:\/\/blogs.uef.fi\/karjalanelvytys\/wp-json\/wp\/v2\/media?parent=5404"}],"curies":[{"name":"wp","href":"https:\/\/api.w.org\/{rel}","templated":true}]}}