{"id":5389,"date":"2022-05-16T08:42:56","date_gmt":"2022-05-16T05:42:56","guid":{"rendered":"https:\/\/blogs.uef.fi\/karjalanelvytys\/?page_id=5389"},"modified":"2025-04-29T12:51:37","modified_gmt":"2025-04-29T09:51:37","slug":"opetusvideot","status":"publish","type":"page","link":"https:\/\/blogs.uef.fi\/karjalanelvytys\/opetusvideot\/","title":{"rendered":"Opetusvideot"},"content":{"rendered":"<h1>KARJALAN KIELI EL\u00c4Y<\/h1>\n<h2><strong>Opa\u0161\u0161u\u0161videot \u2013 opassusvideot \u2013 opastusvideot<\/strong><\/h2>\n<p><img loading=\"lazy\" decoding=\"async\" class=\"alignnone wp-image-2547 size-medium\" src=\"https:\/\/blogs.uef.fi\/karjalanelvytys\/wp-content\/uploads\/sites\/155\/2021\/11\/Logo-300x160.png\" alt=\"Logo, jossa on kukkilintuja ja karjalankielisi\u00e4 tervehdyksi\u00e4\" width=\"300\" height=\"160\" srcset=\"https:\/\/blogs.uef.fi\/karjalanelvytys\/wp-content\/uploads\/sites\/155\/2021\/11\/Logo-300x160.png 300w, https:\/\/blogs.uef.fi\/karjalanelvytys\/wp-content\/uploads\/sites\/155\/2021\/11\/Logo.png 650w\" sizes=\"auto, (max-width: 300px) 100vw, 300px\" \/><\/p>\n<p>P\u00e4iv\u00e4nnou\u0161u-\u0160uomen yliopisto, Karjalan kielen elvyty\u0161projekti 2022<br \/>\nP\u00e4iv\u00e4nnouzu-Suomen yliopisto, Karjalan kielen elvytysprojekta 2022<br \/>\nP\u00e4iv\u00e4nnouzu-Suomen yliopisto, Karjalan kielen elvytysprojektu 2022<\/p>\n<p>Yhteisty\u00f6ss\u00e4\/yhtesruavos: AMNUNNA FILMS OY<\/p>\n<p>Videoloita karjalan kielen pakasijien jokap\u00e4iv\u00e4se\u0161t\u00e4 elok\u0161e\u0161ta ta pruasniekoista, pakinua, muisselentua, vesselie kotvasie, lap\u0161ien leikkij\u00e4 ta kisuantua, y\u0161t\u00e4vien n\u00e4keytymisie. Lauluo, lorusie, teatterie, ratijouutisie, kirjanluajintua, blogin pienty\u00e4 internetiss\u00e4.<\/p>\n<p>Videoloi karjalan kielen pagizijoin jogap\u00e4iv\u00e4zest\u00e4 eloksesta da pruazniekoista, paginua, muistelendua, vesseli\u00e4 kodvaista, lapsien kizua da eloissandua, yst\u00e4vien vastauvundua. Lauluo, luguista, teatrua, radivouudizie, kniiganluajindua, blogan piendi\u00e4 internetassa.<\/p>\n<p>Videoloi karjalan kielen pagizijoin jogap\u00e4iv\u00e4zes elokses da pruazniekois, paginua, mustelendua, vesseli\u00e4 kodvastu, lapsien ki\u017eua da elostandua, dovari\u0161oin vastavundua. Pajuo, lugustu, teatrua, radivouudizii, kniiganluajindua, blogan piendi\u00e4 internetas.<\/p>\n<p><a href=\"https:\/\/blogs.uef.fi\/karjalanelvytys\/?page_id=5398&amp;preview=true\">Linkki vienankarjalan videoloih<\/a><\/p>\n<p><a href=\"https:\/\/blogs.uef.fi\/karjalanelvytys\/?page_id=5404&amp;preview=true\">Linkka suvikarjalan videoloih<\/a><\/p>\n<p><a href=\"https:\/\/blogs.uef.fi\/karjalanelvytys\/?page_id=5410&amp;preview=true\">Linku livvinkarjalan videoloih<\/a><\/p>\n<p><a href=\"https:\/\/blogs.uef.fi\/karjalanelvytys\/?page_id=5416&amp;preview=true\">Linku videoloih, kudamis paistah kaikkii murdehii<\/a><\/p>\n<p><strong>Planiirui\u010dusruadojoukko<\/strong>: Natalia Giloeva, Timoi Munne, Olga Karlova, Rinoi Yl\u00f6nen ta Katerina Paalamo, Pekka Suutari, Maria Kuismin<\/p>\n<p><strong>Todevuttamisruadojoukko:<\/strong> Pertti Veijalainen (prod.); Lauri H\u00e4m\u00e4l\u00e4inen (kuv.) , Sami Jumppanen (i\u00e4n.), Korpipaja osuuskunta; Perttu Mutka (i\u00e4n.), Sanna Liinamaa (leikk.), Mirja Metsola (ohj.)<\/p>\n<p><strong>Tugi<\/strong>: E. W. Ponkalan fondu, Karjalan sivistysseura, Onnenm\u00e4ki-fondu<\/p>\n<p>Projektin ruatajat tahotah \u00e4ij\u00e4lti passipoija \u0161uatuloista tukikirjasista n\u00e4it\u00e4 spesialistoja: prof. Anneli Sarhimaa, FT Janne Saarikivi ta prof. Helka Riionheimo<\/p>\n<p>Projektan ruadajat tahotah \u00e4ij\u00e4ldi passiboija suaduloista tugikirjazista n\u00e4id\u00e4 azientundijoi: prof. Anneli Sarhimaa, FT Janne Saarikivi da prof. Helka Riionheimo<\/p>\n<p>Projektan ruadajat tahtotah \u00e4ij\u00e4l passiboija suadulois tugikirjazis n\u00e4mmii specialistoi: prof. Anneli Sarhimaa, FT Janne Saarikivi da prof. Helka Riionheimo.<\/p>\n<p>(C) AMNUNNA FILMS OY 2022<\/p>\n<h3>Sananen sarjan taustoista ja toteuttajista<\/h3>\n<p>Karjalan kielen uusi tuleminen alkoi kiinnostaa elokuvantekij\u00f6it\u00e4 vuonna 2020, ja k\u00e4vi ilmi, ett\u00e4 It\u00e4-Suomen yliopiston piiriss\u00e4 toivottiin opetusvideoita karjalan kielen elvytyksen tueksi. Vuonna 2021 videoprojekti sai tuekseen useita rahoittajia. Kolmen eri karjalankielen murteen asiantuntijat ja kieliaktivistit heitt\u00e4ytyiv\u00e4t mukaan esiintyjiksi l\u00e4heisineen ja yst\u00e4vineen. Kertyneest\u00e4 videomateriaalista syntyi paitsi l\u00e4hes nelituntinen tuhti opetuspaketti, my\u00f6s merkitt\u00e4v\u00e4 dokumentaatio Suomen karjalankielisten el\u00e4m\u00e4st\u00e4 2020-luvun Suomessa.<\/p>\n<p><strong>Pertti veijalainen<\/strong>, elokuvaaja TaiK, toimi elokuvantekij\u00e4n\u00e4 ja tuottajana etnografiseen elokuvaan erikoistuneessa Illume Oy:ssa vuosina 1987-2021. Yhti\u00f6n elokuvat ovat saaneet osakseen kansainv\u00e4list\u00e4 menestyst\u00e4 ja huomiota. Vuonna 2021 h\u00e4n perusti oman tuotantoyhti\u00f6n Amnunna Films Oy:n.<\/p>\n<p><strong>Mirja Metsola<\/strong>, VTM, ty\u00f6skenteli Yleisradiossa toimittajana ja etnografisiin aiheisiin innostuneena TV-dokumentaristina 1972-2007 ja sen j\u00e4lkeen mediayritt\u00e4j\u00e4n\u00e4. H\u00e4n on dokumentoinut paitsi Suomen my\u00f6s v\u00e4hemmist\u00f6kielien puhujayhteis\u00f6j\u00e4 Euroopassa ja Ven\u00e4j\u00e4ll\u00e4.<\/p>\n<p><strong>Sanna Liinamaa<\/strong>, elokuvaleikkaaja, Aalto-yliopisto, matkusti nuorena is\u00e4ns\u00e4 mukana erilaisissa Karjalan avustusprojekteissa, ja oli tekem\u00e4ss\u00e4 mm. dokumenttia Santtu Karhusta. N\u00e4iss\u00e4 tilanteissa h\u00e4n oppi my\u00f6s ymm\u00e4rt\u00e4m\u00e4\u00e4n ja puhumaan karjalaa, josta taidosta olikin hy\u00f6ty\u00e4 videoita leikatessa.<\/p>\n<p><strong>Korpipaja osuuskunta<\/strong>. Joensuulainen videotuotantoyhti\u00f6. Kuvaaja Lauri H\u00e4m\u00e4l\u00e4inen ja Sami Jumppanen osuuskunnan henkil\u00f6kuntaa, \u00e4\u00e4nitt\u00e4j\u00e4 Perttu Mutka osuuskunnan yhteisty\u00f6verkoston kautta.<\/p>\n","protected":false},"excerpt":{"rendered":"<p>KARJALAN KIELI EL\u00c4Y Opa\u0161\u0161u\u0161videot \u2013 opassusvideot \u2013 opastusvideot P\u00e4iv\u00e4nnou\u0161u-\u0160uomen yliopisto, Karjalan kielen elvyty\u0161projekti 2022 P\u00e4iv\u00e4nnouzu-Suomen yliopisto, Karjalan kielen elvytysprojekta 2022 P\u00e4iv\u00e4nnouzu-Suomen yliopisto, Karjalan kielen elvytysprojektu 2022 Yhteisty\u00f6ss\u00e4\/yhtesruavos: AMNUNNA FILMS OY Videoloita karjalan kielen pakasijien jokap\u00e4iv\u00e4se\u0161t\u00e4 elok\u0161e\u0161ta ta pruasniekoista, pakinua, muisselentua, vesselie kotvasie, lap\u0161ien leikkij\u00e4 ta kisuantua, y\u0161t\u00e4vien n\u00e4keytymisie. Lauluo, lorusie, teatterie, ratijouutisie, kirjanluajintua, blogin pienty\u00e4 [&hellip;]<\/p>\n","protected":false},"author":419,"featured_media":0,"parent":0,"menu_order":0,"comment_status":"closed","ping_status":"closed","template":"","meta":{"_acf_changed":false,"footnotes":""},"class_list":["post-5389","page","type-page","status-publish","hentry"],"acf":[],"yoast_head":"<!-- This site is optimized with the Yoast SEO plugin v27.3 - https:\/\/yoast.com\/product\/yoast-seo-wordpress\/ -->\n<title>Opetusvideot - Karjalan kielen elvytt\u00e4minen<\/title>\n<meta name=\"robots\" content=\"index, follow, max-snippet:-1, max-image-preview:large, max-video-preview:-1\" \/>\n<link rel=\"canonical\" href=\"https:\/\/blogs.uef.fi\/karjalanelvytys\/opetusvideot\/\" \/>\n<meta property=\"og:locale\" content=\"fi_FI\" \/>\n<meta property=\"og:type\" content=\"article\" \/>\n<meta property=\"og:title\" content=\"Opetusvideot - Karjalan kielen elvytt\u00e4minen\" \/>\n<meta property=\"og:description\" content=\"KARJALAN KIELI EL\u00c4Y Opa\u0161\u0161u\u0161videot \u2013 opassusvideot \u2013 opastusvideot P\u00e4iv\u00e4nnou\u0161u-\u0160uomen yliopisto, Karjalan kielen elvyty\u0161projekti 2022 P\u00e4iv\u00e4nnouzu-Suomen yliopisto, Karjalan kielen elvytysprojekta 2022 P\u00e4iv\u00e4nnouzu-Suomen yliopisto, Karjalan kielen elvytysprojektu 2022 Yhteisty\u00f6ss\u00e4\/yhtesruavos: AMNUNNA FILMS OY Videoloita karjalan kielen pakasijien jokap\u00e4iv\u00e4se\u0161t\u00e4 elok\u0161e\u0161ta ta pruasniekoista, pakinua, muisselentua, vesselie kotvasie, lap\u0161ien leikkij\u00e4 ta kisuantua, y\u0161t\u00e4vien n\u00e4keytymisie. Lauluo, lorusie, teatterie, ratijouutisie, kirjanluajintua, blogin pienty\u00e4 [&hellip;]\" \/>\n<meta property=\"og:url\" content=\"https:\/\/blogs.uef.fi\/karjalanelvytys\/opetusvideot\/\" \/>\n<meta property=\"og:site_name\" content=\"Karjalan kielen elvytt\u00e4minen\" \/>\n<meta property=\"article:modified_time\" content=\"2025-04-29T09:51:37+00:00\" \/>\n<meta property=\"og:image\" content=\"https:\/\/blogs.uef.fi\/karjalanelvytys\/wp-content\/uploads\/sites\/155\/2021\/11\/Logo.png\" \/>\n\t<meta property=\"og:image:width\" content=\"650\" \/>\n\t<meta property=\"og:image:height\" content=\"347\" \/>\n\t<meta property=\"og:image:type\" content=\"image\/png\" \/>\n<meta name=\"twitter:card\" content=\"summary_large_image\" \/>\n<meta name=\"twitter:label1\" content=\"Arvioitu lukuaika\" \/>\n\t<meta name=\"twitter:data1\" content=\"3 minuuttia\" \/>\n<script type=\"application\/ld+json\" class=\"yoast-schema-graph\">{\"@context\":\"https:\\\/\\\/schema.org\",\"@graph\":[{\"@type\":\"WebPage\",\"@id\":\"https:\\\/\\\/blogs.uef.fi\\\/karjalanelvytys\\\/opetusvideot\\\/\",\"url\":\"https:\\\/\\\/blogs.uef.fi\\\/karjalanelvytys\\\/opetusvideot\\\/\",\"name\":\"Opetusvideot - Karjalan kielen elvytt\u00e4minen\",\"isPartOf\":{\"@id\":\"https:\\\/\\\/blogs.uef.fi\\\/karjalanelvytys\\\/#website\"},\"primaryImageOfPage\":{\"@id\":\"https:\\\/\\\/blogs.uef.fi\\\/karjalanelvytys\\\/opetusvideot\\\/#primaryimage\"},\"image\":{\"@id\":\"https:\\\/\\\/blogs.uef.fi\\\/karjalanelvytys\\\/opetusvideot\\\/#primaryimage\"},\"thumbnailUrl\":\"https:\\\/\\\/blogs.uef.fi\\\/karjalanelvytys\\\/wp-content\\\/uploads\\\/sites\\\/155\\\/2021\\\/11\\\/Logo-300x160.png\",\"datePublished\":\"2022-05-16T05:42:56+00:00\",\"dateModified\":\"2025-04-29T09:51:37+00:00\",\"breadcrumb\":{\"@id\":\"https:\\\/\\\/blogs.uef.fi\\\/karjalanelvytys\\\/opetusvideot\\\/#breadcrumb\"},\"inLanguage\":\"fi\",\"potentialAction\":[{\"@type\":\"ReadAction\",\"target\":[\"https:\\\/\\\/blogs.uef.fi\\\/karjalanelvytys\\\/opetusvideot\\\/\"]}]},{\"@type\":\"ImageObject\",\"inLanguage\":\"fi\",\"@id\":\"https:\\\/\\\/blogs.uef.fi\\\/karjalanelvytys\\\/opetusvideot\\\/#primaryimage\",\"url\":\"https:\\\/\\\/blogs.uef.fi\\\/karjalanelvytys\\\/wp-content\\\/uploads\\\/sites\\\/155\\\/2021\\\/11\\\/Logo.png\",\"contentUrl\":\"https:\\\/\\\/blogs.uef.fi\\\/karjalanelvytys\\\/wp-content\\\/uploads\\\/sites\\\/155\\\/2021\\\/11\\\/Logo.png\",\"width\":650,\"height\":347,\"caption\":\"Karjalankielisi\u00e4 tervehdyksi\u00e4\"},{\"@type\":\"BreadcrumbList\",\"@id\":\"https:\\\/\\\/blogs.uef.fi\\\/karjalanelvytys\\\/opetusvideot\\\/#breadcrumb\",\"itemListElement\":[{\"@type\":\"ListItem\",\"position\":1,\"name\":\"Home\",\"item\":\"https:\\\/\\\/blogs.uef.fi\\\/karjalanelvytys\\\/\"},{\"@type\":\"ListItem\",\"position\":2,\"name\":\"Opetusvideot\"}]},{\"@type\":\"WebSite\",\"@id\":\"https:\\\/\\\/blogs.uef.fi\\\/karjalanelvytys\\\/#website\",\"url\":\"https:\\\/\\\/blogs.uef.fi\\\/karjalanelvytys\\\/\",\"name\":\"Karjalan kielen elvytt\u00e4minen\",\"description\":\"\",\"potentialAction\":[{\"@type\":\"SearchAction\",\"target\":{\"@type\":\"EntryPoint\",\"urlTemplate\":\"https:\\\/\\\/blogs.uef.fi\\\/karjalanelvytys\\\/?s={search_term_string}\"},\"query-input\":{\"@type\":\"PropertyValueSpecification\",\"valueRequired\":true,\"valueName\":\"search_term_string\"}}],\"inLanguage\":\"fi\"}]}<\/script>\n<!-- \/ Yoast SEO plugin. -->","yoast_head_json":{"title":"Opetusvideot - Karjalan kielen elvytt\u00e4minen","robots":{"index":"index","follow":"follow","max-snippet":"max-snippet:-1","max-image-preview":"max-image-preview:large","max-video-preview":"max-video-preview:-1"},"canonical":"https:\/\/blogs.uef.fi\/karjalanelvytys\/opetusvideot\/","og_locale":"fi_FI","og_type":"article","og_title":"Opetusvideot - Karjalan kielen elvytt\u00e4minen","og_description":"KARJALAN KIELI EL\u00c4Y Opa\u0161\u0161u\u0161videot \u2013 opassusvideot \u2013 opastusvideot P\u00e4iv\u00e4nnou\u0161u-\u0160uomen yliopisto, Karjalan kielen elvyty\u0161projekti 2022 P\u00e4iv\u00e4nnouzu-Suomen yliopisto, Karjalan kielen elvytysprojekta 2022 P\u00e4iv\u00e4nnouzu-Suomen yliopisto, Karjalan kielen elvytysprojektu 2022 Yhteisty\u00f6ss\u00e4\/yhtesruavos: AMNUNNA FILMS OY Videoloita karjalan kielen pakasijien jokap\u00e4iv\u00e4se\u0161t\u00e4 elok\u0161e\u0161ta ta pruasniekoista, pakinua, muisselentua, vesselie kotvasie, lap\u0161ien leikkij\u00e4 ta kisuantua, y\u0161t\u00e4vien n\u00e4keytymisie. Lauluo, lorusie, teatterie, ratijouutisie, kirjanluajintua, blogin pienty\u00e4 [&hellip;]","og_url":"https:\/\/blogs.uef.fi\/karjalanelvytys\/opetusvideot\/","og_site_name":"Karjalan kielen elvytt\u00e4minen","article_modified_time":"2025-04-29T09:51:37+00:00","og_image":[{"width":650,"height":347,"url":"https:\/\/blogs.uef.fi\/karjalanelvytys\/wp-content\/uploads\/sites\/155\/2021\/11\/Logo.png","type":"image\/png"}],"twitter_card":"summary_large_image","twitter_misc":{"Arvioitu lukuaika":"3 minuuttia"},"schema":{"@context":"https:\/\/schema.org","@graph":[{"@type":"WebPage","@id":"https:\/\/blogs.uef.fi\/karjalanelvytys\/opetusvideot\/","url":"https:\/\/blogs.uef.fi\/karjalanelvytys\/opetusvideot\/","name":"Opetusvideot - Karjalan kielen elvytt\u00e4minen","isPartOf":{"@id":"https:\/\/blogs.uef.fi\/karjalanelvytys\/#website"},"primaryImageOfPage":{"@id":"https:\/\/blogs.uef.fi\/karjalanelvytys\/opetusvideot\/#primaryimage"},"image":{"@id":"https:\/\/blogs.uef.fi\/karjalanelvytys\/opetusvideot\/#primaryimage"},"thumbnailUrl":"https:\/\/blogs.uef.fi\/karjalanelvytys\/wp-content\/uploads\/sites\/155\/2021\/11\/Logo-300x160.png","datePublished":"2022-05-16T05:42:56+00:00","dateModified":"2025-04-29T09:51:37+00:00","breadcrumb":{"@id":"https:\/\/blogs.uef.fi\/karjalanelvytys\/opetusvideot\/#breadcrumb"},"inLanguage":"fi","potentialAction":[{"@type":"ReadAction","target":["https:\/\/blogs.uef.fi\/karjalanelvytys\/opetusvideot\/"]}]},{"@type":"ImageObject","inLanguage":"fi","@id":"https:\/\/blogs.uef.fi\/karjalanelvytys\/opetusvideot\/#primaryimage","url":"https:\/\/blogs.uef.fi\/karjalanelvytys\/wp-content\/uploads\/sites\/155\/2021\/11\/Logo.png","contentUrl":"https:\/\/blogs.uef.fi\/karjalanelvytys\/wp-content\/uploads\/sites\/155\/2021\/11\/Logo.png","width":650,"height":347,"caption":"Karjalankielisi\u00e4 tervehdyksi\u00e4"},{"@type":"BreadcrumbList","@id":"https:\/\/blogs.uef.fi\/karjalanelvytys\/opetusvideot\/#breadcrumb","itemListElement":[{"@type":"ListItem","position":1,"name":"Home","item":"https:\/\/blogs.uef.fi\/karjalanelvytys\/"},{"@type":"ListItem","position":2,"name":"Opetusvideot"}]},{"@type":"WebSite","@id":"https:\/\/blogs.uef.fi\/karjalanelvytys\/#website","url":"https:\/\/blogs.uef.fi\/karjalanelvytys\/","name":"Karjalan kielen elvytt\u00e4minen","description":"","potentialAction":[{"@type":"SearchAction","target":{"@type":"EntryPoint","urlTemplate":"https:\/\/blogs.uef.fi\/karjalanelvytys\/?s={search_term_string}"},"query-input":{"@type":"PropertyValueSpecification","valueRequired":true,"valueName":"search_term_string"}}],"inLanguage":"fi"}]}},"_links":{"self":[{"href":"https:\/\/blogs.uef.fi\/karjalanelvytys\/wp-json\/wp\/v2\/pages\/5389","targetHints":{"allow":["GET"]}}],"collection":[{"href":"https:\/\/blogs.uef.fi\/karjalanelvytys\/wp-json\/wp\/v2\/pages"}],"about":[{"href":"https:\/\/blogs.uef.fi\/karjalanelvytys\/wp-json\/wp\/v2\/types\/page"}],"author":[{"embeddable":true,"href":"https:\/\/blogs.uef.fi\/karjalanelvytys\/wp-json\/wp\/v2\/users\/419"}],"replies":[{"embeddable":true,"href":"https:\/\/blogs.uef.fi\/karjalanelvytys\/wp-json\/wp\/v2\/comments?post=5389"}],"version-history":[{"count":2,"href":"https:\/\/blogs.uef.fi\/karjalanelvytys\/wp-json\/wp\/v2\/pages\/5389\/revisions"}],"predecessor-version":[{"id":22019,"href":"https:\/\/blogs.uef.fi\/karjalanelvytys\/wp-json\/wp\/v2\/pages\/5389\/revisions\/22019"}],"wp:attachment":[{"href":"https:\/\/blogs.uef.fi\/karjalanelvytys\/wp-json\/wp\/v2\/media?parent=5389"}],"curies":[{"name":"wp","href":"https:\/\/api.w.org\/{rel}","templated":true}]}}