{"id":5286,"date":"2022-04-29T09:33:41","date_gmt":"2022-04-29T06:33:41","guid":{"rendered":"https:\/\/blogs.uef.fi\/karjalanelvytys\/?page_id=5286"},"modified":"2022-05-01T09:40:24","modified_gmt":"2022-05-01T06:40:24","slug":"vappuun-liittyva-sanasto-suomi-vienankarjala","status":"publish","type":"page","link":"https:\/\/blogs.uef.fi\/karjalanelvytys\/vappuun-liittyva-sanasto-suomi-vienankarjala\/","title":{"rendered":"Vappuun liittyv\u00e4 sanasto (suomi-vienankarjala)"},"content":{"rendered":"<p><strong>Vappuh liittyj\u00e4 \u0161ana\u0161to (\u0161uomi-vienankarjala)<\/strong><\/p>\n<p>&nbsp;<\/p>\n<p>Luatija: Olga Karlova<\/p>\n<p>P\u00e4iv\u00e4nnou\u0161u-\u0160uomen yliopisto<\/p>\n<p>Karjalan kielen elvyty\u0161projekti 2021\u201322<\/p>\n<p>&nbsp;<\/p>\n<p>Luatija passipoi\u010d\u010dou Vienankarjalan pakinaklupilaisie arvokkahista neuvoloista ta juohatuk\u0161ista.<\/p>\n<p>&nbsp;<\/p>\n<p><strong>Vappu \u0160uome\u0161\u0161a<\/strong><\/p>\n<p>&nbsp;<\/p>\n<p>vappu \u2013 Vappu, Pervomai, Pervomaija, Maija<\/p>\n<p>kev\u00e4\u00e4n karnevaalijuhla \u2013 kevy\u00e4n karnavalipruasniekka<\/p>\n<p>hauska \u2013 vessel\u00e4<\/p>\n<p>vappuheila \u2013 heila, mielitietty<\/p>\n<p>ty\u00f6l\u00e4isten ja opiskelijoiden juhla \u2013 ruatajien ta opa\u0161tujien juhla<\/p>\n<p>ty\u00f6v\u00e4ki \u2013 ruatajarahva\u0161 (ruatajarahvahan, ruatajarahva\u0161ta)<\/p>\n<p>ylioppilas \u2013 ylioppila\u0161 (ylioppilahan, ylioppila\u0161ta), yliopa\u0161tuja<\/p>\n<p>ylioppilaslakki \u2013 ylioppila\u0161lakki, yliopa\u0161tujan hura\u0161ka<\/p>\n<p>lakittaa \u2013 lakittua (mie lakitan, hi\u00e4n lakittau, hy\u00f6 lakitetah), hura\u0161koittua (mie hura\u0161koitan, hi\u00e4n hura\u0161koittau, hy\u00f6 hura\u0161koitetah)<\/p>\n<p>vapunaatto \u2013 Vapun va\u0161tuantap\u00e4iv\u00e4, Vappuo va\u0161\u0161en; Pervomaijan va\u0161tuantap\u00e4iv\u00e4, Pervomaijua va\u0161\u0161en<\/p>\n<p>vapaa p\u00e4iv\u00e4 \u2013 lepop\u00e4iv\u00e4<\/p>\n<p>virallinen liputusp\u00e4iv\u00e4 \u2013 virallini lipunno\u0161\u0161atantap\u00e4iv\u00e4<\/p>\n<p>liehua \u2013 liehuo (liehuu, liehutah)<\/p>\n<p>marssi \u2013 mar\u0161\u0161i<\/p>\n<p>marssia \u2013 mar\u0161\u0161ie (mie mar\u0161\u0161in, hi\u00e4n mar\u0161\u0161iu, hy\u00f6 mar\u0161\u0161itah)<\/p>\n<p>kulkue \u2013 kulkoveh (kulkovehen, kulkovehta)<\/p>\n<p>poliittinen puhe \u2013 poliittini pakina (polittisen pakinan, polittista pakinua)<\/p>\n<p>piknikki \u2013 piknikki<\/p>\n<p>munkki \u2013 keitinp\u00e4ppi<\/p>\n<p>rinkil\u00e4munkki \u2013 keitinkola\u010d\u010du<\/p>\n<p>sima \u2013 sima, vappuvua\u0161\u0161a<\/p>\n<p>tippaleip\u00e4 \u2013 tippaleip\u00e4<\/p>\n<p>nakki \u2013 nakki, sosiska<\/p>\n<p>makkara \u2013 makkara, kalpassu<\/p>\n<p>perunasalaatti \u2013 potakkasalatti<\/p>\n<p>ilmapallo \u2013 ilmapallo<\/p>\n<p>serpentiini \u2013 serpantiini<\/p>\n<p>vappuhyrr\u00e4 \u2013 v\u00e4kk\u00e4r\u00e4, lekkeri, py\u00f6rij\u00e4ini<\/p>\n<p>vappuhuiska \u2013 huiska, viuhka<\/p>\n<p>naamiaiset \u2013 nuamijaiset, maskaradi<\/p>\n<p>naamari \u2013 nuamari, maski<\/p>\n<p>naamiaisasu \u2013 nuamijaispuku, nuamijaisvuattiet, nuamijaiskruutta<\/p>\n<p>&nbsp;<\/p>\n<p><em>Hyvy\u00e4 Vappuo! Hyvy\u00e4 Pervomaijua! Hyvy\u00e4 Maijua!<br \/>\n<\/em><\/p>\n<p><img loading=\"lazy\" decoding=\"async\" class=\"alignnone size-medium wp-image-5289\" src=\"https:\/\/blogs.uef.fi\/karjalanelvytys\/wp-content\/uploads\/sites\/155\/2022\/04\/ilmapallot_tytto_SManty-216x300.jpg\" alt=\"Vappu\" width=\"216\" height=\"300\" srcset=\"https:\/\/blogs.uef.fi\/karjalanelvytys\/wp-content\/uploads\/sites\/155\/2022\/04\/ilmapallot_tytto_SManty-216x300.jpg 216w, https:\/\/blogs.uef.fi\/karjalanelvytys\/wp-content\/uploads\/sites\/155\/2022\/04\/ilmapallot_tytto_SManty-737x1024.jpg 737w, https:\/\/blogs.uef.fi\/karjalanelvytys\/wp-content\/uploads\/sites\/155\/2022\/04\/ilmapallot_tytto_SManty-768x1067.jpg 768w, https:\/\/blogs.uef.fi\/karjalanelvytys\/wp-content\/uploads\/sites\/155\/2022\/04\/ilmapallot_tytto_SManty-1106x1536.jpg 1106w, https:\/\/blogs.uef.fi\/karjalanelvytys\/wp-content\/uploads\/sites\/155\/2022\/04\/ilmapallot_tytto_SManty-1474x2048.jpg 1474w, https:\/\/blogs.uef.fi\/karjalanelvytys\/wp-content\/uploads\/sites\/155\/2022\/04\/ilmapallot_tytto_SManty-scaled.jpg 1843w\" sizes=\"auto, (max-width: 216px) 100vw, 216px\" \/><\/p>\n<p>Kuva: Sirpa M\u00e4nty<\/p>\n<p>&nbsp;<\/p>\n<p><strong>Olgan \u010duppuni<\/strong>, 29.4.2022: <em>Pervomai, Maija vain Vappu?<\/em> <a href=\"https:\/\/uutiscuppu.karjalansivistysseura.fi\/olgan-cuppuni-pervomai-maija-vain-vappu\/?fbclid=IwAR2sT5IjyivD9TRmOiRo-t976WCrV3bMLHcvOIzPxoeSyYI_hMWI0iQZpHY\">linkki juttuun<\/a><\/p>\n<p>&nbsp;<\/p>\n<p>&nbsp;<\/p>\n","protected":false},"excerpt":{"rendered":"<p>Vappuh liittyj\u00e4 \u0161ana\u0161to (\u0161uomi-vienankarjala) &nbsp; Luatija: Olga Karlova P\u00e4iv\u00e4nnou\u0161u-\u0160uomen yliopisto Karjalan kielen elvyty\u0161projekti 2021\u201322 &nbsp; Luatija passipoi\u010d\u010dou Vienankarjalan pakinaklupilaisie arvokkahista neuvoloista ta juohatuk\u0161ista. &nbsp; Vappu \u0160uome\u0161\u0161a &nbsp; vappu \u2013 Vappu, Pervomai, Pervomaija, Maija kev\u00e4\u00e4n karnevaalijuhla \u2013 kevy\u00e4n karnavalipruasniekka hauska \u2013 vessel\u00e4 vappuheila \u2013 heila, mielitietty ty\u00f6l\u00e4isten ja opiskelijoiden juhla \u2013 ruatajien ta opa\u0161tujien juhla ty\u00f6v\u00e4ki [&hellip;]<\/p>\n","protected":false},"author":480,"featured_media":0,"parent":0,"menu_order":0,"comment_status":"closed","ping_status":"closed","template":"","meta":{"_acf_changed":false,"footnotes":""},"class_list":["post-5286","page","type-page","status-publish","hentry"],"acf":[],"yoast_head":"<!-- This site is optimized with the Yoast SEO plugin v27.1.1 - https:\/\/yoast.com\/product\/yoast-seo-wordpress\/ -->\n<title>Vappuun liittyv\u00e4 sanasto (suomi-vienankarjala) - Karjalan kielen elvytt\u00e4minen<\/title>\n<meta name=\"robots\" content=\"index, follow, max-snippet:-1, max-image-preview:large, max-video-preview:-1\" \/>\n<link rel=\"canonical\" href=\"https:\/\/blogs.uef.fi\/karjalanelvytys\/vappuun-liittyva-sanasto-suomi-vienankarjala\/\" \/>\n<meta property=\"og:locale\" content=\"fi_FI\" \/>\n<meta property=\"og:type\" content=\"article\" \/>\n<meta property=\"og:title\" content=\"Vappuun liittyv\u00e4 sanasto (suomi-vienankarjala) - Karjalan kielen elvytt\u00e4minen\" \/>\n<meta property=\"og:description\" content=\"Vappuh liittyj\u00e4 \u0161ana\u0161to (\u0161uomi-vienankarjala) &nbsp; Luatija: Olga Karlova P\u00e4iv\u00e4nnou\u0161u-\u0160uomen yliopisto Karjalan kielen elvyty\u0161projekti 2021\u201322 &nbsp; Luatija passipoi\u010d\u010dou Vienankarjalan pakinaklupilaisie arvokkahista neuvoloista ta juohatuk\u0161ista. &nbsp; Vappu \u0160uome\u0161\u0161a &nbsp; vappu \u2013 Vappu, Pervomai, Pervomaija, Maija kev\u00e4\u00e4n karnevaalijuhla \u2013 kevy\u00e4n karnavalipruasniekka hauska \u2013 vessel\u00e4 vappuheila \u2013 heila, mielitietty ty\u00f6l\u00e4isten ja opiskelijoiden juhla \u2013 ruatajien ta opa\u0161tujien juhla ty\u00f6v\u00e4ki [&hellip;]\" \/>\n<meta property=\"og:url\" content=\"https:\/\/blogs.uef.fi\/karjalanelvytys\/vappuun-liittyva-sanasto-suomi-vienankarjala\/\" \/>\n<meta property=\"og:site_name\" content=\"Karjalan kielen elvytt\u00e4minen\" \/>\n<meta property=\"article:modified_time\" content=\"2022-05-01T06:40:24+00:00\" \/>\n<meta property=\"og:image\" content=\"https:\/\/blogs.uef.fi\/karjalanelvytys\/wp-content\/uploads\/sites\/155\/2022\/04\/ilmapallot_tytto_SManty-216x300.jpg\" \/>\n<meta name=\"twitter:card\" content=\"summary_large_image\" \/>\n<meta name=\"twitter:label1\" content=\"Arvioitu lukuaika\" \/>\n\t<meta name=\"twitter:data1\" content=\"1 minuutti\" \/>\n<script type=\"application\/ld+json\" class=\"yoast-schema-graph\">{\"@context\":\"https:\/\/schema.org\",\"@graph\":[{\"@type\":\"WebPage\",\"@id\":\"https:\/\/blogs.uef.fi\/karjalanelvytys\/vappuun-liittyva-sanasto-suomi-vienankarjala\/\",\"url\":\"https:\/\/blogs.uef.fi\/karjalanelvytys\/vappuun-liittyva-sanasto-suomi-vienankarjala\/\",\"name\":\"Vappuun liittyv\u00e4 sanasto (suomi-vienankarjala) - Karjalan kielen elvytt\u00e4minen\",\"isPartOf\":{\"@id\":\"https:\/\/blogs.uef.fi\/karjalanelvytys\/#website\"},\"primaryImageOfPage\":{\"@id\":\"https:\/\/blogs.uef.fi\/karjalanelvytys\/vappuun-liittyva-sanasto-suomi-vienankarjala\/#primaryimage\"},\"image\":{\"@id\":\"https:\/\/blogs.uef.fi\/karjalanelvytys\/vappuun-liittyva-sanasto-suomi-vienankarjala\/#primaryimage\"},\"thumbnailUrl\":\"https:\/\/blogs.uef.fi\/karjalanelvytys\/wp-content\/uploads\/sites\/155\/2022\/04\/ilmapallot_tytto_SManty-216x300.jpg\",\"datePublished\":\"2022-04-29T06:33:41+00:00\",\"dateModified\":\"2022-05-01T06:40:24+00:00\",\"breadcrumb\":{\"@id\":\"https:\/\/blogs.uef.fi\/karjalanelvytys\/vappuun-liittyva-sanasto-suomi-vienankarjala\/#breadcrumb\"},\"inLanguage\":\"fi\",\"potentialAction\":[{\"@type\":\"ReadAction\",\"target\":[\"https:\/\/blogs.uef.fi\/karjalanelvytys\/vappuun-liittyva-sanasto-suomi-vienankarjala\/\"]}]},{\"@type\":\"ImageObject\",\"inLanguage\":\"fi\",\"@id\":\"https:\/\/blogs.uef.fi\/karjalanelvytys\/vappuun-liittyva-sanasto-suomi-vienankarjala\/#primaryimage\",\"url\":\"https:\/\/blogs.uef.fi\/karjalanelvytys\/wp-content\/uploads\/sites\/155\/2022\/04\/ilmapallot_tytto_SManty-216x300.jpg\",\"contentUrl\":\"https:\/\/blogs.uef.fi\/karjalanelvytys\/wp-content\/uploads\/sites\/155\/2022\/04\/ilmapallot_tytto_SManty-216x300.jpg\"},{\"@type\":\"BreadcrumbList\",\"@id\":\"https:\/\/blogs.uef.fi\/karjalanelvytys\/vappuun-liittyva-sanasto-suomi-vienankarjala\/#breadcrumb\",\"itemListElement\":[{\"@type\":\"ListItem\",\"position\":1,\"name\":\"Home\",\"item\":\"https:\/\/blogs.uef.fi\/karjalanelvytys\/\"},{\"@type\":\"ListItem\",\"position\":2,\"name\":\"Vappuun liittyv\u00e4 sanasto (suomi-vienankarjala)\"}]},{\"@type\":\"WebSite\",\"@id\":\"https:\/\/blogs.uef.fi\/karjalanelvytys\/#website\",\"url\":\"https:\/\/blogs.uef.fi\/karjalanelvytys\/\",\"name\":\"Karjalan kielen elvytt\u00e4minen\",\"description\":\"\",\"potentialAction\":[{\"@type\":\"SearchAction\",\"target\":{\"@type\":\"EntryPoint\",\"urlTemplate\":\"https:\/\/blogs.uef.fi\/karjalanelvytys\/?s={search_term_string}\"},\"query-input\":{\"@type\":\"PropertyValueSpecification\",\"valueRequired\":true,\"valueName\":\"search_term_string\"}}],\"inLanguage\":\"fi\"}]}<\/script>\n<!-- \/ Yoast SEO plugin. -->","yoast_head_json":{"title":"Vappuun liittyv\u00e4 sanasto (suomi-vienankarjala) - Karjalan kielen elvytt\u00e4minen","robots":{"index":"index","follow":"follow","max-snippet":"max-snippet:-1","max-image-preview":"max-image-preview:large","max-video-preview":"max-video-preview:-1"},"canonical":"https:\/\/blogs.uef.fi\/karjalanelvytys\/vappuun-liittyva-sanasto-suomi-vienankarjala\/","og_locale":"fi_FI","og_type":"article","og_title":"Vappuun liittyv\u00e4 sanasto (suomi-vienankarjala) - Karjalan kielen elvytt\u00e4minen","og_description":"Vappuh liittyj\u00e4 \u0161ana\u0161to (\u0161uomi-vienankarjala) &nbsp; Luatija: Olga Karlova P\u00e4iv\u00e4nnou\u0161u-\u0160uomen yliopisto Karjalan kielen elvyty\u0161projekti 2021\u201322 &nbsp; Luatija passipoi\u010d\u010dou Vienankarjalan pakinaklupilaisie arvokkahista neuvoloista ta juohatuk\u0161ista. &nbsp; Vappu \u0160uome\u0161\u0161a &nbsp; vappu \u2013 Vappu, Pervomai, Pervomaija, Maija kev\u00e4\u00e4n karnevaalijuhla \u2013 kevy\u00e4n karnavalipruasniekka hauska \u2013 vessel\u00e4 vappuheila \u2013 heila, mielitietty ty\u00f6l\u00e4isten ja opiskelijoiden juhla \u2013 ruatajien ta opa\u0161tujien juhla ty\u00f6v\u00e4ki [&hellip;]","og_url":"https:\/\/blogs.uef.fi\/karjalanelvytys\/vappuun-liittyva-sanasto-suomi-vienankarjala\/","og_site_name":"Karjalan kielen elvytt\u00e4minen","article_modified_time":"2022-05-01T06:40:24+00:00","og_image":[{"url":"https:\/\/blogs.uef.fi\/karjalanelvytys\/wp-content\/uploads\/sites\/155\/2022\/04\/ilmapallot_tytto_SManty-216x300.jpg","type":"","width":"","height":""}],"twitter_card":"summary_large_image","twitter_misc":{"Arvioitu lukuaika":"1 minuutti"},"schema":{"@context":"https:\/\/schema.org","@graph":[{"@type":"WebPage","@id":"https:\/\/blogs.uef.fi\/karjalanelvytys\/vappuun-liittyva-sanasto-suomi-vienankarjala\/","url":"https:\/\/blogs.uef.fi\/karjalanelvytys\/vappuun-liittyva-sanasto-suomi-vienankarjala\/","name":"Vappuun liittyv\u00e4 sanasto (suomi-vienankarjala) - Karjalan kielen elvytt\u00e4minen","isPartOf":{"@id":"https:\/\/blogs.uef.fi\/karjalanelvytys\/#website"},"primaryImageOfPage":{"@id":"https:\/\/blogs.uef.fi\/karjalanelvytys\/vappuun-liittyva-sanasto-suomi-vienankarjala\/#primaryimage"},"image":{"@id":"https:\/\/blogs.uef.fi\/karjalanelvytys\/vappuun-liittyva-sanasto-suomi-vienankarjala\/#primaryimage"},"thumbnailUrl":"https:\/\/blogs.uef.fi\/karjalanelvytys\/wp-content\/uploads\/sites\/155\/2022\/04\/ilmapallot_tytto_SManty-216x300.jpg","datePublished":"2022-04-29T06:33:41+00:00","dateModified":"2022-05-01T06:40:24+00:00","breadcrumb":{"@id":"https:\/\/blogs.uef.fi\/karjalanelvytys\/vappuun-liittyva-sanasto-suomi-vienankarjala\/#breadcrumb"},"inLanguage":"fi","potentialAction":[{"@type":"ReadAction","target":["https:\/\/blogs.uef.fi\/karjalanelvytys\/vappuun-liittyva-sanasto-suomi-vienankarjala\/"]}]},{"@type":"ImageObject","inLanguage":"fi","@id":"https:\/\/blogs.uef.fi\/karjalanelvytys\/vappuun-liittyva-sanasto-suomi-vienankarjala\/#primaryimage","url":"https:\/\/blogs.uef.fi\/karjalanelvytys\/wp-content\/uploads\/sites\/155\/2022\/04\/ilmapallot_tytto_SManty-216x300.jpg","contentUrl":"https:\/\/blogs.uef.fi\/karjalanelvytys\/wp-content\/uploads\/sites\/155\/2022\/04\/ilmapallot_tytto_SManty-216x300.jpg"},{"@type":"BreadcrumbList","@id":"https:\/\/blogs.uef.fi\/karjalanelvytys\/vappuun-liittyva-sanasto-suomi-vienankarjala\/#breadcrumb","itemListElement":[{"@type":"ListItem","position":1,"name":"Home","item":"https:\/\/blogs.uef.fi\/karjalanelvytys\/"},{"@type":"ListItem","position":2,"name":"Vappuun liittyv\u00e4 sanasto (suomi-vienankarjala)"}]},{"@type":"WebSite","@id":"https:\/\/blogs.uef.fi\/karjalanelvytys\/#website","url":"https:\/\/blogs.uef.fi\/karjalanelvytys\/","name":"Karjalan kielen elvytt\u00e4minen","description":"","potentialAction":[{"@type":"SearchAction","target":{"@type":"EntryPoint","urlTemplate":"https:\/\/blogs.uef.fi\/karjalanelvytys\/?s={search_term_string}"},"query-input":{"@type":"PropertyValueSpecification","valueRequired":true,"valueName":"search_term_string"}}],"inLanguage":"fi"}]}},"_links":{"self":[{"href":"https:\/\/blogs.uef.fi\/karjalanelvytys\/wp-json\/wp\/v2\/pages\/5286","targetHints":{"allow":["GET"]}}],"collection":[{"href":"https:\/\/blogs.uef.fi\/karjalanelvytys\/wp-json\/wp\/v2\/pages"}],"about":[{"href":"https:\/\/blogs.uef.fi\/karjalanelvytys\/wp-json\/wp\/v2\/types\/page"}],"author":[{"embeddable":true,"href":"https:\/\/blogs.uef.fi\/karjalanelvytys\/wp-json\/wp\/v2\/users\/480"}],"replies":[{"embeddable":true,"href":"https:\/\/blogs.uef.fi\/karjalanelvytys\/wp-json\/wp\/v2\/comments?post=5286"}],"version-history":[{"count":2,"href":"https:\/\/blogs.uef.fi\/karjalanelvytys\/wp-json\/wp\/v2\/pages\/5286\/revisions"}],"predecessor-version":[{"id":5324,"href":"https:\/\/blogs.uef.fi\/karjalanelvytys\/wp-json\/wp\/v2\/pages\/5286\/revisions\/5324"}],"wp:attachment":[{"href":"https:\/\/blogs.uef.fi\/karjalanelvytys\/wp-json\/wp\/v2\/media?parent=5286"}],"curies":[{"name":"wp","href":"https:\/\/api.w.org\/{rel}","templated":true}]}}