{"id":5170,"date":"2022-04-19T14:41:58","date_gmt":"2022-04-19T11:41:58","guid":{"rendered":"https:\/\/blogs.uef.fi\/karjalanelvytys\/?page_id=5170"},"modified":"2022-04-19T14:57:20","modified_gmt":"2022-04-19T11:57:20","slug":"pirjo-liisa-kotiranta-starina-ananie-juutinpoika-klementjevista-uhtuon-likopiasta","status":"publish","type":"page","link":"https:\/\/blogs.uef.fi\/karjalanelvytys\/pirjo-liisa-kotiranta-starina-ananie-juutinpoika-klementjevista-uhtuon-likopiasta\/","title":{"rendered":"Pirjo-Liisa Kotiranta: Starina Ananie Juutinpoika Klementjevist\u00e4 Uhtuon Likopi\u00e4\u0161t\u00e4"},"content":{"rendered":"<p><strong><em>Pirjo-Liisa Kotiranta<\/em><\/strong><em> tahi karjalaisittain <strong>Ananien Iivanan Puavilan Leon Pirjo<\/strong> on kirjuttan kuvittehellisen starinan oman vienalaisen Puavila-ukon uhtuolaise\u0161ta Ananien perehe\u0161t\u00e4. <\/em><\/p>\n<p><em>Kalliolan rahvahanopisson Vienankarjalan kur\u0161\u0161in kotiruatona oli k\u00e4ytty\u00e4 perehen inehmisien nimij\u00e4.\u00a0 Inehmiset ta nimet ollah oikiet, starinan Pirjo-Liisa on kek\u0161in.<\/em><\/p>\n<p>&nbsp;<\/p>\n<p><strong>Starina Ananie Juutinpoika Klementjevist\u00e4 Uhtuon Likopi\u00e4\u0161t\u00e4 <\/strong><\/p>\n<p>Tavallini ke\u0161\u00e4ni huomene\u0161. Linnut lauletah ok\u0161illa. Heponi hirnahtau nurmella. P\u00e4iv\u00e4ni nou\u0161ou kalmismuan kuu\u0161ien takua. Taiva\u0161 on pilvet\u00f6in. Ke\u0161ki-Kuittij\u00e4rven \u0161iniset uallot leppie\u0161ti hyvy\u00e4ll\u00e4h Likopi\u00e4n rantua, \u0161en kullaista hietua. Ulapalla \u0161outau Ananie Juutinpoika kohti kotirantua. Hi\u00e4n on ollun kalalla pitin valkieta y\u00f6t\u00e4, kuhua \u0161outama\u0161\u0161a. Per\u00e4tel\u2019l\u2019olla istuu veikko Potahvie ta kery\u00e4y uissinta yl\u00f6\u0161 veje\u0161t\u00e4. On hein\u00e4kuu, kalua nou\u0161ou \u00e4ij\u00e4n. Kuitilla n\u00e4k\u00f6y muitaki kalamiehie. Ke\u0161kike\u0161\u00e4n huomene\u0161 on hell\u00e4. Kepie tuulen v\u00e4ri kertou, jotta p\u00e4iv\u00e4\u0161t\u00e4 tulou \u00e4kie.<\/p>\n<p>Kon\u0161a Ananie pi\u00e4\u0161\u00f6y rantah ta vet\u00e4y venehen mualla, ranna\u0161\u0161a jo kuhisou rahva\u0161ta. Verkot no\u0161\u0161etah venehist\u00e4. Ne levitet\u00e4h riukuloih ta kalat ker\u00e4t\u00e4h korvoloih. Miehet jo ni puhatah kalua, naiset viritet\u00e4h tulta patojen alla. Kon\u0161a kalat on puha\u0161\u0161ettu, nuoret neijot keitet\u00e4h ruokapua\u0161\u0161a pikkukaloista yhtehini kalarokka. Kalamiehet \u0161uuret kalat viij\u00e4h naisillah kotih. Nuoret neijot viel\u00e4i pe\u0161\u0161\u00e4h vuatteitah ranna\u0161\u0161a ta keitet\u00e4h pe\u0161\u00f6mispua\u0161\u0161a r\u00e4\u010d\u010din\u00e4t, paijat, k\u00e4sipaikat. Mou\u0161ot pavoissa \u0161uahah kankahat ta lankat v\u00e4rie ka\u0161viloista, niise keitet\u00e4h muilua. Ukot paikatah verkkoloita. Lap\u0161et uitetah kuarnalaivoja rantaveje\u0161\u0161\u00e4 ta uijah pr\u00f6y\u0161kytet\u00e4h kirkkaha\u0161\u0161a j\u00e4rve\u0161\u0161\u00e4. \u0160iit\u00e4 tuatot ta prihat m\u00e4nn\u00e4h pirttih \u0161y\u00f6m\u00e4h murkinallista ennein ruatuo peltoloilla.<\/p>\n<p>Ananie ta Potahvie no\u0161\u0161etah \u0161uuret kuhat venehen pohjalta vakkah tai pit\u00e4n verkon t\u00e4yven kalua. Hy\u00f6 tervehit\u00e4h nuapurit ta kavutah yl\u00f6\u0161 termy\u00e4 kotih p\u00e4in. Tuatto Juuti tulou poikieh va\u0161tah. Hi\u00e4n ottau verkon olallah ta m\u00e4n\u00f6y rantah irrottamah kalat. Pojat jatetah tiell\u00e4 kotih p\u00e4in. Perehien lehm\u00e4t on lyp\u0161etty, ta raitilla juok\u0161ou paimenpoikie ta -tytt\u00f6l\u00f6it\u00e4. Hy\u00f6 viij\u00e4h Likopi\u00e4n lehm\u00e4t karjamualla paimeneh ta kisatah \u0161iel\u00e4 iltah \u0161uaten, kuni on aika my\u00f6\u0161ty\u00f6 iltalyp\u0161yh.<\/p>\n<p>Ananien ta Hoton h\u00e4it\u00e4 piettih hein\u00e4kuu\u0161\u0161a 1824. \u0160ahharie Ja\u0161konpojan tytt\u00f6 Fedosija, ket\u00e4 ku\u010dutah karjalak\u0161i Hoto, ka\u0161vo muutoman vir\u0161\u0161an pi\u00e4\u0161\u0161\u00e4 Kuittij\u00e4rven ranna\u0161ta yl\u00f6\u0161 pitin Uhutjokie, Lamminpohja\u0161\u0161a, tuattoh ta muamoh Julianan kera P\u00e4llin talo\u0161\u0161a. Kak\u0161ikymment\u00e4kolmevuotisena hi\u00e4n j\u00e4tti Lamminpohjan, oman koti\u0161euvun ta \u0161uuren perehen, vel&#8217;l&#8217;eh Rotjon ta \u010dikot Ho\u0161jan ta Muarien, niise ukon ta \u00e4mm\u00f6n ta \u0161eukut, ti\u00e4t\u00e4t ta ti\u00e4tink\u00e4t. Hi\u00e4n m\u00e4ni i\u010d\u010deh ik\u00e4hisell\u00e4 miehell\u00e4 Ananiella, Likopi\u00e4h Kuittij\u00e4rven rantah Juuti Klimentovin pereheh Hyryn taloh.<\/p>\n<p>Antilah on vaikie a\u0161ettuo uuteh pereheh, uuteh heimoh. Min&#8217;n&#8217;a on koettehella, kuni hi\u00e4n en\u0161imm\u00e4isen lap\u0161en \u0161uau. Kon\u0161a hi\u00e4n on muamo, hi\u00e4n \u0161uau kunnivon perehe\u0161\u0161\u00e4. Hotolla monie\u0161 vuo\u0161i m\u00e4ni ven\u010d\u00e4lt\u00e4, kon\u0161a \u0161iit\u00e4 Iivana, nyt \u0161ei\u010denvuotini, \u0161ynty ta j\u00e4i eloh.\u00a0 Niin Hoto\u0161ta tuli muamo, Ananie\u0161ta tuatto, Juutista ukko ta muamoakka Malanie J\u00f6ysseintytt\u00f6, 54 vuotini, \u0161iirty \u00e4mm\u00f6n o\u0161ah.<\/p>\n<p>Ananien pereh on jo ka\u0161van. Nyt vuotena 1834 h\u00e4nell\u00e4 ta naisellah on nell\u00e4 la\u0161ta ta viije\u0161 tulollah. Iivanan j\u00e4le\u0161t\u00e4 \u0161ynty tytt\u00f6, muamon kaimak\u0161i nimetty, no ku\u010duttih Anniksi. H\u00e4nell\u00e4 nyt on nell\u00e4 vuotta. Toisella pojalla Riijolla on iky\u00e4 kak\u0161i vuotta ta Joukenie-tytt\u00f6 on kohta yhen vuuvven ik\u00e4ni. Hy\u00f6 kaikin on eletty u\u0161ien vuuvven ukko Juutin ta \u00e4mm\u00f6 Malanien kera Hyryn talo\u0161\u0161a Ryhj\u00e4nlammin p\u00e4iv\u00e4nla\u0161kupi\u00e4\u0161\u0161\u00e4. Veikko Potahvie, nell\u00e4 vuotta nuorempi Ananie\u0161ta, ta h\u00e4nen naiseh, Iivanan Tuarie, elet\u00e4h niise \u0161ama\u0161\u0161a pirtiss\u00e4. Heil\u00e4 ei ole viel\u00e4 omua pereht\u00e4. Kon\u0161a lap\u0161ie tulou lisy\u00e4, tarvitah i tilua. Iellisin\u00e4 talviloina Ananie ta Potahvie kuattih pak\u0161ut ta pit\u00e4t honkat Kormu\u0161niemen me\u010d\u00e4\u0161\u0161\u00e4. Puut ajettih lumikelill\u00e4 riell\u00e4 ta heposella Ryhj\u00e4nlammin penkerell\u00e4. Kevy\u00e4ll\u00e4 alettih rakennu\u0161ruavot. Honkiloista kuoritettih hirret puhtahiksi, niist\u00e4 vei\u0161\u0161ettih \u0161ein\u00e4hirret, muatin\u010d\u010da, leviet lauvat latteih, kapiet kattoloih. Miehet ukko Juutin kera niise luajittih lau\u010dat, stolan, skammit. Pirtin \u0161i\u00e4meh kuvottih kiukua ta kosino.<\/p>\n<p>Nyt on valmehena \u0161uuri karjalaini pirtti, Ananien talo, \u0161iin\u00e4 tuaton Juuti Kliimonpojan pirtin viere\u0161\u0161\u00e4. Ananien uu\u0161i talo on yhtel\u00e4ini muijen talojen kera Uhtuo\u0161\u0161a. Toise\u0161\u0161a pi\u00e4\u0161\u0161\u00e4 taluo elet\u00e4h ihmiset ta toise\u0161\u0161a pi\u00e4\u0161\u0161\u00e4 \u0161iivatat. Ulko-ove\u0161ta kavutah portahat yl\u00f6\u0161 \u0161in\u010d\u010dih. \u0160in\u010dist\u00e4 pi\u00e4\u0161\u0161\u00e4h pirttih ta aittoih, kumpasissa \u0161\u00e4ilytet\u00e4h ruokatavaroja, talou\u0161vehkehie ta kala\u0161\u0161u\u0161- ta me\u010d\u010d\u00e4\u0161\u0161y\u0161vehkehie. Niise \u0161in\u010dist\u00e4 m\u00e4nn\u00e4h korni\u010d\u010dah. \u0160e on portahien pi\u00e4ll\u00e4. \u0160in\u010dist\u00e4 pi\u00e4\u0161\u00f6y ni ala\u0161 li\u00e4v\u00e4h ta tanhuolla. Kaikilla \u0161ek\u00e4 ihmisill\u00e4 jotta \u0161iivatoilla on l\u00e4mmin ely\u00e4 hir\u0161italo\u0161\u0161a talvella. Perehen kyly on tien toisella puolella, lyhy\u00f6n matan pi\u00e4\u0161\u0161\u00e4 Kuittij\u00e4rven rantaterm\u00e4ll\u00e4. Ke\u0161\u00e4ll\u00e4 \u0161iit\u00e4 on hyv\u00e4 pul\u0161kahtua uimah, kon\u0161a lauvoilla l\u00f6yly\u0161\u0161\u00e4 liika \u00e4kie tulou.<\/p>\n<p>Uhtuo on iell\u00e4h 1830-luvun puole\u0161\u0161a v\u00e4liss\u00e4 pieni kyl\u00e4. Onnakko uu\u0161ie perehie tulou, lap\u0161ie \u0161yntyy, taloja no\u0161\u0161etah. Pahojaki aikoja elet\u00e4h, \u00e4kiet, hallat, tauvit. Luonnon anti ei kaiki\u010d\u010di riit\u00e4. Leip\u00e4h tarvitah pettuo. Rokot \u0161urmatah \u0161iit\u00e4hki lapsie. Miehet m\u00e4nn\u00e4h talvek\u0161i laukkukaupalla \u0160uomeh \u2013 tahi Ruo\u010d\u010dih niinku \u0161anotah \u2013 rahua tienuamah. Starikat ji\u00e4h\u00e4h perehien turvak\u0161i. Naiset ta akat hoijetah perehet, kojit, \u0161iivatat. Talvet ollah kylm\u00e4t ta lumikkahat. \u00a0Kon\u0161a pimie tulou, issutah pirttil\u00f6iss\u00e4 p\u00e4revalkiella kesry\u00e4m\u00e4\u0161\u0161\u00e4, karttuama\u0161\u0161a, tikuttama\u0161\u0161a, kankahie kutoma\u0161\u0161a, ompelema\u0161\u0161a ko\u0161\u0161ot, vei\u0161tel\u00f6m\u00e4\u0161\u0161\u00e4, pakajama\u0161\u0161a, kisuama\u0161\u0161a. Ta vuotetah, jotta p\u00e4iv\u00e4t pitet\u00e4h ta miehet tullah kotih.<\/p>\n<p>Kevy\u00e4ll\u00e4 kauppamiehet my\u00f6\u0161\u0161yt\u00e4h matoiltah kaunehet kankahat, nypl\u00e4set mata\u0161\u0161ah. Ruato alkau peltoloilla, muata vil&#8217;l&#8217;ell\u00e4h, vierr\u00e4h ta poltetah ka\u0161kie, talkoholla luajitah mit\u00e4 ni tarvitah. \u00a0\u00d6ijen valo\u0161\u0161a k\u00e4yv\u00e4h kalalla. Kon\u0161a ke\u0161\u00e4 kiert\u00e4y \u0161yky\u0161yh p\u00e4in, ker\u00e4t\u00e4h \u0161atuo niin peltoloilta kuin me\u010dist\u00e4.\u00a0 Kaunehena iltana \u0161ek\u00e4 pyh\u00e4n\u00e4pi\u00e4n\u00e4 ker\u00e4yvyt\u00e4h Kuittij\u00e4rven rannalla kultasella liettiell\u00e4, uijah, starinoijah, kisatah. Ke\u0161\u00e4ll\u00e4 niise on aika prua\u0161nuija \u0161ek\u00e4 h\u00e4it\u00e4 jotta Petrunp\u00e4ivy\u00e4.<\/p>\n<p>Iivana Ananienpoika Klementjev, vuotena 1827 \u0161yntyn tuatoni ukko, ka\u0161vau, ottau naisek\u0161i Matro Kiril\u00e4ntytt\u00e4ren Tihanovien \u0161uure\u0161ta heimo\u0161ta Lamminpohja\u0161ta, el\u00e4m\u00e4h ta ka\u0161vattamah pereht\u00e4 Likopi\u00e4\u0161\u0161\u00e4, Ananien talo\u0161\u0161a Keski-Kuittij\u00e4rven kotiranna\u0161\u0161a.<\/p>\n<div id=\"attachment_5173\" style=\"width: 310px\" class=\"wp-caption alignnone\"><img loading=\"lazy\" decoding=\"async\" aria-describedby=\"caption-attachment-5173\" class=\"size-medium wp-image-5173\" src=\"https:\/\/blogs.uef.fi\/karjalanelvytys\/wp-content\/uploads\/sites\/155\/2022\/04\/kormusniemi-300x225.jpg\" alt=\"J\u00e4rvi. Niemi.\" width=\"300\" height=\"225\" srcset=\"https:\/\/blogs.uef.fi\/karjalanelvytys\/wp-content\/uploads\/sites\/155\/2022\/04\/kormusniemi-300x225.jpg 300w, https:\/\/blogs.uef.fi\/karjalanelvytys\/wp-content\/uploads\/sites\/155\/2022\/04\/kormusniemi-1024x768.jpg 1024w, https:\/\/blogs.uef.fi\/karjalanelvytys\/wp-content\/uploads\/sites\/155\/2022\/04\/kormusniemi-768x576.jpg 768w, https:\/\/blogs.uef.fi\/karjalanelvytys\/wp-content\/uploads\/sites\/155\/2022\/04\/kormusniemi-1536x1152.jpg 1536w, https:\/\/blogs.uef.fi\/karjalanelvytys\/wp-content\/uploads\/sites\/155\/2022\/04\/kormusniemi-2048x1536.jpg 2048w\" sizes=\"auto, (max-width: 300px) 100vw, 300px\" \/><p id=\"caption-attachment-5173\" class=\"wp-caption-text\">Uhtuon Kormu\u0161niemi<\/p><\/div>\n<p>Kuva: Olga Karlova<\/p>\n","protected":false},"excerpt":{"rendered":"<p>Pirjo-Liisa Kotiranta tahi karjalaisittain Ananien Iivanan Puavilan Leon Pirjo on kirjuttan kuvittehellisen starinan oman vienalaisen Puavila-ukon uhtuolaise\u0161ta Ananien perehe\u0161t\u00e4. Kalliolan rahvahanopisson Vienankarjalan kur\u0161\u0161in kotiruatona oli k\u00e4ytty\u00e4 perehen inehmisien nimij\u00e4.\u00a0 Inehmiset ta nimet ollah oikiet, starinan Pirjo-Liisa on kek\u0161in. &nbsp; Starina Ananie Juutinpoika Klementjevist\u00e4 Uhtuon Likopi\u00e4\u0161t\u00e4 Tavallini ke\u0161\u00e4ni huomene\u0161. Linnut lauletah ok\u0161illa. Heponi hirnahtau nurmella. P\u00e4iv\u00e4ni [&hellip;]<\/p>\n","protected":false},"author":480,"featured_media":0,"parent":0,"menu_order":0,"comment_status":"closed","ping_status":"closed","template":"","meta":{"_acf_changed":false,"footnotes":""},"class_list":["post-5170","page","type-page","status-publish","hentry"],"acf":[],"yoast_head":"<!-- This site is optimized with the Yoast SEO plugin v27.1.1 - https:\/\/yoast.com\/product\/yoast-seo-wordpress\/ -->\n<title>Pirjo-Liisa Kotiranta: Starina Ananie Juutinpoika Klementjevist\u00e4 Uhtuon Likopi\u00e4\u0161t\u00e4 - Karjalan kielen elvytt\u00e4minen<\/title>\n<meta name=\"robots\" content=\"index, follow, max-snippet:-1, max-image-preview:large, max-video-preview:-1\" \/>\n<link rel=\"canonical\" href=\"https:\/\/blogs.uef.fi\/karjalanelvytys\/pirjo-liisa-kotiranta-starina-ananie-juutinpoika-klementjevista-uhtuon-likopiasta\/\" \/>\n<meta property=\"og:locale\" content=\"fi_FI\" \/>\n<meta property=\"og:type\" content=\"article\" \/>\n<meta property=\"og:title\" content=\"Pirjo-Liisa Kotiranta: Starina Ananie Juutinpoika Klementjevist\u00e4 Uhtuon Likopi\u00e4\u0161t\u00e4 - Karjalan kielen elvytt\u00e4minen\" \/>\n<meta property=\"og:description\" content=\"Pirjo-Liisa Kotiranta tahi karjalaisittain Ananien Iivanan Puavilan Leon Pirjo on kirjuttan kuvittehellisen starinan oman vienalaisen Puavila-ukon uhtuolaise\u0161ta Ananien perehe\u0161t\u00e4. Kalliolan rahvahanopisson Vienankarjalan kur\u0161\u0161in kotiruatona oli k\u00e4ytty\u00e4 perehen inehmisien nimij\u00e4.\u00a0 Inehmiset ta nimet ollah oikiet, starinan Pirjo-Liisa on kek\u0161in. &nbsp; Starina Ananie Juutinpoika Klementjevist\u00e4 Uhtuon Likopi\u00e4\u0161t\u00e4 Tavallini ke\u0161\u00e4ni huomene\u0161. Linnut lauletah ok\u0161illa. Heponi hirnahtau nurmella. P\u00e4iv\u00e4ni [&hellip;]\" \/>\n<meta property=\"og:url\" content=\"https:\/\/blogs.uef.fi\/karjalanelvytys\/pirjo-liisa-kotiranta-starina-ananie-juutinpoika-klementjevista-uhtuon-likopiasta\/\" \/>\n<meta property=\"og:site_name\" content=\"Karjalan kielen elvytt\u00e4minen\" \/>\n<meta property=\"article:modified_time\" content=\"2022-04-19T11:57:20+00:00\" \/>\n<meta property=\"og:image\" content=\"https:\/\/blogs.uef.fi\/karjalanelvytys\/wp-content\/uploads\/sites\/155\/2022\/04\/kormusniemi-300x225.jpg\" \/>\n<meta name=\"twitter:card\" content=\"summary_large_image\" \/>\n<meta name=\"twitter:label1\" content=\"Arvioitu lukuaika\" \/>\n\t<meta name=\"twitter:data1\" content=\"6 minuuttia\" \/>\n<script type=\"application\/ld+json\" class=\"yoast-schema-graph\">{\"@context\":\"https:\/\/schema.org\",\"@graph\":[{\"@type\":\"WebPage\",\"@id\":\"https:\/\/blogs.uef.fi\/karjalanelvytys\/pirjo-liisa-kotiranta-starina-ananie-juutinpoika-klementjevista-uhtuon-likopiasta\/\",\"url\":\"https:\/\/blogs.uef.fi\/karjalanelvytys\/pirjo-liisa-kotiranta-starina-ananie-juutinpoika-klementjevista-uhtuon-likopiasta\/\",\"name\":\"Pirjo-Liisa Kotiranta: Starina Ananie Juutinpoika Klementjevist\u00e4 Uhtuon Likopi\u00e4\u0161t\u00e4 - Karjalan kielen elvytt\u00e4minen\",\"isPartOf\":{\"@id\":\"https:\/\/blogs.uef.fi\/karjalanelvytys\/#website\"},\"primaryImageOfPage\":{\"@id\":\"https:\/\/blogs.uef.fi\/karjalanelvytys\/pirjo-liisa-kotiranta-starina-ananie-juutinpoika-klementjevista-uhtuon-likopiasta\/#primaryimage\"},\"image\":{\"@id\":\"https:\/\/blogs.uef.fi\/karjalanelvytys\/pirjo-liisa-kotiranta-starina-ananie-juutinpoika-klementjevista-uhtuon-likopiasta\/#primaryimage\"},\"thumbnailUrl\":\"https:\/\/blogs.uef.fi\/karjalanelvytys\/wp-content\/uploads\/sites\/155\/2022\/04\/kormusniemi-300x225.jpg\",\"datePublished\":\"2022-04-19T11:41:58+00:00\",\"dateModified\":\"2022-04-19T11:57:20+00:00\",\"breadcrumb\":{\"@id\":\"https:\/\/blogs.uef.fi\/karjalanelvytys\/pirjo-liisa-kotiranta-starina-ananie-juutinpoika-klementjevista-uhtuon-likopiasta\/#breadcrumb\"},\"inLanguage\":\"fi\",\"potentialAction\":[{\"@type\":\"ReadAction\",\"target\":[\"https:\/\/blogs.uef.fi\/karjalanelvytys\/pirjo-liisa-kotiranta-starina-ananie-juutinpoika-klementjevista-uhtuon-likopiasta\/\"]}]},{\"@type\":\"ImageObject\",\"inLanguage\":\"fi\",\"@id\":\"https:\/\/blogs.uef.fi\/karjalanelvytys\/pirjo-liisa-kotiranta-starina-ananie-juutinpoika-klementjevista-uhtuon-likopiasta\/#primaryimage\",\"url\":\"https:\/\/blogs.uef.fi\/karjalanelvytys\/wp-content\/uploads\/sites\/155\/2022\/04\/kormusniemi-300x225.jpg\",\"contentUrl\":\"https:\/\/blogs.uef.fi\/karjalanelvytys\/wp-content\/uploads\/sites\/155\/2022\/04\/kormusniemi-300x225.jpg\"},{\"@type\":\"BreadcrumbList\",\"@id\":\"https:\/\/blogs.uef.fi\/karjalanelvytys\/pirjo-liisa-kotiranta-starina-ananie-juutinpoika-klementjevista-uhtuon-likopiasta\/#breadcrumb\",\"itemListElement\":[{\"@type\":\"ListItem\",\"position\":1,\"name\":\"Home\",\"item\":\"https:\/\/blogs.uef.fi\/karjalanelvytys\/\"},{\"@type\":\"ListItem\",\"position\":2,\"name\":\"Pirjo-Liisa Kotiranta: Starina Ananie Juutinpoika Klementjevist\u00e4 Uhtuon Likopi\u00e4\u0161t\u00e4\"}]},{\"@type\":\"WebSite\",\"@id\":\"https:\/\/blogs.uef.fi\/karjalanelvytys\/#website\",\"url\":\"https:\/\/blogs.uef.fi\/karjalanelvytys\/\",\"name\":\"Karjalan kielen elvytt\u00e4minen\",\"description\":\"\",\"potentialAction\":[{\"@type\":\"SearchAction\",\"target\":{\"@type\":\"EntryPoint\",\"urlTemplate\":\"https:\/\/blogs.uef.fi\/karjalanelvytys\/?s={search_term_string}\"},\"query-input\":{\"@type\":\"PropertyValueSpecification\",\"valueRequired\":true,\"valueName\":\"search_term_string\"}}],\"inLanguage\":\"fi\"}]}<\/script>\n<!-- \/ Yoast SEO plugin. -->","yoast_head_json":{"title":"Pirjo-Liisa Kotiranta: Starina Ananie Juutinpoika Klementjevist\u00e4 Uhtuon Likopi\u00e4\u0161t\u00e4 - Karjalan kielen elvytt\u00e4minen","robots":{"index":"index","follow":"follow","max-snippet":"max-snippet:-1","max-image-preview":"max-image-preview:large","max-video-preview":"max-video-preview:-1"},"canonical":"https:\/\/blogs.uef.fi\/karjalanelvytys\/pirjo-liisa-kotiranta-starina-ananie-juutinpoika-klementjevista-uhtuon-likopiasta\/","og_locale":"fi_FI","og_type":"article","og_title":"Pirjo-Liisa Kotiranta: Starina Ananie Juutinpoika Klementjevist\u00e4 Uhtuon Likopi\u00e4\u0161t\u00e4 - Karjalan kielen elvytt\u00e4minen","og_description":"Pirjo-Liisa Kotiranta tahi karjalaisittain Ananien Iivanan Puavilan Leon Pirjo on kirjuttan kuvittehellisen starinan oman vienalaisen Puavila-ukon uhtuolaise\u0161ta Ananien perehe\u0161t\u00e4. Kalliolan rahvahanopisson Vienankarjalan kur\u0161\u0161in kotiruatona oli k\u00e4ytty\u00e4 perehen inehmisien nimij\u00e4.\u00a0 Inehmiset ta nimet ollah oikiet, starinan Pirjo-Liisa on kek\u0161in. &nbsp; Starina Ananie Juutinpoika Klementjevist\u00e4 Uhtuon Likopi\u00e4\u0161t\u00e4 Tavallini ke\u0161\u00e4ni huomene\u0161. Linnut lauletah ok\u0161illa. Heponi hirnahtau nurmella. P\u00e4iv\u00e4ni [&hellip;]","og_url":"https:\/\/blogs.uef.fi\/karjalanelvytys\/pirjo-liisa-kotiranta-starina-ananie-juutinpoika-klementjevista-uhtuon-likopiasta\/","og_site_name":"Karjalan kielen elvytt\u00e4minen","article_modified_time":"2022-04-19T11:57:20+00:00","og_image":[{"url":"https:\/\/blogs.uef.fi\/karjalanelvytys\/wp-content\/uploads\/sites\/155\/2022\/04\/kormusniemi-300x225.jpg","type":"","width":"","height":""}],"twitter_card":"summary_large_image","twitter_misc":{"Arvioitu lukuaika":"6 minuuttia"},"schema":{"@context":"https:\/\/schema.org","@graph":[{"@type":"WebPage","@id":"https:\/\/blogs.uef.fi\/karjalanelvytys\/pirjo-liisa-kotiranta-starina-ananie-juutinpoika-klementjevista-uhtuon-likopiasta\/","url":"https:\/\/blogs.uef.fi\/karjalanelvytys\/pirjo-liisa-kotiranta-starina-ananie-juutinpoika-klementjevista-uhtuon-likopiasta\/","name":"Pirjo-Liisa Kotiranta: Starina Ananie Juutinpoika Klementjevist\u00e4 Uhtuon Likopi\u00e4\u0161t\u00e4 - Karjalan kielen elvytt\u00e4minen","isPartOf":{"@id":"https:\/\/blogs.uef.fi\/karjalanelvytys\/#website"},"primaryImageOfPage":{"@id":"https:\/\/blogs.uef.fi\/karjalanelvytys\/pirjo-liisa-kotiranta-starina-ananie-juutinpoika-klementjevista-uhtuon-likopiasta\/#primaryimage"},"image":{"@id":"https:\/\/blogs.uef.fi\/karjalanelvytys\/pirjo-liisa-kotiranta-starina-ananie-juutinpoika-klementjevista-uhtuon-likopiasta\/#primaryimage"},"thumbnailUrl":"https:\/\/blogs.uef.fi\/karjalanelvytys\/wp-content\/uploads\/sites\/155\/2022\/04\/kormusniemi-300x225.jpg","datePublished":"2022-04-19T11:41:58+00:00","dateModified":"2022-04-19T11:57:20+00:00","breadcrumb":{"@id":"https:\/\/blogs.uef.fi\/karjalanelvytys\/pirjo-liisa-kotiranta-starina-ananie-juutinpoika-klementjevista-uhtuon-likopiasta\/#breadcrumb"},"inLanguage":"fi","potentialAction":[{"@type":"ReadAction","target":["https:\/\/blogs.uef.fi\/karjalanelvytys\/pirjo-liisa-kotiranta-starina-ananie-juutinpoika-klementjevista-uhtuon-likopiasta\/"]}]},{"@type":"ImageObject","inLanguage":"fi","@id":"https:\/\/blogs.uef.fi\/karjalanelvytys\/pirjo-liisa-kotiranta-starina-ananie-juutinpoika-klementjevista-uhtuon-likopiasta\/#primaryimage","url":"https:\/\/blogs.uef.fi\/karjalanelvytys\/wp-content\/uploads\/sites\/155\/2022\/04\/kormusniemi-300x225.jpg","contentUrl":"https:\/\/blogs.uef.fi\/karjalanelvytys\/wp-content\/uploads\/sites\/155\/2022\/04\/kormusniemi-300x225.jpg"},{"@type":"BreadcrumbList","@id":"https:\/\/blogs.uef.fi\/karjalanelvytys\/pirjo-liisa-kotiranta-starina-ananie-juutinpoika-klementjevista-uhtuon-likopiasta\/#breadcrumb","itemListElement":[{"@type":"ListItem","position":1,"name":"Home","item":"https:\/\/blogs.uef.fi\/karjalanelvytys\/"},{"@type":"ListItem","position":2,"name":"Pirjo-Liisa Kotiranta: Starina Ananie Juutinpoika Klementjevist\u00e4 Uhtuon Likopi\u00e4\u0161t\u00e4"}]},{"@type":"WebSite","@id":"https:\/\/blogs.uef.fi\/karjalanelvytys\/#website","url":"https:\/\/blogs.uef.fi\/karjalanelvytys\/","name":"Karjalan kielen elvytt\u00e4minen","description":"","potentialAction":[{"@type":"SearchAction","target":{"@type":"EntryPoint","urlTemplate":"https:\/\/blogs.uef.fi\/karjalanelvytys\/?s={search_term_string}"},"query-input":{"@type":"PropertyValueSpecification","valueRequired":true,"valueName":"search_term_string"}}],"inLanguage":"fi"}]}},"_links":{"self":[{"href":"https:\/\/blogs.uef.fi\/karjalanelvytys\/wp-json\/wp\/v2\/pages\/5170","targetHints":{"allow":["GET"]}}],"collection":[{"href":"https:\/\/blogs.uef.fi\/karjalanelvytys\/wp-json\/wp\/v2\/pages"}],"about":[{"href":"https:\/\/blogs.uef.fi\/karjalanelvytys\/wp-json\/wp\/v2\/types\/page"}],"author":[{"embeddable":true,"href":"https:\/\/blogs.uef.fi\/karjalanelvytys\/wp-json\/wp\/v2\/users\/480"}],"replies":[{"embeddable":true,"href":"https:\/\/blogs.uef.fi\/karjalanelvytys\/wp-json\/wp\/v2\/comments?post=5170"}],"version-history":[{"count":2,"href":"https:\/\/blogs.uef.fi\/karjalanelvytys\/wp-json\/wp\/v2\/pages\/5170\/revisions"}],"predecessor-version":[{"id":5188,"href":"https:\/\/blogs.uef.fi\/karjalanelvytys\/wp-json\/wp\/v2\/pages\/5170\/revisions\/5188"}],"wp:attachment":[{"href":"https:\/\/blogs.uef.fi\/karjalanelvytys\/wp-json\/wp\/v2\/media?parent=5170"}],"curies":[{"name":"wp","href":"https:\/\/api.w.org\/{rel}","templated":true}]}}