{"id":5037,"date":"2022-04-12T10:19:29","date_gmt":"2022-04-12T07:19:29","guid":{"rendered":"https:\/\/blogs.uef.fi\/karjalanelvytys\/?page_id=5037"},"modified":"2025-02-10T11:14:26","modified_gmt":"2025-02-10T09:14:26","slug":"opastujan-paiva-kuvina","status":"publish","type":"page","link":"https:\/\/blogs.uef.fi\/karjalanelvytys\/opastujan-paiva-kuvina\/","title":{"rendered":"Opa\u0161tujan p\u00e4iv\u00e4 kuvina"},"content":{"rendered":"<p>Alkuper\u00e4sen tekstin kirjuttaja on jo valmistunut TtM, laillistettu ravitsemusterapeutti <strong>Maija Ristim\u00e4ki<\/strong>.<\/p>\n<p>Vienankarjalak\u0161i ki\u00e4nt\u00e4j\u00e4: <strong>Olga Karlova<\/strong><\/p>\n<p><strong>Opa\u0161tujan p\u00e4iv\u00e4 kuvina <\/strong><\/p>\n<p>Ery\u00e4h\u00e4n\u00e4 huomene\u0161luvennolla smietin, kuin mukava ois o\u0161uttua teil\u00e4, mit\u00e4 kaikkie miun p\u00e4iv\u00e4h mahtuu. Ajattelin ker\u00e4t\u00e4 tukkuh pienen kuvakolla\u017ein, milt\u00e4 miun perintehini p\u00e4iv\u00e4 n\u00e4ytt\u00e4y \u0161yomistiijon magisteriopintoloissa. T\u00e4\u0161\u0161\u00e4 kuvien avulla pi\u00e4\u0161ett\u00e4 \u010dukeltamah miun en\u0161imm\u00e4isaren hommiloih.<\/p>\n<p><img loading=\"lazy\" decoding=\"async\" class=\"alignnone size-medium wp-image-5043\" src=\"https:\/\/blogs.uef.fi\/karjalanelvytys\/wp-content\/uploads\/sites\/155\/2022\/04\/opiskelijan-paiva_1-1-300x300.jpg\" alt=\"Opiskelijan p\u00e4iv\u00e4. Koulussa.\" width=\"300\" height=\"300\" srcset=\"https:\/\/blogs.uef.fi\/karjalanelvytys\/wp-content\/uploads\/sites\/155\/2022\/04\/opiskelijan-paiva_1-1-300x300.jpg 300w, https:\/\/blogs.uef.fi\/karjalanelvytys\/wp-content\/uploads\/sites\/155\/2022\/04\/opiskelijan-paiva_1-1-1024x1024.jpg 1024w, https:\/\/blogs.uef.fi\/karjalanelvytys\/wp-content\/uploads\/sites\/155\/2022\/04\/opiskelijan-paiva_1-1-150x150.jpg 150w, https:\/\/blogs.uef.fi\/karjalanelvytys\/wp-content\/uploads\/sites\/155\/2022\/04\/opiskelijan-paiva_1-1-768x768.jpg 768w, https:\/\/blogs.uef.fi\/karjalanelvytys\/wp-content\/uploads\/sites\/155\/2022\/04\/opiskelijan-paiva_1-1-1536x1536.jpg 1536w, https:\/\/blogs.uef.fi\/karjalanelvytys\/wp-content\/uploads\/sites\/155\/2022\/04\/opiskelijan-paiva_1-1-2048x2048.jpg 2048w, https:\/\/blogs.uef.fi\/karjalanelvytys\/wp-content\/uploads\/sites\/155\/2022\/04\/opiskelijan-paiva_1-1-100x100.jpg 100w\" sizes=\"auto, (max-width: 300px) 100vw, 300px\" \/><\/p>\n<p><em>1. Huomene\u0161 kaiki\u010d\u010di alkau hutulla. Hutun hyv\u00e4t tovarissat ollah ke\u0161\u00e4ll\u00e4 n\u2019okitut smorodinat, pellavahan\u0161iemenrouhintahini ta ruahjuu\u0161to. Varma \u0161evo\u0161, kumpaista voit \u0161yyvv\u00e4 p\u00e4iv\u00e4 toisen per\u00e4h. A \u0161en vitamiinimi\u00e4ry\u00e4! Huomene\u0161veron kaverina ka\u010d\u010delen digihesarie (passipo muamolla!), hyvy\u00e4 luatiu korttieritovarissan kirka\u0161valolamppu. \/\/ 2. Opa\u0161tumiset ollah t\u00e4yvet uutta ta mukavua tietuo. Meil\u00e4 on ollun \u00e4ij\u00e4lti eri luvennonpit\u00e4jie, ta on ollun mieleh kuulla eri alan muasterija. Tietokoneh kulkou mata\u0161\u0161ani joka p\u00e4iv\u00e4. \/\/ 3. Meij\u00e4n ainehj\u00e4rje\u0161\u0161\u00f6n huonehen kahvinkeitin on \u0161uvattu vehkeh, my\u00f6t\u00e4h\u00e4\u0161 ryyppy\u00e4mm\u00e4 kahvie opa\u0161\u0161u\u0161kaverien kera luventojen v\u00e4liss\u00e4. Ihan para\u0161 kotvani, kun \u0161uau nakrua ta lev\u00e4hty\u00e4 ke\u0161ell\u00e4 opa\u0161\u0161u\u0161p\u00e4ivy\u00e4 hyv\u00e4\u010d\u010d\u00e4isen kaverijoukon kera. Kun \u0161attunou kiireh, nappuamma kahvikupillisen matkah luvennolla. Tai \u0161illoin kun tarvi\u010d\u010dou ekstrapor\u010d\u010dien kofeiinie. \/\/ 4. T\u00e4n\u00e4 \u0161yky\u0161yn\u00e4 \u0161y\u00f6misterapijaopa\u0161\u0161uk\u0161en my\u00f6te olemma pi\u00e4\u0161\u0161yn luatimah \u00e4ij\u00e4 kaikenmoista juttuo. Kuva\u0161\u0161a miun huonehtovarissa mittuau veren\u0161okerie diabetikoilla tarkotetulla veren\u0161okerimittarilla. Olemma niisi ollun opa\u0161\u0161untakeittij\u00f6\u0161\u0161\u00e4 tuttavu\u0161tuma\u0161\u0161a erinmoisih einehih ta tuottehih tai niijen ominaisuk\u0161ih.<\/em><\/p>\n<p><img loading=\"lazy\" decoding=\"async\" class=\"alignnone size-medium wp-image-5046\" src=\"https:\/\/blogs.uef.fi\/karjalanelvytys\/wp-content\/uploads\/sites\/155\/2022\/04\/opiskelijan-paiva_2-300x300.jpg\" alt=\"Opiskelijan p\u00e4iv\u00e4. Kotona.\" width=\"300\" height=\"300\" srcset=\"https:\/\/blogs.uef.fi\/karjalanelvytys\/wp-content\/uploads\/sites\/155\/2022\/04\/opiskelijan-paiva_2-300x300.jpg 300w, https:\/\/blogs.uef.fi\/karjalanelvytys\/wp-content\/uploads\/sites\/155\/2022\/04\/opiskelijan-paiva_2-1024x1024.jpg 1024w, https:\/\/blogs.uef.fi\/karjalanelvytys\/wp-content\/uploads\/sites\/155\/2022\/04\/opiskelijan-paiva_2-150x150.jpg 150w, https:\/\/blogs.uef.fi\/karjalanelvytys\/wp-content\/uploads\/sites\/155\/2022\/04\/opiskelijan-paiva_2-768x768.jpg 768w, https:\/\/blogs.uef.fi\/karjalanelvytys\/wp-content\/uploads\/sites\/155\/2022\/04\/opiskelijan-paiva_2-1536x1536.jpg 1536w, https:\/\/blogs.uef.fi\/karjalanelvytys\/wp-content\/uploads\/sites\/155\/2022\/04\/opiskelijan-paiva_2-2048x2048.jpg 2048w, https:\/\/blogs.uef.fi\/karjalanelvytys\/wp-content\/uploads\/sites\/155\/2022\/04\/opiskelijan-paiva_2-100x100.jpg 100w\" sizes=\"auto, (max-width: 300px) 100vw, 300px\" \/><\/p>\n<p><em>1. Kotih opa\u0161\u0161uk\u0161en j\u00e4lkeh. T\u00e4n\u00e4 \u0161yky\u0161yn\u00e4 olen mielell\u00e4h a\u0161tun koulumatat. Tavan mukah ajan py\u00f6r\u00e4ll\u00e4, ka rauhallise\u0161ta k\u00e4velenn\u00e4\u0161t\u00e4 ennein opa\u0161\u0161u\u0161ta ta \u0161en j\u00e4lkeh on tullun hyv\u00e4 p\u00e4iv\u00e4n henk\u00e4hy\u0161kotvani. \/\/ 2. V\u00e4lipala! Ho\u0161 yliopisson restoranissa ni \u0161uau hyv\u00e4n murkinan, on kuiteski kotih tulle\u0161\u0161a tua\u0161 n\u00e4lk\u00e4. Moni\u010d\u010di ensi h\u00e4t\u00e4h py\u00f6r\u00e4hyt\u00e4n smuuzin tahi \u0161y\u00f6n pari leipy\u00e4 tahi riissum\u00f6ykky\u00f6. Ta <\/em><em>sa\u010d\u010dumat on oltu ylen makiet t\u00e4n\u00e4 \u0161yky\u0161yn\u00e4! \/\/ 3. <\/em><em>Valmis smuuzi luuvvalla (no ei nyt kaiki\u010d\u010di n\u00e4yt\u00e4 noin niep\u0161ielt\u00e4 ta i\u010dkin to\u010dkin varu\u0161\u0161etulta&#8230;). \/\/ 4. Koissa luajin opa\u0161\u0161u\u0161teht\u00e4vie, va\u0161tualen \u0161\u00e4hk\u00f6po\u0161tiloih tahi valmistauvun nousijah opa\u0161\u0161u\u0161p\u00e4iv\u00e4h. \u0160y\u00f6misterapijaopa\u0161\u0161untah kuuluu v\u00e4kitukku etuk\u00e4teh luvettavua materijalie, min kera olen \u0161uanun moniehan illan kaklakkah istuo. Olen kyll\u00e4 ihan hyvill\u00e4ni \u0161iit\u00e4, jotta koissa \u0161uau tuttavu\u0161tuo tulijah tiemah ennen var\u0161inaisie luventoja. <\/em><\/p>\n<p><img loading=\"lazy\" decoding=\"async\" class=\"alignnone size-medium wp-image-5049\" src=\"https:\/\/blogs.uef.fi\/karjalanelvytys\/wp-content\/uploads\/sites\/155\/2022\/04\/opiskelijan-paiva_3-300x300.jpg\" alt=\"Opiskelijan p\u00e4iv\u00e4. Harrastukset.\" width=\"300\" height=\"300\" srcset=\"https:\/\/blogs.uef.fi\/karjalanelvytys\/wp-content\/uploads\/sites\/155\/2022\/04\/opiskelijan-paiva_3-300x300.jpg 300w, https:\/\/blogs.uef.fi\/karjalanelvytys\/wp-content\/uploads\/sites\/155\/2022\/04\/opiskelijan-paiva_3-1024x1024.jpg 1024w, https:\/\/blogs.uef.fi\/karjalanelvytys\/wp-content\/uploads\/sites\/155\/2022\/04\/opiskelijan-paiva_3-150x150.jpg 150w, https:\/\/blogs.uef.fi\/karjalanelvytys\/wp-content\/uploads\/sites\/155\/2022\/04\/opiskelijan-paiva_3-768x768.jpg 768w, https:\/\/blogs.uef.fi\/karjalanelvytys\/wp-content\/uploads\/sites\/155\/2022\/04\/opiskelijan-paiva_3-1536x1536.jpg 1536w, https:\/\/blogs.uef.fi\/karjalanelvytys\/wp-content\/uploads\/sites\/155\/2022\/04\/opiskelijan-paiva_3-2048x2048.jpg 2048w, https:\/\/blogs.uef.fi\/karjalanelvytys\/wp-content\/uploads\/sites\/155\/2022\/04\/opiskelijan-paiva_3-100x100.jpg 100w\" sizes=\"auto, (max-width: 300px) 100vw, 300px\" \/><\/p>\n<ol>\n<li><em>Mie ta koko Kuopioel\u00e4m\u00e4n, elikk\u00e4 pi\u00e4ll\u00e4 nell\u00e4n vuuvven, mata\u0161\u0161ani kulkenut Lidlist\u00e4 o\u0161\u0161ettu pal\u2019mavehka (vain ollouko vehkapal\u2019ma?). T\u00e4m\u00e4 \u010duutoka\u0161vi on kolmeh muuttoh ta pitkih loma-aikoih ka\u010d\u010domatta pisyn henkiss\u00e4, \u0161ent\u00e4h \u0161e a\u0161ni\u010d\u010dou erityisen maininnan t\u00e4\u0161\u0161\u00e4 postauk\u0161e\u0161\u0161a. \/\/ 2. Koissa \u0161y\u00f6n kunnon iltasen ennein tahi j\u00e4lkeh p\u00e4iv\u00e4n trenirovkan. Tavallise\u0161ti luuvvalla pi\u00e4\u0161\u0161\u00e4h helpposet \u0161y\u00f6miset, kuin erimoiset vokit-ragut, mih voipi tropnie kaikkie mit\u00e4 \u0161kuapista l\u00f6ytyy. V\u00e4lill\u00e4 ka\u0161visruokua tulou \u0161yyvv\u00e4 hairivo\u0161\u0161a montaki net\u00e4lie per\u00e4kk\u00e4h, broileri on niisi tuttava ta turvallini \u0161y\u00f6mini hiilihydrattil\u00e4htehell\u00e4 h\u00f6y\u0161\u0161ettyn\u00e4, ollou ruokaly\u0161ti kateissa. \/\/ 3. En\u0161iarki-iltasin k\u00e4yn kaverin kera akrobatikkah, kummaista j\u00e4rje\u0161t\u00e4y Kuopion reipa\u0161. \u0160iel\u00e4 pi\u00e4\u0161\u00f6y ylitt\u00e4m\u00e4h i\u010d\u010die melki joka kerta. Viime aikoih olemma harjotellun vaikka vallan mimmosie akrobattisie temppuja. Vot! \/\/ 4. Tykky\u00e4n \u0161yky\u0161y\u00f6 vuuvvenaikana, ka t\u00e4m\u00e4 \u0161yky\u0161y oli jykie elett\u00e4v\u00e4, kun pimie aika on ollun entist\u00e4ki pimiempi. J\u00e4lkimm\u00e4iset kuukauvet p\u00e4iv\u00e4ni on pisyn hyv\u00e4\u0161\u0161\u00e4 peito\u0161\u0161a Kuopio\u0161\u0161a. Hyv\u00e4 kun p\u00e4iv\u00e4 rupieu kohta pitken\u00f6m\u00e4h, kevy\u00e4h p\u00e4in vet m\u00e4nemm\u00e4. \u0160uva\u010den kuitenkis pimie\u010d\u010d\u00e4isie iltoja, kon\u0161a \u0161uau panna kynttyl\u00e4t ta mielt\u00e4 l\u00e4mmitt\u00e4j\u00e4t valot palamah, niijen pilkitty\u00e4ss\u00e4 on koissa mukava olla. <\/em><\/li>\n<\/ol>\n<p>Her\u00e4ttik\u00f6 peru\u0161opa\u0161tujan en\u0161imm\u00e4isarki ky\u0161ymyk\u0161ie? Onko \u0161y\u00f6mistiijon opa\u0161\u0161unta \u0161emmoni, kuin ajattelit? Kerro miula kommenttiloissa ajatuk\u0161ie!<\/p>\n<p>Yll\u00e4 olija teksti\u00a0 on Opiskelijan p\u00e4iv\u00e4 kuvina -tekstin ki\u00e4nn\u00f6\u0161 karjalak\u0161i:\u00a0<a href=\"https:\/\/blogs.uef.fi\/ueflahettilaat\/2019\/12\/03\/opiskelijan-paiva-kuvina\/\">linkki suomenkieliseen tekstiin<\/a><\/p>\n","protected":false},"excerpt":{"rendered":"<p>Alkuper\u00e4sen tekstin kirjuttaja on jo valmistunut TtM, laillistettu ravitsemusterapeutti Maija Ristim\u00e4ki. Vienankarjalak\u0161i ki\u00e4nt\u00e4j\u00e4: Olga Karlova Opa\u0161tujan p\u00e4iv\u00e4 kuvina Ery\u00e4h\u00e4n\u00e4 huomene\u0161luvennolla smietin, kuin mukava ois o\u0161uttua teil\u00e4, mit\u00e4 kaikkie miun p\u00e4iv\u00e4h mahtuu. Ajattelin ker\u00e4t\u00e4 tukkuh pienen kuvakolla\u017ein, milt\u00e4 miun perintehini p\u00e4iv\u00e4 n\u00e4ytt\u00e4y \u0161yomistiijon magisteriopintoloissa. T\u00e4\u0161\u0161\u00e4 kuvien avulla pi\u00e4\u0161ett\u00e4 \u010dukeltamah miun en\u0161imm\u00e4isaren hommiloih. 1. Huomene\u0161 kaiki\u010d\u010di alkau [&hellip;]<\/p>\n","protected":false},"author":480,"featured_media":0,"parent":0,"menu_order":0,"comment_status":"closed","ping_status":"closed","template":"","meta":{"_acf_changed":false,"footnotes":""},"class_list":["post-5037","page","type-page","status-publish","hentry"],"acf":[],"yoast_head":"<!-- This site is optimized with the Yoast SEO plugin v27.1.1 - https:\/\/yoast.com\/product\/yoast-seo-wordpress\/ -->\n<title>Opa\u0161tujan p\u00e4iv\u00e4 kuvina - Karjalan kielen elvytt\u00e4minen<\/title>\n<meta name=\"robots\" content=\"index, follow, max-snippet:-1, max-image-preview:large, max-video-preview:-1\" \/>\n<link rel=\"canonical\" href=\"https:\/\/blogs.uef.fi\/karjalanelvytys\/opastujan-paiva-kuvina\/\" \/>\n<meta property=\"og:locale\" content=\"fi_FI\" \/>\n<meta property=\"og:type\" content=\"article\" \/>\n<meta property=\"og:title\" content=\"Opa\u0161tujan p\u00e4iv\u00e4 kuvina - Karjalan kielen elvytt\u00e4minen\" \/>\n<meta property=\"og:description\" content=\"Alkuper\u00e4sen tekstin kirjuttaja on jo valmistunut TtM, laillistettu ravitsemusterapeutti Maija Ristim\u00e4ki. Vienankarjalak\u0161i ki\u00e4nt\u00e4j\u00e4: Olga Karlova Opa\u0161tujan p\u00e4iv\u00e4 kuvina Ery\u00e4h\u00e4n\u00e4 huomene\u0161luvennolla smietin, kuin mukava ois o\u0161uttua teil\u00e4, mit\u00e4 kaikkie miun p\u00e4iv\u00e4h mahtuu. Ajattelin ker\u00e4t\u00e4 tukkuh pienen kuvakolla\u017ein, milt\u00e4 miun perintehini p\u00e4iv\u00e4 n\u00e4ytt\u00e4y \u0161yomistiijon magisteriopintoloissa. T\u00e4\u0161\u0161\u00e4 kuvien avulla pi\u00e4\u0161ett\u00e4 \u010dukeltamah miun en\u0161imm\u00e4isaren hommiloih. 1. Huomene\u0161 kaiki\u010d\u010di alkau [&hellip;]\" \/>\n<meta property=\"og:url\" content=\"https:\/\/blogs.uef.fi\/karjalanelvytys\/opastujan-paiva-kuvina\/\" \/>\n<meta property=\"og:site_name\" content=\"Karjalan kielen elvytt\u00e4minen\" \/>\n<meta property=\"article:modified_time\" content=\"2025-02-10T09:14:26+00:00\" \/>\n<meta property=\"og:image\" content=\"https:\/\/blogs.uef.fi\/karjalanelvytys\/wp-content\/uploads\/sites\/155\/2022\/04\/opiskelijan-paiva_1-1-scaled.jpg\" \/>\n\t<meta property=\"og:image:width\" content=\"2560\" \/>\n\t<meta property=\"og:image:height\" content=\"2560\" \/>\n\t<meta property=\"og:image:type\" content=\"image\/jpeg\" \/>\n<meta name=\"twitter:card\" content=\"summary_large_image\" \/>\n<meta name=\"twitter:label1\" content=\"Arvioitu lukuaika\" \/>\n\t<meta name=\"twitter:data1\" content=\"4 minuuttia\" \/>\n<script type=\"application\/ld+json\" class=\"yoast-schema-graph\">{\"@context\":\"https:\/\/schema.org\",\"@graph\":[{\"@type\":\"WebPage\",\"@id\":\"https:\/\/blogs.uef.fi\/karjalanelvytys\/opastujan-paiva-kuvina\/\",\"url\":\"https:\/\/blogs.uef.fi\/karjalanelvytys\/opastujan-paiva-kuvina\/\",\"name\":\"Opa\u0161tujan p\u00e4iv\u00e4 kuvina - Karjalan kielen elvytt\u00e4minen\",\"isPartOf\":{\"@id\":\"https:\/\/blogs.uef.fi\/karjalanelvytys\/#website\"},\"primaryImageOfPage\":{\"@id\":\"https:\/\/blogs.uef.fi\/karjalanelvytys\/opastujan-paiva-kuvina\/#primaryimage\"},\"image\":{\"@id\":\"https:\/\/blogs.uef.fi\/karjalanelvytys\/opastujan-paiva-kuvina\/#primaryimage\"},\"thumbnailUrl\":\"https:\/\/blogs.uef.fi\/karjalanelvytys\/wp-content\/uploads\/sites\/155\/2022\/04\/opiskelijan-paiva_1-1-300x300.jpg\",\"datePublished\":\"2022-04-12T07:19:29+00:00\",\"dateModified\":\"2025-02-10T09:14:26+00:00\",\"breadcrumb\":{\"@id\":\"https:\/\/blogs.uef.fi\/karjalanelvytys\/opastujan-paiva-kuvina\/#breadcrumb\"},\"inLanguage\":\"fi\",\"potentialAction\":[{\"@type\":\"ReadAction\",\"target\":[\"https:\/\/blogs.uef.fi\/karjalanelvytys\/opastujan-paiva-kuvina\/\"]}]},{\"@type\":\"ImageObject\",\"inLanguage\":\"fi\",\"@id\":\"https:\/\/blogs.uef.fi\/karjalanelvytys\/opastujan-paiva-kuvina\/#primaryimage\",\"url\":\"https:\/\/blogs.uef.fi\/karjalanelvytys\/wp-content\/uploads\/sites\/155\/2022\/04\/opiskelijan-paiva_1-1-300x300.jpg\",\"contentUrl\":\"https:\/\/blogs.uef.fi\/karjalanelvytys\/wp-content\/uploads\/sites\/155\/2022\/04\/opiskelijan-paiva_1-1-300x300.jpg\"},{\"@type\":\"BreadcrumbList\",\"@id\":\"https:\/\/blogs.uef.fi\/karjalanelvytys\/opastujan-paiva-kuvina\/#breadcrumb\",\"itemListElement\":[{\"@type\":\"ListItem\",\"position\":1,\"name\":\"Home\",\"item\":\"https:\/\/blogs.uef.fi\/karjalanelvytys\/\"},{\"@type\":\"ListItem\",\"position\":2,\"name\":\"Opa\u0161tujan p\u00e4iv\u00e4 kuvina\"}]},{\"@type\":\"WebSite\",\"@id\":\"https:\/\/blogs.uef.fi\/karjalanelvytys\/#website\",\"url\":\"https:\/\/blogs.uef.fi\/karjalanelvytys\/\",\"name\":\"Karjalan kielen elvytt\u00e4minen\",\"description\":\"\",\"potentialAction\":[{\"@type\":\"SearchAction\",\"target\":{\"@type\":\"EntryPoint\",\"urlTemplate\":\"https:\/\/blogs.uef.fi\/karjalanelvytys\/?s={search_term_string}\"},\"query-input\":{\"@type\":\"PropertyValueSpecification\",\"valueRequired\":true,\"valueName\":\"search_term_string\"}}],\"inLanguage\":\"fi\"}]}<\/script>\n<!-- \/ Yoast SEO plugin. -->","yoast_head_json":{"title":"Opa\u0161tujan p\u00e4iv\u00e4 kuvina - Karjalan kielen elvytt\u00e4minen","robots":{"index":"index","follow":"follow","max-snippet":"max-snippet:-1","max-image-preview":"max-image-preview:large","max-video-preview":"max-video-preview:-1"},"canonical":"https:\/\/blogs.uef.fi\/karjalanelvytys\/opastujan-paiva-kuvina\/","og_locale":"fi_FI","og_type":"article","og_title":"Opa\u0161tujan p\u00e4iv\u00e4 kuvina - Karjalan kielen elvytt\u00e4minen","og_description":"Alkuper\u00e4sen tekstin kirjuttaja on jo valmistunut TtM, laillistettu ravitsemusterapeutti Maija Ristim\u00e4ki. Vienankarjalak\u0161i ki\u00e4nt\u00e4j\u00e4: Olga Karlova Opa\u0161tujan p\u00e4iv\u00e4 kuvina Ery\u00e4h\u00e4n\u00e4 huomene\u0161luvennolla smietin, kuin mukava ois o\u0161uttua teil\u00e4, mit\u00e4 kaikkie miun p\u00e4iv\u00e4h mahtuu. Ajattelin ker\u00e4t\u00e4 tukkuh pienen kuvakolla\u017ein, milt\u00e4 miun perintehini p\u00e4iv\u00e4 n\u00e4ytt\u00e4y \u0161yomistiijon magisteriopintoloissa. T\u00e4\u0161\u0161\u00e4 kuvien avulla pi\u00e4\u0161ett\u00e4 \u010dukeltamah miun en\u0161imm\u00e4isaren hommiloih. 1. Huomene\u0161 kaiki\u010d\u010di alkau [&hellip;]","og_url":"https:\/\/blogs.uef.fi\/karjalanelvytys\/opastujan-paiva-kuvina\/","og_site_name":"Karjalan kielen elvytt\u00e4minen","article_modified_time":"2025-02-10T09:14:26+00:00","og_image":[{"width":2560,"height":2560,"url":"https:\/\/blogs.uef.fi\/karjalanelvytys\/wp-content\/uploads\/sites\/155\/2022\/04\/opiskelijan-paiva_1-1-scaled.jpg","type":"image\/jpeg"}],"twitter_card":"summary_large_image","twitter_misc":{"Arvioitu lukuaika":"4 minuuttia"},"schema":{"@context":"https:\/\/schema.org","@graph":[{"@type":"WebPage","@id":"https:\/\/blogs.uef.fi\/karjalanelvytys\/opastujan-paiva-kuvina\/","url":"https:\/\/blogs.uef.fi\/karjalanelvytys\/opastujan-paiva-kuvina\/","name":"Opa\u0161tujan p\u00e4iv\u00e4 kuvina - Karjalan kielen elvytt\u00e4minen","isPartOf":{"@id":"https:\/\/blogs.uef.fi\/karjalanelvytys\/#website"},"primaryImageOfPage":{"@id":"https:\/\/blogs.uef.fi\/karjalanelvytys\/opastujan-paiva-kuvina\/#primaryimage"},"image":{"@id":"https:\/\/blogs.uef.fi\/karjalanelvytys\/opastujan-paiva-kuvina\/#primaryimage"},"thumbnailUrl":"https:\/\/blogs.uef.fi\/karjalanelvytys\/wp-content\/uploads\/sites\/155\/2022\/04\/opiskelijan-paiva_1-1-300x300.jpg","datePublished":"2022-04-12T07:19:29+00:00","dateModified":"2025-02-10T09:14:26+00:00","breadcrumb":{"@id":"https:\/\/blogs.uef.fi\/karjalanelvytys\/opastujan-paiva-kuvina\/#breadcrumb"},"inLanguage":"fi","potentialAction":[{"@type":"ReadAction","target":["https:\/\/blogs.uef.fi\/karjalanelvytys\/opastujan-paiva-kuvina\/"]}]},{"@type":"ImageObject","inLanguage":"fi","@id":"https:\/\/blogs.uef.fi\/karjalanelvytys\/opastujan-paiva-kuvina\/#primaryimage","url":"https:\/\/blogs.uef.fi\/karjalanelvytys\/wp-content\/uploads\/sites\/155\/2022\/04\/opiskelijan-paiva_1-1-300x300.jpg","contentUrl":"https:\/\/blogs.uef.fi\/karjalanelvytys\/wp-content\/uploads\/sites\/155\/2022\/04\/opiskelijan-paiva_1-1-300x300.jpg"},{"@type":"BreadcrumbList","@id":"https:\/\/blogs.uef.fi\/karjalanelvytys\/opastujan-paiva-kuvina\/#breadcrumb","itemListElement":[{"@type":"ListItem","position":1,"name":"Home","item":"https:\/\/blogs.uef.fi\/karjalanelvytys\/"},{"@type":"ListItem","position":2,"name":"Opa\u0161tujan p\u00e4iv\u00e4 kuvina"}]},{"@type":"WebSite","@id":"https:\/\/blogs.uef.fi\/karjalanelvytys\/#website","url":"https:\/\/blogs.uef.fi\/karjalanelvytys\/","name":"Karjalan kielen elvytt\u00e4minen","description":"","potentialAction":[{"@type":"SearchAction","target":{"@type":"EntryPoint","urlTemplate":"https:\/\/blogs.uef.fi\/karjalanelvytys\/?s={search_term_string}"},"query-input":{"@type":"PropertyValueSpecification","valueRequired":true,"valueName":"search_term_string"}}],"inLanguage":"fi"}]}},"_links":{"self":[{"href":"https:\/\/blogs.uef.fi\/karjalanelvytys\/wp-json\/wp\/v2\/pages\/5037","targetHints":{"allow":["GET"]}}],"collection":[{"href":"https:\/\/blogs.uef.fi\/karjalanelvytys\/wp-json\/wp\/v2\/pages"}],"about":[{"href":"https:\/\/blogs.uef.fi\/karjalanelvytys\/wp-json\/wp\/v2\/types\/page"}],"author":[{"embeddable":true,"href":"https:\/\/blogs.uef.fi\/karjalanelvytys\/wp-json\/wp\/v2\/users\/480"}],"replies":[{"embeddable":true,"href":"https:\/\/blogs.uef.fi\/karjalanelvytys\/wp-json\/wp\/v2\/comments?post=5037"}],"version-history":[{"count":1,"href":"https:\/\/blogs.uef.fi\/karjalanelvytys\/wp-json\/wp\/v2\/pages\/5037\/revisions"}],"predecessor-version":[{"id":21662,"href":"https:\/\/blogs.uef.fi\/karjalanelvytys\/wp-json\/wp\/v2\/pages\/5037\/revisions\/21662"}],"wp:attachment":[{"href":"https:\/\/blogs.uef.fi\/karjalanelvytys\/wp-json\/wp\/v2\/media?parent=5037"}],"curies":[{"name":"wp","href":"https:\/\/api.w.org\/{rel}","templated":true}]}}