{"id":4886,"date":"2022-04-06T17:04:01","date_gmt":"2022-04-06T14:04:01","guid":{"rendered":"https:\/\/blogs.uef.fi\/karjalanelvytys\/?page_id=4886"},"modified":"2023-07-04T17:02:39","modified_gmt":"2023-07-04T14:02:39","slug":"aijapaiva-on-kallis-pruasniekka","status":"publish","type":"page","link":"https:\/\/blogs.uef.fi\/karjalanelvytys\/aijapaiva-on-kallis-pruasniekka\/","title":{"rendered":"\u00c4ij\u00e4p\u00e4iv\u00e4 on kallis pruasniekka"},"content":{"rendered":"<p>&nbsp;<\/p>\n<p>Teksti: Olga Karlova<\/p>\n<p>P\u00e4iv\u00e4nnou\u0161u-\u0160uomen yliopisto<\/p>\n<p>Karjalan kielen elvyty\u0161projekti 2021\u201322<\/p>\n<p>&nbsp;<\/p>\n<p>\u00c4ij\u00e4p\u00e4iv\u00e4 on kallis pruasniekka. \u00c4ij\u00e4n\u00e4pi\u00e4n\u00e4 p\u00e4iv\u00e4ni nou\u0161\u0161e\u0161\u0161a kisuau. Ennein vanhah u\u0161ottih, jotta kun huomenek\u0161ella p\u00e4iv\u00e4ni kisannou, pl\u00e4\u0161\u0161in\u00f6y \u2013 tulou hyv\u00e4 vuosi.<\/p>\n<p>On hyv\u00e4 ka\u010d\u010duo t\u00e4t\u00e4 kuvua. Rauhasa ta l\u00e4mmin tunto. Puitto olet hava\u010d\u010deutun, mieli virkuou ta ilo t\u00e4ytt\u00e4y \u0161i\u00e4nt\u00e4. \u0160anelen, mit\u00e4 ni\u00e4n.<\/p>\n<p>M\u00e4mmiroveh ta kak\u0161i lusikkua. Koko perehen n\u00e4mn\u00e4, \u0161y\u00f6tk\u00f6 m\u00e4mmie maijon vain sliuhkan, kerman kera?<\/p>\n<p>Kolme kuli\u010d\u010dua. Kuli\u010d\u010da kuuluu \u00e4ij\u00e4np\u00e4iv\u00e4nstolah. Toi\u010d\u010di paissan kuli\u010d\u010doja i\u010de, toi\u010d\u010di o\u0161\u0161an valmista. Pasha on makie\u010d\u010daini rahka\u0161evo\u0161. \u0160en luatimini vuatiu aikua tai neruo. Pashua voipi tarita kuli\u010dan kera. Pashan pi\u00e4ll\u00e4 poltetah tuohu\u0161ta. Pashan reuna\u0161\u0161a olijat kirilliset kirjaimet muissutetah, jotta Iisussa Hristossa nousi kuollehista.<\/p>\n<p>\u00c4ij\u00e4k\u0161ip\u00e4iv\u00e4k\u0161i krassitah ji\u00e4li\u010d\u010d\u00f6j\u00e4. Luukon kuoriloissa keitetyt ji\u00e4li\u010d\u00e4t \u0161uahah kaunista ru\u0161appua v\u00e4rie. Mussikalla \u0161uat mu\u0161ovan\u0161inist\u00e4 ji\u00e4li\u010d\u010dy\u00e4. \u00c4ij\u00e4np\u00e4iv\u00e4nmunien krassinta on mukava homma!<\/p>\n<p>Kuva\u0161\u0161a on viel\u00e4i pikkaraini \u00e4ij\u00e4np\u00e4iv\u00e4npupuni. \u00c4ij\u00e4hp\u00e4iv\u00e4h kuulutah ni tipaset, kumpaset tiijet\u00e4h kevy\u00e4n alkua, uutta el\u00e4my\u00e4.<\/p>\n<p>Hyvy\u00e4 \u00c4ijy\u00e4p\u00e4ivy\u00e4 teil\u00e4!<\/p>\n<p>&nbsp;<\/p>\n<p>Kuuntele teksti: <a href=\"https:\/\/uef.cloud.panopto.eu\/Panopto\/Pages\/Viewer.aspx?id=4e042740-766d-4ccf-a04c-afe600fb018d\" target=\"_blank\" rel=\"noopener\">linkki i\u00e4nitteheh<\/a><\/p>\n<p>&nbsp;<\/p>\n<p>Kuva: Sirpa M\u00e4nty<\/p>\n<div id=\"attachment_4889\" style=\"width: 310px\" class=\"wp-caption alignnone\"><img loading=\"lazy\" decoding=\"async\" aria-describedby=\"caption-attachment-4889\" class=\"wp-image-4889 size-medium\" src=\"https:\/\/blogs.uef.fi\/karjalanelvytys\/wp-content\/uploads\/sites\/155\/2022\/04\/aijapaiva_pienempi_sirpa-300x206.jpg\" alt=\"p\u00e4\u00e4si\u00e4inen kulitsa pasha\" width=\"300\" height=\"206\" srcset=\"https:\/\/blogs.uef.fi\/karjalanelvytys\/wp-content\/uploads\/sites\/155\/2022\/04\/aijapaiva_pienempi_sirpa-300x206.jpg 300w, https:\/\/blogs.uef.fi\/karjalanelvytys\/wp-content\/uploads\/sites\/155\/2022\/04\/aijapaiva_pienempi_sirpa-1024x703.jpg 1024w, https:\/\/blogs.uef.fi\/karjalanelvytys\/wp-content\/uploads\/sites\/155\/2022\/04\/aijapaiva_pienempi_sirpa-768x527.jpg 768w, https:\/\/blogs.uef.fi\/karjalanelvytys\/wp-content\/uploads\/sites\/155\/2022\/04\/aijapaiva_pienempi_sirpa-1536x1054.jpg 1536w, https:\/\/blogs.uef.fi\/karjalanelvytys\/wp-content\/uploads\/sites\/155\/2022\/04\/aijapaiva_pienempi_sirpa-2048x1405.jpg 2048w\" sizes=\"auto, (max-width: 300px) 100vw, 300px\" \/><p id=\"caption-attachment-4889\" class=\"wp-caption-text\">\u00c4ij\u00e4p\u00e4iv\u00e4 p\u00e4iv\u00e4n nou\u0161tuo<\/p><\/div>\n","protected":false},"excerpt":{"rendered":"<p>&nbsp; Teksti: Olga Karlova P\u00e4iv\u00e4nnou\u0161u-\u0160uomen yliopisto Karjalan kielen elvyty\u0161projekti 2021\u201322 &nbsp; \u00c4ij\u00e4p\u00e4iv\u00e4 on kallis pruasniekka. \u00c4ij\u00e4n\u00e4pi\u00e4n\u00e4 p\u00e4iv\u00e4ni nou\u0161\u0161e\u0161\u0161a kisuau. Ennein vanhah u\u0161ottih, jotta kun huomenek\u0161ella p\u00e4iv\u00e4ni kisannou, pl\u00e4\u0161\u0161in\u00f6y \u2013 tulou hyv\u00e4 vuosi. On hyv\u00e4 ka\u010d\u010duo t\u00e4t\u00e4 kuvua. Rauhasa ta l\u00e4mmin tunto. Puitto olet hava\u010d\u010deutun, mieli virkuou ta ilo t\u00e4ytt\u00e4y \u0161i\u00e4nt\u00e4. \u0160anelen, mit\u00e4 ni\u00e4n. M\u00e4mmiroveh ta [&hellip;]<\/p>\n","protected":false},"author":480,"featured_media":0,"parent":0,"menu_order":0,"comment_status":"closed","ping_status":"closed","template":"","meta":{"_acf_changed":false,"footnotes":""},"class_list":["post-4886","page","type-page","status-publish","hentry"],"acf":[],"yoast_head":"<!-- This site is optimized with the Yoast SEO plugin v27.3 - https:\/\/yoast.com\/product\/yoast-seo-wordpress\/ -->\n<title>\u00c4ij\u00e4p\u00e4iv\u00e4 on kallis pruasniekka - Karjalan kielen elvytt\u00e4minen<\/title>\n<meta name=\"robots\" content=\"index, follow, max-snippet:-1, max-image-preview:large, max-video-preview:-1\" \/>\n<link rel=\"canonical\" href=\"https:\/\/blogs.uef.fi\/karjalanelvytys\/aijapaiva-on-kallis-pruasniekka\/\" \/>\n<meta property=\"og:locale\" content=\"fi_FI\" \/>\n<meta property=\"og:type\" content=\"article\" \/>\n<meta property=\"og:title\" content=\"\u00c4ij\u00e4p\u00e4iv\u00e4 on kallis pruasniekka - Karjalan kielen elvytt\u00e4minen\" \/>\n<meta property=\"og:description\" content=\"&nbsp; Teksti: Olga Karlova P\u00e4iv\u00e4nnou\u0161u-\u0160uomen yliopisto Karjalan kielen elvyty\u0161projekti 2021\u201322 &nbsp; \u00c4ij\u00e4p\u00e4iv\u00e4 on kallis pruasniekka. \u00c4ij\u00e4n\u00e4pi\u00e4n\u00e4 p\u00e4iv\u00e4ni nou\u0161\u0161e\u0161\u0161a kisuau. Ennein vanhah u\u0161ottih, jotta kun huomenek\u0161ella p\u00e4iv\u00e4ni kisannou, pl\u00e4\u0161\u0161in\u00f6y \u2013 tulou hyv\u00e4 vuosi. On hyv\u00e4 ka\u010d\u010duo t\u00e4t\u00e4 kuvua. Rauhasa ta l\u00e4mmin tunto. Puitto olet hava\u010d\u010deutun, mieli virkuou ta ilo t\u00e4ytt\u00e4y \u0161i\u00e4nt\u00e4. \u0160anelen, mit\u00e4 ni\u00e4n. M\u00e4mmiroveh ta [&hellip;]\" \/>\n<meta property=\"og:url\" content=\"https:\/\/blogs.uef.fi\/karjalanelvytys\/aijapaiva-on-kallis-pruasniekka\/\" \/>\n<meta property=\"og:site_name\" content=\"Karjalan kielen elvytt\u00e4minen\" \/>\n<meta property=\"article:modified_time\" content=\"2023-07-04T14:02:39+00:00\" \/>\n<meta property=\"og:image\" content=\"https:\/\/blogs.uef.fi\/karjalanelvytys\/wp-content\/uploads\/sites\/155\/2022\/04\/aijapaiva_pienempi_sirpa-300x206.jpg\" \/>\n<meta name=\"twitter:card\" content=\"summary_large_image\" \/>\n<meta name=\"twitter:label1\" content=\"Arvioitu lukuaika\" \/>\n\t<meta name=\"twitter:data1\" content=\"2 minuuttia\" \/>\n<script type=\"application\/ld+json\" class=\"yoast-schema-graph\">{\"@context\":\"https:\\\/\\\/schema.org\",\"@graph\":[{\"@type\":\"WebPage\",\"@id\":\"https:\\\/\\\/blogs.uef.fi\\\/karjalanelvytys\\\/aijapaiva-on-kallis-pruasniekka\\\/\",\"url\":\"https:\\\/\\\/blogs.uef.fi\\\/karjalanelvytys\\\/aijapaiva-on-kallis-pruasniekka\\\/\",\"name\":\"\u00c4ij\u00e4p\u00e4iv\u00e4 on kallis pruasniekka - Karjalan kielen elvytt\u00e4minen\",\"isPartOf\":{\"@id\":\"https:\\\/\\\/blogs.uef.fi\\\/karjalanelvytys\\\/#website\"},\"primaryImageOfPage\":{\"@id\":\"https:\\\/\\\/blogs.uef.fi\\\/karjalanelvytys\\\/aijapaiva-on-kallis-pruasniekka\\\/#primaryimage\"},\"image\":{\"@id\":\"https:\\\/\\\/blogs.uef.fi\\\/karjalanelvytys\\\/aijapaiva-on-kallis-pruasniekka\\\/#primaryimage\"},\"thumbnailUrl\":\"https:\\\/\\\/blogs.uef.fi\\\/karjalanelvytys\\\/wp-content\\\/uploads\\\/sites\\\/155\\\/2022\\\/04\\\/aijapaiva_pienempi_sirpa-300x206.jpg\",\"datePublished\":\"2022-04-06T14:04:01+00:00\",\"dateModified\":\"2023-07-04T14:02:39+00:00\",\"breadcrumb\":{\"@id\":\"https:\\\/\\\/blogs.uef.fi\\\/karjalanelvytys\\\/aijapaiva-on-kallis-pruasniekka\\\/#breadcrumb\"},\"inLanguage\":\"fi\",\"potentialAction\":[{\"@type\":\"ReadAction\",\"target\":[\"https:\\\/\\\/blogs.uef.fi\\\/karjalanelvytys\\\/aijapaiva-on-kallis-pruasniekka\\\/\"]}]},{\"@type\":\"ImageObject\",\"inLanguage\":\"fi\",\"@id\":\"https:\\\/\\\/blogs.uef.fi\\\/karjalanelvytys\\\/aijapaiva-on-kallis-pruasniekka\\\/#primaryimage\",\"url\":\"https:\\\/\\\/blogs.uef.fi\\\/karjalanelvytys\\\/wp-content\\\/uploads\\\/sites\\\/155\\\/2022\\\/04\\\/aijapaiva_pienempi_sirpa.jpg\",\"contentUrl\":\"https:\\\/\\\/blogs.uef.fi\\\/karjalanelvytys\\\/wp-content\\\/uploads\\\/sites\\\/155\\\/2022\\\/04\\\/aijapaiva_pienempi_sirpa.jpg\",\"width\":2472,\"height\":1696,\"caption\":\"\u00c4ij\u00e4np\u00e4iv\u00e4 p\u00e4iv\u00e4n nou\u0161tuo\"},{\"@type\":\"BreadcrumbList\",\"@id\":\"https:\\\/\\\/blogs.uef.fi\\\/karjalanelvytys\\\/aijapaiva-on-kallis-pruasniekka\\\/#breadcrumb\",\"itemListElement\":[{\"@type\":\"ListItem\",\"position\":1,\"name\":\"Home\",\"item\":\"https:\\\/\\\/blogs.uef.fi\\\/karjalanelvytys\\\/\"},{\"@type\":\"ListItem\",\"position\":2,\"name\":\"\u00c4ij\u00e4p\u00e4iv\u00e4 on kallis pruasniekka\"}]},{\"@type\":\"WebSite\",\"@id\":\"https:\\\/\\\/blogs.uef.fi\\\/karjalanelvytys\\\/#website\",\"url\":\"https:\\\/\\\/blogs.uef.fi\\\/karjalanelvytys\\\/\",\"name\":\"Karjalan kielen elvytt\u00e4minen\",\"description\":\"\",\"potentialAction\":[{\"@type\":\"SearchAction\",\"target\":{\"@type\":\"EntryPoint\",\"urlTemplate\":\"https:\\\/\\\/blogs.uef.fi\\\/karjalanelvytys\\\/?s={search_term_string}\"},\"query-input\":{\"@type\":\"PropertyValueSpecification\",\"valueRequired\":true,\"valueName\":\"search_term_string\"}}],\"inLanguage\":\"fi\"}]}<\/script>\n<!-- \/ Yoast SEO plugin. -->","yoast_head_json":{"title":"\u00c4ij\u00e4p\u00e4iv\u00e4 on kallis pruasniekka - Karjalan kielen elvytt\u00e4minen","robots":{"index":"index","follow":"follow","max-snippet":"max-snippet:-1","max-image-preview":"max-image-preview:large","max-video-preview":"max-video-preview:-1"},"canonical":"https:\/\/blogs.uef.fi\/karjalanelvytys\/aijapaiva-on-kallis-pruasniekka\/","og_locale":"fi_FI","og_type":"article","og_title":"\u00c4ij\u00e4p\u00e4iv\u00e4 on kallis pruasniekka - Karjalan kielen elvytt\u00e4minen","og_description":"&nbsp; Teksti: Olga Karlova P\u00e4iv\u00e4nnou\u0161u-\u0160uomen yliopisto Karjalan kielen elvyty\u0161projekti 2021\u201322 &nbsp; \u00c4ij\u00e4p\u00e4iv\u00e4 on kallis pruasniekka. \u00c4ij\u00e4n\u00e4pi\u00e4n\u00e4 p\u00e4iv\u00e4ni nou\u0161\u0161e\u0161\u0161a kisuau. Ennein vanhah u\u0161ottih, jotta kun huomenek\u0161ella p\u00e4iv\u00e4ni kisannou, pl\u00e4\u0161\u0161in\u00f6y \u2013 tulou hyv\u00e4 vuosi. On hyv\u00e4 ka\u010d\u010duo t\u00e4t\u00e4 kuvua. Rauhasa ta l\u00e4mmin tunto. Puitto olet hava\u010d\u010deutun, mieli virkuou ta ilo t\u00e4ytt\u00e4y \u0161i\u00e4nt\u00e4. \u0160anelen, mit\u00e4 ni\u00e4n. M\u00e4mmiroveh ta [&hellip;]","og_url":"https:\/\/blogs.uef.fi\/karjalanelvytys\/aijapaiva-on-kallis-pruasniekka\/","og_site_name":"Karjalan kielen elvytt\u00e4minen","article_modified_time":"2023-07-04T14:02:39+00:00","og_image":[{"url":"https:\/\/blogs.uef.fi\/karjalanelvytys\/wp-content\/uploads\/sites\/155\/2022\/04\/aijapaiva_pienempi_sirpa-300x206.jpg","type":"","width":"","height":""}],"twitter_card":"summary_large_image","twitter_misc":{"Arvioitu lukuaika":"2 minuuttia"},"schema":{"@context":"https:\/\/schema.org","@graph":[{"@type":"WebPage","@id":"https:\/\/blogs.uef.fi\/karjalanelvytys\/aijapaiva-on-kallis-pruasniekka\/","url":"https:\/\/blogs.uef.fi\/karjalanelvytys\/aijapaiva-on-kallis-pruasniekka\/","name":"\u00c4ij\u00e4p\u00e4iv\u00e4 on kallis pruasniekka - Karjalan kielen elvytt\u00e4minen","isPartOf":{"@id":"https:\/\/blogs.uef.fi\/karjalanelvytys\/#website"},"primaryImageOfPage":{"@id":"https:\/\/blogs.uef.fi\/karjalanelvytys\/aijapaiva-on-kallis-pruasniekka\/#primaryimage"},"image":{"@id":"https:\/\/blogs.uef.fi\/karjalanelvytys\/aijapaiva-on-kallis-pruasniekka\/#primaryimage"},"thumbnailUrl":"https:\/\/blogs.uef.fi\/karjalanelvytys\/wp-content\/uploads\/sites\/155\/2022\/04\/aijapaiva_pienempi_sirpa-300x206.jpg","datePublished":"2022-04-06T14:04:01+00:00","dateModified":"2023-07-04T14:02:39+00:00","breadcrumb":{"@id":"https:\/\/blogs.uef.fi\/karjalanelvytys\/aijapaiva-on-kallis-pruasniekka\/#breadcrumb"},"inLanguage":"fi","potentialAction":[{"@type":"ReadAction","target":["https:\/\/blogs.uef.fi\/karjalanelvytys\/aijapaiva-on-kallis-pruasniekka\/"]}]},{"@type":"ImageObject","inLanguage":"fi","@id":"https:\/\/blogs.uef.fi\/karjalanelvytys\/aijapaiva-on-kallis-pruasniekka\/#primaryimage","url":"https:\/\/blogs.uef.fi\/karjalanelvytys\/wp-content\/uploads\/sites\/155\/2022\/04\/aijapaiva_pienempi_sirpa.jpg","contentUrl":"https:\/\/blogs.uef.fi\/karjalanelvytys\/wp-content\/uploads\/sites\/155\/2022\/04\/aijapaiva_pienempi_sirpa.jpg","width":2472,"height":1696,"caption":"\u00c4ij\u00e4np\u00e4iv\u00e4 p\u00e4iv\u00e4n nou\u0161tuo"},{"@type":"BreadcrumbList","@id":"https:\/\/blogs.uef.fi\/karjalanelvytys\/aijapaiva-on-kallis-pruasniekka\/#breadcrumb","itemListElement":[{"@type":"ListItem","position":1,"name":"Home","item":"https:\/\/blogs.uef.fi\/karjalanelvytys\/"},{"@type":"ListItem","position":2,"name":"\u00c4ij\u00e4p\u00e4iv\u00e4 on kallis pruasniekka"}]},{"@type":"WebSite","@id":"https:\/\/blogs.uef.fi\/karjalanelvytys\/#website","url":"https:\/\/blogs.uef.fi\/karjalanelvytys\/","name":"Karjalan kielen elvytt\u00e4minen","description":"","potentialAction":[{"@type":"SearchAction","target":{"@type":"EntryPoint","urlTemplate":"https:\/\/blogs.uef.fi\/karjalanelvytys\/?s={search_term_string}"},"query-input":{"@type":"PropertyValueSpecification","valueRequired":true,"valueName":"search_term_string"}}],"inLanguage":"fi"}]}},"_links":{"self":[{"href":"https:\/\/blogs.uef.fi\/karjalanelvytys\/wp-json\/wp\/v2\/pages\/4886","targetHints":{"allow":["GET"]}}],"collection":[{"href":"https:\/\/blogs.uef.fi\/karjalanelvytys\/wp-json\/wp\/v2\/pages"}],"about":[{"href":"https:\/\/blogs.uef.fi\/karjalanelvytys\/wp-json\/wp\/v2\/types\/page"}],"author":[{"embeddable":true,"href":"https:\/\/blogs.uef.fi\/karjalanelvytys\/wp-json\/wp\/v2\/users\/480"}],"replies":[{"embeddable":true,"href":"https:\/\/blogs.uef.fi\/karjalanelvytys\/wp-json\/wp\/v2\/comments?post=4886"}],"version-history":[{"count":3,"href":"https:\/\/blogs.uef.fi\/karjalanelvytys\/wp-json\/wp\/v2\/pages\/4886\/revisions"}],"predecessor-version":[{"id":11335,"href":"https:\/\/blogs.uef.fi\/karjalanelvytys\/wp-json\/wp\/v2\/pages\/4886\/revisions\/11335"}],"wp:attachment":[{"href":"https:\/\/blogs.uef.fi\/karjalanelvytys\/wp-json\/wp\/v2\/media?parent=4886"}],"curies":[{"name":"wp","href":"https:\/\/api.w.org\/{rel}","templated":true}]}}