{"id":4785,"date":"2022-04-04T13:50:13","date_gmt":"2022-04-04T10:50:13","guid":{"rendered":"https:\/\/blogs.uef.fi\/karjalanelvytys\/?page_id=4785"},"modified":"2022-04-04T14:06:37","modified_gmt":"2022-04-04T11:06:37","slug":"mari-rajamaa-kontie-ta-repo","status":"publish","type":"page","link":"https:\/\/blogs.uef.fi\/karjalanelvytys\/mari-rajamaa-kontie-ta-repo\/","title":{"rendered":"Mari Rajamaa: Kontie ta repo"},"content":{"rendered":"<p>4.04.2022<\/p>\n<p>Kalliolan rahvahanopiston vienankarjalan opa\u0161tuja Mari Rajamaa kirjutti starinan kontie\u0161ta ta revo\u0161ta jo nell\u00e4 vuotta takaperin. Emm\u00e4 j\u00e4t\u00e4 \u0161it\u00e4 kirjutu\u0161stolan loutah p\u00f6l\u00e4j\u00e4m\u00e4h, a tari\u010demma kaikilla luvettavak\u0161i.<\/p>\n<p>&nbsp;<\/p>\n<p>Kontie ta repo<\/p>\n<p>Oli ennen kontie ta repo. Hy\u00f6 elettih yhe\u0161\u0161\u00e4 \u0161uure\u0161\u0161a me\u010d\u00e4\u0161\u0161\u00e4.<\/p>\n<p>Yhten\u00e4 p\u00e4iv\u00e4n\u00e4 kontie m\u00e4ni kalalla. Kontie pyyvvy\u0161ti \u0161uuren hauvin. Kontie \u0161\u00f6i \u0161en \u0161uuren hauvin eik\u00e4 antan mit\u00e4n\u00e4 revolla. A \u0161iit\u00e4 repo \u0161i\u00e4nty. \u0160e hypp\u00e4i ilmah, viuhahti ymp\u00e4ri kivil\u00f6ist\u00e4 ta kannoista ta l\u00e4ksi katin krava\u010dkua toisella laijalla me\u010d\u010dy\u00e4.<\/p>\n<p>\u0160iit\u00e4 p\u00e4iv\u00e4\u0161t\u00e4 l\u00e4htien kontie ta repo elet\u00e4h erill\u00e4h toini toise\u0161ta.<\/p>\n<p>\u0160en pivu\u0161 t\u00e4m\u00e4.<\/p>\n<p>&nbsp;<\/p>\n<div id=\"attachment_4788\" style=\"width: 289px\" class=\"wp-caption alignnone\"><img loading=\"lazy\" decoding=\"async\" aria-describedby=\"caption-attachment-4788\" class=\"size-medium wp-image-4788\" src=\"https:\/\/blogs.uef.fi\/karjalanelvytys\/wp-content\/uploads\/sites\/155\/2022\/04\/kontie_sirpa-279x300.jpg\" alt=\"Karhu\" width=\"279\" height=\"300\" srcset=\"https:\/\/blogs.uef.fi\/karjalanelvytys\/wp-content\/uploads\/sites\/155\/2022\/04\/kontie_sirpa-279x300.jpg 279w, https:\/\/blogs.uef.fi\/karjalanelvytys\/wp-content\/uploads\/sites\/155\/2022\/04\/kontie_sirpa.jpg 717w\" sizes=\"auto, (max-width: 279px) 100vw, 279px\" \/><p id=\"caption-attachment-4788\" class=\"wp-caption-text\">Kontie<\/p><\/div>\n<p>Kuva: Sirpa M\u00e4nty. Alkutevok\u0161e\u0161ta: Matti Morottaja, Oahpa s\u00e1niid \u2013 Oop\u00e2 saanijd \u2013 Mattu saa\u02b9nid.<\/p>\n","protected":false},"excerpt":{"rendered":"<p>4.04.2022 Kalliolan rahvahanopiston vienankarjalan opa\u0161tuja Mari Rajamaa kirjutti starinan kontie\u0161ta ta revo\u0161ta jo nell\u00e4 vuotta takaperin. Emm\u00e4 j\u00e4t\u00e4 \u0161it\u00e4 kirjutu\u0161stolan loutah p\u00f6l\u00e4j\u00e4m\u00e4h, a tari\u010demma kaikilla luvettavak\u0161i. &nbsp; Kontie ta repo Oli ennen kontie ta repo. Hy\u00f6 elettih yhe\u0161\u0161\u00e4 \u0161uure\u0161\u0161a me\u010d\u00e4\u0161\u0161\u00e4. Yhten\u00e4 p\u00e4iv\u00e4n\u00e4 kontie m\u00e4ni kalalla. Kontie pyyvvy\u0161ti \u0161uuren hauvin. Kontie \u0161\u00f6i \u0161en \u0161uuren hauvin eik\u00e4 [&hellip;]<\/p>\n","protected":false},"author":480,"featured_media":0,"parent":0,"menu_order":0,"comment_status":"closed","ping_status":"closed","template":"","meta":{"_acf_changed":false,"footnotes":""},"class_list":["post-4785","page","type-page","status-publish","hentry"],"acf":[],"yoast_head":"<!-- This site is optimized with the Yoast SEO plugin v27.1.1 - https:\/\/yoast.com\/product\/yoast-seo-wordpress\/ -->\n<title>Mari Rajamaa: Kontie ta repo - Karjalan kielen elvytt\u00e4minen<\/title>\n<meta name=\"robots\" content=\"index, follow, max-snippet:-1, max-image-preview:large, max-video-preview:-1\" \/>\n<link rel=\"canonical\" href=\"https:\/\/blogs.uef.fi\/karjalanelvytys\/mari-rajamaa-kontie-ta-repo\/\" \/>\n<meta property=\"og:locale\" content=\"fi_FI\" \/>\n<meta property=\"og:type\" content=\"article\" \/>\n<meta property=\"og:title\" content=\"Mari Rajamaa: Kontie ta repo - Karjalan kielen elvytt\u00e4minen\" \/>\n<meta property=\"og:description\" content=\"4.04.2022 Kalliolan rahvahanopiston vienankarjalan opa\u0161tuja Mari Rajamaa kirjutti starinan kontie\u0161ta ta revo\u0161ta jo nell\u00e4 vuotta takaperin. Emm\u00e4 j\u00e4t\u00e4 \u0161it\u00e4 kirjutu\u0161stolan loutah p\u00f6l\u00e4j\u00e4m\u00e4h, a tari\u010demma kaikilla luvettavak\u0161i. &nbsp; Kontie ta repo Oli ennen kontie ta repo. Hy\u00f6 elettih yhe\u0161\u0161\u00e4 \u0161uure\u0161\u0161a me\u010d\u00e4\u0161\u0161\u00e4. Yhten\u00e4 p\u00e4iv\u00e4n\u00e4 kontie m\u00e4ni kalalla. Kontie pyyvvy\u0161ti \u0161uuren hauvin. Kontie \u0161\u00f6i \u0161en \u0161uuren hauvin eik\u00e4 [&hellip;]\" \/>\n<meta property=\"og:url\" content=\"https:\/\/blogs.uef.fi\/karjalanelvytys\/mari-rajamaa-kontie-ta-repo\/\" \/>\n<meta property=\"og:site_name\" content=\"Karjalan kielen elvytt\u00e4minen\" \/>\n<meta property=\"article:modified_time\" content=\"2022-04-04T11:06:37+00:00\" \/>\n<meta property=\"og:image\" content=\"https:\/\/blogs.uef.fi\/karjalanelvytys\/wp-content\/uploads\/sites\/155\/2022\/04\/kontie_sirpa-279x300.jpg\" \/>\n<meta name=\"twitter:card\" content=\"summary_large_image\" \/>\n<meta name=\"twitter:label1\" content=\"Arvioitu lukuaika\" \/>\n\t<meta name=\"twitter:data1\" content=\"1 minuutti\" \/>\n<script type=\"application\/ld+json\" class=\"yoast-schema-graph\">{\"@context\":\"https:\/\/schema.org\",\"@graph\":[{\"@type\":\"WebPage\",\"@id\":\"https:\/\/blogs.uef.fi\/karjalanelvytys\/mari-rajamaa-kontie-ta-repo\/\",\"url\":\"https:\/\/blogs.uef.fi\/karjalanelvytys\/mari-rajamaa-kontie-ta-repo\/\",\"name\":\"Mari Rajamaa: Kontie ta repo - Karjalan kielen elvytt\u00e4minen\",\"isPartOf\":{\"@id\":\"https:\/\/blogs.uef.fi\/karjalanelvytys\/#website\"},\"primaryImageOfPage\":{\"@id\":\"https:\/\/blogs.uef.fi\/karjalanelvytys\/mari-rajamaa-kontie-ta-repo\/#primaryimage\"},\"image\":{\"@id\":\"https:\/\/blogs.uef.fi\/karjalanelvytys\/mari-rajamaa-kontie-ta-repo\/#primaryimage\"},\"thumbnailUrl\":\"https:\/\/blogs.uef.fi\/karjalanelvytys\/wp-content\/uploads\/sites\/155\/2022\/04\/kontie_sirpa-279x300.jpg\",\"datePublished\":\"2022-04-04T10:50:13+00:00\",\"dateModified\":\"2022-04-04T11:06:37+00:00\",\"breadcrumb\":{\"@id\":\"https:\/\/blogs.uef.fi\/karjalanelvytys\/mari-rajamaa-kontie-ta-repo\/#breadcrumb\"},\"inLanguage\":\"fi\",\"potentialAction\":[{\"@type\":\"ReadAction\",\"target\":[\"https:\/\/blogs.uef.fi\/karjalanelvytys\/mari-rajamaa-kontie-ta-repo\/\"]}]},{\"@type\":\"ImageObject\",\"inLanguage\":\"fi\",\"@id\":\"https:\/\/blogs.uef.fi\/karjalanelvytys\/mari-rajamaa-kontie-ta-repo\/#primaryimage\",\"url\":\"https:\/\/blogs.uef.fi\/karjalanelvytys\/wp-content\/uploads\/sites\/155\/2022\/04\/kontie_sirpa.jpg\",\"contentUrl\":\"https:\/\/blogs.uef.fi\/karjalanelvytys\/wp-content\/uploads\/sites\/155\/2022\/04\/kontie_sirpa.jpg\",\"width\":717,\"height\":771,\"caption\":\"Kontie\"},{\"@type\":\"BreadcrumbList\",\"@id\":\"https:\/\/blogs.uef.fi\/karjalanelvytys\/mari-rajamaa-kontie-ta-repo\/#breadcrumb\",\"itemListElement\":[{\"@type\":\"ListItem\",\"position\":1,\"name\":\"Home\",\"item\":\"https:\/\/blogs.uef.fi\/karjalanelvytys\/\"},{\"@type\":\"ListItem\",\"position\":2,\"name\":\"Mari Rajamaa: Kontie ta repo\"}]},{\"@type\":\"WebSite\",\"@id\":\"https:\/\/blogs.uef.fi\/karjalanelvytys\/#website\",\"url\":\"https:\/\/blogs.uef.fi\/karjalanelvytys\/\",\"name\":\"Karjalan kielen elvytt\u00e4minen\",\"description\":\"\",\"potentialAction\":[{\"@type\":\"SearchAction\",\"target\":{\"@type\":\"EntryPoint\",\"urlTemplate\":\"https:\/\/blogs.uef.fi\/karjalanelvytys\/?s={search_term_string}\"},\"query-input\":{\"@type\":\"PropertyValueSpecification\",\"valueRequired\":true,\"valueName\":\"search_term_string\"}}],\"inLanguage\":\"fi\"}]}<\/script>\n<!-- \/ Yoast SEO plugin. -->","yoast_head_json":{"title":"Mari Rajamaa: Kontie ta repo - Karjalan kielen elvytt\u00e4minen","robots":{"index":"index","follow":"follow","max-snippet":"max-snippet:-1","max-image-preview":"max-image-preview:large","max-video-preview":"max-video-preview:-1"},"canonical":"https:\/\/blogs.uef.fi\/karjalanelvytys\/mari-rajamaa-kontie-ta-repo\/","og_locale":"fi_FI","og_type":"article","og_title":"Mari Rajamaa: Kontie ta repo - Karjalan kielen elvytt\u00e4minen","og_description":"4.04.2022 Kalliolan rahvahanopiston vienankarjalan opa\u0161tuja Mari Rajamaa kirjutti starinan kontie\u0161ta ta revo\u0161ta jo nell\u00e4 vuotta takaperin. Emm\u00e4 j\u00e4t\u00e4 \u0161it\u00e4 kirjutu\u0161stolan loutah p\u00f6l\u00e4j\u00e4m\u00e4h, a tari\u010demma kaikilla luvettavak\u0161i. &nbsp; Kontie ta repo Oli ennen kontie ta repo. Hy\u00f6 elettih yhe\u0161\u0161\u00e4 \u0161uure\u0161\u0161a me\u010d\u00e4\u0161\u0161\u00e4. Yhten\u00e4 p\u00e4iv\u00e4n\u00e4 kontie m\u00e4ni kalalla. Kontie pyyvvy\u0161ti \u0161uuren hauvin. Kontie \u0161\u00f6i \u0161en \u0161uuren hauvin eik\u00e4 [&hellip;]","og_url":"https:\/\/blogs.uef.fi\/karjalanelvytys\/mari-rajamaa-kontie-ta-repo\/","og_site_name":"Karjalan kielen elvytt\u00e4minen","article_modified_time":"2022-04-04T11:06:37+00:00","og_image":[{"url":"https:\/\/blogs.uef.fi\/karjalanelvytys\/wp-content\/uploads\/sites\/155\/2022\/04\/kontie_sirpa-279x300.jpg","type":"","width":"","height":""}],"twitter_card":"summary_large_image","twitter_misc":{"Arvioitu lukuaika":"1 minuutti"},"schema":{"@context":"https:\/\/schema.org","@graph":[{"@type":"WebPage","@id":"https:\/\/blogs.uef.fi\/karjalanelvytys\/mari-rajamaa-kontie-ta-repo\/","url":"https:\/\/blogs.uef.fi\/karjalanelvytys\/mari-rajamaa-kontie-ta-repo\/","name":"Mari Rajamaa: Kontie ta repo - Karjalan kielen elvytt\u00e4minen","isPartOf":{"@id":"https:\/\/blogs.uef.fi\/karjalanelvytys\/#website"},"primaryImageOfPage":{"@id":"https:\/\/blogs.uef.fi\/karjalanelvytys\/mari-rajamaa-kontie-ta-repo\/#primaryimage"},"image":{"@id":"https:\/\/blogs.uef.fi\/karjalanelvytys\/mari-rajamaa-kontie-ta-repo\/#primaryimage"},"thumbnailUrl":"https:\/\/blogs.uef.fi\/karjalanelvytys\/wp-content\/uploads\/sites\/155\/2022\/04\/kontie_sirpa-279x300.jpg","datePublished":"2022-04-04T10:50:13+00:00","dateModified":"2022-04-04T11:06:37+00:00","breadcrumb":{"@id":"https:\/\/blogs.uef.fi\/karjalanelvytys\/mari-rajamaa-kontie-ta-repo\/#breadcrumb"},"inLanguage":"fi","potentialAction":[{"@type":"ReadAction","target":["https:\/\/blogs.uef.fi\/karjalanelvytys\/mari-rajamaa-kontie-ta-repo\/"]}]},{"@type":"ImageObject","inLanguage":"fi","@id":"https:\/\/blogs.uef.fi\/karjalanelvytys\/mari-rajamaa-kontie-ta-repo\/#primaryimage","url":"https:\/\/blogs.uef.fi\/karjalanelvytys\/wp-content\/uploads\/sites\/155\/2022\/04\/kontie_sirpa.jpg","contentUrl":"https:\/\/blogs.uef.fi\/karjalanelvytys\/wp-content\/uploads\/sites\/155\/2022\/04\/kontie_sirpa.jpg","width":717,"height":771,"caption":"Kontie"},{"@type":"BreadcrumbList","@id":"https:\/\/blogs.uef.fi\/karjalanelvytys\/mari-rajamaa-kontie-ta-repo\/#breadcrumb","itemListElement":[{"@type":"ListItem","position":1,"name":"Home","item":"https:\/\/blogs.uef.fi\/karjalanelvytys\/"},{"@type":"ListItem","position":2,"name":"Mari Rajamaa: Kontie ta repo"}]},{"@type":"WebSite","@id":"https:\/\/blogs.uef.fi\/karjalanelvytys\/#website","url":"https:\/\/blogs.uef.fi\/karjalanelvytys\/","name":"Karjalan kielen elvytt\u00e4minen","description":"","potentialAction":[{"@type":"SearchAction","target":{"@type":"EntryPoint","urlTemplate":"https:\/\/blogs.uef.fi\/karjalanelvytys\/?s={search_term_string}"},"query-input":{"@type":"PropertyValueSpecification","valueRequired":true,"valueName":"search_term_string"}}],"inLanguage":"fi"}]}},"_links":{"self":[{"href":"https:\/\/blogs.uef.fi\/karjalanelvytys\/wp-json\/wp\/v2\/pages\/4785","targetHints":{"allow":["GET"]}}],"collection":[{"href":"https:\/\/blogs.uef.fi\/karjalanelvytys\/wp-json\/wp\/v2\/pages"}],"about":[{"href":"https:\/\/blogs.uef.fi\/karjalanelvytys\/wp-json\/wp\/v2\/types\/page"}],"author":[{"embeddable":true,"href":"https:\/\/blogs.uef.fi\/karjalanelvytys\/wp-json\/wp\/v2\/users\/480"}],"replies":[{"embeddable":true,"href":"https:\/\/blogs.uef.fi\/karjalanelvytys\/wp-json\/wp\/v2\/comments?post=4785"}],"version-history":[{"count":3,"href":"https:\/\/blogs.uef.fi\/karjalanelvytys\/wp-json\/wp\/v2\/pages\/4785\/revisions"}],"predecessor-version":[{"id":4809,"href":"https:\/\/blogs.uef.fi\/karjalanelvytys\/wp-json\/wp\/v2\/pages\/4785\/revisions\/4809"}],"wp:attachment":[{"href":"https:\/\/blogs.uef.fi\/karjalanelvytys\/wp-json\/wp\/v2\/media?parent=4785"}],"curies":[{"name":"wp","href":"https:\/\/api.w.org\/{rel}","templated":true}]}}