{"id":4700,"date":"2022-04-04T02:43:38","date_gmt":"2022-04-03T23:43:38","guid":{"rendered":"https:\/\/blogs.uef.fi\/karjalanelvytys\/?page_id=4700"},"modified":"2025-06-03T08:36:55","modified_gmt":"2025-06-03T05:36:55","slug":"katerina-da-misa-opassetah-suvikarjalua","status":"publish","type":"page","link":"https:\/\/blogs.uef.fi\/karjalanelvytys\/katerina-da-misa-opassetah-suvikarjalua\/","title":{"rendered":"Katerina da Mi\u0161a opassetah suvikarjalua"},"content":{"rendered":"<p>Tahotgo opastuo suvikarjalah? P\u00e4iv\u00e4nnouzu-Suomen yliopisson suvikarjalan opastaja <b>Katerina Paalamo<\/b> da Karjalan Liiton suvikarjalan kurssoin opastaja <b>Mika Saatsi<\/b> ollah luajittu opassusvideosarjan, kumbazen avulla kebieh opassut suvikarjalan perusdieloloih.<\/p>\n<p>Videosarja on syndyn Karjalan Liiton alottehesta suaha video-opassusmaterijualua omien kielikurssoin k\u00e4ytt\u00f6h, da se on luajittu yhtehisruavossa P\u00e4iv\u00e4nnouzu-Suomen yliopisson karjalan kielen elvytysprojektan kera. Videot on tarkotettu avuksi kaikilla, ket tahotah opastuo karjalan kieleh da suvikarjalah, da niid\u00e4 voibi k\u00e4ytti\u00e4 karjalan kielen kurssoin video-opassusmaterijualana.<\/p>\n<p>Videoloi voibi ka\u010d\u010duo tekstatuksen kera.<\/p>\n<p><span data-contrast=\"auto\">Videosarjua on kevi\u00e4ll\u00e4 2025 t\u00e4yvennetty uuzilla i\u00e4nd\u00e4mizeh painottujilla videoloilla. Niiss\u00e4 kebieh luaduh ka\u010dellah er\u00e4hie, liijatengi suomenkielizill\u00e4 karjalan opastujilla jygeid\u00e4 suvikarjalan i\u00e4nd\u00e4mizeh liittyjie kohtie. Videoloissa opassetah i\u00e4nd\u00e4mist\u00e4 \u00e4ijien ezimerkkil\u00f6in vuoh, sanellah i\u00e4ndehih da i\u00e4nd\u00e4mizeh liittyji\u00e4 tieduo dai muissutetah karjalan oigeinkirjutuksesta.<\/span><span data-ccp-props=\"{}\">\u00a0<\/span><\/p>\n<p><span data-olk-copy-source=\"MessageBody\">Aigazemmat Katerina da Mi\u0161a opassetah suvikarjalua -videot l\u00f6yv\u00e4t uuzien i\u00e4nd\u00e4mizeh painottujien videoloin alapuolelda t\u00e4ld\u00e4 samalda sivulda.<\/span><\/p>\n<h2>Katerina da Mi\u0161a i\u00e4nnet\u00e4h suvikarjalua<\/h2>\n<h3><span data-contrast=\"auto\">1. Vokalit: diftongat da triftongat<\/span><\/h3>\n<p><span data-olk-copy-source=\"MessageBody\"><iframe loading=\"lazy\" src=\"https:\/\/uef.cloud.panopto.eu\/Panopto\/Pages\/Embed.aspx?id=c14a84a8-a484-4aec-a9d6-b2eb00622efc&autoplay=false&offerviewer=false&showtitle=true&showbrand=false&captions=true&interactivity=all\" height=\"169\" width=\"300\" style=\"border: 1px solid #464646;\" allowfullscreen allow=\"autoplay\" aria-label=\"Panopto Embedded Video Player\" aria-description=\"KdaM24_1. Vokalit_diftongat da triftongat\" ><\/iframe><\/span><\/p>\n<h3>2. Konsonantat: pehmenemine<\/h3>\n<p><span data-olk-copy-source=\"MessageBody\"><iframe loading=\"lazy\" src=\"https:\/\/uef.cloud.panopto.eu\/Panopto\/Pages\/Embed.aspx?id=5697b1c3-ecd5-4d9a-91ff-b2ed006c58f2&autoplay=false&offerviewer=false&showtitle=true&showbrand=false&captions=true&interactivity=all\" height=\"169\" width=\"300\" style=\"border: 1px solid #464646;\" allowfullscreen allow=\"autoplay\" aria-label=\"Panopto Embedded Video Player\" aria-description=\"KdaM24_2. Konsonantat_pehmenemine\" ><\/iframe><\/span><\/p>\n<h3><span data-contrast=\"auto\">3. Konsonantat: sibilantat <\/span><i><span data-contrast=\"auto\">s<\/span><\/i><span data-contrast=\"auto\">, <\/span><i><span data-contrast=\"auto\">\u0161<\/span><\/i><span data-contrast=\"auto\">,<\/span><i><span data-contrast=\"auto\"> z<\/span><\/i><span data-contrast=\"auto\"> da<\/span><i><span data-contrast=\"auto\"> \u017e<\/span><\/i><\/h3>\n<p><span data-olk-copy-source=\"MessageBody\"><iframe loading=\"lazy\" src=\"https:\/\/uef.cloud.panopto.eu\/Panopto\/Pages\/Embed.aspx?id=7553f6ff-3cda-42d7-b0e4-b2f0005a697b&autoplay=false&offerviewer=false&showtitle=true&showbrand=false&captions=true&interactivity=all\" height=\"169\" width=\"300\" style=\"border: 1px solid #464646;\" allowfullscreen allow=\"autoplay\" aria-label=\"Panopto Embedded Video Player\" aria-description=\"KdM24_3. Konsonantat_sibilantat s, \u0161, z da \u017e\" ><\/iframe><\/span><\/p>\n<h3>4. Konsonantat: affrikuatat \u010d da d\u017e<\/h3>\n<p><span data-olk-copy-source=\"MessageBody\"><iframe loading=\"lazy\" src=\"https:\/\/uef.cloud.panopto.eu\/Panopto\/Pages\/Embed.aspx?id=8622c7aa-e6a7-4c98-ad1d-b2f00094c9d8&autoplay=false&offerviewer=false&showtitle=true&showbrand=false&captions=true&interactivity=all\" height=\"169\" width=\"300\" style=\"border: 1px solid #464646;\" allowfullscreen allow=\"autoplay\" aria-label=\"Panopto Embedded Video Player\" aria-description=\"KdM24_4. Konsonantat affrikuatat \u010d ja d\u017e\" ><\/iframe><\/span><\/p>\n<p><strong>Syd\u00e4myst\u00e4 da tekstat<\/strong>: Katerina Paalamo<\/p>\n<p><strong>Kuvat<\/strong>: Pixabay<\/p>\n<p><strong>Muuzikka<\/strong>: Mika Saatsi<\/p>\n<p><strong>Leikkuanda<\/strong>: Mika Saatsi<\/p>\n<p><strong>Tekstatus<\/strong>: Niko Tynnyrinen<\/p>\n<p>P\u00e4iv\u00e4nnouzu-Suomen yliopisto da karjalan kielen elvytysprojekta 2024<\/p>\n<h4>Kirjallizutta:<\/h4>\n<p><span data-contrast=\"auto\">KieliVertailu-ty\u00f6v\u00e4line. Kieltenv\u00e4linen vertailu varhaiskasvatuksen kielitietoisen pedagogiikan kehitt\u00e4misess\u00e4. Turun yliopisto 2022. Suadavissa: https:\/\/sites.utu.fi\/kielivertailu\/wp-content\/uploads\/sites\/1197\/2022\/10\/KieliVertailu_tyovaline_Opas.pdf<\/span><span data-ccp-props=\"{}\">\u00a0<\/span><\/p>\n<p><span data-contrast=\"auto\">Novak, Irina \u2013 Penttonen, Martti \u2013 Ruuskanen, Aleksi \u2013 Siilin, Lea, Karjala kieliopeissa. Fonetiikan ja morfologian vertaileva tutkimus. Karjalan tiedekeskus, Petroskoi 2019.<\/span><span data-ccp-props=\"{}\">\u00a0<\/span><\/p>\n<p><span data-contrast=\"auto\">VISK = Hakulinen, Auli \u2013 Vilkuna, Maria \u2013 Korhonen, Riitta \u2013 Koivisto, Vesa \u2013 Heinonen, Tarja Riitta \u2013\u00a0 Alho, Irja, Iso suomen kielioppi. Suomalaisen Kirjallisuuden Seura, Helsinki 2004. Suadavissa: http:\/\/scripta.kotus.fi\/visk\u00a0<\/span><span data-ccp-props=\"{}\">\u00a0<\/span><\/p>\n<h2>Katerina da Mi\u0161a opassetah suvikarjalua<\/h2>\n<h3>1. Tuttavussumma!<\/h3>\n<p>Kuin tuttavussutah toizih ristikanzoih suvikarjalaksi? Sen tiijussat videosarjan enzim\u00e4zest\u00e4 ozasta.<\/p>\n<p><iframe loading=\"lazy\" title=\"Katerina da Mis\u030ca opassetah suvikarjalua, oza 1\" width=\"500\" height=\"281\" src=\"https:\/\/www.youtube.com\/embed\/1nv5TZC5J-M?feature=oembed\" frameborder=\"0\" allow=\"accelerometer; autoplay; clipboard-write; encrypted-media; gyroscope; picture-in-picture; web-share\" referrerpolicy=\"strict-origin-when-cross-origin\" allowfullscreen><\/iframe><\/p>\n<h3>2. Miun pereh<\/h3>\n<p>Mimmone siun pereh on? Ongo se pieni vain suuri? Ked\u00e4 sih kuuluu? T\u00e4m\u00e4n videon avulla opassut sanelemah omasta perehest\u00e4.<\/p>\n<p><iframe loading=\"lazy\" title=\"Katerina da Mi\u0161a opassetah suvikarjalua, oza 2\" width=\"500\" height=\"281\" src=\"https:\/\/www.youtube.com\/embed\/6n0Jhrg7z18?feature=oembed\" frameborder=\"0\" allow=\"accelerometer; autoplay; clipboard-write; encrypted-media; gyroscope; picture-in-picture; web-share\" referrerpolicy=\"strict-origin-when-cross-origin\" allowfullscreen><\/iframe><\/p>\n<h3>3. Mid\u00e4 kuuluu? Gostissa<\/h3>\n<p>Kuin kyzyt\u00e4h kuulumizie suvikarjalaksi da kuin kyzymyksih vassatah? Sen tiijussat videosarjan kolmannesta ozasta. Liz\u00e4ksi opassut sanomah tervehyksie suvikarjalaksi.<\/p>\n<p><iframe loading=\"lazy\" title=\"Katerina da Mis\u030ca opassetah suvikarjalua, oza 3\" width=\"500\" height=\"281\" src=\"https:\/\/www.youtube.com\/embed\/CsrnSsyRU4k?feature=oembed\" frameborder=\"0\" allow=\"accelerometer; autoplay; clipboard-write; encrypted-media; gyroscope; picture-in-picture; web-share\" referrerpolicy=\"strict-origin-when-cross-origin\" allowfullscreen><\/iframe><\/p>\n<h3>4. Linnah<\/h3>\n<p>Monet nygyaijan karjalazet elet\u00e4h linnassa. T\u00e4m\u00e4n videon avulla opassut liikkumah linnassa suvikarjalaksi da tiijussat, mit ollah linnassa olijoin azieloin nimet suvikarjalaksi.<\/p>\n<p><iframe loading=\"lazy\" title=\"Katerina da Mis\u030ca opassetah suvikarjalua,  oza 4\" width=\"500\" height=\"281\" src=\"https:\/\/www.youtube.com\/embed\/xuxKFqnh2j4?feature=oembed\" frameborder=\"0\" allow=\"accelerometer; autoplay; clipboard-write; encrypted-media; gyroscope; picture-in-picture; web-share\" referrerpolicy=\"strict-origin-when-cross-origin\" allowfullscreen><\/iframe><\/p>\n<h3>5. Minv\u00e4rizet vuattiet siula on pi\u00e4ll\u00e4?<\/h3>\n<p>Mit ollah v\u00e4ril\u00f6in nimet suvikarjalaksi? Mimmozet vuattiet siula on pi\u00e4ll\u00e4? T\u00e4m\u00e4n videon avulla opassut sanelemah v\u00e4ril\u00f6ist\u00e4 da vuatteista.<\/p>\n<p><iframe loading=\"lazy\" title=\"Katerina da Mis\u030ca opassetah suvikarjalua, oza 5\" width=\"500\" height=\"281\" src=\"https:\/\/www.youtube.com\/embed\/jszUX96wowA?feature=oembed\" frameborder=\"0\" allow=\"accelerometer; autoplay; clipboard-write; encrypted-media; gyroscope; picture-in-picture; web-share\" referrerpolicy=\"strict-origin-when-cross-origin\" allowfullscreen><\/iframe><\/p>\n<h3>6. Mid\u00e4 sie sy\u00f6t?<\/h3>\n<p><span lang=\"se-FI\">T\u00e4m\u00e4n videon avulla opassut sanelemah suvikarjalaksi sy\u00f6mizist\u00e4, niijen luajinnasta dai juomizista.<\/span><\/p>\n<p><iframe loading=\"lazy\" title=\"Katerina da Mis\u030ca opassetah suvikarjalua, oza 6\" width=\"500\" height=\"281\" src=\"https:\/\/www.youtube.com\/embed\/khT1ucTZY5g?feature=oembed\" frameborder=\"0\" allow=\"accelerometer; autoplay; clipboard-write; encrypted-media; gyroscope; picture-in-picture; web-share\" referrerpolicy=\"strict-origin-when-cross-origin\" allowfullscreen><\/iframe><\/p>\n<h3>7. Mie el\u00e4n kerrostalossa<\/h3>\n<p>Kuin voibi sanella omasta koista suvikarjalaksi? Mit ollah perttil\u00f6in nimet, da mid\u00e4 kaikkie koissa on? Ka\u010do t\u00e4m\u00e4 video, ga suat tiedi\u00e4 vastaukset!<\/p>\n<p><iframe loading=\"lazy\" title=\"Katerina da Mis\u030ca opassetah suvikarjalua, oza 7\" width=\"500\" height=\"281\" src=\"https:\/\/www.youtube.com\/embed\/kbU4OLtDqME?feature=oembed\" frameborder=\"0\" allow=\"accelerometer; autoplay; clipboard-write; encrypted-media; gyroscope; picture-in-picture; web-share\" referrerpolicy=\"strict-origin-when-cross-origin\" allowfullscreen><\/iframe><\/p>\n<h3>8. Mid\u00e4 sie ruat?<\/h3>\n<p>T\u00e4m\u00e4n videon avulla opassut k\u00e4ytt\u00e4m\u00e4h <i>ruadua<\/i>-verbie dai toizie jogap\u00e4iv\u00e4zeh elokseh kuulujie verbil\u00f6i. Liz\u00e4ksi opassut k\u00e4ytt\u00e4m\u00e4h aigah liittyjie sanoi.<\/p>\n<p><iframe loading=\"lazy\" title=\"Katerina da Mis\u030ca opassetah suvikarjalua, oza 8\" width=\"500\" height=\"281\" src=\"https:\/\/www.youtube.com\/embed\/jjNpOkjze1E?feature=oembed\" frameborder=\"0\" allow=\"accelerometer; autoplay; clipboard-write; encrypted-media; gyroscope; picture-in-picture; web-share\" referrerpolicy=\"strict-origin-when-cross-origin\" allowfullscreen><\/iframe><\/p>\n<h3>9. Tervehys<\/h3>\n<p>T\u00e4m\u00e4 video tuttavussuttau silma tervehy\u00f6h da l\u00e4zind\u00e4h liittyj\u00e4h sanastoh.<\/p>\n<p><iframe loading=\"lazy\" title=\"Katerina da Mis\u030ca opassetah suvikarjalua, oza 9\" width=\"500\" height=\"281\" src=\"https:\/\/www.youtube.com\/embed\/klB8k7-NIqo?feature=oembed\" frameborder=\"0\" allow=\"accelerometer; autoplay; clipboard-write; encrypted-media; gyroscope; picture-in-picture; web-share\" referrerpolicy=\"strict-origin-when-cross-origin\" allowfullscreen><\/iframe><\/p>\n<h3>10. Mimmone si\u00e4 t\u00e4n\u00e4pi\u00e4n\u00e4 on?<\/h3>\n<p>Kuin voibi sanella si\u00e4st\u00e4 suvikarjalaksi? Mit ollah vuuvenaigoin nimet? Vastaukset l\u00f6yvyt\u00e4h t\u00e4st\u00e4 videosta.<\/p>\n<p><iframe loading=\"lazy\" title=\"Katerina da Mis\u030ca opassetah suvikarjalua, oza 10\" width=\"500\" height=\"281\" src=\"https:\/\/www.youtube.com\/embed\/_aiKi6PFAhM?feature=oembed\" frameborder=\"0\" allow=\"accelerometer; autoplay; clipboard-write; encrypted-media; gyroscope; picture-in-picture; web-share\" referrerpolicy=\"strict-origin-when-cross-origin\" allowfullscreen><\/iframe><\/p>\n<p><strong>Planiirui\u010denda:<\/strong> Katerina Paalamo, Mi\u0161a Sua\u010d\u010di<\/p>\n<p><strong>Tekstat:<\/strong> Katerina Paalamo<\/p>\n<p><strong>Leikkuanda:<\/strong> Mi\u0161a Sua\u010d\u010di<\/p>\n<p><strong>Piirussukset:<\/strong> Kosma Saatsi, Fedja Saatsi<\/p>\n<p><strong>Fotokuvat:<\/strong> Getty Images<\/p>\n<p><strong>Muuzikka:<\/strong> Loimolan Voima<\/p>\n<p><strong>Tiluaja:<\/strong> Karjalan Liitto, P\u00e4iv\u00e4nnouzu-Suomen yliopisto da karjalan kielen elvytysprojekta<\/p>\n<p>2022<\/p>\n","protected":false},"excerpt":{"rendered":"<p>Tahotgo opastuo suvikarjalah? P\u00e4iv\u00e4nnouzu-Suomen yliopisson suvikarjalan opastaja Katerina Paalamo da Karjalan Liiton suvikarjalan kurssoin opastaja Mika Saatsi ollah luajittu opassusvideosarjan, kumbazen avulla kebieh opassut suvikarjalan perusdieloloih. Videosarja on syndyn Karjalan Liiton alottehesta suaha video-opassusmaterijualua omien kielikurssoin k\u00e4ytt\u00f6h, da se on luajittu yhtehisruavossa P\u00e4iv\u00e4nnouzu-Suomen yliopisson karjalan kielen elvytysprojektan kera. Videot on tarkotettu avuksi kaikilla, ket tahotah [&hellip;]<\/p>\n","protected":false},"author":419,"featured_media":0,"parent":0,"menu_order":0,"comment_status":"closed","ping_status":"closed","template":"","meta":{"_acf_changed":false,"footnotes":""},"class_list":["post-4700","page","type-page","status-publish","hentry"],"acf":[],"yoast_head":"<!-- This site is optimized with the Yoast SEO plugin v27.3 - https:\/\/yoast.com\/product\/yoast-seo-wordpress\/ -->\n<title>Katerina da Mi\u0161a opassetah suvikarjalua - Karjalan kielen elvytt\u00e4minen<\/title>\n<meta name=\"robots\" content=\"index, follow, max-snippet:-1, max-image-preview:large, max-video-preview:-1\" \/>\n<link rel=\"canonical\" href=\"https:\/\/blogs.uef.fi\/karjalanelvytys\/katerina-da-misa-opassetah-suvikarjalua\/\" \/>\n<meta property=\"og:locale\" content=\"fi_FI\" \/>\n<meta property=\"og:type\" content=\"article\" \/>\n<meta property=\"og:title\" content=\"Katerina da Mi\u0161a opassetah suvikarjalua - Karjalan kielen elvytt\u00e4minen\" \/>\n<meta property=\"og:description\" content=\"Tahotgo opastuo suvikarjalah? P\u00e4iv\u00e4nnouzu-Suomen yliopisson suvikarjalan opastaja Katerina Paalamo da Karjalan Liiton suvikarjalan kurssoin opastaja Mika Saatsi ollah luajittu opassusvideosarjan, kumbazen avulla kebieh opassut suvikarjalan perusdieloloih. Videosarja on syndyn Karjalan Liiton alottehesta suaha video-opassusmaterijualua omien kielikurssoin k\u00e4ytt\u00f6h, da se on luajittu yhtehisruavossa P\u00e4iv\u00e4nnouzu-Suomen yliopisson karjalan kielen elvytysprojektan kera. Videot on tarkotettu avuksi kaikilla, ket tahotah [&hellip;]\" \/>\n<meta property=\"og:url\" content=\"https:\/\/blogs.uef.fi\/karjalanelvytys\/katerina-da-misa-opassetah-suvikarjalua\/\" \/>\n<meta property=\"og:site_name\" content=\"Karjalan kielen elvytt\u00e4minen\" \/>\n<meta property=\"article:modified_time\" content=\"2025-06-03T05:36:55+00:00\" \/>\n<meta name=\"twitter:card\" content=\"summary_large_image\" \/>\n<meta name=\"twitter:label1\" content=\"Arvioitu lukuaika\" \/>\n\t<meta name=\"twitter:data1\" content=\"4 minuuttia\" \/>\n<script type=\"application\/ld+json\" class=\"yoast-schema-graph\">{\"@context\":\"https:\\\/\\\/schema.org\",\"@graph\":[{\"@type\":\"WebPage\",\"@id\":\"https:\\\/\\\/blogs.uef.fi\\\/karjalanelvytys\\\/katerina-da-misa-opassetah-suvikarjalua\\\/\",\"url\":\"https:\\\/\\\/blogs.uef.fi\\\/karjalanelvytys\\\/katerina-da-misa-opassetah-suvikarjalua\\\/\",\"name\":\"Katerina da Mi\u0161a opassetah suvikarjalua - Karjalan kielen elvytt\u00e4minen\",\"isPartOf\":{\"@id\":\"https:\\\/\\\/blogs.uef.fi\\\/karjalanelvytys\\\/#website\"},\"datePublished\":\"2022-04-03T23:43:38+00:00\",\"dateModified\":\"2025-06-03T05:36:55+00:00\",\"breadcrumb\":{\"@id\":\"https:\\\/\\\/blogs.uef.fi\\\/karjalanelvytys\\\/katerina-da-misa-opassetah-suvikarjalua\\\/#breadcrumb\"},\"inLanguage\":\"fi\",\"potentialAction\":[{\"@type\":\"ReadAction\",\"target\":[\"https:\\\/\\\/blogs.uef.fi\\\/karjalanelvytys\\\/katerina-da-misa-opassetah-suvikarjalua\\\/\"]}]},{\"@type\":\"BreadcrumbList\",\"@id\":\"https:\\\/\\\/blogs.uef.fi\\\/karjalanelvytys\\\/katerina-da-misa-opassetah-suvikarjalua\\\/#breadcrumb\",\"itemListElement\":[{\"@type\":\"ListItem\",\"position\":1,\"name\":\"Home\",\"item\":\"https:\\\/\\\/blogs.uef.fi\\\/karjalanelvytys\\\/\"},{\"@type\":\"ListItem\",\"position\":2,\"name\":\"Katerina da Mi\u0161a opassetah suvikarjalua\"}]},{\"@type\":\"WebSite\",\"@id\":\"https:\\\/\\\/blogs.uef.fi\\\/karjalanelvytys\\\/#website\",\"url\":\"https:\\\/\\\/blogs.uef.fi\\\/karjalanelvytys\\\/\",\"name\":\"Karjalan kielen elvytt\u00e4minen\",\"description\":\"\",\"potentialAction\":[{\"@type\":\"SearchAction\",\"target\":{\"@type\":\"EntryPoint\",\"urlTemplate\":\"https:\\\/\\\/blogs.uef.fi\\\/karjalanelvytys\\\/?s={search_term_string}\"},\"query-input\":{\"@type\":\"PropertyValueSpecification\",\"valueRequired\":true,\"valueName\":\"search_term_string\"}}],\"inLanguage\":\"fi\"}]}<\/script>\n<!-- \/ Yoast SEO plugin. -->","yoast_head_json":{"title":"Katerina da Mi\u0161a opassetah suvikarjalua - Karjalan kielen elvytt\u00e4minen","robots":{"index":"index","follow":"follow","max-snippet":"max-snippet:-1","max-image-preview":"max-image-preview:large","max-video-preview":"max-video-preview:-1"},"canonical":"https:\/\/blogs.uef.fi\/karjalanelvytys\/katerina-da-misa-opassetah-suvikarjalua\/","og_locale":"fi_FI","og_type":"article","og_title":"Katerina da Mi\u0161a opassetah suvikarjalua - Karjalan kielen elvytt\u00e4minen","og_description":"Tahotgo opastuo suvikarjalah? P\u00e4iv\u00e4nnouzu-Suomen yliopisson suvikarjalan opastaja Katerina Paalamo da Karjalan Liiton suvikarjalan kurssoin opastaja Mika Saatsi ollah luajittu opassusvideosarjan, kumbazen avulla kebieh opassut suvikarjalan perusdieloloih. Videosarja on syndyn Karjalan Liiton alottehesta suaha video-opassusmaterijualua omien kielikurssoin k\u00e4ytt\u00f6h, da se on luajittu yhtehisruavossa P\u00e4iv\u00e4nnouzu-Suomen yliopisson karjalan kielen elvytysprojektan kera. Videot on tarkotettu avuksi kaikilla, ket tahotah [&hellip;]","og_url":"https:\/\/blogs.uef.fi\/karjalanelvytys\/katerina-da-misa-opassetah-suvikarjalua\/","og_site_name":"Karjalan kielen elvytt\u00e4minen","article_modified_time":"2025-06-03T05:36:55+00:00","twitter_card":"summary_large_image","twitter_misc":{"Arvioitu lukuaika":"4 minuuttia"},"schema":{"@context":"https:\/\/schema.org","@graph":[{"@type":"WebPage","@id":"https:\/\/blogs.uef.fi\/karjalanelvytys\/katerina-da-misa-opassetah-suvikarjalua\/","url":"https:\/\/blogs.uef.fi\/karjalanelvytys\/katerina-da-misa-opassetah-suvikarjalua\/","name":"Katerina da Mi\u0161a opassetah suvikarjalua - Karjalan kielen elvytt\u00e4minen","isPartOf":{"@id":"https:\/\/blogs.uef.fi\/karjalanelvytys\/#website"},"datePublished":"2022-04-03T23:43:38+00:00","dateModified":"2025-06-03T05:36:55+00:00","breadcrumb":{"@id":"https:\/\/blogs.uef.fi\/karjalanelvytys\/katerina-da-misa-opassetah-suvikarjalua\/#breadcrumb"},"inLanguage":"fi","potentialAction":[{"@type":"ReadAction","target":["https:\/\/blogs.uef.fi\/karjalanelvytys\/katerina-da-misa-opassetah-suvikarjalua\/"]}]},{"@type":"BreadcrumbList","@id":"https:\/\/blogs.uef.fi\/karjalanelvytys\/katerina-da-misa-opassetah-suvikarjalua\/#breadcrumb","itemListElement":[{"@type":"ListItem","position":1,"name":"Home","item":"https:\/\/blogs.uef.fi\/karjalanelvytys\/"},{"@type":"ListItem","position":2,"name":"Katerina da Mi\u0161a opassetah suvikarjalua"}]},{"@type":"WebSite","@id":"https:\/\/blogs.uef.fi\/karjalanelvytys\/#website","url":"https:\/\/blogs.uef.fi\/karjalanelvytys\/","name":"Karjalan kielen elvytt\u00e4minen","description":"","potentialAction":[{"@type":"SearchAction","target":{"@type":"EntryPoint","urlTemplate":"https:\/\/blogs.uef.fi\/karjalanelvytys\/?s={search_term_string}"},"query-input":{"@type":"PropertyValueSpecification","valueRequired":true,"valueName":"search_term_string"}}],"inLanguage":"fi"}]}},"_links":{"self":[{"href":"https:\/\/blogs.uef.fi\/karjalanelvytys\/wp-json\/wp\/v2\/pages\/4700","targetHints":{"allow":["GET"]}}],"collection":[{"href":"https:\/\/blogs.uef.fi\/karjalanelvytys\/wp-json\/wp\/v2\/pages"}],"about":[{"href":"https:\/\/blogs.uef.fi\/karjalanelvytys\/wp-json\/wp\/v2\/types\/page"}],"author":[{"embeddable":true,"href":"https:\/\/blogs.uef.fi\/karjalanelvytys\/wp-json\/wp\/v2\/users\/419"}],"replies":[{"embeddable":true,"href":"https:\/\/blogs.uef.fi\/karjalanelvytys\/wp-json\/wp\/v2\/comments?post=4700"}],"version-history":[{"count":2,"href":"https:\/\/blogs.uef.fi\/karjalanelvytys\/wp-json\/wp\/v2\/pages\/4700\/revisions"}],"predecessor-version":[{"id":22273,"href":"https:\/\/blogs.uef.fi\/karjalanelvytys\/wp-json\/wp\/v2\/pages\/4700\/revisions\/22273"}],"wp:attachment":[{"href":"https:\/\/blogs.uef.fi\/karjalanelvytys\/wp-json\/wp\/v2\/media?parent=4700"}],"curies":[{"name":"wp","href":"https:\/\/api.w.org\/{rel}","templated":true}]}}