{"id":4199,"date":"2022-02-15T13:47:04","date_gmt":"2022-02-15T11:47:04","guid":{"rendered":"https:\/\/blogs.uef.fi\/karjalanelvytys\/?page_id=4199"},"modified":"2022-02-15T14:29:26","modified_gmt":"2022-02-15T12:29:26","slug":"kuut-karjalaksi","status":"publish","type":"page","link":"https:\/\/blogs.uef.fi\/karjalanelvytys\/kuut-karjalaksi\/","title":{"rendered":"Kuut karjalaksi"},"content":{"rendered":"<p>T\u00e4st\u00e4 l\u00f6yv\u00e4t kuuloin nimet vienan-, suvi- da livvinkarjalaksi. Nimet perussutah luonnon kierdoh da muatalohuon ruadoloin kierdoh. Vienan- da livvinkarjalaksi n\u00e4m\u00e4 nimet ollah oldu jo er\u00e4h\u00e4n vuozikymmenen aijan k\u00e4yt\u00f6ss\u00e4. \u00c4ij\u00e4t suvikarjalan pagizijatgi ollah tahottu ottua k\u00e4ytt\u00f6h karjalan ylehizet kuuloin nimet. T\u00e4ss\u00e4 ne ollah.<\/p>\n\n<table id=\"tablepress-5\" class=\"tablepress tablepress-id-5\">\n<thead>\n<tr class=\"row-1\">\n\t<th class=\"column-1\">vienankarjala<\/th><th class=\"column-2\">suvikarjala<\/th><th class=\"column-3\">livvinkarjala<\/th>\n<\/tr>\n<\/thead>\n<tbody>\n<tr class=\"row-2\">\n\t<td class=\"column-1\">pakkaiskuu<\/td><td class=\"column-2\">pakkaiskuu<\/td><td class=\"column-3\">pakkaskuu<\/td>\n<\/tr>\n<tr class=\"row-3\">\n\t<td class=\"column-1\">tuiskukuu<\/td><td class=\"column-2\">tuu\u010d\u010dakuu<\/td><td class=\"column-3\">tuhukuu<\/td>\n<\/tr>\n<tr class=\"row-4\">\n\t<td class=\"column-1\">kev\u00e4tkuu<\/td><td class=\"column-2\">kev\u00e4tkuu<\/td><td class=\"column-3\">kev\u00e4tkuu<\/td>\n<\/tr>\n<tr class=\"row-5\">\n\t<td class=\"column-1\">\u0161ulakuu<\/td><td class=\"column-2\">sulakuu<\/td><td class=\"column-3\">sulakuu<\/td>\n<\/tr>\n<tr class=\"row-6\">\n\t<td class=\"column-1\">ora\u0161kuu<\/td><td class=\"column-2\">oraskuu<\/td><td class=\"column-3\">oraskuu<\/td>\n<\/tr>\n<tr class=\"row-7\">\n\t<td class=\"column-1\">ke\u0161\u00e4kuu<\/td><td class=\"column-2\">kez\u00e4kuu<\/td><td class=\"column-3\">kez\u00e4kuu<\/td>\n<\/tr>\n<tr class=\"row-8\">\n\t<td class=\"column-1\">hein\u00e4kuu<\/td><td class=\"column-2\">hein\u00e4kuu<\/td><td class=\"column-3\">heinykuu<\/td>\n<\/tr>\n<tr class=\"row-9\">\n\t<td class=\"column-1\">elokuu<\/td><td class=\"column-2\">elokuu<\/td><td class=\"column-3\">elokuu<\/td>\n<\/tr>\n<tr class=\"row-10\">\n\t<td class=\"column-1\">\u0161yy\u0161kuu<\/td><td class=\"column-2\">syyskuu<\/td><td class=\"column-3\">syvyskuu<\/td>\n<\/tr>\n<tr class=\"row-11\">\n\t<td class=\"column-1\">\u0161ajekuu<\/td><td class=\"column-2\">ligakuu<\/td><td class=\"column-3\">ligakuu<\/td>\n<\/tr>\n<tr class=\"row-12\">\n\t<td class=\"column-1\">pimiekuu<\/td><td class=\"column-2\">pimiekuu<\/td><td class=\"column-3\">kylmykuu<\/td>\n<\/tr>\n<tr class=\"row-13\">\n\t<td class=\"column-1\">talvikuu<\/td><td class=\"column-2\">talvikuu<\/td><td class=\"column-3\">talvikuu<\/td>\n<\/tr>\n<\/tbody>\n<\/table>\n\n<p>Suoj\u00e4rven pid\u00e4j\u00e4seura on ottan k\u00e4ytt\u00f6h pravoslaunoin vieron pruazniekkoih perustujat kuuloin nimet. Niid\u00e4 k\u00e4ytt\u00e4y oza suvikarjalan pagizijoista.<\/p>\n<p>Kuva: Pixabay<\/p>\n<div id=\"attachment_4196\" style=\"width: 310px\" class=\"wp-caption alignnone\"><img loading=\"lazy\" decoding=\"async\" aria-describedby=\"caption-attachment-4196\" class=\"size-medium wp-image-4196\" src=\"https:\/\/blogs.uef.fi\/karjalanelvytys\/wp-content\/uploads\/sites\/155\/2022\/02\/Pimiekuu-300x169.jpg\" alt=\"Marraskuu, pimeys\" width=\"300\" height=\"169\" srcset=\"https:\/\/blogs.uef.fi\/karjalanelvytys\/wp-content\/uploads\/sites\/155\/2022\/02\/Pimiekuu-300x169.jpg 300w, https:\/\/blogs.uef.fi\/karjalanelvytys\/wp-content\/uploads\/sites\/155\/2022\/02\/Pimiekuu-1024x576.jpg 1024w, https:\/\/blogs.uef.fi\/karjalanelvytys\/wp-content\/uploads\/sites\/155\/2022\/02\/Pimiekuu-768x432.jpg 768w, https:\/\/blogs.uef.fi\/karjalanelvytys\/wp-content\/uploads\/sites\/155\/2022\/02\/Pimiekuu-1536x864.jpg 1536w, https:\/\/blogs.uef.fi\/karjalanelvytys\/wp-content\/uploads\/sites\/155\/2022\/02\/Pimiekuu.jpg 1920w\" sizes=\"auto, (max-width: 300px) 100vw, 300px\" \/><p id=\"caption-attachment-4196\" class=\"wp-caption-text\">Pimiekuu<\/p><\/div>\n","protected":false},"excerpt":{"rendered":"<p>T\u00e4st\u00e4 l\u00f6yv\u00e4t kuuloin nimet vienan-, suvi- da livvinkarjalaksi. Nimet perussutah luonnon kierdoh da muatalohuon ruadoloin kierdoh. Vienan- da livvinkarjalaksi n\u00e4m\u00e4 nimet ollah oldu jo er\u00e4h\u00e4n vuozikymmenen aijan k\u00e4yt\u00f6ss\u00e4. \u00c4ij\u00e4t suvikarjalan pagizijatgi ollah tahottu ottua k\u00e4ytt\u00f6h karjalan ylehizet kuuloin nimet. T\u00e4ss\u00e4 ne ollah. Suoj\u00e4rven pid\u00e4j\u00e4seura on ottan k\u00e4ytt\u00f6h pravoslaunoin vieron pruazniekkoih perustujat kuuloin nimet. Niid\u00e4 k\u00e4ytt\u00e4y [&hellip;]<\/p>\n","protected":false},"author":477,"featured_media":0,"parent":0,"menu_order":0,"comment_status":"closed","ping_status":"closed","template":"","meta":{"_acf_changed":false,"footnotes":""},"class_list":["post-4199","page","type-page","status-publish","hentry"],"acf":[],"yoast_head":"<!-- This site is optimized with the Yoast SEO plugin v27.1.1 - https:\/\/yoast.com\/product\/yoast-seo-wordpress\/ -->\n<title>Kuut karjalaksi - Karjalan kielen elvytt\u00e4minen<\/title>\n<meta name=\"robots\" content=\"index, follow, max-snippet:-1, max-image-preview:large, max-video-preview:-1\" \/>\n<link rel=\"canonical\" href=\"https:\/\/blogs.uef.fi\/karjalanelvytys\/kuut-karjalaksi\/\" \/>\n<meta property=\"og:locale\" content=\"fi_FI\" \/>\n<meta property=\"og:type\" content=\"article\" \/>\n<meta property=\"og:title\" content=\"Kuut karjalaksi - Karjalan kielen elvytt\u00e4minen\" \/>\n<meta property=\"og:description\" content=\"T\u00e4st\u00e4 l\u00f6yv\u00e4t kuuloin nimet vienan-, suvi- da livvinkarjalaksi. Nimet perussutah luonnon kierdoh da muatalohuon ruadoloin kierdoh. Vienan- da livvinkarjalaksi n\u00e4m\u00e4 nimet ollah oldu jo er\u00e4h\u00e4n vuozikymmenen aijan k\u00e4yt\u00f6ss\u00e4. \u00c4ij\u00e4t suvikarjalan pagizijatgi ollah tahottu ottua k\u00e4ytt\u00f6h karjalan ylehizet kuuloin nimet. T\u00e4ss\u00e4 ne ollah. Suoj\u00e4rven pid\u00e4j\u00e4seura on ottan k\u00e4ytt\u00f6h pravoslaunoin vieron pruazniekkoih perustujat kuuloin nimet. Niid\u00e4 k\u00e4ytt\u00e4y [&hellip;]\" \/>\n<meta property=\"og:url\" content=\"https:\/\/blogs.uef.fi\/karjalanelvytys\/kuut-karjalaksi\/\" \/>\n<meta property=\"og:site_name\" content=\"Karjalan kielen elvytt\u00e4minen\" \/>\n<meta property=\"article:modified_time\" content=\"2022-02-15T12:29:26+00:00\" \/>\n<meta property=\"og:image\" content=\"https:\/\/blogs.uef.fi\/karjalanelvytys\/wp-content\/uploads\/sites\/155\/2022\/02\/Pimiekuu-300x169.jpg\" \/>\n<meta name=\"twitter:card\" content=\"summary_large_image\" \/>\n<script type=\"application\/ld+json\" class=\"yoast-schema-graph\">{\"@context\":\"https:\/\/schema.org\",\"@graph\":[{\"@type\":\"WebPage\",\"@id\":\"https:\/\/blogs.uef.fi\/karjalanelvytys\/kuut-karjalaksi\/\",\"url\":\"https:\/\/blogs.uef.fi\/karjalanelvytys\/kuut-karjalaksi\/\",\"name\":\"Kuut karjalaksi - Karjalan kielen elvytt\u00e4minen\",\"isPartOf\":{\"@id\":\"https:\/\/blogs.uef.fi\/karjalanelvytys\/#website\"},\"primaryImageOfPage\":{\"@id\":\"https:\/\/blogs.uef.fi\/karjalanelvytys\/kuut-karjalaksi\/#primaryimage\"},\"image\":{\"@id\":\"https:\/\/blogs.uef.fi\/karjalanelvytys\/kuut-karjalaksi\/#primaryimage\"},\"thumbnailUrl\":\"https:\/\/blogs.uef.fi\/karjalanelvytys\/wp-content\/uploads\/sites\/155\/2022\/02\/Pimiekuu-300x169.jpg\",\"datePublished\":\"2022-02-15T11:47:04+00:00\",\"dateModified\":\"2022-02-15T12:29:26+00:00\",\"breadcrumb\":{\"@id\":\"https:\/\/blogs.uef.fi\/karjalanelvytys\/kuut-karjalaksi\/#breadcrumb\"},\"inLanguage\":\"fi\",\"potentialAction\":[{\"@type\":\"ReadAction\",\"target\":[\"https:\/\/blogs.uef.fi\/karjalanelvytys\/kuut-karjalaksi\/\"]}]},{\"@type\":\"ImageObject\",\"inLanguage\":\"fi\",\"@id\":\"https:\/\/blogs.uef.fi\/karjalanelvytys\/kuut-karjalaksi\/#primaryimage\",\"url\":\"https:\/\/blogs.uef.fi\/karjalanelvytys\/wp-content\/uploads\/sites\/155\/2022\/02\/Pimiekuu.jpg\",\"contentUrl\":\"https:\/\/blogs.uef.fi\/karjalanelvytys\/wp-content\/uploads\/sites\/155\/2022\/02\/Pimiekuu.jpg\",\"width\":1920,\"height\":1080,\"caption\":\"Pimiekuu\"},{\"@type\":\"BreadcrumbList\",\"@id\":\"https:\/\/blogs.uef.fi\/karjalanelvytys\/kuut-karjalaksi\/#breadcrumb\",\"itemListElement\":[{\"@type\":\"ListItem\",\"position\":1,\"name\":\"Home\",\"item\":\"https:\/\/blogs.uef.fi\/karjalanelvytys\/\"},{\"@type\":\"ListItem\",\"position\":2,\"name\":\"Kuut karjalaksi\"}]},{\"@type\":\"WebSite\",\"@id\":\"https:\/\/blogs.uef.fi\/karjalanelvytys\/#website\",\"url\":\"https:\/\/blogs.uef.fi\/karjalanelvytys\/\",\"name\":\"Karjalan kielen elvytt\u00e4minen\",\"description\":\"\",\"potentialAction\":[{\"@type\":\"SearchAction\",\"target\":{\"@type\":\"EntryPoint\",\"urlTemplate\":\"https:\/\/blogs.uef.fi\/karjalanelvytys\/?s={search_term_string}\"},\"query-input\":{\"@type\":\"PropertyValueSpecification\",\"valueRequired\":true,\"valueName\":\"search_term_string\"}}],\"inLanguage\":\"fi\"}]}<\/script>\n<!-- \/ Yoast SEO plugin. -->","yoast_head_json":{"title":"Kuut karjalaksi - Karjalan kielen elvytt\u00e4minen","robots":{"index":"index","follow":"follow","max-snippet":"max-snippet:-1","max-image-preview":"max-image-preview:large","max-video-preview":"max-video-preview:-1"},"canonical":"https:\/\/blogs.uef.fi\/karjalanelvytys\/kuut-karjalaksi\/","og_locale":"fi_FI","og_type":"article","og_title":"Kuut karjalaksi - Karjalan kielen elvytt\u00e4minen","og_description":"T\u00e4st\u00e4 l\u00f6yv\u00e4t kuuloin nimet vienan-, suvi- da livvinkarjalaksi. Nimet perussutah luonnon kierdoh da muatalohuon ruadoloin kierdoh. Vienan- da livvinkarjalaksi n\u00e4m\u00e4 nimet ollah oldu jo er\u00e4h\u00e4n vuozikymmenen aijan k\u00e4yt\u00f6ss\u00e4. \u00c4ij\u00e4t suvikarjalan pagizijatgi ollah tahottu ottua k\u00e4ytt\u00f6h karjalan ylehizet kuuloin nimet. T\u00e4ss\u00e4 ne ollah. Suoj\u00e4rven pid\u00e4j\u00e4seura on ottan k\u00e4ytt\u00f6h pravoslaunoin vieron pruazniekkoih perustujat kuuloin nimet. Niid\u00e4 k\u00e4ytt\u00e4y [&hellip;]","og_url":"https:\/\/blogs.uef.fi\/karjalanelvytys\/kuut-karjalaksi\/","og_site_name":"Karjalan kielen elvytt\u00e4minen","article_modified_time":"2022-02-15T12:29:26+00:00","og_image":[{"url":"https:\/\/blogs.uef.fi\/karjalanelvytys\/wp-content\/uploads\/sites\/155\/2022\/02\/Pimiekuu-300x169.jpg","type":"","width":"","height":""}],"twitter_card":"summary_large_image","schema":{"@context":"https:\/\/schema.org","@graph":[{"@type":"WebPage","@id":"https:\/\/blogs.uef.fi\/karjalanelvytys\/kuut-karjalaksi\/","url":"https:\/\/blogs.uef.fi\/karjalanelvytys\/kuut-karjalaksi\/","name":"Kuut karjalaksi - Karjalan kielen elvytt\u00e4minen","isPartOf":{"@id":"https:\/\/blogs.uef.fi\/karjalanelvytys\/#website"},"primaryImageOfPage":{"@id":"https:\/\/blogs.uef.fi\/karjalanelvytys\/kuut-karjalaksi\/#primaryimage"},"image":{"@id":"https:\/\/blogs.uef.fi\/karjalanelvytys\/kuut-karjalaksi\/#primaryimage"},"thumbnailUrl":"https:\/\/blogs.uef.fi\/karjalanelvytys\/wp-content\/uploads\/sites\/155\/2022\/02\/Pimiekuu-300x169.jpg","datePublished":"2022-02-15T11:47:04+00:00","dateModified":"2022-02-15T12:29:26+00:00","breadcrumb":{"@id":"https:\/\/blogs.uef.fi\/karjalanelvytys\/kuut-karjalaksi\/#breadcrumb"},"inLanguage":"fi","potentialAction":[{"@type":"ReadAction","target":["https:\/\/blogs.uef.fi\/karjalanelvytys\/kuut-karjalaksi\/"]}]},{"@type":"ImageObject","inLanguage":"fi","@id":"https:\/\/blogs.uef.fi\/karjalanelvytys\/kuut-karjalaksi\/#primaryimage","url":"https:\/\/blogs.uef.fi\/karjalanelvytys\/wp-content\/uploads\/sites\/155\/2022\/02\/Pimiekuu.jpg","contentUrl":"https:\/\/blogs.uef.fi\/karjalanelvytys\/wp-content\/uploads\/sites\/155\/2022\/02\/Pimiekuu.jpg","width":1920,"height":1080,"caption":"Pimiekuu"},{"@type":"BreadcrumbList","@id":"https:\/\/blogs.uef.fi\/karjalanelvytys\/kuut-karjalaksi\/#breadcrumb","itemListElement":[{"@type":"ListItem","position":1,"name":"Home","item":"https:\/\/blogs.uef.fi\/karjalanelvytys\/"},{"@type":"ListItem","position":2,"name":"Kuut karjalaksi"}]},{"@type":"WebSite","@id":"https:\/\/blogs.uef.fi\/karjalanelvytys\/#website","url":"https:\/\/blogs.uef.fi\/karjalanelvytys\/","name":"Karjalan kielen elvytt\u00e4minen","description":"","potentialAction":[{"@type":"SearchAction","target":{"@type":"EntryPoint","urlTemplate":"https:\/\/blogs.uef.fi\/karjalanelvytys\/?s={search_term_string}"},"query-input":{"@type":"PropertyValueSpecification","valueRequired":true,"valueName":"search_term_string"}}],"inLanguage":"fi"}]}},"_links":{"self":[{"href":"https:\/\/blogs.uef.fi\/karjalanelvytys\/wp-json\/wp\/v2\/pages\/4199","targetHints":{"allow":["GET"]}}],"collection":[{"href":"https:\/\/blogs.uef.fi\/karjalanelvytys\/wp-json\/wp\/v2\/pages"}],"about":[{"href":"https:\/\/blogs.uef.fi\/karjalanelvytys\/wp-json\/wp\/v2\/types\/page"}],"author":[{"embeddable":true,"href":"https:\/\/blogs.uef.fi\/karjalanelvytys\/wp-json\/wp\/v2\/users\/477"}],"replies":[{"embeddable":true,"href":"https:\/\/blogs.uef.fi\/karjalanelvytys\/wp-json\/wp\/v2\/comments?post=4199"}],"version-history":[{"count":1,"href":"https:\/\/blogs.uef.fi\/karjalanelvytys\/wp-json\/wp\/v2\/pages\/4199\/revisions"}],"predecessor-version":[{"id":4217,"href":"https:\/\/blogs.uef.fi\/karjalanelvytys\/wp-json\/wp\/v2\/pages\/4199\/revisions\/4217"}],"wp:attachment":[{"href":"https:\/\/blogs.uef.fi\/karjalanelvytys\/wp-json\/wp\/v2\/media?parent=4199"}],"curies":[{"name":"wp","href":"https:\/\/api.w.org\/{rel}","templated":true}]}}