{"id":3557,"date":"2022-01-26T11:53:41","date_gmt":"2022-01-26T09:53:41","guid":{"rendered":"https:\/\/blogs.uef.fi\/karjalanelvytys\/?page_id=3557"},"modified":"2026-02-20T15:46:45","modified_gmt":"2026-02-20T13:46:45","slug":"linkat-livvinkarjalan-opastusmaterjualah","status":"publish","type":"page","link":"https:\/\/blogs.uef.fi\/karjalanelvytys\/linkat-livvinkarjalan-opastusmaterjualah\/","title":{"rendered":"Linkat livvinkarjalan opastusmaterjualah"},"content":{"rendered":"<p>T\u00e4s l\u00f6vv\u00e4t \u00e4ij\u00e4n eriluadustu materjualua karjalan kielen opastundah ni\u0161koi:<\/p>\n<p>Livvinkarjalan kielioppi 2021 <a href=\"https:\/\/www.karjalansivistysseura.fi\/wp-content\/uploads\/2021\/04\/Pyoli-livvinkarjalan-kielioppi.pdf\">https:\/\/www.karjalansivistysseura.fi\/wp-content\/uploads\/2021\/04\/Pyoli-livvinkarjalan-kielioppi.pdf<\/a><\/p>\n<p>Ig\u00e4 el\u00e4, ig\u00e4 opastu \u2013 ka\u010dahtus livvinkarjalah (2019) <a href=\"https:\/\/blogs.uef.fi\/karjalanelvytys\/livvinkarjalan-kielikurssi-2019\/\">https:\/\/blogs.uef.fi\/karjalanelvytys\/livvinkarjalan-kielikurssi-2019<\/a><\/p>\n<p>Karjalan kielen elvytysprojektan blogu <a href=\"https:\/\/blogs.uef.fi\/karjalanelvytys\/\">https:\/\/blogs.uef.fi\/karjalanelvytys\/<\/a><\/p>\n<p>Liygii livvikse <a href=\"http:\/\/avtor.karelia.ru\/elbibl\/ruppieva\/livvin_algukursu\/index.html\">http:\/\/avtor.karelia.ru\/elbibl\/ruppieva\/livvin_algukursu\/index.html<\/a> <a href=\"http:\/\/avtor.karelia.ru\/elbibl\/ruppieva\/livvin_algukursu_2\/index.html\">http:\/\/avtor.karelia.ru\/elbibl\/ruppieva\/livvin_algukursu_2\/index.html<\/a><\/p>\n<p>Opastusmaterjualua: kuvasanakniigu, kielioppi, algukursu da muudu <a href=\"https:\/\/opastajat.net\/\">https:\/\/opastajat.net\/<\/a><\/p>\n<p><strong>Videot<\/strong><\/p>\n<p>Opastusvideot <a href=\"https:\/\/blogs.uef.fi\/karjalanelvytys\/opassusvideot\/\">https:\/\/blogs.uef.fi\/karjalanelvytys\/opassusvideot\/<\/a><\/p>\n<p>Pagize karjalakse kois, laukas dai muijal <a href=\"https:\/\/www.youtube.com\/watch?v=gqGycSqNtDM\">https:\/\/www.youtube.com\/watch?v=gqGycSqNtDM<\/a><\/p>\n<p>L\u00e4htin min\u00e4 L\u00e4kk\u00f6il\u00e4h da muudu Karjalan tv:n programmua <a href=\"https:\/\/www.youtube.com\/results?search_query=l%C3%A4htin+min%C3%A4+l%C3%A4kk%C3%B6il%C3%A4h+enzim%C3%A4ine+karjalan+kielen+sanakniigu\">https:\/\/www.youtube.com\/results?search_query=l%C3%A4htin+min%C3%A4+l%C3%A4kk%C3%B6il%C3%A4h+enzim%C3%A4ine+karjalan+kielen+sanakniigu<\/a><\/p>\n<p><strong>Uudizet karjalakse<\/strong><\/p>\n<p>Yle uudizet karjalakse, internet-kirjutukset <a href=\"https:\/\/yle.fi\/uutiset\/18-44136\">https:\/\/yle.fi\/uutiset\/18-44136<\/a><\/p>\n<p>Yle radivouudizet <a href=\"https:\/\/areena.yle.fi\/audio\/1-50072788\">https:\/\/areena.yle.fi\/audio\/1-50072788<\/a><\/p>\n<p>Karjalan Sivistysseuran Uudis\u010duppu <a href=\"https:\/\/uutiscuppu.karjalansivistysseura.fi\/\">https:\/\/uutiscuppu.karjalansivistysseura.fi\/<\/a><\/p>\n<p><strong>Sanakniigat<\/strong><\/p>\n<p>Karjalan kielen sanakirja <a href=\"https:\/\/kaino.kotus.fi\/cgi-bin\/kks\/karjala.cgi\">https:\/\/kaino.kotus.fi\/cgi-bin\/kks\/karjala.cgi<\/a><\/p>\n<p>Karjala-ven\u2019a da ven\u2019a-karjala -sanakniigat <a href=\"http:\/\/illhportal.krc.karelia.ru\/section.php?plang=r&amp;id=1202\">http:\/\/illhportal.krc.karelia.ru\/section.php?plang=r&amp;id=1202<\/a><\/p>\n<p>Suomi-karjala-sanakirju <a href=\"https:\/\/www.karjalansivistysseura.fi\/wp-content\/uploads\/2021\/04\/Markianova-Pyoli-sanakirja-suomi-karjala.pdf\">https:\/\/www.karjalansivistysseura.fi\/wp-content\/uploads\/2021\/04\/Markianova-Pyoli-sanakirja-suomi-karjala.pdf<\/a><\/p>\n<p><strong>Facebook-linkat<\/strong><\/p>\n<p>Karjalan kieli el\u00e4y<\/p>\n<p><a href=\"https:\/\/www.facebook.com\/Karjalan-kieli-el%C3%A4y-104724438093738\"><strong>https:\/\/www.facebook.com\/Karjalan-kieli-el%C3%A4y-104724438093738<\/strong><\/a><\/p>\n<p>Karjalazet tytit<\/p>\n<p><a href=\"https:\/\/www.facebook.com\/groups\/307952496468297\"><strong>https:\/\/www.facebook.com\/groups\/307952496468297<\/strong><\/a><\/p>\n<p>Opastummo karjalan kieleh<\/p>\n<p><a href=\"https:\/\/www.facebook.com\/groups\/210633132436820\"><strong>https:\/\/www.facebook.com\/groups\/210633132436820<\/strong><\/a><\/p>\n<p>Paginperti<\/p>\n<p><a href=\"https:\/\/www.facebook.com\/Paginperti-Pakinapertti-354410998236008\"><strong>https:\/\/www.facebook.com\/Paginperti-Pakinapertti-354410998236008<\/strong><\/a><\/p>\n<p>Sotku<\/p>\n<p><a href=\"https:\/\/www.facebook.com\/SotkuLindu1\"><strong>https:\/\/www.facebook.com\/SotkuLindu1<\/strong><\/a><\/p>\n<p>Koirien elostu<\/p>\n<p><a href=\"https:\/\/www.facebook.com\/koirienelostu\"><strong>https:\/\/www.facebook.com\/koirienelostu<\/strong><\/a><\/p>\n<p>Minu\u0161ka<\/p>\n<p><a href=\"https:\/\/www.facebook.com\/groups\/1210280412467917\"><strong>https:\/\/www.facebook.com\/groups\/1210280412467917<\/strong><\/a><\/p>\n<p>Kuva: Pixabay<\/p>\n<p><img loading=\"lazy\" decoding=\"async\" class=\"alignnone wp-image-3563\" src=\"https:\/\/blogs.uef.fi\/karjalanelvytys\/wp-content\/uploads\/sites\/155\/2022\/01\/Loitto-opastus_Pixabay-300x262.png\" alt=\"Loitto-opastus\" width=\"456\" height=\"398\" srcset=\"https:\/\/blogs.uef.fi\/karjalanelvytys\/wp-content\/uploads\/sites\/155\/2022\/01\/Loitto-opastus_Pixabay-300x262.png 300w, https:\/\/blogs.uef.fi\/karjalanelvytys\/wp-content\/uploads\/sites\/155\/2022\/01\/Loitto-opastus_Pixabay-768x670.png 768w, https:\/\/blogs.uef.fi\/karjalanelvytys\/wp-content\/uploads\/sites\/155\/2022\/01\/Loitto-opastus_Pixabay.png 825w\" sizes=\"auto, (max-width: 456px) 100vw, 456px\" \/><\/p>\n","protected":false},"excerpt":{"rendered":"<p>T\u00e4s l\u00f6vv\u00e4t \u00e4ij\u00e4n eriluadustu materjualua karjalan kielen opastundah ni\u0161koi: Livvinkarjalan kielioppi 2021 https:\/\/www.karjalansivistysseura.fi\/wp-content\/uploads\/2021\/04\/Pyoli-livvinkarjalan-kielioppi.pdf Ig\u00e4 el\u00e4, ig\u00e4 opastu \u2013 ka\u010dahtus livvinkarjalah (2019) https:\/\/blogs.uef.fi\/karjalanelvytys\/livvinkarjalan-kielikurssi-2019 Karjalan kielen elvytysprojektan blogu https:\/\/blogs.uef.fi\/karjalanelvytys\/ Liygii livvikse http:\/\/avtor.karelia.ru\/elbibl\/ruppieva\/livvin_algukursu\/index.html http:\/\/avtor.karelia.ru\/elbibl\/ruppieva\/livvin_algukursu_2\/index.html Opastusmaterjualua: kuvasanakniigu, kielioppi, algukursu da muudu https:\/\/opastajat.net\/ Videot Opastusvideot https:\/\/blogs.uef.fi\/karjalanelvytys\/opassusvideot\/ Pagize karjalakse kois, laukas dai muijal https:\/\/www.youtube.com\/watch?v=gqGycSqNtDM L\u00e4htin min\u00e4 L\u00e4kk\u00f6il\u00e4h da muudu Karjalan tv:n [&hellip;]<\/p>\n","protected":false},"author":480,"featured_media":0,"parent":0,"menu_order":0,"comment_status":"closed","ping_status":"closed","template":"","meta":{"_acf_changed":false,"footnotes":""},"class_list":["post-3557","page","type-page","status-publish","hentry"],"acf":[],"yoast_head":"<!-- This site is optimized with the Yoast SEO plugin v27.3 - https:\/\/yoast.com\/product\/yoast-seo-wordpress\/ -->\n<title>Linkat livvinkarjalan opastusmaterjualah - Karjalan kielen elvytt\u00e4minen<\/title>\n<meta name=\"robots\" content=\"index, follow, max-snippet:-1, max-image-preview:large, max-video-preview:-1\" \/>\n<link rel=\"canonical\" href=\"https:\/\/blogs.uef.fi\/karjalanelvytys\/linkat-livvinkarjalan-opastusmaterjualah\/\" \/>\n<meta property=\"og:locale\" content=\"fi_FI\" \/>\n<meta property=\"og:type\" content=\"article\" \/>\n<meta property=\"og:title\" content=\"Linkat livvinkarjalan opastusmaterjualah - Karjalan kielen elvytt\u00e4minen\" \/>\n<meta property=\"og:description\" content=\"T\u00e4s l\u00f6vv\u00e4t \u00e4ij\u00e4n eriluadustu materjualua karjalan kielen opastundah ni\u0161koi: Livvinkarjalan kielioppi 2021 https:\/\/www.karjalansivistysseura.fi\/wp-content\/uploads\/2021\/04\/Pyoli-livvinkarjalan-kielioppi.pdf Ig\u00e4 el\u00e4, ig\u00e4 opastu \u2013 ka\u010dahtus livvinkarjalah (2019) https:\/\/blogs.uef.fi\/karjalanelvytys\/livvinkarjalan-kielikurssi-2019 Karjalan kielen elvytysprojektan blogu https:\/\/blogs.uef.fi\/karjalanelvytys\/ Liygii livvikse http:\/\/avtor.karelia.ru\/elbibl\/ruppieva\/livvin_algukursu\/index.html http:\/\/avtor.karelia.ru\/elbibl\/ruppieva\/livvin_algukursu_2\/index.html Opastusmaterjualua: kuvasanakniigu, kielioppi, algukursu da muudu https:\/\/opastajat.net\/ Videot Opastusvideot https:\/\/blogs.uef.fi\/karjalanelvytys\/opassusvideot\/ Pagize karjalakse kois, laukas dai muijal https:\/\/www.youtube.com\/watch?v=gqGycSqNtDM L\u00e4htin min\u00e4 L\u00e4kk\u00f6il\u00e4h da muudu Karjalan tv:n [&hellip;]\" \/>\n<meta property=\"og:url\" content=\"https:\/\/blogs.uef.fi\/karjalanelvytys\/linkat-livvinkarjalan-opastusmaterjualah\/\" \/>\n<meta property=\"og:site_name\" content=\"Karjalan kielen elvytt\u00e4minen\" \/>\n<meta property=\"article:modified_time\" content=\"2026-02-20T13:46:45+00:00\" \/>\n<meta property=\"og:image\" content=\"https:\/\/blogs.uef.fi\/karjalanelvytys\/wp-content\/uploads\/sites\/155\/2022\/01\/Loitto-opastus_Pixabay.png\" \/>\n\t<meta property=\"og:image:width\" content=\"825\" \/>\n\t<meta property=\"og:image:height\" content=\"720\" \/>\n\t<meta property=\"og:image:type\" content=\"image\/png\" \/>\n<meta name=\"twitter:card\" content=\"summary_large_image\" \/>\n<meta name=\"twitter:label1\" content=\"Arvioitu lukuaika\" \/>\n\t<meta name=\"twitter:data1\" content=\"1 minuutti\" \/>\n<script type=\"application\/ld+json\" class=\"yoast-schema-graph\">{\"@context\":\"https:\\\/\\\/schema.org\",\"@graph\":[{\"@type\":\"WebPage\",\"@id\":\"https:\\\/\\\/blogs.uef.fi\\\/karjalanelvytys\\\/linkat-livvinkarjalan-opastusmaterjualah\\\/\",\"url\":\"https:\\\/\\\/blogs.uef.fi\\\/karjalanelvytys\\\/linkat-livvinkarjalan-opastusmaterjualah\\\/\",\"name\":\"Linkat livvinkarjalan opastusmaterjualah - Karjalan kielen elvytt\u00e4minen\",\"isPartOf\":{\"@id\":\"https:\\\/\\\/blogs.uef.fi\\\/karjalanelvytys\\\/#website\"},\"primaryImageOfPage\":{\"@id\":\"https:\\\/\\\/blogs.uef.fi\\\/karjalanelvytys\\\/linkat-livvinkarjalan-opastusmaterjualah\\\/#primaryimage\"},\"image\":{\"@id\":\"https:\\\/\\\/blogs.uef.fi\\\/karjalanelvytys\\\/linkat-livvinkarjalan-opastusmaterjualah\\\/#primaryimage\"},\"thumbnailUrl\":\"https:\\\/\\\/blogs.uef.fi\\\/karjalanelvytys\\\/wp-content\\\/uploads\\\/sites\\\/155\\\/2022\\\/01\\\/Loitto-opastus_Pixabay-300x262.png\",\"datePublished\":\"2022-01-26T09:53:41+00:00\",\"dateModified\":\"2026-02-20T13:46:45+00:00\",\"breadcrumb\":{\"@id\":\"https:\\\/\\\/blogs.uef.fi\\\/karjalanelvytys\\\/linkat-livvinkarjalan-opastusmaterjualah\\\/#breadcrumb\"},\"inLanguage\":\"fi\",\"potentialAction\":[{\"@type\":\"ReadAction\",\"target\":[\"https:\\\/\\\/blogs.uef.fi\\\/karjalanelvytys\\\/linkat-livvinkarjalan-opastusmaterjualah\\\/\"]}]},{\"@type\":\"ImageObject\",\"inLanguage\":\"fi\",\"@id\":\"https:\\\/\\\/blogs.uef.fi\\\/karjalanelvytys\\\/linkat-livvinkarjalan-opastusmaterjualah\\\/#primaryimage\",\"url\":\"https:\\\/\\\/blogs.uef.fi\\\/karjalanelvytys\\\/wp-content\\\/uploads\\\/sites\\\/155\\\/2022\\\/01\\\/Loitto-opastus_Pixabay.png\",\"contentUrl\":\"https:\\\/\\\/blogs.uef.fi\\\/karjalanelvytys\\\/wp-content\\\/uploads\\\/sites\\\/155\\\/2022\\\/01\\\/Loitto-opastus_Pixabay.png\",\"width\":825,\"height\":720},{\"@type\":\"BreadcrumbList\",\"@id\":\"https:\\\/\\\/blogs.uef.fi\\\/karjalanelvytys\\\/linkat-livvinkarjalan-opastusmaterjualah\\\/#breadcrumb\",\"itemListElement\":[{\"@type\":\"ListItem\",\"position\":1,\"name\":\"Home\",\"item\":\"https:\\\/\\\/blogs.uef.fi\\\/karjalanelvytys\\\/\"},{\"@type\":\"ListItem\",\"position\":2,\"name\":\"Linkat livvinkarjalan opastusmaterjualah\"}]},{\"@type\":\"WebSite\",\"@id\":\"https:\\\/\\\/blogs.uef.fi\\\/karjalanelvytys\\\/#website\",\"url\":\"https:\\\/\\\/blogs.uef.fi\\\/karjalanelvytys\\\/\",\"name\":\"Karjalan kielen elvytt\u00e4minen\",\"description\":\"\",\"potentialAction\":[{\"@type\":\"SearchAction\",\"target\":{\"@type\":\"EntryPoint\",\"urlTemplate\":\"https:\\\/\\\/blogs.uef.fi\\\/karjalanelvytys\\\/?s={search_term_string}\"},\"query-input\":{\"@type\":\"PropertyValueSpecification\",\"valueRequired\":true,\"valueName\":\"search_term_string\"}}],\"inLanguage\":\"fi\"}]}<\/script>\n<!-- \/ Yoast SEO plugin. -->","yoast_head_json":{"title":"Linkat livvinkarjalan opastusmaterjualah - Karjalan kielen elvytt\u00e4minen","robots":{"index":"index","follow":"follow","max-snippet":"max-snippet:-1","max-image-preview":"max-image-preview:large","max-video-preview":"max-video-preview:-1"},"canonical":"https:\/\/blogs.uef.fi\/karjalanelvytys\/linkat-livvinkarjalan-opastusmaterjualah\/","og_locale":"fi_FI","og_type":"article","og_title":"Linkat livvinkarjalan opastusmaterjualah - Karjalan kielen elvytt\u00e4minen","og_description":"T\u00e4s l\u00f6vv\u00e4t \u00e4ij\u00e4n eriluadustu materjualua karjalan kielen opastundah ni\u0161koi: Livvinkarjalan kielioppi 2021 https:\/\/www.karjalansivistysseura.fi\/wp-content\/uploads\/2021\/04\/Pyoli-livvinkarjalan-kielioppi.pdf Ig\u00e4 el\u00e4, ig\u00e4 opastu \u2013 ka\u010dahtus livvinkarjalah (2019) https:\/\/blogs.uef.fi\/karjalanelvytys\/livvinkarjalan-kielikurssi-2019 Karjalan kielen elvytysprojektan blogu https:\/\/blogs.uef.fi\/karjalanelvytys\/ Liygii livvikse http:\/\/avtor.karelia.ru\/elbibl\/ruppieva\/livvin_algukursu\/index.html http:\/\/avtor.karelia.ru\/elbibl\/ruppieva\/livvin_algukursu_2\/index.html Opastusmaterjualua: kuvasanakniigu, kielioppi, algukursu da muudu https:\/\/opastajat.net\/ Videot Opastusvideot https:\/\/blogs.uef.fi\/karjalanelvytys\/opassusvideot\/ Pagize karjalakse kois, laukas dai muijal https:\/\/www.youtube.com\/watch?v=gqGycSqNtDM L\u00e4htin min\u00e4 L\u00e4kk\u00f6il\u00e4h da muudu Karjalan tv:n [&hellip;]","og_url":"https:\/\/blogs.uef.fi\/karjalanelvytys\/linkat-livvinkarjalan-opastusmaterjualah\/","og_site_name":"Karjalan kielen elvytt\u00e4minen","article_modified_time":"2026-02-20T13:46:45+00:00","og_image":[{"width":825,"height":720,"url":"https:\/\/blogs.uef.fi\/karjalanelvytys\/wp-content\/uploads\/sites\/155\/2022\/01\/Loitto-opastus_Pixabay.png","type":"image\/png"}],"twitter_card":"summary_large_image","twitter_misc":{"Arvioitu lukuaika":"1 minuutti"},"schema":{"@context":"https:\/\/schema.org","@graph":[{"@type":"WebPage","@id":"https:\/\/blogs.uef.fi\/karjalanelvytys\/linkat-livvinkarjalan-opastusmaterjualah\/","url":"https:\/\/blogs.uef.fi\/karjalanelvytys\/linkat-livvinkarjalan-opastusmaterjualah\/","name":"Linkat livvinkarjalan opastusmaterjualah - Karjalan kielen elvytt\u00e4minen","isPartOf":{"@id":"https:\/\/blogs.uef.fi\/karjalanelvytys\/#website"},"primaryImageOfPage":{"@id":"https:\/\/blogs.uef.fi\/karjalanelvytys\/linkat-livvinkarjalan-opastusmaterjualah\/#primaryimage"},"image":{"@id":"https:\/\/blogs.uef.fi\/karjalanelvytys\/linkat-livvinkarjalan-opastusmaterjualah\/#primaryimage"},"thumbnailUrl":"https:\/\/blogs.uef.fi\/karjalanelvytys\/wp-content\/uploads\/sites\/155\/2022\/01\/Loitto-opastus_Pixabay-300x262.png","datePublished":"2022-01-26T09:53:41+00:00","dateModified":"2026-02-20T13:46:45+00:00","breadcrumb":{"@id":"https:\/\/blogs.uef.fi\/karjalanelvytys\/linkat-livvinkarjalan-opastusmaterjualah\/#breadcrumb"},"inLanguage":"fi","potentialAction":[{"@type":"ReadAction","target":["https:\/\/blogs.uef.fi\/karjalanelvytys\/linkat-livvinkarjalan-opastusmaterjualah\/"]}]},{"@type":"ImageObject","inLanguage":"fi","@id":"https:\/\/blogs.uef.fi\/karjalanelvytys\/linkat-livvinkarjalan-opastusmaterjualah\/#primaryimage","url":"https:\/\/blogs.uef.fi\/karjalanelvytys\/wp-content\/uploads\/sites\/155\/2022\/01\/Loitto-opastus_Pixabay.png","contentUrl":"https:\/\/blogs.uef.fi\/karjalanelvytys\/wp-content\/uploads\/sites\/155\/2022\/01\/Loitto-opastus_Pixabay.png","width":825,"height":720},{"@type":"BreadcrumbList","@id":"https:\/\/blogs.uef.fi\/karjalanelvytys\/linkat-livvinkarjalan-opastusmaterjualah\/#breadcrumb","itemListElement":[{"@type":"ListItem","position":1,"name":"Home","item":"https:\/\/blogs.uef.fi\/karjalanelvytys\/"},{"@type":"ListItem","position":2,"name":"Linkat livvinkarjalan opastusmaterjualah"}]},{"@type":"WebSite","@id":"https:\/\/blogs.uef.fi\/karjalanelvytys\/#website","url":"https:\/\/blogs.uef.fi\/karjalanelvytys\/","name":"Karjalan kielen elvytt\u00e4minen","description":"","potentialAction":[{"@type":"SearchAction","target":{"@type":"EntryPoint","urlTemplate":"https:\/\/blogs.uef.fi\/karjalanelvytys\/?s={search_term_string}"},"query-input":{"@type":"PropertyValueSpecification","valueRequired":true,"valueName":"search_term_string"}}],"inLanguage":"fi"}]}},"_links":{"self":[{"href":"https:\/\/blogs.uef.fi\/karjalanelvytys\/wp-json\/wp\/v2\/pages\/3557","targetHints":{"allow":["GET"]}}],"collection":[{"href":"https:\/\/blogs.uef.fi\/karjalanelvytys\/wp-json\/wp\/v2\/pages"}],"about":[{"href":"https:\/\/blogs.uef.fi\/karjalanelvytys\/wp-json\/wp\/v2\/types\/page"}],"author":[{"embeddable":true,"href":"https:\/\/blogs.uef.fi\/karjalanelvytys\/wp-json\/wp\/v2\/users\/480"}],"replies":[{"embeddable":true,"href":"https:\/\/blogs.uef.fi\/karjalanelvytys\/wp-json\/wp\/v2\/comments?post=3557"}],"version-history":[{"count":2,"href":"https:\/\/blogs.uef.fi\/karjalanelvytys\/wp-json\/wp\/v2\/pages\/3557\/revisions"}],"predecessor-version":[{"id":23440,"href":"https:\/\/blogs.uef.fi\/karjalanelvytys\/wp-json\/wp\/v2\/pages\/3557\/revisions\/23440"}],"wp:attachment":[{"href":"https:\/\/blogs.uef.fi\/karjalanelvytys\/wp-json\/wp\/v2\/media?parent=3557"}],"curies":[{"name":"wp","href":"https:\/\/api.w.org\/{rel}","templated":true}]}}