{"id":3546,"date":"2022-01-26T09:33:05","date_gmt":"2022-01-26T07:33:05","guid":{"rendered":"https:\/\/blogs.uef.fi\/karjalanelvytys\/?page_id=3546"},"modified":"2024-09-02T14:45:48","modified_gmt":"2024-09-02T11:45:48","slug":"linkit-vienankarjalan-verkko-opassusmaterijaliloih","status":"publish","type":"page","link":"https:\/\/blogs.uef.fi\/karjalanelvytys\/linkit-vienankarjalan-verkko-opassusmaterijaliloih\/","title":{"rendered":"Linkit vienankarjalan verkko-opa\u0161\u0161u\u0161materijaliloih"},"content":{"rendered":"<p><strong>Vienankarjalan opa\u0161\u0161u\u0161kirjoja ta kielikur\u0161\u0161imaterijalija<\/strong><\/p>\n<p>Jevgeni Karakin: <em>Karjalua vienak\u0161i: vienankarjalan alkeiskur\u0161\u0161i<\/em>. Petroskoi. Periodika, 2017. \u2013 120<\/p>\n<p><a href=\"https:\/\/www.uhtuainfo.fi\/images\/pdf\/2021\/KARAKIN_Karjalua_vienaksi.pdf\" target=\"_blank\" rel=\"noopener\">linkki oppikirjaan: Karakin J. Karjalua vienak\u0161i<\/a><\/p>\n<p>Olga Karlova: <em>Vienankarjalan alkeiskur\u0161\u0161i<\/em>. Petroskoi: Verso, 2011. \u2013 173 s.<\/p>\n<p><a href=\"http:\/\/avtor.karelia.ru\/elbibl\/karlova\/vienankarjalan\/index.html\" target=\"_blank\" rel=\"noopener\">linkki oppikirjaan: Karlova O. Vienankarjalan alkeiskur\u0161\u0161i<\/a><\/p>\n<p><em>Vienankarjalan ta kulttuurin kur\u0161\u0161ivihkot<\/em>. Kahek\u0161an opa\u0161\u0161u\u0161pakettie: \u0160i\u00e4 ta \u0161i\u00e4einu\u0161\u0161u\u0161; Lintumuajilma ta me\u010d\u010d\u00e4; Karjalan elukkamuajilma, kontie; Vejen vil\u2019l\u2019a. Hauki. Kala\u0161\u0161u\u0161; Kyly karjalaisien el\u00e4m\u00e4\u0161\u0161\u00e4; Pereh ta \u0161en rakenneh; Kiukua karjalaisien el\u00e4m\u00e4\u0161\u0161\u00e4; Ihmisen tervehy\u0161 ta hyvinvointi. Joka pakettih kuuluu luventatekstij\u00e4, \u0161anaharjotuk\u0161ie, kielioppitietuo ta \u0161iih kuulujie harjotuk\u0161ie:<\/p>\n<p><a href=\"http:\/\/www.karjalansivistysseura.fi\/oppimateriaalit\/vienankarjalan-ja-kulttuurin-kurssit\/\" target=\"_blank\" rel=\"noopener\">http:\/\/www.karjalansivistysseura.fi\/oppimateriaalit\/vienankarjalan-ja-kulttuurin-kurssit\/<\/a><\/p>\n<p>T\u00e4m\u00e4 kielenopa\u0161\u0161u\u0161paketti on tarkotettu \u0161iula, ken tahtou opa\u0161tuo vienankarjalan kieli\u0161eikkoih lyhy\u010d\u010d\u00e4isien tekstien, dialogien ta harjotuk\u0161ien avulla. N\u00e4it\u00e4 opa\u0161\u0161u\u0161materijalija voipi lukie, kuunnella tai ka\u010d\u010duo videolla, ta ne pa\u0161\u0161atah kaikenik\u00e4sill\u00e4 karjalan kielen opa\u0161tujilla.<\/p>\n<p><a href=\"https:\/\/www.karjalansivistysseura.fi\/oppimateriaalit\/milan-perehen-paiva-verkko-opassusmaterijalit-vienankarjalaksi\/\" target=\"_blank\" rel=\"noopener\">linkki Milan perehen p\u00e4iv\u00e4 -oppimateriaaleihin<\/a><\/p>\n<p><strong>\u0160anakirjat<\/strong><\/p>\n<p><strong>\u00a0<\/strong><\/p>\n<p><em>Karjalan kielen verkkosanakirja (kaikki murteet)<\/em><\/p>\n<p><a href=\"https:\/\/kaino.kotus.fi\/cgi-bin\/kks\/karjala.cgi\" target=\"_blank\" rel=\"noopener\">Linkki Karjalan kielen sanakirja -verkkosanakirjaan<\/a><\/p>\n<p><em>Ven\u00e4j\u00e4-viena \u0161anakirja<\/em> (P. Zaikov et al.:). Petroskoi: Periodika, 2015.<\/p>\n<p><a href=\"http:\/\/resources.krc.karelia.ru\/illh\/doc\/knigi_stati\/sanakirja.pdf\" target=\"_blank\" rel=\"noopener\">linkki Ven\u00e4j\u00e4-viena -sanakirjaan<\/a><\/p>\n<p><strong>\u00a0<\/strong><\/p>\n<p><em>Karjalan varsinaismurtehien sanakirja<\/em> (toim. Vieno Fedotova ja Tatjana Boiko). Petroskoi, 2009.<\/p>\n<p><a href=\"http:\/\/resources.krc.karelia.ru\/illh\/doc\/redkie\/slovar_fedotova.pdf\" target=\"_blank\" rel=\"noopener\">linkki Karjalan varsinaismurtehien sanakirjaan<\/a><\/p>\n<p>Karjalan kielen elvyty\u0161projektin \u0161ana\u0161tojoukon \u0161ana\u0161\u0161ot<\/p>\n<p><a href=\"https:\/\/blogs.uef.fi\/karjalanelvytys\/sanastoryhman-sanastoja\/\">Sanastoryhm\u00e4n sanastoja &#8211; Karjalan kielen elvytt\u00e4minen (uef.fi)<\/a><\/p>\n<p><strong>\u00a0<\/strong><\/p>\n<p><strong>Lukomista vienankarjalak\u0161i<\/strong><\/p>\n<p><em>Vienan tyynet ta tuulet<\/em>: [kertomu\u0161kokoelma \/ luatijat V. I. Karakina, G. J. Lettijeva]. &#8211; Petroskoi : Periodika, 2014. &#8211; 205 s.\u00a0 <a href=\"http:\/\/avtor.karelia.ru\/elbibl\/sborniki\/vienan_tyylet\/index.html\" target=\"_blank\" rel=\"noopener\">linkki Vienan tyynet ta tuulet -kirjaan<\/a><\/p>\n<p><em>Pajuntaimen <\/em>\/ [luatija ta ki\u00e4nt\u00e4j\u00e4 M. A. Spitsina; kuvittaja H. V. Palmgren]. &#8211; Petroskoi : Periodika, 2017. \u2013 Karjalak\u0161i ta veny\u00e4hek\u0161i. <a href=\"http:\/\/avtor.karelia.ru\/elbibl\/spitsyna\/pajuntaimen\/index.html\" target=\"_blank\" rel=\"noopener\">linkki Pajuntaimen-kirjaan<\/a><\/p>\n<p>Nina Arhipova: <em>Vuuvven lippahaini<\/em>: [runot lap\u0161illa] &#8211; Petroskoi : Periodika, 2016. <a href=\"http:\/\/avtor.karelia.ru\/elbibl\/arhipova\/vuuvven\/26\/index.html\" target=\"_blank\" rel=\"noopener\">linkki Vuuvven lippahaini -kirjaan<\/a><\/p>\n<p><em>Olgan \u010duppuni Uutis\u010dupu\u0161\u0161a<\/em>. Voipi lukie ta kuunnella (e\u010d\u010do\u0161ana Uutis\u010dupussa: Olgan \u010duppuni)<\/p>\n<p><a href=\"https:\/\/uutiscuppu.karjalansivistysseura.fi\/?s=Olgan+&amp;et_pb_searchform_submit=et_search_proccess&amp;et_pb_include_posts=yes&amp;et_pb_include_pages=yes\" target=\"_blank\" rel=\"noopener\">Linkki Olgan \u010duppuni -blogiin<\/a><\/p>\n<p><em>Vienankarjalaini pakinaklupilaisien<\/em> ta <em>vienankarjalan opa\u0161tujien<\/em> kirjutuk\u0161ie<\/p>\n<p><a href=\"https:\/\/blogs.uef.fi\/karjalanelvytys\/vienankarjalaini-pakinaklupi\/\" target=\"_blank\" rel=\"noopener\">https:\/\/blogs.uef.fi\/karjalanelvytys\/vienankarjalaini-pakinaklupi\/<\/a><\/p>\n<p><strong>Videoloita<\/strong><\/p>\n<p><em>Karjalan kieli el\u00e4y<\/em> -opa\u0161\u0161u\u0161videot<\/p>\n<p><a href=\"https:\/\/blogs.uef.fi\/karjalanelvytys\/opassusvideot-vienankarjala\/\">Opa\u0161\u0161u\u0161videot vienankarjala &#8211; Karjalan kielen elvytt\u00e4minen (uef.fi)<\/a><\/p>\n<p><em>Ka\u010do ymp\u00e4rihis ta \u0161anele mit\u00e4 ni\u00e4t tahi ruat<\/em> -videopakinat<\/p>\n<p>N\u00e4m\u00e4 lyhy\u010d\u010d\u00e4iset videot on luajittu vienankarjalak\u0161i. Idejana on kuvat \u0161it\u00e4, mit\u00e4 my\u00f6 el\u00e4mm\u00e4 ta ni\u00e4mm\u00e4 ymp\u00e4rihis. Kuvata ta paissa n\u00e4ht\u00e4vy\u00e4 karjalak\u0161i.<\/p>\n<p><a href=\"https:\/\/blogs.uef.fi\/karjalanelvytys\/kaco-ymparihis-ta-sanele-mita-niat-tahi-ruat-videopakinat\/\" target=\"_blank\" rel=\"noopener\">Ka\u010do ymp\u00e4rihis ta \u0161anele mit\u00e4 ni\u00e4t tahi ruat -videopakinat &#8211; Karjalan kielen elvytt\u00e4minen (uef.fi)<\/a><\/p>\n<p><strong>K\u00e4\u00e4nn\u00f6ssadut &#8211; <em>Punahilkka, Kaunotar ja hirvi\u00f6 &#8211; <\/em>vienankarjalak\u0161i luettuna<\/strong><\/p>\n<p><a href=\"https:\/\/www.youtube.com\/watch?v=aQj_kMbYFu4\" target=\"_blank\" rel=\"noopener\">linkki satuun Ru\u0161kie\u0161li\u00e4pp\u00e4-tytt\u00f6ni<\/a><\/p>\n<p><a href=\"https:\/\/www.youtube.com\/watch?v=Ovju3yjYSXQ&amp;t=600s\" target=\"_blank\" rel=\"noopener\">linkki satuun Kaunikki ta Hirvi\u010d\u010dy<\/a><\/p>\n<p><strong>Piplijan<em> tekstij\u00e4<\/em><\/strong><strong> luvettavak\u0161i ta kuunneltavak\u0161i<\/strong><\/p>\n<p><a href=\"http:\/\/www.finugorbib.com\/bible\/viena\/00_a_about_na.html\" target=\"_blank\" rel=\"noopener\">linkki Raamatun teksteihin karjalaksi<\/a><\/p>\n<p><strong>Piirro\u0161filmij\u00e4 <\/strong><strong>vienankarjalak\u0161i tekstittyn\u00e4<\/strong><\/p>\n<p><em>Krokotiili Gena<\/em> -mul\u2019tikka \/ animatijokinoni (tekstity\u0161 vienankarjalak\u0161i):<\/p>\n<p><a href=\"https:\/\/www.youtube.com\/watch?v=cVDIj9xRoUE\" target=\"_blank\" rel=\"noopener\">linkki piirrosfilmiin Krokotiili Gena<\/a><\/p>\n<p><em>Lumiukko<\/em> -mul\u2019tikka \/ animatijokinoni (tekstity\u0161 vienankarjalak\u0161i):<\/p>\n<p><a href=\"https:\/\/www.youtube.com\/watch?v=d1xd4pJ-RXQ\" target=\"_blank\" rel=\"noopener\">linkki piirrosfilmiin Lumiukko<\/a><\/p>\n<p><em>\u010cepukki<\/em> -mul\u2019tikka \/ animatijokinoni (tekstity\u0161 vienankarjalak\u0161i):<\/p>\n<p><a href=\"https:\/\/www.youtube.com\/watch?v=RwOGLj4OslI&amp;t=356s\" target=\"_blank\" rel=\"noopener\">linkki piirrosfilmiin \u010cepukki<\/a><\/p>\n<p><strong>\u0160anapelit karjalak\u0161i<\/strong><\/p>\n<p><a href=\"https:\/\/opivienankarjalaa.fi\/\" target=\"_blank\" rel=\"noopener\">https:\/\/opivienankarjalaa.fi\/<\/a><\/p>\n<p><strong>Laulua kajahuta<\/strong><\/p>\n<p><em>Karaoke karjalak\u0161i<\/em>:<\/p>\n<p><a href=\"https:\/\/www.pajot.fi\/karaoke\/\" target=\"_blank\" rel=\"noopener\">https:\/\/www.pajot.fi\/karaoke\/<\/a><\/p>\n<p><strong>Facebookissa<\/strong><\/p>\n<p><em>Karjalan kieli el\u00e4y<\/em> -\u0161ivu<\/p>\n<p><a href=\"https:\/\/www.facebook.com\/Karjalan-kieli-el%C3%A4y-104724438093738\" target=\"_blank\" rel=\"noopener\">linkki: Karjalan kieli el\u00e4y -fb-sivu<\/a><\/p>\n<p><em>Vienankarjalaini pakinaklupi<\/em> -joukko<\/p>\n<p><a href=\"https:\/\/blogs.uef.fi\/karjalanelvytys\/vienankarjalaini-pakinaklupi\/\">Vienankarjalaini pakinaklupi &#8211; Karjalan kielen elvytt\u00e4minen (uef.fi)<\/a><\/p>\n<p><a href=\"https:\/\/www.facebook.com\/groups\/1067675747128279\" target=\"_blank\" rel=\"noopener\">linkki: Vienankarjalaini pakinaklupi -fb-joukko<\/a><\/p>\n","protected":false},"excerpt":{"rendered":"<p>Vienankarjalan opa\u0161\u0161u\u0161kirjoja ta kielikur\u0161\u0161imaterijalija Jevgeni Karakin: Karjalua vienak\u0161i: vienankarjalan alkeiskur\u0161\u0161i. Petroskoi. Periodika, 2017. \u2013 120 linkki oppikirjaan: Karakin J. Karjalua vienak\u0161i Olga Karlova: Vienankarjalan alkeiskur\u0161\u0161i. Petroskoi: Verso, 2011. \u2013 173 s. linkki oppikirjaan: Karlova O. Vienankarjalan alkeiskur\u0161\u0161i Vienankarjalan ta kulttuurin kur\u0161\u0161ivihkot. Kahek\u0161an opa\u0161\u0161u\u0161pakettie: \u0160i\u00e4 ta \u0161i\u00e4einu\u0161\u0161u\u0161; Lintumuajilma ta me\u010d\u010d\u00e4; Karjalan elukkamuajilma, kontie; Vejen vil\u2019l\u2019a. Hauki. [&hellip;]<\/p>\n","protected":false},"author":480,"featured_media":0,"parent":0,"menu_order":0,"comment_status":"closed","ping_status":"closed","template":"","meta":{"_acf_changed":false,"footnotes":""},"class_list":["post-3546","page","type-page","status-publish","hentry"],"acf":[],"yoast_head":"<!-- This site is optimized with the Yoast SEO plugin v27.1.1 - https:\/\/yoast.com\/product\/yoast-seo-wordpress\/ -->\n<title>Linkit vienankarjalan verkko-opa\u0161\u0161u\u0161materijaliloih - Karjalan kielen elvytt\u00e4minen<\/title>\n<meta name=\"robots\" content=\"index, follow, max-snippet:-1, max-image-preview:large, max-video-preview:-1\" \/>\n<link rel=\"canonical\" href=\"https:\/\/blogs.uef.fi\/karjalanelvytys\/linkit-vienankarjalan-verkko-opassusmaterijaliloih\/\" \/>\n<meta property=\"og:locale\" content=\"fi_FI\" \/>\n<meta property=\"og:type\" content=\"article\" \/>\n<meta property=\"og:title\" content=\"Linkit vienankarjalan verkko-opa\u0161\u0161u\u0161materijaliloih - Karjalan kielen elvytt\u00e4minen\" \/>\n<meta property=\"og:description\" content=\"Vienankarjalan opa\u0161\u0161u\u0161kirjoja ta kielikur\u0161\u0161imaterijalija Jevgeni Karakin: Karjalua vienak\u0161i: vienankarjalan alkeiskur\u0161\u0161i. Petroskoi. Periodika, 2017. \u2013 120 linkki oppikirjaan: Karakin J. Karjalua vienak\u0161i Olga Karlova: Vienankarjalan alkeiskur\u0161\u0161i. Petroskoi: Verso, 2011. \u2013 173 s. linkki oppikirjaan: Karlova O. Vienankarjalan alkeiskur\u0161\u0161i Vienankarjalan ta kulttuurin kur\u0161\u0161ivihkot. Kahek\u0161an opa\u0161\u0161u\u0161pakettie: \u0160i\u00e4 ta \u0161i\u00e4einu\u0161\u0161u\u0161; Lintumuajilma ta me\u010d\u010d\u00e4; Karjalan elukkamuajilma, kontie; Vejen vil\u2019l\u2019a. Hauki. [&hellip;]\" \/>\n<meta property=\"og:url\" content=\"https:\/\/blogs.uef.fi\/karjalanelvytys\/linkit-vienankarjalan-verkko-opassusmaterijaliloih\/\" \/>\n<meta property=\"og:site_name\" content=\"Karjalan kielen elvytt\u00e4minen\" \/>\n<meta property=\"article:modified_time\" content=\"2024-09-02T11:45:48+00:00\" \/>\n<meta name=\"twitter:card\" content=\"summary_large_image\" \/>\n<meta name=\"twitter:label1\" content=\"Arvioitu lukuaika\" \/>\n\t<meta name=\"twitter:data1\" content=\"3 minuuttia\" \/>\n<script type=\"application\/ld+json\" class=\"yoast-schema-graph\">{\"@context\":\"https:\/\/schema.org\",\"@graph\":[{\"@type\":\"WebPage\",\"@id\":\"https:\/\/blogs.uef.fi\/karjalanelvytys\/linkit-vienankarjalan-verkko-opassusmaterijaliloih\/\",\"url\":\"https:\/\/blogs.uef.fi\/karjalanelvytys\/linkit-vienankarjalan-verkko-opassusmaterijaliloih\/\",\"name\":\"Linkit vienankarjalan verkko-opa\u0161\u0161u\u0161materijaliloih - Karjalan kielen elvytt\u00e4minen\",\"isPartOf\":{\"@id\":\"https:\/\/blogs.uef.fi\/karjalanelvytys\/#website\"},\"datePublished\":\"2022-01-26T07:33:05+00:00\",\"dateModified\":\"2024-09-02T11:45:48+00:00\",\"breadcrumb\":{\"@id\":\"https:\/\/blogs.uef.fi\/karjalanelvytys\/linkit-vienankarjalan-verkko-opassusmaterijaliloih\/#breadcrumb\"},\"inLanguage\":\"fi\",\"potentialAction\":[{\"@type\":\"ReadAction\",\"target\":[\"https:\/\/blogs.uef.fi\/karjalanelvytys\/linkit-vienankarjalan-verkko-opassusmaterijaliloih\/\"]}]},{\"@type\":\"BreadcrumbList\",\"@id\":\"https:\/\/blogs.uef.fi\/karjalanelvytys\/linkit-vienankarjalan-verkko-opassusmaterijaliloih\/#breadcrumb\",\"itemListElement\":[{\"@type\":\"ListItem\",\"position\":1,\"name\":\"Home\",\"item\":\"https:\/\/blogs.uef.fi\/karjalanelvytys\/\"},{\"@type\":\"ListItem\",\"position\":2,\"name\":\"Linkit vienankarjalan verkko-opa\u0161\u0161u\u0161materijaliloih\"}]},{\"@type\":\"WebSite\",\"@id\":\"https:\/\/blogs.uef.fi\/karjalanelvytys\/#website\",\"url\":\"https:\/\/blogs.uef.fi\/karjalanelvytys\/\",\"name\":\"Karjalan kielen elvytt\u00e4minen\",\"description\":\"\",\"potentialAction\":[{\"@type\":\"SearchAction\",\"target\":{\"@type\":\"EntryPoint\",\"urlTemplate\":\"https:\/\/blogs.uef.fi\/karjalanelvytys\/?s={search_term_string}\"},\"query-input\":{\"@type\":\"PropertyValueSpecification\",\"valueRequired\":true,\"valueName\":\"search_term_string\"}}],\"inLanguage\":\"fi\"}]}<\/script>\n<!-- \/ Yoast SEO plugin. -->","yoast_head_json":{"title":"Linkit vienankarjalan verkko-opa\u0161\u0161u\u0161materijaliloih - Karjalan kielen elvytt\u00e4minen","robots":{"index":"index","follow":"follow","max-snippet":"max-snippet:-1","max-image-preview":"max-image-preview:large","max-video-preview":"max-video-preview:-1"},"canonical":"https:\/\/blogs.uef.fi\/karjalanelvytys\/linkit-vienankarjalan-verkko-opassusmaterijaliloih\/","og_locale":"fi_FI","og_type":"article","og_title":"Linkit vienankarjalan verkko-opa\u0161\u0161u\u0161materijaliloih - Karjalan kielen elvytt\u00e4minen","og_description":"Vienankarjalan opa\u0161\u0161u\u0161kirjoja ta kielikur\u0161\u0161imaterijalija Jevgeni Karakin: Karjalua vienak\u0161i: vienankarjalan alkeiskur\u0161\u0161i. Petroskoi. Periodika, 2017. \u2013 120 linkki oppikirjaan: Karakin J. Karjalua vienak\u0161i Olga Karlova: Vienankarjalan alkeiskur\u0161\u0161i. Petroskoi: Verso, 2011. \u2013 173 s. linkki oppikirjaan: Karlova O. Vienankarjalan alkeiskur\u0161\u0161i Vienankarjalan ta kulttuurin kur\u0161\u0161ivihkot. Kahek\u0161an opa\u0161\u0161u\u0161pakettie: \u0160i\u00e4 ta \u0161i\u00e4einu\u0161\u0161u\u0161; Lintumuajilma ta me\u010d\u010d\u00e4; Karjalan elukkamuajilma, kontie; Vejen vil\u2019l\u2019a. Hauki. [&hellip;]","og_url":"https:\/\/blogs.uef.fi\/karjalanelvytys\/linkit-vienankarjalan-verkko-opassusmaterijaliloih\/","og_site_name":"Karjalan kielen elvytt\u00e4minen","article_modified_time":"2024-09-02T11:45:48+00:00","twitter_card":"summary_large_image","twitter_misc":{"Arvioitu lukuaika":"3 minuuttia"},"schema":{"@context":"https:\/\/schema.org","@graph":[{"@type":"WebPage","@id":"https:\/\/blogs.uef.fi\/karjalanelvytys\/linkit-vienankarjalan-verkko-opassusmaterijaliloih\/","url":"https:\/\/blogs.uef.fi\/karjalanelvytys\/linkit-vienankarjalan-verkko-opassusmaterijaliloih\/","name":"Linkit vienankarjalan verkko-opa\u0161\u0161u\u0161materijaliloih - Karjalan kielen elvytt\u00e4minen","isPartOf":{"@id":"https:\/\/blogs.uef.fi\/karjalanelvytys\/#website"},"datePublished":"2022-01-26T07:33:05+00:00","dateModified":"2024-09-02T11:45:48+00:00","breadcrumb":{"@id":"https:\/\/blogs.uef.fi\/karjalanelvytys\/linkit-vienankarjalan-verkko-opassusmaterijaliloih\/#breadcrumb"},"inLanguage":"fi","potentialAction":[{"@type":"ReadAction","target":["https:\/\/blogs.uef.fi\/karjalanelvytys\/linkit-vienankarjalan-verkko-opassusmaterijaliloih\/"]}]},{"@type":"BreadcrumbList","@id":"https:\/\/blogs.uef.fi\/karjalanelvytys\/linkit-vienankarjalan-verkko-opassusmaterijaliloih\/#breadcrumb","itemListElement":[{"@type":"ListItem","position":1,"name":"Home","item":"https:\/\/blogs.uef.fi\/karjalanelvytys\/"},{"@type":"ListItem","position":2,"name":"Linkit vienankarjalan verkko-opa\u0161\u0161u\u0161materijaliloih"}]},{"@type":"WebSite","@id":"https:\/\/blogs.uef.fi\/karjalanelvytys\/#website","url":"https:\/\/blogs.uef.fi\/karjalanelvytys\/","name":"Karjalan kielen elvytt\u00e4minen","description":"","potentialAction":[{"@type":"SearchAction","target":{"@type":"EntryPoint","urlTemplate":"https:\/\/blogs.uef.fi\/karjalanelvytys\/?s={search_term_string}"},"query-input":{"@type":"PropertyValueSpecification","valueRequired":true,"valueName":"search_term_string"}}],"inLanguage":"fi"}]}},"_links":{"self":[{"href":"https:\/\/blogs.uef.fi\/karjalanelvytys\/wp-json\/wp\/v2\/pages\/3546","targetHints":{"allow":["GET"]}}],"collection":[{"href":"https:\/\/blogs.uef.fi\/karjalanelvytys\/wp-json\/wp\/v2\/pages"}],"about":[{"href":"https:\/\/blogs.uef.fi\/karjalanelvytys\/wp-json\/wp\/v2\/types\/page"}],"author":[{"embeddable":true,"href":"https:\/\/blogs.uef.fi\/karjalanelvytys\/wp-json\/wp\/v2\/users\/480"}],"replies":[{"embeddable":true,"href":"https:\/\/blogs.uef.fi\/karjalanelvytys\/wp-json\/wp\/v2\/comments?post=3546"}],"version-history":[{"count":1,"href":"https:\/\/blogs.uef.fi\/karjalanelvytys\/wp-json\/wp\/v2\/pages\/3546\/revisions"}],"predecessor-version":[{"id":18977,"href":"https:\/\/blogs.uef.fi\/karjalanelvytys\/wp-json\/wp\/v2\/pages\/3546\/revisions\/18977"}],"wp:attachment":[{"href":"https:\/\/blogs.uef.fi\/karjalanelvytys\/wp-json\/wp\/v2\/media?parent=3546"}],"curies":[{"name":"wp","href":"https:\/\/api.w.org\/{rel}","templated":true}]}}