{"id":3372,"date":"2022-01-05T11:27:43","date_gmt":"2022-01-05T09:27:43","guid":{"rendered":"https:\/\/blogs.uef.fi\/karjalanelvytys\/?page_id=3372"},"modified":"2025-03-05T14:41:30","modified_gmt":"2025-03-05T12:41:30","slug":"lauri-luukkonen-runoloi","status":"publish","type":"page","link":"https:\/\/blogs.uef.fi\/karjalanelvytys\/lauri-luukkonen-runoloi\/","title":{"rendered":"Lauri Luukkonen: runoloi"},"content":{"rendered":"<p>5.3.2025<\/p>\n<div data-olk-copy-source=\"MessageBody\">Kev\u00e4tkuu\u00a0<br \/>\u00a0<br \/>Hos iellehgi y\u00f6t\u00a0vie vilut,\u00a0<br \/>hos lundu pihas\u00a0vie n\u00e4it,\u00a0<br \/>talvira\u0161kal kovat kivut\u00a0\u2013\u00a0<br \/>kev\u00e4t viennyh\u00a0on sen v\u00e4it.\u00a0<\/div>\n<div data-olk-copy-source=\"MessageBody\">\u00a0<\/div>\n<div data-olk-copy-source=\"MessageBody\"><img loading=\"lazy\" decoding=\"async\" class=\"alignnone wp-image-21743 size-medium\" src=\"https:\/\/blogs.uef.fi\/karjalanelvytys\/wp-content\/uploads\/sites\/155\/2025\/03\/crocus-3232367_1280-300x191.jpg\" alt=\"Kev\u00e4tkuu\" width=\"300\" height=\"191\" srcset=\"https:\/\/blogs.uef.fi\/karjalanelvytys\/wp-content\/uploads\/sites\/155\/2025\/03\/crocus-3232367_1280-300x191.jpg 300w, https:\/\/blogs.uef.fi\/karjalanelvytys\/wp-content\/uploads\/sites\/155\/2025\/03\/crocus-3232367_1280-1024x652.jpg 1024w, https:\/\/blogs.uef.fi\/karjalanelvytys\/wp-content\/uploads\/sites\/155\/2025\/03\/crocus-3232367_1280-768x489.jpg 768w, https:\/\/blogs.uef.fi\/karjalanelvytys\/wp-content\/uploads\/sites\/155\/2025\/03\/crocus-3232367_1280.jpg 1280w\" sizes=\"auto, (max-width: 300px) 100vw, 300px\" \/><\/div>\n<div class=\"x_elementToProof\">\u00a0<\/div>\n<div class=\"x_elementToProof\">Kuva: Pixabay<\/div>\n<p>\u00a0<\/p>\n<p>25.4.2023<\/p>\n<p>Kuuzi Leevi Lehton (1951 \u2013 2019) runuo karjalakse<\/p>\n<p><em>Vallinnuh da karjalakse ki\u00e4nd\u00e4nyh\u00a0<strong> Lauri Luukkonen<\/strong><\/em><\/p>\n<p>\u00a0<\/p>\n<p>1.<\/p>\n<p>Tyhjy kodaine,<\/p>\n<p>levoloin \u017eestizet y\u00f6t<\/p>\n<p>da taivahan valpahus!<\/p>\n<p>Muga<\/p>\n<p>tahtoin lendi\u00e4, hil\u2019l\u2019azeh, ku olizin joga kohtas<\/p>\n<p>sei\u010das.<\/p>\n<p>\u00a0<\/p>\n<p>2.<\/p>\n<p>surun sagarat,<\/p>\n<p>unohtuksen savukkahat tuohukset,<\/p>\n<p>illan olgupi\u00e4dy kivist\u00e4y v\u00e4h\u00e4n<\/p>\n<p>\u00a0<\/p>\n<p>5.<\/p>\n<p>Tuaste konzutah<\/p>\n<p>jo menny\u00f6n kodvazen<\/p>\n<p>kosketus<\/p>\n<p>pi\u00e4sk\u00f6in lendo,<\/p>\n<p>ravei,<\/p>\n<p>lyhyt kui<\/p>\n<p>unohtus<\/p>\n<p>sanoin upottai urostus<\/p>\n<p>ku\u010dun ildoi gostikse<\/p>\n<p>kustahto syv\u00e4l minus<\/p>\n<p>rounu ristikanzan kuva<\/p>\n<p>kez\u00e4nkibei, kirkas<\/p>\n<p>\u00a0<\/p>\n<p>11.<\/p>\n<p>kez\u00e4n taivahal<\/p>\n<p>samat egl\u00e4zet<\/p>\n<p>pilvet<\/p>\n<p>nuoltah omii ruanoi<\/p>\n<p>vallos kus<\/p>\n<p>sygyzyn linnut<\/p>\n<p>ajetah toine tostu<\/p>\n<p>tagua<\/p>\n<p>samazes kusp\u00e4i<\/p>\n<p>valgo<\/p>\n<p>ei tahtos eisty\u00f6<\/p>\n<p>da ei<\/p>\n<p>eisty<\/p>\n<p>\u00a0<\/p>\n<p>15.<\/p>\n<p>Da min kirjutin sen kirjutin vedeh<\/p>\n<p>kirjutin:<\/p>\n<p>l\u00e4ikehtym\u00e4izilleh<\/p>\n<p>\u00a0<\/p>\n<p>29.<\/p>\n<p>Nyg\u00f6i, pagizet minule unis<\/p>\n<p>kui unis.<\/p>\n<p>Taivahan korgevus<\/p>\n<p>kez\u00e4hein\u00e4n duuhu, kosketus, prostihes: kaikin<\/p>\n<p>lyhy\u00f6t,<\/p>\n<p>da muga pitk\u00e4kse aigua<\/p>\n<p>\u00a0<\/p>\n<p><em>Leevi Lehton <\/em>Ihan toinen iankaikkisuus<em>-runokniigasp\u00e4i (1991). PDF-versii:<\/em><\/p>\n<p><a href=\"https:\/\/web.archive.org\/web\/20160914000426\/http:\/leevilehto.net\/?page_id=163\">https:\/\/web.archive.org\/web\/20160914000426\/http:\/\/leevilehto.net\/?page_id=163<\/a><\/p>\n<p><img loading=\"lazy\" decoding=\"async\" class=\"alignnone wp-image-10651\" src=\"https:\/\/blogs.uef.fi\/karjalanelvytys\/wp-content\/uploads\/sites\/155\/2023\/04\/Lauri-Luukkonen-25.4.2023-300x200.jpg\" alt=\"Kez\u00e4\" width=\"537\" height=\"358\" srcset=\"https:\/\/blogs.uef.fi\/karjalanelvytys\/wp-content\/uploads\/sites\/155\/2023\/04\/Lauri-Luukkonen-25.4.2023-300x200.jpg 300w, https:\/\/blogs.uef.fi\/karjalanelvytys\/wp-content\/uploads\/sites\/155\/2023\/04\/Lauri-Luukkonen-25.4.2023-768x512.jpg 768w, https:\/\/blogs.uef.fi\/karjalanelvytys\/wp-content\/uploads\/sites\/155\/2023\/04\/Lauri-Luukkonen-25.4.2023.jpg 960w\" sizes=\"auto, (max-width: 537px) 100vw, 537px\" \/><\/p>\n<p>Kuva: Pixabay<\/p>\n<p>\u00a0<\/p>\n<p>2.3.2023<\/p>\n<p><strong>Lauri Luukkonen: Yhtehine yksin\u00e4\u017eys<\/strong><\/p>\n<p>M\u00e4rr\u00e4n lumen muale andoi<\/p>\n<p>taivas harmai kev\u00e4tkuus.<\/p>\n<p>Min\u00e4 halguo pertih kannoin,<\/p>\n<p>savvu nouzi truvan suus.<\/p>\n<p>\u00a0<\/p>\n<p>Butilkan, toizengi piivuo<\/p>\n<p>ravieh join stolan pieles.<\/p>\n<p>Pertis yksin pi\u00e4tin briiluo \u2013<\/p>\n<p>ga sin\u00e4 olit mieles.<\/p>\n<p>\u00a0<\/p>\n<p>Opiin mustua, mikse egl\u00e4i<\/p>\n<p>meile riidua my\u00f6s rodih?<\/p>\n<p>Sinule vie sanuo p\u00f6ykk\u00e4in:<\/p>\n<p>\u201dL\u00e4htie voit muamas kodih!\u201d<\/p>\n<p>\u00a0<\/p>\n<p>Rubei ildu h\u00e4m\u00e4rdym\u00e4h,<\/p>\n<p>p\u00e4\u010din jo salbain kuhn\u2019as.<\/p>\n<p>Vilut piivot v\u00e4henem\u00e4h<\/p>\n<p>ruvettihgi podvualas.<\/p>\n<p>\u00a0<\/p>\n<p>Avaituksen veri\u00e4h kuulin.<\/p>\n<p>Duumai\u010din: toinah sin\u00e4!<\/p>\n<p>Tiett\u00e4v\u00e4ine vi\u00e4r\u00e4h luulin \u2013<\/p>\n<p>humalniekan n\u00e4in min\u00e4.<\/p>\n<p>\u00a0<\/p>\n<p>Tuttavu oli mu\u017eikku,<\/p>\n<p>istavui da saneli:<\/p>\n<p>\u201dKoisp\u00e4i i\u00e4reh k\u00e4ski akku\u2026\u201d<\/p>\n<p>H\u00e4i sit t\u00e4nne punaldih.<\/p>\n<p>\u00a0<\/p>\n<p>Keral oli h\u00e4nel viinua,<\/p>\n<p>ryypyn minule andoi.<\/p>\n<p>H\u00e4i duumai\u010d\u010di omua Ninua,<\/p>\n<p>da min\u00e4 sinuu, Man\u2019oi.<\/p>\n<p><img loading=\"lazy\" decoding=\"async\" class=\"alignnone wp-image-9990\" src=\"https:\/\/blogs.uef.fi\/karjalanelvytys\/wp-content\/uploads\/sites\/155\/2023\/03\/piivuo_LL-300x226.jpg\" alt=\"Piivuo\" width=\"512\" height=\"386\" srcset=\"https:\/\/blogs.uef.fi\/karjalanelvytys\/wp-content\/uploads\/sites\/155\/2023\/03\/piivuo_LL-300x226.jpg 300w, https:\/\/blogs.uef.fi\/karjalanelvytys\/wp-content\/uploads\/sites\/155\/2023\/03\/piivuo_LL-768x578.jpg 768w, https:\/\/blogs.uef.fi\/karjalanelvytys\/wp-content\/uploads\/sites\/155\/2023\/03\/piivuo_LL.jpg 956w\" sizes=\"auto, (max-width: 512px) 100vw, 512px\" \/><\/p>\n<p>Kuva: Pixabay<\/p>\n<p>\u00a0<\/p>\n<p>6.2.2023<\/p>\n<p><strong>Lauri Luukkonen: Iellehgi karjal<\/strong><\/p>\n<p>Vie el\u00e4n. Vie kirjutan.<\/p>\n<p>Vie valli\u010den karjalan \u2013<\/p>\n<p>harvembah muamankielen.<\/p>\n<p>Kaimannuh olengo mielen?<\/p>\n<p>nenga er\u00e4h\u00e4t duumaijah.<\/p>\n<p>Nu, andau heij\u00e4n diivuija<\/p>\n<p>t\u00e4d\u00e4 suurdu kummua\u2026<\/p>\n<p><img loading=\"lazy\" decoding=\"async\" class=\"alignnone wp-image-9098 size-medium\" src=\"https:\/\/blogs.uef.fi\/karjalanelvytys\/wp-content\/uploads\/sites\/155\/2023\/02\/kesa_OopaSaniid_SirpaManty-1-300x218.jpg\" alt=\"Kez\u00e4\" width=\"300\" height=\"218\" srcset=\"https:\/\/blogs.uef.fi\/karjalanelvytys\/wp-content\/uploads\/sites\/155\/2023\/02\/kesa_OopaSaniid_SirpaManty-1-300x218.jpg 300w, https:\/\/blogs.uef.fi\/karjalanelvytys\/wp-content\/uploads\/sites\/155\/2023\/02\/kesa_OopaSaniid_SirpaManty-1-768x558.jpg 768w, https:\/\/blogs.uef.fi\/karjalanelvytys\/wp-content\/uploads\/sites\/155\/2023\/02\/kesa_OopaSaniid_SirpaManty-1.jpg 910w\" sizes=\"auto, (max-width: 300px) 100vw, 300px\" \/><\/p>\n<p>Kuva: Sirpa M\u00e4nty<\/p>\n<p>\u00a0<\/p>\n<p>1.2.2023<\/p>\n<p><strong>Lauri Luukkonen:\u00a0 Tuhukuun runo<\/strong><\/p>\n<p>Lundu pihal panou.<\/p>\n<p>Talvi tahtuo sanuo:<\/p>\n<p>\u201dLoitton kev\u00e4t on vie \u2013<\/p>\n<p>pitky, pitky sil tie.\u201d<\/p>\n<p>\u00a0<\/p>\n<p>Mua puhtahan valgei,<\/p>\n<p>joga kivos korgei.<\/p>\n<p>V\u00e4ri taivahal muuttuu \u2013<\/p>\n<p>tuu\u010dah taloi puuttuu.<\/p>\n<p>\u00a0<\/p>\n<p>No koditaloidu<\/p>\n<p>(puhu hos kui tuuldu)<\/p>\n<p>et madalakse sua\u2026<\/p>\n<p>olet nyg\u00f6i meij\u00e4n mual.<\/p>\n<p><img loading=\"lazy\" decoding=\"async\" class=\"alignnone wp-image-8976\" src=\"https:\/\/blogs.uef.fi\/karjalanelvytys\/wp-content\/uploads\/sites\/155\/2023\/01\/christmas-2894445_1920-300x182.jpg\" alt=\"Tuhukuu\" width=\"410\" height=\"249\" srcset=\"https:\/\/blogs.uef.fi\/karjalanelvytys\/wp-content\/uploads\/sites\/155\/2023\/01\/christmas-2894445_1920-300x182.jpg 300w, https:\/\/blogs.uef.fi\/karjalanelvytys\/wp-content\/uploads\/sites\/155\/2023\/01\/christmas-2894445_1920-1024x620.jpg 1024w, https:\/\/blogs.uef.fi\/karjalanelvytys\/wp-content\/uploads\/sites\/155\/2023\/01\/christmas-2894445_1920-768x465.jpg 768w, https:\/\/blogs.uef.fi\/karjalanelvytys\/wp-content\/uploads\/sites\/155\/2023\/01\/christmas-2894445_1920-1536x930.jpg 1536w, https:\/\/blogs.uef.fi\/karjalanelvytys\/wp-content\/uploads\/sites\/155\/2023\/01\/christmas-2894445_1920.jpg 1920w\" sizes=\"auto, (max-width: 410px) 100vw, 410px\" \/><\/p>\n<p>Kuva: Pixabay<\/p>\n<p>\u00a0<\/p>\n<p>5.1.2022<\/p>\n<p><strong>Lauri Luukkonen: viizi lyhytty runuo<\/strong><\/p>\n<p>\u00a0<\/p>\n<p>Sinuu viegi<\/p>\n<p>kaibuan ti\u00e4gi<\/p>\n<p>pertis pienes.<\/p>\n<p>Et l\u00e4hte<\/p>\n<p>i\u00e4re mieles.<\/p>\n<p>\u00a0<\/p>\n<p>****<\/p>\n<p>\u00a0<\/p>\n<p>Min\u00e4 mustan<\/p>\n<p>suuren tuskan<\/p>\n<p>niil\u00f6in vuozien,<\/p>\n<p>olgah hos<\/p>\n<p>kui loittozien.<\/p>\n<p>\u00a0<\/p>\n<p>****<\/p>\n<p>\u00a0<\/p>\n<p>Ongo praudu<\/p>\n<p>luja raudu<\/p>\n<p>jogahizes<\/p>\n<p>eloksen<\/p>\n<p>tilandehes?<\/p>\n<p>\u00a0<\/p>\n<p>****<\/p>\n<p>\u00a0<\/p>\n<p>T\u00e4s elaijas<\/p>\n<p>kummakkahas<\/p>\n<p>\u00e4ij\u00e4n ustu<\/p>\n<p>ji\u00e4y ilmai<\/p>\n<p>avaitustu.<\/p>\n<p>\u00a0<\/p>\n<p>****<\/p>\n<p>\u00a0<\/p>\n<p>Loitton kodii<\/p>\n<p>mustua jogie<\/p>\n<p>ka\u010doin sillal<\/p>\n<p>yksin\u00e4h<\/p>\n<p>talvi-illal.<\/p>\n<p>\u00a0<\/p>\n<p><img loading=\"lazy\" decoding=\"async\" class=\"alignnone wp-image-3356 size-full\" src=\"https:\/\/blogs.uef.fi\/karjalanelvytys\/wp-content\/uploads\/sites\/155\/2022\/01\/Sildu-jogi-LL.jpg\" alt=\"Sildu talvel\" width=\"275\" height=\"183\" \/><\/p>\n<p>Kuva: Pixabay<\/p>\n<p>\u00a0<\/p>\n\n\n\n\n<figure class=\"wp-block-image size-large\"><img loading=\"lazy\" decoding=\"async\" width=\"1024\" height=\"652\" src=\"https:\/\/blogs.uef.fi\/karjalanelvytys\/wp-content\/uploads\/sites\/155\/2025\/03\/crocus-3232367_1280-1024x652.jpg\" alt=\"\" class=\"wp-image-21743\" srcset=\"https:\/\/blogs.uef.fi\/karjalanelvytys\/wp-content\/uploads\/sites\/155\/2025\/03\/crocus-3232367_1280-1024x652.jpg 1024w, https:\/\/blogs.uef.fi\/karjalanelvytys\/wp-content\/uploads\/sites\/155\/2025\/03\/crocus-3232367_1280-300x191.jpg 300w, https:\/\/blogs.uef.fi\/karjalanelvytys\/wp-content\/uploads\/sites\/155\/2025\/03\/crocus-3232367_1280-768x489.jpg 768w, https:\/\/blogs.uef.fi\/karjalanelvytys\/wp-content\/uploads\/sites\/155\/2025\/03\/crocus-3232367_1280.jpg 1280w\" sizes=\"auto, (max-width: 1024px) 100vw, 1024px\" \/><\/figure>\n","protected":false},"excerpt":{"rendered":"<p>5.3.2025 Kev\u00e4tkuu\u00a0\u00a0Hos iellehgi y\u00f6t\u00a0vie vilut,\u00a0hos lundu pihas\u00a0vie n\u00e4it,\u00a0talvira\u0161kal kovat kivut\u00a0\u2013\u00a0kev\u00e4t viennyh\u00a0on sen v\u00e4it.\u00a0 \u00a0 \u00a0 Kuva: Pixabay \u00a0 25.4.2023 Kuuzi Leevi Lehton (1951 \u2013 2019) runuo karjalakse Vallinnuh da karjalakse ki\u00e4nd\u00e4nyh\u00a0 Lauri Luukkonen \u00a0 1. Tyhjy kodaine, levoloin \u017eestizet y\u00f6t da taivahan valpahus! Muga tahtoin lendi\u00e4, hil\u2019l\u2019azeh, ku olizin joga kohtas sei\u010das. \u00a0 2. surun [&hellip;]<\/p>\n","protected":false},"author":480,"featured_media":0,"parent":0,"menu_order":0,"comment_status":"closed","ping_status":"closed","template":"","meta":{"_acf_changed":false,"footnotes":""},"class_list":["post-3372","page","type-page","status-publish","hentry"],"acf":[],"yoast_head":"<!-- This site is optimized with the Yoast SEO plugin v27.3 - https:\/\/yoast.com\/product\/yoast-seo-wordpress\/ -->\n<title>Lauri Luukkonen: runoloi - Karjalan kielen elvytt\u00e4minen<\/title>\n<meta name=\"robots\" content=\"index, follow, max-snippet:-1, max-image-preview:large, max-video-preview:-1\" \/>\n<link rel=\"canonical\" href=\"https:\/\/blogs.uef.fi\/karjalanelvytys\/lauri-luukkonen-runoloi\/\" \/>\n<meta property=\"og:locale\" content=\"fi_FI\" \/>\n<meta property=\"og:type\" content=\"article\" \/>\n<meta property=\"og:title\" content=\"Lauri Luukkonen: runoloi - Karjalan kielen elvytt\u00e4minen\" \/>\n<meta property=\"og:description\" content=\"5.3.2025 Kev\u00e4tkuu\u00a0\u00a0Hos iellehgi y\u00f6t\u00a0vie vilut,\u00a0hos lundu pihas\u00a0vie n\u00e4it,\u00a0talvira\u0161kal kovat kivut\u00a0\u2013\u00a0kev\u00e4t viennyh\u00a0on sen v\u00e4it.\u00a0 \u00a0 \u00a0 Kuva: Pixabay \u00a0 25.4.2023 Kuuzi Leevi Lehton (1951 \u2013 2019) runuo karjalakse Vallinnuh da karjalakse ki\u00e4nd\u00e4nyh\u00a0 Lauri Luukkonen \u00a0 1. Tyhjy kodaine, levoloin \u017eestizet y\u00f6t da taivahan valpahus! Muga tahtoin lendi\u00e4, hil\u2019l\u2019azeh, ku olizin joga kohtas sei\u010das. \u00a0 2. surun [&hellip;]\" \/>\n<meta property=\"og:url\" content=\"https:\/\/blogs.uef.fi\/karjalanelvytys\/lauri-luukkonen-runoloi\/\" \/>\n<meta property=\"og:site_name\" content=\"Karjalan kielen elvytt\u00e4minen\" \/>\n<meta property=\"article:modified_time\" content=\"2025-03-05T12:41:30+00:00\" \/>\n<meta property=\"og:image\" content=\"https:\/\/blogs.uef.fi\/karjalanelvytys\/wp-content\/uploads\/sites\/155\/2025\/03\/crocus-3232367_1280.jpg\" \/>\n\t<meta property=\"og:image:width\" content=\"1280\" \/>\n\t<meta property=\"og:image:height\" content=\"815\" \/>\n\t<meta property=\"og:image:type\" content=\"image\/jpeg\" \/>\n<meta name=\"twitter:card\" content=\"summary_large_image\" \/>\n<meta name=\"twitter:label1\" content=\"Arvioitu lukuaika\" \/>\n\t<meta name=\"twitter:data1\" content=\"5 minuuttia\" \/>\n<script type=\"application\/ld+json\" class=\"yoast-schema-graph\">{\"@context\":\"https:\\\/\\\/schema.org\",\"@graph\":[{\"@type\":\"WebPage\",\"@id\":\"https:\\\/\\\/blogs.uef.fi\\\/karjalanelvytys\\\/lauri-luukkonen-runoloi\\\/\",\"url\":\"https:\\\/\\\/blogs.uef.fi\\\/karjalanelvytys\\\/lauri-luukkonen-runoloi\\\/\",\"name\":\"Lauri Luukkonen: runoloi - Karjalan kielen elvytt\u00e4minen\",\"isPartOf\":{\"@id\":\"https:\\\/\\\/blogs.uef.fi\\\/karjalanelvytys\\\/#website\"},\"primaryImageOfPage\":{\"@id\":\"https:\\\/\\\/blogs.uef.fi\\\/karjalanelvytys\\\/lauri-luukkonen-runoloi\\\/#primaryimage\"},\"image\":{\"@id\":\"https:\\\/\\\/blogs.uef.fi\\\/karjalanelvytys\\\/lauri-luukkonen-runoloi\\\/#primaryimage\"},\"thumbnailUrl\":\"https:\\\/\\\/blogs.uef.fi\\\/karjalanelvytys\\\/wp-content\\\/uploads\\\/sites\\\/155\\\/2025\\\/03\\\/crocus-3232367_1280-300x191.jpg\",\"datePublished\":\"2022-01-05T09:27:43+00:00\",\"dateModified\":\"2025-03-05T12:41:30+00:00\",\"breadcrumb\":{\"@id\":\"https:\\\/\\\/blogs.uef.fi\\\/karjalanelvytys\\\/lauri-luukkonen-runoloi\\\/#breadcrumb\"},\"inLanguage\":\"fi\",\"potentialAction\":[{\"@type\":\"ReadAction\",\"target\":[\"https:\\\/\\\/blogs.uef.fi\\\/karjalanelvytys\\\/lauri-luukkonen-runoloi\\\/\"]}]},{\"@type\":\"ImageObject\",\"inLanguage\":\"fi\",\"@id\":\"https:\\\/\\\/blogs.uef.fi\\\/karjalanelvytys\\\/lauri-luukkonen-runoloi\\\/#primaryimage\",\"url\":\"https:\\\/\\\/blogs.uef.fi\\\/karjalanelvytys\\\/wp-content\\\/uploads\\\/sites\\\/155\\\/2025\\\/03\\\/crocus-3232367_1280.jpg\",\"contentUrl\":\"https:\\\/\\\/blogs.uef.fi\\\/karjalanelvytys\\\/wp-content\\\/uploads\\\/sites\\\/155\\\/2025\\\/03\\\/crocus-3232367_1280.jpg\",\"width\":1280,\"height\":815},{\"@type\":\"BreadcrumbList\",\"@id\":\"https:\\\/\\\/blogs.uef.fi\\\/karjalanelvytys\\\/lauri-luukkonen-runoloi\\\/#breadcrumb\",\"itemListElement\":[{\"@type\":\"ListItem\",\"position\":1,\"name\":\"Home\",\"item\":\"https:\\\/\\\/blogs.uef.fi\\\/karjalanelvytys\\\/\"},{\"@type\":\"ListItem\",\"position\":2,\"name\":\"Lauri Luukkonen: runoloi\"}]},{\"@type\":\"WebSite\",\"@id\":\"https:\\\/\\\/blogs.uef.fi\\\/karjalanelvytys\\\/#website\",\"url\":\"https:\\\/\\\/blogs.uef.fi\\\/karjalanelvytys\\\/\",\"name\":\"Karjalan kielen elvytt\u00e4minen\",\"description\":\"\",\"potentialAction\":[{\"@type\":\"SearchAction\",\"target\":{\"@type\":\"EntryPoint\",\"urlTemplate\":\"https:\\\/\\\/blogs.uef.fi\\\/karjalanelvytys\\\/?s={search_term_string}\"},\"query-input\":{\"@type\":\"PropertyValueSpecification\",\"valueRequired\":true,\"valueName\":\"search_term_string\"}}],\"inLanguage\":\"fi\"}]}<\/script>\n<!-- \/ Yoast SEO plugin. -->","yoast_head_json":{"title":"Lauri Luukkonen: runoloi - Karjalan kielen elvytt\u00e4minen","robots":{"index":"index","follow":"follow","max-snippet":"max-snippet:-1","max-image-preview":"max-image-preview:large","max-video-preview":"max-video-preview:-1"},"canonical":"https:\/\/blogs.uef.fi\/karjalanelvytys\/lauri-luukkonen-runoloi\/","og_locale":"fi_FI","og_type":"article","og_title":"Lauri Luukkonen: runoloi - Karjalan kielen elvytt\u00e4minen","og_description":"5.3.2025 Kev\u00e4tkuu\u00a0\u00a0Hos iellehgi y\u00f6t\u00a0vie vilut,\u00a0hos lundu pihas\u00a0vie n\u00e4it,\u00a0talvira\u0161kal kovat kivut\u00a0\u2013\u00a0kev\u00e4t viennyh\u00a0on sen v\u00e4it.\u00a0 \u00a0 \u00a0 Kuva: Pixabay \u00a0 25.4.2023 Kuuzi Leevi Lehton (1951 \u2013 2019) runuo karjalakse Vallinnuh da karjalakse ki\u00e4nd\u00e4nyh\u00a0 Lauri Luukkonen \u00a0 1. Tyhjy kodaine, levoloin \u017eestizet y\u00f6t da taivahan valpahus! Muga tahtoin lendi\u00e4, hil\u2019l\u2019azeh, ku olizin joga kohtas sei\u010das. \u00a0 2. surun [&hellip;]","og_url":"https:\/\/blogs.uef.fi\/karjalanelvytys\/lauri-luukkonen-runoloi\/","og_site_name":"Karjalan kielen elvytt\u00e4minen","article_modified_time":"2025-03-05T12:41:30+00:00","og_image":[{"width":1280,"height":815,"url":"https:\/\/blogs.uef.fi\/karjalanelvytys\/wp-content\/uploads\/sites\/155\/2025\/03\/crocus-3232367_1280.jpg","type":"image\/jpeg"}],"twitter_card":"summary_large_image","twitter_misc":{"Arvioitu lukuaika":"5 minuuttia"},"schema":{"@context":"https:\/\/schema.org","@graph":[{"@type":"WebPage","@id":"https:\/\/blogs.uef.fi\/karjalanelvytys\/lauri-luukkonen-runoloi\/","url":"https:\/\/blogs.uef.fi\/karjalanelvytys\/lauri-luukkonen-runoloi\/","name":"Lauri Luukkonen: runoloi - Karjalan kielen elvytt\u00e4minen","isPartOf":{"@id":"https:\/\/blogs.uef.fi\/karjalanelvytys\/#website"},"primaryImageOfPage":{"@id":"https:\/\/blogs.uef.fi\/karjalanelvytys\/lauri-luukkonen-runoloi\/#primaryimage"},"image":{"@id":"https:\/\/blogs.uef.fi\/karjalanelvytys\/lauri-luukkonen-runoloi\/#primaryimage"},"thumbnailUrl":"https:\/\/blogs.uef.fi\/karjalanelvytys\/wp-content\/uploads\/sites\/155\/2025\/03\/crocus-3232367_1280-300x191.jpg","datePublished":"2022-01-05T09:27:43+00:00","dateModified":"2025-03-05T12:41:30+00:00","breadcrumb":{"@id":"https:\/\/blogs.uef.fi\/karjalanelvytys\/lauri-luukkonen-runoloi\/#breadcrumb"},"inLanguage":"fi","potentialAction":[{"@type":"ReadAction","target":["https:\/\/blogs.uef.fi\/karjalanelvytys\/lauri-luukkonen-runoloi\/"]}]},{"@type":"ImageObject","inLanguage":"fi","@id":"https:\/\/blogs.uef.fi\/karjalanelvytys\/lauri-luukkonen-runoloi\/#primaryimage","url":"https:\/\/blogs.uef.fi\/karjalanelvytys\/wp-content\/uploads\/sites\/155\/2025\/03\/crocus-3232367_1280.jpg","contentUrl":"https:\/\/blogs.uef.fi\/karjalanelvytys\/wp-content\/uploads\/sites\/155\/2025\/03\/crocus-3232367_1280.jpg","width":1280,"height":815},{"@type":"BreadcrumbList","@id":"https:\/\/blogs.uef.fi\/karjalanelvytys\/lauri-luukkonen-runoloi\/#breadcrumb","itemListElement":[{"@type":"ListItem","position":1,"name":"Home","item":"https:\/\/blogs.uef.fi\/karjalanelvytys\/"},{"@type":"ListItem","position":2,"name":"Lauri Luukkonen: runoloi"}]},{"@type":"WebSite","@id":"https:\/\/blogs.uef.fi\/karjalanelvytys\/#website","url":"https:\/\/blogs.uef.fi\/karjalanelvytys\/","name":"Karjalan kielen elvytt\u00e4minen","description":"","potentialAction":[{"@type":"SearchAction","target":{"@type":"EntryPoint","urlTemplate":"https:\/\/blogs.uef.fi\/karjalanelvytys\/?s={search_term_string}"},"query-input":{"@type":"PropertyValueSpecification","valueRequired":true,"valueName":"search_term_string"}}],"inLanguage":"fi"}]}},"_links":{"self":[{"href":"https:\/\/blogs.uef.fi\/karjalanelvytys\/wp-json\/wp\/v2\/pages\/3372","targetHints":{"allow":["GET"]}}],"collection":[{"href":"https:\/\/blogs.uef.fi\/karjalanelvytys\/wp-json\/wp\/v2\/pages"}],"about":[{"href":"https:\/\/blogs.uef.fi\/karjalanelvytys\/wp-json\/wp\/v2\/types\/page"}],"author":[{"embeddable":true,"href":"https:\/\/blogs.uef.fi\/karjalanelvytys\/wp-json\/wp\/v2\/users\/480"}],"replies":[{"embeddable":true,"href":"https:\/\/blogs.uef.fi\/karjalanelvytys\/wp-json\/wp\/v2\/comments?post=3372"}],"version-history":[{"count":2,"href":"https:\/\/blogs.uef.fi\/karjalanelvytys\/wp-json\/wp\/v2\/pages\/3372\/revisions"}],"predecessor-version":[{"id":21747,"href":"https:\/\/blogs.uef.fi\/karjalanelvytys\/wp-json\/wp\/v2\/pages\/3372\/revisions\/21747"}],"wp:attachment":[{"href":"https:\/\/blogs.uef.fi\/karjalanelvytys\/wp-json\/wp\/v2\/media?parent=3372"}],"curies":[{"name":"wp","href":"https:\/\/api.w.org\/{rel}","templated":true}]}}