{"id":3062,"date":"2021-12-09T09:06:24","date_gmt":"2021-12-09T07:06:24","guid":{"rendered":"https:\/\/blogs.uef.fi\/karjalanelvytys\/?page_id=3062"},"modified":"2021-12-09T09:12:34","modified_gmt":"2021-12-09T07:12:34","slug":"hannu-turunen-probliemu-komiksa","status":"publish","type":"page","link":"https:\/\/blogs.uef.fi\/karjalanelvytys\/hannu-turunen-probliemu-komiksa\/","title":{"rendered":"Hannu Turunen: Probliemu-komiksu"},"content":{"rendered":"<p><strong>Kek\u0161i ta kirjuta pakinapul&#8217;kkuloih vuoropakinat karjalak\u0161i<\/strong><\/p>\n<div id=\"attachment_3065\" style=\"width: 225px\" class=\"wp-caption alignnone\"><img loading=\"lazy\" decoding=\"async\" aria-describedby=\"caption-attachment-3065\" class=\"size-medium wp-image-3065\" src=\"https:\/\/blogs.uef.fi\/karjalanelvytys\/wp-content\/uploads\/sites\/155\/2021\/12\/probliemu_hannu-turunen_komiksa-215x300.jpg\" alt=\"Ongelma-niminen sarjakuva\" width=\"215\" height=\"300\" srcset=\"https:\/\/blogs.uef.fi\/karjalanelvytys\/wp-content\/uploads\/sites\/155\/2021\/12\/probliemu_hannu-turunen_komiksa-215x300.jpg 215w, https:\/\/blogs.uef.fi\/karjalanelvytys\/wp-content\/uploads\/sites\/155\/2021\/12\/probliemu_hannu-turunen_komiksa-733x1024.jpg 733w, https:\/\/blogs.uef.fi\/karjalanelvytys\/wp-content\/uploads\/sites\/155\/2021\/12\/probliemu_hannu-turunen_komiksa-768x1072.jpg 768w, https:\/\/blogs.uef.fi\/karjalanelvytys\/wp-content\/uploads\/sites\/155\/2021\/12\/probliemu_hannu-turunen_komiksa-1100x1536.jpg 1100w, https:\/\/blogs.uef.fi\/karjalanelvytys\/wp-content\/uploads\/sites\/155\/2021\/12\/probliemu_hannu-turunen_komiksa-1467x2048.jpg 1467w, https:\/\/blogs.uef.fi\/karjalanelvytys\/wp-content\/uploads\/sites\/155\/2021\/12\/probliemu_hannu-turunen_komiksa-scaled.jpg 1834w\" sizes=\"auto, (max-width: 215px) 100vw, 215px\" \/><p id=\"caption-attachment-3065\" class=\"wp-caption-text\">Probliemu<\/p><\/div>\n<p>&nbsp;<\/p>\n<p>Lapinlahen Kaskikuusen rahvahanopiston karjalan kielen opa\u0161taja Hannu Turunen on piiru\u0161tan komiksan nimelt\u00e4h Proplema. Hannu ku\u010d\u010duu karjalan kielen opa\u0161tujie kek\u0161im\u00e4h ta kirjuttamah komiksan pakinapul&#8217;kkuloih vuoropakinat. Valmehet komiksat eri karjalan murtehilla voipi julkaissa Karjalan kieli el\u00e4y &#8211; ta Opa\u0161\u0161umma karjalak\u0161i -joukkoloissa.<\/p>\n","protected":false},"excerpt":{"rendered":"<p>Kek\u0161i ta kirjuta pakinapul&#8217;kkuloih vuoropakinat karjalak\u0161i &nbsp; Lapinlahen Kaskikuusen rahvahanopiston karjalan kielen opa\u0161taja Hannu Turunen on piiru\u0161tan komiksan nimelt\u00e4h Proplema. Hannu ku\u010d\u010duu karjalan kielen opa\u0161tujie kek\u0161im\u00e4h ta kirjuttamah komiksan pakinapul&#8217;kkuloih vuoropakinat. Valmehet komiksat eri karjalan murtehilla voipi julkaissa Karjalan kieli el\u00e4y &#8211; ta Opa\u0161\u0161umma karjalak\u0161i -joukkoloissa.<\/p>\n","protected":false},"author":480,"featured_media":0,"parent":0,"menu_order":0,"comment_status":"closed","ping_status":"closed","template":"","meta":{"_acf_changed":false,"footnotes":""},"class_list":["post-3062","page","type-page","status-publish","hentry"],"acf":[],"yoast_head":"<!-- This site is optimized with the Yoast SEO plugin v27.3 - https:\/\/yoast.com\/product\/yoast-seo-wordpress\/ -->\n<title>Hannu Turunen: Probliemu-komiksu - Karjalan kielen elvytt\u00e4minen<\/title>\n<meta name=\"robots\" content=\"index, follow, max-snippet:-1, max-image-preview:large, max-video-preview:-1\" \/>\n<link rel=\"canonical\" href=\"https:\/\/blogs.uef.fi\/karjalanelvytys\/hannu-turunen-probliemu-komiksa\/\" \/>\n<meta property=\"og:locale\" content=\"fi_FI\" \/>\n<meta property=\"og:type\" content=\"article\" \/>\n<meta property=\"og:title\" content=\"Hannu Turunen: Probliemu-komiksu - Karjalan kielen elvytt\u00e4minen\" \/>\n<meta property=\"og:description\" content=\"Kek\u0161i ta kirjuta pakinapul&#8217;kkuloih vuoropakinat karjalak\u0161i &nbsp; Lapinlahen Kaskikuusen rahvahanopiston karjalan kielen opa\u0161taja Hannu Turunen on piiru\u0161tan komiksan nimelt\u00e4h Proplema. Hannu ku\u010d\u010duu karjalan kielen opa\u0161tujie kek\u0161im\u00e4h ta kirjuttamah komiksan pakinapul&#8217;kkuloih vuoropakinat. Valmehet komiksat eri karjalan murtehilla voipi julkaissa Karjalan kieli el\u00e4y &#8211; ta Opa\u0161\u0161umma karjalak\u0161i -joukkoloissa.\" \/>\n<meta property=\"og:url\" content=\"https:\/\/blogs.uef.fi\/karjalanelvytys\/hannu-turunen-probliemu-komiksa\/\" \/>\n<meta property=\"og:site_name\" content=\"Karjalan kielen elvytt\u00e4minen\" \/>\n<meta property=\"article:modified_time\" content=\"2021-12-09T07:12:34+00:00\" \/>\n<meta property=\"og:image\" content=\"https:\/\/blogs.uef.fi\/karjalanelvytys\/wp-content\/uploads\/sites\/155\/2021\/12\/probliemu_hannu-turunen_komiksa-215x300.jpg\" \/>\n<meta name=\"twitter:card\" content=\"summary_large_image\" \/>\n<script type=\"application\/ld+json\" class=\"yoast-schema-graph\">{\"@context\":\"https:\\\/\\\/schema.org\",\"@graph\":[{\"@type\":\"WebPage\",\"@id\":\"https:\\\/\\\/blogs.uef.fi\\\/karjalanelvytys\\\/hannu-turunen-probliemu-komiksa\\\/\",\"url\":\"https:\\\/\\\/blogs.uef.fi\\\/karjalanelvytys\\\/hannu-turunen-probliemu-komiksa\\\/\",\"name\":\"Hannu Turunen: Probliemu-komiksu - Karjalan kielen elvytt\u00e4minen\",\"isPartOf\":{\"@id\":\"https:\\\/\\\/blogs.uef.fi\\\/karjalanelvytys\\\/#website\"},\"primaryImageOfPage\":{\"@id\":\"https:\\\/\\\/blogs.uef.fi\\\/karjalanelvytys\\\/hannu-turunen-probliemu-komiksa\\\/#primaryimage\"},\"image\":{\"@id\":\"https:\\\/\\\/blogs.uef.fi\\\/karjalanelvytys\\\/hannu-turunen-probliemu-komiksa\\\/#primaryimage\"},\"thumbnailUrl\":\"https:\\\/\\\/blogs.uef.fi\\\/karjalanelvytys\\\/wp-content\\\/uploads\\\/sites\\\/155\\\/2021\\\/12\\\/probliemu_hannu-turunen_komiksa-215x300.jpg\",\"datePublished\":\"2021-12-09T07:06:24+00:00\",\"dateModified\":\"2021-12-09T07:12:34+00:00\",\"breadcrumb\":{\"@id\":\"https:\\\/\\\/blogs.uef.fi\\\/karjalanelvytys\\\/hannu-turunen-probliemu-komiksa\\\/#breadcrumb\"},\"inLanguage\":\"fi\",\"potentialAction\":[{\"@type\":\"ReadAction\",\"target\":[\"https:\\\/\\\/blogs.uef.fi\\\/karjalanelvytys\\\/hannu-turunen-probliemu-komiksa\\\/\"]}]},{\"@type\":\"ImageObject\",\"inLanguage\":\"fi\",\"@id\":\"https:\\\/\\\/blogs.uef.fi\\\/karjalanelvytys\\\/hannu-turunen-probliemu-komiksa\\\/#primaryimage\",\"url\":\"https:\\\/\\\/blogs.uef.fi\\\/karjalanelvytys\\\/wp-content\\\/uploads\\\/sites\\\/155\\\/2021\\\/12\\\/probliemu_hannu-turunen_komiksa-215x300.jpg\",\"contentUrl\":\"https:\\\/\\\/blogs.uef.fi\\\/karjalanelvytys\\\/wp-content\\\/uploads\\\/sites\\\/155\\\/2021\\\/12\\\/probliemu_hannu-turunen_komiksa-215x300.jpg\"},{\"@type\":\"BreadcrumbList\",\"@id\":\"https:\\\/\\\/blogs.uef.fi\\\/karjalanelvytys\\\/hannu-turunen-probliemu-komiksa\\\/#breadcrumb\",\"itemListElement\":[{\"@type\":\"ListItem\",\"position\":1,\"name\":\"Home\",\"item\":\"https:\\\/\\\/blogs.uef.fi\\\/karjalanelvytys\\\/\"},{\"@type\":\"ListItem\",\"position\":2,\"name\":\"Hannu Turunen: Probliemu-komiksu\"}]},{\"@type\":\"WebSite\",\"@id\":\"https:\\\/\\\/blogs.uef.fi\\\/karjalanelvytys\\\/#website\",\"url\":\"https:\\\/\\\/blogs.uef.fi\\\/karjalanelvytys\\\/\",\"name\":\"Karjalan kielen elvytt\u00e4minen\",\"description\":\"\",\"potentialAction\":[{\"@type\":\"SearchAction\",\"target\":{\"@type\":\"EntryPoint\",\"urlTemplate\":\"https:\\\/\\\/blogs.uef.fi\\\/karjalanelvytys\\\/?s={search_term_string}\"},\"query-input\":{\"@type\":\"PropertyValueSpecification\",\"valueRequired\":true,\"valueName\":\"search_term_string\"}}],\"inLanguage\":\"fi\"}]}<\/script>\n<!-- \/ Yoast SEO plugin. -->","yoast_head_json":{"title":"Hannu Turunen: Probliemu-komiksu - Karjalan kielen elvytt\u00e4minen","robots":{"index":"index","follow":"follow","max-snippet":"max-snippet:-1","max-image-preview":"max-image-preview:large","max-video-preview":"max-video-preview:-1"},"canonical":"https:\/\/blogs.uef.fi\/karjalanelvytys\/hannu-turunen-probliemu-komiksa\/","og_locale":"fi_FI","og_type":"article","og_title":"Hannu Turunen: Probliemu-komiksu - Karjalan kielen elvytt\u00e4minen","og_description":"Kek\u0161i ta kirjuta pakinapul&#8217;kkuloih vuoropakinat karjalak\u0161i &nbsp; Lapinlahen Kaskikuusen rahvahanopiston karjalan kielen opa\u0161taja Hannu Turunen on piiru\u0161tan komiksan nimelt\u00e4h Proplema. Hannu ku\u010d\u010duu karjalan kielen opa\u0161tujie kek\u0161im\u00e4h ta kirjuttamah komiksan pakinapul&#8217;kkuloih vuoropakinat. Valmehet komiksat eri karjalan murtehilla voipi julkaissa Karjalan kieli el\u00e4y &#8211; ta Opa\u0161\u0161umma karjalak\u0161i -joukkoloissa.","og_url":"https:\/\/blogs.uef.fi\/karjalanelvytys\/hannu-turunen-probliemu-komiksa\/","og_site_name":"Karjalan kielen elvytt\u00e4minen","article_modified_time":"2021-12-09T07:12:34+00:00","og_image":[{"url":"https:\/\/blogs.uef.fi\/karjalanelvytys\/wp-content\/uploads\/sites\/155\/2021\/12\/probliemu_hannu-turunen_komiksa-215x300.jpg","type":"","width":"","height":""}],"twitter_card":"summary_large_image","schema":{"@context":"https:\/\/schema.org","@graph":[{"@type":"WebPage","@id":"https:\/\/blogs.uef.fi\/karjalanelvytys\/hannu-turunen-probliemu-komiksa\/","url":"https:\/\/blogs.uef.fi\/karjalanelvytys\/hannu-turunen-probliemu-komiksa\/","name":"Hannu Turunen: Probliemu-komiksu - Karjalan kielen elvytt\u00e4minen","isPartOf":{"@id":"https:\/\/blogs.uef.fi\/karjalanelvytys\/#website"},"primaryImageOfPage":{"@id":"https:\/\/blogs.uef.fi\/karjalanelvytys\/hannu-turunen-probliemu-komiksa\/#primaryimage"},"image":{"@id":"https:\/\/blogs.uef.fi\/karjalanelvytys\/hannu-turunen-probliemu-komiksa\/#primaryimage"},"thumbnailUrl":"https:\/\/blogs.uef.fi\/karjalanelvytys\/wp-content\/uploads\/sites\/155\/2021\/12\/probliemu_hannu-turunen_komiksa-215x300.jpg","datePublished":"2021-12-09T07:06:24+00:00","dateModified":"2021-12-09T07:12:34+00:00","breadcrumb":{"@id":"https:\/\/blogs.uef.fi\/karjalanelvytys\/hannu-turunen-probliemu-komiksa\/#breadcrumb"},"inLanguage":"fi","potentialAction":[{"@type":"ReadAction","target":["https:\/\/blogs.uef.fi\/karjalanelvytys\/hannu-turunen-probliemu-komiksa\/"]}]},{"@type":"ImageObject","inLanguage":"fi","@id":"https:\/\/blogs.uef.fi\/karjalanelvytys\/hannu-turunen-probliemu-komiksa\/#primaryimage","url":"https:\/\/blogs.uef.fi\/karjalanelvytys\/wp-content\/uploads\/sites\/155\/2021\/12\/probliemu_hannu-turunen_komiksa-215x300.jpg","contentUrl":"https:\/\/blogs.uef.fi\/karjalanelvytys\/wp-content\/uploads\/sites\/155\/2021\/12\/probliemu_hannu-turunen_komiksa-215x300.jpg"},{"@type":"BreadcrumbList","@id":"https:\/\/blogs.uef.fi\/karjalanelvytys\/hannu-turunen-probliemu-komiksa\/#breadcrumb","itemListElement":[{"@type":"ListItem","position":1,"name":"Home","item":"https:\/\/blogs.uef.fi\/karjalanelvytys\/"},{"@type":"ListItem","position":2,"name":"Hannu Turunen: Probliemu-komiksu"}]},{"@type":"WebSite","@id":"https:\/\/blogs.uef.fi\/karjalanelvytys\/#website","url":"https:\/\/blogs.uef.fi\/karjalanelvytys\/","name":"Karjalan kielen elvytt\u00e4minen","description":"","potentialAction":[{"@type":"SearchAction","target":{"@type":"EntryPoint","urlTemplate":"https:\/\/blogs.uef.fi\/karjalanelvytys\/?s={search_term_string}"},"query-input":{"@type":"PropertyValueSpecification","valueRequired":true,"valueName":"search_term_string"}}],"inLanguage":"fi"}]}},"_links":{"self":[{"href":"https:\/\/blogs.uef.fi\/karjalanelvytys\/wp-json\/wp\/v2\/pages\/3062","targetHints":{"allow":["GET"]}}],"collection":[{"href":"https:\/\/blogs.uef.fi\/karjalanelvytys\/wp-json\/wp\/v2\/pages"}],"about":[{"href":"https:\/\/blogs.uef.fi\/karjalanelvytys\/wp-json\/wp\/v2\/types\/page"}],"author":[{"embeddable":true,"href":"https:\/\/blogs.uef.fi\/karjalanelvytys\/wp-json\/wp\/v2\/users\/480"}],"replies":[{"embeddable":true,"href":"https:\/\/blogs.uef.fi\/karjalanelvytys\/wp-json\/wp\/v2\/comments?post=3062"}],"version-history":[{"count":2,"href":"https:\/\/blogs.uef.fi\/karjalanelvytys\/wp-json\/wp\/v2\/pages\/3062\/revisions"}],"predecessor-version":[{"id":3077,"href":"https:\/\/blogs.uef.fi\/karjalanelvytys\/wp-json\/wp\/v2\/pages\/3062\/revisions\/3077"}],"wp:attachment":[{"href":"https:\/\/blogs.uef.fi\/karjalanelvytys\/wp-json\/wp\/v2\/media?parent=3062"}],"curies":[{"name":"wp","href":"https:\/\/api.w.org\/{rel}","templated":true}]}}