{"id":3002,"date":"2021-12-07T14:55:29","date_gmt":"2021-12-07T12:55:29","guid":{"rendered":"https:\/\/blogs.uef.fi\/karjalanelvytys\/?page_id=3002"},"modified":"2021-12-08T10:34:38","modified_gmt":"2021-12-08T08:34:38","slug":"luukku-8","status":"publish","type":"page","link":"https:\/\/blogs.uef.fi\/karjalanelvytys\/luukku-8\/","title":{"rendered":"Luukku 8"},"content":{"rendered":"<h1>Karjalaini ro\u0161tuonkalenteri ~ Karjalane ra\u0161tavankalendari ~ Karjalaine rastavankalenduaru<\/h1>\n<h2>8. talvikuuta ~ 8. ra\u0161tavankuuda ~ 8. talvikuudu<\/h2>\n<p>Kirjuttan Olga Karlova<\/p>\n<p><img loading=\"lazy\" decoding=\"async\" class=\"alignnone size-medium wp-image-3008\" src=\"https:\/\/blogs.uef.fi\/karjalanelvytys\/wp-content\/uploads\/sites\/155\/2021\/12\/rostuonkuusi-225x300.jpg\" alt=\"rostuonkuusi\" width=\"225\" height=\"300\" srcset=\"https:\/\/blogs.uef.fi\/karjalanelvytys\/wp-content\/uploads\/sites\/155\/2021\/12\/rostuonkuusi-225x300.jpg 225w, https:\/\/blogs.uef.fi\/karjalanelvytys\/wp-content\/uploads\/sites\/155\/2021\/12\/rostuonkuusi-768x1024.jpg 768w, https:\/\/blogs.uef.fi\/karjalanelvytys\/wp-content\/uploads\/sites\/155\/2021\/12\/rostuonkuusi-1152x1536.jpg 1152w, https:\/\/blogs.uef.fi\/karjalanelvytys\/wp-content\/uploads\/sites\/155\/2021\/12\/rostuonkuusi-1536x2048.jpg 1536w, https:\/\/blogs.uef.fi\/karjalanelvytys\/wp-content\/uploads\/sites\/155\/2021\/12\/rostuonkuusi-scaled.jpg 1920w\" sizes=\"auto, (max-width: 225px) 100vw, 225px\" \/><\/p>\n<p>Jean Sibeliuksen p\u00e4iv\u00e4n\u00e4 tari\u010demma <em>En etsi valtaa loistoa<\/em> -laulun vienankarjalak\u0161i ki\u00e4nnettyn\u00e4 tai laulettuna. T\u00e4m\u00e4n ro\u0161tuonlaulun karjalaini versija on vain vuuvven vanha. Tahot totta\u0161 tiiju\u0161tua, kuin \u0161e on rotiutun?<\/p>\n<p>\u0160uomelaisen musiikin p\u00e4iv\u00e4n\u00e4 himotti \u0161uaha kahallah ro\u0161tuonkalenterin ikkunaista, miss\u00e4 olis mit\u00e4nih musiikkih liittyjy\u00e4 ta karjalan kielell\u00e4. Ro\u0161tuonlaululoista karjalak\u0161i on \u0161uuri tarveh. Ka\u010d\u010delin ki\u00e4nnett\u00e4v\u00e4k\u0161i erimoista ro\u0161tuonlaulun tekstie, kuni ei tullun va\u0161tah kaunis kaikilla \u0161uomelaisilla tuttava <em>En etsi valtaa loistoa<\/em>. Ki\u00e4nty\u00e4ss\u00e4 kuuntelin \u0161it\u00e4 moneh kertah laulettuna ta hivoin ki\u00e4nnett\u00e4v\u00e4n\u00e4 olijua tekstie melodijan mukah. Ky\u0161yin mie\u0161t\u00e4ni laulamah loppuversijua ta kohentima tekstie viel\u00e4i ni yhtehisruavo\u0161\u0161a h\u00e4nen kera.<\/p>\n<p>8.12.2020 oli julkaistu <em>En e\u010di valtua, kiiltuo<\/em> karjalak\u0161i. Kahen p\u00e4iv\u00e4n pi\u00e4\u0161t\u00e4 \u0161ain Facebookissa viessin, miss\u00e4 kiitettih ki\u00e4nn\u00f6k\u0161e\u0161t\u00e4 ta ky\u0161yttih luatimah i\u00e4niteht\u00e4, lukomah tekstie i\u00e4neh, kun \u201csuhu\u00e4ss\u00e4t\u201d oltih va\u0161\u0161uk\u0161ena. \u0160uome\u0161\u0161a el\u00e4j\u00e4 vienalaispakolaisen j\u00e4lkil\u00e4ini, kumpasen muamon tuatto oli Jyvy\u00e4lahe\u0161ta, tahto laulua t\u00e4t\u00e4 ro\u0161tuonlauluo karjalak\u0161i omilla \u0161ukulaisillah. Oli my\u00f6h\u00e4ni ilta ta kotiv\u00e4ki oli jo makuama\u0161\u0161a. Mie issuin keittij\u00f6n stola\u0161\u0161a ta hil\u2019l\u2019asella i\u00e4nell\u00e4 luvin laulun tekstie telefonissa olijah i\u00e4nitallettimeh. Ta smietin, jotta ty\u00f6t\u00e4 ruatajalla piisuau.<\/p>\n<p>Ei m\u00e4nnyn monta p\u00e4ivy\u00e4, kun tulla plinkahutti viesti YouTube-linkkineh videoh, miss\u00e4 En e\u010di valtua, kiiltuo -ro\u0161tuonlauluo laulettih karjalak\u0161i. Tuli ki\u00e4nt\u00e4j\u00e4n vuoro kiitty\u00e4 laulajua ta videon luatijie: Para\u0161 ro\u0161tuonlahla kaikkie karjalankielisie varoin! Ro\u0161tuo tulou joka taloh!<\/p>\n<h3>En e\u010di valtua, kiiltuo<\/h3>\n<p>&nbsp;<\/p>\n<p>En e\u010di valtua, kiiltuo<\/p>\n<p>Ei himota kultua<\/p>\n<p>mie tahon taivahan valuo<\/p>\n<p>ta rauhua pi\u00e4ll\u00e4 muan.<\/p>\n<p>Nyt Ro\u0161tuo, o\u0161an \u0161uuren tuou<\/p>\n<p>ta mielet no\u0161tau Spuassun luo.<\/p>\n<p>Ei valtua, ei ni kultua,<\/p>\n<p>vain rauhua pi\u00e4ll\u00e4 muan.<\/p>\n<p>&nbsp;<\/p>\n<p>Kun koissa ollou \u0161opuo<\/p>\n<p>ta lap\u0161illa kuu\u0161ihut,<\/p>\n<p>Jumalan \u0161anan valuo,<\/p>\n<p>mis\u2019 \u0161i\u00e4mi kajo\u0161tuu.<\/p>\n<p>Tuo kotihi, hot pienehki,<\/p>\n<p>nyt ro\u0161tuonjuhla hyv\u00e4ni,<\/p>\n<p>Jumalan \u0161anan valuo<\/p>\n<p>ta mieleh iluo.<\/p>\n<p>&nbsp;<\/p>\n<p>Luo k\u00f6yh\u00e4n ta i pohatan<\/p>\n<p>tuloupi Ro\u0161tuo.<\/p>\n<p>Pimevytehe muailman<\/p>\n<p>tuou taivahan valuo.<\/p>\n<p>\u0160iut\u2019 haluon, \u0161ilma vuotan,<\/p>\n<p>\u0161ie Hospoti muan ta taivahan!<\/p>\n<p>Nyt k\u00f6yh\u00e4n ta pohatan luo<\/p>\n<p>ihala Ro\u0161tuo\u0161 tuo!<\/p>\n<p>&nbsp;<\/p>\n<p>\u0160\u00e4v. Jean Sibelius<\/p>\n<p>\u0160an. Sakari Topelius<\/p>\n<p>\u0160uom. Tuntematoin<\/p>\n<p>Karj. Olga Karlova<\/p>\n<p>&nbsp;<\/p>\n<p><iframe loading=\"lazy\" title=\"En etsi valtaa loistoa En e\u010di valtua, kiiltuo\" width=\"500\" height=\"281\" src=\"https:\/\/www.youtube.com\/embed\/RHY8VuG5md4?feature=oembed\" frameborder=\"0\" allow=\"accelerometer; autoplay; clipboard-write; encrypted-media; gyroscope; picture-in-picture; web-share\" referrerpolicy=\"strict-origin-when-cross-origin\" allowfullscreen><\/iframe><\/p>\n<p>&nbsp;<\/p>\n","protected":false},"excerpt":{"rendered":"<p>Karjalaini ro\u0161tuonkalenteri ~ Karjalane ra\u0161tavankalendari ~ Karjalaine rastavankalenduaru 8. talvikuuta ~ 8. ra\u0161tavankuuda ~ 8. talvikuudu Kirjuttan Olga Karlova Jean Sibeliuksen p\u00e4iv\u00e4n\u00e4 tari\u010demma En etsi valtaa loistoa -laulun vienankarjalak\u0161i ki\u00e4nnettyn\u00e4 tai laulettuna. T\u00e4m\u00e4n ro\u0161tuonlaulun karjalaini versija on vain vuuvven vanha. Tahot totta\u0161 tiiju\u0161tua, kuin \u0161e on rotiutun? \u0160uomelaisen musiikin p\u00e4iv\u00e4n\u00e4 himotti \u0161uaha kahallah ro\u0161tuonkalenterin ikkunaista, [&hellip;]<\/p>\n","protected":false},"author":419,"featured_media":0,"parent":0,"menu_order":0,"comment_status":"closed","ping_status":"closed","template":"","meta":{"_acf_changed":false,"footnotes":""},"class_list":["post-3002","page","type-page","status-publish","hentry"],"acf":[],"yoast_head":"<!-- This site is optimized with the Yoast SEO plugin v27.1.1 - https:\/\/yoast.com\/product\/yoast-seo-wordpress\/ -->\n<title>Luukku 8 - Karjalan kielen elvytt\u00e4minen<\/title>\n<meta name=\"robots\" content=\"index, follow, max-snippet:-1, max-image-preview:large, max-video-preview:-1\" \/>\n<link rel=\"canonical\" href=\"https:\/\/blogs.uef.fi\/karjalanelvytys\/luukku-8\/\" \/>\n<meta property=\"og:locale\" content=\"fi_FI\" \/>\n<meta property=\"og:type\" content=\"article\" \/>\n<meta property=\"og:title\" content=\"Luukku 8 - Karjalan kielen elvytt\u00e4minen\" \/>\n<meta property=\"og:description\" content=\"Karjalaini ro\u0161tuonkalenteri ~ Karjalane ra\u0161tavankalendari ~ Karjalaine rastavankalenduaru 8. talvikuuta ~ 8. ra\u0161tavankuuda ~ 8. talvikuudu Kirjuttan Olga Karlova Jean Sibeliuksen p\u00e4iv\u00e4n\u00e4 tari\u010demma En etsi valtaa loistoa -laulun vienankarjalak\u0161i ki\u00e4nnettyn\u00e4 tai laulettuna. T\u00e4m\u00e4n ro\u0161tuonlaulun karjalaini versija on vain vuuvven vanha. Tahot totta\u0161 tiiju\u0161tua, kuin \u0161e on rotiutun? \u0160uomelaisen musiikin p\u00e4iv\u00e4n\u00e4 himotti \u0161uaha kahallah ro\u0161tuonkalenterin ikkunaista, [&hellip;]\" \/>\n<meta property=\"og:url\" content=\"https:\/\/blogs.uef.fi\/karjalanelvytys\/luukku-8\/\" \/>\n<meta property=\"og:site_name\" content=\"Karjalan kielen elvytt\u00e4minen\" \/>\n<meta property=\"article:modified_time\" content=\"2021-12-08T08:34:38+00:00\" \/>\n<meta property=\"og:image\" content=\"https:\/\/blogs.uef.fi\/karjalanelvytys\/wp-content\/uploads\/sites\/155\/2021\/12\/rostuonkuusi-225x300.jpg\" \/>\n<meta name=\"twitter:card\" content=\"summary_large_image\" \/>\n<meta name=\"twitter:label1\" content=\"Arvioitu lukuaika\" \/>\n\t<meta name=\"twitter:data1\" content=\"2 minuuttia\" \/>\n<script type=\"application\/ld+json\" class=\"yoast-schema-graph\">{\"@context\":\"https:\/\/schema.org\",\"@graph\":[{\"@type\":\"WebPage\",\"@id\":\"https:\/\/blogs.uef.fi\/karjalanelvytys\/luukku-8\/\",\"url\":\"https:\/\/blogs.uef.fi\/karjalanelvytys\/luukku-8\/\",\"name\":\"Luukku 8 - Karjalan kielen elvytt\u00e4minen\",\"isPartOf\":{\"@id\":\"https:\/\/blogs.uef.fi\/karjalanelvytys\/#website\"},\"primaryImageOfPage\":{\"@id\":\"https:\/\/blogs.uef.fi\/karjalanelvytys\/luukku-8\/#primaryimage\"},\"image\":{\"@id\":\"https:\/\/blogs.uef.fi\/karjalanelvytys\/luukku-8\/#primaryimage\"},\"thumbnailUrl\":\"https:\/\/blogs.uef.fi\/karjalanelvytys\/wp-content\/uploads\/sites\/155\/2021\/12\/rostuonkuusi-225x300.jpg\",\"datePublished\":\"2021-12-07T12:55:29+00:00\",\"dateModified\":\"2021-12-08T08:34:38+00:00\",\"breadcrumb\":{\"@id\":\"https:\/\/blogs.uef.fi\/karjalanelvytys\/luukku-8\/#breadcrumb\"},\"inLanguage\":\"fi\",\"potentialAction\":[{\"@type\":\"ReadAction\",\"target\":[\"https:\/\/blogs.uef.fi\/karjalanelvytys\/luukku-8\/\"]}]},{\"@type\":\"ImageObject\",\"inLanguage\":\"fi\",\"@id\":\"https:\/\/blogs.uef.fi\/karjalanelvytys\/luukku-8\/#primaryimage\",\"url\":\"https:\/\/blogs.uef.fi\/karjalanelvytys\/wp-content\/uploads\/sites\/155\/2021\/12\/rostuonkuusi-225x300.jpg\",\"contentUrl\":\"https:\/\/blogs.uef.fi\/karjalanelvytys\/wp-content\/uploads\/sites\/155\/2021\/12\/rostuonkuusi-225x300.jpg\"},{\"@type\":\"BreadcrumbList\",\"@id\":\"https:\/\/blogs.uef.fi\/karjalanelvytys\/luukku-8\/#breadcrumb\",\"itemListElement\":[{\"@type\":\"ListItem\",\"position\":1,\"name\":\"Home\",\"item\":\"https:\/\/blogs.uef.fi\/karjalanelvytys\/\"},{\"@type\":\"ListItem\",\"position\":2,\"name\":\"Luukku 8\"}]},{\"@type\":\"WebSite\",\"@id\":\"https:\/\/blogs.uef.fi\/karjalanelvytys\/#website\",\"url\":\"https:\/\/blogs.uef.fi\/karjalanelvytys\/\",\"name\":\"Karjalan kielen elvytt\u00e4minen\",\"description\":\"\",\"potentialAction\":[{\"@type\":\"SearchAction\",\"target\":{\"@type\":\"EntryPoint\",\"urlTemplate\":\"https:\/\/blogs.uef.fi\/karjalanelvytys\/?s={search_term_string}\"},\"query-input\":{\"@type\":\"PropertyValueSpecification\",\"valueRequired\":true,\"valueName\":\"search_term_string\"}}],\"inLanguage\":\"fi\"}]}<\/script>\n<!-- \/ Yoast SEO plugin. -->","yoast_head_json":{"title":"Luukku 8 - Karjalan kielen elvytt\u00e4minen","robots":{"index":"index","follow":"follow","max-snippet":"max-snippet:-1","max-image-preview":"max-image-preview:large","max-video-preview":"max-video-preview:-1"},"canonical":"https:\/\/blogs.uef.fi\/karjalanelvytys\/luukku-8\/","og_locale":"fi_FI","og_type":"article","og_title":"Luukku 8 - Karjalan kielen elvytt\u00e4minen","og_description":"Karjalaini ro\u0161tuonkalenteri ~ Karjalane ra\u0161tavankalendari ~ Karjalaine rastavankalenduaru 8. talvikuuta ~ 8. ra\u0161tavankuuda ~ 8. talvikuudu Kirjuttan Olga Karlova Jean Sibeliuksen p\u00e4iv\u00e4n\u00e4 tari\u010demma En etsi valtaa loistoa -laulun vienankarjalak\u0161i ki\u00e4nnettyn\u00e4 tai laulettuna. T\u00e4m\u00e4n ro\u0161tuonlaulun karjalaini versija on vain vuuvven vanha. Tahot totta\u0161 tiiju\u0161tua, kuin \u0161e on rotiutun? \u0160uomelaisen musiikin p\u00e4iv\u00e4n\u00e4 himotti \u0161uaha kahallah ro\u0161tuonkalenterin ikkunaista, [&hellip;]","og_url":"https:\/\/blogs.uef.fi\/karjalanelvytys\/luukku-8\/","og_site_name":"Karjalan kielen elvytt\u00e4minen","article_modified_time":"2021-12-08T08:34:38+00:00","og_image":[{"url":"https:\/\/blogs.uef.fi\/karjalanelvytys\/wp-content\/uploads\/sites\/155\/2021\/12\/rostuonkuusi-225x300.jpg","type":"","width":"","height":""}],"twitter_card":"summary_large_image","twitter_misc":{"Arvioitu lukuaika":"2 minuuttia"},"schema":{"@context":"https:\/\/schema.org","@graph":[{"@type":"WebPage","@id":"https:\/\/blogs.uef.fi\/karjalanelvytys\/luukku-8\/","url":"https:\/\/blogs.uef.fi\/karjalanelvytys\/luukku-8\/","name":"Luukku 8 - Karjalan kielen elvytt\u00e4minen","isPartOf":{"@id":"https:\/\/blogs.uef.fi\/karjalanelvytys\/#website"},"primaryImageOfPage":{"@id":"https:\/\/blogs.uef.fi\/karjalanelvytys\/luukku-8\/#primaryimage"},"image":{"@id":"https:\/\/blogs.uef.fi\/karjalanelvytys\/luukku-8\/#primaryimage"},"thumbnailUrl":"https:\/\/blogs.uef.fi\/karjalanelvytys\/wp-content\/uploads\/sites\/155\/2021\/12\/rostuonkuusi-225x300.jpg","datePublished":"2021-12-07T12:55:29+00:00","dateModified":"2021-12-08T08:34:38+00:00","breadcrumb":{"@id":"https:\/\/blogs.uef.fi\/karjalanelvytys\/luukku-8\/#breadcrumb"},"inLanguage":"fi","potentialAction":[{"@type":"ReadAction","target":["https:\/\/blogs.uef.fi\/karjalanelvytys\/luukku-8\/"]}]},{"@type":"ImageObject","inLanguage":"fi","@id":"https:\/\/blogs.uef.fi\/karjalanelvytys\/luukku-8\/#primaryimage","url":"https:\/\/blogs.uef.fi\/karjalanelvytys\/wp-content\/uploads\/sites\/155\/2021\/12\/rostuonkuusi-225x300.jpg","contentUrl":"https:\/\/blogs.uef.fi\/karjalanelvytys\/wp-content\/uploads\/sites\/155\/2021\/12\/rostuonkuusi-225x300.jpg"},{"@type":"BreadcrumbList","@id":"https:\/\/blogs.uef.fi\/karjalanelvytys\/luukku-8\/#breadcrumb","itemListElement":[{"@type":"ListItem","position":1,"name":"Home","item":"https:\/\/blogs.uef.fi\/karjalanelvytys\/"},{"@type":"ListItem","position":2,"name":"Luukku 8"}]},{"@type":"WebSite","@id":"https:\/\/blogs.uef.fi\/karjalanelvytys\/#website","url":"https:\/\/blogs.uef.fi\/karjalanelvytys\/","name":"Karjalan kielen elvytt\u00e4minen","description":"","potentialAction":[{"@type":"SearchAction","target":{"@type":"EntryPoint","urlTemplate":"https:\/\/blogs.uef.fi\/karjalanelvytys\/?s={search_term_string}"},"query-input":{"@type":"PropertyValueSpecification","valueRequired":true,"valueName":"search_term_string"}}],"inLanguage":"fi"}]}},"_links":{"self":[{"href":"https:\/\/blogs.uef.fi\/karjalanelvytys\/wp-json\/wp\/v2\/pages\/3002","targetHints":{"allow":["GET"]}}],"collection":[{"href":"https:\/\/blogs.uef.fi\/karjalanelvytys\/wp-json\/wp\/v2\/pages"}],"about":[{"href":"https:\/\/blogs.uef.fi\/karjalanelvytys\/wp-json\/wp\/v2\/types\/page"}],"author":[{"embeddable":true,"href":"https:\/\/blogs.uef.fi\/karjalanelvytys\/wp-json\/wp\/v2\/users\/419"}],"replies":[{"embeddable":true,"href":"https:\/\/blogs.uef.fi\/karjalanelvytys\/wp-json\/wp\/v2\/comments?post=3002"}],"version-history":[{"count":2,"href":"https:\/\/blogs.uef.fi\/karjalanelvytys\/wp-json\/wp\/v2\/pages\/3002\/revisions"}],"predecessor-version":[{"id":3051,"href":"https:\/\/blogs.uef.fi\/karjalanelvytys\/wp-json\/wp\/v2\/pages\/3002\/revisions\/3051"}],"wp:attachment":[{"href":"https:\/\/blogs.uef.fi\/karjalanelvytys\/wp-json\/wp\/v2\/media?parent=3002"}],"curies":[{"name":"wp","href":"https:\/\/api.w.org\/{rel}","templated":true}]}}