{"id":2987,"date":"2021-12-07T09:26:08","date_gmt":"2021-12-07T07:26:08","guid":{"rendered":"https:\/\/blogs.uef.fi\/karjalanelvytys\/?page_id=2987"},"modified":"2021-12-07T09:32:09","modified_gmt":"2021-12-07T07:32:09","slug":"pirjo-liisa-kotiranta-skokku-skokuna-laksi-muailmalla","status":"publish","type":"page","link":"https:\/\/blogs.uef.fi\/karjalanelvytys\/pirjo-liisa-kotiranta-skokku-skokuna-laksi-muailmalla\/","title":{"rendered":"Pirjo-Liisa Kotiranta: Skokku-Skokuna l\u00e4ksi muailmalla"},"content":{"rendered":"<p><strong>7.12.2021<\/strong><\/p>\n<p>Vienankarjalan kur\u0161\u0161illa <strong>Pirjo-Liisa Kotiranta<\/strong> \u0161ai teht\u00e4v\u00e4k\u0161eh kirjuttua starinan. Opa\u0161tajalta tuli nell\u00e4 en\u0161imm\u00e4ist\u00e4 virkeht\u00e4, mukavaisen jaton starinalla Pirjo-Liisa on kek\u0161in i\u010de.<\/p>\n<p><strong>Skokku-Skokuna l\u00e4ksi muailmalla <\/strong><\/p>\n<p>Oli me\u010d\u00e4\u0161\u0161\u00e4 lampi, pikkaraini \u0161emmoni, \u0161iin\u00e4 eli skokunojen pereh. Oli heil\u00e4 poika. \u0160ill\u00e4 pojalla \u0161uu oli niin \u0161uuri, jotta korva\u0161ta korvah \u0161uati. Kerran istuu hi\u00e4n ta i smiettiy, jotta pit\u00e4is miun k\u00e4yvv\u00e4 muailmua ka\u010d\u010doma\u0161\u0161a.<\/p>\n<p>Hi\u00e4n smiettiy, smiettiy. Vot, hi\u00e4n kek\u0161iy! Hi\u00e4n ka\u010dahtau ymp\u00e4rill\u00e4h ta huomuau, jotta pereh on kovolla. Hi\u00e4n r\u00f6h\u00e4ht\u00e4y, avuau \u0161uuren \u0161uun ta karjahtau: &#8221;Mie l\u00e4hen muailmalla!&#8221; Koko pereh j\u00e4hmettyy. Hy\u00f6 issutah \u0161uurella lumpehen lehell\u00e4 lekahtamatta ta ka\u010dotah poikua \u0161uurilla \u0161ilmill\u00e4h.<\/p>\n<p>M\u00e4n\u00f6y kotva, m\u00e4n\u00f6y toini. \u0160iit\u00e4 pienin \u010dikko pikkaraini, ky\u0161yy pienen pienell\u00e4 i\u00e4nell\u00e4h: &#8221;Tuotko \u0161ie miula vuottajaiset?&#8221; Poika, h\u00e4nt\u00e4 ku\u010dutah Skokku, hyvill\u00e4h kurkettau ta \u0161anou: &#8221;Mie en tiij\u00e4, kon\u0161a mie my\u00f6\u0161\u0161yn. Mie arvelen, jotta muailma on \u0161uuri! Miula voipi m\u00e4nn\u00e4 pit\u00e4lti \u0161iel\u00e4 muailmalla. Kon\u0161a mie tulen j\u00e4lell\u00e4h, \u0161ie voit jo ely\u00e4 miss\u00e4nih toisella lumpehen lehell\u00e4.&#8221;<\/p>\n<p>Pikkaraista \u010dikkuo v\u00e4h\u00e4 \u0161uurempi \u010dikko ky\u0161yy ihmetellen: &#8221;Miss\u00e4 \u0161e muailma on? Minne \u0161ie m\u00e4net?&#8221; Skokku r\u00f6h\u00e4ht\u00e4y lisy\u00e4 ta va\u0161tuau: \u0160e on niin et\u00e4h\u00e4n\u00e4, jotta \u0161ie miun \u010dikko pieni, \u0161ie et \u0161it\u00e4 malta.&#8221; Koko pereh istuu ihan hil\u2019l\u2019ase\u0161ti. Hy\u00f6 kaikin smietit\u00e4h, mi \u0161e \u0161emmoni muailma on.<\/p>\n<p>Tua\u0161 Skokku avuau \u0161uuren \u0161uuh. Hi\u00e4n muhiu korva\u0161ta korvah: &#8221;Muailmah on pitk\u00e4, pitk\u00e4 matka. Miun pit\u00e4y hyp\u00e4t\u00e4 tuhannen tuhatta hyppy\u00f6 lehelt\u00e4 toisella, jotta pi\u00e4\u0161en meij\u00e4n lammilla ho\u0161 puron \u0161uuh. \u0160iit\u00e4 miun pit\u00e4y uija pitin puruo, jotta mie voin hyp\u00e4t\u00e4 uuvvella lammilla uuvvella lumpehen lehell\u00e4!&#8221;<\/p>\n<p>&#8221;\u0160iel\u00e4k\u00f6 \u0161e muailma on? Uuvvella lumpehen lehell\u00e4k\u00f6?&#8221; kysyy kolma\u0161 \u010dikko. &#8221;Ei ni \u0161it\u00e4 tiij\u00e4 &#8221;, va\u0161tuau vanhempi veikko. &#8221;Ei \u0161iel\u00e4 ole nikon\u0161a kenk\u00e4n\u00e4 k\u00e4ynyn!&#8221; Vanhempua veikkuo v\u00e4h\u00e4 \u0161i\u00e4nnytt\u00e4y, kun hi\u00e4n ei i\u010de ollun kek\u0161in l\u00e4htie muailmua ka\u010d\u010domah. &#8221;Kotvan ajan pi\u00e4\u0161t\u00e4 mie \u0161en tiij\u00e4n&#8221;, \u0161anou Skokku. &#8221;Mie m\u00e4nen muailmalla! Mie olen kaikista rohkein meij\u00e4n perehe\u0161\u0161\u00e4!&#8221;<\/p>\n<p>Muamo ta tuatto ollah ihan hil\u2019l\u2019ok\u0161eh iell\u00e4h. Tuatto smiettiy, mimmosie varattavie aseita hi\u00e4n oli va\u0161\u0161annun, kon\u0161a nuorena miehen\u00e4 l\u00e4ksi muailmalla. Hi\u00e4n smiettiy ta \u0161iit\u00e4 \u0161anou: &#8221;M\u00e4ne poikani, m\u00e4ne ta ni\u00e4 muailma. Tule takasin, kon\u0161a olet va\u0161\u0161annun kaikki muailman varut!&#8221;<\/p>\n<p>Muamo niise smiettiy. Hi\u00e4n smiettiy, mimmosie varattavie aseita h\u00e4nen pieni poikah n\u00e4k\u00f6y muailmalla. \u0160iit\u00e4 h\u00e4n \u0161anou: &#8221;M\u00e4ne poikani, m\u00e4ne, kun tullou \u0161iula ik\u00e4v\u00e4, tule j\u00e4lell\u00e4h!&#8221;<\/p>\n<p>Ukko harmuapartani ka\u010d\u010dou viisahalla \u0161ilm\u00e4ll\u00e4 pojanpoikah ta virkkau: &#8221;Punukkaisen, rohkie Skokku, m\u00e4ne \u0161ie ka\u010d\u010domah, mimmoni muailma on meij\u00e4n lammin ulkopuolella. M\u00e4ne ta vallota muailma! My\u00f6\u0161\u0161y, kon\u0161a \u0161iun \u0161i\u00e4n on t\u00e4y\u0161i muailmua!&#8221;<\/p>\n<p>\u00c4mm\u00f6 istuu lehen laijalla ta tikuttau \u0161ukkua. Hi\u00e4n muhiu, oijentau skokunak\u00e4teh, \u0161ilitt\u00e4y Skokku-pojan pi\u00e4t\u00e4 hel\u2019l\u2019\u00e4\u0161ti ta \u0161anou: Niise mie \u0161anon \u0161iula, m\u00e4ne! M\u00e4ne ta ni\u00e4 mimmoni ihanaini muailma meil\u00e4 on ymp\u00e4rill\u00e4h. Mie tikutin \u0161iula taika\u0161ukat. Kon\u0161a \u0161ie vej\u00e4t n\u00e4m\u00e4 \u0161ukat jalkah, \u0161ie muissat kaikki \u00e4mm\u00f6n opa\u0161\u0161uk\u0161et. Kun et huomanne, jotta \u0161iula \u0161ukat on jala\u0161\u0161a, kaikki m\u00e4n\u00f6y hyvin, m\u00e4ne reippaha\u0161ti eteh p\u00e4in. Kun \u0161ukat oltaneh jykiet, hyppy\u00e4 mualla, on aika nou\u0161\u0161a kuivattelomah, jotta et \u0161ua krippie. Kun \u0161ukat oltaneh kuivat, \u010dukella, jotta ei p\u00e4iv\u00e4ni piss\u00e4. Kon\u0161a \u0161ukat ruvetah puristamah, \u0161iun on aika ki\u00e4nty\u00e4 kotih. Kotvan Skokku smiettiy, ni mit\u00e4 kaikki \u0161anottih. \u0160iit\u00e4 hi\u00e4n vet\u00e4y taika\u0161ukat jalkah ta muha korvissa karjahtau: &#8221;Nyt mie m\u00e4nen!&#8221;<\/p>\n<p>Niin l\u00e4ksi Skokku muailmalla. Hi\u00e4n \u010dukelti lampih, jotta vesi p\u00f6r\u0161k\u00e4hti. Pereh ka\u010d\u010do, kon\u0161a pieni skokunanpoika matan pi\u00e4\u0161\u0161\u00e4 nousi vejen pintah, hypp\u00e4si lumpehen lehell\u00e4 ta jatko matkua hypellen. Hi\u00e4n ei ka\u010d\u010don per\u00e4h! Lumpehet \u00e4ij\u00e4lti tuok\u0161uttih. Ne muaniteltih Skokkua eteh p\u00e4in kohti puron \u0161uuta ta \u0161uurta tuntomatointa.<\/p>\n<p>Skokku \u010dukelti puroh ke\u0161ell\u00e4 ahvenen poikasien parvie. Pojat ilahuttih uuvve\u0161ta tovarissa\u0161ta ta pakautettih h\u00e4net uintikilpah pitin puron jovek\u0161i levenijy\u00e4 uomua. Ilose\u0161ti py\u00f6rien hy\u00f6 kaikin m\u00e4ntih j\u00e4rvell\u00e4 p\u00e4in. \u0160en \u0161uulla ahvenet ki\u00e4nnyttih j\u00e4lell\u00e4h kotih ta Skokku jatko uintie j\u00e4rvell\u00e4. \u0160ukat ruvettih painamah jaloissa. Oli aika ka\u010dahtua pa\u0161\u0161uajua rantua. Hup\u0161! Ta Skokku oijenti \u010dorppah rantaheinikk\u00f6h.\u00a0 L\u00e4mmin p\u00e4iv\u00e4ni heitti kiloh m\u00e4r\u00e4n skokunan pi\u00e4ll\u00e4. Pitk\u00e4 uintimatka vaivutti, ta kotvasen ajan pi\u00e4\u0161t\u00e4 kuulu heinik\u00f6\u0161t\u00e4 jykie kuor\u0161au\u0161.<\/p>\n<p>Makuajan skokunan \u0161uolissa alko n\u00e4lk\u00e4 raukuo. Korentoiset, ukonlampahat, k\u00e4rp\u00e4set, \u010dakat, kaikensorttiset itik\u00e4t liijeltih Skokun ymp\u00e4rill\u00e4. Hi\u00e4n laisa\u0161ti avasi \u0161uuren \u0161uuh, haikotteli ta ummisti \u0161uuh. A vot, niin oli \u0161uu t\u00e4ysi itikky\u00e4. &#8221;Lounahan aika&#8221;, Skokku hok\u0161asi. Kyll\u00e4hisen\u00e4, maha t\u00e4yten\u00e4 hi\u00e4n alko ka\u010della, kuunnella, haissella, maku\u0161\u0161ella. &#8221;Ti\u00e4ll\u00e4 muailmalla ollah erimoiset i\u00e4net, erimoiset tuuhut, erimoiset v\u00e4rit&#8221;, tuumau Skokku i\u00e4neh. &#8221;Erimoini kaikki!&#8221; &#8221;Koissa kaikki on \u0161amanmoini, ti\u00e4l\u00e4 erimoini&#8221;, hi\u00e4n py\u00f6ritt\u00e4y pi\u00e4t\u00e4h.<\/p>\n<p>Jaloissa olijat \u0161ukat ruvettih tuntumah kuivilta. \u010cukellu\u0161 j\u00e4rveh ta uinti kohti uutta! Aika kulu lehelt\u00e4 lehell\u00e4 hypellen, uu\u0161ien skokuna\u0161eukkujen kera veje\u0161\u0161\u00e4 ta hiekalla kisuallen. P\u00e4iv\u00e4ni paisto l\u00e4mpim\u00e4\u0161ti, ilta\u0161ella viileni mukava\u0161ti, tumanto la\u0161ki niitulla, y\u00f6ll\u00e4 kuulu kuikan huuto. Kulukuun kierto jo\u0161 toiniki. Ka \u0161iit\u00e4 nousi tumma pilvi, vihmu, tulta iski. Skokku hytr\u00f6tti lumpehen lehen alla.\u00a0 Hi\u00e4n muisti, mimmoni oli h\u00e4nell\u00e4 varu \u0161i\u00e4me\u0161\u0161\u00e4, kon\u0161a hi\u00e4n iellisen\u00e4 pi\u00e4n\u00e4 ki\u00e4rmehen kohtasi rantahietik\u00f6ll\u00e4. Ta hi\u00e4n muisti, miten kauhieta oli rantaniityll\u00e4, kon\u0161a haukka kierti taivahalla ruokua e\u010d\u010dim\u00e4\u0161\u0161\u00e4. \u0160iit\u00e4 hi\u00e4n muisti muamon, tuaton, \u010dikot, veikon. Ta tuulet ajettih jyrypilven pois, p\u00e4iv\u00e4ni tua\u0161 paisto, kiuru kikerti. Skokunapoika matkuah jatko.<\/p>\n<p>N\u00e4in m\u00e4ni aikua monta. Ery\u00e4h\u00e4n\u00e4 huomenek\u0161ena Skokku hok\u0161a\u0161i, jotta \u0161ukat purissettih. En\u00e4mpi ei varpahat mahuttu liikkumah \u0161ukissa. Varret oli lyhetty.\u00a0 Hi\u00e4n oli ka\u0161van! Jalat kylmettih. Mieleh tuli \u00e4mm\u00f6 armahu\u0161. Hi\u00e4n \u0161ano, jotta kotih ki\u00e4nny, kon\u0161a kylm\u00e4 k\u00e4y \u010dorppih ta \u0161ukat purissetah. Mieleh nousi viisa\u0161 ukko, ken \u0161ano, jotta kotih l\u00e4he, kon\u0161a \u0161i\u00e4n on muailmua t\u00e4ysi. Tuatto, rohkie mie\u0161, hi\u00e4n \u0161ano, jotta my\u00f6\u0161\u0161y, kon\u0161a olet muailman varut va\u0161\u0161annun. Ta \u0161iin\u00e4 iski ik\u00e4v\u00e4: armahat muamo, \u010dikot, veikko, koko pereh!<\/p>\n<p>Skokku jak\u0161o \u0161ukat, j\u00e4tti ne rippumah olen pi\u00e4h, poimi kaunehimmat kukat, luati niist\u00e4 lentan, kierti \u0161en kaklah ta \u010dukelti.<\/p>\n<p>Ilta viilen\u00f6y, tumanto la\u0161kou niitulla, pereh kuuntelou pienet korvat ter\u00e4v\u00e4n\u00e4, \u0161uuret \u0161ilm\u00e4t \u0161elk\u00e4sell\u00e4h, kun Skokku \u0160uuri\u0161uu starinoi\u010d\u010dou muailma\u0161ta. Pienin \u010dikko pikkaraini \u0161ilittel\u00f6y ilosena kukkakehy\u00e4, vuottajaistah. Veikko haukkiu henkie ta smiettiy i\u010dek\u0161eh, jotta hyv\u00e4 on pisy\u00f6 kotiranna\u0161\u0161a.<\/p>\n<div style=\"width: 487px\" class=\"wp-caption alignnone\"><img loading=\"lazy\" decoding=\"async\" src=\"https:\/\/cdn.pixabay.com\/photo\/2020\/06\/20\/01\/24\/frog-5319326__340.jpg\" alt=\"Sammakko, Vihre\u00e4, Puun Lehti, Sammakko\" width=\"477\" height=\"340\" \/><p class=\"wp-caption-text\">Skokuna lehen alla peito\u0161\u0161a<\/p><\/div>\n<p>Kuva: Pixabay<\/p>\n","protected":false},"excerpt":{"rendered":"<p>7.12.2021 Vienankarjalan kur\u0161\u0161illa Pirjo-Liisa Kotiranta \u0161ai teht\u00e4v\u00e4k\u0161eh kirjuttua starinan. Opa\u0161tajalta tuli nell\u00e4 en\u0161imm\u00e4ist\u00e4 virkeht\u00e4, mukavaisen jaton starinalla Pirjo-Liisa on kek\u0161in i\u010de. Skokku-Skokuna l\u00e4ksi muailmalla Oli me\u010d\u00e4\u0161\u0161\u00e4 lampi, pikkaraini \u0161emmoni, \u0161iin\u00e4 eli skokunojen pereh. Oli heil\u00e4 poika. \u0160ill\u00e4 pojalla \u0161uu oli niin \u0161uuri, jotta korva\u0161ta korvah \u0161uati. Kerran istuu hi\u00e4n ta i smiettiy, jotta pit\u00e4is miun [&hellip;]<\/p>\n","protected":false},"author":480,"featured_media":0,"parent":0,"menu_order":0,"comment_status":"closed","ping_status":"closed","template":"","meta":{"_acf_changed":false,"footnotes":""},"class_list":["post-2987","page","type-page","status-publish","hentry"],"acf":[],"yoast_head":"<!-- This site is optimized with the Yoast SEO plugin v27.1.1 - https:\/\/yoast.com\/product\/yoast-seo-wordpress\/ -->\n<title>Pirjo-Liisa Kotiranta: Skokku-Skokuna l\u00e4ksi muailmalla - Karjalan kielen elvytt\u00e4minen<\/title>\n<meta name=\"robots\" content=\"index, follow, max-snippet:-1, max-image-preview:large, max-video-preview:-1\" \/>\n<link rel=\"canonical\" href=\"https:\/\/blogs.uef.fi\/karjalanelvytys\/pirjo-liisa-kotiranta-skokku-skokuna-laksi-muailmalla\/\" \/>\n<meta property=\"og:locale\" content=\"fi_FI\" \/>\n<meta property=\"og:type\" content=\"article\" \/>\n<meta property=\"og:title\" content=\"Pirjo-Liisa Kotiranta: Skokku-Skokuna l\u00e4ksi muailmalla - Karjalan kielen elvytt\u00e4minen\" \/>\n<meta property=\"og:description\" content=\"7.12.2021 Vienankarjalan kur\u0161\u0161illa Pirjo-Liisa Kotiranta \u0161ai teht\u00e4v\u00e4k\u0161eh kirjuttua starinan. Opa\u0161tajalta tuli nell\u00e4 en\u0161imm\u00e4ist\u00e4 virkeht\u00e4, mukavaisen jaton starinalla Pirjo-Liisa on kek\u0161in i\u010de. Skokku-Skokuna l\u00e4ksi muailmalla Oli me\u010d\u00e4\u0161\u0161\u00e4 lampi, pikkaraini \u0161emmoni, \u0161iin\u00e4 eli skokunojen pereh. Oli heil\u00e4 poika. \u0160ill\u00e4 pojalla \u0161uu oli niin \u0161uuri, jotta korva\u0161ta korvah \u0161uati. Kerran istuu hi\u00e4n ta i smiettiy, jotta pit\u00e4is miun [&hellip;]\" \/>\n<meta property=\"og:url\" content=\"https:\/\/blogs.uef.fi\/karjalanelvytys\/pirjo-liisa-kotiranta-skokku-skokuna-laksi-muailmalla\/\" \/>\n<meta property=\"og:site_name\" content=\"Karjalan kielen elvytt\u00e4minen\" \/>\n<meta property=\"article:modified_time\" content=\"2021-12-07T07:32:09+00:00\" \/>\n<meta property=\"og:image\" content=\"https:\/\/cdn.pixabay.com\/photo\/2020\/06\/20\/01\/24\/frog-5319326__340.jpg\" \/>\n<meta name=\"twitter:card\" content=\"summary_large_image\" \/>\n<meta name=\"twitter:label1\" content=\"Arvioitu lukuaika\" \/>\n\t<meta name=\"twitter:data1\" content=\"6 minuuttia\" \/>\n<script type=\"application\/ld+json\" class=\"yoast-schema-graph\">{\"@context\":\"https:\/\/schema.org\",\"@graph\":[{\"@type\":\"WebPage\",\"@id\":\"https:\/\/blogs.uef.fi\/karjalanelvytys\/pirjo-liisa-kotiranta-skokku-skokuna-laksi-muailmalla\/\",\"url\":\"https:\/\/blogs.uef.fi\/karjalanelvytys\/pirjo-liisa-kotiranta-skokku-skokuna-laksi-muailmalla\/\",\"name\":\"Pirjo-Liisa Kotiranta: Skokku-Skokuna l\u00e4ksi muailmalla - Karjalan kielen elvytt\u00e4minen\",\"isPartOf\":{\"@id\":\"https:\/\/blogs.uef.fi\/karjalanelvytys\/#website\"},\"primaryImageOfPage\":{\"@id\":\"https:\/\/blogs.uef.fi\/karjalanelvytys\/pirjo-liisa-kotiranta-skokku-skokuna-laksi-muailmalla\/#primaryimage\"},\"image\":{\"@id\":\"https:\/\/blogs.uef.fi\/karjalanelvytys\/pirjo-liisa-kotiranta-skokku-skokuna-laksi-muailmalla\/#primaryimage\"},\"thumbnailUrl\":\"https:\/\/cdn.pixabay.com\/photo\/2020\/06\/20\/01\/24\/frog-5319326__340.jpg\",\"datePublished\":\"2021-12-07T07:26:08+00:00\",\"dateModified\":\"2021-12-07T07:32:09+00:00\",\"breadcrumb\":{\"@id\":\"https:\/\/blogs.uef.fi\/karjalanelvytys\/pirjo-liisa-kotiranta-skokku-skokuna-laksi-muailmalla\/#breadcrumb\"},\"inLanguage\":\"fi\",\"potentialAction\":[{\"@type\":\"ReadAction\",\"target\":[\"https:\/\/blogs.uef.fi\/karjalanelvytys\/pirjo-liisa-kotiranta-skokku-skokuna-laksi-muailmalla\/\"]}]},{\"@type\":\"ImageObject\",\"inLanguage\":\"fi\",\"@id\":\"https:\/\/blogs.uef.fi\/karjalanelvytys\/pirjo-liisa-kotiranta-skokku-skokuna-laksi-muailmalla\/#primaryimage\",\"url\":\"https:\/\/cdn.pixabay.com\/photo\/2020\/06\/20\/01\/24\/frog-5319326__340.jpg\",\"contentUrl\":\"https:\/\/cdn.pixabay.com\/photo\/2020\/06\/20\/01\/24\/frog-5319326__340.jpg\"},{\"@type\":\"BreadcrumbList\",\"@id\":\"https:\/\/blogs.uef.fi\/karjalanelvytys\/pirjo-liisa-kotiranta-skokku-skokuna-laksi-muailmalla\/#breadcrumb\",\"itemListElement\":[{\"@type\":\"ListItem\",\"position\":1,\"name\":\"Home\",\"item\":\"https:\/\/blogs.uef.fi\/karjalanelvytys\/\"},{\"@type\":\"ListItem\",\"position\":2,\"name\":\"Pirjo-Liisa Kotiranta: Skokku-Skokuna l\u00e4ksi muailmalla\"}]},{\"@type\":\"WebSite\",\"@id\":\"https:\/\/blogs.uef.fi\/karjalanelvytys\/#website\",\"url\":\"https:\/\/blogs.uef.fi\/karjalanelvytys\/\",\"name\":\"Karjalan kielen elvytt\u00e4minen\",\"description\":\"\",\"potentialAction\":[{\"@type\":\"SearchAction\",\"target\":{\"@type\":\"EntryPoint\",\"urlTemplate\":\"https:\/\/blogs.uef.fi\/karjalanelvytys\/?s={search_term_string}\"},\"query-input\":{\"@type\":\"PropertyValueSpecification\",\"valueRequired\":true,\"valueName\":\"search_term_string\"}}],\"inLanguage\":\"fi\"}]}<\/script>\n<!-- \/ Yoast SEO plugin. -->","yoast_head_json":{"title":"Pirjo-Liisa Kotiranta: Skokku-Skokuna l\u00e4ksi muailmalla - Karjalan kielen elvytt\u00e4minen","robots":{"index":"index","follow":"follow","max-snippet":"max-snippet:-1","max-image-preview":"max-image-preview:large","max-video-preview":"max-video-preview:-1"},"canonical":"https:\/\/blogs.uef.fi\/karjalanelvytys\/pirjo-liisa-kotiranta-skokku-skokuna-laksi-muailmalla\/","og_locale":"fi_FI","og_type":"article","og_title":"Pirjo-Liisa Kotiranta: Skokku-Skokuna l\u00e4ksi muailmalla - Karjalan kielen elvytt\u00e4minen","og_description":"7.12.2021 Vienankarjalan kur\u0161\u0161illa Pirjo-Liisa Kotiranta \u0161ai teht\u00e4v\u00e4k\u0161eh kirjuttua starinan. Opa\u0161tajalta tuli nell\u00e4 en\u0161imm\u00e4ist\u00e4 virkeht\u00e4, mukavaisen jaton starinalla Pirjo-Liisa on kek\u0161in i\u010de. Skokku-Skokuna l\u00e4ksi muailmalla Oli me\u010d\u00e4\u0161\u0161\u00e4 lampi, pikkaraini \u0161emmoni, \u0161iin\u00e4 eli skokunojen pereh. Oli heil\u00e4 poika. \u0160ill\u00e4 pojalla \u0161uu oli niin \u0161uuri, jotta korva\u0161ta korvah \u0161uati. Kerran istuu hi\u00e4n ta i smiettiy, jotta pit\u00e4is miun [&hellip;]","og_url":"https:\/\/blogs.uef.fi\/karjalanelvytys\/pirjo-liisa-kotiranta-skokku-skokuna-laksi-muailmalla\/","og_site_name":"Karjalan kielen elvytt\u00e4minen","article_modified_time":"2021-12-07T07:32:09+00:00","og_image":[{"url":"https:\/\/cdn.pixabay.com\/photo\/2020\/06\/20\/01\/24\/frog-5319326__340.jpg","type":"","width":"","height":""}],"twitter_card":"summary_large_image","twitter_misc":{"Arvioitu lukuaika":"6 minuuttia"},"schema":{"@context":"https:\/\/schema.org","@graph":[{"@type":"WebPage","@id":"https:\/\/blogs.uef.fi\/karjalanelvytys\/pirjo-liisa-kotiranta-skokku-skokuna-laksi-muailmalla\/","url":"https:\/\/blogs.uef.fi\/karjalanelvytys\/pirjo-liisa-kotiranta-skokku-skokuna-laksi-muailmalla\/","name":"Pirjo-Liisa Kotiranta: Skokku-Skokuna l\u00e4ksi muailmalla - Karjalan kielen elvytt\u00e4minen","isPartOf":{"@id":"https:\/\/blogs.uef.fi\/karjalanelvytys\/#website"},"primaryImageOfPage":{"@id":"https:\/\/blogs.uef.fi\/karjalanelvytys\/pirjo-liisa-kotiranta-skokku-skokuna-laksi-muailmalla\/#primaryimage"},"image":{"@id":"https:\/\/blogs.uef.fi\/karjalanelvytys\/pirjo-liisa-kotiranta-skokku-skokuna-laksi-muailmalla\/#primaryimage"},"thumbnailUrl":"https:\/\/cdn.pixabay.com\/photo\/2020\/06\/20\/01\/24\/frog-5319326__340.jpg","datePublished":"2021-12-07T07:26:08+00:00","dateModified":"2021-12-07T07:32:09+00:00","breadcrumb":{"@id":"https:\/\/blogs.uef.fi\/karjalanelvytys\/pirjo-liisa-kotiranta-skokku-skokuna-laksi-muailmalla\/#breadcrumb"},"inLanguage":"fi","potentialAction":[{"@type":"ReadAction","target":["https:\/\/blogs.uef.fi\/karjalanelvytys\/pirjo-liisa-kotiranta-skokku-skokuna-laksi-muailmalla\/"]}]},{"@type":"ImageObject","inLanguage":"fi","@id":"https:\/\/blogs.uef.fi\/karjalanelvytys\/pirjo-liisa-kotiranta-skokku-skokuna-laksi-muailmalla\/#primaryimage","url":"https:\/\/cdn.pixabay.com\/photo\/2020\/06\/20\/01\/24\/frog-5319326__340.jpg","contentUrl":"https:\/\/cdn.pixabay.com\/photo\/2020\/06\/20\/01\/24\/frog-5319326__340.jpg"},{"@type":"BreadcrumbList","@id":"https:\/\/blogs.uef.fi\/karjalanelvytys\/pirjo-liisa-kotiranta-skokku-skokuna-laksi-muailmalla\/#breadcrumb","itemListElement":[{"@type":"ListItem","position":1,"name":"Home","item":"https:\/\/blogs.uef.fi\/karjalanelvytys\/"},{"@type":"ListItem","position":2,"name":"Pirjo-Liisa Kotiranta: Skokku-Skokuna l\u00e4ksi muailmalla"}]},{"@type":"WebSite","@id":"https:\/\/blogs.uef.fi\/karjalanelvytys\/#website","url":"https:\/\/blogs.uef.fi\/karjalanelvytys\/","name":"Karjalan kielen elvytt\u00e4minen","description":"","potentialAction":[{"@type":"SearchAction","target":{"@type":"EntryPoint","urlTemplate":"https:\/\/blogs.uef.fi\/karjalanelvytys\/?s={search_term_string}"},"query-input":{"@type":"PropertyValueSpecification","valueRequired":true,"valueName":"search_term_string"}}],"inLanguage":"fi"}]}},"_links":{"self":[{"href":"https:\/\/blogs.uef.fi\/karjalanelvytys\/wp-json\/wp\/v2\/pages\/2987","targetHints":{"allow":["GET"]}}],"collection":[{"href":"https:\/\/blogs.uef.fi\/karjalanelvytys\/wp-json\/wp\/v2\/pages"}],"about":[{"href":"https:\/\/blogs.uef.fi\/karjalanelvytys\/wp-json\/wp\/v2\/types\/page"}],"author":[{"embeddable":true,"href":"https:\/\/blogs.uef.fi\/karjalanelvytys\/wp-json\/wp\/v2\/users\/480"}],"replies":[{"embeddable":true,"href":"https:\/\/blogs.uef.fi\/karjalanelvytys\/wp-json\/wp\/v2\/comments?post=2987"}],"version-history":[{"count":2,"href":"https:\/\/blogs.uef.fi\/karjalanelvytys\/wp-json\/wp\/v2\/pages\/2987\/revisions"}],"predecessor-version":[{"id":2996,"href":"https:\/\/blogs.uef.fi\/karjalanelvytys\/wp-json\/wp\/v2\/pages\/2987\/revisions\/2996"}],"wp:attachment":[{"href":"https:\/\/blogs.uef.fi\/karjalanelvytys\/wp-json\/wp\/v2\/media?parent=2987"}],"curies":[{"name":"wp","href":"https:\/\/api.w.org\/{rel}","templated":true}]}}